{"id":2344,"date":"2020-08-06T11:14:02","date_gmt":"2020-08-06T11:14:02","guid":{"rendered":"https:\/\/valvulasarco.com\/profissionais\/oem\/"},"modified":"2021-04-01T10:03:51","modified_gmt":"2021-04-01T10:03:51","slug":"oem","status":"publish","type":"page","link":"https:\/\/valvulasarco.com\/pt-pt\/profissionais\/oem\/","title":{"rendered":"OEM"},"content":{"rendered":"<p>[vc_row full_width=&#8221;stretch_row&#8221; el_class=&#8221;banner_pagina&#8221; css=&#8221;.vc_custom_1596441716055{background-image: url(https:\/\/valvulasarco.com\/wp-content\/uploads\/2020\/08\/personas.jpg?id=697) !important;background-position: center !important;background-repeat: no-repeat !important;background-size: cover !important;}&#8221;][vc_column width=&#8221;7\/12&#8243; css=&#8221;.vc_custom_1594131934187{padding-top: 0px !important;}&#8221;][vc_column_text]<\/p>\n<h1>OEM<\/h1>\n<h2>Personalizamos os seus produtos para sistemas de regula\u00e7\u00e3o e controlo de \u00e1gua, g\u00e1s e aquecimento.<\/h2>\n<p>[\/vc_column_text][\/vc_column][vc_column width=&#8221;5\/12&#8243; css=&#8221;.vc_custom_1594131938133{padding-top: 0px !important;}&#8221;][\/vc_column][\/vc_row][vc_row full_width=&#8221;stretch_row&#8221; el_class=&#8221;breadcrumb&#8221;][vc_column css=&#8221;.vc_custom_1594132444794{padding-top: 0px !important;}&#8221;]<div itemscope itemtype=\"https:\/\/schema.org\/BreadcrumbList\" id=\"breadcrumb\"><div itemprop=\"itemListElement\" itemscope itemtype=\"https:\/\/schema.org\/ListItem\"><a itemprop=\"item\" href=\"https:\/\/valvulasarco.com\/pt-pt\/\"><span class=\"vc_icon_element-icon fa fa-home\"><\/span><span itemprop=\"name\">Inicio<\/span><\/a><meta itemprop=\"position\" content=\"1\" \/><\/div><div itemprop=\"itemListElement hola\" itemscope itemtype=\"https:\/\/schema.org\/ListItem\"><span>><\/span><a itemprop=\"item\" href=\"https:\/\/valvulasarco.com\/pt-pt\/profissionais\/oem\/\"><span itemprop=\"name\">OEM<\/span><\/a><meta itemprop=\"position\" content=\"3\"><\/div><\/div>[\/vc_column][\/vc_row][vc_row el_class=&#8221;bloque info_profesional info_oem&#8221; css=&#8221;.vc_custom_1604396618322{padding-top: 20px !important;}&#8221;][vc_column][vc_row_inner][vc_column_inner width=&#8221;1\/2&#8243; css=&#8221;.vc_custom_1604396691857{margin-bottom: 0px !important;}&#8221;][vc_single_image image=&#8221;958&#8243; img_size=&#8221;full&#8221;][\/vc_column_inner][vc_column_inner el_class=&#8221;texto&#8221; width=&#8221;1\/2&#8243;][vc_column_text el_class=&#8221;titulo&#8221;]<\/p>\n<h2>SE N\u00c3O EXISTE,<br \/>\nN\u00d3S FABRICAMOS<\/h2>\n<p>[\/vc_column_text][vc_column_text]A Arco disp\u00f4e de uma unidade especializada no <strong>desenvolvimento de sistemas e componentes \u00e0 medida por forma a cubrir todas as necessidades e desafios<\/strong> dos mercados mais exigentes.<\/p>\n<p>Com as melhores mat\u00e9rias primas certificadas, os nossos produtos submetem-se a provas de estanquidade continuas para garantir aus\u00eancias de fugas em condi\u00e7\u00f5es normais de uso. [\/vc_column_text][\/vc_column_inner][\/vc_row_inner][\/vc_column][\/vc_row][vc_row full_width=&#8221;stretch_row&#8221; equal_height=&#8221;yes&#8221; el_class=&#8221;count_personas bloque info_linea iconos_internacional&#8221;][vc_column width=&#8221;1\/3&#8243; el_class=&#8221;item_count&#8221; css=&#8221;.vc_custom_1596449256001{padding-top: 0px !important;}&#8221;][vc_single_image image=&#8221;1565&#8243; img_size=&#8221;full&#8221; alignment=&#8221;center&#8221;][vc_column_text el_class=&#8221;etiqueta&#8221;]<\/p>\n<h3 style=\"text-align: center;\">Co-cria\u00e7\u00e3o de produtos personalizados<\/h3>\n<p>[\/vc_column_text][\/vc_column][vc_column width=&#8221;1\/3&#8243; el_class=&#8221;item_count&#8221; css=&#8221;.vc_custom_1596449259697{padding-top: 0px !important;}&#8221;][vc_single_image image=&#8221;1566&#8243; img_size=&#8221;full&#8221; alignment=&#8221;center&#8221;][vc_column_text el_class=&#8221;etiqueta&#8221;]<\/p>\n<h3>Qualidade e inova\u00e7\u00e3o nos processos de fabrico<\/h3>\n<p>[\/vc_column_text][\/vc_column][vc_column width=&#8221;1\/3&#8243; el_class=&#8221;item_count last&#8221; css=&#8221;.vc_custom_1596622322163{padding-top: 0px !important;}&#8221;][vc_single_image image=&#8221;1568&#8243; img_size=&#8221;full&#8221; alignment=&#8221;center&#8221;][vc_column_text el_class=&#8221;etiqueta&#8221;]<\/p>\n<h3>Rapidez e flexibilidade<\/h3>\n<p>[\/vc_column_text][\/vc_column][\/vc_row][vc_row full_width=&#8221;stretch_row&#8221; el_class=&#8221;contacto_obras bloque personas&#8221; css=&#8221;.vc_custom_1596717908623{background-image: url(https:\/\/valvulasarco.com\/wp-content\/uploads\/2020\/08\/cta.jpg?id=963) !important;background-position: center !important;background-repeat: no-repeat !important;background-size: cover !important;}&#8221;][vc_column css=&#8221;.vc_custom_1594380075736{padding-top: 0px !important;}&#8221;][vc_row_inner][vc_column_inner width=&#8221;1\/12&#8243;][\/vc_column_inner][vc_column_inner width=&#8221;10\/12&#8243; css=&#8221;.vc_custom_1594380067892{padding-top: 0px !important;}&#8221;][vc_column_text el_class=&#8221;titular&#8221; css=&#8221;.vc_custom_1607693965805{margin-bottom: 30px !important;}&#8221;]\u00bfNecesita de um produto \u00e0 medida?[\/vc_column_text][vc_column_text el_class=&#8221;boton_gris rosa trabaja_con_boton&#8221;]<\/p>\n<p style=\"text-align: center;\"><a href=\"https:\/\/valvulasarco.com\/pt-pt\/contacto\/\">CONTACTE CONNOSCO<\/a><\/p>\n<p>[\/vc_column_text][\/vc_column_inner][vc_column_inner width=&#8221;1\/12&#8243;][\/vc_column_inner][\/vc_row_inner][\/vc_column][\/vc_row][vc_row full_width=&#8221;stretch_row_content_no_spaces&#8221; equal_height=&#8221;yes&#8221; el_class=&#8221;mitad_home mitad_derecha personas oem&#8221;][vc_column width=&#8221;1\/2&#8243; el_class=&#8221;imagen&#8221; css=&#8221;.vc_custom_1596789470718{padding-top: 0px !important;background-image: url(https:\/\/valvulasarco.com\/wp-content\/uploads\/2020\/08\/oem1.jpg?id=965) !important;background-position: center !important;background-repeat: no-repeat !important;background-size: cover !important;}&#8221;][\/vc_column][vc_column width=&#8221;1\/2&#8243; el_class=&#8221;texto&#8221; css=&#8221;.vc_custom_1593700829527{padding-top: 0px !important;}&#8221;][vc_column_text el_class=&#8221;titular&#8221;]DESENHO E ENGENHARIA[\/vc_column_text][vc_column_text el_class=&#8221;subtitular&#8221;]<\/p>\n<h2><strong>Engenharia e laborat\u00f3rio pr\u00f3prio<\/strong><\/h2>\n<p>O I+D+I da Arco realiza provas e an\u00e1lises de todos os seus produtos, processos e mat\u00e9rias primas para assegurar a sua m\u00e1xima qualidade antes de chegar ao mercado.[\/vc_column_text][\/vc_column][\/vc_row][vc_row full_width=&#8221;stretch_row_content_no_spaces&#8221; equal_height=&#8221;yes&#8221; el_class=&#8221;mitad_home mitad_izquierda personas oem&#8221;][vc_column width=&#8221;1\/2&#8243; el_class=&#8221;texto&#8221; css=&#8221;.vc_custom_1593700833376{padding-top: 0px !important;background-position: center !important;background-repeat: no-repeat !important;background-size: cover !important;}&#8221;][vc_column_text el_class=&#8221;titular&#8221;]PRODU\u00c7\u00c3O PR\u00d3PRIA[\/vc_column_text][vc_column_text el_class=&#8221;subtitular info_profesional&#8221;]<\/p>\n<ul>\n<li>\n<h3>Produtos fabricados em Espanha. #MadeinSpain<\/h3>\n<\/li>\n<li>\n<h3>Sistema industrial nacional adaptado \u00e0s necessidades dos clientes<\/h3>\n<\/li>\n<li>Certifica\u00e7\u00f5es<\/li>\n<li>Mat\u00e9rias primas de qualidade<\/li>\n<li>\n<h3>Produ\u00e7\u00e3o pr\u00f3pria: moldes, estampagem, mecaniza\u00e7\u00e3o, inje\u00e7\u00e3o, cromagem, montagem\u2026<\/h3>\n<\/li>\n<\/ul>\n<p>[\/vc_column_text][\/vc_column][vc_column width=&#8221;1\/2&#8243; el_class=&#8221;imagen&#8221; css=&#8221;.vc_custom_1596784833606{padding-top: 0px !important;background-image: url(https:\/\/valvulasarco.com\/wp-content\/uploads\/2020\/08\/oem3.jpg?id=966) !important;background-position: center !important;background-repeat: no-repeat !important;background-size: cover !important;}&#8221;][\/vc_column][\/vc_row][vc_row full_width=&#8221;stretch_row_content_no_spaces&#8221; equal_height=&#8221;yes&#8221; el_class=&#8221;mitad_home mitad_derecha personas oem&#8221;][vc_column width=&#8221;1\/2&#8243; el_class=&#8221;imagen&#8221; css=&#8221;.vc_custom_1596784885902{padding-top: 0px !important;background-image: url(https:\/\/valvulasarco.com\/wp-content\/uploads\/2020\/08\/oem5.jpg?id=967) !important;background-position: center !important;background-repeat: no-repeat !important;background-size: cover !important;}&#8221;][\/vc_column][vc_column width=&#8221;1\/2&#8243; el_class=&#8221;texto&#8221; css=&#8221;.vc_custom_1593700829527{padding-top: 0px !important;}&#8221;][vc_column_text el_class=&#8221;titular&#8221;]SOLU\u00c7\u00d5ES INOVADORAS PERSONALIZADAS[\/vc_column_text][vc_column_text el_class=&#8221;subtitular info_profesional&#8221;]<\/p>\n<ul>\n<li>L\u00edder em desenho e fabrico \u00e0 medida<\/li>\n<li>Flexibilidade e rapidez para satisfazer todas as necessidades dos mercados mais exigentes<\/li>\n<li>Esp\u00edrito de inova\u00e7\u00e3o constante<\/li>\n<li>Fabrica\u00e7\u00e3o em centros pr\u00f3prios<\/li>\n<li>Qualidade total no desenho e fabrico dos nossos produtos<\/li>\n<\/ul>\n<p>[\/vc_column_text][\/vc_column][\/vc_row][vc_row full_width=&#8221;stretch_row&#8221; disable_element=&#8221;yes&#8221; el_class=&#8221;bloque portada_productos_slide slide_noticias bloque casos_exito_obras casos_exito_oem&#8221; css=&#8221;.vc_custom_1611059785772{padding-bottom: 0px !important;background-color: #f0f0f0 !important;}&#8221;][vc_column css=&#8221;.vc_custom_1595502946175{padding-top: 0px !important;}&#8221;][vc_column_text el_class=&#8221;titulo_bloque_oem&#8221;]Casos de \u00eaxito[\/vc_column_text]<div class=\"slider_portada_actualidad slider_grid_3\"><\/div>[\/vc_column][\/vc_row][vc_row disable_element=&#8221;yes&#8221; el_class=&#8221;bloque productos_realizados_oem&#8221;][vc_column css=&#8221;.vc_custom_1596789978709{padding-top: 0px !important;}&#8221;][vc_column_text el_class=&#8221;titulo_bloque_oem&#8221;]Produtos \u00e0 medida[\/vc_column_text][vc_row_inner el_class=&#8221;row_gama&#8221;][vc_column_inner el_class=&#8221;item&#8221; width=&#8221;1\/4&#8243;][vc_single_image image=&#8221;849&#8243; img_size=&#8221;full&#8221; alignment=&#8221;center&#8221;][vc_column_text el_class=&#8221;titulo&#8221;]Producto a medida 1[\/vc_column_text][vc_column_text el_class=&#8221;subtitulo&#8221;]V\u00e1lvula empotrar PEX (reticulado) Casquillo metal &#8211; Multicapa agua[\/vc_column_text][\/vc_column_inner][vc_column_inner el_class=&#8221;item&#8221; width=&#8221;1\/4&#8243;][vc_single_image image=&#8221;849&#8243; img_size=&#8221;full&#8221; alignment=&#8221;center&#8221;][vc_column_text el_class=&#8221;titulo&#8221;]Producto a medida 1[\/vc_column_text][vc_column_text el_class=&#8221;subtitulo&#8221;]V\u00e1lvula empotrar PEX (reticulado) Casquillo metal &#8211; Multicapa agua[\/vc_column_text][\/vc_column_inner][vc_column_inner el_class=&#8221;item&#8221; width=&#8221;1\/4&#8243;][vc_single_image image=&#8221;849&#8243; img_size=&#8221;full&#8221; alignment=&#8221;center&#8221;][vc_column_text el_class=&#8221;titulo&#8221;]Producto a medida 1[\/vc_column_text][vc_column_text el_class=&#8221;subtitulo&#8221;]V\u00e1lvula empotrar PEX (reticulado) Casquillo metal &#8211; Multicapa agua[\/vc_column_text][\/vc_column_inner][vc_column_inner el_class=&#8221;item&#8221; width=&#8221;1\/4&#8243;][vc_single_image image=&#8221;849&#8243; img_size=&#8221;full&#8221; alignment=&#8221;center&#8221;][vc_column_text el_class=&#8221;titulo&#8221;]Producto a medida 1[\/vc_column_text][vc_column_text el_class=&#8221;subtitulo&#8221;]V\u00e1lvula empotrar PEX (reticulado) Casquillo metal &#8211; Multicapa agua[\/vc_column_text][\/vc_column_inner][\/vc_row_inner][vc_column_text el_class=&#8221;boton_gris rosa&#8221;]<\/p>\n<p style=\"text-align: center;\"><a class=\"boton_rosa\" href=\"https:\/\/valvulasarco.com\/pt-pt\/productos\/\">Descubra a nossa gama de produtos<\/a><\/p>\n<p>[\/vc_column_text][\/vc_column][\/vc_row][vc_row el_class=&#8221;bloque productos_realizados_oem&#8221;][vc_column css=&#8221;.vc_custom_1596789978709{padding-top: 0px !important;}&#8221;][vc_column_text el_class=&#8221;titulo_bloque_oem&#8221;]<\/p>\n<h2>Produtos personalizados<\/h2>\n<p>[\/vc_column_text]<div class=\"slider_oem_products row_gama slider_grid_4\"><\/div>[vc_column_text el_class=&#8221;boton_gris rosa&#8221;]<\/p>\n<p style=\"text-align: center;\"><a class=\"boton_rosa\" href=\"https:\/\/valvulasarco.com\/pt-pt\/productos\/\">Descubra a nossa gama de produtos<\/a><\/p>\n<p>[\/vc_column_text][\/vc_column][\/vc_row][vc_row][vc_column][vc_separator css=&#8221;.vc_custom_1596790386832{margin-bottom: 1px !important;}&#8221;][\/vc_column][\/vc_row][vc_row el_class=&#8221;oem_clientes bloque&#8221;][vc_column][vc_column_text el_class=&#8221;titulo_bloque_oem&#8221;]<\/p>\n<h2>Alguns dos nossos clientes<\/h2>\n<p>[\/vc_column_text][vc_row_inner][vc_column_inner width=&#8221;1\/6&#8243;][vc_single_image image=&#8221;4870&#8243; img_size=&#8221;full&#8221; alignment=&#8221;center&#8221;][\/vc_column_inner][vc_column_inner width=&#8221;1\/6&#8243;][vc_single_image image=&#8221;2071&#8243; img_size=&#8221;full&#8221; alignment=&#8221;center&#8221;][\/vc_column_inner][vc_column_inner width=&#8221;1\/6&#8243;][vc_single_image image=&#8221;2078&#8243; img_size=&#8221;full&#8221; alignment=&#8221;center&#8221;][\/vc_column_inner][vc_column_inner width=&#8221;1\/6&#8243;][vc_single_image image=&#8221;4288&#8243; img_size=&#8221;full&#8221; alignment=&#8221;center&#8221; el_class=&#8221;istobal&#8221;][\/vc_column_inner][vc_column_inner width=&#8221;1\/6&#8243;][vc_single_image image=&#8221;4863&#8243; img_size=&#8221;full&#8221; alignment=&#8221;center&#8221; el_class=&#8221;istobal&#8221;][\/vc_column_inner][vc_column_inner width=&#8221;1\/6&#8243;][vc_single_image image=&#8221;4877&#8243; img_size=&#8221;full&#8221; alignment=&#8221;center&#8221; el_class=&#8221;istobal&#8221;][\/vc_column_inner][\/vc_row_inner][\/vc_column][\/vc_row][vc_row full_width=&#8221;stretch_row&#8221; el_class=&#8221;contacto_obras bloque contacto_profesional&#8221; css=&#8221;.vc_custom_1596784983945{background-image: url(https:\/\/valvulasarco.com\/wp-content\/uploads\/2020\/08\/bottomeom.jpg?id=968) !important;background-position: center !important;background-repeat: no-repeat !important;background-size: cover !important;}&#8221;][vc_column css=&#8221;.vc_custom_1594380075736{padding-top: 0px !important;}&#8221;][vc_row_inner][vc_column_inner][vc_column_text el_class=&#8221;titular&#8221;]Se n\u00e3o existe, n\u00f3s fabricamos.[\/vc_column_text][vc_column_text el_class=&#8221;subtitular&#8221;]<\/p>\n<h2>Fabricamos produtos personalizados para sistemas de regula\u00e7\u00e3o e controlo de \u00e1gua, g\u00e1s e aquecimento.<\/h2>\n<p>[\/vc_column_text][vc_column_text el_class=&#8221;boton_gris rosa&#8221;]<\/p>\n<p style=\"text-align: center;\"><a class=\"boton_rosa\" href=\"https:\/\/valvulasarco.com\/pt-pt\/contacto\/\">contacte connosc@<\/a><\/p>\n<p>[\/vc_column_text][\/vc_column_inner][\/vc_row_inner][\/vc_column][\/vc_row]<\/p>\n","protected":false},"excerpt":{"rendered":"<p>[vc_row full_width=&#8221;stretch_row&#8221; el_class=&#8221;banner_pagina&#8221; css=&#8221;.vc_custom_1596441716055{background-image: url(https:\/\/valvulasarco.com\/wp-content\/uploads\/2020\/08\/personas.jpg?id=697) !important;background-position: center !important;background-repeat: no-repeat !important;background-size: cover !important;}&#8221;][vc_column width=&#8221;7\/12&#8243; css=&#8221;.vc_custom_1594131934187{padding-top: 0px !important;}&#8221;][vc_column_text] OEM Personalizamos os seus produtos para sistemas de regula\u00e7\u00e3o e controlo de \u00e1gua, g\u00e1s e aquecimento. [\/vc_column_text][\/vc_column][vc_column width=&#8221;5\/12&#8243; css=&#8221;.vc_custom_1594131938133{padding-top: 0px !important;}&#8221;][\/vc_column][\/vc_row][vc_row full_width=&#8221;stretch_row&#8221; el_class=&#8221;breadcrumb&#8221;][vc_column css=&#8221;.vc_custom_1594132444794{padding-top: 0px !important;}&#8221;][\/vc_column][\/vc_row][vc_row el_class=&#8221;bloque info_profesional info_oem&#8221; css=&#8221;.vc_custom_1604396618322{padding-top: 20px !important;}&#8221;][vc_column][vc_row_inner][vc_column_inner width=&#8221;1\/2&#8243; css=&#8221;.vc_custom_1604396691857{margin-bottom: 0px !important;}&#8221;][vc_single_image image=&#8221;958&#8243; img_size=&#8221;full&#8221;][\/vc_column_inner][vc_column_inner el_class=&#8221;texto&#8221; [&hellip;]<\/p>\n","protected":false},"author":1,"featured_media":0,"parent":2273,"menu_order":0,"comment_status":"closed","ping_status":"closed","template":"","meta":[],"acf":[],"yoast_head":"<!-- This site is optimized with the Yoast SEO plugin v20.4 - https:\/\/yoast.com\/wordpress\/plugins\/seo\/ -->\n<title>Zona profissional para fabricantes (OEM) - V\u00e1lvulas Arco<\/title>\n<meta name=\"description\" content=\"Na V\u00e1lvulas Arco somos fabricantes e desenvolvemos os nossos produtos adaptados \u00e0s suas necessidades. V\u00e1lvulas, tubos adaptados ao seu neg\u00f3cio\" \/>\n<meta name=\"robots\" content=\"index, follow, max-snippet:-1, max-image-preview:large, max-video-preview:-1\" \/>\n<link rel=\"canonical\" href=\"https:\/\/valvulasarco.com\/pt-pt\/profissionais\/oem\/\" \/>\n<meta property=\"og:locale\" content=\"pt_PT\" \/>\n<meta property=\"og:type\" content=\"article\" \/>\n<meta property=\"og:title\" content=\"Zona profissional para fabricantes (OEM) - V\u00e1lvulas Arco\" \/>\n<meta property=\"og:description\" content=\"Na V\u00e1lvulas Arco somos fabricantes e desenvolvemos os nossos produtos adaptados \u00e0s suas necessidades. V\u00e1lvulas, tubos adaptados ao seu neg\u00f3cio\" \/>\n<meta property=\"og:url\" content=\"https:\/\/valvulasarco.com\/pt-pt\/profissionais\/oem\/\" \/>\n<meta property=\"og:site_name\" content=\"Arco\" \/>\n<meta property=\"article:modified_time\" content=\"2021-04-01T10:03:51+00:00\" \/>\n<meta name=\"twitter:card\" content=\"summary_large_image\" \/>\n<meta name=\"twitter:label1\" content=\"Tempo estimado de leitura\" \/>\n\t<meta name=\"twitter:data1\" content=\"3 minutos\" \/>\n<script type=\"application\/ld+json\" class=\"yoast-schema-graph\">{\"@context\":\"https:\/\/schema.org\",\"@graph\":[{\"@type\":\"WebPage\",\"@id\":\"https:\/\/valvulasarco.com\/pt-pt\/profissionais\/oem\/\",\"url\":\"https:\/\/valvulasarco.com\/pt-pt\/profissionais\/oem\/\",\"name\":\"Zona profissional para fabricantes (OEM) - V\u00e1lvulas Arco\",\"isPartOf\":{\"@id\":\"https:\/\/valvulasarco.com\/#website\"},\"datePublished\":\"2020-08-06T11:14:02+00:00\",\"dateModified\":\"2021-04-01T10:03:51+00:00\",\"description\":\"Na V\u00e1lvulas Arco somos fabricantes e desenvolvemos os nossos produtos adaptados \u00e0s suas necessidades. V\u00e1lvulas, tubos adaptados ao seu neg\u00f3cio\",\"breadcrumb\":{\"@id\":\"https:\/\/valvulasarco.com\/pt-pt\/profissionais\/oem\/#breadcrumb\"},\"inLanguage\":\"pt-PT\",\"potentialAction\":[{\"@type\":\"ReadAction\",\"target\":[\"https:\/\/valvulasarco.com\/pt-pt\/profissionais\/oem\/\"]}]},{\"@type\":\"BreadcrumbList\",\"@id\":\"https:\/\/valvulasarco.com\/pt-pt\/profissionais\/oem\/#breadcrumb\",\"itemListElement\":[{\"@type\":\"ListItem\",\"position\":1,\"name\":\"Portada\",\"item\":\"https:\/\/valvulasarco.com\/pt-pt\/\"},{\"@type\":\"ListItem\",\"position\":2,\"name\":\"Profissionais\",\"item\":\"https:\/\/valvulasarco.com\/pt-pt\/profissionais\/\"},{\"@type\":\"ListItem\",\"position\":3,\"name\":\"OEM\"}]},{\"@type\":\"WebSite\",\"@id\":\"https:\/\/valvulasarco.com\/#website\",\"url\":\"https:\/\/valvulasarco.com\/\",\"name\":\"Arco\",\"description\":\"Arco\",\"publisher\":{\"@id\":\"https:\/\/valvulasarco.com\/#organization\"},\"potentialAction\":[{\"@type\":\"SearchAction\",\"target\":{\"@type\":\"EntryPoint\",\"urlTemplate\":\"https:\/\/valvulasarco.com\/?s={search_term_string}\"},\"query-input\":\"required name=search_term_string\"}],\"inLanguage\":\"pt-PT\"},{\"@type\":\"Organization\",\"@id\":\"https:\/\/valvulasarco.com\/#organization\",\"name\":\"Arco\",\"url\":\"https:\/\/valvulasarco.com\/\",\"logo\":{\"@type\":\"ImageObject\",\"inLanguage\":\"pt-PT\",\"@id\":\"https:\/\/valvulasarco.com\/#\/schema\/logo\/image\/\",\"url\":\"https:\/\/valvulasarco.com\/wp-content\/uploads\/2020\/11\/Logo-Arco.png\",\"contentUrl\":\"https:\/\/valvulasarco.com\/wp-content\/uploads\/2020\/11\/Logo-Arco.png\",\"width\":750,\"height\":479,\"caption\":\"Arco\"},\"image\":{\"@id\":\"https:\/\/valvulasarco.com\/#\/schema\/logo\/image\/\"}}]}<\/script>\n<!-- \/ Yoast SEO plugin. -->","yoast_head_json":{"title":"Zona profissional para fabricantes (OEM) - V\u00e1lvulas Arco","description":"Na V\u00e1lvulas Arco somos fabricantes e desenvolvemos os nossos produtos adaptados \u00e0s suas necessidades. V\u00e1lvulas, tubos adaptados ao seu neg\u00f3cio","robots":{"index":"index","follow":"follow","max-snippet":"max-snippet:-1","max-image-preview":"max-image-preview:large","max-video-preview":"max-video-preview:-1"},"canonical":"https:\/\/valvulasarco.com\/pt-pt\/profissionais\/oem\/","og_locale":"pt_PT","og_type":"article","og_title":"Zona profissional para fabricantes (OEM) - V\u00e1lvulas Arco","og_description":"Na V\u00e1lvulas Arco somos fabricantes e desenvolvemos os nossos produtos adaptados \u00e0s suas necessidades. V\u00e1lvulas, tubos adaptados ao seu neg\u00f3cio","og_url":"https:\/\/valvulasarco.com\/pt-pt\/profissionais\/oem\/","og_site_name":"Arco","article_modified_time":"2021-04-01T10:03:51+00:00","twitter_card":"summary_large_image","twitter_misc":{"Tempo estimado de leitura":"3 minutos"},"schema":{"@context":"https:\/\/schema.org","@graph":[{"@type":"WebPage","@id":"https:\/\/valvulasarco.com\/pt-pt\/profissionais\/oem\/","url":"https:\/\/valvulasarco.com\/pt-pt\/profissionais\/oem\/","name":"Zona profissional para fabricantes (OEM) - V\u00e1lvulas Arco","isPartOf":{"@id":"https:\/\/valvulasarco.com\/#website"},"datePublished":"2020-08-06T11:14:02+00:00","dateModified":"2021-04-01T10:03:51+00:00","description":"Na V\u00e1lvulas Arco somos fabricantes e desenvolvemos os nossos produtos adaptados \u00e0s suas necessidades. V\u00e1lvulas, tubos adaptados ao seu neg\u00f3cio","breadcrumb":{"@id":"https:\/\/valvulasarco.com\/pt-pt\/profissionais\/oem\/#breadcrumb"},"inLanguage":"pt-PT","potentialAction":[{"@type":"ReadAction","target":["https:\/\/valvulasarco.com\/pt-pt\/profissionais\/oem\/"]}]},{"@type":"BreadcrumbList","@id":"https:\/\/valvulasarco.com\/pt-pt\/profissionais\/oem\/#breadcrumb","itemListElement":[{"@type":"ListItem","position":1,"name":"Portada","item":"https:\/\/valvulasarco.com\/pt-pt\/"},{"@type":"ListItem","position":2,"name":"Profissionais","item":"https:\/\/valvulasarco.com\/pt-pt\/profissionais\/"},{"@type":"ListItem","position":3,"name":"OEM"}]},{"@type":"WebSite","@id":"https:\/\/valvulasarco.com\/#website","url":"https:\/\/valvulasarco.com\/","name":"Arco","description":"Arco","publisher":{"@id":"https:\/\/valvulasarco.com\/#organization"},"potentialAction":[{"@type":"SearchAction","target":{"@type":"EntryPoint","urlTemplate":"https:\/\/valvulasarco.com\/?s={search_term_string}"},"query-input":"required name=search_term_string"}],"inLanguage":"pt-PT"},{"@type":"Organization","@id":"https:\/\/valvulasarco.com\/#organization","name":"Arco","url":"https:\/\/valvulasarco.com\/","logo":{"@type":"ImageObject","inLanguage":"pt-PT","@id":"https:\/\/valvulasarco.com\/#\/schema\/logo\/image\/","url":"https:\/\/valvulasarco.com\/wp-content\/uploads\/2020\/11\/Logo-Arco.png","contentUrl":"https:\/\/valvulasarco.com\/wp-content\/uploads\/2020\/11\/Logo-Arco.png","width":750,"height":479,"caption":"Arco"},"image":{"@id":"https:\/\/valvulasarco.com\/#\/schema\/logo\/image\/"}}]}},"_links":{"self":[{"href":"https:\/\/valvulasarco.com\/pt-pt\/wp-json\/wp\/v2\/pages\/2344"}],"collection":[{"href":"https:\/\/valvulasarco.com\/pt-pt\/wp-json\/wp\/v2\/pages"}],"about":[{"href":"https:\/\/valvulasarco.com\/pt-pt\/wp-json\/wp\/v2\/types\/page"}],"author":[{"embeddable":true,"href":"https:\/\/valvulasarco.com\/pt-pt\/wp-json\/wp\/v2\/users\/1"}],"replies":[{"embeddable":true,"href":"https:\/\/valvulasarco.com\/pt-pt\/wp-json\/wp\/v2\/comments?post=2344"}],"version-history":[{"count":12,"href":"https:\/\/valvulasarco.com\/pt-pt\/wp-json\/wp\/v2\/pages\/2344\/revisions"}],"predecessor-version":[{"id":5779,"href":"https:\/\/valvulasarco.com\/pt-pt\/wp-json\/wp\/v2\/pages\/2344\/revisions\/5779"}],"up":[{"embeddable":true,"href":"https:\/\/valvulasarco.com\/pt-pt\/wp-json\/wp\/v2\/pages\/2273"}],"wp:attachment":[{"href":"https:\/\/valvulasarco.com\/pt-pt\/wp-json\/wp\/v2\/media?parent=2344"}],"curies":[{"name":"wp","href":"https:\/\/api.w.org\/{rel}","templated":true}]}}