{"id":2337,"date":"2020-08-03T07:32:26","date_gmt":"2020-08-03T07:32:26","guid":{"rendered":"https:\/\/valvulasarco.com\/profissionais\/asistencia-tecnica\/"},"modified":"2021-04-01T09:59:38","modified_gmt":"2021-04-01T09:59:38","slug":"asistencia-tecnica","status":"publish","type":"page","link":"https:\/\/valvulasarco.com\/pt-pt\/profissionais\/asistencia-tecnica\/","title":{"rendered":"Assist\u00eancia t\u00e9cnica"},"content":{"rendered":"<p>[vc_row full_width=&#8221;stretch_row&#8221; el_class=&#8221;banner_pagina&#8221; css=&#8221;.vc_custom_1596441147469{background-image: url(https:\/\/valvulasarco.com\/wp-content\/uploads\/2020\/08\/asistencia.jpg?id=693) !important;background-position: center !important;background-repeat: no-repeat !important;background-size: cover !important;}&#8221;][vc_column width=&#8221;1\/2&#8243; css=&#8221;.vc_custom_1594131934187{padding-top: 0px !important;}&#8221;][vc_column_text]<\/p>\n<h1>ASSIST\u00caNCIA T\u00c9CNICA<\/h1>\n<h2>Na ARCO oferecemos um servi\u00e7o de assist\u00eancia t\u00e9cnica gratuito que lhe permitir\u00e1 encontrar a melhor solu\u00e7\u00e3o para cada uma das necessidades da instala\u00e7\u00e3o.<\/h2>\n<p>[\/vc_column_text][\/vc_column][vc_column width=&#8221;1\/2&#8243; css=&#8221;.vc_custom_1594131938133{padding-top: 0px !important;}&#8221;][\/vc_column][\/vc_row][vc_row el_class=&#8221;breadcrumb&#8221;][vc_column css=&#8221;.vc_custom_1594132444794{padding-top: 0px !important;}&#8221;]<div itemscope itemtype=\"https:\/\/schema.org\/BreadcrumbList\" id=\"breadcrumb\"><div itemprop=\"itemListElement\" itemscope itemtype=\"https:\/\/schema.org\/ListItem\"><a itemprop=\"item\" href=\"https:\/\/valvulasarco.com\/pt-pt\/\"><span class=\"vc_icon_element-icon fa fa-home\"><\/span><span itemprop=\"name\">Inicio<\/span><\/a><meta itemprop=\"position\" content=\"1\" \/><\/div><div itemprop=\"itemListElement hola\" itemscope itemtype=\"https:\/\/schema.org\/ListItem\"><span>><\/span><a itemprop=\"item\" href=\"https:\/\/valvulasarco.com\/pt-pt\/profissionais\/asistencia-tecnica\/\"><span itemprop=\"name\">Assist\u00eancia t\u00e9cnica<\/span><\/a><meta itemprop=\"position\" content=\"3\"><\/div><\/div>[\/vc_column][\/vc_row][vc_row el_class=&#8221;bloque info_profesional asistencia&#8221; css=&#8221;.vc_custom_1604396645700{padding-top: 20px !important;}&#8221;][vc_column width=&#8221;1\/2&#8243; css=&#8221;.vc_custom_1604396651795{margin-bottom: 20px !important;}&#8221;][vc_single_image image=&#8221;682&#8243; img_size=&#8221;full&#8221;][\/vc_column][vc_column width=&#8221;1\/2&#8243;][vc_column_text el_class=&#8221;titulo&#8221;]<\/p>\n<h2>ACONSELHAMENTO T\u00c9CNICO GRATUITO<\/h2>\n<p>[\/vc_column_text][vc_column_text]<\/p>\n<p style=\"color: #192d4d;\">Obtenha informa\u00e7\u00e3o sobre:<\/p>\n<ul>\n<li>\n<h3>Sele\u00e7\u00e3o do producto mais adequado para cada instala\u00e7\u00e3o<\/h3>\n<\/li>\n<li>\n<h3>Caracter\u00edsticas detalhadas de producto<\/h3>\n<\/li>\n<li>\n<h3>Normativas de aplica\u00e7\u00e3o<\/h3>\n<\/li>\n<li>\n<h3>Resolu\u00e7\u00e3o de d\u00favidas t\u00e9cnicas<\/h3>\n<\/li>\n<li>\n<h3>Propostas de produto para instala\u00e7\u00f5es especiais (solu\u00e7\u00f5es ARCO)<\/h3>\n<\/li>\n<li>\n<h3>Compatibilidade do produto com outros elementos das instala\u00e7\u00f5es<\/h3>\n<\/li>\n<\/ul>\n<p>[\/vc_column_text][\/vc_column][\/vc_row][vc_row full_width=&#8221;stretch_row&#8221; el_class=&#8221;contacto_obras bloque contacto_profesional asistencia&#8221; css=&#8221;.vc_custom_1596440240517{background-image: url(https:\/\/valvulasarco.com\/wp-content\/uploads\/2020\/08\/7538.jpg?id=686) !important;background-position: center !important;background-repeat: no-repeat !important;background-size: cover !important;}&#8221;][vc_column css=&#8221;.vc_custom_1594380075736{padding-top: 0px !important;}&#8221;][vc_row_inner][vc_column_inner width=&#8221;2\/3&#8243;][vc_column_text el_class=&#8221;titular&#8221;]<\/p>\n<h2>\u00bfNecessita de ajuda?<\/h2>\n<p>[\/vc_column_text][vc_column_text el_class=&#8221;subtitular&#8221;]Contacte com a equipa t\u00e9cnica da Arco para obter mais informa\u00e7\u00e3o para a suas instala\u00e7\u00f5es e\/ou projectos profissionais. Ou escreva-nos para <a href=\"mailto:atencioncliente@valvulasarco.com\">atencioncliente@valvulasarco.com<\/a> e ficaremos encantad@s por o ajudar.[\/vc_column_text][\/vc_column_inner][vc_column_inner width=&#8221;1\/3&#8243;][vc_column_text el_class=&#8221;boton_gris rosa&#8221;]<\/p>\n<p style=\"text-align: left;\"><a class=\"boton_gris llamar\">(+34) 963 171 070 <\/a><a class=\"boton_rosa\" href=\"https:\/\/valvulasarco.com\/pt-pt\/contacto\/\">contacte connosc@<\/a><\/p>\n<p>[\/vc_column_text][\/vc_column_inner][\/vc_row_inner][\/vc_column][\/vc_row]<\/p>\n","protected":false},"excerpt":{"rendered":"<p>[vc_row full_width=&#8221;stretch_row&#8221; el_class=&#8221;banner_pagina&#8221; css=&#8221;.vc_custom_1596441147469{background-image: url(https:\/\/valvulasarco.com\/wp-content\/uploads\/2020\/08\/asistencia.jpg?id=693) !important;background-position: center !important;background-repeat: no-repeat !important;background-size: cover !important;}&#8221;][vc_column width=&#8221;1\/2&#8243; css=&#8221;.vc_custom_1594131934187{padding-top: 0px !important;}&#8221;][vc_column_text] ASSIST\u00caNCIA T\u00c9CNICA Na ARCO oferecemos um servi\u00e7o de assist\u00eancia t\u00e9cnica gratuito que lhe permitir\u00e1 encontrar a melhor solu\u00e7\u00e3o para cada uma das necessidades da instala\u00e7\u00e3o. [\/vc_column_text][\/vc_column][vc_column width=&#8221;1\/2&#8243; css=&#8221;.vc_custom_1594131938133{padding-top: 0px !important;}&#8221;][\/vc_column][\/vc_row][vc_row el_class=&#8221;breadcrumb&#8221;][vc_column css=&#8221;.vc_custom_1594132444794{padding-top: 0px !important;}&#8221;][\/vc_column][\/vc_row][vc_row el_class=&#8221;bloque info_profesional asistencia&#8221; css=&#8221;.vc_custom_1604396645700{padding-top: 20px [&hellip;]<\/p>\n","protected":false},"author":1,"featured_media":0,"parent":2273,"menu_order":0,"comment_status":"closed","ping_status":"closed","template":"","meta":[],"acf":[],"yoast_head":"<!-- This site is optimized with the Yoast SEO plugin v20.4 - https:\/\/yoast.com\/wordpress\/plugins\/seo\/ -->\n<title>Zona profissional - Assist\u00eancia t\u00e9cnica - V\u00e1lvulas Arco<\/title>\n<meta name=\"description\" content=\"\u00bfNecessita de informa\u00e7\u00e3o t\u00e9cnica sobre alguma v\u00e1lvula, torneira ou sistema da Arco? Entre aqui e solucionaremos as suas d\u00favidas.\" \/>\n<meta name=\"robots\" content=\"index, follow, max-snippet:-1, max-image-preview:large, max-video-preview:-1\" \/>\n<link rel=\"canonical\" href=\"https:\/\/valvulasarco.com\/pt-pt\/profissionais\/asistencia-tecnica\/\" \/>\n<meta property=\"og:locale\" content=\"pt_PT\" \/>\n<meta property=\"og:type\" content=\"article\" \/>\n<meta property=\"og:title\" content=\"Zona profissional - Assist\u00eancia t\u00e9cnica - V\u00e1lvulas Arco\" \/>\n<meta property=\"og:description\" content=\"\u00bfNecessita de informa\u00e7\u00e3o t\u00e9cnica sobre alguma v\u00e1lvula, torneira ou sistema da Arco? Entre aqui e solucionaremos as suas d\u00favidas.\" \/>\n<meta property=\"og:url\" content=\"https:\/\/valvulasarco.com\/pt-pt\/profissionais\/asistencia-tecnica\/\" \/>\n<meta property=\"og:site_name\" content=\"Arco\" \/>\n<meta property=\"article:modified_time\" content=\"2021-04-01T09:59:38+00:00\" \/>\n<meta name=\"twitter:card\" content=\"summary_large_image\" \/>\n<meta name=\"twitter:label1\" content=\"Tempo estimado de leitura\" \/>\n\t<meta name=\"twitter:data1\" content=\"1 minuto\" \/>\n<script type=\"application\/ld+json\" class=\"yoast-schema-graph\">{\"@context\":\"https:\/\/schema.org\",\"@graph\":[{\"@type\":\"WebPage\",\"@id\":\"https:\/\/valvulasarco.com\/pt-pt\/profissionais\/asistencia-tecnica\/\",\"url\":\"https:\/\/valvulasarco.com\/pt-pt\/profissionais\/asistencia-tecnica\/\",\"name\":\"Zona profissional - Assist\u00eancia t\u00e9cnica - V\u00e1lvulas Arco\",\"isPartOf\":{\"@id\":\"https:\/\/valvulasarco.com\/#website\"},\"datePublished\":\"2020-08-03T07:32:26+00:00\",\"dateModified\":\"2021-04-01T09:59:38+00:00\",\"description\":\"\u00bfNecessita de informa\u00e7\u00e3o t\u00e9cnica sobre alguma v\u00e1lvula, torneira ou sistema da Arco? Entre aqui e solucionaremos as suas d\u00favidas.\",\"breadcrumb\":{\"@id\":\"https:\/\/valvulasarco.com\/pt-pt\/profissionais\/asistencia-tecnica\/#breadcrumb\"},\"inLanguage\":\"pt-PT\",\"potentialAction\":[{\"@type\":\"ReadAction\",\"target\":[\"https:\/\/valvulasarco.com\/pt-pt\/profissionais\/asistencia-tecnica\/\"]}]},{\"@type\":\"BreadcrumbList\",\"@id\":\"https:\/\/valvulasarco.com\/pt-pt\/profissionais\/asistencia-tecnica\/#breadcrumb\",\"itemListElement\":[{\"@type\":\"ListItem\",\"position\":1,\"name\":\"Portada\",\"item\":\"https:\/\/valvulasarco.com\/pt-pt\/\"},{\"@type\":\"ListItem\",\"position\":2,\"name\":\"Profissionais\",\"item\":\"https:\/\/valvulasarco.com\/pt-pt\/profissionais\/\"},{\"@type\":\"ListItem\",\"position\":3,\"name\":\"Assist\u00eancia t\u00e9cnica\"}]},{\"@type\":\"WebSite\",\"@id\":\"https:\/\/valvulasarco.com\/#website\",\"url\":\"https:\/\/valvulasarco.com\/\",\"name\":\"Arco\",\"description\":\"Arco\",\"publisher\":{\"@id\":\"https:\/\/valvulasarco.com\/#organization\"},\"potentialAction\":[{\"@type\":\"SearchAction\",\"target\":{\"@type\":\"EntryPoint\",\"urlTemplate\":\"https:\/\/valvulasarco.com\/?s={search_term_string}\"},\"query-input\":\"required name=search_term_string\"}],\"inLanguage\":\"pt-PT\"},{\"@type\":\"Organization\",\"@id\":\"https:\/\/valvulasarco.com\/#organization\",\"name\":\"Arco\",\"url\":\"https:\/\/valvulasarco.com\/\",\"logo\":{\"@type\":\"ImageObject\",\"inLanguage\":\"pt-PT\",\"@id\":\"https:\/\/valvulasarco.com\/#\/schema\/logo\/image\/\",\"url\":\"https:\/\/valvulasarco.com\/wp-content\/uploads\/2020\/11\/Logo-Arco.png\",\"contentUrl\":\"https:\/\/valvulasarco.com\/wp-content\/uploads\/2020\/11\/Logo-Arco.png\",\"width\":750,\"height\":479,\"caption\":\"Arco\"},\"image\":{\"@id\":\"https:\/\/valvulasarco.com\/#\/schema\/logo\/image\/\"}}]}<\/script>\n<!-- \/ Yoast SEO plugin. -->","yoast_head_json":{"title":"Zona profissional - Assist\u00eancia t\u00e9cnica - V\u00e1lvulas Arco","description":"\u00bfNecessita de informa\u00e7\u00e3o t\u00e9cnica sobre alguma v\u00e1lvula, torneira ou sistema da Arco? Entre aqui e solucionaremos as suas d\u00favidas.","robots":{"index":"index","follow":"follow","max-snippet":"max-snippet:-1","max-image-preview":"max-image-preview:large","max-video-preview":"max-video-preview:-1"},"canonical":"https:\/\/valvulasarco.com\/pt-pt\/profissionais\/asistencia-tecnica\/","og_locale":"pt_PT","og_type":"article","og_title":"Zona profissional - Assist\u00eancia t\u00e9cnica - V\u00e1lvulas Arco","og_description":"\u00bfNecessita de informa\u00e7\u00e3o t\u00e9cnica sobre alguma v\u00e1lvula, torneira ou sistema da Arco? Entre aqui e solucionaremos as suas d\u00favidas.","og_url":"https:\/\/valvulasarco.com\/pt-pt\/profissionais\/asistencia-tecnica\/","og_site_name":"Arco","article_modified_time":"2021-04-01T09:59:38+00:00","twitter_card":"summary_large_image","twitter_misc":{"Tempo estimado de leitura":"1 minuto"},"schema":{"@context":"https:\/\/schema.org","@graph":[{"@type":"WebPage","@id":"https:\/\/valvulasarco.com\/pt-pt\/profissionais\/asistencia-tecnica\/","url":"https:\/\/valvulasarco.com\/pt-pt\/profissionais\/asistencia-tecnica\/","name":"Zona profissional - Assist\u00eancia t\u00e9cnica - V\u00e1lvulas Arco","isPartOf":{"@id":"https:\/\/valvulasarco.com\/#website"},"datePublished":"2020-08-03T07:32:26+00:00","dateModified":"2021-04-01T09:59:38+00:00","description":"\u00bfNecessita de informa\u00e7\u00e3o t\u00e9cnica sobre alguma v\u00e1lvula, torneira ou sistema da Arco? Entre aqui e solucionaremos as suas d\u00favidas.","breadcrumb":{"@id":"https:\/\/valvulasarco.com\/pt-pt\/profissionais\/asistencia-tecnica\/#breadcrumb"},"inLanguage":"pt-PT","potentialAction":[{"@type":"ReadAction","target":["https:\/\/valvulasarco.com\/pt-pt\/profissionais\/asistencia-tecnica\/"]}]},{"@type":"BreadcrumbList","@id":"https:\/\/valvulasarco.com\/pt-pt\/profissionais\/asistencia-tecnica\/#breadcrumb","itemListElement":[{"@type":"ListItem","position":1,"name":"Portada","item":"https:\/\/valvulasarco.com\/pt-pt\/"},{"@type":"ListItem","position":2,"name":"Profissionais","item":"https:\/\/valvulasarco.com\/pt-pt\/profissionais\/"},{"@type":"ListItem","position":3,"name":"Assist\u00eancia t\u00e9cnica"}]},{"@type":"WebSite","@id":"https:\/\/valvulasarco.com\/#website","url":"https:\/\/valvulasarco.com\/","name":"Arco","description":"Arco","publisher":{"@id":"https:\/\/valvulasarco.com\/#organization"},"potentialAction":[{"@type":"SearchAction","target":{"@type":"EntryPoint","urlTemplate":"https:\/\/valvulasarco.com\/?s={search_term_string}"},"query-input":"required name=search_term_string"}],"inLanguage":"pt-PT"},{"@type":"Organization","@id":"https:\/\/valvulasarco.com\/#organization","name":"Arco","url":"https:\/\/valvulasarco.com\/","logo":{"@type":"ImageObject","inLanguage":"pt-PT","@id":"https:\/\/valvulasarco.com\/#\/schema\/logo\/image\/","url":"https:\/\/valvulasarco.com\/wp-content\/uploads\/2020\/11\/Logo-Arco.png","contentUrl":"https:\/\/valvulasarco.com\/wp-content\/uploads\/2020\/11\/Logo-Arco.png","width":750,"height":479,"caption":"Arco"},"image":{"@id":"https:\/\/valvulasarco.com\/#\/schema\/logo\/image\/"}}]}},"_links":{"self":[{"href":"https:\/\/valvulasarco.com\/pt-pt\/wp-json\/wp\/v2\/pages\/2337"}],"collection":[{"href":"https:\/\/valvulasarco.com\/pt-pt\/wp-json\/wp\/v2\/pages"}],"about":[{"href":"https:\/\/valvulasarco.com\/pt-pt\/wp-json\/wp\/v2\/types\/page"}],"author":[{"embeddable":true,"href":"https:\/\/valvulasarco.com\/pt-pt\/wp-json\/wp\/v2\/users\/1"}],"replies":[{"embeddable":true,"href":"https:\/\/valvulasarco.com\/pt-pt\/wp-json\/wp\/v2\/comments?post=2337"}],"version-history":[{"count":5,"href":"https:\/\/valvulasarco.com\/pt-pt\/wp-json\/wp\/v2\/pages\/2337\/revisions"}],"predecessor-version":[{"id":5778,"href":"https:\/\/valvulasarco.com\/pt-pt\/wp-json\/wp\/v2\/pages\/2337\/revisions\/5778"}],"up":[{"embeddable":true,"href":"https:\/\/valvulasarco.com\/pt-pt\/wp-json\/wp\/v2\/pages\/2273"}],"wp:attachment":[{"href":"https:\/\/valvulasarco.com\/pt-pt\/wp-json\/wp\/v2\/media?parent=2337"}],"curies":[{"name":"wp","href":"https:\/\/api.w.org\/{rel}","templated":true}]}}