{"id":2319,"date":"2020-07-01T07:46:05","date_gmt":"2020-07-01T07:46:05","guid":{"rendered":"https:\/\/valvulasarco.com\/politica-de-privacidad\/"},"modified":"2021-03-17T11:40:15","modified_gmt":"2021-03-17T11:40:15","slug":"politica-de-privacidade","status":"publish","type":"page","link":"https:\/\/valvulasarco.com\/pt-pt\/politica-de-privacidade\/","title":{"rendered":"Pol\u00edtica de privacidade"},"content":{"rendered":"<p>[vc_row full_width=&#8221;stretch_row&#8221; el_class=&#8221;breadcrumb legal&#8221; css=&#8221;.vc_custom_1595486378721{background-color: #f0f0f0 !important;}&#8221;][vc_column css=&#8221;.vc_custom_1594132444794{padding-top: 0px !important;}&#8221;]<div itemscope itemtype=\"https:\/\/schema.org\/BreadcrumbList\" id=\"breadcrumb\"><div itemprop=\"itemListElement\" itemscope itemtype=\"https:\/\/schema.org\/ListItem\"><a itemprop=\"item\" href=\"https:\/\/valvulasarco.com\/pt-pt\/\"><span class=\"vc_icon_element-icon fa fa-home\"><\/span><span itemprop=\"name\">Inicio<\/span><\/a><meta itemprop=\"position\" content=\"1\" \/><\/div><div itemprop=\"itemListElement hola\" itemscope itemtype=\"https:\/\/schema.org\/ListItem\"><span>><\/span><a itemprop=\"item\" href=\"https:\/\/valvulasarco.com\/pt-pt\/politica-de-privacidade\/\"><span itemprop=\"name\">Pol\u00edtica de privacidade<\/span><\/a><meta itemprop=\"position\" content=\"3\"><\/div><\/div>[\/vc_column][\/vc_row][vc_row full_width=&#8221;stretch_row&#8221; el_class=&#8221;banner_pagina banner_legal&#8221; css=&#8221;.vc_custom_1595486373245{background-color: #f0f0f0 !important;}&#8221;][vc_column css=&#8221;.vc_custom_1594131934187{padding-top: 0px !important;}&#8221;][vc_column_text]<\/p>\n<h1>POL\u00cdTICA DE PRIVACIDAD<\/h1>\n<p>[\/vc_column_text][\/vc_column][\/vc_row][vc_row el_class=&#8221;bloque texto_legal&#8221; css=&#8221;.vc_custom_1595490363657{padding-top: 60px !important;}&#8221;][vc_column width=&#8221;1\/6&#8243; css=&#8221;.vc_custom_1595489665185{padding-top: 0px !important;}&#8221;][\/vc_column][vc_column width=&#8221;2\/3&#8243; css=&#8221;.vc_custom_1595489661478{padding-top: 0px !important;}&#8221;][vc_column_text]Al utilizar este sitio web (\u201cSitio Web\u201d) o solicitar cualquiera de sus servicios o productos, V\u00c1LVULAS ARCOS S.L. recaba los datos personales de los usuarios de conformidad con el Aviso Legal, el tratamiento de los cuales se rige por esta pol\u00edtica de privacidad (\u201cPol\u00edtica de Privacidad\u201d) y cualquier otra que la sustituya en un futuro. Todo aquel Usuario que no est\u00e9 conforme con la Pol\u00edtica de Privacidad o con el Aviso Legal deber\u00e1 abstenerse de contactar, solicitar informaci\u00f3n o de cualquier otro modo utilizar el Sitio Web.<\/p>\n<h2>Responsabilidad del tratamiento de datos personales<\/h2>\n<p>La presente Pol\u00edtica de Privacidad aplica a todos los datos de car\u00e1cter personal que el cliente aporte a V\u00e1lvulas Arco S.L., responsable del tratamiento, con domicilio en Avenida del Cid, 16 \u2013 46134 Foios &#8211; Valencia (en adelante &#8220;V\u00e1lvulas Arco&#8221;) a trav\u00e9s de los medios que V\u00e1lvulas Arco tenga habilitados para tal fin.<\/p>\n<p>A los efectos de la presente Pol\u00edtica de Privacidad, debe entenderse como \u201ccliente\u201d a toda persona f\u00edsica interesada en los productos y servicios que V\u00e1lvulas Arco ofrece. V\u00e1lvulas Arco, como responsable del tratamiento, solicitar\u00e1, con car\u00e1cter previo a la aportaci\u00f3n de sus datos de car\u00e1cter personal, el consentimiento expreso del Cliente a la presente Pol\u00edtica de Privacidad, cuando as\u00ed sea necesario y a cualquier otro aspecto que requiera la previa autorizaci\u00f3n del mismo.<\/p>\n<p>El objetivo de la Pol\u00edtica de Privacidad de V\u00e1lvulas Arco es dar transparencia a la informaci\u00f3n de c\u00f3mo tratamos sus datos y proteger los mismos a lo largo de la relaci\u00f3n comercial entre ambos. El Cliente podr\u00e1 ponerse en contacto con V\u00e1lvulas Arco en la direcci\u00f3n descrita en el primer p\u00e1rrafo, o bien a trav\u00e9s de la direcci\u00f3n de correo electr\u00f3nico <a href=\"mailto:RGPD_compliance@valvulasarco.com\">RGPD_compliance@valvulasarco.com<\/a> ante cualquier duda o necesidad que tuviere en materia de protecci\u00f3n de datos.<\/p>\n<h2>Finalidad tratamiento de datos personales<\/h2>\n<p>Por la presente se informa al Cliente de que V\u00e1lvulas Arco podr\u00e1 tratar los datos de car\u00e1cter personal que el Cliente facilite a trav\u00e9s de los diferentes medios habilitados, para las finalidades que se indican a continuaci\u00f3n:<\/p>\n<ul>\n<li>Garantizar al Cliente el conocimiento de los productos y servicios que V\u00e1lvulas Arco comercializa a trav\u00e9s de los medios habilitados a tal fin por esta empresa.<\/li>\n<li>Gestionar las compras y peticiones que el Cliente realice por los medios habilitados a tal fin por esta empresa, como la plataforma ArcoPartner.<\/li>\n<li>Atender a las solicitudes realizadas por el USUARIO por medio del formulario web \u201cContacto\u201d, enviar informaci\u00f3n requerida por el USUARIO o responder a las consultas planteadas por cualquier medio de contacto, como por ejemplo, el formulario \u201cConsultas t\u00e9cnicas\u201d, incluido los electr\u00f3nicos.<\/li>\n<li>Informar al Cliente por los medios disponibles, incluyendo el env\u00edo de comunicaciones comerciales a la direcci\u00f3n de correo electr\u00f3nico o el tel\u00e9fono que el Cliente en su caso facilite, de informaci\u00f3n asociada a la totalidad de los productos y servicios de V\u00e1lvulas Arco.<\/li>\n<li>Valorar la candidatura de los solicitantes a puestos de trabajo que lleguen a V\u00e1lvulas Arco a trav\u00e9s de los formularios existentes en el apartado \u201cNosotros\u201d.<\/li>\n<\/ul>\n<p>V\u00e1lvulas Arco toma como base legal para el tratamiento de los datos del cliente las siguientes:<\/p>\n<ul>\n<li>Para gestionar las compras y peticiones del cliente, la ejecuci\u00f3n de los servicios y productos solicitados.<\/li>\n<li>Para atender a las solicitudes de los clientes y proporcionarles la informaci\u00f3n solicitada sobre los productos y servicios ofrecidos o cualquier otra cuesti\u00f3n, el consentimiento del usuario al enviar la consulta o ponerse en contacto con V\u00e1lvulas Arco as\u00ed como el inter\u00e9s leg\u00edtimo de V\u00e1lvulas Arco en atender su peticiones o consultas.<\/li>\n<li>Para valorar las candidaturas de solicitantes a puestos de trabajo, el consentimiento manifestado mediante el env\u00edo del CV a trav\u00e9s de los medios habilitados para ello y la ejecuci\u00f3n de medidas pre-contractuales.<\/li>\n<li>Para la remisi\u00f3n de comunicaciones comerciales e informaci\u00f3n sobre actividades promocionales, el consentimiento expreso del usuario.<\/li>\n<\/ul>\n<p>V\u00e1lvulas Arco, en el momento de registro, recoger\u00e1 y tratar\u00e1 los datos de car\u00e1cter personal del Cliente imprescindibles para las actividades comerciales de informaci\u00f3n de sus productos y servicios. En el caso de que el Cliente decida adquirir uno de los productos o servicios de V\u00e1lvulas Arco, V\u00e1lvulas Arco completar\u00e1 la recogida de los datos necesarios para gestionar el proceso de venta (entre otros y sin car\u00e1cter limitativo, nombre, apellidos, raz\u00f3n social, CIF\/DNI, domicilio, cuenta bancaria, n\u00famero de tel\u00e9fono, etc.).<br \/>\nEl Cliente conoce y acepta que la no cumplimentaci\u00f3n de ciertos datos de car\u00e1cter personal puede resultar en impedimentos a V\u00e1lvulas Arco para prestar todos aquellos servicios vinculados a tales datos. En ning\u00fan caso V\u00e1lvulas Arco explotar\u00e1 estos datos o los destinar\u00e1 a un uso distinto del aqu\u00ed indicado expresamente. Durante el proceso de registro, el Cliente puede ser informado del car\u00e1cter no obligatorio de la recogida de algunos de los datos para la prestaci\u00f3n de la actividad comercial de V\u00e1lvulas Arco.<\/p>\n<h2>Tiempo de conservaci\u00f3n de los datos personales<\/h2>\n<p>V\u00e1lvulas Arco conserva los datos personales de los clientes mientras sean necesarios para prestar los servicios y cumplir con las finalidades descritas en la presente Pol\u00edtica de Privacidad y, si el Usuario ha prestado su consentimiento para alguna solicitud en particular, mientras sea necesario para resolver la consulta y est\u00e9 en vigor la relaci\u00f3n entre V\u00e1lvulas Arco y el cliente y este no manifieste su oposici\u00f3n al tratamiento de sus datos personales. En cualquier caso, incluso una vez finalizada la relaci\u00f3n, los datos personales podr\u00e1n ser conservados mientras sea necesario para prestar los servicios, responder ante posibles responsabilidades derivadas de la prestaci\u00f3n de los servicios, mantener la seguridad y evitar casos de fraude y abuso o de cualquier otra forma sea legalmente requerido.<\/p>\n<p>En particular, en relaci\u00f3n con los datos personales proporcionados mediante el env\u00edo de CV y durante el proceso de selecci\u00f3n, los datos personales se conservar\u00e1n durante el proceso de selecci\u00f3n y, una vez finalizado, durante el plazo de un a\u00f1o a contar desde la fecha en la que se reciba la candidatura de empleo o desde su \u00faltima muestra de inter\u00e9s en una candidatura de V\u00e1lvulas Arco o desde su \u00faltima comunicaci\u00f3n, incluidas las actualizaciones que realice a su perfil. Una vez finalizado el anterior plazo, sus datos ser\u00e1n cancelados.<\/p>\n<h2>Acceso a los datos personales<\/h2>\n<p>Una \u00f3ptima prestaci\u00f3n de la actividad comercial que V\u00e1lvulas Arco ofrece puede requerir el acceso a los datos del cliente por otros terceros prestadores a su vez de servicios a V\u00e1lvulas Arco. As\u00ed, por ejemplo, podr\u00e1n tener acceso a datos de clientes las entidades financieras y de gesti\u00f3n de riesgo crediticio con las que trabaja V\u00e1lvulas Arco en el \u00e1mbito de la relaci\u00f3n comercial, y siguiendo en todo momento el inter\u00e9s leg\u00edtimo de V\u00e1lvulas Arco para una correcta y eficiente realizaci\u00f3n de las actividades comerciales.<\/p>\n<p>Asimismo, V\u00e1lvulas Arco, podr\u00e1 optar por el alojamiento de los datos personales del Cliente en infraestructuras de terceros. Por todo ello, al aceptar la presente Pol\u00edtica de Privacidad, el Cliente entiende que algunos de los mencionados prestadores de servicios pueden encontrarse en pa\u00edses situados fuera del Espacio Econ\u00f3mico Europeo. En estos casos las transferencias se basan en la autorizaci\u00f3n de la Direcci\u00f3n de la Autoridad de Control Espa\u00f1ola, en clausulas modelos tipo aprobadas por la Comisi\u00f3n o en su caso, en el Escudo de Privacidad. Para obtener m\u00e1s informaci\u00f3n sobre las anteriores garant\u00edas o al hecho de que se hayan prestado, puede ponerse en contacto con V\u00e1lvulas Arco por los medios establecidos en el apartado I. Adem\u00e1s de lo anterior, V\u00e1lvulas Arco podr\u00e1 realizar cesiones o comunicaciones de datos personales para atender sus obligaciones con las Administraciones P\u00fablicas en los casos que as\u00ed se requiera de acuerdo con la legislaci\u00f3n vigente en cada momento y en su caso, igualmente a otros \u00f3rganos como Fuerzas y Cuerpos de Seguridad del Estado y a los \u00f3rganos Judiciales.<\/p>\n<h2>Derechos del Cliente<\/h2>\n<p>V\u00e1lvulas Arco informa al Cliente sobre la posibilidad que le asiste de ejercitar los derechos de acceso, rectificaci\u00f3n, oposici\u00f3n, supresi\u00f3n, portabilidad y limitaci\u00f3n del tratamiento, as\u00ed como a rechazar el tratamiento automatizado de los datos personales recogidos por V\u00e1lvulas Arco. Dichos derechos podr\u00e1n ser ejercitados gratuitamente por el Cliente, y en su caso quien lo represente, mediante solicitud escrita y firmada dirigida a la siguiente direcci\u00f3n: Avenida del Cid, 16 \u2013 46134 Foios \u2013 Valencia (Espa\u00f1a). Dicha solicitud deber\u00e1 contener en el asunto la referencia &#8220;Protecci\u00f3n de datos\/V\u00e1lvulas Arco&#8221; y deber\u00e1 incluir los siguientes datos: nombre y apellidos del Cliente, domicilio a efectos de notificaciones, documentaci\u00f3n acreditativa de la identidad del cliente, y petici\u00f3n en que se concreta la solicitud. En el caso de representaci\u00f3n, deber\u00e1 probarse la misma mediante documento fehaciente. Asimismo, el Cliente podr\u00e1 ejercitar los mencionados derechos a trav\u00e9s del correo electr\u00f3nico <a href=\"mailto:RGPD_compliance@valvulasarco.com\">RGPD_compliance@valvulasarco.com<\/a><br \/>\nAdem\u00e1s de los anteriores derechos, el Cliente tendr\u00e1 derecho a retirar el consentimiento otorgado en cualquier momento mediante el procedimiento m\u00e1s arriba descrito, sin que dicha retirada de consentimiento afecte a la licitud del tratamiento anterior a la retirada del mismo. V\u00e1lvulas Arco podr\u00e1 continuar tratando los datos del Cliente en la medida en que la ley aplicable lo permita.<\/p>\n<p>El Cliente tiene derecho a revocar en cualquier momento el consentimiento prestado para el env\u00edo de comunicaciones comerciales con la simple notificaci\u00f3n a V\u00e1lvulas Arco por la cual informa que no desea seguir recibiendo comunicaciones comerciales. Para ello, el Cliente podr\u00e1 o bien revocar su consentimiento en la forma descrita en el apartado anterior.<\/p>\n<p>V\u00e1lvulas Arco recuerda al Cliente que tiene derecho a presentar una reclamaci\u00f3n ante la autoridad de control pertinente, siempre que lo estime oportuno (<a href=\"http:\/\/www.aepd.es\" target=\"_blank\" rel=\"noopener noreferrer\"> www.aepd.es<\/a> )<\/p>\n<h2>Medidas de seguridad<\/h2>\n<p>V\u00e1lvulas Arco se compromete al cumplimiento de su obligaci\u00f3n de secreto de los datos de car\u00e1cter personal y de su deber de guardarlos, y adoptar\u00e1 las medidas necesarias para evitar su alteraci\u00f3n, p\u00e9rdida, tratamiento o acceso no autorizado, de acuerdo con lo establecido por normativa aplicable. V\u00e1lvulas Arco tiene implantadas las medidas de seguridad de \u00edndole t\u00e9cnica y organizativas necesarias para garantizar la seguridad de sus datos de car\u00e1cter personal y evitar su alteraci\u00f3n, p\u00e9rdida y tratamiento y\/o acceso no autorizado, habida cuenta del estado de la tecnolog\u00eda, la naturaleza de los datos almacenados y los riesgos a que est\u00e1n expuestos, ya provengan de la acci\u00f3n humana o del medio f\u00edsico o natural, de acuerdo a lo establecido por la normativa aplicable. V\u00e1lvulas Arco entidad preocupada por la privacidad, en orden a reforzar la confidencialidad e integridad de la informaci\u00f3n en su organizaci\u00f3n, mantiene continuamente la supervisi\u00f3n, control y evaluaci\u00f3n de sus procesos para asegurar el respeto a la privacidad y seguridad de la informaci\u00f3n, seg\u00fan los est\u00e1ndares internacionales.<\/p>\n<h2>Sitios Web<\/h2>\n<p>Nuestros sitios web utilizan cookies para distinguirle a usted de los dem\u00e1s Clientes utilizadores de los mismos, lo que nos ayuda a proporcionarle la mejor experiencia cuando navega por nuestros sitios web, y nos permite asimismo mejorarlos. Puede obtener m\u00e1s informaci\u00f3n sobre el uso de cookies en la <a href=\"https:\/\/valvulasarco.com\/pt-pt\/politica-de-cookies\/\" target=\"_blank\" rel=\"noopener noreferrer\">Pol\u00edtica de Cookies<\/a> de dichos sitios. Los sitios web de V\u00e1lvulas Arco pueden incluir hiperv\u00ednculos a otros sitios que no son operados o controlados por V\u00e1lvulas Arco. Por ello, V\u00e1lvulas Arco no garantiza, ni se hace responsable de la licitud, fiabilidad, utilidad, veracidad y actualidad de los contenidos de tales sitios web o de sus pr\u00e1cticas de privacidad. Por favor antes de proporcionar su informaci\u00f3n personal a estos sitios web ajenos a V\u00e1lvulas Arco, tenga en cuenta que su cumplimiento en materia de protecci\u00f3n de datos puede diferir del nuestro.<\/p>\n<h2>Modificaci\u00f3n de la Pol\u00edtica de Privacidad<\/h2>\n<p>V\u00e1lvulas Arco podr\u00e1 modificar su Pol\u00edtica de Privacidad de acuerdo con la legislaci\u00f3n aplicable en cada momento. En todo caso, cualquier modificaci\u00f3n de la Pol\u00edtica de Privacidad le ser\u00e1 debidamente notificada al Cliente para que, quede informado de los cambios realizados en el tratamiento de sus datos personales y, en caso de que la normativa aplicable as\u00ed lo exija, el Cliente pueda ejercer sus derechos. Los Usuarios deber\u00e1n, en su caso, aceptar la recogida y tratamiento de sus datos personales, de conformidad con la Pol\u00edtica de Privacidad vigente en cada momento para la prestaci\u00f3n de los servicios. En caso de no permitir el tratamiento de los datos personales del Usuario, este no podr\u00e1 disfrutar de ciertas prestaciones y funcionalidades del Sitio Web.<\/p>\n<h2>Contacto<\/h2>\n<p>Para cualquier duda o consulta acerca de esta Pol\u00edtica de Privacidad, no dude en comunicarse con nosotros a trav\u00e9s de los contactos de la secci\u00f3n de \u201cContacto\u201d o envi\u00e1ndonos un email a <a href=\"mailto:RGPD_compliance@valvulasarco.com\">RGPD_compliance@valvulasarco.com<\/a>[\/vc_column_text][\/vc_column][vc_column width=&#8221;1\/6&#8243; css=&#8221;.vc_custom_1595489669160{padding-top: 0px !important;}&#8221;][\/vc_column][\/vc_row]<\/p>\n","protected":false},"excerpt":{"rendered":"<p>[vc_row full_width=&#8221;stretch_row&#8221; el_class=&#8221;breadcrumb legal&#8221; css=&#8221;.vc_custom_1595486378721{background-color: #f0f0f0 !important;}&#8221;][vc_column css=&#8221;.vc_custom_1594132444794{padding-top: 0px !important;}&#8221;][\/vc_column][\/vc_row][vc_row full_width=&#8221;stretch_row&#8221; el_class=&#8221;banner_pagina banner_legal&#8221; css=&#8221;.vc_custom_1595486373245{background-color: #f0f0f0 !important;}&#8221;][vc_column css=&#8221;.vc_custom_1594131934187{padding-top: 0px !important;}&#8221;][vc_column_text] POL\u00cdTICA DE PRIVACIDAD [\/vc_column_text][\/vc_column][\/vc_row][vc_row el_class=&#8221;bloque texto_legal&#8221; css=&#8221;.vc_custom_1595490363657{padding-top: 60px !important;}&#8221;][vc_column width=&#8221;1\/6&#8243; css=&#8221;.vc_custom_1595489665185{padding-top: 0px !important;}&#8221;][\/vc_column][vc_column width=&#8221;2\/3&#8243; css=&#8221;.vc_custom_1595489661478{padding-top: 0px !important;}&#8221;][vc_column_text]Al utilizar este sitio web (\u201cSitio Web\u201d) o solicitar cualquiera de sus servicios o productos, V\u00c1LVULAS ARCOS S.L. recaba los [&hellip;]<\/p>\n","protected":false},"author":1,"featured_media":0,"parent":0,"menu_order":0,"comment_status":"closed","ping_status":"closed","template":"","meta":[],"acf":[],"yoast_head":"<!-- This site is optimized with the Yoast SEO plugin v20.4 - https:\/\/yoast.com\/wordpress\/plugins\/seo\/ -->\n<title>Pol\u00edtica de privacidade - Arco<\/title>\n<meta name=\"robots\" content=\"noindex, nofollow\" \/>\n<meta property=\"og:locale\" content=\"pt_PT\" \/>\n<meta property=\"og:type\" content=\"article\" \/>\n<meta property=\"og:title\" content=\"Pol\u00edtica de privacidade - Arco\" \/>\n<meta property=\"og:description\" content=\"[vc_row full_width=&#8221;stretch_row&#8221; el_class=&#8221;breadcrumb legal&#8221; css=&#8221;.vc_custom_1595486378721{background-color: #f0f0f0 !important;}&#8221;][vc_column css=&#8221;.vc_custom_1594132444794{padding-top: 0px !important;}&#8221;][\/vc_column][\/vc_row][vc_row full_width=&#8221;stretch_row&#8221; el_class=&#8221;banner_pagina banner_legal&#8221; css=&#8221;.vc_custom_1595486373245{background-color: #f0f0f0 !important;}&#8221;][vc_column css=&#8221;.vc_custom_1594131934187{padding-top: 0px !important;}&#8221;][vc_column_text] POL\u00cdTICA DE PRIVACIDAD [\/vc_column_text][\/vc_column][\/vc_row][vc_row el_class=&#8221;bloque texto_legal&#8221; css=&#8221;.vc_custom_1595490363657{padding-top: 60px !important;}&#8221;][vc_column width=&#8221;1\/6&#8243; css=&#8221;.vc_custom_1595489665185{padding-top: 0px !important;}&#8221;][\/vc_column][vc_column width=&#8221;2\/3&#8243; css=&#8221;.vc_custom_1595489661478{padding-top: 0px !important;}&#8221;][vc_column_text]Al utilizar este sitio web (\u201cSitio Web\u201d) o solicitar cualquiera de sus servicios o productos, V\u00c1LVULAS ARCOS S.L. recaba los [&hellip;]\" \/>\n<meta property=\"og:url\" content=\"https:\/\/valvulasarco.com\/pt-pt\/politica-de-privacidade\/\" \/>\n<meta property=\"og:site_name\" content=\"Arco\" \/>\n<meta property=\"article:modified_time\" content=\"2021-03-17T11:40:15+00:00\" \/>\n<meta name=\"twitter:card\" content=\"summary_large_image\" \/>\n<meta name=\"twitter:label1\" content=\"Tempo estimado de leitura\" \/>\n\t<meta name=\"twitter:data1\" content=\"12 minutos\" \/>\n<script type=\"application\/ld+json\" class=\"yoast-schema-graph\">{\"@context\":\"https:\/\/schema.org\",\"@graph\":[{\"@type\":\"WebPage\",\"@id\":\"https:\/\/valvulasarco.com\/pt-pt\/politica-de-privacidade\/\",\"url\":\"https:\/\/valvulasarco.com\/pt-pt\/politica-de-privacidade\/\",\"name\":\"Pol\u00edtica de privacidade - Arco\",\"isPartOf\":{\"@id\":\"https:\/\/valvulasarco.com\/#website\"},\"datePublished\":\"2020-07-01T07:46:05+00:00\",\"dateModified\":\"2021-03-17T11:40:15+00:00\",\"breadcrumb\":{\"@id\":\"https:\/\/valvulasarco.com\/pt-pt\/politica-de-privacidade\/#breadcrumb\"},\"inLanguage\":\"pt-PT\",\"potentialAction\":[{\"@type\":\"ReadAction\",\"target\":[\"https:\/\/valvulasarco.com\/pt-pt\/politica-de-privacidade\/\"]}]},{\"@type\":\"BreadcrumbList\",\"@id\":\"https:\/\/valvulasarco.com\/pt-pt\/politica-de-privacidade\/#breadcrumb\",\"itemListElement\":[{\"@type\":\"ListItem\",\"position\":1,\"name\":\"Portada\",\"item\":\"https:\/\/valvulasarco.com\/pt-pt\/\"},{\"@type\":\"ListItem\",\"position\":2,\"name\":\"Pol\u00edtica de privacidade\"}]},{\"@type\":\"WebSite\",\"@id\":\"https:\/\/valvulasarco.com\/#website\",\"url\":\"https:\/\/valvulasarco.com\/\",\"name\":\"Arco\",\"description\":\"Arco\",\"publisher\":{\"@id\":\"https:\/\/valvulasarco.com\/#organization\"},\"potentialAction\":[{\"@type\":\"SearchAction\",\"target\":{\"@type\":\"EntryPoint\",\"urlTemplate\":\"https:\/\/valvulasarco.com\/?s={search_term_string}\"},\"query-input\":\"required name=search_term_string\"}],\"inLanguage\":\"pt-PT\"},{\"@type\":\"Organization\",\"@id\":\"https:\/\/valvulasarco.com\/#organization\",\"name\":\"Arco\",\"url\":\"https:\/\/valvulasarco.com\/\",\"logo\":{\"@type\":\"ImageObject\",\"inLanguage\":\"pt-PT\",\"@id\":\"https:\/\/valvulasarco.com\/#\/schema\/logo\/image\/\",\"url\":\"https:\/\/valvulasarco.com\/wp-content\/uploads\/2020\/11\/Logo-Arco.png\",\"contentUrl\":\"https:\/\/valvulasarco.com\/wp-content\/uploads\/2020\/11\/Logo-Arco.png\",\"width\":750,\"height\":479,\"caption\":\"Arco\"},\"image\":{\"@id\":\"https:\/\/valvulasarco.com\/#\/schema\/logo\/image\/\"}}]}<\/script>\n<!-- \/ Yoast SEO plugin. -->","yoast_head_json":{"title":"Pol\u00edtica de privacidade - Arco","robots":{"index":"noindex","follow":"nofollow"},"og_locale":"pt_PT","og_type":"article","og_title":"Pol\u00edtica de privacidade - Arco","og_description":"[vc_row full_width=&#8221;stretch_row&#8221; el_class=&#8221;breadcrumb legal&#8221; css=&#8221;.vc_custom_1595486378721{background-color: #f0f0f0 !important;}&#8221;][vc_column css=&#8221;.vc_custom_1594132444794{padding-top: 0px !important;}&#8221;][\/vc_column][\/vc_row][vc_row full_width=&#8221;stretch_row&#8221; el_class=&#8221;banner_pagina banner_legal&#8221; css=&#8221;.vc_custom_1595486373245{background-color: #f0f0f0 !important;}&#8221;][vc_column css=&#8221;.vc_custom_1594131934187{padding-top: 0px !important;}&#8221;][vc_column_text] POL\u00cdTICA DE PRIVACIDAD [\/vc_column_text][\/vc_column][\/vc_row][vc_row el_class=&#8221;bloque texto_legal&#8221; css=&#8221;.vc_custom_1595490363657{padding-top: 60px !important;}&#8221;][vc_column width=&#8221;1\/6&#8243; css=&#8221;.vc_custom_1595489665185{padding-top: 0px !important;}&#8221;][\/vc_column][vc_column width=&#8221;2\/3&#8243; css=&#8221;.vc_custom_1595489661478{padding-top: 0px !important;}&#8221;][vc_column_text]Al utilizar este sitio web (\u201cSitio Web\u201d) o solicitar cualquiera de sus servicios o productos, V\u00c1LVULAS ARCOS S.L. recaba los [&hellip;]","og_url":"https:\/\/valvulasarco.com\/pt-pt\/politica-de-privacidade\/","og_site_name":"Arco","article_modified_time":"2021-03-17T11:40:15+00:00","twitter_card":"summary_large_image","twitter_misc":{"Tempo estimado de leitura":"12 minutos"},"schema":{"@context":"https:\/\/schema.org","@graph":[{"@type":"WebPage","@id":"https:\/\/valvulasarco.com\/pt-pt\/politica-de-privacidade\/","url":"https:\/\/valvulasarco.com\/pt-pt\/politica-de-privacidade\/","name":"Pol\u00edtica de privacidade - Arco","isPartOf":{"@id":"https:\/\/valvulasarco.com\/#website"},"datePublished":"2020-07-01T07:46:05+00:00","dateModified":"2021-03-17T11:40:15+00:00","breadcrumb":{"@id":"https:\/\/valvulasarco.com\/pt-pt\/politica-de-privacidade\/#breadcrumb"},"inLanguage":"pt-PT","potentialAction":[{"@type":"ReadAction","target":["https:\/\/valvulasarco.com\/pt-pt\/politica-de-privacidade\/"]}]},{"@type":"BreadcrumbList","@id":"https:\/\/valvulasarco.com\/pt-pt\/politica-de-privacidade\/#breadcrumb","itemListElement":[{"@type":"ListItem","position":1,"name":"Portada","item":"https:\/\/valvulasarco.com\/pt-pt\/"},{"@type":"ListItem","position":2,"name":"Pol\u00edtica de privacidade"}]},{"@type":"WebSite","@id":"https:\/\/valvulasarco.com\/#website","url":"https:\/\/valvulasarco.com\/","name":"Arco","description":"Arco","publisher":{"@id":"https:\/\/valvulasarco.com\/#organization"},"potentialAction":[{"@type":"SearchAction","target":{"@type":"EntryPoint","urlTemplate":"https:\/\/valvulasarco.com\/?s={search_term_string}"},"query-input":"required name=search_term_string"}],"inLanguage":"pt-PT"},{"@type":"Organization","@id":"https:\/\/valvulasarco.com\/#organization","name":"Arco","url":"https:\/\/valvulasarco.com\/","logo":{"@type":"ImageObject","inLanguage":"pt-PT","@id":"https:\/\/valvulasarco.com\/#\/schema\/logo\/image\/","url":"https:\/\/valvulasarco.com\/wp-content\/uploads\/2020\/11\/Logo-Arco.png","contentUrl":"https:\/\/valvulasarco.com\/wp-content\/uploads\/2020\/11\/Logo-Arco.png","width":750,"height":479,"caption":"Arco"},"image":{"@id":"https:\/\/valvulasarco.com\/#\/schema\/logo\/image\/"}}]}},"_links":{"self":[{"href":"https:\/\/valvulasarco.com\/pt-pt\/wp-json\/wp\/v2\/pages\/2319"}],"collection":[{"href":"https:\/\/valvulasarco.com\/pt-pt\/wp-json\/wp\/v2\/pages"}],"about":[{"href":"https:\/\/valvulasarco.com\/pt-pt\/wp-json\/wp\/v2\/types\/page"}],"author":[{"embeddable":true,"href":"https:\/\/valvulasarco.com\/pt-pt\/wp-json\/wp\/v2\/users\/1"}],"replies":[{"embeddable":true,"href":"https:\/\/valvulasarco.com\/pt-pt\/wp-json\/wp\/v2\/comments?post=2319"}],"version-history":[{"count":2,"href":"https:\/\/valvulasarco.com\/pt-pt\/wp-json\/wp\/v2\/pages\/2319\/revisions"}],"predecessor-version":[{"id":2321,"href":"https:\/\/valvulasarco.com\/pt-pt\/wp-json\/wp\/v2\/pages\/2319\/revisions\/2321"}],"wp:attachment":[{"href":"https:\/\/valvulasarco.com\/pt-pt\/wp-json\/wp\/v2\/media?parent=2319"}],"curies":[{"name":"wp","href":"https:\/\/api.w.org\/{rel}","templated":true}]}}