{"id":2266,"date":"2020-08-04T06:58:57","date_gmt":"2020-08-04T06:58:57","guid":{"rendered":"https:\/\/valvulasarco.com\/lineas-de-negocio\/"},"modified":"2021-04-01T09:36:25","modified_gmt":"2021-04-01T09:36:25","slug":"linhas-de-negocio","status":"publish","type":"page","link":"https:\/\/valvulasarco.com\/pt-pt\/linhas-de-negocio\/","title":{"rendered":"L\u00ednhas de neg\u00f3cio"},"content":{"rendered":"","protected":false},"excerpt":{"rendered":"","protected":false},"author":1,"featured_media":0,"parent":0,"menu_order":0,"comment_status":"closed","ping_status":"closed","template":"","meta":[],"acf":[],"yoast_head":"<!-- This site is optimized with the Yoast SEO plugin v20.4 - https:\/\/yoast.com\/wordpress\/plugins\/seo\/ -->\n<title>Arco, especialista em v\u00e1lvulas e sistemas para instala\u00e7\u00f5es de \u00e1gua.<\/title>\n<meta name=\"description\" content=\"Entre e descubra a nossa linha de produtos para instala\u00e7\u00f5es de \u00e1gua: v\u00e1lvulas, tubos, sistemas, acess\u00f3rios\u2026\" \/>\n<meta name=\"robots\" content=\"index, follow, max-snippet:-1, max-image-preview:large, max-video-preview:-1\" \/>\n<link rel=\"canonical\" href=\"https:\/\/valvulasarco.com\/pt-pt\/linhas-de-negocio\/\" \/>\n<meta property=\"og:locale\" content=\"pt_PT\" \/>\n<meta property=\"og:type\" content=\"article\" \/>\n<meta property=\"og:title\" content=\"Arco, especialista em v\u00e1lvulas e sistemas para instala\u00e7\u00f5es de \u00e1gua.\" \/>\n<meta property=\"og:description\" content=\"Entre e descubra a nossa linha de produtos para instala\u00e7\u00f5es de \u00e1gua: v\u00e1lvulas, tubos, sistemas, acess\u00f3rios\u2026\" \/>\n<meta property=\"og:url\" content=\"https:\/\/valvulasarco.com\/pt-pt\/linhas-de-negocio\/\" \/>\n<meta property=\"og:site_name\" content=\"Arco\" \/>\n<meta property=\"article:modified_time\" content=\"2021-04-01T09:36:25+00:00\" \/>\n<meta name=\"twitter:card\" content=\"summary_large_image\" \/>\n<script type=\"application\/ld+json\" class=\"yoast-schema-graph\">{\"@context\":\"https:\/\/schema.org\",\"@graph\":[{\"@type\":\"WebPage\",\"@id\":\"https:\/\/valvulasarco.com\/pt-pt\/linhas-de-negocio\/\",\"url\":\"https:\/\/valvulasarco.com\/pt-pt\/linhas-de-negocio\/\",\"name\":\"Arco, especialista em v\u00e1lvulas e sistemas para instala\u00e7\u00f5es de \u00e1gua.\",\"isPartOf\":{\"@id\":\"https:\/\/valvulasarco.com\/#website\"},\"datePublished\":\"2020-08-04T06:58:57+00:00\",\"dateModified\":\"2021-04-01T09:36:25+00:00\",\"description\":\"Entre e descubra a nossa linha de produtos para instala\u00e7\u00f5es de \u00e1gua: v\u00e1lvulas, tubos, sistemas, acess\u00f3rios\u2026\",\"breadcrumb\":{\"@id\":\"https:\/\/valvulasarco.com\/pt-pt\/linhas-de-negocio\/#breadcrumb\"},\"inLanguage\":\"pt-PT\",\"potentialAction\":[{\"@type\":\"ReadAction\",\"target\":[\"https:\/\/valvulasarco.com\/pt-pt\/linhas-de-negocio\/\"]}]},{\"@type\":\"BreadcrumbList\",\"@id\":\"https:\/\/valvulasarco.com\/pt-pt\/linhas-de-negocio\/#breadcrumb\",\"itemListElement\":[{\"@type\":\"ListItem\",\"position\":1,\"name\":\"Portada\",\"item\":\"https:\/\/valvulasarco.com\/pt-pt\/\"},{\"@type\":\"ListItem\",\"position\":2,\"name\":\"L\u00ednhas de neg\u00f3cio\"}]},{\"@type\":\"WebSite\",\"@id\":\"https:\/\/valvulasarco.com\/#website\",\"url\":\"https:\/\/valvulasarco.com\/\",\"name\":\"Arco\",\"description\":\"Arco\",\"publisher\":{\"@id\":\"https:\/\/valvulasarco.com\/#organization\"},\"potentialAction\":[{\"@type\":\"SearchAction\",\"target\":{\"@type\":\"EntryPoint\",\"urlTemplate\":\"https:\/\/valvulasarco.com\/?s={search_term_string}\"},\"query-input\":\"required name=search_term_string\"}],\"inLanguage\":\"pt-PT\"},{\"@type\":\"Organization\",\"@id\":\"https:\/\/valvulasarco.com\/#organization\",\"name\":\"Arco\",\"url\":\"https:\/\/valvulasarco.com\/\",\"logo\":{\"@type\":\"ImageObject\",\"inLanguage\":\"pt-PT\",\"@id\":\"https:\/\/valvulasarco.com\/#\/schema\/logo\/image\/\",\"url\":\"https:\/\/valvulasarco.com\/wp-content\/uploads\/2020\/11\/Logo-Arco.png\",\"contentUrl\":\"https:\/\/valvulasarco.com\/wp-content\/uploads\/2020\/11\/Logo-Arco.png\",\"width\":750,\"height\":479,\"caption\":\"Arco\"},\"image\":{\"@id\":\"https:\/\/valvulasarco.com\/#\/schema\/logo\/image\/\"}}]}<\/script>\n<!-- \/ Yoast SEO plugin. -->","yoast_head_json":{"title":"Arco, especialista em v\u00e1lvulas e sistemas para instala\u00e7\u00f5es de \u00e1gua.","description":"Entre e descubra a nossa linha de produtos para instala\u00e7\u00f5es de \u00e1gua: v\u00e1lvulas, tubos, sistemas, acess\u00f3rios\u2026","robots":{"index":"index","follow":"follow","max-snippet":"max-snippet:-1","max-image-preview":"max-image-preview:large","max-video-preview":"max-video-preview:-1"},"canonical":"https:\/\/valvulasarco.com\/pt-pt\/linhas-de-negocio\/","og_locale":"pt_PT","og_type":"article","og_title":"Arco, especialista em v\u00e1lvulas e sistemas para instala\u00e7\u00f5es de \u00e1gua.","og_description":"Entre e descubra a nossa linha de produtos para instala\u00e7\u00f5es de \u00e1gua: v\u00e1lvulas, tubos, sistemas, acess\u00f3rios\u2026","og_url":"https:\/\/valvulasarco.com\/pt-pt\/linhas-de-negocio\/","og_site_name":"Arco","article_modified_time":"2021-04-01T09:36:25+00:00","twitter_card":"summary_large_image","schema":{"@context":"https:\/\/schema.org","@graph":[{"@type":"WebPage","@id":"https:\/\/valvulasarco.com\/pt-pt\/linhas-de-negocio\/","url":"https:\/\/valvulasarco.com\/pt-pt\/linhas-de-negocio\/","name":"Arco, especialista em v\u00e1lvulas e sistemas para instala\u00e7\u00f5es de \u00e1gua.","isPartOf":{"@id":"https:\/\/valvulasarco.com\/#website"},"datePublished":"2020-08-04T06:58:57+00:00","dateModified":"2021-04-01T09:36:25+00:00","description":"Entre e descubra a nossa linha de produtos para instala\u00e7\u00f5es de \u00e1gua: v\u00e1lvulas, tubos, sistemas, acess\u00f3rios\u2026","breadcrumb":{"@id":"https:\/\/valvulasarco.com\/pt-pt\/linhas-de-negocio\/#breadcrumb"},"inLanguage":"pt-PT","potentialAction":[{"@type":"ReadAction","target":["https:\/\/valvulasarco.com\/pt-pt\/linhas-de-negocio\/"]}]},{"@type":"BreadcrumbList","@id":"https:\/\/valvulasarco.com\/pt-pt\/linhas-de-negocio\/#breadcrumb","itemListElement":[{"@type":"ListItem","position":1,"name":"Portada","item":"https:\/\/valvulasarco.com\/pt-pt\/"},{"@type":"ListItem","position":2,"name":"L\u00ednhas de neg\u00f3cio"}]},{"@type":"WebSite","@id":"https:\/\/valvulasarco.com\/#website","url":"https:\/\/valvulasarco.com\/","name":"Arco","description":"Arco","publisher":{"@id":"https:\/\/valvulasarco.com\/#organization"},"potentialAction":[{"@type":"SearchAction","target":{"@type":"EntryPoint","urlTemplate":"https:\/\/valvulasarco.com\/?s={search_term_string}"},"query-input":"required name=search_term_string"}],"inLanguage":"pt-PT"},{"@type":"Organization","@id":"https:\/\/valvulasarco.com\/#organization","name":"Arco","url":"https:\/\/valvulasarco.com\/","logo":{"@type":"ImageObject","inLanguage":"pt-PT","@id":"https:\/\/valvulasarco.com\/#\/schema\/logo\/image\/","url":"https:\/\/valvulasarco.com\/wp-content\/uploads\/2020\/11\/Logo-Arco.png","contentUrl":"https:\/\/valvulasarco.com\/wp-content\/uploads\/2020\/11\/Logo-Arco.png","width":750,"height":479,"caption":"Arco"},"image":{"@id":"https:\/\/valvulasarco.com\/#\/schema\/logo\/image\/"}}]}},"_links":{"self":[{"href":"https:\/\/valvulasarco.com\/pt-pt\/wp-json\/wp\/v2\/pages\/2266"}],"collection":[{"href":"https:\/\/valvulasarco.com\/pt-pt\/wp-json\/wp\/v2\/pages"}],"about":[{"href":"https:\/\/valvulasarco.com\/pt-pt\/wp-json\/wp\/v2\/types\/page"}],"author":[{"embeddable":true,"href":"https:\/\/valvulasarco.com\/pt-pt\/wp-json\/wp\/v2\/users\/1"}],"replies":[{"embeddable":true,"href":"https:\/\/valvulasarco.com\/pt-pt\/wp-json\/wp\/v2\/comments?post=2266"}],"version-history":[{"count":4,"href":"https:\/\/valvulasarco.com\/pt-pt\/wp-json\/wp\/v2\/pages\/2266\/revisions"}],"predecessor-version":[{"id":5770,"href":"https:\/\/valvulasarco.com\/pt-pt\/wp-json\/wp\/v2\/pages\/2266\/revisions\/5770"}],"wp:attachment":[{"href":"https:\/\/valvulasarco.com\/pt-pt\/wp-json\/wp\/v2\/media?parent=2266"}],"curies":[{"name":"wp","href":"https:\/\/api.w.org\/{rel}","templated":true}]}}