{"id":2241,"date":"2020-07-09T09:31:53","date_gmt":"2020-07-09T09:31:53","guid":{"rendered":"https:\/\/valvulasarco.com\/productos\/"},"modified":"2022-04-29T16:17:33","modified_gmt":"2022-04-29T14:17:33","slug":"productos","status":"publish","type":"page","link":"https:\/\/valvulasarco.com\/pt-pt\/productos\/","title":{"rendered":"Productos"},"content":{"rendered":"<p>[vc_row full_width=&#8221;stretch_row&#8221; el_class=&#8221;banner_pagina banner_productos_cat&#8221; css=&#8221;.vc_custom_1604404885449{background-image: url(https:\/\/valvulasarco.com\/wp-content\/uploads\/2020\/07\/PRODUCTO_CAB.jpg?id=611) !important;background-position: center !important;background-repeat: no-repeat !important;background-size: cover !important;}&#8221;][vc_column width=&#8221;1\/2&#8243; css=&#8221;.vc_custom_1594131934187{padding-top: 0px !important;}&#8221;][vc_column_text]<\/p>\n<h1>PRODUTOS<\/h1>\n<h2>Especialistas no desenho e fabrica\u00e7\u00e3o de sistemas para instala\u00e7\u00f5es de \u00e1gua, g\u00e1s e aquecimento em todo o mundo.<\/h2>\n<p>[\/vc_column_text][\/vc_column][vc_column width=&#8221;1\/2&#8243; css=&#8221;.vc_custom_1594131938133{padding-top: 0px !important;}&#8221;][\/vc_column][\/vc_row][vc_row el_class=&#8221;breadcrumb bread_productos&#8221;][vc_column css=&#8221;.vc_custom_1594132444794{padding-top: 0px !important;}&#8221;]<div itemscope itemtype=\"https:\/\/schema.org\/BreadcrumbList\" id=\"breadcrumb\"><div itemprop=\"itemListElement\" itemscope itemtype=\"https:\/\/schema.org\/ListItem\"><a itemprop=\"item\" href=\"https:\/\/valvulasarco.com\/pt-pt\/\"><span class=\"vc_icon_element-icon fa fa-home\"><\/span><span itemprop=\"name\">Inicio<\/span><\/a><meta itemprop=\"position\" content=\"1\" \/><\/div><div itemprop=\"itemListElement hola\" itemscope itemtype=\"https:\/\/schema.org\/ListItem\"><span>><\/span><a itemprop=\"item\" href=\"https:\/\/valvulasarco.com\/pt-pt\/productos\/\"><span itemprop=\"name\">Productos<\/span><\/a><meta itemprop=\"position\" content=\"3\"><\/div><\/div>[\/vc_column][\/vc_row][vc_row full_width=&#8221;stretch_row_content_no_spaces&#8221; el_class=&#8221;descarga_catalogo_home descarga_productos&#8221;][vc_column][vc_raw_html]JTNDYSUyMGhyZWYlM0QlMjIlMkZ3cC1jb250ZW50JTJGdXBsb2FkcyUyRjIwMjIlMkYwMiUyRkNhdGFsb2dvLTIwMjEtQXJjb19TUC5wZGYlMjIlMjB0YXJnZXQlM0QlMjJfYmxhbmslMjIlM0UlM0NzcGFuJTNFJTNDaSUyMGNsYXNzJTNEJTIyZmFzJTIwZmEtZG93bmxvYWQlMjIlM0UlM0MlMkZpJTNFJTIwQ2F0JUMzJUExbG9nbyUzQyUyRnNwYW4lM0UlM0MlMkZhJTNF[\/vc_raw_html][\/vc_column][\/vc_row][vc_row el_class=&#8221;productos_profesionales&#8221; css=&#8221;.vc_custom_1611148801863{padding-top: 0px !important;padding-bottom: 0px !important;}&#8221;][vc_column][vc_row el_class=\"productos_profesionales\"][\/vc_row][\/vc_column][\/vc_row][vc_row el_class=&#8221;separador_producto bloque&#8221;][vc_column][vc_column_text el_class=&#8221;titulo&#8221;]<\/p>\n<p style=\"text-align: center;\">Sistemas<\/p>\n<p>[\/vc_column_text][vc_row_inner el_class=&#8221;productos_sistema_listado&#8221;][vc_column_inner width=&#8221;1\/3&#8243;][vc_raw_html]JTNDZGl2JTIwY2xhc3MlM0QlMjJpdGVtLXByb2R1Y3RvLXNpc3RlbWFzJTIwb2Z1c2Nhcl9saW5rJTIyJTIwZGF0YS11cmwlM0QlMjIlMkZwdC1wdCUyRnByb2R1Y3RvcyUyRmNhdGVnb3JpYSUyRmFndWElMkZhZ3VhLXR1Ym8tcmFjb3JlcyUyRiUyMiUyMGRhdGEtbmV3LXdpbmRvdyUzRCUyMjAlMjIlM0UlMEElMjAlMjAlMjAlMjAlMjAlM0NkaXYlMjBjbGFzcyUzRCUyMmluZm8lMjIlM0UlMEElMDklM0NkaXYlMjBjbGFzcyUzRCUyMmltYWdlbiUyMiUzRSUwQSUwOSUwOSUzQ2ltZyUyMHNyYyUzRCUyMiUyRndwLWNvbnRlbnQlMkZ1cGxvYWRzJTJGMjAyMCUyRjEwJTJGdHViby1yYWNvcmVzLWFndWEtMS5wbmclMjIlM0UlMEElMjAlMjAlMjAlMjAlMjAlMjAlMjAlMjAlM0MlMkZkaXYlM0UlMEElMDklM0NkaXYlMjBjbGFzcyUzRCUyMnRpdHVsbyUyMiUzRSUwQSUwOSUwOSUzQ2ElMjBocmVmJTNEJTIyJTJGcHQtcHQlMkZwcm9kdWN0b3MlMkZjYXRlZ29yaWElMkZhZ3VhJTJGYWd1YS10dWJvLXJhY29yZXMlMkYlMjIlM0VTSVNURU1BUyUyMFBBUkElMjAlQzMlODFHVUElM0MlMkZhJTNFJTBBJTA5JTNDJTJGZGl2JTNFJTBBJTIwJTIwJTIwJTNDJTJGZGl2JTNFJTBBJTNDJTJGZGl2JTNF[\/vc_raw_html][\/vc_column_inner][vc_column_inner width=&#8221;1\/3&#8243;][vc_raw_html]JTNDZGl2JTIwY2xhc3MlM0QlMjJpdGVtLXByb2R1Y3RvLXNpc3RlbWFzJTIwb2Z1c2Nhcl9saW5rJTIyJTIwZGF0YS11cmwlM0QlMjIlMkZwdC1wdCUyRnByb2R1Y3RvcyUyRmNhdGVnb3JpYSUyRmdhcyUyRmdhcy10dWJvLXJhY29yZXMlMkYlMjIlMjBkYXRhLW5ldy13aW5kb3clM0QlMjIwJTIyJTNFJTBBJTIwJTIwJTIwJTIwJTIwJTNDZGl2JTIwY2xhc3MlM0QlMjJpbmZvJTIyJTNFJTBBJTA5JTNDZGl2JTIwY2xhc3MlM0QlMjJpbWFnZW4lMjIlM0UlMEElMDklMDklM0NpbWclMjBzcmMlM0QlMjIlMkZ3cC1jb250ZW50JTJGdXBsb2FkcyUyRjIwMjAlMkYxMCUyRnR1Ym8tcmFjb3Jlcy1nYXMucG5nJTIyJTNFJTBBJTIwJTIwJTIwJTIwJTIwJTIwJTIwJTIwJTNDJTJGZGl2JTNFJTBBJTA5JTNDZGl2JTIwY2xhc3MlM0QlMjJ0aXR1bG8lMjIlM0UlMEElMDklMDklM0NhJTIwaHJlZiUzRCUyMiUyRnB0LXB0JTJGcHJvZHVjdG9zJTJGY2F0ZWdvcmlhJTJGZ2FzJTJGZ2FzLXR1Ym8tcmFjb3JlcyUyRiUyMiUzRVNJU1RFTUFTJTIwUEFSQSUyMEclQzMlODFTJTNDJTJGYSUzRSUwQSUwOSUzQyUyRmRpdiUzRSUwQSUyMCUyMCUyMCUzQyUyRmRpdiUzRSUwQSUzQyUyRmRpdiUzRQ==[\/vc_raw_html][\/vc_column_inner][vc_column_inner width=&#8221;1\/3&#8243;][vc_raw_html]JTNDZGl2JTIwY2xhc3MlM0QlMjJpdGVtLXByb2R1Y3RvLXNpc3RlbWFzJTIwb2Z1c2Nhcl9saW5rJTIyJTIwZGF0YS11cmwlM0QlMjIlMkZwdC1wdCUyRnByb2R1Y3RvcyUyRmNhdGVnb3JpYSUyRmNhbGVmYWNjaW9uJTJGY2FsZWZhY2Npb24tdHViby1yYWNvcmVzJTJGJTIyJTIwZGF0YS1uZXctd2luZG93JTNEJTIyMCUyMiUzRSUwQSUyMCUyMCUyMCUyMCUyMCUzQ2RpdiUyMGNsYXNzJTNEJTIyaW5mbyUyMiUzRSUwQSUwOSUzQ2RpdiUyMGNsYXNzJTNEJTIyaW1hZ2VuJTIyJTNFJTBBJTA5JTA5JTNDaW1nJTIwc3JjJTNEJTIyJTJGd3AtY29udGVudCUyRnVwbG9hZHMlMkYyMDIwJTJGMTAlMkZ0dWJvLXJhY29yZXMtY2FsZWZhY2Npb24ucG5nJTIyJTNFJTBBJTIwJTIwJTIwJTIwJTIwJTIwJTIwJTIwJTNDJTJGZGl2JTNFJTBBJTA5JTNDZGl2JTIwY2xhc3MlM0QlMjJ0aXR1bG8lMjIlM0UlMEElMDklMDklM0NhJTIwaHJlZiUzRCUyMiUyRnB0LXB0JTJGcHJvZHVjdG9zJTJGY2F0ZWdvcmlhJTJGY2FsZWZhY2Npb24lMkZjYWxlZmFjY2lvbi10dWJvLXJhY29yZXMlMkYlMjIlM0VTSVNURU1BUyUyMFBBUkElMjBBUVVFQ0lNRU5UTyUzQyUyRmElM0UlMEElMDklM0MlMkZkaXYlM0UlMEElMjAlMjAlMjAlM0MlMkZkaXYlM0UlMEElM0MlMkZkaXYlM0U=[\/vc_raw_html][\/vc_column_inner][\/vc_row_inner][\/vc_column][\/vc_row][vc_row full_width=&#8221;stretch_row&#8221; el_class=&#8221;bloque portada_productos_slide&#8221; css=&#8221;.vc_custom_1595502655208{background-color: #f0f0f0 !important;}&#8221;][vc_column css=&#8221;.vc_custom_1595502946175{padding-top: 0px !important;}&#8221;][vc_column_text el_class=&#8221;titulo_portada_productos_slide&#8221;]NOVIDADES[\/vc_column_text]<div class=\"slider_productos_portada slider_grid_3\">[vc_column width=\"1\/3\" el_class=\"primero item\"]<div class=\"ofuscar_link\" data-url=\"https:\/\/valvulasarco.com\/pt-pt\/productos\/a00744-valvula-retencion-pn16-h-h-roscar-vitaq-stop\/\" data-new-window=\"0\">[vc_single_image image=\"1828\" el_class=\"imagen\"][vc_row_inner el_class=\"info\"][vc_column_inner][vc_column_text el_class=\"titulo\"]V\u00e1lvula de reten\u00e7\u00e3o VITAQ[\/vc_column_text][vc_column_text el_class=\"resumen\"]Melhoramos a nossa v\u00e1lvula de reten\u00e7\u00e3o anti-calc\u00e1rio VITAQ, que impede que o calc\u00e1rio adira ao interior da v\u00e1lvula, prolongando a sua vida \u00fatil. [\/vc_column_text][vc_column_text el_class=\"enlace\"]<a href=\"https:\/\/valvulasarco.com\/pt-pt\/productos\/a00744-valvula-retencion-pn16-h-h-roscar-vitaq-stop\/\"><img src=\"\/wp-content\/uploads\/2020\/07\/IC-MAS-AZUL-1.svg\" alt=\"\" width=\"1\" height=\"1\" \/><\/a>[\/vc_column_text][\/vc_column_inner][\/vc_row_inner]<\/div>[\/vc_column][vc_column width=\"1\/3\" el_class=\"primero item\"]<div class=\"ofuscar_link\" data-url=\"https:\/\/valvulasarco.com\/pt-pt\/productos\/a00757-valvula-escuadra-pn10-m-m-x-m-roscar-vitaq-mando-abs-cromo-a%c2%b780-twin\/\" data-new-window=\"0\">[vc_single_image image=\"1835\" el_class=\"imagen\"][vc_row_inner el_class=\"info\"][vc_column_inner][vc_column_text el_class=\"titulo\"]V\u00e1lvula Twin: lat\u00e3o com baixo teor de chumbo[\/vc_column_text][vc_column_text el_class=\"resumen\"]A Arco apresenta a sua primeira v\u00e1lvula em lat\u00e3o com baixo teor de chumbo e com sistema anti-calc\u00e1rio VITAQ. Mais sustent\u00e1vel e com m\u00faltiplas aplica\u00e7\u00f5es [\/vc_column_text][vc_column_text el_class=\"enlace\"]<a href=\"https:\/\/valvulasarco.com\/pt-pt\/productos\/a00757-valvula-escuadra-pn10-m-m-x-m-roscar-vitaq-mando-abs-cromo-a%c2%b780-twin\/\"><img src=\"\/wp-content\/uploads\/2020\/07\/IC-MAS-AZUL-1.svg\" alt=\"\" width=\"1\" height=\"1\" \/><\/a>[\/vc_column_text][\/vc_column_inner][\/vc_row_inner]<\/div>[\/vc_column][vc_column width=\"1\/3\" el_class=\"primero item\"]<div class=\"ofuscar_link\" data-url=\"https:\/\/valvulasarco.com\/pt-pt\/productos\/a00536-valvula-esfera-doble-eje-pn50-h-h-roscar-vitaq-palanca-negra-funda-negra-tajo-pro\/\" data-new-window=\"0\">[vc_single_image image=\"1821\" el_class=\"imagen\"][vc_row_inner el_class=\"info\"][vc_column_inner][vc_column_text el_class=\"titulo\"]Tajo PRO: eixo duplo, zero problemas[\/vc_column_text][vc_column_text el_class=\"resumen\"]A primeira v\u00e1lvula do mundo com tecnologia de eixo duplo din\u00e2mico, que melhora o desempenho geral da instala\u00e7\u00e3o[\/vc_column_text][vc_column_text el_class=\"enlace\"]<a href=\"https:\/\/valvulasarco.com\/pt-pt\/productos\/a00536-valvula-esfera-doble-eje-pn50-h-h-roscar-vitaq-palanca-negra-funda-negra-tajo-pro\/\"><img src=\"\/wp-content\/uploads\/2020\/07\/IC-MAS-AZUL-1.svg\" alt=\"\" width=\"1\" height=\"1\" \/><\/a>[\/vc_column_text][\/vc_column_inner][\/vc_row_inner]<\/div>[\/vc_column]<\/div>[\/vc_column][\/vc_row][vc_row equal_height=&#8221;yes&#8221; el_class=&#8221;recursos_productos bloque&#8221;][vc_column width=&#8221;7\/12&#8243; el_class=&#8221;descarga_cat_productos&#8221; css=&#8221;.vc_custom_1595832035227{padding-top: 0px !important;}&#8221;][vc_row_inner equal_height=&#8221;yes&#8221;][vc_column_inner width=&#8221;1\/2&#8243;][vc_column_text]Descargue o novo cat\u00e1logo de produtos <strong>Arco<\/strong>.<\/p>\n<p><a href=\"https:\/\/valvulasarco.com\/wp-content\/uploads\/2022\/02\/Catalogo-2021-Arco_SP.pdf\" target=\"_blank\" rel=\"noopener noreferrer\"><i class=\"fas fa-download\"><\/i> Cat\u00e1logo<\/a>[\/vc_column_text][\/vc_column_inner][vc_column_inner width=&#8221;1\/2&#8243;][vc_single_image image=&#8221;667&#8243; img_size=&#8221;full&#8221; alignment=&#8221;center&#8221;][\/vc_column_inner][\/vc_row_inner][\/vc_column][vc_column width=&#8221;5\/12&#8243; el_class=&#8221;seccion_descarga&#8221; css=&#8221;.vc_custom_1595832038958{padding-top: 0px !important;}&#8221;][vc_column_text]<\/p>\n<h3>Recursos y descargas<\/h3>\n<p>Encontre aqui tudo o que voc\u00ea precisa saber sobre nossos produtos, cat\u00e1logos, fichas t\u00e9cnicas e arquivos para download.<\/p>\n<p><a href=\"https:\/\/valvulasarco.com\/pt-pt\/productos\/descargues\/\">veja os recursos<\/a>[\/vc_column_text][\/vc_column][\/vc_row]<\/p>\n","protected":false},"excerpt":{"rendered":"<p>[vc_row full_width=&#8221;stretch_row&#8221; el_class=&#8221;banner_pagina banner_productos_cat&#8221; css=&#8221;.vc_custom_1604404885449{background-image: url(https:\/\/valvulasarco.com\/wp-content\/uploads\/2020\/07\/PRODUCTO_CAB.jpg?id=611) !important;background-position: center !important;background-repeat: no-repeat !important;background-size: cover !important;}&#8221;][vc_column width=&#8221;1\/2&#8243; css=&#8221;.vc_custom_1594131934187{padding-top: 0px !important;}&#8221;][vc_column_text] PRODUTOS Especialistas no desenho e fabrica\u00e7\u00e3o de sistemas para instala\u00e7\u00f5es de \u00e1gua, g\u00e1s e aquecimento em todo o mundo. [\/vc_column_text][\/vc_column][vc_column width=&#8221;1\/2&#8243; css=&#8221;.vc_custom_1594131938133{padding-top: 0px !important;}&#8221;][\/vc_column][\/vc_row][vc_row el_class=&#8221;breadcrumb bread_productos&#8221;][vc_column css=&#8221;.vc_custom_1594132444794{padding-top: 0px !important;}&#8221;][\/vc_column][\/vc_row][vc_row full_width=&#8221;stretch_row_content_no_spaces&#8221; el_class=&#8221;descarga_catalogo_home descarga_productos&#8221;][vc_column][vc_raw_html]JTNDYSUyMGhyZWYlM0QlMjIlMkZ3cC1jb250ZW50JTJGdXBsb2FkcyUyRjIwMjIlMkYwMiUyRkNhdGFsb2dvLTIwMjEtQXJjb19TUC5wZGYlMjIlMjB0YXJnZXQlM0QlMjJfYmxhbmslMjIlM0UlM0NzcGFuJTNFJTNDaSUyMGNsYXNzJTNEJTIyZmFzJTIwZmEtZG93bmxvYWQlMjIlM0UlM0MlMkZpJTNFJTIwQ2F0JUMzJUExbG9nbyUzQyUyRnNwYW4lM0UlM0MlMkZhJTNF[\/vc_raw_html][\/vc_column][\/vc_row][vc_row el_class=&#8221;productos_profesionales&#8221; css=&#8221;.vc_custom_1611148801863{padding-top: 0px !important;padding-bottom: 0px !important;}&#8221;][vc_column][\/vc_column][\/vc_row][vc_row [&hellip;]<\/p>\n","protected":false},"author":1,"featured_media":0,"parent":0,"menu_order":0,"comment_status":"closed","ping_status":"closed","template":"","meta":[],"acf":[],"yoast_head":"<!-- This site is optimized with the Yoast SEO plugin v20.4 - https:\/\/yoast.com\/wordpress\/plugins\/seo\/ -->\n<title>V\u00e1lvulas para agua, gas, calefacci\u00f3n y sistemas - V\u00e1lvulas Arco<\/title>\n<meta name=\"description\" content=\"Disponemos de v\u00e1lvulas o llaves de paso de agua, gas, calefacci\u00f3n y sistemas. Encuentra la v\u00e1lvula que necesites para tu instalaci\u00f3n.\" \/>\n<meta name=\"robots\" content=\"index, follow, max-snippet:-1, max-image-preview:large, max-video-preview:-1\" \/>\n<link rel=\"canonical\" href=\"https:\/\/valvulasarco.com\/pt-pt\/productos\/\" \/>\n<meta property=\"og:locale\" content=\"pt_PT\" \/>\n<meta property=\"og:type\" content=\"article\" \/>\n<meta property=\"og:title\" content=\"V\u00e1lvulas para agua, gas, calefacci\u00f3n y sistemas - V\u00e1lvulas Arco\" \/>\n<meta property=\"og:description\" content=\"Disponemos de v\u00e1lvulas o llaves de paso de agua, gas, calefacci\u00f3n y sistemas. Encuentra la v\u00e1lvula que necesites para tu instalaci\u00f3n.\" \/>\n<meta property=\"og:url\" content=\"https:\/\/valvulasarco.com\/pt-pt\/productos\/\" \/>\n<meta property=\"og:site_name\" content=\"Arco\" \/>\n<meta property=\"article:modified_time\" content=\"2022-04-29T14:17:33+00:00\" \/>\n<meta name=\"twitter:card\" content=\"summary_large_image\" \/>\n<meta name=\"twitter:label1\" content=\"Tempo estimado de leitura\" \/>\n\t<meta name=\"twitter:data1\" content=\"1 minuto\" \/>\n<script type=\"application\/ld+json\" class=\"yoast-schema-graph\">{\"@context\":\"https:\/\/schema.org\",\"@graph\":[{\"@type\":\"WebPage\",\"@id\":\"https:\/\/valvulasarco.com\/pt-pt\/productos\/\",\"url\":\"https:\/\/valvulasarco.com\/pt-pt\/productos\/\",\"name\":\"V\u00e1lvulas para agua, gas, calefacci\u00f3n y sistemas - V\u00e1lvulas Arco\",\"isPartOf\":{\"@id\":\"https:\/\/valvulasarco.com\/#website\"},\"datePublished\":\"2020-07-09T09:31:53+00:00\",\"dateModified\":\"2022-04-29T14:17:33+00:00\",\"description\":\"Disponemos de v\u00e1lvulas o llaves de paso de agua, gas, calefacci\u00f3n y sistemas. Encuentra la v\u00e1lvula que necesites para tu instalaci\u00f3n.\",\"breadcrumb\":{\"@id\":\"https:\/\/valvulasarco.com\/pt-pt\/productos\/#breadcrumb\"},\"inLanguage\":\"pt-PT\",\"potentialAction\":[{\"@type\":\"ReadAction\",\"target\":[\"https:\/\/valvulasarco.com\/pt-pt\/productos\/\"]}]},{\"@type\":\"BreadcrumbList\",\"@id\":\"https:\/\/valvulasarco.com\/pt-pt\/productos\/#breadcrumb\",\"itemListElement\":[{\"@type\":\"ListItem\",\"position\":1,\"name\":\"Portada\",\"item\":\"https:\/\/valvulasarco.com\/pt-pt\/\"},{\"@type\":\"ListItem\",\"position\":2,\"name\":\"Productos\"}]},{\"@type\":\"WebSite\",\"@id\":\"https:\/\/valvulasarco.com\/#website\",\"url\":\"https:\/\/valvulasarco.com\/\",\"name\":\"Arco\",\"description\":\"Arco\",\"publisher\":{\"@id\":\"https:\/\/valvulasarco.com\/#organization\"},\"potentialAction\":[{\"@type\":\"SearchAction\",\"target\":{\"@type\":\"EntryPoint\",\"urlTemplate\":\"https:\/\/valvulasarco.com\/?s={search_term_string}\"},\"query-input\":\"required name=search_term_string\"}],\"inLanguage\":\"pt-PT\"},{\"@type\":\"Organization\",\"@id\":\"https:\/\/valvulasarco.com\/#organization\",\"name\":\"Arco\",\"url\":\"https:\/\/valvulasarco.com\/\",\"logo\":{\"@type\":\"ImageObject\",\"inLanguage\":\"pt-PT\",\"@id\":\"https:\/\/valvulasarco.com\/#\/schema\/logo\/image\/\",\"url\":\"https:\/\/valvulasarco.com\/wp-content\/uploads\/2020\/11\/Logo-Arco.png\",\"contentUrl\":\"https:\/\/valvulasarco.com\/wp-content\/uploads\/2020\/11\/Logo-Arco.png\",\"width\":750,\"height\":479,\"caption\":\"Arco\"},\"image\":{\"@id\":\"https:\/\/valvulasarco.com\/#\/schema\/logo\/image\/\"}}]}<\/script>\n<!-- \/ Yoast SEO plugin. -->","yoast_head_json":{"title":"V\u00e1lvulas para agua, gas, calefacci\u00f3n y sistemas - V\u00e1lvulas Arco","description":"Disponemos de v\u00e1lvulas o llaves de paso de agua, gas, calefacci\u00f3n y sistemas. Encuentra la v\u00e1lvula que necesites para tu instalaci\u00f3n.","robots":{"index":"index","follow":"follow","max-snippet":"max-snippet:-1","max-image-preview":"max-image-preview:large","max-video-preview":"max-video-preview:-1"},"canonical":"https:\/\/valvulasarco.com\/pt-pt\/productos\/","og_locale":"pt_PT","og_type":"article","og_title":"V\u00e1lvulas para agua, gas, calefacci\u00f3n y sistemas - V\u00e1lvulas Arco","og_description":"Disponemos de v\u00e1lvulas o llaves de paso de agua, gas, calefacci\u00f3n y sistemas. Encuentra la v\u00e1lvula que necesites para tu instalaci\u00f3n.","og_url":"https:\/\/valvulasarco.com\/pt-pt\/productos\/","og_site_name":"Arco","article_modified_time":"2022-04-29T14:17:33+00:00","twitter_card":"summary_large_image","twitter_misc":{"Tempo estimado de leitura":"1 minuto"},"schema":{"@context":"https:\/\/schema.org","@graph":[{"@type":"WebPage","@id":"https:\/\/valvulasarco.com\/pt-pt\/productos\/","url":"https:\/\/valvulasarco.com\/pt-pt\/productos\/","name":"V\u00e1lvulas para agua, gas, calefacci\u00f3n y sistemas - V\u00e1lvulas Arco","isPartOf":{"@id":"https:\/\/valvulasarco.com\/#website"},"datePublished":"2020-07-09T09:31:53+00:00","dateModified":"2022-04-29T14:17:33+00:00","description":"Disponemos de v\u00e1lvulas o llaves de paso de agua, gas, calefacci\u00f3n y sistemas. Encuentra la v\u00e1lvula que necesites para tu instalaci\u00f3n.","breadcrumb":{"@id":"https:\/\/valvulasarco.com\/pt-pt\/productos\/#breadcrumb"},"inLanguage":"pt-PT","potentialAction":[{"@type":"ReadAction","target":["https:\/\/valvulasarco.com\/pt-pt\/productos\/"]}]},{"@type":"BreadcrumbList","@id":"https:\/\/valvulasarco.com\/pt-pt\/productos\/#breadcrumb","itemListElement":[{"@type":"ListItem","position":1,"name":"Portada","item":"https:\/\/valvulasarco.com\/pt-pt\/"},{"@type":"ListItem","position":2,"name":"Productos"}]},{"@type":"WebSite","@id":"https:\/\/valvulasarco.com\/#website","url":"https:\/\/valvulasarco.com\/","name":"Arco","description":"Arco","publisher":{"@id":"https:\/\/valvulasarco.com\/#organization"},"potentialAction":[{"@type":"SearchAction","target":{"@type":"EntryPoint","urlTemplate":"https:\/\/valvulasarco.com\/?s={search_term_string}"},"query-input":"required name=search_term_string"}],"inLanguage":"pt-PT"},{"@type":"Organization","@id":"https:\/\/valvulasarco.com\/#organization","name":"Arco","url":"https:\/\/valvulasarco.com\/","logo":{"@type":"ImageObject","inLanguage":"pt-PT","@id":"https:\/\/valvulasarco.com\/#\/schema\/logo\/image\/","url":"https:\/\/valvulasarco.com\/wp-content\/uploads\/2020\/11\/Logo-Arco.png","contentUrl":"https:\/\/valvulasarco.com\/wp-content\/uploads\/2020\/11\/Logo-Arco.png","width":750,"height":479,"caption":"Arco"},"image":{"@id":"https:\/\/valvulasarco.com\/#\/schema\/logo\/image\/"}}]}},"_links":{"self":[{"href":"https:\/\/valvulasarco.com\/pt-pt\/wp-json\/wp\/v2\/pages\/2241"}],"collection":[{"href":"https:\/\/valvulasarco.com\/pt-pt\/wp-json\/wp\/v2\/pages"}],"about":[{"href":"https:\/\/valvulasarco.com\/pt-pt\/wp-json\/wp\/v2\/types\/page"}],"author":[{"embeddable":true,"href":"https:\/\/valvulasarco.com\/pt-pt\/wp-json\/wp\/v2\/users\/1"}],"replies":[{"embeddable":true,"href":"https:\/\/valvulasarco.com\/pt-pt\/wp-json\/wp\/v2\/comments?post=2241"}],"version-history":[{"count":18,"href":"https:\/\/valvulasarco.com\/pt-pt\/wp-json\/wp\/v2\/pages\/2241\/revisions"}],"predecessor-version":[{"id":6807,"href":"https:\/\/valvulasarco.com\/pt-pt\/wp-json\/wp\/v2\/pages\/2241\/revisions\/6807"}],"wp:attachment":[{"href":"https:\/\/valvulasarco.com\/pt-pt\/wp-json\/wp\/v2\/media?parent=2241"}],"curies":[{"name":"wp","href":"https:\/\/api.w.org\/{rel}","templated":true}]}}