{"id":2175,"date":"2020-08-10T10:12:03","date_gmt":"2020-08-10T10:12:03","guid":{"rendered":"https:\/\/valvulasarco.com\/sistemas\/"},"modified":"2022-07-29T14:31:17","modified_gmt":"2022-07-29T12:31:17","slug":"sistemas","status":"publish","type":"page","link":"https:\/\/valvulasarco.com\/pt-pt\/linhas-de-negocio\/sistemas\/","title":{"rendered":"Sistemas"},"content":{"rendered":"<p>[vc_row full_width=&#8221;stretch_row_content_no_spaces&#8221; el_class=&#8221;cuadrar_banner&#8221;][vc_column css=&#8221;.vc_custom_1596524651948{padding-top: 0px !important;}&#8221;][vc_separator color=&#8221;custom&#8221; border_width=&#8221;10&#8243; accent_color=&#8221;#80a81f&#8221; css=&#8221;.vc_custom_1597054356918{margin-bottom: 10px !important;}&#8221;][\/vc_column][\/vc_row][vc_row el_class=&#8221;icono_linea_negocio sistemas&#8221;][vc_column css=&#8221;.vc_custom_1596524651948{padding-top: 0px !important;}&#8221;][vc_single_image image=&#8221;1505&#8243; img_size=&#8221;full&#8221; alignment=&#8221;right&#8221;][\/vc_column][\/vc_row][vc_row][vc_column]<div data-vc-full-width=\"true\" data-vc-full-width-init=\"false\" data-vc-stretch-content=\"true\" class=\"vc_row wpb_row vc_row-fluid slider_cabecera_row vc_row-no-padding\"><div class=\"wpb_column vc_column_container vc_col-sm-12\"><div class=\"vc_column-inner\"><div class=\"wpb_wrapper\"><div class=\"slider_cabecera slider_grid_1\"><div class=\"vc_row wpb_row vc_inner vc_row-fluid banner_pagina profesional slider_post_2169 vc_row-has-fill\"><div class=\"vc_container\"><div class=\"wpb_column vc_column_container vc_col-sm-6\"><div class=\"vc_column-inner vc_custom_1594131934187\"><div class=\"wpb_wrapper\">\n\t<div class=\"wpb_text_column wpb_content_element \" >\n\t\t<div class=\"wpb_wrapper\">\n\t\t\t<h2>Linha de neg\u00f3cio Sistemas<\/h2>\n<h1>Ampla gama de solu\u00e7\u00f5es para sistemas de instala\u00e7\u00f5es profissionais<\/h1>\n<div class=\"boton_gris\"><\/div>\n\n\t\t<\/div>\n\t<\/div>\n<\/div><\/div><\/div><div class=\"wpb_column vc_column_container vc_col-sm-6\"><div class=\"vc_column-inner vc_custom_1594131938133\"><div class=\"wpb_wrapper\"><\/div><\/div><\/div><\/div><\/div><\/div><\/div><\/div><\/div><\/div><div class=\"vc_row-full-width vc_clearfix\"><\/div><style type=\"text\/css\" data-type=\"vc_shortcodes-custom-css\">.slider_post_2169{background-image: url(https:\/\/valvulasarco.com\/wp-content\/uploads\/2020\/10\/Slide_Sistemas_01_V.jpg) !important;background-position: center !important;background-repeat: no-repeat !important;background-size: cover !important;}.vc_custom_1594131934187{padding-top: 0px !important;}.vc_custom_1594131938133{padding-top: 0px !important;}<\/style>[\/vc_column][\/vc_row][vc_row full_width=&#8221;stretch_row&#8221; el_class=&#8221;breadcrumb con_slide&#8221; css=&#8221;.vc_custom_1596714199789{background-color: #f0f0f0 !important;}&#8221;][vc_column css=&#8221;.vc_custom_1594132444794{padding-top: 0px !important;}&#8221;]<div itemscope itemtype=\"https:\/\/schema.org\/BreadcrumbList\" id=\"breadcrumb\"><div itemprop=\"itemListElement\" itemscope itemtype=\"https:\/\/schema.org\/ListItem\"><a itemprop=\"item\" href=\"https:\/\/valvulasarco.com\/pt-pt\/\"><span class=\"vc_icon_element-icon fa fa-home\"><\/span><span itemprop=\"name\">Inicio<\/span><\/a><meta itemprop=\"position\" content=\"1\" \/><\/div><div itemprop=\"itemListElement hola\" itemscope itemtype=\"https:\/\/schema.org\/ListItem\"><span>><\/span><a itemprop=\"item\" href=\"https:\/\/valvulasarco.com\/pt-pt\/slider_cabecera\/promocion-destacado-1-4\/\"><span itemprop=\"name\">Linha de neg\u00f3cio Sistemas<\/span><\/a><meta itemprop=\"position\" content=\"3\"><\/div><\/div>[\/vc_column][\/vc_row][vc_row full_width=&#8221;stretch_row&#8221; el_class=&#8221;destacado_obra bloque count_personas_personas&#8221; css=&#8221;.vc_custom_1596526645104{padding-top: 20px !important;padding-bottom: 30px !important;background-color: #f0f0f0 !important;}&#8221;][vc_column width=&#8221;1\/12&#8243; css=&#8221;.vc_custom_1596526681054{padding-top: 0px !important;}&#8221;][\/vc_column][vc_column width=&#8221;10\/12&#8243; css=&#8221;.vc_custom_1596526675835{padding-top: 0px !important;}&#8221;][vc_column_text]<\/p>\n<h2>V\u00e1lvulas, tubos e acess\u00f3rios desenhados para melhorar o rendimento integral das instala\u00e7\u00f5es<\/h2>\n<p>[\/vc_column_text][\/vc_column][vc_column width=&#8221;1\/12&#8243; css=&#8221;.vc_custom_1596526668610{padding-top: 0px !important;}&#8221;][\/vc_column][\/vc_row][vc_row full_width=&#8221;stretch_row&#8221; equal_height=&#8221;yes&#8221; el_class=&#8221;count_personas bloque info_linea gas iconos_internacional&#8221; css=&#8221;.vc_custom_1604325506894{background-color: #f0f0f0 !important;}&#8221;][vc_column width=&#8221;1\/12&#8243; css=&#8221;.vc_custom_1596627104182{padding-top: 0px !important;}&#8221;][\/vc_column][vc_column width=&#8221;10\/12&#8243; css=&#8221;.vc_custom_1596627287957{padding-top: 0px !important;}&#8221;][vc_row_inner][vc_column_inner el_class=&#8221;item_count&#8221; width=&#8221;1\/3&#8243;][vc_single_image image=&#8221;1554&#8243; img_size=&#8221;full&#8221; alignment=&#8221;center&#8221;][vc_column_text el_class=&#8221;etiqueta&#8221;]<\/p>\n<h3 style=\"text-align: center;\">Desenho pr\u00f3prio e novos materiais.<\/h3>\n<p>[\/vc_column_text][\/vc_column_inner][vc_column_inner el_class=&#8221;item_count&#8221; width=&#8221;1\/3&#8243;][vc_single_image image=&#8221;1555&#8243; img_size=&#8221;full&#8221; alignment=&#8221;center&#8221;][vc_column_text el_class=&#8221;etiqueta&#8221;]<\/p>\n<h3 style=\"text-align: center;\">Seguran\u00e7a e garantia Arco.<\/h3>\n<p>[\/vc_column_text][\/vc_column_inner][vc_column_inner el_class=&#8221;item_count last&#8221; width=&#8221;1\/3&#8243;][vc_single_image image=&#8221;1557&#8243; img_size=&#8221;full&#8221; alignment=&#8221;center&#8221;][vc_column_text el_class=&#8221;etiqueta&#8221;]<\/p>\n<h3 style=\"text-align: center;\">Solu\u00e7\u00f5es completas de instala\u00e7\u00e3o.<\/h3>\n<p>[\/vc_column_text][\/vc_column_inner][\/vc_row_inner][\/vc_column][vc_column width=&#8221;1\/12&#8243; css=&#8221;.vc_custom_1596627297177{padding-top: 0px !important;}&#8221;][\/vc_column][\/vc_row][vc_row full_width=&#8221;stretch_row&#8221; el_class=&#8221;destacado_obra bloque count_personas_personas&#8221; css=&#8221;.vc_custom_1597055606508{padding-bottom: 50px !important;}&#8221;][vc_column width=&#8221;1\/12&#8243; css=&#8221;.vc_custom_1596526681054{padding-top: 0px !important;}&#8221;][\/vc_column][vc_column width=&#8221;10\/12&#8243; css=&#8221;.vc_custom_1596526675835{padding-top: 0px !important;}&#8221;][vc_column_text]Disponibilizamos todos os elementos necess\u00e1rios para uma instala\u00e7\u00e3o perfeita[\/vc_column_text][\/vc_column][vc_column width=&#8221;1\/12&#8243; css=&#8221;.vc_custom_1596526668610{padding-top: 0px !important;}&#8221;][\/vc_column][\/vc_row][vc_row el_class=&#8221;slide-compania bloque&#8221; css=&#8221;.vc_custom_1597055416046{padding-top: 0px !important;}&#8221;][vc_column width=&#8221;1\/3&#8243;][vc_raw_html]JTNDZGl2JTIwY2xhc3MlM0QlMjJpdGVtLXNsaWRlLWRvcy1pdGVtcyUyMiUyMHN0eWxlJTNEJTIyYmFja2dyb3VuZC1pbWFnZSUzQSUyMHVybCUyOCUyRndwLWNvbnRlbnQlMkZ1cGxvYWRzJTJGMjAyMCUyRjA4JTJGQl9MMzYzMV9PUFRJTUEuanBnJTI5JTNCJTIwYmFja2dyb3VuZC1yZXBlYXQlM0ElMjBuby1yZXBlYXQlM0IlMjBiYWNrZ3JvdW5kLXNpemUlM0ElMjBjb3ZlciUzQiUyMGJhY2tncm91bmQtcG9zaXRpb24lM0ElMjBjZW50ZXIlM0IlMjIlM0UlMEElMjAlMjAlMjAlMjAlMjAlM0NkaXYlMjBjbGFzcyUzRCUyMmluZm8lMjIlM0UlMEElMDklM0NkaXYlMjBjbGFzcyUzRCUyMnRpdHVsbyUyMiUzRSUwQSUwOSUwOSUzQ2gyJTNFU0lTVEVNQVMlMjBQQVJBJTNDYnIlM0UlQzMlODFHVUElM0MlMkZoMiUzRSUwQSUyMCUyMCUyMCUyMCUyMCUyMCUyMCUyMCUzQyUyRmRpdiUzRSUwQSUwQSUwOSUzQ2RpdiUyMGNsYXNzJTNEJTIydGV4dG8lMjIlM0UlMEElMDklMDklM0NoMyUzRVYlQzMlQTFsdnVsYXMlMkMlMjB0dWJvcyUyMGUlMjBhY2VzcyVDMyVCM3Jpb3MlMjBkZXNlbmhhZG9zJTIwcGFyYSUyMGluc3RhbGElQzMlQTclQzMlQjVlcyUyMGRlJTIwJUMzJUExZ3VhLiUzQyUyRmgzJTNFJTBBJTA5JTNDJTJGZGl2JTNFJTBBJTBBJTA5JTNDZGl2JTIwY2xhc3MlM0QlMjJib3RvbmVzJTIyJTNFJTBBJTA5JTA5JTNDYSUyMGNsYXNzJTNEJTIyYm90b25fZ3JpcyUyMiUyMGhyZWYlM0QlMjIlMkZwdC1wdCUyRnByb2R1Y3RvcyUyRmNhdGVnb3JpYSUyRmFndWElMkZhZ3VhLXR1Ym8tcmFjb3JlcyUyRiUyMiUzRVNhYmVyJTIwbWFpcyUzQyUyRmElM0UlMEElMDklM0MlMkZkaXYlM0UlMEElMjAlMjAlMjAlM0MlMkZkaXYlM0UlMEElM0MlMkZkaXYlM0U=[\/vc_raw_html][\/vc_column][vc_column width=&#8221;1\/3&#8243;][vc_raw_html]JTNDZGl2JTIwY2xhc3MlM0QlMjJpdGVtLXNsaWRlLWRvcy1pdGVtcyUyMiUyMHN0eWxlJTNEJTIyYmFja2dyb3VuZC1pbWFnZSUzQSUyMHVybCUyOCUyRndwLWNvbnRlbnQlMkZ1cGxvYWRzJTJGMjAyMCUyRjA4JTJGSU1HXzkzOTBfMV9PUFRJTUEuanBnJTI5JTNCJTIwYmFja2dyb3VuZC1yZXBlYXQlM0ElMjBuby1yZXBlYXQlM0IlMjBiYWNrZ3JvdW5kLXNpemUlM0ElMjBjb3ZlciUzQiUyMGJhY2tncm91bmQtcG9zaXRpb24lM0ElMjBjZW50ZXIlM0IlMjIlM0UlMEElMjAlMjAlMjAlMjAlMjAlM0NkaXYlMjBjbGFzcyUzRCUyMmluZm8lMjIlM0UlMEElMDklM0NkaXYlMjBjbGFzcyUzRCUyMnRpdHVsbyUyMiUzRSUwQSUwOSUwOSUzQ2gyJTNFU0lTVEVNQVMlMjBQQVJBJTNDYnIlM0VHJUMzJTgxUyUzQyUyRmgyJTNFJTBBJTIwJTIwJTIwJTIwJTIwJTIwJTIwJTIwJTNDJTJGZGl2JTNFJTBBJTBBJTA5JTNDZGl2JTIwY2xhc3MlM0QlMjJ0ZXh0byUyMiUzRSUwQSUwOSUwOSUzQ2gzJTNFViVDMyVBMWx2dWxhcyUyQyUyMHR1Ym9zJTIwZSUyMGFjZXNzJUMzJUIzcmlvcyUyMGRlc2VuaGFkb3MlMjBwYXJhJTIwaW5zdGFsYSVDMyVBNyVDMyVCNWVzJTIwZGUlMjBnJUMzJUExcy4lM0MlMkZoMyUzRSUwQSUwOSUzQyUyRmRpdiUzRSUwQSUwQSUwOSUzQ2RpdiUyMGNsYXNzJTNEJTIyYm90b25lcyUyMiUzRSUwQSUwOSUwOSUzQ2ElMjBjbGFzcyUzRCUyMmJvdG9uX2dyaXMlMjIlMjBocmVmJTNEJTIyJTJGcHQtcHQlMkZwcm9kdWN0b3MlMkZjYXRlZ29yaWElMkZnYXMlMkZnYXMtdHViby1yYWNvcmVzJTJGJTIyJTNFU2FiZXIlMjBtYWlzJTNDJTJGYSUzRSUwQSUwOSUzQyUyRmRpdiUzRSUwQSUwQSUyMCUyMCUyMCUzQyUyRmRpdiUzRSUwQSUzQyUyRmRpdiUzRQ==[\/vc_raw_html][\/vc_column][vc_column width=&#8221;1\/3&#8243;][vc_raw_html]JTNDZGl2JTIwY2xhc3MlM0QlMjJpdGVtLXNsaWRlLWRvcy1pdGVtcyUyMiUyMHN0eWxlJTNEJTIyYmFja2dyb3VuZC1pbWFnZSUzQSUyMHVybCUyOCUyRndwLWNvbnRlbnQlMkZ1cGxvYWRzJTJGMjAyMCUyRjA4JTJGODQxMDEwX2hnX09QVElNQS5qcGclMjklM0IlMjBiYWNrZ3JvdW5kLXJlcGVhdCUzQSUyMG5vLXJlcGVhdCUzQiUyMGJhY2tncm91bmQtc2l6ZSUzQSUyMGNvdmVyJTNCJTIwYmFja2dyb3VuZC1wb3NpdGlvbiUzQSUyMGNlbnRlciUzQiUyMiUzRSUwQSUyMCUyMCUyMCUyMCUyMCUzQ2RpdiUyMGNsYXNzJTNEJTIyaW5mbyUyMiUzRSUwQSUwOSUzQ2RpdiUyMGNsYXNzJTNEJTIydGl0dWxvJTIyJTNFJTBBJTA5JTA5JTNDaDIlM0VTSVNURU1BUyUyMFBBUkElM0NiciUzRUFRVUVDSU1FTlRPJTNDJTJGaDIlM0UlMEElMjAlMjAlMjAlMjAlMjAlMjAlMjAlMjAlM0MlMkZkaXYlM0UlMEElMEElMDklM0NkaXYlMjBjbGFzcyUzRCUyMnRleHRvJTIyJTNFJTBBJTA5JTA5JTNDaDMlM0VWJUMzJUExbHZ1bGFzJTJDJTIwdHVib3MlMjBlJTIwYWNlc3MlQzMlQjNyaW9zJTIwZGVzZW5oYWRvcyUyMHBhcmElMjBpbnN0YWxhJUMzJUE3JUMzJUI1ZXMlMjBkZSUyMGFxdWVjaW1lbnRvLiUzQyUyRmgzJTNFJTBBJTA5JTNDJTJGZGl2JTNFJTBBJTBBJTA5JTNDZGl2JTIwY2xhc3MlM0QlMjJib3RvbmVzJTIyJTNFJTBBJTA5JTA5JTNDYSUyMGNsYXNzJTNEJTIyYm90b25fZ3JpcyUyMiUyMGhyZWYlM0QlMjIlMkZwdC1wdCUyRnByb2R1Y3RvcyUyRmNhdGVnb3JpYSUyRmNhbGVmYWNjaW9uJTJGY2FsZWZhY2Npb24tdHViby1yYWNvcmVzJTJGJTIyJTNFU2FiZXIlMjBtYWlzJTNDJTJGYSUzRSUwQSUwOSUzQyUyRmRpdiUzRSUwQSUwQSUyMCUyMCUyMCUzQyUyRmRpdiUzRSUwQSUzQyUyRmRpdiUzRQ==[\/vc_raw_html][\/vc_column][\/vc_row][vc_row][vc_column][vc_separator css=&#8221;.vc_custom_1597055429959{margin-bottom: 1px !important;}&#8221;][\/vc_column][\/vc_row][vc_row full_width=&#8221;stretch_row&#8221; el_class=&#8221;destacado_obra bloque count_personas_personas&#8221; css=&#8221;.vc_custom_1597055240834{padding-bottom: 30px !important;}&#8221;][vc_column width=&#8221;1\/12&#8243; css=&#8221;.vc_custom_1596526681054{padding-top: 0px !important;}&#8221;][\/vc_column][vc_column width=&#8221;10\/12&#8243; css=&#8221;.vc_custom_1596526675835{padding-top: 0px !important;}&#8221;][vc_column_text]Sistemas destacados[\/vc_column_text][\/vc_column][vc_column width=&#8221;1\/12&#8243; css=&#8221;.vc_custom_1596526668610{padding-top: 0px !important;}&#8221;][\/vc_column][\/vc_row][vc_row el_class=&#8221;gama_linea bloque&#8221; css=&#8221;.vc_custom_1597056077712{padding-top: 0px !important;}&#8221;][vc_column][vc_row_inner equal_height=&#8221;yes&#8221; el_class=&#8221;row_gama_linea bloque&#8221; css=&#8221;.vc_custom_1596535342672{padding-top: 50px !important;padding-bottom: 50px !important;}&#8221;][vc_column_inner width=&#8221;1\/4&#8243;][\/vc_column_inner][vc_column_inner el_class=&#8221;item&#8221; width=&#8221;1\/4&#8243;][vc_single_image image=&#8221;1606&#8243; img_size=&#8221;full&#8221; alignment=&#8221;center&#8221; onclick=&#8221;custom_link&#8221; link=&#8221;\/pt-pt\/productos\/categoria\/agua\/agua-tubo-racores\/serie\/multicapa&#8211;agua\/&#8221;][vc_column_text el_class=&#8221;titulo&#8221;]<a href=\"\/pt-pt\/productos\/categoria\/agua\/agua-tubo-racores\/serie\/multicapa--agua\/\">MULTICAMADA PARA \u00c1GUA<\/a>[\/vc_column_text][\/vc_column_inner][vc_column_inner el_class=&#8221;item last&#8221; width=&#8221;1\/4&#8243;][vc_single_image image=&#8221;1614&#8243; img_size=&#8221;full&#8221; alignment=&#8221;center&#8221; onclick=&#8221;custom_link&#8221; link=&#8221;\/pt-pt\/productos\/categoria\/gas\/gas-tubo-racores\/serie\/multicapa&#8211;gas\/&#8221;][vc_column_text el_class=&#8221;titulo&#8221;]<a href=\"\/pt-pt\/productos\/categoria\/gas\/gas-tubo-racores\/serie\/multicapa--gas\/\">MULTICAMADA PAA G\u00c1S<\/a>[\/vc_column_text][\/vc_column_inner][vc_column_inner width=&#8221;1\/4&#8243;][\/vc_column_inner][\/vc_row_inner][\/vc_column][\/vc_row]<\/p>\n","protected":false},"excerpt":{"rendered":"","protected":false},"author":1,"featured_media":0,"parent":2266,"menu_order":0,"comment_status":"closed","ping_status":"closed","template":"","meta":[],"acf":[],"yoast_head":"<!-- This site is optimized with the Yoast SEO plugin v20.4 - https:\/\/yoast.com\/wordpress\/plugins\/seo\/ -->\n<title>Arco, especialista em sistemas para \u00e1gua, g\u00e1s e aquecimento.<\/title>\n<meta name=\"description\" content=\"Entre e descubra os nossos sistemas de regula\u00e7\u00e3o e controlo para \u00e1gua, g\u00e1s e aquecimento.\" \/>\n<meta name=\"robots\" content=\"index, follow, max-snippet:-1, max-image-preview:large, max-video-preview:-1\" \/>\n<link rel=\"canonical\" href=\"https:\/\/valvulasarco.com\/pt-pt\/linhas-de-negocio\/sistemas\/\" \/>\n<meta property=\"og:locale\" content=\"pt_PT\" \/>\n<meta property=\"og:type\" content=\"article\" \/>\n<meta property=\"og:title\" content=\"Arco, especialista em sistemas para \u00e1gua, g\u00e1s e aquecimento.\" \/>\n<meta property=\"og:description\" content=\"Entre e descubra os nossos sistemas de regula\u00e7\u00e3o e controlo para \u00e1gua, g\u00e1s e aquecimento.\" \/>\n<meta property=\"og:url\" content=\"https:\/\/valvulasarco.com\/pt-pt\/linhas-de-negocio\/sistemas\/\" \/>\n<meta property=\"og:site_name\" content=\"Arco\" \/>\n<meta property=\"article:modified_time\" content=\"2022-07-29T12:31:17+00:00\" \/>\n<meta name=\"twitter:card\" content=\"summary_large_image\" \/>\n<meta name=\"twitter:label1\" content=\"Tempo estimado de leitura\" \/>\n\t<meta name=\"twitter:data1\" content=\"2 minutos\" \/>\n<script type=\"application\/ld+json\" class=\"yoast-schema-graph\">{\"@context\":\"https:\/\/schema.org\",\"@graph\":[{\"@type\":\"WebPage\",\"@id\":\"https:\/\/valvulasarco.com\/pt-pt\/linhas-de-negocio\/sistemas\/\",\"url\":\"https:\/\/valvulasarco.com\/pt-pt\/linhas-de-negocio\/sistemas\/\",\"name\":\"Arco, especialista em sistemas para \u00e1gua, g\u00e1s e aquecimento.\",\"isPartOf\":{\"@id\":\"https:\/\/valvulasarco.com\/#website\"},\"datePublished\":\"2020-08-10T10:12:03+00:00\",\"dateModified\":\"2022-07-29T12:31:17+00:00\",\"description\":\"Entre e descubra os nossos sistemas de regula\u00e7\u00e3o e controlo para \u00e1gua, g\u00e1s e aquecimento.\",\"breadcrumb\":{\"@id\":\"https:\/\/valvulasarco.com\/pt-pt\/linhas-de-negocio\/sistemas\/#breadcrumb\"},\"inLanguage\":\"pt-PT\",\"potentialAction\":[{\"@type\":\"ReadAction\",\"target\":[\"https:\/\/valvulasarco.com\/pt-pt\/linhas-de-negocio\/sistemas\/\"]}]},{\"@type\":\"BreadcrumbList\",\"@id\":\"https:\/\/valvulasarco.com\/pt-pt\/linhas-de-negocio\/sistemas\/#breadcrumb\",\"itemListElement\":[{\"@type\":\"ListItem\",\"position\":1,\"name\":\"Portada\",\"item\":\"https:\/\/valvulasarco.com\/pt-pt\/\"},{\"@type\":\"ListItem\",\"position\":2,\"name\":\"L\u00ednhas de neg\u00f3cio\",\"item\":\"https:\/\/valvulasarco.com\/pt-pt\/linhas-de-negocio\/\"},{\"@type\":\"ListItem\",\"position\":3,\"name\":\"Sistemas\"}]},{\"@type\":\"WebSite\",\"@id\":\"https:\/\/valvulasarco.com\/#website\",\"url\":\"https:\/\/valvulasarco.com\/\",\"name\":\"Arco\",\"description\":\"Arco\",\"publisher\":{\"@id\":\"https:\/\/valvulasarco.com\/#organization\"},\"potentialAction\":[{\"@type\":\"SearchAction\",\"target\":{\"@type\":\"EntryPoint\",\"urlTemplate\":\"https:\/\/valvulasarco.com\/?s={search_term_string}\"},\"query-input\":\"required name=search_term_string\"}],\"inLanguage\":\"pt-PT\"},{\"@type\":\"Organization\",\"@id\":\"https:\/\/valvulasarco.com\/#organization\",\"name\":\"Arco\",\"url\":\"https:\/\/valvulasarco.com\/\",\"logo\":{\"@type\":\"ImageObject\",\"inLanguage\":\"pt-PT\",\"@id\":\"https:\/\/valvulasarco.com\/#\/schema\/logo\/image\/\",\"url\":\"https:\/\/valvulasarco.com\/wp-content\/uploads\/2020\/11\/Logo-Arco.png\",\"contentUrl\":\"https:\/\/valvulasarco.com\/wp-content\/uploads\/2020\/11\/Logo-Arco.png\",\"width\":750,\"height\":479,\"caption\":\"Arco\"},\"image\":{\"@id\":\"https:\/\/valvulasarco.com\/#\/schema\/logo\/image\/\"}}]}<\/script>\n<!-- \/ Yoast SEO plugin. -->","yoast_head_json":{"title":"Arco, especialista em sistemas para \u00e1gua, g\u00e1s e aquecimento.","description":"Entre e descubra os nossos sistemas de regula\u00e7\u00e3o e controlo para \u00e1gua, g\u00e1s e aquecimento.","robots":{"index":"index","follow":"follow","max-snippet":"max-snippet:-1","max-image-preview":"max-image-preview:large","max-video-preview":"max-video-preview:-1"},"canonical":"https:\/\/valvulasarco.com\/pt-pt\/linhas-de-negocio\/sistemas\/","og_locale":"pt_PT","og_type":"article","og_title":"Arco, especialista em sistemas para \u00e1gua, g\u00e1s e aquecimento.","og_description":"Entre e descubra os nossos sistemas de regula\u00e7\u00e3o e controlo para \u00e1gua, g\u00e1s e aquecimento.","og_url":"https:\/\/valvulasarco.com\/pt-pt\/linhas-de-negocio\/sistemas\/","og_site_name":"Arco","article_modified_time":"2022-07-29T12:31:17+00:00","twitter_card":"summary_large_image","twitter_misc":{"Tempo estimado de leitura":"2 minutos"},"schema":{"@context":"https:\/\/schema.org","@graph":[{"@type":"WebPage","@id":"https:\/\/valvulasarco.com\/pt-pt\/linhas-de-negocio\/sistemas\/","url":"https:\/\/valvulasarco.com\/pt-pt\/linhas-de-negocio\/sistemas\/","name":"Arco, especialista em sistemas para \u00e1gua, g\u00e1s e aquecimento.","isPartOf":{"@id":"https:\/\/valvulasarco.com\/#website"},"datePublished":"2020-08-10T10:12:03+00:00","dateModified":"2022-07-29T12:31:17+00:00","description":"Entre e descubra os nossos sistemas de regula\u00e7\u00e3o e controlo para \u00e1gua, g\u00e1s e aquecimento.","breadcrumb":{"@id":"https:\/\/valvulasarco.com\/pt-pt\/linhas-de-negocio\/sistemas\/#breadcrumb"},"inLanguage":"pt-PT","potentialAction":[{"@type":"ReadAction","target":["https:\/\/valvulasarco.com\/pt-pt\/linhas-de-negocio\/sistemas\/"]}]},{"@type":"BreadcrumbList","@id":"https:\/\/valvulasarco.com\/pt-pt\/linhas-de-negocio\/sistemas\/#breadcrumb","itemListElement":[{"@type":"ListItem","position":1,"name":"Portada","item":"https:\/\/valvulasarco.com\/pt-pt\/"},{"@type":"ListItem","position":2,"name":"L\u00ednhas de neg\u00f3cio","item":"https:\/\/valvulasarco.com\/pt-pt\/linhas-de-negocio\/"},{"@type":"ListItem","position":3,"name":"Sistemas"}]},{"@type":"WebSite","@id":"https:\/\/valvulasarco.com\/#website","url":"https:\/\/valvulasarco.com\/","name":"Arco","description":"Arco","publisher":{"@id":"https:\/\/valvulasarco.com\/#organization"},"potentialAction":[{"@type":"SearchAction","target":{"@type":"EntryPoint","urlTemplate":"https:\/\/valvulasarco.com\/?s={search_term_string}"},"query-input":"required name=search_term_string"}],"inLanguage":"pt-PT"},{"@type":"Organization","@id":"https:\/\/valvulasarco.com\/#organization","name":"Arco","url":"https:\/\/valvulasarco.com\/","logo":{"@type":"ImageObject","inLanguage":"pt-PT","@id":"https:\/\/valvulasarco.com\/#\/schema\/logo\/image\/","url":"https:\/\/valvulasarco.com\/wp-content\/uploads\/2020\/11\/Logo-Arco.png","contentUrl":"https:\/\/valvulasarco.com\/wp-content\/uploads\/2020\/11\/Logo-Arco.png","width":750,"height":479,"caption":"Arco"},"image":{"@id":"https:\/\/valvulasarco.com\/#\/schema\/logo\/image\/"}}]}},"_links":{"self":[{"href":"https:\/\/valvulasarco.com\/pt-pt\/wp-json\/wp\/v2\/pages\/2175"}],"collection":[{"href":"https:\/\/valvulasarco.com\/pt-pt\/wp-json\/wp\/v2\/pages"}],"about":[{"href":"https:\/\/valvulasarco.com\/pt-pt\/wp-json\/wp\/v2\/types\/page"}],"author":[{"embeddable":true,"href":"https:\/\/valvulasarco.com\/pt-pt\/wp-json\/wp\/v2\/users\/1"}],"replies":[{"embeddable":true,"href":"https:\/\/valvulasarco.com\/pt-pt\/wp-json\/wp\/v2\/comments?post=2175"}],"version-history":[{"count":10,"href":"https:\/\/valvulasarco.com\/pt-pt\/wp-json\/wp\/v2\/pages\/2175\/revisions"}],"predecessor-version":[{"id":7655,"href":"https:\/\/valvulasarco.com\/pt-pt\/wp-json\/wp\/v2\/pages\/2175\/revisions\/7655"}],"up":[{"embeddable":true,"href":"https:\/\/valvulasarco.com\/pt-pt\/wp-json\/wp\/v2\/pages\/2266"}],"wp:attachment":[{"href":"https:\/\/valvulasarco.com\/pt-pt\/wp-json\/wp\/v2\/media?parent=2175"}],"curies":[{"name":"wp","href":"https:\/\/api.w.org\/{rel}","templated":true}]}}