{"id":2157,"date":"2020-08-05T12:08:17","date_gmt":"2020-08-05T12:08:17","guid":{"rendered":"https:\/\/valvulasarco.com\/calefaccion\/"},"modified":"2022-06-28T09:17:42","modified_gmt":"2022-06-28T07:17:42","slug":"aquecimento","status":"publish","type":"page","link":"https:\/\/valvulasarco.com\/pt-pt\/linhas-de-negocio\/aquecimento\/","title":{"rendered":"Aquecimento"},"content":{"rendered":"<p>[vc_row full_width=&#8221;stretch_row_content_no_spaces&#8221; el_class=&#8221;cuadrar_banner&#8221;][vc_column css=&#8221;.vc_custom_1596524651948{padding-top: 0px !important;}&#8221;][vc_separator color=&#8221;custom&#8221; border_width=&#8221;10&#8243; accent_color=&#8221;#e84249&#8243; css=&#8221;.vc_custom_1597216022690{margin-bottom: 10px !important;}&#8221;][\/vc_column][\/vc_row][vc_row el_class=&#8221;icono_linea_negocio calefaccion&#8221;][vc_column css=&#8221;.vc_custom_1596524651948{padding-top: 0px !important;}&#8221;][vc_single_image image=&#8221;1503&#8243; img_size=&#8221;full&#8221; alignment=&#8221;right&#8221;][\/vc_column][\/vc_row][vc_row][vc_column]<div data-vc-full-width=\"true\" data-vc-full-width-init=\"false\" data-vc-stretch-content=\"true\" class=\"vc_row wpb_row vc_row-fluid slider_cabecera_row vc_row-no-padding\"><div class=\"wpb_column vc_column_container vc_col-sm-12\"><div class=\"vc_column-inner\"><div class=\"wpb_wrapper\"><div class=\"slider_cabecera slider_grid_1\"><div class=\"vc_row wpb_row vc_inner vc_row-fluid banner_pagina profesional slider_post_2154 vc_row-has-fill\"><div class=\"vc_container\"><div class=\"wpb_column vc_column_container vc_col-sm-6\"><div class=\"vc_column-inner vc_custom_1594131934187\"><div class=\"wpb_wrapper\">\n\t<div class=\"wpb_text_column wpb_content_element \" >\n\t\t<div class=\"wpb_wrapper\">\n\t\t\t<h2>Linha de neg\u00f3cio aquecimento<\/h2>\n<h1>Desenho e facilidade de uso<\/h1>\n<div class=\"boton_gris\"><\/div>\n\n\t\t<\/div>\n\t<\/div>\n<\/div><\/div><\/div><div class=\"wpb_column vc_column_container vc_col-sm-6\"><div class=\"vc_column-inner vc_custom_1594131938133\"><div class=\"wpb_wrapper\"><\/div><\/div><\/div><\/div><\/div><\/div><\/div><\/div><\/div><\/div><div class=\"vc_row-full-width vc_clearfix\"><\/div><style type=\"text\/css\" data-type=\"vc_shortcodes-custom-css\">.slider_post_2154{background-image: url(https:\/\/valvulasarco.com\/wp-content\/uploads\/2020\/10\/Slide_Calefaccion_02_V.jpg) !important;background-position: center !important;background-repeat: no-repeat !important;background-size: cover !important;}.vc_custom_1594131934187{padding-top: 0px !important;}.vc_custom_1594131938133{padding-top: 0px !important;}<\/style>[\/vc_column][\/vc_row][vc_row full_width=&#8221;stretch_row&#8221; el_class=&#8221;breadcrumb con_slide&#8221; css=&#8221;.vc_custom_1596714199789{background-color: #f0f0f0 !important;}&#8221;][vc_column css=&#8221;.vc_custom_1594132444794{padding-top: 0px !important;}&#8221;]<div itemscope itemtype=\"https:\/\/schema.org\/BreadcrumbList\" id=\"breadcrumb\"><div itemprop=\"itemListElement\" itemscope itemtype=\"https:\/\/schema.org\/ListItem\"><a itemprop=\"item\" href=\"https:\/\/valvulasarco.com\/pt-pt\/\"><span class=\"vc_icon_element-icon fa fa-home\"><\/span><span itemprop=\"name\">Inicio<\/span><\/a><meta itemprop=\"position\" content=\"1\" \/><\/div><div itemprop=\"itemListElement hola\" itemscope itemtype=\"https:\/\/schema.org\/ListItem\"><span>><\/span><a itemprop=\"item\" href=\"https:\/\/valvulasarco.com\/pt-pt\/slider_cabecera\/promocion-destacado-1-3\/\"><span itemprop=\"name\">Linha de neg\u00f3cio aquecimento<\/span><\/a><meta itemprop=\"position\" content=\"3\"><\/div><\/div>[\/vc_column][\/vc_row][vc_row full_width=&#8221;stretch_row&#8221; el_class=&#8221;destacado_obra bloque count_personas_personas&#8221; css=&#8221;.vc_custom_1605508227064{padding-top: 20px !important;padding-bottom: 30px !important;background-color: #f0f0f0 !important;}&#8221;][vc_column width=&#8221;1\/12&#8243; css=&#8221;.vc_custom_1596526681054{padding-top: 0px !important;}&#8221;][\/vc_column][vc_column width=&#8221;10\/12&#8243; css=&#8221;.vc_custom_1596526675835{padding-top: 0px !important;}&#8221;][vc_column_text]<\/p>\n<h2>Altas presta\u00e7\u00f5es para as suas instala\u00e7\u00f5es de aquecimento<\/h2>\n<p>[\/vc_column_text][\/vc_column][vc_column width=&#8221;1\/12&#8243; css=&#8221;.vc_custom_1596526668610{padding-top: 0px !important;}&#8221;][\/vc_column][\/vc_row][vc_row full_width=&#8221;stretch_row&#8221; equal_height=&#8221;yes&#8221; el_class=&#8221;count_personas bloque info_linea gas iconos_internacional&#8221; css=&#8221;.vc_custom_1604325304379{background-color: #f0f0f0 !important;}&#8221;][vc_column width=&#8221;1\/12&#8243; css=&#8221;.vc_custom_1596627104182{padding-top: 0px !important;}&#8221;][\/vc_column][vc_column width=&#8221;10\/12&#8243; css=&#8221;.vc_custom_1596627287957{padding-top: 0px !important;}&#8221;][vc_row_inner][vc_column_inner el_class=&#8221;item_count&#8221; width=&#8221;1\/3&#8243;][vc_single_image image=&#8221;7462&#8243; img_size=&#8221;full&#8221; alignment=&#8221;center&#8221;][vc_column_text el_class=&#8221;etiqueta&#8221;]<\/p>\n<h3 style=\"text-align: center;\">Desenho e durabilidade.<\/h3>\n<p>[\/vc_column_text][\/vc_column_inner][vc_column_inner el_class=&#8221;item_count&#8221; width=&#8221;1\/3&#8243;][vc_single_image image=&#8221;1572&#8243; img_size=&#8221;full&#8221; alignment=&#8221;center&#8221;][vc_column_text el_class=&#8221;etiqueta&#8221;]<\/p>\n<h3 style=\"text-align: center;\">Alta qualidade: lat\u00e3o europeu.<\/h3>\n<p>[\/vc_column_text][\/vc_column_inner][vc_column_inner el_class=&#8221;item_count last&#8221; width=&#8221;1\/3&#8243;][vc_single_image image=&#8221;7469&#8243; img_size=&#8221;full&#8221; alignment=&#8221;center&#8221;][vc_column_text el_class=&#8221;etiqueta&#8221;]<\/p>\n<h3 style=\"text-align: center;\">Efici\u00eancia energ\u00e9tica.<\/h3>\n<p>[\/vc_column_text][\/vc_column_inner][\/vc_row_inner][\/vc_column][vc_column width=&#8221;1\/12&#8243; css=&#8221;.vc_custom_1596627297177{padding-top: 0px !important;}&#8221;][\/vc_column][\/vc_row][vc_row el_class=&#8221;bloque&#8221;][vc_column css=&#8221;.vc_custom_1596528802315{padding-top: 0px !important;}&#8221;]<div class=\"vc_row wpb_row vc_inner vc_row-fluid\"><div class=\"slider_innovacion slider_grid_2\"><div class=\"wpb_column vc_column_container vc_col-sm-6\"><div class=\"vc_column-inner\"><div class=\"wpb_wrapper\"><div class=\"item-slide-dos-items\" style=\"background-image: url(https:\/\/valvulasarco.com\/wp-content\/uploads\/2020\/10\/Calefaccion-toallero.jpg); background-repeat: no-repeat; background-size: cover; background-position: center;\"><div class=\"info\"><div class=\"titulo\"><h3>V\u00e1lvulas de design para toalheiros<\/h3><\/div><div class=\"texto\"><p>Descubra as nossas v\u00e1lvulas e detentores  de design. O complemento perfeito para a decora\u00e7\u00e3o de uma casa de banho. <\/p><\/div><\/div><\/div><\/div><\/div><\/div><div class=\"wpb_column vc_column_container vc_col-sm-6\"><div class=\"vc_column-inner\"><div class=\"wpb_wrapper\"><div class=\"item-slide-dos-items\" style=\"background-image: url(https:\/\/valvulasarco.com\/wp-content\/uploads\/2020\/10\/Calefaccion-kits-dest.jpg); background-repeat: no-repeat; background-size: cover; background-position: center;\"><div class=\"info\"><div class=\"titulo\"><h3>Kits de aquecimento.<\/h3><\/div><div class=\"texto\"><p>Os nossos kits de aquecimento manual e termost\u00e1tica  facilitam a compra de material para a sua instala\u00e7\u00e3o de aquecimento.<\/p><\/div><\/div><\/div><\/div><\/div><\/div><div class=\"wpb_column vc_column_container vc_col-sm-6\"><div class=\"vc_column-inner\"><div class=\"wpb_wrapper\"><div class=\"item-slide-dos-items\" style=\"background-image: url(https:\/\/valvulasarco.com\/wp-content\/uploads\/2020\/10\/ARCO-2017-326.jpg); background-repeat: no-repeat; background-size: cover; background-position: center;\"><div class=\"info\"><div class=\"titulo\"><h3>Qualidade total. Zero fugas.<\/h3><\/div><div class=\"texto\"><p>Arco disponibiliza produtos fabricados com as melhores mat\u00e9rias primas certificadas e submetidas a provas de estanquidade cont\u00ednua para garantir aus\u00eancia de fugas em condi\u00e7\u00f5es normais de uso.<\/p><\/div><\/div><\/div><\/div><\/div><\/div><div class=\"wpb_column vc_column_container vc_col-sm-6\"><div class=\"vc_column-inner\"><div class=\"wpb_wrapper\"><div class=\"item-slide-dos-items\" style=\"background-image: url(https:\/\/valvulasarco.com\/wp-content\/uploads\/2020\/10\/Calefaccion-dest.jpg); background-repeat: no-repeat; background-size: cover; background-position: center;\"><div class=\"info\"><div class=\"titulo\"><h3>Ampla gama no mercado.<\/h3><\/div><div class=\"texto\"><p>Arco aquecimento oferece uma ampla gama de produtos: v\u00e1lvulas, detentores, v\u00e1lvulas termost\u00e1ticas e cabe\u00e7a termost\u00e1tica, em resposta \u00e0s necessidades do mercado e ao firme compromisso de disponibilizar novos produtos de m\u00e1xima qualidade e design.<\/p><\/div><\/div><\/div><\/div><\/div><\/div><\/div><\/div>[\/vc_column][\/vc_row][vc_row][vc_column][vc_separator css=&#8221;.vc_custom_1596528917539{margin-bottom: 1px !important;}&#8221;][\/vc_column][\/vc_row][vc_row el_class=&#8221;gama_linea bloque&#8221;][vc_column width=&#8221;1\/12&#8243;][\/vc_column][vc_column width=&#8221;10\/12&#8243;][vc_column_text el_class=&#8221;titulo&#8221;]Descubra a nossa gama de produtos para aquecimento[\/vc_column_text]<div class=\"vc_row wpb_row vc_row-fluid\"><div class=\"wpb_column vc_column_container 1\"><div class=\"vc_column-inner\"><div class=\"wpb_wrapper\"><div class=\"vc_row wpb_row vc_inner vc_row-fluid row_gama_linea bloque vc_custom_1596535342672 vc_row-o-equal-height vc_row-flex\"><\/div>\n\t<div class=\"wpb_text_column wpb_content_element  enlace_productos\" >\n\t\t<div class=\"wpb_wrapper\">\n\t\t\t<p><a href=\"\/pt-pt\/productos\/categoria\/calefaccion\/\">Ver produtos Aquecimento<\/a><\/p>\n\n\t\t<\/div>\n\t<\/div>\n<\/div><\/div><\/div><\/div>[\/vc_column][vc_column width=&#8221;1\/12&#8243;][\/vc_column][\/vc_row][vc_row disable_element=&#8221;yes&#8221; el_class=&#8221;gama_linea bloque&#8221;][vc_column width=&#8221;1\/12&#8243;][\/vc_column][vc_column width=&#8221;10\/12&#8243;][vc_column_text el_class=&#8221;titulo&#8221;]Descubra a nossa gama de produtos para aquecimento[\/vc_column_text][vc_row_inner equal_height=&#8221;yes&#8221; el_class=&#8221;row_gama_linea bloque&#8221; css=&#8221;.vc_custom_1596535342672{padding-top: 50px !important;padding-bottom: 50px !important;}&#8221;][vc_column_inner el_class=&#8221;item&#8221; width=&#8221;1\/3&#8243;][vc_single_image image=&#8221;1636&#8243; img_size=&#8221;full&#8221; alignment=&#8221;center&#8221;][vc_column_text el_class=&#8221;titulo&#8221;]v\u00e1lvulas[\/vc_column_text][vc_column_text el_class=&#8221;listado&#8221;]<\/p>\n<ul>\n<li><a href=\"#\">V\u00e1lvulas manuales<\/a><\/li>\n<li><a href=\"#\">Termost\u00e1ticas<\/a><\/li>\n<li><a href=\"#\">V\u00e1lvulas de esfera<\/a><\/li>\n<\/ul>\n<p>[\/vc_column_text][\/vc_column_inner][vc_column_inner el_class=&#8221;item&#8221; width=&#8221;1\/3&#8243;][vc_single_image image=&#8221;1650&#8243; img_size=&#8221;full&#8221; alignment=&#8221;center&#8221;][vc_column_text el_class=&#8221;titulo&#8221;]TUBO & FITTING[\/vc_column_text][vc_column_text el_class=&#8221;listado&#8221;]<\/p>\n<ul>\n<li><a href=\"#\">Tubo Arcokapa<\/a><\/li>\n<li><a href=\"#\">Fitting<\/a><\/li>\n<\/ul>\n<p>[\/vc_column_text][\/vc_column_inner][vc_column_inner el_class=&#8221;item&#8221; width=&#8221;1\/3&#8243;][vc_single_image image=&#8221;1643&#8243; img_size=&#8221;full&#8221; alignment=&#8221;center&#8221;][vc_column_text el_class=&#8221;titulo&#8221;]ACESS\u00d3RIOS[\/vc_column_text][vc_column_text el_class=&#8221;listado&#8221;]<\/p>\n<ul>\n<li><a href=\"#\">Purgadores<\/a><\/li>\n<li><a href=\"#\">Purgador autom\u00e1tico<\/a><\/li>\n<\/ul>\n<p>[\/vc_column_text][\/vc_column_inner][\/vc_row_inner][vc_column_text el_class=&#8221;enlace_productos&#8221;]<a href=\"\/productos\/productos-calefacci\u00f3n\/\">Ver produtos de aquecimento<\/a>[\/vc_column_text][\/vc_column][vc_column width=&#8221;1\/12&#8243;][\/vc_column][\/vc_row]<\/p>\n","protected":false},"excerpt":{"rendered":"","protected":false},"author":1,"featured_media":0,"parent":2266,"menu_order":0,"comment_status":"closed","ping_status":"closed","template":"","meta":[],"acf":[],"yoast_head":"<!-- This site is optimized with the Yoast SEO plugin v20.4 - https:\/\/yoast.com\/wordpress\/plugins\/seo\/ -->\n<title>Arco, especialista em v\u00e1lvulas e sistemas para aquecimento.<\/title>\n<meta name=\"description\" content=\"Entre e descubra a nossa linha de produtos para instala\u00e7\u00f5es de aquecimento: v\u00e1lvulas, tubos, sistemas, acess\u00f3rios\u2026\" \/>\n<meta name=\"robots\" content=\"index, follow, max-snippet:-1, max-image-preview:large, max-video-preview:-1\" \/>\n<link rel=\"canonical\" href=\"https:\/\/valvulasarco.com\/pt-pt\/linhas-de-negocio\/aquecimento\/\" \/>\n<meta property=\"og:locale\" content=\"pt_PT\" \/>\n<meta property=\"og:type\" content=\"article\" \/>\n<meta property=\"og:title\" content=\"Arco, especialista em v\u00e1lvulas e sistemas para aquecimento.\" \/>\n<meta property=\"og:description\" content=\"Entre e descubra a nossa linha de produtos para instala\u00e7\u00f5es de aquecimento: v\u00e1lvulas, tubos, sistemas, acess\u00f3rios\u2026\" \/>\n<meta property=\"og:url\" content=\"https:\/\/valvulasarco.com\/pt-pt\/linhas-de-negocio\/aquecimento\/\" \/>\n<meta property=\"og:site_name\" content=\"Arco\" \/>\n<meta property=\"article:modified_time\" content=\"2022-06-28T07:17:42+00:00\" \/>\n<meta name=\"twitter:card\" content=\"summary_large_image\" \/>\n<meta name=\"twitter:label1\" content=\"Tempo estimado de leitura\" \/>\n\t<meta name=\"twitter:data1\" content=\"1 minuto\" \/>\n<script type=\"application\/ld+json\" class=\"yoast-schema-graph\">{\"@context\":\"https:\/\/schema.org\",\"@graph\":[{\"@type\":\"WebPage\",\"@id\":\"https:\/\/valvulasarco.com\/pt-pt\/linhas-de-negocio\/aquecimento\/\",\"url\":\"https:\/\/valvulasarco.com\/pt-pt\/linhas-de-negocio\/aquecimento\/\",\"name\":\"Arco, especialista em v\u00e1lvulas e sistemas para aquecimento.\",\"isPartOf\":{\"@id\":\"https:\/\/valvulasarco.com\/#website\"},\"datePublished\":\"2020-08-05T12:08:17+00:00\",\"dateModified\":\"2022-06-28T07:17:42+00:00\",\"description\":\"Entre e descubra a nossa linha de produtos para instala\u00e7\u00f5es de aquecimento: v\u00e1lvulas, tubos, sistemas, acess\u00f3rios\u2026\",\"breadcrumb\":{\"@id\":\"https:\/\/valvulasarco.com\/pt-pt\/linhas-de-negocio\/aquecimento\/#breadcrumb\"},\"inLanguage\":\"pt-PT\",\"potentialAction\":[{\"@type\":\"ReadAction\",\"target\":[\"https:\/\/valvulasarco.com\/pt-pt\/linhas-de-negocio\/aquecimento\/\"]}]},{\"@type\":\"BreadcrumbList\",\"@id\":\"https:\/\/valvulasarco.com\/pt-pt\/linhas-de-negocio\/aquecimento\/#breadcrumb\",\"itemListElement\":[{\"@type\":\"ListItem\",\"position\":1,\"name\":\"Portada\",\"item\":\"https:\/\/valvulasarco.com\/pt-pt\/\"},{\"@type\":\"ListItem\",\"position\":2,\"name\":\"L\u00ednhas de neg\u00f3cio\",\"item\":\"https:\/\/valvulasarco.com\/pt-pt\/linhas-de-negocio\/\"},{\"@type\":\"ListItem\",\"position\":3,\"name\":\"Aquecimento\"}]},{\"@type\":\"WebSite\",\"@id\":\"https:\/\/valvulasarco.com\/#website\",\"url\":\"https:\/\/valvulasarco.com\/\",\"name\":\"Arco\",\"description\":\"Arco\",\"publisher\":{\"@id\":\"https:\/\/valvulasarco.com\/#organization\"},\"potentialAction\":[{\"@type\":\"SearchAction\",\"target\":{\"@type\":\"EntryPoint\",\"urlTemplate\":\"https:\/\/valvulasarco.com\/?s={search_term_string}\"},\"query-input\":\"required name=search_term_string\"}],\"inLanguage\":\"pt-PT\"},{\"@type\":\"Organization\",\"@id\":\"https:\/\/valvulasarco.com\/#organization\",\"name\":\"Arco\",\"url\":\"https:\/\/valvulasarco.com\/\",\"logo\":{\"@type\":\"ImageObject\",\"inLanguage\":\"pt-PT\",\"@id\":\"https:\/\/valvulasarco.com\/#\/schema\/logo\/image\/\",\"url\":\"https:\/\/valvulasarco.com\/wp-content\/uploads\/2020\/11\/Logo-Arco.png\",\"contentUrl\":\"https:\/\/valvulasarco.com\/wp-content\/uploads\/2020\/11\/Logo-Arco.png\",\"width\":750,\"height\":479,\"caption\":\"Arco\"},\"image\":{\"@id\":\"https:\/\/valvulasarco.com\/#\/schema\/logo\/image\/\"}}]}<\/script>\n<!-- \/ Yoast SEO plugin. -->","yoast_head_json":{"title":"Arco, especialista em v\u00e1lvulas e sistemas para aquecimento.","description":"Entre e descubra a nossa linha de produtos para instala\u00e7\u00f5es de aquecimento: v\u00e1lvulas, tubos, sistemas, acess\u00f3rios\u2026","robots":{"index":"index","follow":"follow","max-snippet":"max-snippet:-1","max-image-preview":"max-image-preview:large","max-video-preview":"max-video-preview:-1"},"canonical":"https:\/\/valvulasarco.com\/pt-pt\/linhas-de-negocio\/aquecimento\/","og_locale":"pt_PT","og_type":"article","og_title":"Arco, especialista em v\u00e1lvulas e sistemas para aquecimento.","og_description":"Entre e descubra a nossa linha de produtos para instala\u00e7\u00f5es de aquecimento: v\u00e1lvulas, tubos, sistemas, acess\u00f3rios\u2026","og_url":"https:\/\/valvulasarco.com\/pt-pt\/linhas-de-negocio\/aquecimento\/","og_site_name":"Arco","article_modified_time":"2022-06-28T07:17:42+00:00","twitter_card":"summary_large_image","twitter_misc":{"Tempo estimado de leitura":"1 minuto"},"schema":{"@context":"https:\/\/schema.org","@graph":[{"@type":"WebPage","@id":"https:\/\/valvulasarco.com\/pt-pt\/linhas-de-negocio\/aquecimento\/","url":"https:\/\/valvulasarco.com\/pt-pt\/linhas-de-negocio\/aquecimento\/","name":"Arco, especialista em v\u00e1lvulas e sistemas para aquecimento.","isPartOf":{"@id":"https:\/\/valvulasarco.com\/#website"},"datePublished":"2020-08-05T12:08:17+00:00","dateModified":"2022-06-28T07:17:42+00:00","description":"Entre e descubra a nossa linha de produtos para instala\u00e7\u00f5es de aquecimento: v\u00e1lvulas, tubos, sistemas, acess\u00f3rios\u2026","breadcrumb":{"@id":"https:\/\/valvulasarco.com\/pt-pt\/linhas-de-negocio\/aquecimento\/#breadcrumb"},"inLanguage":"pt-PT","potentialAction":[{"@type":"ReadAction","target":["https:\/\/valvulasarco.com\/pt-pt\/linhas-de-negocio\/aquecimento\/"]}]},{"@type":"BreadcrumbList","@id":"https:\/\/valvulasarco.com\/pt-pt\/linhas-de-negocio\/aquecimento\/#breadcrumb","itemListElement":[{"@type":"ListItem","position":1,"name":"Portada","item":"https:\/\/valvulasarco.com\/pt-pt\/"},{"@type":"ListItem","position":2,"name":"L\u00ednhas de neg\u00f3cio","item":"https:\/\/valvulasarco.com\/pt-pt\/linhas-de-negocio\/"},{"@type":"ListItem","position":3,"name":"Aquecimento"}]},{"@type":"WebSite","@id":"https:\/\/valvulasarco.com\/#website","url":"https:\/\/valvulasarco.com\/","name":"Arco","description":"Arco","publisher":{"@id":"https:\/\/valvulasarco.com\/#organization"},"potentialAction":[{"@type":"SearchAction","target":{"@type":"EntryPoint","urlTemplate":"https:\/\/valvulasarco.com\/?s={search_term_string}"},"query-input":"required name=search_term_string"}],"inLanguage":"pt-PT"},{"@type":"Organization","@id":"https:\/\/valvulasarco.com\/#organization","name":"Arco","url":"https:\/\/valvulasarco.com\/","logo":{"@type":"ImageObject","inLanguage":"pt-PT","@id":"https:\/\/valvulasarco.com\/#\/schema\/logo\/image\/","url":"https:\/\/valvulasarco.com\/wp-content\/uploads\/2020\/11\/Logo-Arco.png","contentUrl":"https:\/\/valvulasarco.com\/wp-content\/uploads\/2020\/11\/Logo-Arco.png","width":750,"height":479,"caption":"Arco"},"image":{"@id":"https:\/\/valvulasarco.com\/#\/schema\/logo\/image\/"}}]}},"_links":{"self":[{"href":"https:\/\/valvulasarco.com\/pt-pt\/wp-json\/wp\/v2\/pages\/2157"}],"collection":[{"href":"https:\/\/valvulasarco.com\/pt-pt\/wp-json\/wp\/v2\/pages"}],"about":[{"href":"https:\/\/valvulasarco.com\/pt-pt\/wp-json\/wp\/v2\/types\/page"}],"author":[{"embeddable":true,"href":"https:\/\/valvulasarco.com\/pt-pt\/wp-json\/wp\/v2\/users\/1"}],"replies":[{"embeddable":true,"href":"https:\/\/valvulasarco.com\/pt-pt\/wp-json\/wp\/v2\/comments?post=2157"}],"version-history":[{"count":5,"href":"https:\/\/valvulasarco.com\/pt-pt\/wp-json\/wp\/v2\/pages\/2157\/revisions"}],"predecessor-version":[{"id":7492,"href":"https:\/\/valvulasarco.com\/pt-pt\/wp-json\/wp\/v2\/pages\/2157\/revisions\/7492"}],"up":[{"embeddable":true,"href":"https:\/\/valvulasarco.com\/pt-pt\/wp-json\/wp\/v2\/pages\/2266"}],"wp:attachment":[{"href":"https:\/\/valvulasarco.com\/pt-pt\/wp-json\/wp\/v2\/media?parent=2157"}],"curies":[{"name":"wp","href":"https:\/\/api.w.org\/{rel}","templated":true}]}}