{"id":2069,"date":"2020-08-05T09:50:55","date_gmt":"2020-08-05T09:50:55","guid":{"rendered":"https:\/\/valvulasarco.com\/companhia\/internacional\/"},"modified":"2021-04-01T09:30:49","modified_gmt":"2021-04-01T09:30:49","slug":"internacional","status":"publish","type":"page","link":"https:\/\/valvulasarco.com\/pt-pt\/companhia\/internacional\/","title":{"rendered":"Internacional"},"content":{"rendered":"<p>[vc_row full_width=&#8221;stretch_row&#8221; el_class=&#8221;banner_pagina&#8221; css=&#8221;.vc_custom_1596622266886{background-image: url(https:\/\/valvulasarco.com\/wp-content\/uploads\/2020\/08\/internacional.jpg?id=887) !important;background-position: center !important;background-repeat: no-repeat !important;background-size: cover !important;}&#8221;][vc_column width=&#8221;1\/2&#8243; css=&#8221;.vc_custom_1594131934187{padding-top: 0px !important;}&#8221;][vc_column_text]<\/p>\n<h1>INTERNACIONAL<\/h1>\n<h2>A Arco \u00e9 uma das multinacionais espanholas com maior presen\u00e7a internacional<\/h2>\n<p>[\/vc_column_text][\/vc_column][vc_column width=&#8221;1\/2&#8243; css=&#8221;.vc_custom_1594131938133{padding-top: 0px !important;}&#8221;][\/vc_column][\/vc_row][vc_row el_class=&#8221;breadcrumb&#8221;][vc_column css=&#8221;.vc_custom_1594132444794{padding-top: 0px !important;}&#8221;]<div itemscope itemtype=\"https:\/\/schema.org\/BreadcrumbList\" id=\"breadcrumb\"><div itemprop=\"itemListElement\" itemscope itemtype=\"https:\/\/schema.org\/ListItem\"><a itemprop=\"item\" href=\"https:\/\/valvulasarco.com\/pt-pt\/\"><span class=\"vc_icon_element-icon fa fa-home\"><\/span><span itemprop=\"name\">Inicio<\/span><\/a><meta itemprop=\"position\" content=\"1\" \/><\/div><div itemprop=\"itemListElement hola\" itemscope itemtype=\"https:\/\/schema.org\/ListItem\"><span>><\/span><a itemprop=\"item\" href=\"https:\/\/valvulasarco.com\/pt-pt\/companhia\/internacional\/\"><span itemprop=\"name\">Internacional<\/span><\/a><meta itemprop=\"position\" content=\"3\"><\/div><\/div>[\/vc_column][\/vc_row][vc_row full_width=&#8221;stretch_row&#8221; el_class=&#8221;destacado_obra bloque count_personas_personas&#8221; css=&#8221;.vc_custom_1596622299373{padding-top: 20px !important;padding-bottom: 30px !important;}&#8221;][vc_column width=&#8221;1\/12&#8243; css=&#8221;.vc_custom_1596526681054{padding-top: 0px !important;}&#8221;][\/vc_column][vc_column width=&#8221;10\/12&#8243; css=&#8221;.vc_custom_1596526675835{padding-top: 0px !important;}&#8221;][vc_column_text]<\/p>\n<h2>Presentes em mais de 80 pa\u00edses<\/h2>\n<p>[\/vc_column_text][\/vc_column][vc_column width=&#8221;1\/12&#8243; css=&#8221;.vc_custom_1596526668610{padding-top: 0px !important;}&#8221;][\/vc_column][\/vc_row][vc_row full_width=&#8221;stretch_row&#8221; equal_height=&#8221;yes&#8221; el_class=&#8221;count_personas bloque info_linea iconos_internacional iconos_responsive_internacional&#8221;][vc_column width=&#8221;1\/3&#8243; el_class=&#8221;item_count&#8221; css=&#8221;.vc_custom_1596449256001{padding-top: 0px !important;}&#8221;][vc_single_image image=&#8221;1685&#8243; img_size=&#8221;full&#8221; alignment=&#8221;center&#8221;][vc_column_text el_class=&#8221;etiqueta&#8221;]<\/p>\n<h3 style=\"text-align: center;\"><strong>2 f\u00e1bricas pr\u00f3prias <\/strong>em Espanha e Tun\u00edsia<\/h3>\n<p>[\/vc_column_text][\/vc_column][vc_column width=&#8221;1\/3&#8243; el_class=&#8221;item_count&#8221; css=&#8221;.vc_custom_1596449259697{padding-top: 0px !important;}&#8221;][vc_single_image image=&#8221;1864&#8243; img_size=&#8221;full&#8221; alignment=&#8221;center&#8221;][vc_column_text el_class=&#8221;etiqueta&#8221;]<\/p>\n<h3>3 centros<strong> log\u00edsticos<\/strong> em Espanha, Tun\u00edsia e Pol\u00f3nia<\/h3>\n<p>[\/vc_column_text][\/vc_column][vc_column width=&#8221;1\/3&#8243; el_class=&#8221;item_count last&#8221; css=&#8221;.vc_custom_1596622322163{padding-top: 0px !important;}&#8221;][vc_single_image image=&#8221;1678&#8243; img_size=&#8221;full&#8221; alignment=&#8221;center&#8221;][vc_column_text el_class=&#8221;etiqueta&#8221;]<\/p>\n<h3><strong>4 escrit\u00f3rios comerciais<\/strong> na Pol\u00f3nia, Hungr\u00eda, Marrocos e Tun\u00edsia.<\/h3>\n<p>[\/vc_column_text][\/vc_column][\/vc_row][vc_row el_class=&#8221;mapa_internacional&#8221;][vc_column][vc_column_text]<div id=\"mapsvg-1240\" class=\"mapsvg\"><\/div>[\/vc_column_text][\/vc_column][\/vc_row][vc_row full_width=&#8221;stretch_row&#8221; el_class=&#8221;count_personas bloque nosotros internacional numeros_responsive_internacional iconos_menu_inter&#8221; css=&#8221;.vc_custom_1608631420727{padding-top: 70px !important;}&#8221;][vc_column css=&#8221;.vc_custom_1596449283290{padding-top: 0px !important;}&#8221;][vc_row_inner][vc_column_inner el_class=&#8221;item_count&#8221; width=&#8221;1\/3&#8243; css=&#8221;.vc_custom_1596449271535{padding-top: 0px !important;}&#8221;][vc_column_text el_class=&#8221;numero&#8221;]+1.000<span class=\"mini\">mill.<\/span>[\/vc_column_text][vc_column_text el_class=&#8221;etiqueta&#8221;]milh\u00f5es de v\u00e1lvulas instaladas no mundo[\/vc_column_text][\/vc_column_inner][vc_column_inner el_class=&#8221;item_count&#8221; width=&#8221;1\/3&#8243; css=&#8221;.vc_custom_1596449275670{padding-top: 0px !important;}&#8221;][vc_column_text el_class=&#8221;numero&#8221;]34<span class=\"mini\">mill.<\/span>[\/vc_column_text][vc_column_text el_class=&#8221;etiqueta&#8221;]milh\u00f5es de v\u00e1lvulas vendidas por a\u00f1o[\/vc_column_text][\/vc_column_inner][vc_column_inner el_class=&#8221;item_count last&#8221; width=&#8221;1\/3&#8243; css=&#8221;.vc_custom_1596449279350{padding-top: 0px !important;}&#8221;][vc_column_text el_class=&#8221;numero&#8221;]300<span class=\"mini\">mill.<\/span>[\/vc_column_text][vc_column_text el_class=&#8221;etiqueta&#8221;]milh\u00f5es de v\u00e1lvulas A\u00b780 vendidas no mundo[\/vc_column_text][\/vc_column_inner][\/vc_row_inner][\/vc_column][\/vc_row][vc_row full_width=&#8221;stretch_row&#8221; el_class=&#8221;contacto_obras bloque personas&#8221; css=&#8221;.vc_custom_1596623848209{background-image: url(https:\/\/valvulasarco.com\/wp-content\/uploads\/2020\/08\/COMERCIAL.jpg?id=894) !important;background-position: center !important;background-repeat: no-repeat !important;background-size: cover !important;}&#8221;][vc_column css=&#8221;.vc_custom_1594380075736{padding-top: 0px !important;}&#8221;][vc_row_inner][vc_column_inner width=&#8221;1\/12&#8243;][\/vc_column_inner][vc_column_inner width=&#8221;10\/12&#8243; css=&#8221;.vc_custom_1594380067892{padding-top: 0px !important;}&#8221;][vc_column_text el_class=&#8221;titular&#8221; css=&#8221;.vc_custom_1606912973852{margin-bottom: 30px !important;}&#8221;]Procura de representantes por zona[\/vc_column_text][vc_column_text el_class=&#8221;boton_gris rosa trabaja_con_boton&#8221;]<\/p>\n<p style=\"text-align: center;\"><a href=\"https:\/\/valvulasarco.com\/pt-pt\/contacto\/\">contacta connosco<\/a><\/p>\n<p>[\/vc_column_text][\/vc_column_inner][vc_column_inner width=&#8221;1\/12&#8243;][\/vc_column_inner][\/vc_row_inner][\/vc_column][\/vc_row]<\/p>\n","protected":false},"excerpt":{"rendered":"<p>[vc_row full_width=&#8221;stretch_row&#8221; el_class=&#8221;banner_pagina&#8221; css=&#8221;.vc_custom_1596622266886{background-image: url(https:\/\/valvulasarco.com\/wp-content\/uploads\/2020\/08\/internacional.jpg?id=887) !important;background-position: center !important;background-repeat: no-repeat !important;background-size: cover !important;}&#8221;][vc_column width=&#8221;1\/2&#8243; css=&#8221;.vc_custom_1594131934187{padding-top: 0px !important;}&#8221;][vc_column_text] INTERNACIONAL A Arco \u00e9 uma das multinacionais espanholas com maior presen\u00e7a internacional [\/vc_column_text][\/vc_column][vc_column width=&#8221;1\/2&#8243; css=&#8221;.vc_custom_1594131938133{padding-top: 0px !important;}&#8221;][\/vc_column][\/vc_row][vc_row el_class=&#8221;breadcrumb&#8221;][vc_column css=&#8221;.vc_custom_1594132444794{padding-top: 0px !important;}&#8221;][\/vc_column][\/vc_row][vc_row full_width=&#8221;stretch_row&#8221; el_class=&#8221;destacado_obra bloque count_personas_personas&#8221; css=&#8221;.vc_custom_1596622299373{padding-top: 20px !important;padding-bottom: 30px !important;}&#8221;][vc_column width=&#8221;1\/12&#8243; css=&#8221;.vc_custom_1596526681054{padding-top: 0px !important;}&#8221;][\/vc_column][vc_column width=&#8221;10\/12&#8243; css=&#8221;.vc_custom_1596526675835{padding-top: 0px !important;}&#8221;][vc_column_text] Presentes [&hellip;]<\/p>\n","protected":false},"author":1,"featured_media":0,"parent":1802,"menu_order":0,"comment_status":"closed","ping_status":"closed","template":"","meta":[],"acf":[],"yoast_head":"<!-- This site is optimized with the Yoast SEO plugin v20.4 - https:\/\/yoast.com\/wordpress\/plugins\/seo\/ -->\n<title>V\u00e1lvulas Arco - Internacional<\/title>\n<meta name=\"description\" content=\"A Arco \u00e9 uma das multinacionais espanholas com maior presen\u00e7a internacional: os nossas produtos vendem-se em mais de 80 pa\u00edses.\" \/>\n<meta name=\"robots\" content=\"index, follow, max-snippet:-1, max-image-preview:large, max-video-preview:-1\" \/>\n<link rel=\"canonical\" href=\"https:\/\/valvulasarco.com\/pt-pt\/companhia\/internacional\/\" \/>\n<meta property=\"og:locale\" content=\"pt_PT\" \/>\n<meta property=\"og:type\" content=\"article\" \/>\n<meta property=\"og:title\" content=\"V\u00e1lvulas Arco - Internacional\" \/>\n<meta property=\"og:description\" content=\"A Arco \u00e9 uma das multinacionais espanholas com maior presen\u00e7a internacional: os nossas produtos vendem-se em mais de 80 pa\u00edses.\" \/>\n<meta property=\"og:url\" content=\"https:\/\/valvulasarco.com\/pt-pt\/companhia\/internacional\/\" \/>\n<meta property=\"og:site_name\" content=\"Arco\" \/>\n<meta property=\"article:modified_time\" content=\"2021-04-01T09:30:49+00:00\" \/>\n<meta name=\"twitter:card\" content=\"summary_large_image\" \/>\n<meta name=\"twitter:label1\" content=\"Tempo estimado de leitura\" \/>\n\t<meta name=\"twitter:data1\" content=\"1 minuto\" \/>\n<script type=\"application\/ld+json\" class=\"yoast-schema-graph\">{\"@context\":\"https:\/\/schema.org\",\"@graph\":[{\"@type\":\"WebPage\",\"@id\":\"https:\/\/valvulasarco.com\/pt-pt\/companhia\/internacional\/\",\"url\":\"https:\/\/valvulasarco.com\/pt-pt\/companhia\/internacional\/\",\"name\":\"V\u00e1lvulas Arco - Internacional\",\"isPartOf\":{\"@id\":\"https:\/\/valvulasarco.com\/#website\"},\"datePublished\":\"2020-08-05T09:50:55+00:00\",\"dateModified\":\"2021-04-01T09:30:49+00:00\",\"description\":\"A Arco \u00e9 uma das multinacionais espanholas com maior presen\u00e7a internacional: os nossas produtos vendem-se em mais de 80 pa\u00edses.\",\"breadcrumb\":{\"@id\":\"https:\/\/valvulasarco.com\/pt-pt\/companhia\/internacional\/#breadcrumb\"},\"inLanguage\":\"pt-PT\",\"potentialAction\":[{\"@type\":\"ReadAction\",\"target\":[\"https:\/\/valvulasarco.com\/pt-pt\/companhia\/internacional\/\"]}]},{\"@type\":\"BreadcrumbList\",\"@id\":\"https:\/\/valvulasarco.com\/pt-pt\/companhia\/internacional\/#breadcrumb\",\"itemListElement\":[{\"@type\":\"ListItem\",\"position\":1,\"name\":\"Portada\",\"item\":\"https:\/\/valvulasarco.com\/pt-pt\/\"},{\"@type\":\"ListItem\",\"position\":2,\"name\":\"Companhia\",\"item\":\"https:\/\/valvulasarco.com\/pt-pt\/companhia\/\"},{\"@type\":\"ListItem\",\"position\":3,\"name\":\"Internacional\"}]},{\"@type\":\"WebSite\",\"@id\":\"https:\/\/valvulasarco.com\/#website\",\"url\":\"https:\/\/valvulasarco.com\/\",\"name\":\"Arco\",\"description\":\"Arco\",\"publisher\":{\"@id\":\"https:\/\/valvulasarco.com\/#organization\"},\"potentialAction\":[{\"@type\":\"SearchAction\",\"target\":{\"@type\":\"EntryPoint\",\"urlTemplate\":\"https:\/\/valvulasarco.com\/?s={search_term_string}\"},\"query-input\":\"required name=search_term_string\"}],\"inLanguage\":\"pt-PT\"},{\"@type\":\"Organization\",\"@id\":\"https:\/\/valvulasarco.com\/#organization\",\"name\":\"Arco\",\"url\":\"https:\/\/valvulasarco.com\/\",\"logo\":{\"@type\":\"ImageObject\",\"inLanguage\":\"pt-PT\",\"@id\":\"https:\/\/valvulasarco.com\/#\/schema\/logo\/image\/\",\"url\":\"https:\/\/valvulasarco.com\/wp-content\/uploads\/2020\/11\/Logo-Arco.png\",\"contentUrl\":\"https:\/\/valvulasarco.com\/wp-content\/uploads\/2020\/11\/Logo-Arco.png\",\"width\":750,\"height\":479,\"caption\":\"Arco\"},\"image\":{\"@id\":\"https:\/\/valvulasarco.com\/#\/schema\/logo\/image\/\"}}]}<\/script>\n<!-- \/ Yoast SEO plugin. -->","yoast_head_json":{"title":"V\u00e1lvulas Arco - Internacional","description":"A Arco \u00e9 uma das multinacionais espanholas com maior presen\u00e7a internacional: os nossas produtos vendem-se em mais de 80 pa\u00edses.","robots":{"index":"index","follow":"follow","max-snippet":"max-snippet:-1","max-image-preview":"max-image-preview:large","max-video-preview":"max-video-preview:-1"},"canonical":"https:\/\/valvulasarco.com\/pt-pt\/companhia\/internacional\/","og_locale":"pt_PT","og_type":"article","og_title":"V\u00e1lvulas Arco - Internacional","og_description":"A Arco \u00e9 uma das multinacionais espanholas com maior presen\u00e7a internacional: os nossas produtos vendem-se em mais de 80 pa\u00edses.","og_url":"https:\/\/valvulasarco.com\/pt-pt\/companhia\/internacional\/","og_site_name":"Arco","article_modified_time":"2021-04-01T09:30:49+00:00","twitter_card":"summary_large_image","twitter_misc":{"Tempo estimado de leitura":"1 minuto"},"schema":{"@context":"https:\/\/schema.org","@graph":[{"@type":"WebPage","@id":"https:\/\/valvulasarco.com\/pt-pt\/companhia\/internacional\/","url":"https:\/\/valvulasarco.com\/pt-pt\/companhia\/internacional\/","name":"V\u00e1lvulas Arco - Internacional","isPartOf":{"@id":"https:\/\/valvulasarco.com\/#website"},"datePublished":"2020-08-05T09:50:55+00:00","dateModified":"2021-04-01T09:30:49+00:00","description":"A Arco \u00e9 uma das multinacionais espanholas com maior presen\u00e7a internacional: os nossas produtos vendem-se em mais de 80 pa\u00edses.","breadcrumb":{"@id":"https:\/\/valvulasarco.com\/pt-pt\/companhia\/internacional\/#breadcrumb"},"inLanguage":"pt-PT","potentialAction":[{"@type":"ReadAction","target":["https:\/\/valvulasarco.com\/pt-pt\/companhia\/internacional\/"]}]},{"@type":"BreadcrumbList","@id":"https:\/\/valvulasarco.com\/pt-pt\/companhia\/internacional\/#breadcrumb","itemListElement":[{"@type":"ListItem","position":1,"name":"Portada","item":"https:\/\/valvulasarco.com\/pt-pt\/"},{"@type":"ListItem","position":2,"name":"Companhia","item":"https:\/\/valvulasarco.com\/pt-pt\/companhia\/"},{"@type":"ListItem","position":3,"name":"Internacional"}]},{"@type":"WebSite","@id":"https:\/\/valvulasarco.com\/#website","url":"https:\/\/valvulasarco.com\/","name":"Arco","description":"Arco","publisher":{"@id":"https:\/\/valvulasarco.com\/#organization"},"potentialAction":[{"@type":"SearchAction","target":{"@type":"EntryPoint","urlTemplate":"https:\/\/valvulasarco.com\/?s={search_term_string}"},"query-input":"required name=search_term_string"}],"inLanguage":"pt-PT"},{"@type":"Organization","@id":"https:\/\/valvulasarco.com\/#organization","name":"Arco","url":"https:\/\/valvulasarco.com\/","logo":{"@type":"ImageObject","inLanguage":"pt-PT","@id":"https:\/\/valvulasarco.com\/#\/schema\/logo\/image\/","url":"https:\/\/valvulasarco.com\/wp-content\/uploads\/2020\/11\/Logo-Arco.png","contentUrl":"https:\/\/valvulasarco.com\/wp-content\/uploads\/2020\/11\/Logo-Arco.png","width":750,"height":479,"caption":"Arco"},"image":{"@id":"https:\/\/valvulasarco.com\/#\/schema\/logo\/image\/"}}]}},"_links":{"self":[{"href":"https:\/\/valvulasarco.com\/pt-pt\/wp-json\/wp\/v2\/pages\/2069"}],"collection":[{"href":"https:\/\/valvulasarco.com\/pt-pt\/wp-json\/wp\/v2\/pages"}],"about":[{"href":"https:\/\/valvulasarco.com\/pt-pt\/wp-json\/wp\/v2\/types\/page"}],"author":[{"embeddable":true,"href":"https:\/\/valvulasarco.com\/pt-pt\/wp-json\/wp\/v2\/users\/1"}],"replies":[{"embeddable":true,"href":"https:\/\/valvulasarco.com\/pt-pt\/wp-json\/wp\/v2\/comments?post=2069"}],"version-history":[{"count":10,"href":"https:\/\/valvulasarco.com\/pt-pt\/wp-json\/wp\/v2\/pages\/2069\/revisions"}],"predecessor-version":[{"id":5766,"href":"https:\/\/valvulasarco.com\/pt-pt\/wp-json\/wp\/v2\/pages\/2069\/revisions\/5766"}],"up":[{"embeddable":true,"href":"https:\/\/valvulasarco.com\/pt-pt\/wp-json\/wp\/v2\/pages\/1802"}],"wp:attachment":[{"href":"https:\/\/valvulasarco.com\/pt-pt\/wp-json\/wp\/v2\/media?parent=2069"}],"curies":[{"name":"wp","href":"https:\/\/api.w.org\/{rel}","templated":true}]}}