{"id":2065,"date":"2020-08-03T08:01:33","date_gmt":"2020-08-03T08:01:33","guid":{"rendered":"https:\/\/valvulasarco.com\/companhia\/personas\/"},"modified":"2021-04-15T08:07:30","modified_gmt":"2021-04-15T08:07:30","slug":"equipa","status":"publish","type":"page","link":"https:\/\/valvulasarco.com\/pt-pt\/companhia\/equipa\/","title":{"rendered":"Equipa"},"content":{"rendered":"<p>[vc_row full_width=&#8221;stretch_row&#8221; el_class=&#8221;banner_pagina&#8221; css=&#8221;.vc_custom_1596441716055{background-image: url(https:\/\/valvulasarco.com\/wp-content\/uploads\/2020\/08\/personas.jpg?id=697) !important;background-position: center !important;background-repeat: no-repeat !important;background-size: cover !important;}&#8221;][vc_column width=&#8221;7\/12&#8243; css=&#8221;.vc_custom_1594131934187{padding-top: 0px !important;}&#8221;][vc_column_text]<\/p>\n<h1>PESSOAS<\/h1>\n<h2>O verdadeiro motor da nossa empresa<\/h2>\n<p>[\/vc_column_text][\/vc_column][vc_column width=&#8221;5\/12&#8243; css=&#8221;.vc_custom_1594131938133{padding-top: 0px !important;}&#8221;][\/vc_column][\/vc_row][vc_row full_width=&#8221;stretch_row&#8221; el_class=&#8221;breadcrumb&#8221; css=&#8221;.vc_custom_1596448378197{background-color: #f0f0f0 !important;}&#8221;][vc_column css=&#8221;.vc_custom_1594132444794{padding-top: 0px !important;}&#8221;]<div itemscope itemtype=\"https:\/\/schema.org\/BreadcrumbList\" id=\"breadcrumb\"><div itemprop=\"itemListElement\" itemscope itemtype=\"https:\/\/schema.org\/ListItem\"><a itemprop=\"item\" href=\"https:\/\/valvulasarco.com\/pt-pt\/\"><span class=\"vc_icon_element-icon fa fa-home\"><\/span><span itemprop=\"name\">Inicio<\/span><\/a><meta itemprop=\"position\" content=\"1\" \/><\/div><div itemprop=\"itemListElement hola\" itemscope itemtype=\"https:\/\/schema.org\/ListItem\"><span>><\/span><a itemprop=\"item\" href=\"https:\/\/valvulasarco.com\/pt-pt\/companhia\/equipa\/\"><span itemprop=\"name\">Equipa<\/span><\/a><meta itemprop=\"position\" content=\"3\"><\/div><\/div>[\/vc_column][\/vc_row][vc_row full_width=&#8221;stretch_row&#8221; el_class=&#8221;destacado_obra bloque count_personas_personas&#8221; css=&#8221;.vc_custom_1596448735590{padding-top: 20px !important;padding-bottom: 20px !important;background-color: #f0f0f0 !important;}&#8221;][vc_column css=&#8221;.vc_custom_1596443870655{padding-top: 0px !important;}&#8221;][vc_column_text]A nossa equipa[\/vc_column_text][\/vc_column][\/vc_row][vc_row full_width=&#8221;stretch_row&#8221; el_class=&#8221;count_personas iconos_internacional iconos_responsive_personas&#8221; css=&#8221;.vc_custom_1605510109559{background-color: #f0f0f0 !important;}&#8221;][vc_column width=&#8221;1\/4&#8243; el_class=&#8221;item_count responsive&#8221; css=&#8221;.vc_custom_1605510126256{padding-top: 0px !important;}&#8221;][vc_column_text el_class=&#8221;numero&#8221;]+400[\/vc_column_text][vc_column_text el_class=&#8221;etiqueta&#8221;]pessoas[\/vc_column_text][\/vc_column][vc_column width=&#8221;1\/4&#8243; el_class=&#8221;item_count responsive&#8221; css=&#8221;.vc_custom_1605510130255{padding-top: 0px !important;}&#8221;][vc_column_text el_class=&#8221;numero&#8221;]10[\/vc_column_text][vc_column_text el_class=&#8221;etiqueta&#8221;]nacionalidades[\/vc_column_text][\/vc_column][vc_column width=&#8221;1\/4&#8243; el_class=&#8221;item_count&#8221; css=&#8221;.vc_custom_1598977895128{padding-top: 0px !important;}&#8221;][vc_column_text el_class=&#8221;numero&#8221;]47[\/vc_column_text][vc_column_text el_class=&#8221;etiqueta&#8221;]anos de idade m\u00e9dia[\/vc_column_text][\/vc_column][vc_column width=&#8221;1\/4&#8243; el_class=&#8221;item_count last&#8221; css=&#8221;.vc_custom_1598977904033{padding-top: 0px !important;}&#8221;][vc_column_text el_class=&#8221;numero&#8221;]17[\/vc_column_text][vc_column_text el_class=&#8221;etiqueta&#8221;]anos de antig\u00fcidade m\u00e9dia na empresa[\/vc_column_text][\/vc_column][\/vc_row][vc_row full_width=&#8221;stretch_row&#8221; el_class=&#8221;count_personas bloque iconos_internacional iconos_responsive_personas&#8221; css=&#8221;.vc_custom_1605510115870{background-color: #f0f0f0 !important;}&#8221;][vc_column width=&#8221;1\/6&#8243; css=&#8221;.vc_custom_1596449283290{padding-top: 0px !important;}&#8221;][\/vc_column][vc_column width=&#8221;2\/3&#8243; css=&#8221;.vc_custom_1596449422769{padding-top: 0px !important;}&#8221;][vc_row_inner][vc_column_inner el_class=&#8221;item_count&#8221; width=&#8221;1\/3&#8243; css=&#8221;.vc_custom_1596449271535{padding-top: 0px !important;}&#8221;][vc_column_text el_class=&#8221;numero&#8221;]2,4%[\/vc_column_text][vc_column_text el_class=&#8221;etiqueta&#8221;]de trabalhadores com diversidade funcional[\/vc_column_text][\/vc_column_inner][vc_column_inner el_class=&#8221;item_count&#8221; width=&#8221;1\/3&#8243; css=&#8221;.vc_custom_1596449275670{padding-top: 0px !important;}&#8221;][vc_column_text el_class=&#8221;numero&#8221;]82%[\/vc_column_text][vc_column_text el_class=&#8221;etiqueta&#8221;]de trabalhadores efectivos[\/vc_column_text][\/vc_column_inner][vc_column_inner el_class=&#8221;item_count last&#8221; width=&#8221;1\/3&#8243; css=&#8221;.vc_custom_1596449279350{padding-top: 0px !important;}&#8221;][vc_column_text el_class=&#8221;numero&#8221;]1%[\/vc_column_text][vc_column_text el_class=&#8221;etiqueta&#8221;]de rota\u00e7\u00e3o[\/vc_column_text][\/vc_column_inner][\/vc_row_inner][\/vc_column][vc_column width=&#8221;1\/6&#8243; css=&#8221;.vc_custom_1596449418043{padding-top: 0px !important;}&#8221;][\/vc_column][\/vc_row][vc_row full_width=&#8221;stretch_row&#8221; el_class=&#8221;bloque valores_personas&#8221; css=&#8221;.vc_custom_1596448233697{background-image: url(https:\/\/valvulasarco.com\/wp-content\/uploads\/2020\/08\/valores.jpg?id=719) !important;background-position: center !important;background-repeat: no-repeat !important;background-size: cover !important;}&#8221;][vc_column css=&#8221;.vc_custom_1596447836741{padding-top: 0px !important;}&#8221;][vc_column_text el_class=&#8221;titular&#8221;]Os nossos valores[\/vc_column_text][vc_column_text]<\/p>\n<ul style=\"text-align: center;\">\n<li>\n<h2>Responsabilidade<\/h2>\n<\/li>\n<li>\n<h2>Confian\u00e7a<\/h2>\n<\/li>\n<li>\n<h2>Compromisso com a palavra dada<\/h2>\n<\/li>\n<\/ul>\n<p>[\/vc_column_text][vc_column_text]<\/p>\n<ul style=\"text-align: center; margin-top: 30px;\">\n<li>\n<h2>Procura do benef\u00edcio m\u00fatuo<\/h2>\n<\/li>\n<li>\n<h2>Proximidade<\/h2>\n<\/li>\n<\/ul>\n<p>[\/vc_column_text][vc_column_text]<\/p>\n<ul style=\"text-align: center; margin-top: 30px;\">\n<li>\n<h2>Respeito pelas pessoas e a sua envolvente<\/h2>\n<\/li>\n<\/ul>\n<p>[\/vc_column_text][\/vc_column][\/vc_row][vc_row full_width=&#8221;stretch_row&#8221; css=&#8221;.vc_custom_1596614957462{background-color: #f0f0f0 !important;}&#8221; el_class=&#8221;trabaja_con_nosotros_personas bloque&#8221; el_id=&#8221;trabaja_con_nosotros&#8221;][vc_column width=&#8221;1\/2&#8243; el_class=&#8221;texto&#8221; css=&#8221;.vc_custom_1596443564270{padding-top: 0px !important;}&#8221;][vc_column_text el_class=&#8221;titular&#8221;]TRABALHE CONNOSCO[\/vc_column_text][vc_column_text el_class=&#8221;subtitular texto_azul_personas&#8221;]Junte-se \u00e0 nossa equipa de profissionais e no qual valorizamos o talento, o esfor\u00e7o e a motiva\u00e7\u00e3o para melhorar dia a dia.[\/vc_column_text][\/vc_column][vc_column width=&#8221;1\/2&#8243; el_class=&#8221;ofertas&#8221; css=&#8221;.vc_custom_1596443569564{padding-top: 0px !important;}&#8221;][vc_column_text el_class=&#8221;titular&#8221;]<\/p>\n<h3>Ofertas de emprego<\/h3>\n<p>[\/vc_column_text][vc_column_text el_class=&#8221;subtitular texto_azul_personas&#8221;]Descubra as nossas candidaturas abertas ou introduz o teu CV e detalhes para que possamos conhecer o seu perfil e contact\u00e1-lo se existir um emprego que se enquadre:[\/vc_column_text][vc_column_text el_class=&#8221;enlace&#8221;]<a href=\"https:\/\/talentclue.com\/es\/company\/10202718\/offers\/menu\/modal\" target=\"_blank\" rel=\"noopener noreferrer\">Aceda \u00e0 nossa plataforma de emprego<\/a>[\/vc_column_text][vc_column_text el_class=&#8221;redes&#8221;]<\/p>\n<ul>\n<li><a href=\"https:\/\/www.linkedin.com\/company\/valvulasarco\/jobs\/\" target=\"_blank\" rel=\"noopener noreferrer\">Linkedin<\/a><\/li>\n<\/ul>\n<p>[\/vc_column_text][\/vc_column][\/vc_row][vc_row el_class=&#8221;destacado_obra bloque titular_sin_padding&#8221;][vc_column css=&#8221;.vc_custom_1596443870655{padding-top: 0px !important;}&#8221;][vc_column_text]<\/p>\n<h3>Beneficios de formar parte da equipa Arco<\/h3>\n<p>[\/vc_column_text][\/vc_column][\/vc_row][vc_row full_width=&#8221;stretch_row_content_no_spaces&#8221; equal_height=&#8221;yes&#8221; el_class=&#8221;mitad_home mitad_derecha personas&#8221;][vc_column width=&#8221;1\/2&#8243; el_class=&#8221;imagen&#8221; css=&#8221;.vc_custom_1618474047773{padding-top: 0px !important;background-image: url(https:\/\/valvulasarco.com\/wp-content\/uploads\/2021\/04\/equipo-efr-2021-ok.jpg?id=5822) !important;background-position: center !important;background-repeat: no-repeat !important;background-size: cover !important;}&#8221;][\/vc_column][vc_column width=&#8221;1\/2&#8243; el_class=&#8221;texto&#8221; css=&#8221;.vc_custom_1593700829527{padding-top: 0px !important;}&#8221;][vc_column_text el_class=&#8221;titular&#8221;]<\/p>\n<h2>efr: Empresa Familiarmente Respons\u00e1vel<\/h2>\n<p>[\/vc_column_text][vc_column_text el_class=&#8221;subtitular&#8221;]<\/p>\n<h3>O compromiso com a nossa equipa vai mais al\u00e9m das palavras. Isto demonstra-se com a certifica\u00e7\u00e3o da Arco como Empresa Familiarmente Respons\u00e1vel (efr), atribuida pela Funda\u00e7\u00e3o Masfamilia. O objectivo deste certificado \u00e9 favorecer a concilia\u00e7\u00e3o da vida familiar e privada dos nossos empregados, e garantir o seu desenvolvimento pessoal para al\u00e9m da parte laboral.<\/h3>\n<p>[\/vc_column_text][vc_single_image image=&#8221;2769&#8243; img_size=&#8221;full&#8221; el_class=&#8221;logo_efr&#8221;][\/vc_column][\/vc_row][vc_row full_width=&#8221;stretch_row_content_no_spaces&#8221; equal_height=&#8221;yes&#8221; el_class=&#8221;mitad_home mitad_izquierda personas&#8221;][vc_column width=&#8221;1\/2&#8243; el_class=&#8221;texto&#8221; css=&#8221;.vc_custom_1593700833376{padding-top: 0px !important;background-position: center !important;background-repeat: no-repeat !important;background-size: cover !important;}&#8221;][vc_column_text el_class=&#8221;titular&#8221;]<\/p>\n<h2>RSC: Arco cuida de ti e Arco Respons\u00e1vel<\/h2>\n<p>[\/vc_column_text][vc_column_text el_class=&#8221;subtitular&#8221;]<\/p>\n<h4>O objectivo da Arco \u00e9 ser uma empresa comprometida com a suas pessoas, com os seus clientes e com a sua envolvente. Por isso, a gest\u00e3o da Responsabilidade Social Empresarial est\u00e1 integrada no modelo de Melhora Continua da empresa. Assim, trabalhamos a concilia\u00e7\u00e3o e a igualdade atrav\u00e9s da certifica\u00e7\u00e3o EFR, Integramos grupos em risco de exclus\u00e3o, cuidamos do meio ambiente cumprindo a norma ISO 14001 e garantimos a seguran\u00e7a e a sa\u00fade das nossas pessoas com base na certifica\u00e7\u00e3o OSHAS 18001.<\/h4>\n<p>[\/vc_column_text][vc_column_text]<img decoding=\"async\" loading=\"lazy\" class=\"imagen_uno_logo\" src=\"https:\/\/valvulasarco.com\/wp-content\/uploads\/2020\/08\/LOGO-ARCO-CUIDA.svg\" alt=\"\" width=\"1\" height=\"1\" \/><img decoding=\"async\" loading=\"lazy\" class=\"imagen_dos_logo\" src=\"https:\/\/valvulasarco.com\/wp-content\/uploads\/2020\/08\/LOGO-ARCO_RESPONSABLE.svg\" alt=\"\" width=\"1\" height=\"1\" \/>[\/vc_column_text][\/vc_column][vc_column width=&#8221;1\/2&#8243; el_class=&#8221;imagen&#8221; css=&#8221;.vc_custom_1596442222214{padding-top: 0px !important;background-image: url(https:\/\/valvulasarco.com\/wp-content\/uploads\/2020\/08\/Botella-Arco-te-cuida-2_1_OPTIMA.jpg?id=705) !important;background-position: center !important;background-repeat: no-repeat !important;background-size: cover !important;}&#8221;][\/vc_column][\/vc_row][vc_row full_width=&#8221;stretch_row&#8221; el_class=&#8221;contacto_obras bloque personas&#8221; css=&#8221;.vc_custom_1596448238253{background-image: url(https:\/\/valvulasarco.com\/wp-content\/uploads\/2020\/07\/contacto_obras.jpg?id=371) !important;background-position: center !important;background-repeat: no-repeat !important;background-size: cover !important;}&#8221;][vc_column css=&#8221;.vc_custom_1594380075736{padding-top: 0px !important;}&#8221;][vc_row_inner][vc_column_inner width=&#8221;1\/12&#8243;][\/vc_column_inner][vc_column_inner width=&#8221;10\/12&#8243; css=&#8221;.vc_custom_1594380067892{padding-top: 0px !important;}&#8221;][vc_column_text el_class=&#8221;titular&#8221; css=&#8221;.vc_custom_1611138307346{margin-bottom: 30px !important;}&#8221;]Junta-te \u00e0 nossa equipa[\/vc_column_text][vc_column_text el_class=&#8221;boton_gris rosa trabaja_con_boton&#8221;]<\/p>\n<p style=\"text-align: center;\"><a href=\"#trabaja_con_nosotros\">VER AS NOSSAS OFERTAS DE EMPREGO<\/a><\/p>\n<p>[\/vc_column_text][\/vc_column_inner][vc_column_inner width=&#8221;1\/12&#8243;][\/vc_column_inner][\/vc_row_inner][\/vc_column][\/vc_row]<\/p>\n","protected":false},"excerpt":{"rendered":"<p>[vc_row full_width=&#8221;stretch_row&#8221; el_class=&#8221;banner_pagina&#8221; css=&#8221;.vc_custom_1596441716055{background-image: url(https:\/\/valvulasarco.com\/wp-content\/uploads\/2020\/08\/personas.jpg?id=697) !important;background-position: center !important;background-repeat: no-repeat !important;background-size: cover !important;}&#8221;][vc_column width=&#8221;7\/12&#8243; css=&#8221;.vc_custom_1594131934187{padding-top: 0px !important;}&#8221;][vc_column_text] PESSOAS O verdadeiro motor da nossa empresa [\/vc_column_text][\/vc_column][vc_column width=&#8221;5\/12&#8243; css=&#8221;.vc_custom_1594131938133{padding-top: 0px !important;}&#8221;][\/vc_column][\/vc_row][vc_row full_width=&#8221;stretch_row&#8221; el_class=&#8221;breadcrumb&#8221; css=&#8221;.vc_custom_1596448378197{background-color: #f0f0f0 !important;}&#8221;][vc_column css=&#8221;.vc_custom_1594132444794{padding-top: 0px !important;}&#8221;][\/vc_column][\/vc_row][vc_row full_width=&#8221;stretch_row&#8221; el_class=&#8221;destacado_obra bloque count_personas_personas&#8221; css=&#8221;.vc_custom_1596448735590{padding-top: 20px !important;padding-bottom: 20px !important;background-color: #f0f0f0 !important;}&#8221;][vc_column css=&#8221;.vc_custom_1596443870655{padding-top: 0px !important;}&#8221;][vc_column_text]A nossa equipa[\/vc_column_text][\/vc_column][\/vc_row][vc_row full_width=&#8221;stretch_row&#8221; el_class=&#8221;count_personas iconos_internacional [&hellip;]<\/p>\n","protected":false},"author":1,"featured_media":0,"parent":1802,"menu_order":0,"comment_status":"closed","ping_status":"closed","template":"","meta":[],"acf":[],"yoast_head":"<!-- This site is optimized with the Yoast SEO plugin v20.4 - https:\/\/yoast.com\/wordpress\/plugins\/seo\/ -->\n<title>V\u00e1lvulas Arco - Equipa<\/title>\n<meta name=\"description\" content=\"\u00bfQueres trabalhar nas V\u00e1lvulas Arco? Entra e descobre como \u00e9 a nossa equipa, os benef\u00edcios de juntares-te \u00e0 nossa empresa e as vagas abertas.\" \/>\n<meta name=\"robots\" content=\"index, follow, max-snippet:-1, max-image-preview:large, max-video-preview:-1\" \/>\n<link rel=\"canonical\" href=\"https:\/\/valvulasarco.com\/pt-pt\/companhia\/equipa\/\" \/>\n<meta property=\"og:locale\" content=\"pt_PT\" \/>\n<meta property=\"og:type\" content=\"article\" \/>\n<meta property=\"og:title\" content=\"V\u00e1lvulas Arco - Equipa\" \/>\n<meta property=\"og:description\" content=\"\u00bfQueres trabalhar nas V\u00e1lvulas Arco? Entra e descobre como \u00e9 a nossa equipa, os benef\u00edcios de juntares-te \u00e0 nossa empresa e as vagas abertas.\" \/>\n<meta property=\"og:url\" content=\"https:\/\/valvulasarco.com\/pt-pt\/companhia\/equipa\/\" \/>\n<meta property=\"og:site_name\" content=\"Arco\" \/>\n<meta property=\"article:modified_time\" content=\"2021-04-15T08:07:30+00:00\" \/>\n<meta property=\"og:image\" content=\"https:\/\/valvulasarco.com\/wp-content\/uploads\/2020\/08\/LOGO-ARCO-CUIDA.svg\" \/>\n<meta name=\"twitter:card\" content=\"summary_large_image\" \/>\n<meta name=\"twitter:label1\" content=\"Tempo estimado de leitura\" \/>\n\t<meta name=\"twitter:data1\" content=\"3 minutos\" \/>\n<script type=\"application\/ld+json\" class=\"yoast-schema-graph\">{\"@context\":\"https:\/\/schema.org\",\"@graph\":[{\"@type\":\"WebPage\",\"@id\":\"https:\/\/valvulasarco.com\/pt-pt\/companhia\/equipa\/\",\"url\":\"https:\/\/valvulasarco.com\/pt-pt\/companhia\/equipa\/\",\"name\":\"V\u00e1lvulas Arco - Equipa\",\"isPartOf\":{\"@id\":\"https:\/\/valvulasarco.com\/#website\"},\"datePublished\":\"2020-08-03T08:01:33+00:00\",\"dateModified\":\"2021-04-15T08:07:30+00:00\",\"description\":\"\u00bfQueres trabalhar nas V\u00e1lvulas Arco? Entra e descobre como \u00e9 a nossa equipa, os benef\u00edcios de juntares-te \u00e0 nossa empresa e as vagas abertas.\",\"breadcrumb\":{\"@id\":\"https:\/\/valvulasarco.com\/pt-pt\/companhia\/equipa\/#breadcrumb\"},\"inLanguage\":\"pt-PT\",\"potentialAction\":[{\"@type\":\"ReadAction\",\"target\":[\"https:\/\/valvulasarco.com\/pt-pt\/companhia\/equipa\/\"]}]},{\"@type\":\"BreadcrumbList\",\"@id\":\"https:\/\/valvulasarco.com\/pt-pt\/companhia\/equipa\/#breadcrumb\",\"itemListElement\":[{\"@type\":\"ListItem\",\"position\":1,\"name\":\"Portada\",\"item\":\"https:\/\/valvulasarco.com\/pt-pt\/\"},{\"@type\":\"ListItem\",\"position\":2,\"name\":\"Companhia\",\"item\":\"https:\/\/valvulasarco.com\/pt-pt\/companhia\/\"},{\"@type\":\"ListItem\",\"position\":3,\"name\":\"Equipa\"}]},{\"@type\":\"WebSite\",\"@id\":\"https:\/\/valvulasarco.com\/#website\",\"url\":\"https:\/\/valvulasarco.com\/\",\"name\":\"Arco\",\"description\":\"Arco\",\"publisher\":{\"@id\":\"https:\/\/valvulasarco.com\/#organization\"},\"potentialAction\":[{\"@type\":\"SearchAction\",\"target\":{\"@type\":\"EntryPoint\",\"urlTemplate\":\"https:\/\/valvulasarco.com\/?s={search_term_string}\"},\"query-input\":\"required name=search_term_string\"}],\"inLanguage\":\"pt-PT\"},{\"@type\":\"Organization\",\"@id\":\"https:\/\/valvulasarco.com\/#organization\",\"name\":\"Arco\",\"url\":\"https:\/\/valvulasarco.com\/\",\"logo\":{\"@type\":\"ImageObject\",\"inLanguage\":\"pt-PT\",\"@id\":\"https:\/\/valvulasarco.com\/#\/schema\/logo\/image\/\",\"url\":\"https:\/\/valvulasarco.com\/wp-content\/uploads\/2020\/11\/Logo-Arco.png\",\"contentUrl\":\"https:\/\/valvulasarco.com\/wp-content\/uploads\/2020\/11\/Logo-Arco.png\",\"width\":750,\"height\":479,\"caption\":\"Arco\"},\"image\":{\"@id\":\"https:\/\/valvulasarco.com\/#\/schema\/logo\/image\/\"}}]}<\/script>\n<!-- \/ Yoast SEO plugin. -->","yoast_head_json":{"title":"V\u00e1lvulas Arco - Equipa","description":"\u00bfQueres trabalhar nas V\u00e1lvulas Arco? Entra e descobre como \u00e9 a nossa equipa, os benef\u00edcios de juntares-te \u00e0 nossa empresa e as vagas abertas.","robots":{"index":"index","follow":"follow","max-snippet":"max-snippet:-1","max-image-preview":"max-image-preview:large","max-video-preview":"max-video-preview:-1"},"canonical":"https:\/\/valvulasarco.com\/pt-pt\/companhia\/equipa\/","og_locale":"pt_PT","og_type":"article","og_title":"V\u00e1lvulas Arco - Equipa","og_description":"\u00bfQueres trabalhar nas V\u00e1lvulas Arco? Entra e descobre como \u00e9 a nossa equipa, os benef\u00edcios de juntares-te \u00e0 nossa empresa e as vagas abertas.","og_url":"https:\/\/valvulasarco.com\/pt-pt\/companhia\/equipa\/","og_site_name":"Arco","article_modified_time":"2021-04-15T08:07:30+00:00","og_image":[{"url":"https:\/\/valvulasarco.com\/wp-content\/uploads\/2020\/08\/LOGO-ARCO-CUIDA.svg"}],"twitter_card":"summary_large_image","twitter_misc":{"Tempo estimado de leitura":"3 minutos"},"schema":{"@context":"https:\/\/schema.org","@graph":[{"@type":"WebPage","@id":"https:\/\/valvulasarco.com\/pt-pt\/companhia\/equipa\/","url":"https:\/\/valvulasarco.com\/pt-pt\/companhia\/equipa\/","name":"V\u00e1lvulas Arco - Equipa","isPartOf":{"@id":"https:\/\/valvulasarco.com\/#website"},"datePublished":"2020-08-03T08:01:33+00:00","dateModified":"2021-04-15T08:07:30+00:00","description":"\u00bfQueres trabalhar nas V\u00e1lvulas Arco? Entra e descobre como \u00e9 a nossa equipa, os benef\u00edcios de juntares-te \u00e0 nossa empresa e as vagas abertas.","breadcrumb":{"@id":"https:\/\/valvulasarco.com\/pt-pt\/companhia\/equipa\/#breadcrumb"},"inLanguage":"pt-PT","potentialAction":[{"@type":"ReadAction","target":["https:\/\/valvulasarco.com\/pt-pt\/companhia\/equipa\/"]}]},{"@type":"BreadcrumbList","@id":"https:\/\/valvulasarco.com\/pt-pt\/companhia\/equipa\/#breadcrumb","itemListElement":[{"@type":"ListItem","position":1,"name":"Portada","item":"https:\/\/valvulasarco.com\/pt-pt\/"},{"@type":"ListItem","position":2,"name":"Companhia","item":"https:\/\/valvulasarco.com\/pt-pt\/companhia\/"},{"@type":"ListItem","position":3,"name":"Equipa"}]},{"@type":"WebSite","@id":"https:\/\/valvulasarco.com\/#website","url":"https:\/\/valvulasarco.com\/","name":"Arco","description":"Arco","publisher":{"@id":"https:\/\/valvulasarco.com\/#organization"},"potentialAction":[{"@type":"SearchAction","target":{"@type":"EntryPoint","urlTemplate":"https:\/\/valvulasarco.com\/?s={search_term_string}"},"query-input":"required name=search_term_string"}],"inLanguage":"pt-PT"},{"@type":"Organization","@id":"https:\/\/valvulasarco.com\/#organization","name":"Arco","url":"https:\/\/valvulasarco.com\/","logo":{"@type":"ImageObject","inLanguage":"pt-PT","@id":"https:\/\/valvulasarco.com\/#\/schema\/logo\/image\/","url":"https:\/\/valvulasarco.com\/wp-content\/uploads\/2020\/11\/Logo-Arco.png","contentUrl":"https:\/\/valvulasarco.com\/wp-content\/uploads\/2020\/11\/Logo-Arco.png","width":750,"height":479,"caption":"Arco"},"image":{"@id":"https:\/\/valvulasarco.com\/#\/schema\/logo\/image\/"}}]}},"_links":{"self":[{"href":"https:\/\/valvulasarco.com\/pt-pt\/wp-json\/wp\/v2\/pages\/2065"}],"collection":[{"href":"https:\/\/valvulasarco.com\/pt-pt\/wp-json\/wp\/v2\/pages"}],"about":[{"href":"https:\/\/valvulasarco.com\/pt-pt\/wp-json\/wp\/v2\/types\/page"}],"author":[{"embeddable":true,"href":"https:\/\/valvulasarco.com\/pt-pt\/wp-json\/wp\/v2\/users\/1"}],"replies":[{"embeddable":true,"href":"https:\/\/valvulasarco.com\/pt-pt\/wp-json\/wp\/v2\/comments?post=2065"}],"version-history":[{"count":12,"href":"https:\/\/valvulasarco.com\/pt-pt\/wp-json\/wp\/v2\/pages\/2065\/revisions"}],"predecessor-version":[{"id":5920,"href":"https:\/\/valvulasarco.com\/pt-pt\/wp-json\/wp\/v2\/pages\/2065\/revisions\/5920"}],"up":[{"embeddable":true,"href":"https:\/\/valvulasarco.com\/pt-pt\/wp-json\/wp\/v2\/pages\/1802"}],"wp:attachment":[{"href":"https:\/\/valvulasarco.com\/pt-pt\/wp-json\/wp\/v2\/media?parent=2065"}],"curies":[{"name":"wp","href":"https:\/\/api.w.org\/{rel}","templated":true}]}}