{"id":3072,"date":"2020-07-09T09:31:53","date_gmt":"2020-07-09T09:31:53","guid":{"rendered":"https:\/\/valvulasarco.com\/productos\/"},"modified":"2024-07-24T07:53:35","modified_gmt":"2024-07-24T05:53:35","slug":"produkt","status":"publish","type":"page","link":"https:\/\/valvulasarco.com\/pl\/produkt\/","title":{"rendered":"Produkt"},"content":{"rendered":"<p>[vc_row full_width=&#8221;stretch_row&#8221; el_class=&#8221;banner_pagina banner_productos_cat&#8221; css=&#8221;.vc_custom_1604404885449{background-image: url(https:\/\/valvulasarco.com\/wp-content\/uploads\/2020\/07\/PRODUCTO_CAB.jpg?id=611) !important;background-position: center !important;background-repeat: no-repeat !important;background-size: cover !important;}&#8221;][vc_column width=&#8221;1\/2&#8243; css=&#8221;.vc_custom_1594131934187{padding-top: 0px !important;}&#8221;][vc_column_text]<\/p>\n<h1>PRODUKTY<\/h1>\n<h2>Specjali\u015bci w projektowaniu i wykonawstwie instalacji wodnych, gazowych i grzewczych na ca\u0142ym \u015bwiecie<\/h2>\n<p>[\/vc_column_text][\/vc_column][vc_column width=&#8221;1\/2&#8243; css=&#8221;.vc_custom_1594131938133{padding-top: 0px !important;}&#8221;][\/vc_column][\/vc_row][vc_row el_class=&#8221;breadcrumb bread_productos&#8221;][vc_column css=&#8221;.vc_custom_1594132444794{padding-top: 0px !important;}&#8221;]<div itemscope itemtype=\"https:\/\/schema.org\/BreadcrumbList\" id=\"breadcrumb\"><div itemprop=\"itemListElement\" itemscope itemtype=\"https:\/\/schema.org\/ListItem\"><a itemprop=\"item\" href=\"https:\/\/valvulasarco.com\/pl\/\"><span class=\"vc_icon_element-icon fa fa-home\"><\/span><span itemprop=\"name\">Home<\/span><\/a><meta itemprop=\"position\" content=\"1\" \/><\/div><div itemprop=\"itemListElement hola\" itemscope itemtype=\"https:\/\/schema.org\/ListItem\"><span>><\/span><a itemprop=\"item\" href=\"https:\/\/valvulasarco.com\/pl\/produkt\/\"><span itemprop=\"name\">Produkt<\/span><\/a><meta itemprop=\"position\" content=\"3\"><\/div><\/div>[\/vc_column][\/vc_row][vc_row full_width=&#8221;stretch_row_content_no_spaces&#8221; el_class=&#8221;descarga_catalogo_home descarga_productos&#8221;][vc_column][vc_raw_html]JTNDYSUyMGhyZWYlM0QlMjJodHRwcyUzQSUyRiUyRnZhbHZ1bGFzYXJjby5jb20lMkZ3cC1jb250ZW50JTJGdXBsb2FkcyUyRjIwMjQlMkYwNyUyRkthdGFsb2dfQVJDT19Qb2xza2FfMjAyNF8ucGRmJTIyJTIwdGFyZ2V0JTNEJTIyX2JsYW5rJTIyJTNFJTNDc3BhbiUzRSUzQ2klMjBjbGFzcyUzRCUyMmZhcyUyMGZhLWRvd25sb2FkJTIyJTNFJTNDJTJGaSUzRSUyMEthdGFsb2clM0MlMkZzcGFuJTNFJTNDJTJGYSUzRQ==[\/vc_raw_html][\/vc_column][\/vc_row][vc_row el_class=&#8221;productos_profesionales&#8221; css=&#8221;.vc_custom_1611150219531{padding-top: 0px !important;padding-bottom: 0px !important;}&#8221;][vc_column][vc_row el_class=\"productos_profesionales\"][\/vc_row][\/vc_column][\/vc_row][vc_row el_class=&#8221;separador_producto bloque&#8221;][vc_column][vc_column_text el_class=&#8221;titulo&#8221;]<\/p>\n<p style=\"text-align: center;\">Systemy<\/p>\n<p>[\/vc_column_text][vc_row_inner el_class=&#8221;productos_sistema_listado&#8221;][vc_column_inner width=&#8221;1\/3&#8243;][vc_raw_html]JTNDZGl2JTIwY2xhc3MlM0QlMjJpdGVtLXByb2R1Y3RvLXNpc3RlbWFzJTIwb2Z1c2Nhcl9saW5rJTIyJTIwZGF0YS11cmwlM0QlMjIlMkZwbCUyRnByb2R1Y3RzJTJGY2F0ZWdvcnklMkZhZ3VhJTJGYWd1YS10dWJvLXJhY29yZXMlMkYlMjIlMjBkYXRhLW5ldy13aW5kb3clM0QlMjIwJTIyJTNFJTBBJTIwJTIwJTIwJTIwJTIwJTNDZGl2JTIwY2xhc3MlM0QlMjJpbmZvJTIyJTNFJTBBJTA5JTNDZGl2JTIwY2xhc3MlM0QlMjJpbWFnZW4lMjIlM0UlMEElMDklMDklM0NpbWclMjBzcmMlM0QlMjIlMkZ3cC1jb250ZW50JTJGdXBsb2FkcyUyRjIwMjAlMkYxMCUyRnR1Ym8tcmFjb3Jlcy1hZ3VhLTEucG5nJTIyJTNFJTBBJTIwJTIwJTIwJTIwJTIwJTIwJTIwJTIwJTNDJTJGZGl2JTNFJTBBJTA5JTNDZGl2JTIwY2xhc3MlM0QlMjJ0aXR1bG8lMjIlM0UlMEElMDklMDklM0NhJTIwaHJlZiUzRCUyMiUyRnBsJTJGcHJvZHVjdHMlMkZjYXRlZ29yeSUyRmFndWElMkZhZ3VhLXR1Ym8tcmFjb3JlcyUyRiUyMiUzRVNZU1RFTVklMjBETyUyMFdPRFklM0MlMkZhJTNFJTBBJTA5JTNDJTJGZGl2JTNFJTBBJTIwJTIwJTIwJTNDJTJGZGl2JTNFJTBBJTNDJTJGZGl2JTNF[\/vc_raw_html][\/vc_column_inner][vc_column_inner width=&#8221;1\/3&#8243;][vc_raw_html]JTNDZGl2JTIwY2xhc3MlM0QlMjJpdGVtLXByb2R1Y3RvLXNpc3RlbWFzJTIwb2Z1c2Nhcl9saW5rJTIyJTIwZGF0YS11cmwlM0QlMjIlMkZwbCUyRnByb2R1Y3RzJTJGY2F0ZWdvcnklMkZnYXMlMkZnYXMtdHViby1yYWNvcmVzJTJGJTIyJTIwZGF0YS1uZXctd2luZG93JTNEJTIyMCUyMiUzRSUwQSUyMCUyMCUyMCUyMCUyMCUzQ2RpdiUyMGNsYXNzJTNEJTIyaW5mbyUyMiUzRSUwQSUwOSUzQ2RpdiUyMGNsYXNzJTNEJTIyaW1hZ2VuJTIyJTNFJTBBJTA5JTA5JTNDaW1nJTIwc3JjJTNEJTIyJTJGd3AtY29udGVudCUyRnVwbG9hZHMlMkYyMDIwJTJGMTAlMkZ0dWJvLXJhY29yZXMtZ2FzLnBuZyUyMiUzRSUwQSUyMCUyMCUyMCUyMCUyMCUyMCUyMCUyMCUzQyUyRmRpdiUzRSUwQSUwOSUzQ2RpdiUyMGNsYXNzJTNEJTIydGl0dWxvJTIyJTNFJTBBJTA5JTA5JTNDYSUyMGhyZWYlM0QlMjIlMkZwbCUyRnByb2R1Y3RzJTJGY2F0ZWdvcnklMkZnYXMlMkZnYXMtdHViby1yYWNvcmVzJTJGJTIyJTNFU1lTVEVNWSUyMERPJTIwR0FaVSUzQyUyRmElM0UlMEElMDklM0MlMkZkaXYlM0UlMEElMjAlMjAlMjAlM0MlMkZkaXYlM0UlMEElM0MlMkZkaXYlM0U=[\/vc_raw_html][\/vc_column_inner][vc_column_inner width=&#8221;1\/3&#8243;][vc_raw_html]JTNDZGl2JTIwY2xhc3MlM0QlMjJpdGVtLXByb2R1Y3RvLXNpc3RlbWFzJTIwb2Z1c2Nhcl9saW5rJTIyJTIwZGF0YS11cmwlM0QlMjIlMkZwbCUyRnByb2R1Y3RzJTJGY2F0ZWdvcnklMkZjYWxlZmFjY2lvbiUyRmNhbGVmYWNjaW9uLXR1Ym8tcmFjb3JlcyUyRiUyMiUyMGRhdGEtbmV3LXdpbmRvdyUzRCUyMjAlMjIlM0UlMEElMjAlMjAlMjAlMjAlMjAlM0NkaXYlMjBjbGFzcyUzRCUyMmluZm8lMjIlM0UlMEElMDklM0NkaXYlMjBjbGFzcyUzRCUyMmltYWdlbiUyMiUzRSUwQSUwOSUwOSUzQ2ltZyUyMHNyYyUzRCUyMiUyRndwLWNvbnRlbnQlMkZ1cGxvYWRzJTJGMjAyMCUyRjEwJTJGdHViby1yYWNvcmVzLWNhbGVmYWNjaW9uLnBuZyUyMiUzRSUwQSUyMCUyMCUyMCUyMCUyMCUyMCUyMCUyMCUzQyUyRmRpdiUzRSUwQSUwOSUzQ2RpdiUyMGNsYXNzJTNEJTIydGl0dWxvJTIyJTNFJTBBJTA5JTA5JTNDYSUyMGhyZWYlM0QlMjIlMkZwbCUyRnByb2R1Y3RzJTJGY2F0ZWdvcnklMkZjYWxlZmFjY2lvbiUyRmNhbGVmYWNjaW9uLXR1Ym8tcmFjb3JlcyUyRiUyMiUzRSUyMFNZU1RFTVklMjBETyUyME9HUlpFV0FOSUElM0MlMkZhJTNFJTBBJTA5JTNDJTJGZGl2JTNFJTBBJTIwJTIwJTIwJTNDJTJGZGl2JTNFJTBBJTNDJTJGZGl2JTNF[\/vc_raw_html][\/vc_column_inner][\/vc_row_inner][\/vc_column][\/vc_row][vc_row full_width=&#8221;stretch_row&#8221; el_class=&#8221;bloque portada_productos_slide&#8221; css=&#8221;.vc_custom_1595502655208{background-color: #f0f0f0 !important;}&#8221;][vc_column css=&#8221;.vc_custom_1595502946175{padding-top: 0px !important;}&#8221;][vc_column_text el_class=&#8221;titulo_portada_productos_slide&#8221;]AKTUALNO\u015aCI[\/vc_column_text]<div class=\"slider_productos_portada slider_grid_3\">[vc_column width=\"1\/3\" el_class=\"primero item\"]<div class=\"ofuscar_link\" data-url=\"https:\/\/valvulasarco.com\/pl\/products\/a00744-valvula-retencion-pn16-h-h-roscar-vitaq-stop\/\" data-new-window=\"0\">[vc_single_image image=\"1827\" el_class=\"imagen\"][vc_row_inner el_class=\"info\"][vc_column_inner][vc_column_text el_class=\"titulo\"]Zaw\u00f3r zwrotny VITAQ[\/vc_column_text][vc_column_text el_class=\"resumen\"]Ulepszyli\u015bmy nasz zaw\u00f3r zwrotny dodaj\u0105c zamkni\u0119cie VITAQ, kt\u00f3re zapobiega osadzaniu si\u0119 kamienia wewn\u0105trz zaworu, przed\u0142u\u017caj\u0105c jego dzia\u0142anie.[\/vc_column_text][vc_column_text el_class=\"enlace\"]<a href=\"https:\/\/valvulasarco.com\/pl\/products\/a00744-valvula-retencion-pn16-h-h-roscar-vitaq-stop\/\"><img src=\"\/wp-content\/uploads\/2020\/07\/IC-MAS-AZUL-1.svg\" alt=\"\" width=\"1\" height=\"1\" \/><\/a>[\/vc_column_text][\/vc_column_inner][\/vc_row_inner]<\/div>[\/vc_column][vc_column width=\"1\/3\" el_class=\"primero item\"]<div class=\"ofuscar_link\" data-url=\"https:\/\/valvulasarco.com\/pl\/products\/a00757-valvula-escuadra-pn10-m-m-x-m-roscar-vitaq-mando-abs-cromo-a%c2%b780-twin\/\" data-new-window=\"0\">[vc_single_image image=\"1834\" el_class=\"imagen\"][vc_row_inner el_class=\"info\"][vc_column_inner][vc_column_text el_class=\"titulo\"]Zaw\u00f3r Twin: mosi\u0105dz o niskiej zawarto\u015bci o\u0142owiu[\/vc_column_text][vc_column_text el_class=\"resumen\"]ARCO przedstawia sw\u00f3j pierwszy zaw\u00f3r wykonany w techologii mosi\u0105dzu low lead i wyposa\u017cony w system VITAQ. Wi\u0119ksza trwa\u0142o\u015b\u0107 i wielofunkcyjno\u015b\u0107.[\/vc_column_text][vc_column_text el_class=\"enlace\"]<a href=\"https:\/\/valvulasarco.com\/pl\/products\/a00757-valvula-escuadra-pn10-m-m-x-m-roscar-vitaq-mando-abs-cromo-a%c2%b780-twin\/\"><img src=\"\/wp-content\/uploads\/2020\/07\/IC-MAS-AZUL-1.svg\" alt=\"\" width=\"1\" height=\"1\" \/><\/a>[\/vc_column_text][\/vc_column_inner][\/vc_row_inner]<\/div>[\/vc_column][vc_column width=\"1\/3\" el_class=\"primero item\"]<div class=\"ofuscar_link\" data-url=\"https:\/\/valvulasarco.com\/pl\/products\/a00536-valvula-esfera-doble-eje-pn50-h-h-roscar-vitaq-palanca-negra-funda-negra-tajo-pro\/\" data-new-window=\"0\">[vc_single_image image=\"1820\" el_class=\"imagen\"][vc_row_inner el_class=\"info\"][vc_column_inner][vc_column_text el_class=\"titulo\"]Tajo PRO: podw\u00f3jna o\u015b, \u0142atwe otwieranie\/zamykanie[\/vc_column_text][vc_column_text el_class=\"resumen\"]Pierwszy zaw\u00f3r na \u015bwiecie z zastosowaniem technologii pod\u00f3wjnej osi, co poprawia wydajno\u015b\u0107 ca\u0142ej instalacji.[\/vc_column_text][vc_column_text el_class=\"enlace\"]<a href=\"https:\/\/valvulasarco.com\/pl\/products\/a00536-valvula-esfera-doble-eje-pn50-h-h-roscar-vitaq-palanca-negra-funda-negra-tajo-pro\/\"><img src=\"\/wp-content\/uploads\/2020\/07\/IC-MAS-AZUL-1.svg\" alt=\"\" width=\"1\" height=\"1\" \/><\/a>[\/vc_column_text][\/vc_column_inner][\/vc_row_inner]<\/div>[\/vc_column]<\/div>[\/vc_column][\/vc_row][vc_row equal_height=&#8221;yes&#8221; el_class=&#8221;recursos_productos bloque&#8221;][vc_column width=&#8221;7\/12&#8243; el_class=&#8221;descarga_cat_productos&#8221; css=&#8221;.vc_custom_1595832035227{padding-top: 0px !important;}&#8221;][vc_row_inner equal_height=&#8221;yes&#8221;][vc_column_inner width=&#8221;1\/2&#8243;][vc_column_text]Pobierz nowy katalog produkt\u00f3w <strong>Arco<\/strong>.<\/p>\n<p><a href=\"https:\/\/valvulasarco.com\/wp-content\/uploads\/2024\/07\/Katalog_ARCO_Polska_2024_.pdf\" target=\"_blank\" rel=\"noopener noreferrer\"><i class=\"fas fa-download\"><\/i> Katalog<\/a><\/p>\n<p><a href=\"\/wp-content\/uploads\/2024\/01\/Cennik-Valvulas-Arco-2024-1.pdf\" target=\"_blank\" rel=\"noopener noreferrer\"><i class=\"fas fa-download\"><\/i> Cennik<\/a>[\/vc_column_text][\/vc_column_inner][vc_column_inner width=&#8221;1\/2&#8243;][vc_single_image image=&#8221;7199&#8243; img_size=&#8221;full&#8221; alignment=&#8221;center&#8221;][\/vc_column_inner][\/vc_row_inner][\/vc_column][vc_column width=&#8221;5\/12&#8243; el_class=&#8221;seccion_descarga&#8221; css=&#8221;.vc_custom_1595832038958{padding-top: 0px !important;}&#8221;][vc_column_text]<\/p>\n<h3>Dokumenty do pobrania<\/h3>\n<p>Tutaj znajdziesz wszystkie informacje o naszych produktach tj. katalogi, ulotki, karty techniczne, KDWU oraz certyfikaty.<\/p>\n<p><a href=\"https:\/\/valvulasarco.com\/pl\/produkt\/materialy-do-pobrania\/\">Dokumenty do pobrania<\/a>[\/vc_column_text][\/vc_column][\/vc_row]<\/p>\n","protected":false},"excerpt":{"rendered":"<p>[vc_row full_width=&#8221;stretch_row&#8221; el_class=&#8221;banner_pagina banner_productos_cat&#8221; css=&#8221;.vc_custom_1604404885449{background-image: url(https:\/\/valvulasarco.com\/wp-content\/uploads\/2020\/07\/PRODUCTO_CAB.jpg?id=611) !important;background-position: center !important;background-repeat: no-repeat !important;background-size: cover !important;}&#8221;][vc_column width=&#8221;1\/2&#8243; css=&#8221;.vc_custom_1594131934187{padding-top: 0px !important;}&#8221;][vc_column_text] PRODUKTY Specjali\u015bci w projektowaniu i wykonawstwie instalacji wodnych, gazowych i grzewczych na ca\u0142ym \u015bwiecie [\/vc_column_text][\/vc_column][vc_column width=&#8221;1\/2&#8243; css=&#8221;.vc_custom_1594131938133{padding-top: 0px !important;}&#8221;][\/vc_column][\/vc_row][vc_row el_class=&#8221;breadcrumb bread_productos&#8221;][vc_column css=&#8221;.vc_custom_1594132444794{padding-top: 0px !important;}&#8221;][\/vc_column][\/vc_row][vc_row full_width=&#8221;stretch_row_content_no_spaces&#8221; el_class=&#8221;descarga_catalogo_home descarga_productos&#8221;][vc_column][vc_raw_html]JTNDYSUyMGhyZWYlM0QlMjJodHRwcyUzQSUyRiUyRnZhbHZ1bGFzYXJjby5jb20lMkZ3cC1jb250ZW50JTJGdXBsb2FkcyUyRjIwMjQlMkYwNyUyRkthdGFsb2dfQVJDT19Qb2xza2FfMjAyNF8ucGRmJTIyJTIwdGFyZ2V0JTNEJTIyX2JsYW5rJTIyJTNFJTNDc3BhbiUzRSUzQ2klMjBjbGFzcyUzRCUyMmZhcyUyMGZhLWRvd25sb2FkJTIyJTNFJTNDJTJGaSUzRSUyMEthdGFsb2clM0MlMkZzcGFuJTNFJTNDJTJGYSUzRQ==[\/vc_raw_html][\/vc_column][\/vc_row][vc_row el_class=&#8221;productos_profesionales&#8221; css=&#8221;.vc_custom_1611150219531{padding-top: 0px !important;padding-bottom: 0px !important;}&#8221;][vc_column][\/vc_column][\/vc_row][vc_row el_class=&#8221;separador_producto bloque&#8221;][vc_column][vc_column_text el_class=&#8221;titulo&#8221;] Systemy [\/vc_column_text][vc_row_inner [&hellip;]<\/p>\n","protected":false},"author":1,"featured_media":0,"parent":0,"menu_order":0,"comment_status":"closed","ping_status":"closed","template":"","meta":[],"acf":[],"yoast_head":"<!-- This site is optimized with the Yoast SEO plugin v20.4 - https:\/\/yoast.com\/wordpress\/plugins\/seo\/ -->\n<title>Zawory do instalacji wodnych, gazowych i grzewczych ARCO<\/title>\n<meta name=\"description\" content=\"Posiadamy zawory do instalacji wodnych, gazowych i grzewczych. Znajd\u017a zaw\u00f3r, kt\u00f3rego potrzebujesz do swojej instalacji lub projektu.\" \/>\n<meta name=\"robots\" content=\"index, follow, max-snippet:-1, max-image-preview:large, max-video-preview:-1\" \/>\n<link rel=\"canonical\" href=\"https:\/\/valvulasarco.com\/pl\/produkt\/\" \/>\n<meta property=\"og:locale\" content=\"pl_PL\" \/>\n<meta property=\"og:type\" content=\"article\" \/>\n<meta property=\"og:title\" content=\"Zawory do instalacji wodnych, gazowych i grzewczych ARCO\" \/>\n<meta property=\"og:description\" content=\"Posiadamy zawory do instalacji wodnych, gazowych i grzewczych. Znajd\u017a zaw\u00f3r, kt\u00f3rego potrzebujesz do swojej instalacji lub projektu.\" \/>\n<meta property=\"og:url\" content=\"https:\/\/valvulasarco.com\/pl\/produkt\/\" \/>\n<meta property=\"og:site_name\" content=\"Arco\" \/>\n<meta property=\"article:modified_time\" content=\"2024-07-24T05:53:35+00:00\" \/>\n<meta name=\"twitter:card\" content=\"summary_large_image\" \/>\n<meta name=\"twitter:label1\" content=\"Szacowany czas czytania\" \/>\n\t<meta name=\"twitter:data1\" content=\"1 minuta\" \/>\n<script type=\"application\/ld+json\" class=\"yoast-schema-graph\">{\"@context\":\"https:\/\/schema.org\",\"@graph\":[{\"@type\":\"WebPage\",\"@id\":\"https:\/\/valvulasarco.com\/pl\/produkt\/\",\"url\":\"https:\/\/valvulasarco.com\/pl\/produkt\/\",\"name\":\"Zawory do instalacji wodnych, gazowych i grzewczych ARCO\",\"isPartOf\":{\"@id\":\"https:\/\/valvulasarco.com\/#website\"},\"datePublished\":\"2020-07-09T09:31:53+00:00\",\"dateModified\":\"2024-07-24T05:53:35+00:00\",\"description\":\"Posiadamy zawory do instalacji wodnych, gazowych i grzewczych. Znajd\u017a zaw\u00f3r, kt\u00f3rego potrzebujesz do swojej instalacji lub projektu.\",\"breadcrumb\":{\"@id\":\"https:\/\/valvulasarco.com\/pl\/produkt\/#breadcrumb\"},\"inLanguage\":\"pl-PL\",\"potentialAction\":[{\"@type\":\"ReadAction\",\"target\":[\"https:\/\/valvulasarco.com\/pl\/produkt\/\"]}]},{\"@type\":\"BreadcrumbList\",\"@id\":\"https:\/\/valvulasarco.com\/pl\/produkt\/#breadcrumb\",\"itemListElement\":[{\"@type\":\"ListItem\",\"position\":1,\"name\":\"Portada\",\"item\":\"https:\/\/valvulasarco.com\/pl\/\"},{\"@type\":\"ListItem\",\"position\":2,\"name\":\"Produkt\"}]},{\"@type\":\"WebSite\",\"@id\":\"https:\/\/valvulasarco.com\/#website\",\"url\":\"https:\/\/valvulasarco.com\/\",\"name\":\"Arco\",\"description\":\"Arco\",\"publisher\":{\"@id\":\"https:\/\/valvulasarco.com\/#organization\"},\"potentialAction\":[{\"@type\":\"SearchAction\",\"target\":{\"@type\":\"EntryPoint\",\"urlTemplate\":\"https:\/\/valvulasarco.com\/?s={search_term_string}\"},\"query-input\":\"required name=search_term_string\"}],\"inLanguage\":\"pl-PL\"},{\"@type\":\"Organization\",\"@id\":\"https:\/\/valvulasarco.com\/#organization\",\"name\":\"Arco\",\"url\":\"https:\/\/valvulasarco.com\/\",\"logo\":{\"@type\":\"ImageObject\",\"inLanguage\":\"pl-PL\",\"@id\":\"https:\/\/valvulasarco.com\/#\/schema\/logo\/image\/\",\"url\":\"https:\/\/valvulasarco.com\/wp-content\/uploads\/2020\/11\/Logo-Arco.png\",\"contentUrl\":\"https:\/\/valvulasarco.com\/wp-content\/uploads\/2020\/11\/Logo-Arco.png\",\"width\":750,\"height\":479,\"caption\":\"Arco\"},\"image\":{\"@id\":\"https:\/\/valvulasarco.com\/#\/schema\/logo\/image\/\"}}]}<\/script>\n<!-- \/ Yoast SEO plugin. -->","yoast_head_json":{"title":"Zawory do instalacji wodnych, gazowych i grzewczych ARCO","description":"Posiadamy zawory do instalacji wodnych, gazowych i grzewczych. Znajd\u017a zaw\u00f3r, kt\u00f3rego potrzebujesz do swojej instalacji lub projektu.","robots":{"index":"index","follow":"follow","max-snippet":"max-snippet:-1","max-image-preview":"max-image-preview:large","max-video-preview":"max-video-preview:-1"},"canonical":"https:\/\/valvulasarco.com\/pl\/produkt\/","og_locale":"pl_PL","og_type":"article","og_title":"Zawory do instalacji wodnych, gazowych i grzewczych ARCO","og_description":"Posiadamy zawory do instalacji wodnych, gazowych i grzewczych. Znajd\u017a zaw\u00f3r, kt\u00f3rego potrzebujesz do swojej instalacji lub projektu.","og_url":"https:\/\/valvulasarco.com\/pl\/produkt\/","og_site_name":"Arco","article_modified_time":"2024-07-24T05:53:35+00:00","twitter_card":"summary_large_image","twitter_misc":{"Szacowany czas czytania":"1 minuta"},"schema":{"@context":"https:\/\/schema.org","@graph":[{"@type":"WebPage","@id":"https:\/\/valvulasarco.com\/pl\/produkt\/","url":"https:\/\/valvulasarco.com\/pl\/produkt\/","name":"Zawory do instalacji wodnych, gazowych i grzewczych ARCO","isPartOf":{"@id":"https:\/\/valvulasarco.com\/#website"},"datePublished":"2020-07-09T09:31:53+00:00","dateModified":"2024-07-24T05:53:35+00:00","description":"Posiadamy zawory do instalacji wodnych, gazowych i grzewczych. Znajd\u017a zaw\u00f3r, kt\u00f3rego potrzebujesz do swojej instalacji lub projektu.","breadcrumb":{"@id":"https:\/\/valvulasarco.com\/pl\/produkt\/#breadcrumb"},"inLanguage":"pl-PL","potentialAction":[{"@type":"ReadAction","target":["https:\/\/valvulasarco.com\/pl\/produkt\/"]}]},{"@type":"BreadcrumbList","@id":"https:\/\/valvulasarco.com\/pl\/produkt\/#breadcrumb","itemListElement":[{"@type":"ListItem","position":1,"name":"Portada","item":"https:\/\/valvulasarco.com\/pl\/"},{"@type":"ListItem","position":2,"name":"Produkt"}]},{"@type":"WebSite","@id":"https:\/\/valvulasarco.com\/#website","url":"https:\/\/valvulasarco.com\/","name":"Arco","description":"Arco","publisher":{"@id":"https:\/\/valvulasarco.com\/#organization"},"potentialAction":[{"@type":"SearchAction","target":{"@type":"EntryPoint","urlTemplate":"https:\/\/valvulasarco.com\/?s={search_term_string}"},"query-input":"required name=search_term_string"}],"inLanguage":"pl-PL"},{"@type":"Organization","@id":"https:\/\/valvulasarco.com\/#organization","name":"Arco","url":"https:\/\/valvulasarco.com\/","logo":{"@type":"ImageObject","inLanguage":"pl-PL","@id":"https:\/\/valvulasarco.com\/#\/schema\/logo\/image\/","url":"https:\/\/valvulasarco.com\/wp-content\/uploads\/2020\/11\/Logo-Arco.png","contentUrl":"https:\/\/valvulasarco.com\/wp-content\/uploads\/2020\/11\/Logo-Arco.png","width":750,"height":479,"caption":"Arco"},"image":{"@id":"https:\/\/valvulasarco.com\/#\/schema\/logo\/image\/"}}]}},"_links":{"self":[{"href":"https:\/\/valvulasarco.com\/pl\/wp-json\/wp\/v2\/pages\/3072"}],"collection":[{"href":"https:\/\/valvulasarco.com\/pl\/wp-json\/wp\/v2\/pages"}],"about":[{"href":"https:\/\/valvulasarco.com\/pl\/wp-json\/wp\/v2\/types\/page"}],"author":[{"embeddable":true,"href":"https:\/\/valvulasarco.com\/pl\/wp-json\/wp\/v2\/users\/1"}],"replies":[{"embeddable":true,"href":"https:\/\/valvulasarco.com\/pl\/wp-json\/wp\/v2\/comments?post=3072"}],"version-history":[{"count":27,"href":"https:\/\/valvulasarco.com\/pl\/wp-json\/wp\/v2\/pages\/3072\/revisions"}],"predecessor-version":[{"id":11386,"href":"https:\/\/valvulasarco.com\/pl\/wp-json\/wp\/v2\/pages\/3072\/revisions\/11386"}],"wp:attachment":[{"href":"https:\/\/valvulasarco.com\/pl\/wp-json\/wp\/v2\/media?parent=3072"}],"curies":[{"name":"wp","href":"https:\/\/api.w.org\/{rel}","templated":true}]}}