{"id":3070,"date":"2020-08-04T07:58:18","date_gmt":"2020-08-04T07:58:18","guid":{"rendered":"https:\/\/valvulasarco.com\/productos-agua\/"},"modified":"2021-04-01T09:15:36","modified_gmt":"2021-04-01T09:15:36","slug":"productos-agua","status":"publish","type":"page","link":"https:\/\/valvulasarco.com\/pl\/produkt\/productos-agua\/","title":{"rendered":"Productos agua"},"content":{"rendered":"<p>[vc_row full_width=&#8221;stretch_row&#8221; el_class=&#8221;banner_gama_top&#8221;][vc_column]<div data-vc-full-width=\"true\" data-vc-full-width-init=\"false\" class=\"vc_row wpb_row vc_row-fluid banner_pagina vc_custom_ vc_row-has-fill\"><div class=\"wpb_column vc_column_container vc_col-sm-6\"><div class=\"vc_column-inner vc_custom_1594131934187\"><div class=\"wpb_wrapper\">\n\t<div class=\"wpb_text_column wpb_content_element \" >\n\t\t<div class=\"wpb_wrapper\">\n\t\t\t<h1><span style=\"font-weight: normal;\">Asortyment produkt\u00f3w<\/span><br \/><\/h1>\n\n\t\t<\/div>\n\t<\/div>\n<\/div><\/div><\/div><div class=\"wpb_column vc_column_container vc_col-sm-6\"><div class=\"vc_column-inner vc_custom_1594131938133\"><div class=\"wpb_wrapper\"><\/div><\/div><\/div><\/div><div class=\"vc_row-full-width vc_clearfix\"><\/div><div data-vc-full-width=\"true\" data-vc-full-width-init=\"false\" class=\"vc_row wpb_row vc_row-fluid gama_menu vc_custom_1596535609401 vc_row-has-fill\"><div class=\"wpb_column vc_column_container vc_col-sm-12\"><div class=\"vc_column-inner vc_custom_1596528495371\"><div class=\"wpb_wrapper\"><ul class=\"menu_gama_listado\"><li class=\"activo\"><a href=\"\/pl\/products\/category\/\/\" class=\"cat_link todos\" data-category=\"\">All<\/a><\/li><\/ul><\/div><\/div><\/div><\/div><div class=\"vc_row-full-width vc_clearfix\"><\/div><style type=\"text\/css\" data-type=\"vc_shortcodes-custom-css\">.vc_custom_{background-image: url(\/wp-content\/uploads\/2020\/12\/agua-valvulas-arco.jpg) !important;background-position: center !important;background-repeat: no-repeat !important;background-size: cover !important;}.vc_custom_1596535609401{background-color: #192d4d !important;}.vc_custom_1594131934187{padding-top: 0px !important;}.vc_custom_1594131938133{padding-top: 0px !important;}.vc_custom_1596528495371{padding-top: 0px !important;}<\/style>[\/vc_column][\/vc_row][vc_row el_class=&#8221;breadcrumb&#8221;][vc_column css=&#8221;.vc_custom_1594132444794{padding-top: 0px !important;}&#8221;]<div itemscope itemtype=\"https:\/\/schema.org\/BreadcrumbList\" id=\"breadcrumb\"><div itemprop=\"itemListElement\" itemscope itemtype=\"https:\/\/schema.org\/ListItem\"><a itemprop=\"item\" href=\"https:\/\/valvulasarco.com\/pl\/\"><span class=\"vc_icon_element-icon fa fa-home\"><\/span><span itemprop=\"name\">Home<\/span><\/a><meta itemprop=\"position\" content=\"1\" \/><\/div><div itemprop=\"itemListElement hola1\" itemscope itemtype=\"https:\/\/schema.org\/ListItem\"><span>><\/span><a itemprop=\"item\" href=\"https:\/\/valvulasarco.com\/pl\/produkt\/\"><span itemprop=\"name\">Produkt<\/span><\/a><meta itemprop=\"position\" content=\"3\"><\/div><div itemprop=\"itemListElement hola\" itemscope itemtype=\"https:\/\/schema.org\/ListItem\"><span>><\/span><a itemprop=\"item\" href=\"https:\/\/valvulasarco.com\/pl\/produkt\/productos-agua\/\"><span itemprop=\"name\">Productos agua<\/span><\/a><meta itemprop=\"position\" content=\"4\"><\/div><\/div>[\/vc_column][\/vc_row][vc_row][vc_column]<div class=\"vc_row wpb_row vc_row-fluid filtros_gama\"><div class=\"filtros_marcados_gama wpb_column vc_column_container vc_col-sm-12\"><div class=\"vc_column-inner\"><div class=\"wpb_wrapper\"><span class=\"total_productos\"><span class=\"num_total_productos\">0<\/span> produkty<\/span><span class=\"filtro_tik\" style=\"display:none;\"><a href=\"#\"><\/a><\/span><span class=\"limpiar_filtros\" style=\"display:none;\"><a href=\"#\">Usu\u0144 filtry <\/a><\/span><\/div><\/div><\/div><\/div><div id=\"tooltip-filtro\" class=\"vc_row wpb_row vc_row-fluid\"><div class=\"wpb_column vc_column_container vc_col-sm-12\"><div class=\"vc_column-inner vc_custom_1608629132942\"><div class=\"wpb_wrapper\"><div class=\"tooltip-gama\"><p>Selecciona una categor\u00eda de producto para poder definir la b\u00fasqueda mediante filtros<\/p><\/div><\/div><\/div><\/div><\/div>[\/vc_column][\/vc_row][vc_row][vc_column width=&#8221;1\/4&#8243; el_class=&#8221;seleccion_filtros&#8221;][vc_row_inner][vc_column_inner]<div class=\"vc_row wpb_row vc_inner vc_row-fluid\"><div class=\"buscador_gama_producto wpb_column vc_column_container vc_col-sm-12\"><div class=\"vc_column-inner\"><div class=\"wpb_wrapper\"><p>WYSZUKAJ<\/p><input type=\"text\" class=\"filter-search\" name=\"filter-search\" placeholder=\"Szukaj wg nazwy lub kodu\"><i class=\"fa fa-search\"><\/i><\/div><\/div><\/div><\/div>[\/vc_column_inner][\/vc_row_inner][\/vc_column][vc_column width=&#8221;3\/4&#8243; el_class=&#8221;todos_productos_gama&#8221;]<div class=\"vc_row wpb_row vc_inner vc_row-fluid row_gama\">\n\t<div class=\"wpb_text_column wpb_content_element  titulo\" >\n\t\t<div class=\"wpb_wrapper\">\n\t\t\t<p>Nie ma takich produkt\u00f3w <\/p>\n\n\t\t<\/div>\n\t<\/div>\n<\/div>[\/vc_column][\/vc_row][vc_row full_width=&#8221;stretch_row&#8221; el_class=&#8221;contacto_obras bloque contacto_profesional&#8221; css=&#8221;.vc_custom_1596540525868{margin-top: 80px !important;background-image: url(https:\/\/valvulasarco.com\/wp-content\/uploads\/2020\/08\/IMG-CTA-CONTACTAR.jpg?id=829) !important;background-position: center !important;background-repeat: no-repeat !important;background-size: cover !important;}&#8221;][vc_column css=&#8221;.vc_custom_1594380075736{padding-top: 0px !important;}&#8221;][vc_row_inner][vc_column_inner][vc_column_text el_class=&#8221;titular&#8221;]Nie znalaz\u0142e\u015b produktu, kt\u00f3rego potrzebujesz?[\/vc_column_text][vc_column_text el_class=&#8221;subtitular&#8221;]Skontaktuj si\u0119 z nami, postaramy si\u0119 pom\u00f3c[\/vc_column_text][vc_column_text el_class=&#8221;boton_gris rosa&#8221;]<\/p>\n<p style=\"text-align: center;\"><a class=\"boton_rosa\" href=\"https:\/\/valvulasarco.com\/pl\/kontakt\/\">Skontaktuj si\u0119 z nami<\/a><\/p>\n<p>[\/vc_column_text][\/vc_column_inner][\/vc_row_inner][\/vc_column][\/vc_row][vc_row el_id=&#8221;tooltip-filtro&#8221;][vc_column css=&#8221;.vc_custom_1608629132942{padding-top: 0px !important;}&#8221;][vc_raw_html]JTNDZGl2JTIwY2xhc3MlM0QlMjJ0b29sdGlwLWdhbWElMjIlM0UlMEElM0NwJTNFU2VsZWNjaW9uYSUyMHVuYSUyMGNhdGVnb3IlQzMlQURhJTIwZGUlMjBwcm9kdWN0byUyMHBhcmElMjBwb2RlciUyMGRlZmluaXIlMjBsYSUyMGIlQzMlQkFzcXVlZGElMjBtZWRpYW50ZSUyMGZpbHRyb3MlM0MlMkZwJTNFJTBBJTNDJTJGZGl2JTNF[\/vc_raw_html][\/vc_column][\/vc_row][vc_row][vc_column][vc_column_text][\/vc_column_text][\/vc_column][\/vc_row]<\/p>\n","protected":false},"excerpt":{"rendered":"Asortyment produkt\u00f3w AllHome>Produkt>Productos agua0 produktyUsu\u0144 filtry Selecciona una categor\u00eda de producto para poder definir la b\u00fasqueda mediante filtrosWYSZUKAJ Nie ma takich produkt\u00f3w Nie znalaz\u0142e\u015b produktu, kt\u00f3rego potrzebujesz? Skontaktuj si\u0119 z nami, postaramy si\u0119 pom\u00f3c Skontaktuj si\u0119 z nami Selecciona una categor\u00eda de producto para poder definir la b\u00fasqueda mediante filtros","protected":false},"author":1,"featured_media":0,"parent":3072,"menu_order":0,"comment_status":"closed","ping_status":"closed","template":"","meta":[],"acf":[],"yoast_head":"<!-- This site is optimized with the Yoast SEO plugin v20.4 - https:\/\/yoast.com\/wordpress\/plugins\/seo\/ -->\n<title>Zawory do instalacji wodnych - Valvulas ARCO<\/title>\n<meta name=\"description\" content=\"Posiadamy zawory do instalacji wodnych. Znajd\u017a zaw\u00f3r, kt\u00f3rego potrzebujesz do swojej instalacji lub projektu.\" \/>\n<meta name=\"robots\" content=\"index, follow, max-snippet:-1, max-image-preview:large, max-video-preview:-1\" \/>\n<link rel=\"canonical\" href=\"https:\/\/valvulasarco.com\/pl\/produkt\/productos-agua\/\" \/>\n<meta property=\"og:locale\" content=\"pl_PL\" \/>\n<meta property=\"og:type\" content=\"article\" \/>\n<meta property=\"og:title\" content=\"Zawory do instalacji wodnych - Valvulas ARCO\" \/>\n<meta property=\"og:description\" content=\"Posiadamy zawory do instalacji wodnych. Znajd\u017a zaw\u00f3r, kt\u00f3rego potrzebujesz do swojej instalacji lub projektu.\" \/>\n<meta property=\"og:url\" content=\"https:\/\/valvulasarco.com\/pl\/produkt\/productos-agua\/\" \/>\n<meta property=\"og:site_name\" content=\"Arco\" \/>\n<meta property=\"article:modified_time\" content=\"2021-04-01T09:15:36+00:00\" \/>\n<meta name=\"twitter:card\" content=\"summary_large_image\" \/>\n<meta name=\"twitter:label1\" content=\"Szacowany czas czytania\" \/>\n\t<meta name=\"twitter:data1\" content=\"1 minuta\" \/>\n<script type=\"application\/ld+json\" class=\"yoast-schema-graph\">{\"@context\":\"https:\/\/schema.org\",\"@graph\":[{\"@type\":\"WebPage\",\"@id\":\"https:\/\/valvulasarco.com\/pl\/produkt\/productos-agua\/\",\"url\":\"https:\/\/valvulasarco.com\/pl\/produkt\/productos-agua\/\",\"name\":\"Zawory do instalacji wodnych - Valvulas ARCO\",\"isPartOf\":{\"@id\":\"https:\/\/valvulasarco.com\/#website\"},\"datePublished\":\"2020-08-04T07:58:18+00:00\",\"dateModified\":\"2021-04-01T09:15:36+00:00\",\"description\":\"Posiadamy zawory do instalacji wodnych. Znajd\u017a zaw\u00f3r, kt\u00f3rego potrzebujesz do swojej instalacji lub projektu.\",\"breadcrumb\":{\"@id\":\"https:\/\/valvulasarco.com\/pl\/produkt\/productos-agua\/#breadcrumb\"},\"inLanguage\":\"pl-PL\",\"potentialAction\":[{\"@type\":\"ReadAction\",\"target\":[\"https:\/\/valvulasarco.com\/pl\/produkt\/productos-agua\/\"]}]},{\"@type\":\"BreadcrumbList\",\"@id\":\"https:\/\/valvulasarco.com\/pl\/produkt\/productos-agua\/#breadcrumb\",\"itemListElement\":[{\"@type\":\"ListItem\",\"position\":1,\"name\":\"Portada\",\"item\":\"https:\/\/valvulasarco.com\/pl\/\"},{\"@type\":\"ListItem\",\"position\":2,\"name\":\"Produkt\",\"item\":\"https:\/\/valvulasarco.com\/pl\/produkt\/\"},{\"@type\":\"ListItem\",\"position\":3,\"name\":\"Productos agua\"}]},{\"@type\":\"WebSite\",\"@id\":\"https:\/\/valvulasarco.com\/#website\",\"url\":\"https:\/\/valvulasarco.com\/\",\"name\":\"Arco\",\"description\":\"Arco\",\"publisher\":{\"@id\":\"https:\/\/valvulasarco.com\/#organization\"},\"potentialAction\":[{\"@type\":\"SearchAction\",\"target\":{\"@type\":\"EntryPoint\",\"urlTemplate\":\"https:\/\/valvulasarco.com\/?s={search_term_string}\"},\"query-input\":\"required name=search_term_string\"}],\"inLanguage\":\"pl-PL\"},{\"@type\":\"Organization\",\"@id\":\"https:\/\/valvulasarco.com\/#organization\",\"name\":\"Arco\",\"url\":\"https:\/\/valvulasarco.com\/\",\"logo\":{\"@type\":\"ImageObject\",\"inLanguage\":\"pl-PL\",\"@id\":\"https:\/\/valvulasarco.com\/#\/schema\/logo\/image\/\",\"url\":\"https:\/\/valvulasarco.com\/wp-content\/uploads\/2020\/11\/Logo-Arco.png\",\"contentUrl\":\"https:\/\/valvulasarco.com\/wp-content\/uploads\/2020\/11\/Logo-Arco.png\",\"width\":750,\"height\":479,\"caption\":\"Arco\"},\"image\":{\"@id\":\"https:\/\/valvulasarco.com\/#\/schema\/logo\/image\/\"}}]}<\/script>\n<!-- \/ Yoast SEO plugin. -->","yoast_head_json":{"title":"Zawory do instalacji wodnych - Valvulas ARCO","description":"Posiadamy zawory do instalacji wodnych. Znajd\u017a zaw\u00f3r, kt\u00f3rego potrzebujesz do swojej instalacji lub projektu.","robots":{"index":"index","follow":"follow","max-snippet":"max-snippet:-1","max-image-preview":"max-image-preview:large","max-video-preview":"max-video-preview:-1"},"canonical":"https:\/\/valvulasarco.com\/pl\/produkt\/productos-agua\/","og_locale":"pl_PL","og_type":"article","og_title":"Zawory do instalacji wodnych - Valvulas ARCO","og_description":"Posiadamy zawory do instalacji wodnych. Znajd\u017a zaw\u00f3r, kt\u00f3rego potrzebujesz do swojej instalacji lub projektu.","og_url":"https:\/\/valvulasarco.com\/pl\/produkt\/productos-agua\/","og_site_name":"Arco","article_modified_time":"2021-04-01T09:15:36+00:00","twitter_card":"summary_large_image","twitter_misc":{"Szacowany czas czytania":"1 minuta"},"schema":{"@context":"https:\/\/schema.org","@graph":[{"@type":"WebPage","@id":"https:\/\/valvulasarco.com\/pl\/produkt\/productos-agua\/","url":"https:\/\/valvulasarco.com\/pl\/produkt\/productos-agua\/","name":"Zawory do instalacji wodnych - Valvulas ARCO","isPartOf":{"@id":"https:\/\/valvulasarco.com\/#website"},"datePublished":"2020-08-04T07:58:18+00:00","dateModified":"2021-04-01T09:15:36+00:00","description":"Posiadamy zawory do instalacji wodnych. Znajd\u017a zaw\u00f3r, kt\u00f3rego potrzebujesz do swojej instalacji lub projektu.","breadcrumb":{"@id":"https:\/\/valvulasarco.com\/pl\/produkt\/productos-agua\/#breadcrumb"},"inLanguage":"pl-PL","potentialAction":[{"@type":"ReadAction","target":["https:\/\/valvulasarco.com\/pl\/produkt\/productos-agua\/"]}]},{"@type":"BreadcrumbList","@id":"https:\/\/valvulasarco.com\/pl\/produkt\/productos-agua\/#breadcrumb","itemListElement":[{"@type":"ListItem","position":1,"name":"Portada","item":"https:\/\/valvulasarco.com\/pl\/"},{"@type":"ListItem","position":2,"name":"Produkt","item":"https:\/\/valvulasarco.com\/pl\/produkt\/"},{"@type":"ListItem","position":3,"name":"Productos agua"}]},{"@type":"WebSite","@id":"https:\/\/valvulasarco.com\/#website","url":"https:\/\/valvulasarco.com\/","name":"Arco","description":"Arco","publisher":{"@id":"https:\/\/valvulasarco.com\/#organization"},"potentialAction":[{"@type":"SearchAction","target":{"@type":"EntryPoint","urlTemplate":"https:\/\/valvulasarco.com\/?s={search_term_string}"},"query-input":"required name=search_term_string"}],"inLanguage":"pl-PL"},{"@type":"Organization","@id":"https:\/\/valvulasarco.com\/#organization","name":"Arco","url":"https:\/\/valvulasarco.com\/","logo":{"@type":"ImageObject","inLanguage":"pl-PL","@id":"https:\/\/valvulasarco.com\/#\/schema\/logo\/image\/","url":"https:\/\/valvulasarco.com\/wp-content\/uploads\/2020\/11\/Logo-Arco.png","contentUrl":"https:\/\/valvulasarco.com\/wp-content\/uploads\/2020\/11\/Logo-Arco.png","width":750,"height":479,"caption":"Arco"},"image":{"@id":"https:\/\/valvulasarco.com\/#\/schema\/logo\/image\/"}}]}},"_links":{"self":[{"href":"https:\/\/valvulasarco.com\/pl\/wp-json\/wp\/v2\/pages\/3070"}],"collection":[{"href":"https:\/\/valvulasarco.com\/pl\/wp-json\/wp\/v2\/pages"}],"about":[{"href":"https:\/\/valvulasarco.com\/pl\/wp-json\/wp\/v2\/types\/page"}],"author":[{"embeddable":true,"href":"https:\/\/valvulasarco.com\/pl\/wp-json\/wp\/v2\/users\/1"}],"replies":[{"embeddable":true,"href":"https:\/\/valvulasarco.com\/pl\/wp-json\/wp\/v2\/comments?post=3070"}],"version-history":[{"count":6,"href":"https:\/\/valvulasarco.com\/pl\/wp-json\/wp\/v2\/pages\/3070\/revisions"}],"predecessor-version":[{"id":5760,"href":"https:\/\/valvulasarco.com\/pl\/wp-json\/wp\/v2\/pages\/3070\/revisions\/5760"}],"up":[{"embeddable":true,"href":"https:\/\/valvulasarco.com\/pl\/wp-json\/wp\/v2\/pages\/3072"}],"wp:attachment":[{"href":"https:\/\/valvulasarco.com\/pl\/wp-json\/wp\/v2\/media?parent=3070"}],"curies":[{"name":"wp","href":"https:\/\/api.w.org\/{rel}","templated":true}]}}