{"id":3064,"date":"2020-08-11T06:24:20","date_gmt":"2020-08-11T06:24:20","guid":{"rendered":"https:\/\/valvulasarco.com\/ficha-producto\/"},"modified":"2021-02-18T11:17:55","modified_gmt":"2021-02-18T11:17:55","slug":"ficha-producto","status":"publish","type":"page","link":"https:\/\/valvulasarco.com\/pl\/produkt\/ficha-producto\/","title":{"rendered":"Ficha producto"},"content":{"rendered":"<p>[vc_row full_width=&#8221;stretch_row_content_no_spaces&#8221;][vc_column][vc_separator css=&#8221;.vc_custom_1597127826162{margin-bottom: 1px !important;}&#8221;][\/vc_column][\/vc_row][vc_row el_class=&#8221;breadcrumb&#8221;][vc_column css=&#8221;.vc_custom_1594132444794{padding-top: 0px !important;}&#8221;]<div itemscope itemtype=\"https:\/\/schema.org\/BreadcrumbList\" id=\"breadcrumb\"><div itemprop=\"itemListElement\" itemscope itemtype=\"https:\/\/schema.org\/ListItem\"><a itemprop=\"item\" href=\"https:\/\/valvulasarco.com\/pl\/\"><span class=\"vc_icon_element-icon fa fa-home\"><\/span><span itemprop=\"name\">Home<\/span><\/a><meta itemprop=\"position\" content=\"1\" \/><\/div><div itemprop=\"itemListElement hola1\" itemscope itemtype=\"https:\/\/schema.org\/ListItem\"><span>><\/span><a itemprop=\"item\" href=\"https:\/\/valvulasarco.com\/pl\/produkt\/\"><span itemprop=\"name\">Produkt<\/span><\/a><meta itemprop=\"position\" content=\"3\"><\/div><div itemprop=\"itemListElement hola\" itemscope itemtype=\"https:\/\/schema.org\/ListItem\"><span>><\/span><a itemprop=\"item\" href=\"https:\/\/valvulasarco.com\/pl\/produkt\/ficha-producto\/\"><span itemprop=\"name\">Ficha producto<\/span><\/a><meta itemprop=\"position\" content=\"4\"><\/div><\/div>[\/vc_column][\/vc_row][vc_row el_class=&#8221;cabecera_ficha_producto bloque&#8221;][vc_column][vc_column width=\"1\/2\" el_class=\"galeria_fotos\"]<div class=\"slider_ficha_producto slider_grid_1\">[vc_single_image source=\"external_link\" img_size=\"full\" alignment=\"center\" custom_src=\"\"]<\/div>[\/vc_column][vc_column width=\"1\/2\"][vc_separator color=\"custom\" align=\"align_left\" border_width=\"5\" el_width=\"10\" accent_color=\"#00b2cb\"][vc_column_text][\/vc_column_text][\/vc_column][\/vc_column][\/vc_row][vc_row css=&#8221;.vc_custom_1607677537728{padding-top: 0px !important;}&#8221;][vc_column][\/vc_column][\/vc_row][vc_row css=&#8221;.vc_custom_1607677544665{padding-top: 60px !important;}&#8221;][vc_column][\/vc_column][\/vc_row][vc_row][vc_column][\/vc_column][\/vc_row][vc_row disable_element=&#8221;yes&#8221; el_class=&#8221;bloque&#8221; css=&#8221;.vc_custom_1607609239550{padding-bottom: 0px !important;}&#8221;][vc_column css=&#8221;.vc_custom_1593757621670{padding-top: 0px !important;}&#8221;][vc_column_text el_class=&#8221;titulo_bloque_ficha&#8221;]Documentaci\u00f3n \/ Descargas[\/vc_column_text][\/vc_column][\/vc_row][vc_row disable_element=&#8221;yes&#8221; el_class=&#8221;cabecera_ficha_producto bloque&#8221; css=&#8221;.vc_custom_1606819645974{padding-top: 40px !important;}&#8221;][vc_column width=&#8221;1\/2&#8243; el_class=&#8221;galeria_fotos&#8221;][vc_single_image image=&#8221;1102&#8243; img_size=&#8221;full&#8221; alignment=&#8221;center&#8221;][\/vc_column][vc_column width=&#8221;1\/2&#8243;][vc_separator color=&#8221;custom&#8221; align=&#8221;align_left&#8221; border_width=&#8221;5&#8243; el_width=&#8221;10&#8243; accent_color=&#8221;#00b2cb&#8221;][vc_column_text]V\u00e1lvula escuadra retenci\u00f3n PN16 M-Compresi\u00f3n Mando nova metal cromo &#8211; A\u00b780[\/vc_column_text][\/vc_column][\/vc_row][vc_row disable_element=&#8221;yes&#8221; el_class=&#8221;bloque&#8221; css=&#8221;.vc_custom_1606819652171{padding-top: 0px !important;}&#8221;][vc_column][vc_raw_html el_class=&#8221;tabla_ref_ficha_producto&#8221;]JTNDZGl2JTIwY2xhc3MlM0QlMjJ0YWJsZS1yZXNwb25zaXZlJTIyJTNFJTBBJTNDdGFibGUlMjBib3JkZXIlM0QlMjIwJTIyJTIwd2lkdGglM0QlMjIxMDAlMjUlMjIlMjBjZWxsc3BhY2luZyUzRCUyMjAlMjIlMjBjZWxscGFkZGluZyUzRCUyMjEwJTIyJTNFJTBBJTIwJTIwJTNDdHIlM0UlMEElMjAlMjAlMjAlMjAlM0N0aCUzRUMlQzMlOTNESUdPJTNDJTJGdGglM0UlMEElMjAlMjAlMjAlMjAlM0N0aCUzRU1FRElEQSUzQyUyRnRoJTNFJTBBJTIwJTIwJTIwJTIwJTNDdGglM0VBQ0FCQURPJTNDJTJGdGglM0UlMEElMjAlMjAlMjAlMjAlM0N0aCUzRUNBSkElMjBJTlQuJTNDJTJGdGglM0UlMEElMjAlMjAlMjAlMjAlM0N0aCUzRUNBSkElMjBFWFQuJTNDJTJGdGglM0UlMEElMjAlMjAlM0MlMkZ0ciUzRSUwQSUyMCUyMCUzQ3RyJTNFJTBBJTIwJTIwJTIwJTIwJTNDdGQlM0UwMTIwMDA4JTNDJTJGdGQlM0UlMEElMjAlMjAlMjAlMjAlM0N0ZCUzRTElMkY0SCUyMHglMjAxJTJGNEglM0MlMkZ0ZCUzRSUwQSUyMCUyMCUyMCUyMCUzQ3RkJTNFQ3JvbW8lM0MlMkZ0ZCUzRSUwQSUyMCUyMCUyMCUyMCUzQ3RkJTNFMTAlM0MlMkZ0ZCUzRSUwQSUyMCUyMCUyMCUyMCUzQ3RkJTNFNjAlM0MlMkZ0ZCUzRSUwQSUyMCUyMCUzQyUyRnRyJTNFJTBBJTIwJTIwJTIwJTNDdHIlM0UlMEElMjAlMjAlMjAlMjAlM0N0ZCUzRTAxMjAwMDglM0MlMkZ0ZCUzRSUwQSUyMCUyMCUyMCUyMCUzQ3RkJTNFMSUyRjRIJTIweCUyMDElMkY0SCUzQyUyRnRkJTNFJTBBJTIwJTIwJTIwJTIwJTNDdGQlM0VDcm9tbyUzQyUyRnRkJTNFJTBBJTIwJTIwJTIwJTIwJTNDdGQlM0UxMCUzQyUyRnRkJTNFJTBBJTIwJTIwJTIwJTIwJTNDdGQlM0U2MCUzQyUyRnRkJTNFJTBBJTIwJTIwJTNDJTJGdHIlM0UlMEElMjAlM0N0ciUzRSUwQSUyMCUyMCUyMCUyMCUzQ3RkJTNFMDEyMDAwOCUzQyUyRnRkJTNFJTBBJTIwJTIwJTIwJTIwJTNDdGQlM0UxJTJGNEglMjB4JTIwMSUyRjRIJTNDJTJGdGQlM0UlMEElMjAlMjAlMjAlMjAlM0N0ZCUzRUNyb21vJTNDJTJGdGQlM0UlMEElMjAlMjAlMjAlMjAlM0N0ZCUzRTEwJTNDJTJGdGQlM0UlMEElMjAlMjAlMjAlMjAlM0N0ZCUzRTYwJTNDJTJGdGQlM0UlMEElMjAlMjAlM0MlMkZ0ciUzRSUyMCUzQ3RyJTNFJTBBJTIwJTIwJTIwJTIwJTNDdGQlM0UwMTIwMDA4JTNDJTJGdGQlM0UlMEElMjAlMjAlMjAlMjAlM0N0ZCUzRTElMkY0SCUyMHglMjAxJTJGNEglM0MlMkZ0ZCUzRSUwQSUyMCUyMCUyMCUyMCUzQ3RkJTNFQ3JvbW8lM0MlMkZ0ZCUzRSUwQSUyMCUyMCUyMCUyMCUzQ3RkJTNFMTAlM0MlMkZ0ZCUzRSUwQSUyMCUyMCUyMCUyMCUzQ3RkJTNFNjAlM0MlMkZ0ZCUzRSUwQSUyMCUyMCUzQyUyRnRyJTNFJTBBJTIwJTNDdHIlM0UlMEElMjAlMjAlMjAlMjAlM0N0ZCUzRTAxMjAwMDglM0MlMkZ0ZCUzRSUwQSUyMCUyMCUyMCUyMCUzQ3RkJTNFMSUyRjRIJTIweCUyMDElMkY0SCUzQyUyRnRkJTNFJTBBJTIwJTIwJTIwJTIwJTNDdGQlM0VDcm9tbyUzQyUyRnRkJTNFJTBBJTIwJTIwJTIwJTIwJTNDdGQlM0UxMCUzQyUyRnRkJTNFJTBBJTIwJTIwJTIwJTIwJTNDdGQlM0U2MCUzQyUyRnRkJTNFJTBBJTIwJTIwJTNDJTJGdHIlM0UlMEElMjAlM0N0ciUzRSUwQSUyMCUyMCUyMCUyMCUzQ3RkJTNFMDEyMDAwOCUzQyUyRnRkJTNFJTBBJTIwJTIwJTIwJTIwJTNDdGQlM0UxJTJGNEglMjB4JTIwMSUyRjRIJTNDJTJGdGQlM0UlMEElMjAlMjAlMjAlMjAlM0N0ZCUzRUNyb21vJTNDJTJGdGQlM0UlMEElMjAlMjAlMjAlMjAlM0N0ZCUzRTEwJTNDJTJGdGQlM0UlMEElMjAlMjAlMjAlMjAlM0N0ZCUzRTYwJTNDJTJGdGQlM0UlMEElMjAlMjAlM0MlMkZ0ciUzRSUwQSUyMCUzQ3RyJTNFJTBBJTIwJTIwJTIwJTIwJTNDdGQlM0UwMTIwMDA4JTNDJTJGdGQlM0UlMEElMjAlMjAlMjAlMjAlM0N0ZCUzRTElMkY0SCUyMHglMjAxJTJGNEglM0MlMkZ0ZCUzRSUwQSUyMCUyMCUyMCUyMCUzQ3RkJTNFQ3JvbW8lM0MlMkZ0ZCUzRSUwQSUyMCUyMCUyMCUyMCUzQ3RkJTNFMTAlM0MlMkZ0ZCUzRSUwQSUyMCUyMCUyMCUyMCUzQ3RkJTNFNjAlM0MlMkZ0ZCUzRSUwQSUyMCUyMCUzQyUyRnRyJTNFJTBBJTNDJTJGdGFibGUlM0UlMEElM0MlMkZkaXYlM0U=[\/vc_raw_html][\/vc_column][\/vc_row][vc_row disable_element=&#8221;yes&#8221; el_class=&#8221;bloque info_profesional descargas_ficha&#8221; css=&#8221;.vc_custom_1607601761054{padding-top: 60px !important;}&#8221;][vc_column width=&#8221;1\/2&#8243;][vc_single_image image=&#8221;527&#8243; img_size=&#8221;full&#8221;][vc_column_text el_class=&#8221;texto_video_ficha_descarga&#8221;]Nombre o proposito del video. Lorem ipsum dolor sit amet.[\/vc_column_text][\/vc_column][vc_column width=&#8221;1\/2&#8243;][vc_raw_html]JTNDZGl2JTIwY2xhc3MlM0QlMjJmaWxhX25vdGFfcHJlbnNhJTIwZGVzY2FyZ2ElMjIlM0UlMEElMjAlMjAlMjAlM0NkaXYlMjBjbGFzcyUzRCUyMmltYWdlbiUyMiUzRSUzQ2ltZyUyMHNyYyUzRCUyMiUyRndwLWNvbnRlbnQlMkZ1cGxvYWRzJTJGMjAyMCUyRjA3JTJGSU1HLUNBVEFMT0dPLnBuZyUyMiUzRSUzQyUyRmRpdiUzRSUwQSUyMCUyMCUyMCUzQ2RpdiUyMGNsYXNzJTNEJTIyaW5mbyUyMiUzRSUwQSUyMCUyMCUyMCUyMCUyMCUyMCUzQ3AlMjBjbGFzcyUzRCUyMnRpdHVsbyUyMiUzRUNhdCVDMyVBMWxvZ28lM0MlMkZwJTNFJTBBJTIwJTIwJTIwJTIwJTIwJTIwJTNDcCUyMGNsYXNzJTNEJTIydGV4dG8lMjIlM0VBUkNPJTIwY2F0JUMzJUExbG9nbyUyMEVzcGElQzMlQjFhJTIwMjAxOSUzQyUyRnAlM0UlMEElMjAlMjAlMjAlMjAlM0MlMkZkaXYlM0UlMEElMjAlMjAlMjAlMjAlM0NkaXYlMjBjbGFzcyUzRCUyMmVubGFjZSUyMiUzRVBERiUyMCUzQ2ltZyUyMHNyYyUzRCUyMiUyRndwLWNvbnRlbnQlMkZ1cGxvYWRzJTJGMjAyMCUyRjA3JTJGcGRmLnBuZyUyMiUzRSUzQyUyRmRpdiUzRSUwQSUzQyUyRmRpdiUzRQ==[\/vc_raw_html][vc_raw_html]JTNDZGl2JTIwY2xhc3MlM0QlMjJmaWxhX25vdGFfcHJlbnNhJTIwZGVzY2FyZ2ElMjIlM0UlMEElMjAlMjAlMjAlM0NkaXYlMjBjbGFzcyUzRCUyMmltYWdlbiUyMiUzRSUzQ2ltZyUyMHNyYyUzRCUyMiUyRndwLWNvbnRlbnQlMkZ1cGxvYWRzJTJGMjAyMCUyRjA3JTJGSU1HLUNBVEFMT0dPLnBuZyUyMiUzRSUzQyUyRmRpdiUzRSUwQSUyMCUyMCUyMCUzQ2RpdiUyMGNsYXNzJTNEJTIyaW5mbyUyMiUzRSUwQSUyMCUyMCUyMCUyMCUyMCUyMCUzQ3AlMjBjbGFzcyUzRCUyMnRpdHVsbyUyMiUzRUNhdCVDMyVBMWxvZ28lM0MlMkZwJTNFJTBBJTIwJTIwJTIwJTIwJTIwJTIwJTNDcCUyMGNsYXNzJTNEJTIydGV4dG8lMjIlM0VBUkNPJTIwY2F0JUMzJUExbG9nbyUyMEVzcGElQzMlQjFhJTIwMjAxOSUzQyUyRnAlM0UlMEElMjAlMjAlMjAlMjAlM0MlMkZkaXYlM0UlMEElMjAlMjAlMjAlMjAlM0NkaXYlMjBjbGFzcyUzRCUyMmVubGFjZSUyMiUzRVBERiUyMCUzQ2ltZyUyMHNyYyUzRCUyMiUyRndwLWNvbnRlbnQlMkZ1cGxvYWRzJTJGMjAyMCUyRjA3JTJGcGRmLnBuZyUyMiUzRSUzQyUyRmRpdiUzRSUwQSUzQyUyRmRpdiUzRQ==[\/vc_raw_html][vc_raw_html]JTNDZGl2JTIwY2xhc3MlM0QlMjJmaWxhX25vdGFfcHJlbnNhJTIwZGVzY2FyZ2ElMjIlM0UlMEElMjAlMjAlMjAlM0NkaXYlMjBjbGFzcyUzRCUyMmltYWdlbiUyMiUzRSUzQ2ltZyUyMHNyYyUzRCUyMiUyRndwLWNvbnRlbnQlMkZ1cGxvYWRzJTJGMjAyMCUyRjA3JTJGSU1HLUNBVEFMT0dPLnBuZyUyMiUzRSUzQyUyRmRpdiUzRSUwQSUyMCUyMCUyMCUzQ2RpdiUyMGNsYXNzJTNEJTIyaW5mbyUyMiUzRSUwQSUyMCUyMCUyMCUyMCUyMCUyMCUzQ3AlMjBjbGFzcyUzRCUyMnRpdHVsbyUyMiUzRUNhdCVDMyVBMWxvZ28lM0MlMkZwJTNFJTBBJTIwJTIwJTIwJTIwJTIwJTIwJTNDcCUyMGNsYXNzJTNEJTIydGV4dG8lMjIlM0VBUkNPJTIwY2F0JUMzJUExbG9nbyUyMEVzcGElQzMlQjFhJTIwMjAxOSUzQyUyRnAlM0UlMEElMjAlMjAlMjAlMjAlM0MlMkZkaXYlM0UlMEElMjAlMjAlMjAlMjAlM0NkaXYlMjBjbGFzcyUzRCUyMmVubGFjZSUyMiUzRVBERiUyMCUzQ2ltZyUyMHNyYyUzRCUyMiUyRndwLWNvbnRlbnQlMkZ1cGxvYWRzJTJGMjAyMCUyRjA3JTJGcGRmLnBuZyUyMiUzRSUzQyUyRmRpdiUzRSUwQSUzQyUyRmRpdiUzRQ==[\/vc_raw_html][\/vc_column][\/vc_row][vc_row disable_element=&#8221;yes&#8221; el_class=&#8221;bloque&#8221;][vc_column][vc_column_text el_class=&#8221;titulo_bloque_ficha&#8221;]Productos relacionados[\/vc_column_text][vc_row_inner el_class=&#8221;row_gama&#8221; css=&#8221;.vc_custom_1597128094532{margin-top: 60px !important;}&#8221;][vc_column_inner el_class=&#8221;item&#8221; width=&#8221;1\/4&#8243;][vc_single_image image=&#8221;849&#8243; img_size=&#8221;full&#8221; alignment=&#8221;center&#8221;][vc_column_text el_class=&#8221;titulo&#8221;]V\u00e1lvula empotrar PEX (reticulado) Casquillo metal &#8211; Multicapa agua[\/vc_column_text][\/vc_column_inner][vc_column_inner el_class=&#8221;item&#8221; width=&#8221;1\/4&#8243;][vc_single_image image=&#8221;849&#8243; img_size=&#8221;full&#8221; alignment=&#8221;center&#8221;][vc_column_text el_class=&#8221;titulo&#8221;]V\u00e1lvula esfera PN40 H-H Roscar Palanca funda roja &#8211; Turia[\/vc_column_text][\/vc_column_inner][vc_column_inner el_class=&#8221;item&#8221; width=&#8221;1\/4&#8243;][vc_single_image image=&#8221;849&#8243; img_size=&#8221;full&#8221; alignment=&#8221;center&#8221;][vc_column_text el_class=&#8221;titulo&#8221;]Manguito doble tuerca exterior Compresi\u00f3n &#8211; Fitting lat\u00f3n PE[\/vc_column_text][\/vc_column_inner][vc_column_inner el_class=&#8221;item&#8221; width=&#8221;1\/4&#8243;][vc_single_image image=&#8221;849&#8243; img_size=&#8221;full&#8221; alignment=&#8221;center&#8221;][vc_column_text el_class=&#8221;titulo&#8221;]Manguito doble tuerca exterior Compresi\u00f3n &#8211; Fitting lat\u00f3n PE[\/vc_column_text][\/vc_column_inner][\/vc_row_inner][\/vc_column][\/vc_row][vc_row full_width=&#8221;stretch_row&#8221; el_class=&#8221;contacto_obras bloque&#8221; css=&#8221;.vc_custom_1594379951025{background-image: url(https:\/\/valvulasarco.com\/wp-content\/uploads\/2020\/07\/contacto_obras.jpg?id=371) !important;background-position: center !important;background-repeat: no-repeat !important;background-size: cover !important;}&#8221;][vc_column css=&#8221;.vc_custom_1594380075736{padding-top: 0px !important;}&#8221;][vc_row_inner][vc_column_inner width=&#8221;1\/12&#8243;][\/vc_column_inner][vc_column_inner width=&#8221;10\/12&#8243; css=&#8221;.vc_custom_1594380067892{padding-top: 0px !important;}&#8221;][vc_column_text el_class=&#8221;titular&#8221;]Interesuje ci\u0119 ten produkt?[\/vc_column_text][vc_column_text el_class=&#8221;subtitular&#8221;]Je\u015bli masz w\u0105tpliwo\u015bci albo potrzebujesz wi\u0119cej informacji na temat tego produktu, skontaktuj si\u0119 z nami.[\/vc_column_text][vc_column_text el_class=&#8221;boton_gris rosa&#8221;]<\/p>\n<p style=\"text-align: center;\"><a href=\"https:\/\/valvulasarco.com\/pl\/kontakt\/\">skontaktuj si\u0119 z nami<\/a><\/p>\n<p>[\/vc_column_text][\/vc_column_inner][vc_column_inner width=&#8221;1\/12&#8243;][\/vc_column_inner][\/vc_row_inner][\/vc_column][\/vc_row]<\/p>\n","protected":false},"excerpt":{"rendered":"<p>[vc_row full_width=&#8221;stretch_row_content_no_spaces&#8221;][vc_column][vc_separator css=&#8221;.vc_custom_1597127826162{margin-bottom: 1px !important;}&#8221;][\/vc_column][\/vc_row][vc_row el_class=&#8221;breadcrumb&#8221;][vc_column css=&#8221;.vc_custom_1594132444794{padding-top: 0px !important;}&#8221;][\/vc_column][\/vc_row][vc_row el_class=&#8221;cabecera_ficha_producto bloque&#8221;][vc_column][\/vc_column][\/vc_row][vc_row css=&#8221;.vc_custom_1607677537728{padding-top: 0px !important;}&#8221;][vc_column][\/vc_column][\/vc_row][vc_row css=&#8221;.vc_custom_1607677544665{padding-top: 60px !important;}&#8221;][vc_column][\/vc_column][\/vc_row][vc_row][vc_column][\/vc_column][\/vc_row][vc_row disable_element=&#8221;yes&#8221; el_class=&#8221;bloque&#8221; css=&#8221;.vc_custom_1607609239550{padding-bottom: 0px !important;}&#8221;][vc_column css=&#8221;.vc_custom_1593757621670{padding-top: 0px !important;}&#8221;][vc_column_text el_class=&#8221;titulo_bloque_ficha&#8221;]Documentaci\u00f3n \/ Descargas[\/vc_column_text][\/vc_column][\/vc_row][vc_row disable_element=&#8221;yes&#8221; el_class=&#8221;cabecera_ficha_producto bloque&#8221; css=&#8221;.vc_custom_1606819645974{padding-top: 40px !important;}&#8221;][vc_column width=&#8221;1\/2&#8243; el_class=&#8221;galeria_fotos&#8221;][vc_single_image image=&#8221;1102&#8243; img_size=&#8221;full&#8221; alignment=&#8221;center&#8221;][\/vc_column][vc_column width=&#8221;1\/2&#8243;][vc_separator color=&#8221;custom&#8221; align=&#8221;align_left&#8221; border_width=&#8221;5&#8243; el_width=&#8221;10&#8243; accent_color=&#8221;#00b2cb&#8221;][vc_column_text]V\u00e1lvula escuadra retenci\u00f3n PN16 M-Compresi\u00f3n Mando nova metal cromo &#8211; A\u00b780[\/vc_column_text][\/vc_column][\/vc_row][vc_row [&hellip;]<\/p>\n","protected":false},"author":1,"featured_media":0,"parent":3072,"menu_order":0,"comment_status":"closed","ping_status":"closed","template":"","meta":[],"acf":[],"yoast_head":"<!-- This site is optimized with the Yoast SEO plugin v20.4 - https:\/\/yoast.com\/wordpress\/plugins\/seo\/ -->\n<title>Ficha producto - Arco<\/title>\n<meta name=\"robots\" content=\"index, follow, max-snippet:-1, max-image-preview:large, max-video-preview:-1\" \/>\n<link rel=\"canonical\" href=\"https:\/\/valvulasarco.com\/pl\/produkt\/ficha-producto\/\" \/>\n<meta property=\"og:locale\" content=\"pl_PL\" \/>\n<meta property=\"og:type\" content=\"article\" \/>\n<meta property=\"og:title\" content=\"Ficha producto - Arco\" \/>\n<meta property=\"og:description\" content=\"[vc_row full_width=&#8221;stretch_row_content_no_spaces&#8221;][vc_column][vc_separator css=&#8221;.vc_custom_1597127826162{margin-bottom: 1px !important;}&#8221;][\/vc_column][\/vc_row][vc_row el_class=&#8221;breadcrumb&#8221;][vc_column css=&#8221;.vc_custom_1594132444794{padding-top: 0px !important;}&#8221;][\/vc_column][\/vc_row][vc_row el_class=&#8221;cabecera_ficha_producto bloque&#8221;][vc_column][\/vc_column][\/vc_row][vc_row css=&#8221;.vc_custom_1607677537728{padding-top: 0px !important;}&#8221;][vc_column][\/vc_column][\/vc_row][vc_row css=&#8221;.vc_custom_1607677544665{padding-top: 60px !important;}&#8221;][vc_column][\/vc_column][\/vc_row][vc_row][vc_column][\/vc_column][\/vc_row][vc_row disable_element=&#8221;yes&#8221; el_class=&#8221;bloque&#8221; css=&#8221;.vc_custom_1607609239550{padding-bottom: 0px !important;}&#8221;][vc_column css=&#8221;.vc_custom_1593757621670{padding-top: 0px !important;}&#8221;][vc_column_text el_class=&#8221;titulo_bloque_ficha&#8221;]Documentaci\u00f3n \/ Descargas[\/vc_column_text][\/vc_column][\/vc_row][vc_row disable_element=&#8221;yes&#8221; el_class=&#8221;cabecera_ficha_producto bloque&#8221; css=&#8221;.vc_custom_1606819645974{padding-top: 40px !important;}&#8221;][vc_column width=&#8221;1\/2&#8243; el_class=&#8221;galeria_fotos&#8221;][vc_single_image image=&#8221;1102&#8243; img_size=&#8221;full&#8221; alignment=&#8221;center&#8221;][\/vc_column][vc_column width=&#8221;1\/2&#8243;][vc_separator color=&#8221;custom&#8221; align=&#8221;align_left&#8221; border_width=&#8221;5&#8243; el_width=&#8221;10&#8243; accent_color=&#8221;#00b2cb&#8221;][vc_column_text]V\u00e1lvula escuadra retenci\u00f3n PN16 M-Compresi\u00f3n Mando nova metal cromo &#8211; A\u00b780[\/vc_column_text][\/vc_column][\/vc_row][vc_row [&hellip;]\" \/>\n<meta property=\"og:url\" content=\"https:\/\/valvulasarco.com\/pl\/produkt\/ficha-producto\/\" \/>\n<meta property=\"og:site_name\" content=\"Arco\" \/>\n<meta property=\"article:modified_time\" content=\"2021-02-18T11:17:55+00:00\" \/>\n<meta name=\"twitter:card\" content=\"summary_large_image\" \/>\n<meta name=\"twitter:label1\" content=\"Szacowany czas czytania\" \/>\n\t<meta name=\"twitter:data1\" content=\"5 minut\" \/>\n<script type=\"application\/ld+json\" class=\"yoast-schema-graph\">{\"@context\":\"https:\/\/schema.org\",\"@graph\":[{\"@type\":\"WebPage\",\"@id\":\"https:\/\/valvulasarco.com\/pl\/produkt\/ficha-producto\/\",\"url\":\"https:\/\/valvulasarco.com\/pl\/produkt\/ficha-producto\/\",\"name\":\"Ficha producto - Arco\",\"isPartOf\":{\"@id\":\"https:\/\/valvulasarco.com\/#website\"},\"datePublished\":\"2020-08-11T06:24:20+00:00\",\"dateModified\":\"2021-02-18T11:17:55+00:00\",\"breadcrumb\":{\"@id\":\"https:\/\/valvulasarco.com\/pl\/produkt\/ficha-producto\/#breadcrumb\"},\"inLanguage\":\"pl-PL\",\"potentialAction\":[{\"@type\":\"ReadAction\",\"target\":[\"https:\/\/valvulasarco.com\/pl\/produkt\/ficha-producto\/\"]}]},{\"@type\":\"BreadcrumbList\",\"@id\":\"https:\/\/valvulasarco.com\/pl\/produkt\/ficha-producto\/#breadcrumb\",\"itemListElement\":[{\"@type\":\"ListItem\",\"position\":1,\"name\":\"Portada\",\"item\":\"https:\/\/valvulasarco.com\/pl\/\"},{\"@type\":\"ListItem\",\"position\":2,\"name\":\"Produkt\",\"item\":\"https:\/\/valvulasarco.com\/pl\/produkt\/\"},{\"@type\":\"ListItem\",\"position\":3,\"name\":\"Ficha producto\"}]},{\"@type\":\"WebSite\",\"@id\":\"https:\/\/valvulasarco.com\/#website\",\"url\":\"https:\/\/valvulasarco.com\/\",\"name\":\"Arco\",\"description\":\"Arco\",\"publisher\":{\"@id\":\"https:\/\/valvulasarco.com\/#organization\"},\"potentialAction\":[{\"@type\":\"SearchAction\",\"target\":{\"@type\":\"EntryPoint\",\"urlTemplate\":\"https:\/\/valvulasarco.com\/?s={search_term_string}\"},\"query-input\":\"required name=search_term_string\"}],\"inLanguage\":\"pl-PL\"},{\"@type\":\"Organization\",\"@id\":\"https:\/\/valvulasarco.com\/#organization\",\"name\":\"Arco\",\"url\":\"https:\/\/valvulasarco.com\/\",\"logo\":{\"@type\":\"ImageObject\",\"inLanguage\":\"pl-PL\",\"@id\":\"https:\/\/valvulasarco.com\/#\/schema\/logo\/image\/\",\"url\":\"https:\/\/valvulasarco.com\/wp-content\/uploads\/2020\/11\/Logo-Arco.png\",\"contentUrl\":\"https:\/\/valvulasarco.com\/wp-content\/uploads\/2020\/11\/Logo-Arco.png\",\"width\":750,\"height\":479,\"caption\":\"Arco\"},\"image\":{\"@id\":\"https:\/\/valvulasarco.com\/#\/schema\/logo\/image\/\"}}]}<\/script>\n<!-- \/ Yoast SEO plugin. -->","yoast_head_json":{"title":"Ficha producto - Arco","robots":{"index":"index","follow":"follow","max-snippet":"max-snippet:-1","max-image-preview":"max-image-preview:large","max-video-preview":"max-video-preview:-1"},"canonical":"https:\/\/valvulasarco.com\/pl\/produkt\/ficha-producto\/","og_locale":"pl_PL","og_type":"article","og_title":"Ficha producto - Arco","og_description":"[vc_row full_width=&#8221;stretch_row_content_no_spaces&#8221;][vc_column][vc_separator css=&#8221;.vc_custom_1597127826162{margin-bottom: 1px !important;}&#8221;][\/vc_column][\/vc_row][vc_row el_class=&#8221;breadcrumb&#8221;][vc_column css=&#8221;.vc_custom_1594132444794{padding-top: 0px !important;}&#8221;][\/vc_column][\/vc_row][vc_row el_class=&#8221;cabecera_ficha_producto bloque&#8221;][vc_column][\/vc_column][\/vc_row][vc_row css=&#8221;.vc_custom_1607677537728{padding-top: 0px !important;}&#8221;][vc_column][\/vc_column][\/vc_row][vc_row css=&#8221;.vc_custom_1607677544665{padding-top: 60px !important;}&#8221;][vc_column][\/vc_column][\/vc_row][vc_row][vc_column][\/vc_column][\/vc_row][vc_row disable_element=&#8221;yes&#8221; el_class=&#8221;bloque&#8221; css=&#8221;.vc_custom_1607609239550{padding-bottom: 0px !important;}&#8221;][vc_column css=&#8221;.vc_custom_1593757621670{padding-top: 0px !important;}&#8221;][vc_column_text el_class=&#8221;titulo_bloque_ficha&#8221;]Documentaci\u00f3n \/ Descargas[\/vc_column_text][\/vc_column][\/vc_row][vc_row disable_element=&#8221;yes&#8221; el_class=&#8221;cabecera_ficha_producto bloque&#8221; css=&#8221;.vc_custom_1606819645974{padding-top: 40px !important;}&#8221;][vc_column width=&#8221;1\/2&#8243; el_class=&#8221;galeria_fotos&#8221;][vc_single_image image=&#8221;1102&#8243; img_size=&#8221;full&#8221; alignment=&#8221;center&#8221;][\/vc_column][vc_column width=&#8221;1\/2&#8243;][vc_separator color=&#8221;custom&#8221; align=&#8221;align_left&#8221; border_width=&#8221;5&#8243; el_width=&#8221;10&#8243; accent_color=&#8221;#00b2cb&#8221;][vc_column_text]V\u00e1lvula escuadra retenci\u00f3n PN16 M-Compresi\u00f3n Mando nova metal cromo &#8211; A\u00b780[\/vc_column_text][\/vc_column][\/vc_row][vc_row [&hellip;]","og_url":"https:\/\/valvulasarco.com\/pl\/produkt\/ficha-producto\/","og_site_name":"Arco","article_modified_time":"2021-02-18T11:17:55+00:00","twitter_card":"summary_large_image","twitter_misc":{"Szacowany czas czytania":"5 minut"},"schema":{"@context":"https:\/\/schema.org","@graph":[{"@type":"WebPage","@id":"https:\/\/valvulasarco.com\/pl\/produkt\/ficha-producto\/","url":"https:\/\/valvulasarco.com\/pl\/produkt\/ficha-producto\/","name":"Ficha producto - Arco","isPartOf":{"@id":"https:\/\/valvulasarco.com\/#website"},"datePublished":"2020-08-11T06:24:20+00:00","dateModified":"2021-02-18T11:17:55+00:00","breadcrumb":{"@id":"https:\/\/valvulasarco.com\/pl\/produkt\/ficha-producto\/#breadcrumb"},"inLanguage":"pl-PL","potentialAction":[{"@type":"ReadAction","target":["https:\/\/valvulasarco.com\/pl\/produkt\/ficha-producto\/"]}]},{"@type":"BreadcrumbList","@id":"https:\/\/valvulasarco.com\/pl\/produkt\/ficha-producto\/#breadcrumb","itemListElement":[{"@type":"ListItem","position":1,"name":"Portada","item":"https:\/\/valvulasarco.com\/pl\/"},{"@type":"ListItem","position":2,"name":"Produkt","item":"https:\/\/valvulasarco.com\/pl\/produkt\/"},{"@type":"ListItem","position":3,"name":"Ficha producto"}]},{"@type":"WebSite","@id":"https:\/\/valvulasarco.com\/#website","url":"https:\/\/valvulasarco.com\/","name":"Arco","description":"Arco","publisher":{"@id":"https:\/\/valvulasarco.com\/#organization"},"potentialAction":[{"@type":"SearchAction","target":{"@type":"EntryPoint","urlTemplate":"https:\/\/valvulasarco.com\/?s={search_term_string}"},"query-input":"required name=search_term_string"}],"inLanguage":"pl-PL"},{"@type":"Organization","@id":"https:\/\/valvulasarco.com\/#organization","name":"Arco","url":"https:\/\/valvulasarco.com\/","logo":{"@type":"ImageObject","inLanguage":"pl-PL","@id":"https:\/\/valvulasarco.com\/#\/schema\/logo\/image\/","url":"https:\/\/valvulasarco.com\/wp-content\/uploads\/2020\/11\/Logo-Arco.png","contentUrl":"https:\/\/valvulasarco.com\/wp-content\/uploads\/2020\/11\/Logo-Arco.png","width":750,"height":479,"caption":"Arco"},"image":{"@id":"https:\/\/valvulasarco.com\/#\/schema\/logo\/image\/"}}]}},"_links":{"self":[{"href":"https:\/\/valvulasarco.com\/pl\/wp-json\/wp\/v2\/pages\/3064"}],"collection":[{"href":"https:\/\/valvulasarco.com\/pl\/wp-json\/wp\/v2\/pages"}],"about":[{"href":"https:\/\/valvulasarco.com\/pl\/wp-json\/wp\/v2\/types\/page"}],"author":[{"embeddable":true,"href":"https:\/\/valvulasarco.com\/pl\/wp-json\/wp\/v2\/users\/1"}],"replies":[{"embeddable":true,"href":"https:\/\/valvulasarco.com\/pl\/wp-json\/wp\/v2\/comments?post=3064"}],"version-history":[{"count":1,"href":"https:\/\/valvulasarco.com\/pl\/wp-json\/wp\/v2\/pages\/3064\/revisions"}],"predecessor-version":[{"id":5279,"href":"https:\/\/valvulasarco.com\/pl\/wp-json\/wp\/v2\/pages\/3064\/revisions\/5279"}],"up":[{"embeddable":true,"href":"https:\/\/valvulasarco.com\/pl\/wp-json\/wp\/v2\/pages\/3072"}],"wp:attachment":[{"href":"https:\/\/valvulasarco.com\/pl\/wp-json\/wp\/v2\/media?parent=3064"}],"curies":[{"name":"wp","href":"https:\/\/api.w.org\/{rel}","templated":true}]}}