{"id":3047,"date":"2020-08-03T07:32:26","date_gmt":"2020-08-03T07:32:26","guid":{"rendered":"https:\/\/valvulasarco.com\/strefa-branzowa\/asistencia-tecnica\/"},"modified":"2021-04-01T08:47:57","modified_gmt":"2021-04-01T08:47:57","slug":"pomoc-techniczna","status":"publish","type":"page","link":"https:\/\/valvulasarco.com\/pl\/strefa-branzowa\/pomoc-techniczna\/","title":{"rendered":"Pomoc techniczna"},"content":{"rendered":"<p>[vc_row full_width=&#8221;stretch_row&#8221; el_class=&#8221;banner_pagina&#8221; css=&#8221;.vc_custom_1596441147469{background-image: url(https:\/\/valvulasarco.com\/wp-content\/uploads\/2020\/08\/asistencia.jpg?id=693) !important;background-position: center !important;background-repeat: no-repeat !important;background-size: cover !important;}&#8221;][vc_column width=&#8221;1\/2&#8243; css=&#8221;.vc_custom_1594131934187{padding-top: 0px !important;}&#8221;][vc_column_text]<\/p>\n<h1>POMOC TECHNICZNA<\/h1>\n<h2>W ARCO oferujemy bezp\u0142atn\u0105 pomoc techniczn\u0105, dzi\u0119ki kt\u00f3rej znajdziesz najlepsze rozwi\u0105zanie<br \/>\ndla instalacji<\/h2>\n<p>[\/vc_column_text][\/vc_column][vc_column width=&#8221;1\/2&#8243; css=&#8221;.vc_custom_1594131938133{padding-top: 0px !important;}&#8221;][\/vc_column][\/vc_row][vc_row el_class=&#8221;breadcrumb&#8221;][vc_column css=&#8221;.vc_custom_1594132444794{padding-top: 0px !important;}&#8221;]<div itemscope itemtype=\"https:\/\/schema.org\/BreadcrumbList\" id=\"breadcrumb\"><div itemprop=\"itemListElement\" itemscope itemtype=\"https:\/\/schema.org\/ListItem\"><a itemprop=\"item\" href=\"https:\/\/valvulasarco.com\/pl\/\"><span class=\"vc_icon_element-icon fa fa-home\"><\/span><span itemprop=\"name\">Home<\/span><\/a><meta itemprop=\"position\" content=\"1\" \/><\/div><div itemprop=\"itemListElement hola\" itemscope itemtype=\"https:\/\/schema.org\/ListItem\"><span>><\/span><a itemprop=\"item\" href=\"https:\/\/valvulasarco.com\/pl\/strefa-branzowa\/pomoc-techniczna\/\"><span itemprop=\"name\">Pomoc techniczna<\/span><\/a><meta itemprop=\"position\" content=\"3\"><\/div><\/div>[\/vc_column][\/vc_row][vc_row el_class=&#8221;bloque info_profesional asistencia&#8221; css=&#8221;.vc_custom_1604396645700{padding-top: 20px !important;}&#8221;][vc_column width=&#8221;1\/2&#8243; css=&#8221;.vc_custom_1604396651795{margin-bottom: 20px !important;}&#8221;][vc_single_image image=&#8221;682&#8243; img_size=&#8221;full&#8221;][\/vc_column][vc_column width=&#8221;1\/2&#8243;][vc_column_text el_class=&#8221;titulo&#8221;]<\/p>\n<h2>DORADZTWO TECHNICZNE<\/h2>\n<p>[\/vc_column_text][vc_column_text]<\/p>\n<p style=\"color: #192d4d;\">Mo\u017cesz uzska\u0107 informacje na nast\u0119puj\u0105ce tematy:<\/p>\n<ul>\n<li>Wyb\u00f3r najbardziej odpowiedniego produktu do ka\u017cdej instalacji<\/li>\n<li>\n<h3>Szczeg\u00f3\u0142owe cechy produktu<\/h3>\n<\/li>\n<li>\n<h3>Zgodno\u015b\u0107 z obowi\u0105zuj\u0105cymi normami<\/h3>\n<\/li>\n<li>\n<h3>Rozwiazywanie problem\u00f3w technicznych<\/h3>\n<\/li>\n<li>\n<h3>Propozycje produkt\u00f3w do instalacji specjalnych (rozwi\u0105zania ARCO)<\/h3>\n<\/li>\n<li>\n<h3>Kompatybilno\u015b\u0107 produkt\u00f3w z innymi elementami instalacji<\/h3>\n<\/li>\n<\/ul>\n<p>[\/vc_column_text][\/vc_column][\/vc_row][vc_row full_width=&#8221;stretch_row&#8221; el_class=&#8221;contacto_obras bloque contacto_profesional asistencia&#8221; css=&#8221;.vc_custom_1596440240517{background-image: url(https:\/\/valvulasarco.com\/wp-content\/uploads\/2020\/08\/7538.jpg?id=686) !important;background-position: center !important;background-repeat: no-repeat !important;background-size: cover !important;}&#8221;][vc_column css=&#8221;.vc_custom_1594380075736{padding-top: 0px !important;}&#8221;][vc_row_inner][vc_column_inner width=&#8221;2\/3&#8243;][vc_column_text el_class=&#8221;titular&#8221;]<\/p>\n<h2>Potrzebujesz pomocy?<\/h2>\n<p>[\/vc_column_text][vc_column_text el_class=&#8221;subtitular&#8221;]Skontaktuj si\u0119 z zespo\u0142em technicznym ARCO, aby otrzyma\u0107 wi\u0119cej informacji na temat rozwiaza\u0144 dla Twoich instalacji oraz projekt\u00f3w. Lub napisz do nas na adres: <a href=\"mailto:customerservicepoland@valvulasarco.com\">customerservicepoland@valvulasarco.com<\/a>[\/vc_column_text][\/vc_column_inner][vc_column_inner width=&#8221;1\/3&#8243;][vc_column_text el_class=&#8221;boton_gris rosa&#8221;]<\/p>\n<p style=\"text-align: left;\"><a class=\"boton_gris llamar\">+48 509 025 000<\/a><a class=\"boton_rosa\" href=\"\/pl\/kontakt\/\">skontaktuj si\u0119 z nami<\/a><\/p>\n<p>[\/vc_column_text][\/vc_column_inner][\/vc_row_inner][\/vc_column][\/vc_row]<\/p>\n","protected":false},"excerpt":{"rendered":"<p>[vc_row full_width=&#8221;stretch_row&#8221; el_class=&#8221;banner_pagina&#8221; css=&#8221;.vc_custom_1596441147469{background-image: url(https:\/\/valvulasarco.com\/wp-content\/uploads\/2020\/08\/asistencia.jpg?id=693) !important;background-position: center !important;background-repeat: no-repeat !important;background-size: cover !important;}&#8221;][vc_column width=&#8221;1\/2&#8243; css=&#8221;.vc_custom_1594131934187{padding-top: 0px !important;}&#8221;][vc_column_text] POMOC TECHNICZNA W ARCO oferujemy bezp\u0142atn\u0105 pomoc techniczn\u0105, dzi\u0119ki kt\u00f3rej znajdziesz najlepsze rozwi\u0105zanie dla instalacji [\/vc_column_text][\/vc_column][vc_column width=&#8221;1\/2&#8243; css=&#8221;.vc_custom_1594131938133{padding-top: 0px !important;}&#8221;][\/vc_column][\/vc_row][vc_row el_class=&#8221;breadcrumb&#8221;][vc_column css=&#8221;.vc_custom_1594132444794{padding-top: 0px !important;}&#8221;][\/vc_column][\/vc_row][vc_row el_class=&#8221;bloque info_profesional asistencia&#8221; css=&#8221;.vc_custom_1604396645700{padding-top: 20px !important;}&#8221;][vc_column width=&#8221;1\/2&#8243; css=&#8221;.vc_custom_1604396651795{margin-bottom: 20px !important;}&#8221;][vc_single_image image=&#8221;682&#8243; img_size=&#8221;full&#8221;][\/vc_column][vc_column width=&#8221;1\/2&#8243;][vc_column_text el_class=&#8221;titulo&#8221;] DORADZTWO [&hellip;]<\/p>\n","protected":false},"author":1,"featured_media":0,"parent":2991,"menu_order":0,"comment_status":"closed","ping_status":"closed","template":"","meta":[],"acf":[],"yoast_head":"<!-- This site is optimized with the Yoast SEO plugin v20.4 - https:\/\/yoast.com\/wordpress\/plugins\/seo\/ -->\n<title>Strefa bran\u017cowa - Pomoc techniczna - Valvulas ARCO<\/title>\n<meta name=\"description\" content=\"Potrzebujesz pomocy technicznej, dotycz\u0105cej jakigo\u015b zaworu czy innych produkt\u00f3w ARCO? Wejd\u017a, pomo\u017cemy Ci!\" \/>\n<meta name=\"robots\" content=\"index, follow, max-snippet:-1, max-image-preview:large, max-video-preview:-1\" \/>\n<link rel=\"canonical\" href=\"https:\/\/valvulasarco.com\/pl\/strefa-branzowa\/pomoc-techniczna\/\" \/>\n<meta property=\"og:locale\" content=\"pl_PL\" \/>\n<meta property=\"og:type\" content=\"article\" \/>\n<meta property=\"og:title\" content=\"Strefa bran\u017cowa - Pomoc techniczna - Valvulas ARCO\" \/>\n<meta property=\"og:description\" content=\"Potrzebujesz pomocy technicznej, dotycz\u0105cej jakigo\u015b zaworu czy innych produkt\u00f3w ARCO? Wejd\u017a, pomo\u017cemy Ci!\" \/>\n<meta property=\"og:url\" content=\"https:\/\/valvulasarco.com\/pl\/strefa-branzowa\/pomoc-techniczna\/\" \/>\n<meta property=\"og:site_name\" content=\"Arco\" \/>\n<meta property=\"article:modified_time\" content=\"2021-04-01T08:47:57+00:00\" \/>\n<meta name=\"twitter:card\" content=\"summary_large_image\" \/>\n<meta name=\"twitter:label1\" content=\"Szacowany czas czytania\" \/>\n\t<meta name=\"twitter:data1\" content=\"1 minuta\" \/>\n<script type=\"application\/ld+json\" class=\"yoast-schema-graph\">{\"@context\":\"https:\/\/schema.org\",\"@graph\":[{\"@type\":\"WebPage\",\"@id\":\"https:\/\/valvulasarco.com\/pl\/strefa-branzowa\/pomoc-techniczna\/\",\"url\":\"https:\/\/valvulasarco.com\/pl\/strefa-branzowa\/pomoc-techniczna\/\",\"name\":\"Strefa bran\u017cowa - Pomoc techniczna - Valvulas ARCO\",\"isPartOf\":{\"@id\":\"https:\/\/valvulasarco.com\/#website\"},\"datePublished\":\"2020-08-03T07:32:26+00:00\",\"dateModified\":\"2021-04-01T08:47:57+00:00\",\"description\":\"Potrzebujesz pomocy technicznej, dotycz\u0105cej jakigo\u015b zaworu czy innych produkt\u00f3w ARCO? Wejd\u017a, pomo\u017cemy Ci!\",\"breadcrumb\":{\"@id\":\"https:\/\/valvulasarco.com\/pl\/strefa-branzowa\/pomoc-techniczna\/#breadcrumb\"},\"inLanguage\":\"pl-PL\",\"potentialAction\":[{\"@type\":\"ReadAction\",\"target\":[\"https:\/\/valvulasarco.com\/pl\/strefa-branzowa\/pomoc-techniczna\/\"]}]},{\"@type\":\"BreadcrumbList\",\"@id\":\"https:\/\/valvulasarco.com\/pl\/strefa-branzowa\/pomoc-techniczna\/#breadcrumb\",\"itemListElement\":[{\"@type\":\"ListItem\",\"position\":1,\"name\":\"Portada\",\"item\":\"https:\/\/valvulasarco.com\/pl\/\"},{\"@type\":\"ListItem\",\"position\":2,\"name\":\"Strefa bran\u017cowa\",\"item\":\"https:\/\/valvulasarco.com\/pl\/strefa-branzowa\/\"},{\"@type\":\"ListItem\",\"position\":3,\"name\":\"Pomoc techniczna\"}]},{\"@type\":\"WebSite\",\"@id\":\"https:\/\/valvulasarco.com\/#website\",\"url\":\"https:\/\/valvulasarco.com\/\",\"name\":\"Arco\",\"description\":\"Arco\",\"publisher\":{\"@id\":\"https:\/\/valvulasarco.com\/#organization\"},\"potentialAction\":[{\"@type\":\"SearchAction\",\"target\":{\"@type\":\"EntryPoint\",\"urlTemplate\":\"https:\/\/valvulasarco.com\/?s={search_term_string}\"},\"query-input\":\"required name=search_term_string\"}],\"inLanguage\":\"pl-PL\"},{\"@type\":\"Organization\",\"@id\":\"https:\/\/valvulasarco.com\/#organization\",\"name\":\"Arco\",\"url\":\"https:\/\/valvulasarco.com\/\",\"logo\":{\"@type\":\"ImageObject\",\"inLanguage\":\"pl-PL\",\"@id\":\"https:\/\/valvulasarco.com\/#\/schema\/logo\/image\/\",\"url\":\"https:\/\/valvulasarco.com\/wp-content\/uploads\/2020\/11\/Logo-Arco.png\",\"contentUrl\":\"https:\/\/valvulasarco.com\/wp-content\/uploads\/2020\/11\/Logo-Arco.png\",\"width\":750,\"height\":479,\"caption\":\"Arco\"},\"image\":{\"@id\":\"https:\/\/valvulasarco.com\/#\/schema\/logo\/image\/\"}}]}<\/script>\n<!-- \/ Yoast SEO plugin. -->","yoast_head_json":{"title":"Strefa bran\u017cowa - Pomoc techniczna - Valvulas ARCO","description":"Potrzebujesz pomocy technicznej, dotycz\u0105cej jakigo\u015b zaworu czy innych produkt\u00f3w ARCO? Wejd\u017a, pomo\u017cemy Ci!","robots":{"index":"index","follow":"follow","max-snippet":"max-snippet:-1","max-image-preview":"max-image-preview:large","max-video-preview":"max-video-preview:-1"},"canonical":"https:\/\/valvulasarco.com\/pl\/strefa-branzowa\/pomoc-techniczna\/","og_locale":"pl_PL","og_type":"article","og_title":"Strefa bran\u017cowa - Pomoc techniczna - Valvulas ARCO","og_description":"Potrzebujesz pomocy technicznej, dotycz\u0105cej jakigo\u015b zaworu czy innych produkt\u00f3w ARCO? Wejd\u017a, pomo\u017cemy Ci!","og_url":"https:\/\/valvulasarco.com\/pl\/strefa-branzowa\/pomoc-techniczna\/","og_site_name":"Arco","article_modified_time":"2021-04-01T08:47:57+00:00","twitter_card":"summary_large_image","twitter_misc":{"Szacowany czas czytania":"1 minuta"},"schema":{"@context":"https:\/\/schema.org","@graph":[{"@type":"WebPage","@id":"https:\/\/valvulasarco.com\/pl\/strefa-branzowa\/pomoc-techniczna\/","url":"https:\/\/valvulasarco.com\/pl\/strefa-branzowa\/pomoc-techniczna\/","name":"Strefa bran\u017cowa - Pomoc techniczna - Valvulas ARCO","isPartOf":{"@id":"https:\/\/valvulasarco.com\/#website"},"datePublished":"2020-08-03T07:32:26+00:00","dateModified":"2021-04-01T08:47:57+00:00","description":"Potrzebujesz pomocy technicznej, dotycz\u0105cej jakigo\u015b zaworu czy innych produkt\u00f3w ARCO? Wejd\u017a, pomo\u017cemy Ci!","breadcrumb":{"@id":"https:\/\/valvulasarco.com\/pl\/strefa-branzowa\/pomoc-techniczna\/#breadcrumb"},"inLanguage":"pl-PL","potentialAction":[{"@type":"ReadAction","target":["https:\/\/valvulasarco.com\/pl\/strefa-branzowa\/pomoc-techniczna\/"]}]},{"@type":"BreadcrumbList","@id":"https:\/\/valvulasarco.com\/pl\/strefa-branzowa\/pomoc-techniczna\/#breadcrumb","itemListElement":[{"@type":"ListItem","position":1,"name":"Portada","item":"https:\/\/valvulasarco.com\/pl\/"},{"@type":"ListItem","position":2,"name":"Strefa bran\u017cowa","item":"https:\/\/valvulasarco.com\/pl\/strefa-branzowa\/"},{"@type":"ListItem","position":3,"name":"Pomoc techniczna"}]},{"@type":"WebSite","@id":"https:\/\/valvulasarco.com\/#website","url":"https:\/\/valvulasarco.com\/","name":"Arco","description":"Arco","publisher":{"@id":"https:\/\/valvulasarco.com\/#organization"},"potentialAction":[{"@type":"SearchAction","target":{"@type":"EntryPoint","urlTemplate":"https:\/\/valvulasarco.com\/?s={search_term_string}"},"query-input":"required name=search_term_string"}],"inLanguage":"pl-PL"},{"@type":"Organization","@id":"https:\/\/valvulasarco.com\/#organization","name":"Arco","url":"https:\/\/valvulasarco.com\/","logo":{"@type":"ImageObject","inLanguage":"pl-PL","@id":"https:\/\/valvulasarco.com\/#\/schema\/logo\/image\/","url":"https:\/\/valvulasarco.com\/wp-content\/uploads\/2020\/11\/Logo-Arco.png","contentUrl":"https:\/\/valvulasarco.com\/wp-content\/uploads\/2020\/11\/Logo-Arco.png","width":750,"height":479,"caption":"Arco"},"image":{"@id":"https:\/\/valvulasarco.com\/#\/schema\/logo\/image\/"}}]}},"_links":{"self":[{"href":"https:\/\/valvulasarco.com\/pl\/wp-json\/wp\/v2\/pages\/3047"}],"collection":[{"href":"https:\/\/valvulasarco.com\/pl\/wp-json\/wp\/v2\/pages"}],"about":[{"href":"https:\/\/valvulasarco.com\/pl\/wp-json\/wp\/v2\/types\/page"}],"author":[{"embeddable":true,"href":"https:\/\/valvulasarco.com\/pl\/wp-json\/wp\/v2\/users\/1"}],"replies":[{"embeddable":true,"href":"https:\/\/valvulasarco.com\/pl\/wp-json\/wp\/v2\/comments?post=3047"}],"version-history":[{"count":6,"href":"https:\/\/valvulasarco.com\/pl\/wp-json\/wp\/v2\/pages\/3047\/revisions"}],"predecessor-version":[{"id":5757,"href":"https:\/\/valvulasarco.com\/pl\/wp-json\/wp\/v2\/pages\/3047\/revisions\/5757"}],"up":[{"embeddable":true,"href":"https:\/\/valvulasarco.com\/pl\/wp-json\/wp\/v2\/pages\/2991"}],"wp:attachment":[{"href":"https:\/\/valvulasarco.com\/pl\/wp-json\/wp\/v2\/media?parent=3047"}],"curies":[{"name":"wp","href":"https:\/\/api.w.org\/{rel}","templated":true}]}}