{"id":3041,"date":"2020-08-06T11:14:02","date_gmt":"2020-08-06T11:14:02","guid":{"rendered":"https:\/\/valvulasarco.com\/strefa-branzowa\/oem\/"},"modified":"2022-06-27T12:31:23","modified_gmt":"2022-06-27T10:31:23","slug":"oem","status":"publish","type":"page","link":"https:\/\/valvulasarco.com\/pl\/strefa-branzowa\/oem\/","title":{"rendered":"OEM"},"content":{"rendered":"<p>[vc_row full_width=&#8221;stretch_row&#8221; el_class=&#8221;banner_pagina&#8221; css=&#8221;.vc_custom_1596441716055{background-image: url(https:\/\/valvulasarco.com\/wp-content\/uploads\/2020\/08\/personas.jpg?id=697) !important;background-position: center !important;background-repeat: no-repeat !important;background-size: cover !important;}&#8221;][vc_column width=&#8221;7\/12&#8243; css=&#8221;.vc_custom_1594131934187{padding-top: 0px !important;}&#8221;][vc_column_text]<\/p>\n<h1>OEM<\/h1>\n<h2>Dopasowujemy nasze systemy do regulacji i kontroli przep\u0142ywu w instalacjach wodnych, gazowych i grzewczych do potrzeb Twoich produkt\u00f3w<\/h2>\n<p>[\/vc_column_text][\/vc_column][vc_column width=&#8221;5\/12&#8243; css=&#8221;.vc_custom_1594131938133{padding-top: 0px !important;}&#8221;][\/vc_column][\/vc_row][vc_row full_width=&#8221;stretch_row&#8221; el_class=&#8221;breadcrumb&#8221;][vc_column css=&#8221;.vc_custom_1594132444794{padding-top: 0px !important;}&#8221;]<div itemscope itemtype=\"https:\/\/schema.org\/BreadcrumbList\" id=\"breadcrumb\"><div itemprop=\"itemListElement\" itemscope itemtype=\"https:\/\/schema.org\/ListItem\"><a itemprop=\"item\" href=\"https:\/\/valvulasarco.com\/pl\/\"><span class=\"vc_icon_element-icon fa fa-home\"><\/span><span itemprop=\"name\">Home<\/span><\/a><meta itemprop=\"position\" content=\"1\" \/><\/div><div itemprop=\"itemListElement hola\" itemscope itemtype=\"https:\/\/schema.org\/ListItem\"><span>><\/span><a itemprop=\"item\" href=\"https:\/\/valvulasarco.com\/pl\/strefa-branzowa\/oem\/\"><span itemprop=\"name\">OEM<\/span><\/a><meta itemprop=\"position\" content=\"3\"><\/div><\/div>[\/vc_column][\/vc_row][vc_row el_class=&#8221;bloque info_profesional info_oem&#8221; css=&#8221;.vc_custom_1604396618322{padding-top: 20px !important;}&#8221;][vc_column][vc_row_inner][vc_column_inner width=&#8221;1\/2&#8243; css=&#8221;.vc_custom_1604396691857{margin-bottom: 0px !important;}&#8221;][vc_single_image image=&#8221;958&#8243; img_size=&#8221;full&#8221;][\/vc_column_inner][vc_column_inner el_class=&#8221;texto&#8221; width=&#8221;1\/2&#8243;][vc_column_text el_class=&#8221;titulo&#8221;]<\/p>\n<h2>NIE MAMY JAKIEGO\u015a PRODUKTU?<br \/>\nWYKONAMY GO<\/h2>\n<p>[\/vc_column_text][vc_column_text]ARCO posiada dzia\u0142 wyspecjalizowany w <strong>rozwoju system\u00f3w<br \/>\ni element\u00f3w wykonywanych na wymiar, aby zaoferowa\u0107 unikalne rozwi\u0105zania spe\u0142niaj\u0105ce<\/strong> potrzeby producent\u00f3w na najbardziej wymagaj\u0105cych rynkach.<\/p>\n<p>ARCO oferuje wyroby wyprodukowane z najlepszych, certyfikowanych surowc\u00f3w, stale poddawane pr\u00f3bom szczelno\u015bci, aby zapewni\u0107 brak wyciek\u00f3w przy standardowych warunkach u\u017cytkowania.[\/vc_column_text][\/vc_column_inner][\/vc_row_inner][\/vc_column][\/vc_row][vc_row full_width=&#8221;stretch_row&#8221; equal_height=&#8221;yes&#8221; el_class=&#8221;count_personas bloque info_linea iconos_internacional&#8221;][vc_column width=&#8221;1\/3&#8243; el_class=&#8221;item_count&#8221; css=&#8221;.vc_custom_1596449256001{padding-top: 0px !important;}&#8221;][vc_single_image image=&#8221;1565&#8243; img_size=&#8221;full&#8221; alignment=&#8221;center&#8221;][vc_column_text el_class=&#8221;etiqueta&#8221;]<\/p>\n<h3 style=\"text-align: center;\">Wsp\u00f3\u0142tworzenie produkt\u00f3w dedykowanych<\/h3>\n<p>[\/vc_column_text][\/vc_column][vc_column width=&#8221;1\/3&#8243; el_class=&#8221;item_count&#8221; css=&#8221;.vc_custom_1596449259697{padding-top: 0px !important;}&#8221;][vc_single_image image=&#8221;1566&#8243; img_size=&#8221;full&#8221; alignment=&#8221;center&#8221;][vc_column_text el_class=&#8221;etiqueta&#8221;]<\/p>\n<h3>Jako\u015b\u0107 i innowacja w procesie produkcji<\/h3>\n<p>[\/vc_column_text][\/vc_column][vc_column width=&#8221;1\/3&#8243; el_class=&#8221;item_count last&#8221; css=&#8221;.vc_custom_1596622322163{padding-top: 0px !important;}&#8221;][vc_single_image image=&#8221;1568&#8243; img_size=&#8221;full&#8221; alignment=&#8221;center&#8221;][vc_column_text el_class=&#8221;etiqueta&#8221;]<\/p>\n<h3>Dopasowanie do potrzeb i elastyczno\u015b\u0107<\/h3>\n<p>[\/vc_column_text][\/vc_column][\/vc_row][vc_row full_width=&#8221;stretch_row&#8221; el_class=&#8221;contacto_obras bloque personas&#8221; css=&#8221;.vc_custom_1596717908623{background-image: url(https:\/\/valvulasarco.com\/wp-content\/uploads\/2020\/08\/cta.jpg?id=963) !important;background-position: center !important;background-repeat: no-repeat !important;background-size: cover !important;}&#8221;][vc_column css=&#8221;.vc_custom_1594380075736{padding-top: 0px !important;}&#8221;][vc_row_inner][vc_column_inner width=&#8221;1\/12&#8243;][\/vc_column_inner][vc_column_inner width=&#8221;10\/12&#8243; css=&#8221;.vc_custom_1594380067892{padding-top: 0px !important;}&#8221;][vc_column_text el_class=&#8221;titular&#8221; css=&#8221;.vc_custom_1611303757428{margin-bottom: 30px !important;}&#8221;]Potrzebujesz specjalnych produkt\u00f3w?[\/vc_column_text][vc_column_text el_class=&#8221;boton_gris rosa trabaja_con_boton&#8221;]<\/p>\n<p style=\"text-align: center;\"><a href=\"\/pl\/kontakt\/\">SKONTAKTUJ SI\u0118 Z NAMI<\/a><\/p>\n<p>[\/vc_column_text][\/vc_column_inner][vc_column_inner width=&#8221;1\/12&#8243;][\/vc_column_inner][\/vc_row_inner][\/vc_column][\/vc_row][vc_row full_width=&#8221;stretch_row_content_no_spaces&#8221; equal_height=&#8221;yes&#8221; el_class=&#8221;mitad_home mitad_derecha personas oem&#8221;][vc_column width=&#8221;1\/2&#8243; el_class=&#8221;imagen&#8221; css=&#8221;.vc_custom_1596789470718{padding-top: 0px !important;background-image: url(https:\/\/valvulasarco.com\/wp-content\/uploads\/2020\/08\/oem1.jpg?id=965) !important;background-position: center !important;background-repeat: no-repeat !important;background-size: cover !important;}&#8221;][\/vc_column][vc_column width=&#8221;1\/2&#8243; el_class=&#8221;texto&#8221; css=&#8221;.vc_custom_1593700829527{padding-top: 0px !important;}&#8221;][vc_column_text el_class=&#8221;titular&#8221;]PROJEKTOWANIE[\/vc_column_text][vc_column_text el_class=&#8221;subtitular&#8221;]<\/p>\n<h2><strong>Dzia\u0142 Projektowy i w\u0142asne laboratorium<\/strong><\/h2>\n<p>Dzia\u0142 R+D+i wykonuje pr\u00f3by i analizy wszytkich produkt\u00f3w ARCO, proces\u00f3w oraz surowc\u00f3w ARCO, w celu zapewnienia najwy\u017cszej jako\u015bci przed wprowadzeniem na rynek[\/vc_column_text][\/vc_column][\/vc_row][vc_row full_width=&#8221;stretch_row_content_no_spaces&#8221; equal_height=&#8221;yes&#8221; el_class=&#8221;mitad_home mitad_izquierda personas oem&#8221;][vc_column width=&#8221;1\/2&#8243; el_class=&#8221;texto&#8221; css=&#8221;.vc_custom_1593700833376{padding-top: 0px !important;background-position: center !important;background-repeat: no-repeat !important;background-size: cover !important;}&#8221;][vc_column_text el_class=&#8221;titular&#8221;]W\u0141ASNA PRODUKCJA[\/vc_column_text][vc_column_text el_class=&#8221;subtitular info_profesional&#8221;]<\/p>\n<ul>\n<li>\n<h3>Wyroby produkowane w Hiszpanii #MadeinSpain<\/h3>\n<\/li>\n<li>\n<h3>Hiszpa\u0144ski system przemys\u0142owy dostosowany do potrzeb klient\u00f3w<\/h3>\n<\/li>\n<li>Certyfikaty<\/li>\n<li>Surowce wysokiej jako\u015bci<\/li>\n<li>\n<h3>W\u0142asna produkcja: formy, odkuwanie, mechanizacja, wtryskiwanie, chromowanie, monta\u017c<\/h3>\n<\/li>\n<\/ul>\n<p>[\/vc_column_text][\/vc_column][vc_column width=&#8221;1\/2&#8243; el_class=&#8221;imagen&#8221; css=&#8221;.vc_custom_1596784833606{padding-top: 0px !important;background-image: url(https:\/\/valvulasarco.com\/wp-content\/uploads\/2020\/08\/oem3.jpg?id=966) !important;background-position: center !important;background-repeat: no-repeat !important;background-size: cover !important;}&#8221;][\/vc_column][\/vc_row][vc_row full_width=&#8221;stretch_row_content_no_spaces&#8221; equal_height=&#8221;yes&#8221; el_class=&#8221;mitad_home mitad_derecha personas oem&#8221;][vc_column width=&#8221;1\/2&#8243; el_class=&#8221;imagen&#8221; css=&#8221;.vc_custom_1596784885902{padding-top: 0px !important;background-image: url(https:\/\/valvulasarco.com\/wp-content\/uploads\/2020\/08\/oem5.jpg?id=967) !important;background-position: center !important;background-repeat: no-repeat !important;background-size: cover !important;}&#8221;][\/vc_column][vc_column width=&#8221;1\/2&#8243; el_class=&#8221;texto&#8221; css=&#8221;.vc_custom_1593700829527{padding-top: 0px !important;}&#8221;][vc_column_text el_class=&#8221;titular&#8221;]INNOWACYJNE, DEDYKOWANE ROZWI\u0104ZANIA[\/vc_column_text][vc_column_text el_class=&#8221;subtitular info_profesional&#8221;]<\/p>\n<ul>\n<li>Liderzy w projektowaniu i produkcji na wymiar<\/li>\n<li>Elastyczno\u015b\u0107 i wychodzenie naprzeciw potrzebom najbardziej wymagajacych rynk\u00f3w<\/li>\n<li>Sta\u0142a innowacyjno\u015b\u0107<\/li>\n<li>Produkcja we w\u0142asnych fabrykach<\/li>\n<li>Najwy\u017csza jako\u015b\u0107 w projektowaniu i produkcji naszych wyrob\u00f3w<\/li>\n<\/ul>\n<p>[\/vc_column_text][\/vc_column][\/vc_row][vc_row full_width=&#8221;stretch_row&#8221; disable_element=&#8221;yes&#8221; el_class=&#8221;bloque portada_productos_slide slide_noticias bloque casos_exito_obras casos_exito_oem&#8221; css=&#8221;.vc_custom_1611060306238{padding-bottom: 0px !important;background-color: #f0f0f0 !important;}&#8221;][vc_column css=&#8221;.vc_custom_1595502946175{padding-top: 0px !important;}&#8221;][vc_column_text el_class=&#8221;titulo_bloque_oem&#8221;]Przyk\u0142ady sukcesu[\/vc_column_text]<div class=\"slider_portada_actualidad slider_grid_3\"><\/div>[\/vc_column][\/vc_row][vc_row disable_element=&#8221;yes&#8221; el_class=&#8221;bloque productos_realizados_oem&#8221;][vc_column css=&#8221;.vc_custom_1596789978709{padding-top: 0px !important;}&#8221;][vc_column_text el_class=&#8221;titulo_bloque_oem&#8221;]Produkty dedykowane[\/vc_column_text][vc_row_inner el_class=&#8221;row_gama&#8221;][vc_column_inner el_class=&#8221;item&#8221; width=&#8221;1\/4&#8243;][vc_single_image image=&#8221;849&#8243; img_size=&#8221;full&#8221; alignment=&#8221;center&#8221;][vc_column_text el_class=&#8221;titulo&#8221;]Producto a medida 1[\/vc_column_text][vc_column_text el_class=&#8221;subtitulo&#8221;]V\u00e1lvula empotrar PEX (reticulado) Casquillo metal &#8211; Multicapa agua[\/vc_column_text][\/vc_column_inner][vc_column_inner el_class=&#8221;item&#8221; width=&#8221;1\/4&#8243;][vc_single_image image=&#8221;849&#8243; img_size=&#8221;full&#8221; alignment=&#8221;center&#8221;][vc_column_text el_class=&#8221;titulo&#8221;]Producto a medida 1[\/vc_column_text][vc_column_text el_class=&#8221;subtitulo&#8221;]V\u00e1lvula empotrar PEX (reticulado) Casquillo metal &#8211; Multicapa agua[\/vc_column_text][\/vc_column_inner][vc_column_inner el_class=&#8221;item&#8221; width=&#8221;1\/4&#8243;][vc_single_image image=&#8221;849&#8243; img_size=&#8221;full&#8221; alignment=&#8221;center&#8221;][vc_column_text el_class=&#8221;titulo&#8221;]Producto a medida 1[\/vc_column_text][vc_column_text el_class=&#8221;subtitulo&#8221;]V\u00e1lvula empotrar PEX (reticulado) Casquillo metal &#8211; Multicapa agua[\/vc_column_text][\/vc_column_inner][vc_column_inner el_class=&#8221;item&#8221; width=&#8221;1\/4&#8243;][vc_single_image image=&#8221;849&#8243; img_size=&#8221;full&#8221; alignment=&#8221;center&#8221;][vc_column_text el_class=&#8221;titulo&#8221;]Producto a medida 1[\/vc_column_text][vc_column_text el_class=&#8221;subtitulo&#8221;]V\u00e1lvula empotrar PEX (reticulado) Casquillo metal &#8211; Multicapa agua[\/vc_column_text][\/vc_column_inner][\/vc_row_inner][vc_column_text el_class=&#8221;boton_gris rosa&#8221;]<\/p>\n<p style=\"text-align: center;\"><a class=\"boton_rosa\" href=\"https:\/\/valvulasarco.com\/pl\/produkt\/\">Odkryj nasz asortyment produkt\u00f3w<\/a><\/p>\n<p>[\/vc_column_text][\/vc_column][\/vc_row][vc_row el_class=&#8221;bloque productos_realizados_oem&#8221;][vc_column css=&#8221;.vc_custom_1596789978709{padding-top: 0px !important;}&#8221;][vc_column_text el_class=&#8221;titulo_bloque_oem&#8221;]<\/p>\n<h2>Produkty dedykowane<\/h2>\n<p>[\/vc_column_text]<div class=\"slider_oem_products row_gama slider_grid_4\"><\/div>[vc_column_text el_class=&#8221;boton_gris rosa&#8221;]<\/p>\n<p style=\"text-align: center;\"><a class=\"boton_rosa\" href=\"\/pl\/produkt\/\">Odkryj nasz asortyment produkt\u00f3w<\/a><\/p>\n<p>[\/vc_column_text][\/vc_column][\/vc_row][vc_row][vc_column][vc_separator css=&#8221;.vc_custom_1596790386832{margin-bottom: 1px !important;}&#8221;][\/vc_column][\/vc_row][vc_row el_class=&#8221;oem_clientes bloque&#8221;][vc_column][vc_column_text el_class=&#8221;titulo_bloque_oem&#8221;]<\/p>\n<h2>Niekt\u00f3rzy z naszych klient\u00f3w<\/h2>\n<p>[\/vc_column_text][vc_row_inner][vc_column_inner width=&#8221;1\/6&#8243;][vc_single_image image=&#8221;4869&#8243; img_size=&#8221;full&#8221; alignment=&#8221;center&#8221;][\/vc_column_inner][vc_column_inner width=&#8221;1\/6&#8243;][vc_single_image image=&#8221;2071&#8243; img_size=&#8221;full&#8221; alignment=&#8221;center&#8221;][\/vc_column_inner][vc_column_inner width=&#8221;1\/6&#8243;][vc_single_image image=&#8221;2078&#8243; img_size=&#8221;full&#8221; alignment=&#8221;center&#8221;][\/vc_column_inner][vc_column_inner width=&#8221;1\/6&#8243;][vc_single_image image=&#8221;4287&#8243; img_size=&#8221;full&#8221; alignment=&#8221;center&#8221; el_class=&#8221;istobal&#8221;][\/vc_column_inner][vc_column_inner width=&#8221;1\/6&#8243;][vc_single_image image=&#8221;4862&#8243; img_size=&#8221;full&#8221; alignment=&#8221;center&#8221; el_class=&#8221;istobal&#8221;][\/vc_column_inner][vc_column_inner width=&#8221;1\/6&#8243;][vc_single_image image=&#8221;4876&#8243; img_size=&#8221;full&#8221; alignment=&#8221;center&#8221; el_class=&#8221;istobal&#8221;][\/vc_column_inner][\/vc_row_inner][\/vc_column][\/vc_row][vc_row full_width=&#8221;stretch_row&#8221; el_class=&#8221;contacto_obras bloque contacto_profesional&#8221; css=&#8221;.vc_custom_1596784983945{background-image: url(https:\/\/valvulasarco.com\/wp-content\/uploads\/2020\/08\/bottomeom.jpg?id=968) !important;background-position: center !important;background-repeat: no-repeat !important;background-size: cover !important;}&#8221;][vc_column css=&#8221;.vc_custom_1594380075736{padding-top: 0px !important;}&#8221;][vc_row_inner][vc_column_inner][vc_column_text el_class=&#8221;titular&#8221;]Je\u015bli nie ma takiego produktu, wyprodukujemy go[\/vc_column_text][vc_column_text el_class=&#8221;subtitular&#8221;]<\/p>\n<h2>Produkujemy dedykowane wyroby do system\u00f3w regulacji i kontroli przep\u0142ywu w instalacjach wodnych, gazowych i grzewczych.<\/h2>\n<p>[\/vc_column_text][vc_column_text el_class=&#8221;boton_gris rosa&#8221;]<\/p>\n<p style=\"text-align: center;\"><a class=\"boton_rosa\" href=\"\/pl\/kontakt\/\">Skontaktuj si\u0119 z nami<\/a><\/p>\n<p>[\/vc_column_text][\/vc_column_inner][\/vc_row_inner][\/vc_column][\/vc_row]<\/p>\n","protected":false},"excerpt":{"rendered":"<p>[vc_row full_width=&#8221;stretch_row&#8221; el_class=&#8221;banner_pagina&#8221; css=&#8221;.vc_custom_1596441716055{background-image: url(https:\/\/valvulasarco.com\/wp-content\/uploads\/2020\/08\/personas.jpg?id=697) !important;background-position: center !important;background-repeat: no-repeat !important;background-size: cover !important;}&#8221;][vc_column width=&#8221;7\/12&#8243; css=&#8221;.vc_custom_1594131934187{padding-top: 0px !important;}&#8221;][vc_column_text] OEM Dopasowujemy nasze systemy do regulacji i kontroli przep\u0142ywu w instalacjach wodnych, gazowych i grzewczych do potrzeb Twoich produkt\u00f3w [\/vc_column_text][\/vc_column][vc_column width=&#8221;5\/12&#8243; css=&#8221;.vc_custom_1594131938133{padding-top: 0px !important;}&#8221;][\/vc_column][\/vc_row][vc_row full_width=&#8221;stretch_row&#8221; el_class=&#8221;breadcrumb&#8221;][vc_column css=&#8221;.vc_custom_1594132444794{padding-top: 0px !important;}&#8221;][\/vc_column][\/vc_row][vc_row el_class=&#8221;bloque info_profesional info_oem&#8221; css=&#8221;.vc_custom_1604396618322{padding-top: 20px !important;}&#8221;][vc_column][vc_row_inner][vc_column_inner width=&#8221;1\/2&#8243; css=&#8221;.vc_custom_1604396691857{margin-bottom: 0px !important;}&#8221;][vc_single_image [&hellip;]<\/p>\n","protected":false},"author":1,"featured_media":0,"parent":2991,"menu_order":0,"comment_status":"closed","ping_status":"closed","template":"","meta":[],"acf":[],"yoast_head":"<!-- This site is optimized with the Yoast SEO plugin v20.4 - https:\/\/yoast.com\/wordpress\/plugins\/seo\/ -->\n<title>Strefa bran\u017cowa dla producent\u00f3w (OEM - Valvulas ARCO<\/title>\n<meta name=\"description\" content=\"Valvulas ARCO jest producentem wychodz\u0105cym naprzeciw potrzebom swoich klient\u00f3w. Zawory, rury i akcesoria dostosowane do Twoich oczekiwa\u0144.\" \/>\n<meta name=\"robots\" content=\"index, follow, max-snippet:-1, max-image-preview:large, max-video-preview:-1\" \/>\n<link rel=\"canonical\" href=\"https:\/\/valvulasarco.com\/pl\/strefa-branzowa\/oem\/\" \/>\n<meta property=\"og:locale\" content=\"pl_PL\" \/>\n<meta property=\"og:type\" content=\"article\" \/>\n<meta property=\"og:title\" content=\"Strefa bran\u017cowa dla producent\u00f3w (OEM - Valvulas ARCO\" \/>\n<meta property=\"og:description\" content=\"Valvulas ARCO jest producentem wychodz\u0105cym naprzeciw potrzebom swoich klient\u00f3w. Zawory, rury i akcesoria dostosowane do Twoich oczekiwa\u0144.\" \/>\n<meta property=\"og:url\" content=\"https:\/\/valvulasarco.com\/pl\/strefa-branzowa\/oem\/\" \/>\n<meta property=\"og:site_name\" content=\"Arco\" \/>\n<meta property=\"article:modified_time\" content=\"2022-06-27T10:31:23+00:00\" \/>\n<meta name=\"twitter:card\" content=\"summary_large_image\" \/>\n<meta name=\"twitter:label1\" content=\"Szacowany czas czytania\" \/>\n\t<meta name=\"twitter:data1\" content=\"3 minuty\" \/>\n<script type=\"application\/ld+json\" class=\"yoast-schema-graph\">{\"@context\":\"https:\/\/schema.org\",\"@graph\":[{\"@type\":\"WebPage\",\"@id\":\"https:\/\/valvulasarco.com\/pl\/strefa-branzowa\/oem\/\",\"url\":\"https:\/\/valvulasarco.com\/pl\/strefa-branzowa\/oem\/\",\"name\":\"Strefa bran\u017cowa dla producent\u00f3w (OEM - Valvulas ARCO\",\"isPartOf\":{\"@id\":\"https:\/\/valvulasarco.com\/#website\"},\"datePublished\":\"2020-08-06T11:14:02+00:00\",\"dateModified\":\"2022-06-27T10:31:23+00:00\",\"description\":\"Valvulas ARCO jest producentem wychodz\u0105cym naprzeciw potrzebom swoich klient\u00f3w. Zawory, rury i akcesoria dostosowane do Twoich oczekiwa\u0144.\",\"breadcrumb\":{\"@id\":\"https:\/\/valvulasarco.com\/pl\/strefa-branzowa\/oem\/#breadcrumb\"},\"inLanguage\":\"pl-PL\",\"potentialAction\":[{\"@type\":\"ReadAction\",\"target\":[\"https:\/\/valvulasarco.com\/pl\/strefa-branzowa\/oem\/\"]}]},{\"@type\":\"BreadcrumbList\",\"@id\":\"https:\/\/valvulasarco.com\/pl\/strefa-branzowa\/oem\/#breadcrumb\",\"itemListElement\":[{\"@type\":\"ListItem\",\"position\":1,\"name\":\"Portada\",\"item\":\"https:\/\/valvulasarco.com\/pl\/\"},{\"@type\":\"ListItem\",\"position\":2,\"name\":\"Strefa bran\u017cowa\",\"item\":\"https:\/\/valvulasarco.com\/pl\/strefa-branzowa\/\"},{\"@type\":\"ListItem\",\"position\":3,\"name\":\"OEM\"}]},{\"@type\":\"WebSite\",\"@id\":\"https:\/\/valvulasarco.com\/#website\",\"url\":\"https:\/\/valvulasarco.com\/\",\"name\":\"Arco\",\"description\":\"Arco\",\"publisher\":{\"@id\":\"https:\/\/valvulasarco.com\/#organization\"},\"potentialAction\":[{\"@type\":\"SearchAction\",\"target\":{\"@type\":\"EntryPoint\",\"urlTemplate\":\"https:\/\/valvulasarco.com\/?s={search_term_string}\"},\"query-input\":\"required name=search_term_string\"}],\"inLanguage\":\"pl-PL\"},{\"@type\":\"Organization\",\"@id\":\"https:\/\/valvulasarco.com\/#organization\",\"name\":\"Arco\",\"url\":\"https:\/\/valvulasarco.com\/\",\"logo\":{\"@type\":\"ImageObject\",\"inLanguage\":\"pl-PL\",\"@id\":\"https:\/\/valvulasarco.com\/#\/schema\/logo\/image\/\",\"url\":\"https:\/\/valvulasarco.com\/wp-content\/uploads\/2020\/11\/Logo-Arco.png\",\"contentUrl\":\"https:\/\/valvulasarco.com\/wp-content\/uploads\/2020\/11\/Logo-Arco.png\",\"width\":750,\"height\":479,\"caption\":\"Arco\"},\"image\":{\"@id\":\"https:\/\/valvulasarco.com\/#\/schema\/logo\/image\/\"}}]}<\/script>\n<!-- \/ Yoast SEO plugin. -->","yoast_head_json":{"title":"Strefa bran\u017cowa dla producent\u00f3w (OEM - Valvulas ARCO","description":"Valvulas ARCO jest producentem wychodz\u0105cym naprzeciw potrzebom swoich klient\u00f3w. Zawory, rury i akcesoria dostosowane do Twoich oczekiwa\u0144.","robots":{"index":"index","follow":"follow","max-snippet":"max-snippet:-1","max-image-preview":"max-image-preview:large","max-video-preview":"max-video-preview:-1"},"canonical":"https:\/\/valvulasarco.com\/pl\/strefa-branzowa\/oem\/","og_locale":"pl_PL","og_type":"article","og_title":"Strefa bran\u017cowa dla producent\u00f3w (OEM - Valvulas ARCO","og_description":"Valvulas ARCO jest producentem wychodz\u0105cym naprzeciw potrzebom swoich klient\u00f3w. Zawory, rury i akcesoria dostosowane do Twoich oczekiwa\u0144.","og_url":"https:\/\/valvulasarco.com\/pl\/strefa-branzowa\/oem\/","og_site_name":"Arco","article_modified_time":"2022-06-27T10:31:23+00:00","twitter_card":"summary_large_image","twitter_misc":{"Szacowany czas czytania":"3 minuty"},"schema":{"@context":"https:\/\/schema.org","@graph":[{"@type":"WebPage","@id":"https:\/\/valvulasarco.com\/pl\/strefa-branzowa\/oem\/","url":"https:\/\/valvulasarco.com\/pl\/strefa-branzowa\/oem\/","name":"Strefa bran\u017cowa dla producent\u00f3w (OEM - Valvulas ARCO","isPartOf":{"@id":"https:\/\/valvulasarco.com\/#website"},"datePublished":"2020-08-06T11:14:02+00:00","dateModified":"2022-06-27T10:31:23+00:00","description":"Valvulas ARCO jest producentem wychodz\u0105cym naprzeciw potrzebom swoich klient\u00f3w. Zawory, rury i akcesoria dostosowane do Twoich oczekiwa\u0144.","breadcrumb":{"@id":"https:\/\/valvulasarco.com\/pl\/strefa-branzowa\/oem\/#breadcrumb"},"inLanguage":"pl-PL","potentialAction":[{"@type":"ReadAction","target":["https:\/\/valvulasarco.com\/pl\/strefa-branzowa\/oem\/"]}]},{"@type":"BreadcrumbList","@id":"https:\/\/valvulasarco.com\/pl\/strefa-branzowa\/oem\/#breadcrumb","itemListElement":[{"@type":"ListItem","position":1,"name":"Portada","item":"https:\/\/valvulasarco.com\/pl\/"},{"@type":"ListItem","position":2,"name":"Strefa bran\u017cowa","item":"https:\/\/valvulasarco.com\/pl\/strefa-branzowa\/"},{"@type":"ListItem","position":3,"name":"OEM"}]},{"@type":"WebSite","@id":"https:\/\/valvulasarco.com\/#website","url":"https:\/\/valvulasarco.com\/","name":"Arco","description":"Arco","publisher":{"@id":"https:\/\/valvulasarco.com\/#organization"},"potentialAction":[{"@type":"SearchAction","target":{"@type":"EntryPoint","urlTemplate":"https:\/\/valvulasarco.com\/?s={search_term_string}"},"query-input":"required name=search_term_string"}],"inLanguage":"pl-PL"},{"@type":"Organization","@id":"https:\/\/valvulasarco.com\/#organization","name":"Arco","url":"https:\/\/valvulasarco.com\/","logo":{"@type":"ImageObject","inLanguage":"pl-PL","@id":"https:\/\/valvulasarco.com\/#\/schema\/logo\/image\/","url":"https:\/\/valvulasarco.com\/wp-content\/uploads\/2020\/11\/Logo-Arco.png","contentUrl":"https:\/\/valvulasarco.com\/wp-content\/uploads\/2020\/11\/Logo-Arco.png","width":750,"height":479,"caption":"Arco"},"image":{"@id":"https:\/\/valvulasarco.com\/#\/schema\/logo\/image\/"}}]}},"_links":{"self":[{"href":"https:\/\/valvulasarco.com\/pl\/wp-json\/wp\/v2\/pages\/3041"}],"collection":[{"href":"https:\/\/valvulasarco.com\/pl\/wp-json\/wp\/v2\/pages"}],"about":[{"href":"https:\/\/valvulasarco.com\/pl\/wp-json\/wp\/v2\/types\/page"}],"author":[{"embeddable":true,"href":"https:\/\/valvulasarco.com\/pl\/wp-json\/wp\/v2\/users\/1"}],"replies":[{"embeddable":true,"href":"https:\/\/valvulasarco.com\/pl\/wp-json\/wp\/v2\/comments?post=3041"}],"version-history":[{"count":16,"href":"https:\/\/valvulasarco.com\/pl\/wp-json\/wp\/v2\/pages\/3041\/revisions"}],"predecessor-version":[{"id":7255,"href":"https:\/\/valvulasarco.com\/pl\/wp-json\/wp\/v2\/pages\/3041\/revisions\/7255"}],"up":[{"embeddable":true,"href":"https:\/\/valvulasarco.com\/pl\/wp-json\/wp\/v2\/pages\/2991"}],"wp:attachment":[{"href":"https:\/\/valvulasarco.com\/pl\/wp-json\/wp\/v2\/media?parent=3041"}],"curies":[{"name":"wp","href":"https:\/\/api.w.org\/{rel}","templated":true}]}}