{"id":2977,"date":"2020-08-05T12:08:17","date_gmt":"2020-08-05T12:08:17","guid":{"rendered":"https:\/\/valvulasarco.com\/linie-produktowe\/calefaccion\/"},"modified":"2022-07-18T10:40:32","modified_gmt":"2022-07-18T08:40:32","slug":"ogrzewanie","status":"publish","type":"page","link":"https:\/\/valvulasarco.com\/pl\/linie-produktowe\/ogrzewanie\/","title":{"rendered":"Ogrzewanie"},"content":{"rendered":"<p>[vc_row full_width=&#8221;stretch_row_content_no_spaces&#8221; el_class=&#8221;cuadrar_banner&#8221;][vc_column css=&#8221;.vc_custom_1596524651948{padding-top: 0px !important;}&#8221;][vc_separator color=&#8221;custom&#8221; border_width=&#8221;10&#8243; accent_color=&#8221;#e84249&#8243; css=&#8221;.vc_custom_1597216022690{margin-bottom: 10px !important;}&#8221;][\/vc_column][\/vc_row][vc_row el_class=&#8221;icono_linea_negocio calefaccion&#8221;][vc_column css=&#8221;.vc_custom_1596524651948{padding-top: 0px !important;}&#8221;][vc_single_image image=&#8221;1503&#8243; img_size=&#8221;full&#8221; alignment=&#8221;right&#8221;][\/vc_column][\/vc_row][vc_row][vc_column]<div data-vc-full-width=\"true\" data-vc-full-width-init=\"false\" data-vc-stretch-content=\"true\" class=\"vc_row wpb_row vc_row-fluid slider_cabecera_row vc_row-no-padding\"><div class=\"wpb_column vc_column_container vc_col-sm-12\"><div class=\"vc_column-inner\"><div class=\"wpb_wrapper\"><div class=\"slider_cabecera slider_grid_1\"><div class=\"vc_row wpb_row vc_inner vc_row-fluid banner_pagina profesional slider_post_3089 vc_row-has-fill\"><div class=\"vc_container\"><div class=\"wpb_column vc_column_container vc_col-sm-6\"><div class=\"vc_column-inner vc_custom_1594131934187\"><div class=\"wpb_wrapper\">\n\t<div class=\"wpb_text_column wpb_content_element \" >\n\t\t<div class=\"wpb_wrapper\">\n\t\t\t<h2>Linia produktowa do instalacji grzewczych<\/h2>\n<h1>Design i \u0142atwe u\u017cytkowanie<\/h1>\n<div class=\"boton_gris\"><\/div>\n\n\t\t<\/div>\n\t<\/div>\n<\/div><\/div><\/div><div class=\"wpb_column vc_column_container vc_col-sm-6\"><div class=\"vc_column-inner vc_custom_1594131938133\"><div class=\"wpb_wrapper\"><\/div><\/div><\/div><\/div><\/div><\/div><\/div><\/div><\/div><\/div><div class=\"vc_row-full-width vc_clearfix\"><\/div><style type=\"text\/css\" data-type=\"vc_shortcodes-custom-css\">.slider_post_3089{background-image: url(https:\/\/valvulasarco.com\/wp-content\/uploads\/2020\/10\/Slide_Calefaccion_02_V.jpg) !important;background-position: center !important;background-repeat: no-repeat !important;background-size: cover !important;}.vc_custom_1594131934187{padding-top: 0px !important;}.vc_custom_1594131938133{padding-top: 0px !important;}<\/style>[\/vc_column][\/vc_row][vc_row full_width=&#8221;stretch_row&#8221; el_class=&#8221;breadcrumb con_slide&#8221; css=&#8221;.vc_custom_1596714199789{background-color: #f0f0f0 !important;}&#8221;][vc_column css=&#8221;.vc_custom_1594132444794{padding-top: 0px !important;}&#8221;]<div itemscope itemtype=\"https:\/\/schema.org\/BreadcrumbList\" id=\"breadcrumb\"><div itemprop=\"itemListElement\" itemscope itemtype=\"https:\/\/schema.org\/ListItem\"><a itemprop=\"item\" href=\"https:\/\/valvulasarco.com\/pl\/\"><span class=\"vc_icon_element-icon fa fa-home\"><\/span><span itemprop=\"name\">Home<\/span><\/a><meta itemprop=\"position\" content=\"1\" \/><\/div><div itemprop=\"itemListElement hola\" itemscope itemtype=\"https:\/\/schema.org\/ListItem\"><span>><\/span><a itemprop=\"item\" href=\"https:\/\/valvulasarco.com\/pl\/slider_cabecera\/promocion-destacado-1-3\/\"><span itemprop=\"name\">Linia produktowa do instalacji grzewczych<\/span><\/a><meta itemprop=\"position\" content=\"3\"><\/div><\/div>[\/vc_column][\/vc_row][vc_row full_width=&#8221;stretch_row&#8221; el_class=&#8221;destacado_obra bloque count_personas_personas&#8221; css=&#8221;.vc_custom_1605508227064{padding-top: 20px !important;padding-bottom: 30px !important;background-color: #f0f0f0 !important;}&#8221;][vc_column width=&#8221;1\/12&#8243; css=&#8221;.vc_custom_1596526681054{padding-top: 0px !important;}&#8221;][\/vc_column][vc_column width=&#8221;10\/12&#8243; css=&#8221;.vc_custom_1596526675835{padding-top: 0px !important;}&#8221;][vc_column_text]<\/p>\n<h2>Wysokie parametry produkt\u00f3w do instalacji grzewczych<\/h2>\n<p>[\/vc_column_text][\/vc_column][vc_column width=&#8221;1\/12&#8243; css=&#8221;.vc_custom_1596526668610{padding-top: 0px !important;}&#8221;][\/vc_column][\/vc_row][vc_row full_width=&#8221;stretch_row&#8221; equal_height=&#8221;yes&#8221; el_class=&#8221;count_personas bloque info_linea gas iconos_internacional&#8221; css=&#8221;.vc_custom_1604325304379{background-color: #f0f0f0 !important;}&#8221;][vc_column width=&#8221;1\/12&#8243; css=&#8221;.vc_custom_1596627104182{padding-top: 0px !important;}&#8221;][\/vc_column][vc_column width=&#8221;10\/12&#8243; css=&#8221;.vc_custom_1596627287957{padding-top: 0px !important;}&#8221;][vc_row_inner][vc_column_inner el_class=&#8221;item_count&#8221; width=&#8221;1\/3&#8243;][vc_single_image image=&#8221;7461&#8243; img_size=&#8221;full&#8221; alignment=&#8221;center&#8221;][vc_column_text el_class=&#8221;etiqueta&#8221;]<\/p>\n<h3 style=\"text-align: center;\">Projektowanie i wytrzyma\u0142o\u015b\u0107<\/h3>\n<p>[\/vc_column_text][\/vc_column_inner][vc_column_inner el_class=&#8221;item_count&#8221; width=&#8221;1\/3&#8243;][vc_single_image image=&#8221;1572&#8243; img_size=&#8221;full&#8221; alignment=&#8221;center&#8221;][vc_column_text el_class=&#8221;etiqueta&#8221;]<\/p>\n<h3 style=\"text-align: center;\">Wysoka jako\u015b\u0107: mosi\u0105dz europejski<\/h3>\n<p>[\/vc_column_text][\/vc_column_inner][vc_column_inner el_class=&#8221;item_count last&#8221; width=&#8221;1\/3&#8243;][vc_single_image image=&#8221;7468&#8243; img_size=&#8221;full&#8221; alignment=&#8221;center&#8221;][vc_column_text el_class=&#8221;etiqueta&#8221;]<\/p>\n<h3 style=\"text-align: center;\">Wydajno\u015b\u0107 energetyczna<\/h3>\n<p>[\/vc_column_text][\/vc_column_inner][\/vc_row_inner][\/vc_column][vc_column width=&#8221;1\/12&#8243; css=&#8221;.vc_custom_1596627297177{padding-top: 0px !important;}&#8221;][\/vc_column][\/vc_row][vc_row el_class=&#8221;bloque slide_linea_calefaccion&#8221;][vc_column css=&#8221;.vc_custom_1596528802315{padding-top: 0px !important;}&#8221;]<div class=\"vc_row wpb_row vc_inner vc_row-fluid\"><div class=\"slider_innovacion slider_grid_2\"><div class=\"wpb_column vc_column_container vc_col-sm-6\"><div class=\"vc_column-inner\"><div class=\"wpb_wrapper\"><div class=\"item-slide-dos-items\" style=\"background-image: url(https:\/\/valvulasarco.com\/wp-content\/uploads\/2020\/10\/Calefaccion-toallero.jpg); background-repeat: no-repeat; background-size: cover; background-position: center;\"><div class=\"info\"><div class=\"titulo\"><h3>Nowoczesne zawory do grzejnik\u00f3w \u0142azienkowych<\/h3><\/div><div class=\"texto\"><p>Odkryj nasze zawory zasilaj\u0105ce i powrotne z designerskim wyko\u0144czeniem. Doskona\u0142a dekoracja \u0142azienki.<\/p><\/div><\/div><\/div><\/div><\/div><\/div><div class=\"wpb_column vc_column_container vc_col-sm-6\"><div class=\"vc_column-inner\"><div class=\"wpb_wrapper\"><div class=\"item-slide-dos-items\" style=\"background-image: url(https:\/\/valvulasarco.com\/wp-content\/uploads\/2020\/10\/Calefaccion-kits-dest.jpg); background-repeat: no-repeat; background-size: cover; background-position: center;\"><div class=\"info\"><div class=\"titulo\"><h3>Zestawy zawor\u00f3w grzejnikowych<\/h3><\/div><div class=\"texto\"><p>Nasze zestawy zawor\u00f3w manualnych i termostatycznych u\u0142atwiaj\u0105 zakup produkt\u00f3w do instalacji grzewczych.<\/p><\/div><\/div><\/div><\/div><\/div><\/div><div class=\"wpb_column vc_column_container vc_col-sm-6\"><div class=\"vc_column-inner\"><div class=\"wpb_wrapper\"><div class=\"item-slide-dos-items\" style=\"background-image: url(https:\/\/valvulasarco.com\/wp-content\/uploads\/2020\/10\/ARCO-2017-326.jpg); background-repeat: no-repeat; background-size: cover; background-position: center;\"><div class=\"info\"><div class=\"titulo\"><h3>Najwy\u017csza jako\u015b\u0107. Brak wyciek\u00f3w<\/h3><\/div><div class=\"texto\"><p>Nasze zestawy zawor\u00f3w manualnych i termostatycznych u\u0142atwiaj\u0105 zakup produkt\u00f3w do instalacji grzewczych.<\/p><\/div><\/div><\/div><\/div><\/div><\/div><div class=\"wpb_column vc_column_container vc_col-sm-6\"><div class=\"vc_column-inner\"><div class=\"wpb_wrapper\"><div class=\"item-slide-dos-items\" style=\"background-image: url(https:\/\/valvulasarco.com\/wp-content\/uploads\/2020\/10\/Calefaccion-dest.jpg); background-repeat: no-repeat; background-size: cover; background-position: center;\"><div class=\"info\"><div class=\"titulo\"><h3>Szeroki asortyment produkt\u00f3w na rynku.<\/h3><\/div><div class=\"texto\"><p>ARCO oferuje szeroki asortyment produkt\u00f3w: zawory zasilaj\u0105ce, powrotne, zawory i g\u0142owice termostatyczne, jako odpowied\u017a na potrzeby rynku i w ramach zaanga\u017cowania w produkcj\u0119 wyrob\u00f3w najwy\u017cszej jako\u015bci.<\/p><\/div><\/div><\/div><\/div><\/div><\/div><\/div><\/div>[\/vc_column][\/vc_row][vc_row][vc_column][vc_separator css=&#8221;.vc_custom_1596528917539{margin-bottom: 1px !important;}&#8221;][\/vc_column][\/vc_row][vc_row disable_element=&#8221;yes&#8221; el_class=&#8221;gama_linea bloque&#8221;][vc_column width=&#8221;1\/12&#8243;][\/vc_column][vc_column width=&#8221;10\/12&#8243;][vc_column_text el_class=&#8221;titulo&#8221;]Odkryj nasz asortymet produkt\u00f3w do instalacji grzewczych[\/vc_column_text][vc_row_inner equal_height=&#8221;yes&#8221; el_class=&#8221;row_gama_linea bloque&#8221; css=&#8221;.vc_custom_1596535342672{padding-top: 50px !important;padding-bottom: 50px !important;}&#8221;][vc_column_inner el_class=&#8221;item&#8221; width=&#8221;1\/3&#8243;][vc_single_image image=&#8221;1636&#8243; img_size=&#8221;full&#8221; alignment=&#8221;center&#8221;][vc_column_text el_class=&#8221;titulo&#8221;]Zawory[\/vc_column_text][vc_column_text el_class=&#8221;listado&#8221;]<\/p>\n<ul>\n<li><a href=\"#\">V\u00e1lvulas manuales<\/a><\/li>\n<li><a href=\"#\">Termost\u00e1ticas<\/a><\/li>\n<li><a href=\"#\">V\u00e1lvulas de esfera<\/a><\/li>\n<\/ul>\n<p>[\/vc_column_text][\/vc_column_inner][vc_column_inner el_class=&#8221;item&#8221; width=&#8221;1\/3&#8243;][vc_single_image image=&#8221;1650&#8243; img_size=&#8221;full&#8221; alignment=&#8221;center&#8221;][vc_column_text el_class=&#8221;titulo&#8221;]RURY & FITTING[\/vc_column_text][vc_column_text el_class=&#8221;listado&#8221;]<\/p>\n<ul>\n<li><a href=\"#\">Tubo Arcokapa<\/a><\/li>\n<li><a href=\"#\">Fitting<\/a><\/li>\n<\/ul>\n<p>[\/vc_column_text][\/vc_column_inner][vc_column_inner el_class=&#8221;item&#8221; width=&#8221;1\/3&#8243;][vc_single_image image=&#8221;1643&#8243; img_size=&#8221;full&#8221; alignment=&#8221;center&#8221;][vc_column_text el_class=&#8221;titulo&#8221;]AKCESORIA[\/vc_column_text][vc_column_text el_class=&#8221;listado&#8221;]<\/p>\n<ul>\n<li><a href=\"#\">Purgadores<\/a><\/li>\n<li><a href=\"#\">Purgador autom\u00e1tico<\/a><\/li>\n<\/ul>\n<p>[\/vc_column_text][\/vc_column_inner][\/vc_row_inner][vc_column_text el_class=&#8221;enlace_productos&#8221;]<a href=\"\/productos\/productos-calefacci\u00f3n\/\">Zobacz produkty do instalacji grzewczych<\/a>[\/vc_column_text][\/vc_column][vc_column width=&#8221;1\/12&#8243;][\/vc_column][\/vc_row][vc_row el_class=&#8221;gama_linea bloque&#8221;][vc_column width=&#8221;1\/12&#8243;][\/vc_column][vc_column width=&#8221;10\/12&#8243;][vc_column_text el_class=&#8221;titulo&#8221;]Odkryj nasz asortyment produkt\u00f3w do instalacji grzewczych[\/vc_column_text]<div class=\"vc_row wpb_row vc_row-fluid\"><div class=\"wpb_column vc_column_container 1\"><div class=\"vc_column-inner\"><div class=\"wpb_wrapper\"><div class=\"vc_row wpb_row vc_inner vc_row-fluid row_gama_linea bloque vc_custom_1596535342672 vc_row-o-equal-height vc_row-flex\"><\/div>\n\t<div class=\"wpb_text_column wpb_content_element  enlace_productos\" >\n\t\t<div class=\"wpb_wrapper\">\n\t\t\t<p><a href=\"\/pl\/products\/category\/calefaccion\/\">Zobacz produkty Ogrzewanie<\/a><\/p>\n\n\t\t<\/div>\n\t<\/div>\n<\/div><\/div><\/div><\/div>[\/vc_column][vc_column width=&#8221;1\/12&#8243;][\/vc_column][\/vc_row]<\/p>\n","protected":false},"excerpt":{"rendered":"","protected":false},"author":1,"featured_media":0,"parent":2955,"menu_order":0,"comment_status":"closed","ping_status":"closed","template":"","meta":[],"acf":[],"yoast_head":"<!-- This site is optimized with the Yoast SEO plugin v20.4 - https:\/\/yoast.com\/wordpress\/plugins\/seo\/ -->\n<title>ARCO specjalizuje si\u0119 w zaworach i systemach do instalacji grzewczych<\/title>\n<meta name=\"description\" content=\"Wejd\u017a i odkryj nasze linie produktowe do instalacji grzewczych: zawory, rury, systemy i akcesoria.\" \/>\n<meta name=\"robots\" content=\"index, follow, max-snippet:-1, max-image-preview:large, max-video-preview:-1\" \/>\n<link rel=\"canonical\" href=\"https:\/\/valvulasarco.com\/pl\/linie-produktowe\/ogrzewanie\/\" \/>\n<meta property=\"og:locale\" content=\"pl_PL\" \/>\n<meta property=\"og:type\" content=\"article\" \/>\n<meta property=\"og:title\" content=\"ARCO specjalizuje si\u0119 w zaworach i systemach do instalacji grzewczych\" \/>\n<meta property=\"og:description\" content=\"Wejd\u017a i odkryj nasze linie produktowe do instalacji grzewczych: zawory, rury, systemy i akcesoria.\" \/>\n<meta property=\"og:url\" content=\"https:\/\/valvulasarco.com\/pl\/linie-produktowe\/ogrzewanie\/\" \/>\n<meta property=\"og:site_name\" content=\"Arco\" \/>\n<meta property=\"article:modified_time\" content=\"2022-07-18T08:40:32+00:00\" \/>\n<meta name=\"twitter:card\" content=\"summary_large_image\" \/>\n<meta name=\"twitter:label1\" content=\"Szacowany czas czytania\" \/>\n\t<meta name=\"twitter:data1\" content=\"1 minuta\" \/>\n<script type=\"application\/ld+json\" class=\"yoast-schema-graph\">{\"@context\":\"https:\/\/schema.org\",\"@graph\":[{\"@type\":\"WebPage\",\"@id\":\"https:\/\/valvulasarco.com\/pl\/linie-produktowe\/ogrzewanie\/\",\"url\":\"https:\/\/valvulasarco.com\/pl\/linie-produktowe\/ogrzewanie\/\",\"name\":\"ARCO specjalizuje si\u0119 w zaworach i systemach do instalacji grzewczych\",\"isPartOf\":{\"@id\":\"https:\/\/valvulasarco.com\/#website\"},\"datePublished\":\"2020-08-05T12:08:17+00:00\",\"dateModified\":\"2022-07-18T08:40:32+00:00\",\"description\":\"Wejd\u017a i odkryj nasze linie produktowe do instalacji grzewczych: zawory, rury, systemy i akcesoria.\",\"breadcrumb\":{\"@id\":\"https:\/\/valvulasarco.com\/pl\/linie-produktowe\/ogrzewanie\/#breadcrumb\"},\"inLanguage\":\"pl-PL\",\"potentialAction\":[{\"@type\":\"ReadAction\",\"target\":[\"https:\/\/valvulasarco.com\/pl\/linie-produktowe\/ogrzewanie\/\"]}]},{\"@type\":\"BreadcrumbList\",\"@id\":\"https:\/\/valvulasarco.com\/pl\/linie-produktowe\/ogrzewanie\/#breadcrumb\",\"itemListElement\":[{\"@type\":\"ListItem\",\"position\":1,\"name\":\"Portada\",\"item\":\"https:\/\/valvulasarco.com\/pl\/\"},{\"@type\":\"ListItem\",\"position\":2,\"name\":\"Linie produktowe\",\"item\":\"https:\/\/valvulasarco.com\/pl\/linie-produktowe\/\"},{\"@type\":\"ListItem\",\"position\":3,\"name\":\"Ogrzewanie\"}]},{\"@type\":\"WebSite\",\"@id\":\"https:\/\/valvulasarco.com\/#website\",\"url\":\"https:\/\/valvulasarco.com\/\",\"name\":\"Arco\",\"description\":\"Arco\",\"publisher\":{\"@id\":\"https:\/\/valvulasarco.com\/#organization\"},\"potentialAction\":[{\"@type\":\"SearchAction\",\"target\":{\"@type\":\"EntryPoint\",\"urlTemplate\":\"https:\/\/valvulasarco.com\/?s={search_term_string}\"},\"query-input\":\"required name=search_term_string\"}],\"inLanguage\":\"pl-PL\"},{\"@type\":\"Organization\",\"@id\":\"https:\/\/valvulasarco.com\/#organization\",\"name\":\"Arco\",\"url\":\"https:\/\/valvulasarco.com\/\",\"logo\":{\"@type\":\"ImageObject\",\"inLanguage\":\"pl-PL\",\"@id\":\"https:\/\/valvulasarco.com\/#\/schema\/logo\/image\/\",\"url\":\"https:\/\/valvulasarco.com\/wp-content\/uploads\/2020\/11\/Logo-Arco.png\",\"contentUrl\":\"https:\/\/valvulasarco.com\/wp-content\/uploads\/2020\/11\/Logo-Arco.png\",\"width\":750,\"height\":479,\"caption\":\"Arco\"},\"image\":{\"@id\":\"https:\/\/valvulasarco.com\/#\/schema\/logo\/image\/\"}}]}<\/script>\n<!-- \/ Yoast SEO plugin. -->","yoast_head_json":{"title":"ARCO specjalizuje si\u0119 w zaworach i systemach do instalacji grzewczych","description":"Wejd\u017a i odkryj nasze linie produktowe do instalacji grzewczych: zawory, rury, systemy i akcesoria.","robots":{"index":"index","follow":"follow","max-snippet":"max-snippet:-1","max-image-preview":"max-image-preview:large","max-video-preview":"max-video-preview:-1"},"canonical":"https:\/\/valvulasarco.com\/pl\/linie-produktowe\/ogrzewanie\/","og_locale":"pl_PL","og_type":"article","og_title":"ARCO specjalizuje si\u0119 w zaworach i systemach do instalacji grzewczych","og_description":"Wejd\u017a i odkryj nasze linie produktowe do instalacji grzewczych: zawory, rury, systemy i akcesoria.","og_url":"https:\/\/valvulasarco.com\/pl\/linie-produktowe\/ogrzewanie\/","og_site_name":"Arco","article_modified_time":"2022-07-18T08:40:32+00:00","twitter_card":"summary_large_image","twitter_misc":{"Szacowany czas czytania":"1 minuta"},"schema":{"@context":"https:\/\/schema.org","@graph":[{"@type":"WebPage","@id":"https:\/\/valvulasarco.com\/pl\/linie-produktowe\/ogrzewanie\/","url":"https:\/\/valvulasarco.com\/pl\/linie-produktowe\/ogrzewanie\/","name":"ARCO specjalizuje si\u0119 w zaworach i systemach do instalacji grzewczych","isPartOf":{"@id":"https:\/\/valvulasarco.com\/#website"},"datePublished":"2020-08-05T12:08:17+00:00","dateModified":"2022-07-18T08:40:32+00:00","description":"Wejd\u017a i odkryj nasze linie produktowe do instalacji grzewczych: zawory, rury, systemy i akcesoria.","breadcrumb":{"@id":"https:\/\/valvulasarco.com\/pl\/linie-produktowe\/ogrzewanie\/#breadcrumb"},"inLanguage":"pl-PL","potentialAction":[{"@type":"ReadAction","target":["https:\/\/valvulasarco.com\/pl\/linie-produktowe\/ogrzewanie\/"]}]},{"@type":"BreadcrumbList","@id":"https:\/\/valvulasarco.com\/pl\/linie-produktowe\/ogrzewanie\/#breadcrumb","itemListElement":[{"@type":"ListItem","position":1,"name":"Portada","item":"https:\/\/valvulasarco.com\/pl\/"},{"@type":"ListItem","position":2,"name":"Linie produktowe","item":"https:\/\/valvulasarco.com\/pl\/linie-produktowe\/"},{"@type":"ListItem","position":3,"name":"Ogrzewanie"}]},{"@type":"WebSite","@id":"https:\/\/valvulasarco.com\/#website","url":"https:\/\/valvulasarco.com\/","name":"Arco","description":"Arco","publisher":{"@id":"https:\/\/valvulasarco.com\/#organization"},"potentialAction":[{"@type":"SearchAction","target":{"@type":"EntryPoint","urlTemplate":"https:\/\/valvulasarco.com\/?s={search_term_string}"},"query-input":"required name=search_term_string"}],"inLanguage":"pl-PL"},{"@type":"Organization","@id":"https:\/\/valvulasarco.com\/#organization","name":"Arco","url":"https:\/\/valvulasarco.com\/","logo":{"@type":"ImageObject","inLanguage":"pl-PL","@id":"https:\/\/valvulasarco.com\/#\/schema\/logo\/image\/","url":"https:\/\/valvulasarco.com\/wp-content\/uploads\/2020\/11\/Logo-Arco.png","contentUrl":"https:\/\/valvulasarco.com\/wp-content\/uploads\/2020\/11\/Logo-Arco.png","width":750,"height":479,"caption":"Arco"},"image":{"@id":"https:\/\/valvulasarco.com\/#\/schema\/logo\/image\/"}}]}},"_links":{"self":[{"href":"https:\/\/valvulasarco.com\/pl\/wp-json\/wp\/v2\/pages\/2977"}],"collection":[{"href":"https:\/\/valvulasarco.com\/pl\/wp-json\/wp\/v2\/pages"}],"about":[{"href":"https:\/\/valvulasarco.com\/pl\/wp-json\/wp\/v2\/types\/page"}],"author":[{"embeddable":true,"href":"https:\/\/valvulasarco.com\/pl\/wp-json\/wp\/v2\/users\/1"}],"replies":[{"embeddable":true,"href":"https:\/\/valvulasarco.com\/pl\/wp-json\/wp\/v2\/comments?post=2977"}],"version-history":[{"count":7,"href":"https:\/\/valvulasarco.com\/pl\/wp-json\/wp\/v2\/pages\/2977\/revisions"}],"predecessor-version":[{"id":7586,"href":"https:\/\/valvulasarco.com\/pl\/wp-json\/wp\/v2\/pages\/2977\/revisions\/7586"}],"up":[{"embeddable":true,"href":"https:\/\/valvulasarco.com\/pl\/wp-json\/wp\/v2\/pages\/2955"}],"wp:attachment":[{"href":"https:\/\/valvulasarco.com\/pl\/wp-json\/wp\/v2\/media?parent=2977"}],"curies":[{"name":"wp","href":"https:\/\/api.w.org\/{rel}","templated":true}]}}