{"id":2973,"date":"2020-08-05T11:29:21","date_gmt":"2020-08-05T11:29:21","guid":{"rendered":"https:\/\/valvulasarco.com\/linie-produktowe\/gas\/"},"modified":"2022-06-28T08:55:54","modified_gmt":"2022-06-28T06:55:54","slug":"gaz","status":"publish","type":"page","link":"https:\/\/valvulasarco.com\/pl\/linie-produktowe\/gaz\/","title":{"rendered":"Gaz"},"content":{"rendered":"<p>[vc_row full_width=&#8221;stretch_row_content_no_spaces&#8221; el_class=&#8221;cuadrar_banner&#8221;][vc_column css=&#8221;.vc_custom_1596524651948{padding-top: 0px !important;}&#8221;][vc_separator color=&#8221;custom&#8221; border_width=&#8221;10&#8243; accent_color=&#8221;#fabc00&#8243; css=&#8221;.vc_custom_1597215990448{margin-bottom: 10px !important;}&#8221;][\/vc_column][\/vc_row][vc_row el_class=&#8221;icono_linea_negocio gas&#8221;][vc_column css=&#8221;.vc_custom_1596524651948{padding-top: 0px !important;}&#8221;][vc_single_image image=&#8221;1504&#8243; img_size=&#8221;full&#8221; alignment=&#8221;right&#8221;][\/vc_column][\/vc_row][vc_row][vc_column]<div data-vc-full-width=\"true\" data-vc-full-width-init=\"false\" data-vc-stretch-content=\"true\" class=\"vc_row wpb_row vc_row-fluid slider_cabecera_row vc_row-no-padding\"><div class=\"wpb_column vc_column_container vc_col-sm-12\"><div class=\"vc_column-inner\"><div class=\"wpb_wrapper\"><div class=\"slider_cabecera slider_grid_1\"><div class=\"vc_row wpb_row vc_inner vc_row-fluid banner_pagina profesional slider_post_3092 vc_row-has-fill\"><div class=\"vc_container\"><div class=\"wpb_column vc_column_container vc_col-sm-6\"><div class=\"vc_column-inner vc_custom_1594131934187\"><div class=\"wpb_wrapper\">\n\t<div class=\"wpb_text_column wpb_content_element \" >\n\t\t<div class=\"wpb_wrapper\">\n\t\t\t<h2>Linia produktowa do instalacji gazowych<\/h2>\n<h1>Gwarancja jako\u015bci <br \/>i bezpiecze\u0144stwo nawet powy\u017cej wymaganych norm<\/h1>\n<div class=\"boton_gris\"><\/div>\n\n\t\t<\/div>\n\t<\/div>\n<\/div><\/div><\/div><div class=\"wpb_column vc_column_container vc_col-sm-6\"><div class=\"vc_column-inner vc_custom_1594131938133\"><div class=\"wpb_wrapper\"><\/div><\/div><\/div><\/div><\/div><\/div><\/div><\/div><\/div><\/div><div class=\"vc_row-full-width vc_clearfix\"><\/div><style type=\"text\/css\" data-type=\"vc_shortcodes-custom-css\">.slider_post_3092{background-image: url(https:\/\/valvulasarco.com\/wp-content\/uploads\/2020\/10\/Slide_Gas_01_V.jpg) !important;background-position: center !important;background-repeat: no-repeat !important;background-size: cover !important;}.vc_custom_1594131934187{padding-top: 0px !important;}.vc_custom_1594131938133{padding-top: 0px !important;}<\/style>[\/vc_column][\/vc_row][vc_row full_width=&#8221;stretch_row&#8221; el_class=&#8221;breadcrumb con_slide&#8221; css=&#8221;.vc_custom_1596714199789{background-color: #f0f0f0 !important;}&#8221;][vc_column css=&#8221;.vc_custom_1594132444794{padding-top: 0px !important;}&#8221;]<div itemscope itemtype=\"https:\/\/schema.org\/BreadcrumbList\" id=\"breadcrumb\"><div itemprop=\"itemListElement\" itemscope itemtype=\"https:\/\/schema.org\/ListItem\"><a itemprop=\"item\" href=\"https:\/\/valvulasarco.com\/pl\/\"><span class=\"vc_icon_element-icon fa fa-home\"><\/span><span itemprop=\"name\">Home<\/span><\/a><meta itemprop=\"position\" content=\"1\" \/><\/div><div itemprop=\"itemListElement hola\" itemscope itemtype=\"https:\/\/schema.org\/ListItem\"><span>><\/span><a itemprop=\"item\" href=\"https:\/\/valvulasarco.com\/pl\/slider_cabecera\/promocion-destacado-1-2\/\"><span itemprop=\"name\">Linia produktowa do instalacji gazowych<\/span><\/a><meta itemprop=\"position\" content=\"3\"><\/div><\/div>[\/vc_column][\/vc_row][vc_row full_width=&#8221;stretch_row&#8221; el_class=&#8221;destacado_obra bloque count_personas_personas&#8221; css=&#8221;.vc_custom_1596526645104{padding-top: 20px !important;padding-bottom: 30px !important;background-color: #f0f0f0 !important;}&#8221;][vc_column width=&#8221;1\/12&#8243; css=&#8221;.vc_custom_1596526681054{padding-top: 0px !important;}&#8221;][\/vc_column][vc_column width=&#8221;10\/12&#8243; css=&#8221;.vc_custom_1596526675835{padding-top: 0px !important;}&#8221;][vc_column_text]<\/p>\n<h2>Pionierzy w bezpiecznym projektowaniu i kontroli instalacji gazowych<\/h2>\n<p>[\/vc_column_text][\/vc_column][vc_column width=&#8221;1\/12&#8243; css=&#8221;.vc_custom_1596526668610{padding-top: 0px !important;}&#8221;][\/vc_column][\/vc_row][vc_row full_width=&#8221;stretch_row&#8221; equal_height=&#8221;yes&#8221; el_class=&#8221;count_personas bloque info_linea gas iconos_internacional&#8221; css=&#8221;.vc_custom_1604325229252{background-color: #f0f0f0 !important;}&#8221;][vc_column width=&#8221;1\/12&#8243; css=&#8221;.vc_custom_1596627104182{padding-top: 0px !important;}&#8221;][\/vc_column][vc_column width=&#8221;10\/12&#8243; css=&#8221;.vc_custom_1596627287957{padding-top: 0px !important;}&#8221;][vc_row_inner][vc_column_inner el_class=&#8221;item_count&#8221; width=&#8221;1\/3&#8243;][vc_single_image image=&#8221;7406&#8243; img_size=&#8221;full&#8221; alignment=&#8221;center&#8221;][vc_column_text el_class=&#8221;etiqueta&#8221;]<\/p>\n<h3 style=\"text-align: center;\">Jako\u015b\u0107 i bezpiecze\u0144stwo twoich instalacji<\/h3>\n<p>[\/vc_column_text][\/vc_column_inner][vc_column_inner el_class=&#8221;item_count&#8221; width=&#8221;1\/3&#8243;][vc_single_image image=&#8221;7398&#8243; img_size=&#8221;full&#8221; alignment=&#8221;center&#8221;][vc_column_text el_class=&#8221;etiqueta&#8221;]<\/p>\n<h3 style=\"text-align: center;\">Brak wypadk\u00f3w zwi\u0105zanych<br \/>\nz zaworami gazowymi ARCO<br \/>\nod 5 dekad<\/h3>\n<p>[\/vc_column_text][\/vc_column_inner][vc_column_inner el_class=&#8221;item_count last&#8221; width=&#8221;1\/3&#8243;][vc_single_image image=&#8221;1571&#8243; img_size=&#8221;full&#8221; alignment=&#8221;center&#8221;][vc_column_text el_class=&#8221;etiqueta&#8221;]<\/p>\n<h3 style=\"text-align: center;\">Wyroby produkcji hiszpa\u0144skiej #MadeinSpain<\/h3>\n<p>[\/vc_column_text][\/vc_column_inner][\/vc_row_inner][\/vc_column][vc_column width=&#8221;1\/12&#8243; css=&#8221;.vc_custom_1596627297177{padding-top: 0px !important;}&#8221;][\/vc_column][\/vc_row][vc_row el_class=&#8221;bloque slide_linea_gas&#8221;][vc_column css=&#8221;.vc_custom_1596528802315{padding-top: 0px !important;}&#8221;]<div class=\"vc_row wpb_row vc_inner vc_row-fluid\"><div class=\"slider_innovacion slider_grid_2\"><div class=\"wpb_column vc_column_container vc_col-sm-6\"><div class=\"vc_column-inner\"><div class=\"wpb_wrapper\"><div class=\"item-slide-dos-items\" style=\"background-image: url(https:\/\/valvulasarco.com\/wp-content\/uploads\/2020\/10\/valvulas-1.jpg); background-repeat: no-repeat; background-size: cover; background-position: center;\"><div class=\"info\"><div class=\"titulo\"><h3>Cz\u0142onek European Norm Committee for Gas EN-331<\/h3><\/div><div class=\"texto\"><p>W ARCO anga\u017cujemy si\u0119 w optymalizowanie jako\u015bci nie tylko po to, aby spe\u0142niac normy, lecz g\u0142\u00f3wnie po to, aby oferowa\u0107 klinetom produkty najwy\u017cszej jakosci.<\/p><\/div><\/div><\/div><\/div><\/div><\/div><div class=\"wpb_column vc_column_container vc_col-sm-6\"><div class=\"vc_column-inner\"><div class=\"wpb_wrapper\"><div class=\"item-slide-dos-items\" style=\"background-image: url(https:\/\/valvulasarco.com\/wp-content\/uploads\/2020\/10\/20190208_0652.jpg); background-repeat: no-repeat; background-size: cover; background-position: center;\"><div class=\"info\"><div class=\"titulo\"><h3>Najwy\u017csza jako\u015b\u0107. Bez wyciek\u00f3w.<\/h3><\/div><div class=\"texto\"><p>ARCO oferuje wyroby wyprodukowane z najlepszych, certyfikowanych surowc\u00f3w, stale poddawane pr\u00f3bom szczelno\u015bci, aby zapewni\u0107 brak wyciek\u00f3w przy standardowych warunkach u\u017cytkowania.<\/p><\/div><\/div><\/div><\/div><\/div><\/div><div class=\"wpb_column vc_column_container vc_col-sm-6\"><div class=\"vc_column-inner\"><div class=\"wpb_wrapper\"><div class=\"item-slide-dos-items\" style=\"background-image: url(https:\/\/valvulasarco.com\/wp-content\/uploads\/2020\/10\/20190208_0606_OPTIMA.jpg); background-repeat: no-repeat; background-size: cover; background-position: center;\"><div class=\"info\"><div class=\"titulo\"><h3>Laboratorium. W\u0142asne centrum badawcze.<\/h3><\/div><div class=\"texto\"><p>Wykonujemy pr\u00f3by i analizy wszystkich produkt\u00f3w i proces\u00f3w produkcji, aby zapewni\u0107 ich najwy\u017csz\u0105 jako\u015b\u0107 przed wprowadzeniem na rynek.<\/p><\/div><\/div><\/div><\/div><\/div><\/div><div class=\"wpb_column vc_column_container vc_col-sm-6\"><div class=\"vc_column-inner\"><div class=\"wpb_wrapper\"><div class=\"item-slide-dos-items\" style=\"background-image: url(https:\/\/valvulasarco.com\/wp-content\/uploads\/2020\/10\/MG_7754.jpg); background-repeat: no-repeat; background-size: cover; background-position: center;\"><div class=\"info\"><div class=\"titulo\"><h3>Brak wypadk\u00f3w zwi\u0105zanych z zaworami gazowymi ARCO od 5 dekad<\/h3><\/div><div class=\"texto\"><p>Nuestros productos est\u00e1n fabricados con las mejores materias primas certificadas y sometidos a prueba de fuga antes de llegar al mercado.<\/p><\/div><\/div><\/div><\/div><\/div><\/div><div class=\"wpb_column vc_column_container vc_col-sm-6\"><div class=\"vc_column-inner\"><div class=\"wpb_wrapper\"><div class=\"item-slide-dos-items\" style=\"background-image: url(https:\/\/valvulasarco.com\/wp-content\/uploads\/2020\/10\/IMG_9390_1.jpg); background-repeat: no-repeat; background-size: cover; background-position: center;\"><div class=\"info\"><div class=\"titulo\"><h3>Rura wielowarstwowa ARCO do gazu<\/h3><\/div><div class=\"texto\"><p>Redukuje koszty twoich instalacji zapewniaj\u0105c bezpiecze\u0144stwo naszego pe\u0142nego zestawu zawory do instalacji gazowcyh.<\/p><\/div><\/div><\/div><\/div><\/div><\/div><\/div><\/div>[\/vc_column][\/vc_row][vc_row][vc_column][vc_separator css=&#8221;.vc_custom_1596528917539{margin-bottom: 1px !important;}&#8221;][\/vc_column][\/vc_row][vc_row disable_element=&#8221;yes&#8221; el_class=&#8221;gama_linea bloque&#8221;][vc_column width=&#8221;1\/12&#8243;][\/vc_column][vc_column width=&#8221;10\/12&#8243;][vc_column_text el_class=&#8221;titulo&#8221;]Najszerszy asortyment na rynku[\/vc_column_text][vc_column_text el_class=&#8221;subtitulo&#8221;]<span style=\"font-weight: 400;\">Oferujemy ponad 500 produkt\u00f3w przeznaczonych do instalacji gazowych<\/span>[\/vc_column_text][vc_row_inner equal_height=&#8221;yes&#8221; el_class=&#8221;row_gama_linea bloque&#8221; css=&#8221;.vc_custom_1596535342672{padding-top: 50px !important;padding-bottom: 50px !important;}&#8221;][vc_column_inner el_class=&#8221;item&#8221; width=&#8221;1\/3&#8243;][vc_single_image image=&#8221;1628&#8243; img_size=&#8221;full&#8221; alignment=&#8221;center&#8221;][vc_column_text el_class=&#8221;titulo&#8221;]Zawory[\/vc_column_text][vc_column_text el_class=&#8221;listado&#8221;]<\/p>\n<ul>\n<li><a href=\"#\">V\u00e1lvulas de esfera<\/a><\/li>\n<li><a href=\"#\">Dom\u00e9stica de seguridad<\/a><\/li>\n<li><a href=\"#\">Limitador de gas<\/a><\/li>\n<li><a href=\"#\">Empotrar<\/a><\/li>\n<\/ul>\n<p>[\/vc_column_text][\/vc_column_inner][vc_column_inner el_class=&#8221;item&#8221; width=&#8221;1\/3&#8243;][vc_single_image image=&#8221;1614&#8243; img_size=&#8221;full&#8221; alignment=&#8221;center&#8221;][vc_column_text el_class=&#8221;titulo&#8221;]RURY & FITTING[\/vc_column_text][vc_column_text el_class=&#8221;listado&#8221;]<\/p>\n<ul>\n<li><a href=\"#\">Tubo<\/a><\/li>\n<li><a href=\"#\">Fitting<\/a><\/li>\n<\/ul>\n<p>[\/vc_column_text][\/vc_column_inner][vc_column_inner el_class=&#8221;item&#8221; width=&#8221;1\/3&#8243;][vc_single_image image=&#8221;1621&#8243; img_size=&#8221;full&#8221; alignment=&#8221;center&#8221;][vc_column_text el_class=&#8221;titulo&#8221;]AKCESORIA[\/vc_column_text][vc_column_text el_class=&#8221;listado&#8221;]<\/p>\n<ul>\n<li><a href=\"#\">Juntas<\/a><\/li>\n<li><a href=\"#\">Manguitos<\/a><\/li>\n<li><a href=\"#\">Roscar<\/a><\/li>\n<li><a href=\"#\">Soldar<\/a><\/li>\n<li><a href=\"#\">SBA<\/a><\/li>\n<li><a href=\"#\">Soportes<\/a><\/li>\n<li><a href=\"#\">Purgador<\/a><\/li>\n<\/ul>\n<p>[\/vc_column_text][\/vc_column_inner][\/vc_row_inner][vc_column_text el_class=&#8221;enlace_productos&#8221;]<a href=\"\/productos\/productos-gas\/\">Zobacz produkty do instalacji gazowych<\/a>[\/vc_column_text][\/vc_column][vc_column width=&#8221;1\/12&#8243;][\/vc_column][\/vc_row][vc_row el_class=&#8221;gama_linea bloque&#8221;][vc_column width=&#8221;1\/12&#8243;][\/vc_column][vc_column width=&#8221;10\/12&#8243;][vc_column_text el_class=&#8221;titulo&#8221;]Najszerszy asortyment na rynku[\/vc_column_text][vc_column_text el_class=&#8221;subtitulo&#8221;]<\/p>\n<h3><span style=\"font-weight: 400;\">Oferujemy ponad 500 produkt\u00f3w przeznaczonych do instalacji gazowych<\/span><\/h3>\n<p>[\/vc_column_text]<div class=\"vc_row wpb_row vc_row-fluid\"><div class=\"wpb_column vc_column_container 1\"><div class=\"vc_column-inner\"><div class=\"wpb_wrapper\"><div class=\"vc_row wpb_row vc_inner vc_row-fluid row_gama_linea bloque vc_custom_1596535342672 vc_row-o-equal-height vc_row-flex\"><\/div>\n\t<div class=\"wpb_text_column wpb_content_element  enlace_productos\" >\n\t\t<div class=\"wpb_wrapper\">\n\t\t\t<p><a href=\"\/pl\/products\/category\/gas\/\">Zobacz produkty Gaz<\/a><\/p>\n\n\t\t<\/div>\n\t<\/div>\n<\/div><\/div><\/div><\/div>[\/vc_column][vc_column width=&#8221;1\/12&#8243;][\/vc_column][\/vc_row][vc_row full_width=&#8221;stretch_row&#8221; el_class=&#8221;contacto_obras bloque&#8221; css=&#8221;.vc_custom_1596627701421{background-image: url(https:\/\/valvulasarco.com\/wp-content\/uploads\/2020\/08\/gas3.jpg?id=918) !important;background-position: center !important;background-repeat: no-repeat !important;background-size: cover !important;}&#8221;][vc_column css=&#8221;.vc_custom_1594380075736{padding-top: 0px !important;}&#8221;][vc_row_inner][vc_column_inner width=&#8221;1\/12&#8243;][\/vc_column_inner][vc_column_inner width=&#8221;10\/12&#8243; css=&#8221;.vc_custom_1594380067892{padding-top: 0px !important;}&#8221;][vc_column_text el_class=&#8221;titular&#8221;]Produkcja na wymiar &#8211; OEM[\/vc_column_text][vc_column_text el_class=&#8221;subtitular&#8221;]W ARCO wykonujemy produkty dedykowane dla projekt\u00f3w i producent\u00f3w instalacji gazowych[\/vc_column_text][vc_column_text el_class=&#8221;boton_gris rosa&#8221;]<\/p>\n<p style=\"text-align: center;\"><a href=\"https:\/\/valvulasarco.com\/pl\/strefa-branzowa\/oem\/\">Dowiedz si\u0119 wi\u0119cej<\/a><\/p>\n<p>[\/vc_column_text][\/vc_column_inner][vc_column_inner width=&#8221;1\/12&#8243;][\/vc_column_inner][\/vc_row_inner][\/vc_column][\/vc_row]<\/p>\n","protected":false},"excerpt":{"rendered":"","protected":false},"author":1,"featured_media":0,"parent":2955,"menu_order":0,"comment_status":"closed","ping_status":"closed","template":"","meta":[],"acf":[],"yoast_head":"<!-- This site is optimized with the Yoast SEO plugin v20.4 - https:\/\/yoast.com\/wordpress\/plugins\/seo\/ -->\n<title>ARCO specjalizuje si\u0119 w zaworach i systemach do instalacji gazowych.<\/title>\n<meta name=\"description\" content=\"Wejd\u017a i odkryj nasze linie produktowe do instalacji gazowych: zawory, rury, systemy i akcesoria.\" \/>\n<meta name=\"robots\" content=\"index, follow, max-snippet:-1, max-image-preview:large, max-video-preview:-1\" \/>\n<link rel=\"canonical\" href=\"https:\/\/valvulasarco.com\/pl\/linie-produktowe\/gaz\/\" \/>\n<meta property=\"og:locale\" content=\"pl_PL\" \/>\n<meta property=\"og:type\" content=\"article\" \/>\n<meta property=\"og:title\" content=\"ARCO specjalizuje si\u0119 w zaworach i systemach do instalacji gazowych.\" \/>\n<meta property=\"og:description\" content=\"Wejd\u017a i odkryj nasze linie produktowe do instalacji gazowych: zawory, rury, systemy i akcesoria.\" \/>\n<meta property=\"og:url\" content=\"https:\/\/valvulasarco.com\/pl\/linie-produktowe\/gaz\/\" \/>\n<meta property=\"og:site_name\" content=\"Arco\" \/>\n<meta property=\"article:modified_time\" content=\"2022-06-28T06:55:54+00:00\" \/>\n<meta name=\"twitter:card\" content=\"summary_large_image\" \/>\n<meta name=\"twitter:label1\" content=\"Szacowany czas czytania\" \/>\n\t<meta name=\"twitter:data1\" content=\"2 minuty\" \/>\n<script type=\"application\/ld+json\" class=\"yoast-schema-graph\">{\"@context\":\"https:\/\/schema.org\",\"@graph\":[{\"@type\":\"WebPage\",\"@id\":\"https:\/\/valvulasarco.com\/pl\/linie-produktowe\/gaz\/\",\"url\":\"https:\/\/valvulasarco.com\/pl\/linie-produktowe\/gaz\/\",\"name\":\"ARCO specjalizuje si\u0119 w zaworach i systemach do instalacji gazowych.\",\"isPartOf\":{\"@id\":\"https:\/\/valvulasarco.com\/#website\"},\"datePublished\":\"2020-08-05T11:29:21+00:00\",\"dateModified\":\"2022-06-28T06:55:54+00:00\",\"description\":\"Wejd\u017a i odkryj nasze linie produktowe do instalacji gazowych: zawory, rury, systemy i akcesoria.\",\"breadcrumb\":{\"@id\":\"https:\/\/valvulasarco.com\/pl\/linie-produktowe\/gaz\/#breadcrumb\"},\"inLanguage\":\"pl-PL\",\"potentialAction\":[{\"@type\":\"ReadAction\",\"target\":[\"https:\/\/valvulasarco.com\/pl\/linie-produktowe\/gaz\/\"]}]},{\"@type\":\"BreadcrumbList\",\"@id\":\"https:\/\/valvulasarco.com\/pl\/linie-produktowe\/gaz\/#breadcrumb\",\"itemListElement\":[{\"@type\":\"ListItem\",\"position\":1,\"name\":\"Portada\",\"item\":\"https:\/\/valvulasarco.com\/pl\/\"},{\"@type\":\"ListItem\",\"position\":2,\"name\":\"Linie produktowe\",\"item\":\"https:\/\/valvulasarco.com\/pl\/linie-produktowe\/\"},{\"@type\":\"ListItem\",\"position\":3,\"name\":\"Gaz\"}]},{\"@type\":\"WebSite\",\"@id\":\"https:\/\/valvulasarco.com\/#website\",\"url\":\"https:\/\/valvulasarco.com\/\",\"name\":\"Arco\",\"description\":\"Arco\",\"publisher\":{\"@id\":\"https:\/\/valvulasarco.com\/#organization\"},\"potentialAction\":[{\"@type\":\"SearchAction\",\"target\":{\"@type\":\"EntryPoint\",\"urlTemplate\":\"https:\/\/valvulasarco.com\/?s={search_term_string}\"},\"query-input\":\"required name=search_term_string\"}],\"inLanguage\":\"pl-PL\"},{\"@type\":\"Organization\",\"@id\":\"https:\/\/valvulasarco.com\/#organization\",\"name\":\"Arco\",\"url\":\"https:\/\/valvulasarco.com\/\",\"logo\":{\"@type\":\"ImageObject\",\"inLanguage\":\"pl-PL\",\"@id\":\"https:\/\/valvulasarco.com\/#\/schema\/logo\/image\/\",\"url\":\"https:\/\/valvulasarco.com\/wp-content\/uploads\/2020\/11\/Logo-Arco.png\",\"contentUrl\":\"https:\/\/valvulasarco.com\/wp-content\/uploads\/2020\/11\/Logo-Arco.png\",\"width\":750,\"height\":479,\"caption\":\"Arco\"},\"image\":{\"@id\":\"https:\/\/valvulasarco.com\/#\/schema\/logo\/image\/\"}}]}<\/script>\n<!-- \/ Yoast SEO plugin. -->","yoast_head_json":{"title":"ARCO specjalizuje si\u0119 w zaworach i systemach do instalacji gazowych.","description":"Wejd\u017a i odkryj nasze linie produktowe do instalacji gazowych: zawory, rury, systemy i akcesoria.","robots":{"index":"index","follow":"follow","max-snippet":"max-snippet:-1","max-image-preview":"max-image-preview:large","max-video-preview":"max-video-preview:-1"},"canonical":"https:\/\/valvulasarco.com\/pl\/linie-produktowe\/gaz\/","og_locale":"pl_PL","og_type":"article","og_title":"ARCO specjalizuje si\u0119 w zaworach i systemach do instalacji gazowych.","og_description":"Wejd\u017a i odkryj nasze linie produktowe do instalacji gazowych: zawory, rury, systemy i akcesoria.","og_url":"https:\/\/valvulasarco.com\/pl\/linie-produktowe\/gaz\/","og_site_name":"Arco","article_modified_time":"2022-06-28T06:55:54+00:00","twitter_card":"summary_large_image","twitter_misc":{"Szacowany czas czytania":"2 minuty"},"schema":{"@context":"https:\/\/schema.org","@graph":[{"@type":"WebPage","@id":"https:\/\/valvulasarco.com\/pl\/linie-produktowe\/gaz\/","url":"https:\/\/valvulasarco.com\/pl\/linie-produktowe\/gaz\/","name":"ARCO specjalizuje si\u0119 w zaworach i systemach do instalacji gazowych.","isPartOf":{"@id":"https:\/\/valvulasarco.com\/#website"},"datePublished":"2020-08-05T11:29:21+00:00","dateModified":"2022-06-28T06:55:54+00:00","description":"Wejd\u017a i odkryj nasze linie produktowe do instalacji gazowych: zawory, rury, systemy i akcesoria.","breadcrumb":{"@id":"https:\/\/valvulasarco.com\/pl\/linie-produktowe\/gaz\/#breadcrumb"},"inLanguage":"pl-PL","potentialAction":[{"@type":"ReadAction","target":["https:\/\/valvulasarco.com\/pl\/linie-produktowe\/gaz\/"]}]},{"@type":"BreadcrumbList","@id":"https:\/\/valvulasarco.com\/pl\/linie-produktowe\/gaz\/#breadcrumb","itemListElement":[{"@type":"ListItem","position":1,"name":"Portada","item":"https:\/\/valvulasarco.com\/pl\/"},{"@type":"ListItem","position":2,"name":"Linie produktowe","item":"https:\/\/valvulasarco.com\/pl\/linie-produktowe\/"},{"@type":"ListItem","position":3,"name":"Gaz"}]},{"@type":"WebSite","@id":"https:\/\/valvulasarco.com\/#website","url":"https:\/\/valvulasarco.com\/","name":"Arco","description":"Arco","publisher":{"@id":"https:\/\/valvulasarco.com\/#organization"},"potentialAction":[{"@type":"SearchAction","target":{"@type":"EntryPoint","urlTemplate":"https:\/\/valvulasarco.com\/?s={search_term_string}"},"query-input":"required name=search_term_string"}],"inLanguage":"pl-PL"},{"@type":"Organization","@id":"https:\/\/valvulasarco.com\/#organization","name":"Arco","url":"https:\/\/valvulasarco.com\/","logo":{"@type":"ImageObject","inLanguage":"pl-PL","@id":"https:\/\/valvulasarco.com\/#\/schema\/logo\/image\/","url":"https:\/\/valvulasarco.com\/wp-content\/uploads\/2020\/11\/Logo-Arco.png","contentUrl":"https:\/\/valvulasarco.com\/wp-content\/uploads\/2020\/11\/Logo-Arco.png","width":750,"height":479,"caption":"Arco"},"image":{"@id":"https:\/\/valvulasarco.com\/#\/schema\/logo\/image\/"}}]}},"_links":{"self":[{"href":"https:\/\/valvulasarco.com\/pl\/wp-json\/wp\/v2\/pages\/2973"}],"collection":[{"href":"https:\/\/valvulasarco.com\/pl\/wp-json\/wp\/v2\/pages"}],"about":[{"href":"https:\/\/valvulasarco.com\/pl\/wp-json\/wp\/v2\/types\/page"}],"author":[{"embeddable":true,"href":"https:\/\/valvulasarco.com\/pl\/wp-json\/wp\/v2\/users\/1"}],"replies":[{"embeddable":true,"href":"https:\/\/valvulasarco.com\/pl\/wp-json\/wp\/v2\/comments?post=2973"}],"version-history":[{"count":9,"href":"https:\/\/valvulasarco.com\/pl\/wp-json\/wp\/v2\/pages\/2973\/revisions"}],"predecessor-version":[{"id":7434,"href":"https:\/\/valvulasarco.com\/pl\/wp-json\/wp\/v2\/pages\/2973\/revisions\/7434"}],"up":[{"embeddable":true,"href":"https:\/\/valvulasarco.com\/pl\/wp-json\/wp\/v2\/pages\/2955"}],"wp:attachment":[{"href":"https:\/\/valvulasarco.com\/pl\/wp-json\/wp\/v2\/media?parent=2973"}],"curies":[{"name":"wp","href":"https:\/\/api.w.org\/{rel}","templated":true}]}}