{"id":2957,"date":"2020-08-04T06:59:16","date_gmt":"2020-08-04T06:59:16","guid":{"rendered":"https:\/\/valvulasarco.com\/linie-produktowe\/agua\/"},"modified":"2022-06-28T08:10:07","modified_gmt":"2022-06-28T06:10:07","slug":"woda","status":"publish","type":"page","link":"https:\/\/valvulasarco.com\/pl\/linie-produktowe\/woda\/","title":{"rendered":"Woda"},"content":{"rendered":"<p>[vc_row full_width=&#8221;stretch_row_content_no_spaces&#8221; el_class=&#8221;cuadrar_banner&#8221;][vc_column css=&#8221;.vc_custom_1596524651948{padding-top: 0px !important;}&#8221;][vc_separator color=&#8221;custom&#8221; border_width=&#8221;10&#8243; accent_color=&#8221;#00b1ca&#8221; css=&#8221;.vc_custom_1596524813210{margin-bottom: 10px !important;}&#8221;][\/vc_column][\/vc_row][vc_row el_class=&#8221;icono_linea_negocio agua&#8221;][vc_column css=&#8221;.vc_custom_1596524651948{padding-top: 0px !important;}&#8221;][vc_single_image image=&#8221;1502&#8243; img_size=&#8221;full&#8221; alignment=&#8221;right&#8221;][\/vc_column][\/vc_row][vc_row el_class=&#8221;cuadrar_banner&#8221;][vc_column]<div data-vc-full-width=\"true\" data-vc-full-width-init=\"false\" data-vc-stretch-content=\"true\" class=\"vc_row wpb_row vc_row-fluid slider_cabecera_row vc_row-no-padding\"><div class=\"wpb_column vc_column_container vc_col-sm-12\"><div class=\"vc_column-inner\"><div class=\"wpb_wrapper\"><div class=\"slider_cabecera slider_grid_1\"><div class=\"vc_row wpb_row vc_inner vc_row-fluid banner_pagina profesional slider_post_3100 vc_row-has-fill\"><div class=\"vc_container\"><div class=\"wpb_column vc_column_container vc_col-sm-6\"><div class=\"vc_column-inner vc_custom_1594131934187\"><div class=\"wpb_wrapper\">\n\t<div class=\"wpb_text_column wpb_content_element \" >\n\t\t<div class=\"wpb_wrapper\">\n\t\t\t<h2>Linia produktowa do instalacji wodnych<\/h2>\n<h1>Do bezpiecznych, wydajnych <br \/> i zdrowych instalacji<\/h1>\n<div class=\"boton_gris\"><\/div>\n\n\t\t<\/div>\n\t<\/div>\n<\/div><\/div><\/div><div class=\"wpb_column vc_column_container vc_col-sm-6\"><div class=\"vc_column-inner vc_custom_1594131938133\"><div class=\"wpb_wrapper\"><\/div><\/div><\/div><\/div><\/div><\/div><\/div><\/div><\/div><\/div><div class=\"vc_row-full-width vc_clearfix\"><\/div><style type=\"text\/css\" data-type=\"vc_shortcodes-custom-css\">.slider_post_3100{background-image: url(https:\/\/valvulasarco.com\/wp-content\/uploads\/2020\/10\/Slide_Agua_01_V.jpg) !important;background-position: center !important;background-repeat: no-repeat !important;background-size: cover !important;}.vc_custom_1594131934187{padding-top: 0px !important;}.vc_custom_1594131938133{padding-top: 0px !important;}<\/style>[\/vc_column][\/vc_row][vc_row full_width=&#8221;stretch_row&#8221; disable_element=&#8221;yes&#8221; el_class=&#8221;banner_pagina profesional&#8221; css=&#8221;.vc_custom_1596630819265{background-image: url(https:\/\/valvulasarco.com\/wp-content\/uploads\/2020\/08\/agua.jpg?id=791) !important;background-position: center !important;background-repeat: no-repeat !important;background-size: cover !important;}&#8221;][vc_column width=&#8221;1\/2&#8243; css=&#8221;.vc_custom_1594131934187{padding-top: 0px !important;}&#8221;][vc_column_text]<\/p>\n<h2>Promoci\u00f3n\/destacado 1:<\/h2>\n<h1>Nuevo producto lorem ipsum para instalaciones de agua<\/h1>\n<div class=\"boton_gris\"><a href=\"#\">Saber m\u00e1s<\/a><\/div>\n<p>[\/vc_column_text][\/vc_column][vc_column width=&#8221;1\/2&#8243; css=&#8221;.vc_custom_1594131938133{padding-top: 0px !important;}&#8221;][\/vc_column][\/vc_row][vc_row full_width=&#8221;stretch_row&#8221; el_class=&#8221;breadcrumb con_slide&#8221; css=&#8221;.vc_custom_1596714199789{background-color: #f0f0f0 !important;}&#8221;][vc_column css=&#8221;.vc_custom_1594132444794{padding-top: 0px !important;}&#8221;]<div itemscope itemtype=\"https:\/\/schema.org\/BreadcrumbList\" id=\"breadcrumb\"><div itemprop=\"itemListElement\" itemscope itemtype=\"https:\/\/schema.org\/ListItem\"><a itemprop=\"item\" href=\"https:\/\/valvulasarco.com\/pl\/\"><span class=\"vc_icon_element-icon fa fa-home\"><\/span><span itemprop=\"name\">Home<\/span><\/a><meta itemprop=\"position\" content=\"1\" \/><\/div><div itemprop=\"itemListElement hola\" itemscope itemtype=\"https:\/\/schema.org\/ListItem\"><span>><\/span><a itemprop=\"item\" href=\"https:\/\/valvulasarco.com\/pl\/slider_cabecera\/promocion-destacado-1\/\"><span itemprop=\"name\">Linia produktowa do instalacji wodnych<\/span><\/a><meta itemprop=\"position\" content=\"3\"><\/div><\/div>[\/vc_column][\/vc_row][vc_row full_width=&#8221;stretch_row&#8221; el_class=&#8221;destacado_obra bloque count_personas_personas&#8221; css=&#8221;.vc_custom_1596526645104{padding-top: 20px !important;padding-bottom: 30px !important;background-color: #f0f0f0 !important;}&#8221;][vc_column width=&#8221;1\/12&#8243; css=&#8221;.vc_custom_1596526681054{padding-top: 0px !important;}&#8221;][\/vc_column][vc_column width=&#8221;10\/12&#8243; css=&#8221;.vc_custom_1596526675835{padding-top: 0px !important;}&#8221;][vc_column_text]<\/p>\n<h2>Lider produkt\u00f3w do regulacji i kontroli przep\u0142ywu wody<\/h2>\n<p>[\/vc_column_text][\/vc_column][vc_column width=&#8221;1\/12&#8243; css=&#8221;.vc_custom_1596526668610{padding-top: 0px !important;}&#8221;][\/vc_column][\/vc_row][vc_row full_width=&#8221;stretch_row&#8221; equal_height=&#8221;yes&#8221; el_class=&#8221;count_personas bloque info_linea iconos_internacional iconos_internacional_agua&#8221; css=&#8221;.vc_custom_1605510494578{background-color: #f0f0f0 !important;}&#8221;][vc_column width=&#8221;1\/4&#8243; css=&#8221;.vc_custom_1605510521315{padding-top: 0px !important;}&#8221; el_class=&#8221;item_count&#8221;][vc_single_image image=&#8221;7260&#8243; img_size=&#8221;full&#8221; alignment=&#8221;center&#8221;][vc_column_text el_class=&#8221;etiqueta&#8221;]<\/p>\n<h3 style=\"text-align: center;\">Nasz system antykamienny <strong>VITAQ\u00ae<\/strong> zwi\u0119ksza wytrzyma\u0142o\u015b\u0107 zawor\u00f3w. Jest w pe\u0142ni przetwarzalny i nietoksyczny<\/h3>\n<p>[\/vc_column_text][\/vc_column][vc_column width=&#8221;1\/4&#8243; css=&#8221;.vc_custom_1605510524835{padding-top: 0px !important;}&#8221; el_class=&#8221;item_count&#8221;][vc_single_image image=&#8221;7267&#8243; img_size=&#8221;full&#8221; alignment=&#8221;center&#8221;][vc_column_text el_class=&#8221;etiqueta&#8221;]<\/p>\n<h3>Instalacje zgodne z zasadami zr\u00f3wnowa\u017conego rozwoju dzi\u0119ki produktom <strong>\u201cNickel-Free\u201d<\/strong>, y <strong>\u201cLow Lead&#8221;<\/strong><\/h3>\n<p>[\/vc_column_text][\/vc_column][vc_column width=&#8221;1\/4&#8243; css=&#8221;.vc_custom_1605510528604{padding-top: 0px !important;}&#8221; el_class=&#8221;item_count&#8221;][vc_single_image image=&#8221;7274&#8243; img_size=&#8221;full&#8221; alignment=&#8221;center&#8221;][vc_column_text el_class=&#8221;etiqueta&#8221;]<\/p>\n<h3>Zawory poddawane s\u0105 testom szczelno\u015bci<\/h3>\n<p>[\/vc_column_text][\/vc_column][vc_column width=&#8221;1\/4&#8243; css=&#8221;.vc_custom_1605510532378{padding-top: 0px !important;}&#8221; el_class=&#8221;item_count&#8221;][vc_single_image image=&#8221;1571&#8243; img_size=&#8221;full&#8221; alignment=&#8221;center&#8221;][vc_column_text el_class=&#8221;etiqueta&#8221;]<\/p>\n<h3 style=\"text-align: center;\">Wyroby produkcji hiszpa\u0144skiej <strong>#MadeinSpain<\/strong><\/h3>\n<p>[\/vc_column_text][\/vc_column][\/vc_row][vc_row el_class=&#8221;bloque slide_linea_agua&#8221;][vc_column css=&#8221;.vc_custom_1596528802315{padding-top: 0px !important;}&#8221;]<div class=\"vc_row wpb_row vc_inner vc_row-fluid\"><div class=\"slider_innovacion slider_grid_2\"><div class=\"wpb_column vc_column_container vc_col-sm-6\"><div class=\"vc_column-inner\"><div class=\"wpb_wrapper\"><div class=\"item-slide-dos-items\" style=\"background-image: url(https:\/\/valvulasarco.com\/wp-content\/uploads\/2020\/09\/slide-innovacion.jpg); background-repeat: no-repeat; background-size: cover; background-position: center;\"><div class=\"info\"><div class=\"titulo\"><h3>Innowacyjno\u015b\u0107<\/h3><\/div><div class=\"texto\"><p>Od blisko 50 lat rewolucjonizujemy \u015bwiat instalacji. <br>\r\n41 patent\u00f3w w ci\u0105gu pi\u0119ciu dekad innowacyjno\u015bci.<\/p><\/div><\/div><\/div><\/div><\/div><\/div><div class=\"wpb_column vc_column_container vc_col-sm-6\"><div class=\"vc_column-inner\"><div class=\"wpb_wrapper\"><div class=\"item-slide-dos-items\" style=\"background-image: url(https:\/\/valvulasarco.com\/wp-content\/uploads\/2020\/07\/Destacado-VITAQ.jpg); background-repeat: no-repeat; background-size: cover; background-position: center;\"><div class=\"info\"><div class=\"titulo\"><h3>System antykamienny VITAQ<\/h3><\/div><div class=\"texto\"><p>System VITAQ\u00ae to wynaleziony przez ARCO system antykamienny, kt\u00f3ry zapewnia wi\u0119ksz\u0105 wytrzyma\u0142o\u015b\u0107 zawor\u00f3w, gdy\u017c zapobiega osadzaniu si\u0119 kamienia. Jest ca\u0142kowicie przetwarzalny oraz nietoksyczny.<\/p><\/div><\/div><\/div><\/div><\/div><\/div><\/div><\/div>[\/vc_column][\/vc_row][vc_row][vc_column][vc_separator css=&#8221;.vc_custom_1596528917539{margin-bottom: 1px !important;}&#8221;][\/vc_column][\/vc_row][vc_row disable_element=&#8221;yes&#8221; el_class=&#8221;gama_linea bloque&#8221;][vc_column][vc_column_text el_class=&#8221;titulo&#8221;]Najbardziej zr\u00f3\u017cnicowany asortyment na rynku[\/vc_column_text][vc_column_text el_class=&#8221;subtitulo&#8221;]Oferujemy ponad 1500 produkt\u00f3w przeznaczonych do instalacji wodnych[\/vc_column_text][vc_row_inner equal_height=&#8221;yes&#8221; el_class=&#8221;row_gama_linea bloque&#8221; css=&#8221;.vc_custom_1611150646066{padding-top: 50px !important;padding-bottom: 50px !important;}&#8221;][vc_column_inner el_class=&#8221;item&#8221; width=&#8221;1\/4&#8243;][vc_single_image image=&#8221;1577&#8243; img_size=&#8221;full&#8221; alignment=&#8221;center&#8221;][vc_column_text el_class=&#8221;titulo&#8221;]Zawory[\/vc_column_text][vc_column_text el_class=&#8221;listado&#8221;]<\/p>\n<ul>\n<li><a href=\"#\">Esfera<\/a><\/li>\n<li><a href=\"#\">Escuadra<\/a><\/li>\n<li><a href=\"#\">Retenci\u00f3n<\/a><\/li>\n<li><a href=\"#\">Grifos<\/a><\/li>\n<li><a href=\"#\">Empotrar<\/a><\/li>\n<\/ul>\n<p>[\/vc_column_text][\/vc_column_inner][vc_column_inner el_class=&#8221;item&#8221; width=&#8221;1\/4&#8243;][vc_single_image image=&#8221;1606&#8243; img_size=&#8221;full&#8221; alignment=&#8221;center&#8221;][vc_column_text el_class=&#8221;titulo&#8221;]RURY & FITTING[\/vc_column_text][vc_column_text el_class=&#8221;listado&#8221;]<\/p>\n<ul>\n<li><a href=\"#\">Colectores<\/a><\/li>\n<li><a href=\"#\">Tubo<\/a><\/li>\n<li><a href=\"#\">Arcokapa<\/a><\/li>\n<li><a href=\"#\">Fitting<\/a><\/li>\n<\/ul>\n<p>[\/vc_column_text][\/vc_column_inner][vc_column_inner el_class=&#8221;item&#8221; width=&#8221;1\/4&#8243;][vc_single_image image=&#8221;1584&#8243; img_size=&#8221;full&#8221; alignment=&#8221;center&#8221;][vc_column_text el_class=&#8221;titulo&#8221;]VITAQ\u00ae &#8211; Antykamienne[\/vc_column_text][vc_column_text el_class=&#8221;listado&#8221;]<\/p>\n<ul>\n<li><a href=\"#\">V\u00e1lvulas de esfera<\/a><\/li>\n<li><a href=\"#\">V\u00e1lvulas de escuadra<\/a><\/li>\n<li><a href=\"#\">Grifos<\/a><\/li>\n<li><a href=\"#\">Colectores<\/a><\/li>\n<\/ul>\n<p>[\/vc_column_text][\/vc_column_inner][vc_column_inner el_class=&#8221;item last&#8221; width=&#8221;1\/4&#8243;][vc_single_image image=&#8221;1598&#8243; img_size=&#8221;full&#8221; alignment=&#8221;center&#8221;][vc_column_text el_class=&#8221;titulo&#8221;]AKCESORIA[\/vc_column_text][vc_column_text el_class=&#8221;listado&#8221;]<\/p>\n<ul>\n<li><a href=\"#\">Alargaderas<\/a><\/li>\n<li><a href=\"#\">Rollos<\/a><\/li>\n<li><a href=\"#\">Juntas<\/a><\/li>\n<li><a href=\"#\">Abrazaderas<\/a><\/li>\n<\/ul>\n<p>[\/vc_column_text][\/vc_column_inner][\/vc_row_inner][vc_column_text el_class=&#8221;enlace_productos&#8221;]<a href=\"https:\/\/valvulasarco.com\/pl\/produkt\/productos-agua\/\">Zobacz produkty do instalacji wodnych<\/a>[\/vc_column_text][\/vc_column][\/vc_row][vc_row el_class=&#8221;gama_linea bloque&#8221;][vc_column][vc_column_text el_class=&#8221;titulo&#8221;]<\/p>\n<h2>Najbardziej zr\u00f3\u017cnicowany asortyment na rynku<\/h2>\n<p>[\/vc_column_text][vc_column_text el_class=&#8221;subtitulo&#8221;]Oferujemy ponad 1500 produkt\u00f3w przeznaczonych do instalacji wodnych[\/vc_column_text]<div class=\"vc_row wpb_row vc_row-fluid\"><div class=\"wpb_column vc_column_container 1\"><div class=\"vc_column-inner\"><div class=\"wpb_wrapper\"><div class=\"vc_row wpb_row vc_inner vc_row-fluid row_gama_linea bloque vc_custom_1596535342672 vc_row-o-equal-height vc_row-flex\"><\/div>\n\t<div class=\"wpb_text_column wpb_content_element  enlace_productos\" >\n\t\t<div class=\"wpb_wrapper\">\n\t\t\t<p><a href=\"\/pl\/products\/category\/agua\/\">Zobacz produkty Woda<\/a><\/p>\n\n\t\t<\/div>\n\t<\/div>\n<\/div><\/div><\/div><\/div>[\/vc_column][\/vc_row]<\/p>\n","protected":false},"excerpt":{"rendered":"","protected":false},"author":1,"featured_media":0,"parent":2955,"menu_order":0,"comment_status":"closed","ping_status":"closed","template":"","meta":[],"acf":[],"yoast_head":"<!-- This site is optimized with the Yoast SEO plugin v20.4 - https:\/\/yoast.com\/wordpress\/plugins\/seo\/ -->\n<title>ARCO specjalizuje si\u0119 w zaworach i systemach do instalacji wodnych<\/title>\n<meta name=\"description\" content=\"Wejd\u017a i odkryj nasze linie produktowe do instalacji wodnych: zawory, rury, systemy i akcesoria.\" \/>\n<meta name=\"robots\" content=\"index, follow, max-snippet:-1, max-image-preview:large, max-video-preview:-1\" \/>\n<link rel=\"canonical\" href=\"https:\/\/valvulasarco.com\/pl\/linie-produktowe\/woda\/\" \/>\n<meta property=\"og:locale\" content=\"pl_PL\" \/>\n<meta property=\"og:type\" content=\"article\" \/>\n<meta property=\"og:title\" content=\"ARCO specjalizuje si\u0119 w zaworach i systemach do instalacji wodnych\" \/>\n<meta property=\"og:description\" content=\"Wejd\u017a i odkryj nasze linie produktowe do instalacji wodnych: zawory, rury, systemy i akcesoria.\" \/>\n<meta property=\"og:url\" content=\"https:\/\/valvulasarco.com\/pl\/linie-produktowe\/woda\/\" \/>\n<meta property=\"og:site_name\" content=\"Arco\" \/>\n<meta property=\"article:modified_time\" content=\"2022-06-28T06:10:07+00:00\" \/>\n<meta name=\"twitter:card\" content=\"summary_large_image\" \/>\n<meta name=\"twitter:label1\" content=\"Szacowany czas czytania\" \/>\n\t<meta name=\"twitter:data1\" content=\"2 minuty\" \/>\n<script type=\"application\/ld+json\" class=\"yoast-schema-graph\">{\"@context\":\"https:\/\/schema.org\",\"@graph\":[{\"@type\":\"WebPage\",\"@id\":\"https:\/\/valvulasarco.com\/pl\/linie-produktowe\/woda\/\",\"url\":\"https:\/\/valvulasarco.com\/pl\/linie-produktowe\/woda\/\",\"name\":\"ARCO specjalizuje si\u0119 w zaworach i systemach do instalacji wodnych\",\"isPartOf\":{\"@id\":\"https:\/\/valvulasarco.com\/#website\"},\"datePublished\":\"2020-08-04T06:59:16+00:00\",\"dateModified\":\"2022-06-28T06:10:07+00:00\",\"description\":\"Wejd\u017a i odkryj nasze linie produktowe do instalacji wodnych: zawory, rury, systemy i akcesoria.\",\"breadcrumb\":{\"@id\":\"https:\/\/valvulasarco.com\/pl\/linie-produktowe\/woda\/#breadcrumb\"},\"inLanguage\":\"pl-PL\",\"potentialAction\":[{\"@type\":\"ReadAction\",\"target\":[\"https:\/\/valvulasarco.com\/pl\/linie-produktowe\/woda\/\"]}]},{\"@type\":\"BreadcrumbList\",\"@id\":\"https:\/\/valvulasarco.com\/pl\/linie-produktowe\/woda\/#breadcrumb\",\"itemListElement\":[{\"@type\":\"ListItem\",\"position\":1,\"name\":\"Portada\",\"item\":\"https:\/\/valvulasarco.com\/pl\/\"},{\"@type\":\"ListItem\",\"position\":2,\"name\":\"Linie produktowe\",\"item\":\"https:\/\/valvulasarco.com\/pl\/linie-produktowe\/\"},{\"@type\":\"ListItem\",\"position\":3,\"name\":\"Woda\"}]},{\"@type\":\"WebSite\",\"@id\":\"https:\/\/valvulasarco.com\/#website\",\"url\":\"https:\/\/valvulasarco.com\/\",\"name\":\"Arco\",\"description\":\"Arco\",\"publisher\":{\"@id\":\"https:\/\/valvulasarco.com\/#organization\"},\"potentialAction\":[{\"@type\":\"SearchAction\",\"target\":{\"@type\":\"EntryPoint\",\"urlTemplate\":\"https:\/\/valvulasarco.com\/?s={search_term_string}\"},\"query-input\":\"required name=search_term_string\"}],\"inLanguage\":\"pl-PL\"},{\"@type\":\"Organization\",\"@id\":\"https:\/\/valvulasarco.com\/#organization\",\"name\":\"Arco\",\"url\":\"https:\/\/valvulasarco.com\/\",\"logo\":{\"@type\":\"ImageObject\",\"inLanguage\":\"pl-PL\",\"@id\":\"https:\/\/valvulasarco.com\/#\/schema\/logo\/image\/\",\"url\":\"https:\/\/valvulasarco.com\/wp-content\/uploads\/2020\/11\/Logo-Arco.png\",\"contentUrl\":\"https:\/\/valvulasarco.com\/wp-content\/uploads\/2020\/11\/Logo-Arco.png\",\"width\":750,\"height\":479,\"caption\":\"Arco\"},\"image\":{\"@id\":\"https:\/\/valvulasarco.com\/#\/schema\/logo\/image\/\"}}]}<\/script>\n<!-- \/ Yoast SEO plugin. -->","yoast_head_json":{"title":"ARCO specjalizuje si\u0119 w zaworach i systemach do instalacji wodnych","description":"Wejd\u017a i odkryj nasze linie produktowe do instalacji wodnych: zawory, rury, systemy i akcesoria.","robots":{"index":"index","follow":"follow","max-snippet":"max-snippet:-1","max-image-preview":"max-image-preview:large","max-video-preview":"max-video-preview:-1"},"canonical":"https:\/\/valvulasarco.com\/pl\/linie-produktowe\/woda\/","og_locale":"pl_PL","og_type":"article","og_title":"ARCO specjalizuje si\u0119 w zaworach i systemach do instalacji wodnych","og_description":"Wejd\u017a i odkryj nasze linie produktowe do instalacji wodnych: zawory, rury, systemy i akcesoria.","og_url":"https:\/\/valvulasarco.com\/pl\/linie-produktowe\/woda\/","og_site_name":"Arco","article_modified_time":"2022-06-28T06:10:07+00:00","twitter_card":"summary_large_image","twitter_misc":{"Szacowany czas czytania":"2 minuty"},"schema":{"@context":"https:\/\/schema.org","@graph":[{"@type":"WebPage","@id":"https:\/\/valvulasarco.com\/pl\/linie-produktowe\/woda\/","url":"https:\/\/valvulasarco.com\/pl\/linie-produktowe\/woda\/","name":"ARCO specjalizuje si\u0119 w zaworach i systemach do instalacji wodnych","isPartOf":{"@id":"https:\/\/valvulasarco.com\/#website"},"datePublished":"2020-08-04T06:59:16+00:00","dateModified":"2022-06-28T06:10:07+00:00","description":"Wejd\u017a i odkryj nasze linie produktowe do instalacji wodnych: zawory, rury, systemy i akcesoria.","breadcrumb":{"@id":"https:\/\/valvulasarco.com\/pl\/linie-produktowe\/woda\/#breadcrumb"},"inLanguage":"pl-PL","potentialAction":[{"@type":"ReadAction","target":["https:\/\/valvulasarco.com\/pl\/linie-produktowe\/woda\/"]}]},{"@type":"BreadcrumbList","@id":"https:\/\/valvulasarco.com\/pl\/linie-produktowe\/woda\/#breadcrumb","itemListElement":[{"@type":"ListItem","position":1,"name":"Portada","item":"https:\/\/valvulasarco.com\/pl\/"},{"@type":"ListItem","position":2,"name":"Linie produktowe","item":"https:\/\/valvulasarco.com\/pl\/linie-produktowe\/"},{"@type":"ListItem","position":3,"name":"Woda"}]},{"@type":"WebSite","@id":"https:\/\/valvulasarco.com\/#website","url":"https:\/\/valvulasarco.com\/","name":"Arco","description":"Arco","publisher":{"@id":"https:\/\/valvulasarco.com\/#organization"},"potentialAction":[{"@type":"SearchAction","target":{"@type":"EntryPoint","urlTemplate":"https:\/\/valvulasarco.com\/?s={search_term_string}"},"query-input":"required name=search_term_string"}],"inLanguage":"pl-PL"},{"@type":"Organization","@id":"https:\/\/valvulasarco.com\/#organization","name":"Arco","url":"https:\/\/valvulasarco.com\/","logo":{"@type":"ImageObject","inLanguage":"pl-PL","@id":"https:\/\/valvulasarco.com\/#\/schema\/logo\/image\/","url":"https:\/\/valvulasarco.com\/wp-content\/uploads\/2020\/11\/Logo-Arco.png","contentUrl":"https:\/\/valvulasarco.com\/wp-content\/uploads\/2020\/11\/Logo-Arco.png","width":750,"height":479,"caption":"Arco"},"image":{"@id":"https:\/\/valvulasarco.com\/#\/schema\/logo\/image\/"}}]}},"_links":{"self":[{"href":"https:\/\/valvulasarco.com\/pl\/wp-json\/wp\/v2\/pages\/2957"}],"collection":[{"href":"https:\/\/valvulasarco.com\/pl\/wp-json\/wp\/v2\/pages"}],"about":[{"href":"https:\/\/valvulasarco.com\/pl\/wp-json\/wp\/v2\/types\/page"}],"author":[{"embeddable":true,"href":"https:\/\/valvulasarco.com\/pl\/wp-json\/wp\/v2\/users\/1"}],"replies":[{"embeddable":true,"href":"https:\/\/valvulasarco.com\/pl\/wp-json\/wp\/v2\/comments?post=2957"}],"version-history":[{"count":8,"href":"https:\/\/valvulasarco.com\/pl\/wp-json\/wp\/v2\/pages\/2957\/revisions"}],"predecessor-version":[{"id":7340,"href":"https:\/\/valvulasarco.com\/pl\/wp-json\/wp\/v2\/pages\/2957\/revisions\/7340"}],"up":[{"embeddable":true,"href":"https:\/\/valvulasarco.com\/pl\/wp-json\/wp\/v2\/pages\/2955"}],"wp:attachment":[{"href":"https:\/\/valvulasarco.com\/pl\/wp-json\/wp\/v2\/media?parent=2957"}],"curies":[{"name":"wp","href":"https:\/\/api.w.org\/{rel}","templated":true}]}}