{"id":2904,"date":"2020-08-05T09:50:55","date_gmt":"2020-08-05T09:50:55","guid":{"rendered":"https:\/\/valvulasarco.com\/firma\/internacional\/"},"modified":"2022-07-18T10:20:16","modified_gmt":"2022-07-18T08:20:16","slug":"obecnosc-miedzynarodowa","status":"publish","type":"page","link":"https:\/\/valvulasarco.com\/pl\/firma\/obecnosc-miedzynarodowa\/","title":{"rendered":"Obecno\u015b\u0107 mi\u0119dzynarodowa"},"content":{"rendered":"<p>[vc_row full_width=&#8221;stretch_row&#8221; el_class=&#8221;banner_pagina&#8221; css=&#8221;.vc_custom_1596622266886{background-image: url(https:\/\/valvulasarco.com\/wp-content\/uploads\/2020\/08\/internacional.jpg?id=887) !important;background-position: center !important;background-repeat: no-repeat !important;background-size: cover !important;}&#8221;][vc_column width=&#8221;1\/2&#8243; css=&#8221;.vc_custom_1594131934187{padding-top: 0px !important;}&#8221;][vc_column_text]<\/p>\n<h1>OBECNO\u015a\u0106 MI\u0118DZYNARODOWA<\/h1>\n<h2>ARCO jest firm\u0105 hiszpa\u0144sk\u0105, prowadz\u0105c\u0105 dzia\u0142alno\u015b\u0107 na rynku mi\u0119dzynarodowym<\/h2>\n<p>[\/vc_column_text][\/vc_column][vc_column width=&#8221;1\/2&#8243; css=&#8221;.vc_custom_1594131938133{padding-top: 0px !important;}&#8221;][\/vc_column][\/vc_row][vc_row el_class=&#8221;breadcrumb&#8221;][vc_column css=&#8221;.vc_custom_1594132444794{padding-top: 0px !important;}&#8221;]<div itemscope itemtype=\"https:\/\/schema.org\/BreadcrumbList\" id=\"breadcrumb\"><div itemprop=\"itemListElement\" itemscope itemtype=\"https:\/\/schema.org\/ListItem\"><a itemprop=\"item\" href=\"https:\/\/valvulasarco.com\/pl\/\"><span class=\"vc_icon_element-icon fa fa-home\"><\/span><span itemprop=\"name\">Home<\/span><\/a><meta itemprop=\"position\" content=\"1\" \/><\/div><div itemprop=\"itemListElement hola\" itemscope itemtype=\"https:\/\/schema.org\/ListItem\"><span>><\/span><a itemprop=\"item\" href=\"https:\/\/valvulasarco.com\/pl\/firma\/obecnosc-miedzynarodowa\/\"><span itemprop=\"name\">Obecno\u015b\u0107 mi\u0119dzynarodowa<\/span><\/a><meta itemprop=\"position\" content=\"3\"><\/div><\/div>[\/vc_column][\/vc_row][vc_row full_width=&#8221;stretch_row&#8221; el_class=&#8221;destacado_obra bloque count_personas_personas&#8221; css=&#8221;.vc_custom_1596622299373{padding-top: 20px !important;padding-bottom: 30px !important;}&#8221;][vc_column width=&#8221;1\/12&#8243; css=&#8221;.vc_custom_1596526681054{padding-top: 0px !important;}&#8221;][\/vc_column][vc_column width=&#8221;10\/12&#8243; css=&#8221;.vc_custom_1596526675835{padding-top: 0px !important;}&#8221;][vc_column_text]<\/p>\n<h2>Obecno\u015b\u0107 w 90 krajach<\/h2>\n<p>[\/vc_column_text][\/vc_column][vc_column width=&#8221;1\/12&#8243; css=&#8221;.vc_custom_1596526668610{padding-top: 0px !important;}&#8221;][\/vc_column][\/vc_row][vc_row full_width=&#8221;stretch_row&#8221; equal_height=&#8221;yes&#8221; el_class=&#8221;count_personas bloque info_linea iconos_internacional iconos_responsive_internacional&#8221;][vc_column width=&#8221;1\/3&#8243; el_class=&#8221;item_count&#8221; css=&#8221;.vc_custom_1596449256001{padding-top: 0px !important;}&#8221;][vc_single_image image=&#8221;1685&#8243; img_size=&#8221;full&#8221; alignment=&#8221;center&#8221;][vc_column_text el_class=&#8221;etiqueta&#8221;]<\/p>\n<h3 style=\"text-align: center;\"><strong>2 w\u0142asne zak\u0142ady produkcyjne w<\/strong> Hiszpanii i Tunezji<\/h3>\n<p>[\/vc_column_text][\/vc_column][vc_column width=&#8221;1\/3&#8243; el_class=&#8221;item_count&#8221; css=&#8221;.vc_custom_1596449259697{padding-top: 0px !important;}&#8221;][vc_single_image image=&#8221;1864&#8243; img_size=&#8221;full&#8221; alignment=&#8221;center&#8221;][vc_column_text el_class=&#8221;etiqueta&#8221;]<\/p>\n<h3><strong>3 centra logistyczne<\/strong> w Hiszpanii, Tunezji i Polsce<\/h3>\n<p>[\/vc_column_text][\/vc_column][vc_column width=&#8221;1\/3&#8243; el_class=&#8221;item_count last&#8221; css=&#8221;.vc_custom_1596622322163{padding-top: 0px !important;}&#8221;][vc_single_image image=&#8221;1678&#8243; img_size=&#8221;full&#8221; alignment=&#8221;center&#8221;][vc_column_text el_class=&#8221;etiqueta&#8221;]<\/p>\n<h3><strong>4 biura handlowe<\/strong> w Polsce, na W\u0119grzech, w Maroku i w Tunezji<\/h3>\n<p>[\/vc_column_text][\/vc_column][\/vc_row][vc_row el_class=&#8221;mapa_internacional&#8221;][vc_column][vc_column_text]<div id=\"mapsvg-1240\" class=\"mapsvg\"><\/div>[\/vc_column_text][\/vc_column][\/vc_row][vc_row full_width=&#8221;stretch_row&#8221; el_class=&#8221;count_personas bloque nosotros internacional numeros_responsive_internacional iconos_menu_inter&#8221; css=&#8221;.vc_custom_1608631332689{padding-top: 70px !important;}&#8221;][vc_column css=&#8221;.vc_custom_1596449283290{padding-top: 0px !important;}&#8221;][vc_row_inner][vc_column_inner el_class=&#8221;item_count&#8221; width=&#8221;1\/3&#8243; css=&#8221;.vc_custom_1596449271535{padding-top: 0px !important;}&#8221;][vc_column_text el_class=&#8221;etiqueta&#8221;]Ponad[\/vc_column_text][vc_column_text el_class=&#8221;numero&#8221;]1 <span class=\"mini\">miliard<\/span>[\/vc_column_text][vc_column_text el_class=&#8221;etiqueta&#8221;]zawor\u00f3w zainstalowanych na \u015bwiecie[\/vc_column_text][\/vc_column_inner][vc_column_inner el_class=&#8221;item_count&#8221; width=&#8221;1\/3&#8243; css=&#8221;.vc_custom_1596449275670{padding-top: 0px !important;}&#8221;][vc_column_text el_class=&#8221;numero&#8221;]34<span class=\"mini\">miliony<\/span>[\/vc_column_text][vc_column_text el_class=&#8221;etiqueta&#8221;]produkt\u00f3w sprzedawanych ka\u017cdego roku[\/vc_column_text][\/vc_column_inner][vc_column_inner el_class=&#8221;item_count last&#8221; width=&#8221;1\/3&#8243; css=&#8221;.vc_custom_1596449279350{padding-top: 0px !important;}&#8221;][vc_column_text el_class=&#8221;numero&#8221;]300<span class=\"mini\">milion\u00f3w<\/span>[\/vc_column_text][vc_column_text el_class=&#8221;etiqueta&#8221;]zawor\u00f3w A\u00b780 sprzedawanych na \u015bwiecie[\/vc_column_text][\/vc_column_inner][\/vc_row_inner][\/vc_column][\/vc_row][vc_row full_width=&#8221;stretch_row&#8221; el_class=&#8221;contacto_obras bloque personas&#8221; css=&#8221;.vc_custom_1596623848209{background-image: url(https:\/\/valvulasarco.com\/wp-content\/uploads\/2020\/08\/COMERCIAL.jpg?id=894) !important;background-position: center !important;background-repeat: no-repeat !important;background-size: cover !important;}&#8221;][vc_column css=&#8221;.vc_custom_1594380075736{padding-top: 0px !important;}&#8221;][vc_row_inner][vc_column_inner width=&#8221;1\/12&#8243;][\/vc_column_inner][vc_column_inner width=&#8221;10\/12&#8243; css=&#8221;.vc_custom_1594380067892{padding-top: 0px !important;}&#8221;][vc_column_text el_class=&#8221;titular&#8221; css=&#8221;.vc_custom_1612363696023{margin-bottom: 30px !important;}&#8221;]Znajd\u017a przedstawiciela w Twojej okolicy[\/vc_column_text][vc_column_text el_class=&#8221;boton_gris rosa trabaja_con_boton&#8221;]<\/p>\n<p style=\"text-align: center;\"><a href=\"https:\/\/valvulasarco.com\/pl\/kontakt\/\">SKONTAKTUJ SI\u0118 Z NAMI<\/a><\/p>\n<p>[\/vc_column_text][\/vc_column_inner][vc_column_inner width=&#8221;1\/12&#8243;][\/vc_column_inner][\/vc_row_inner][\/vc_column][\/vc_row]<\/p>\n","protected":false},"excerpt":{"rendered":"<p>[vc_row full_width=&#8221;stretch_row&#8221; el_class=&#8221;banner_pagina&#8221; css=&#8221;.vc_custom_1596622266886{background-image: url(https:\/\/valvulasarco.com\/wp-content\/uploads\/2020\/08\/internacional.jpg?id=887) !important;background-position: center !important;background-repeat: no-repeat !important;background-size: cover !important;}&#8221;][vc_column width=&#8221;1\/2&#8243; css=&#8221;.vc_custom_1594131934187{padding-top: 0px !important;}&#8221;][vc_column_text] OBECNO\u015a\u0106 MI\u0118DZYNARODOWA ARCO jest firm\u0105 hiszpa\u0144sk\u0105, prowadz\u0105c\u0105 dzia\u0142alno\u015b\u0107 na rynku mi\u0119dzynarodowym [\/vc_column_text][\/vc_column][vc_column width=&#8221;1\/2&#8243; css=&#8221;.vc_custom_1594131938133{padding-top: 0px !important;}&#8221;][\/vc_column][\/vc_row][vc_row el_class=&#8221;breadcrumb&#8221;][vc_column css=&#8221;.vc_custom_1594132444794{padding-top: 0px !important;}&#8221;][\/vc_column][\/vc_row][vc_row full_width=&#8221;stretch_row&#8221; el_class=&#8221;destacado_obra bloque count_personas_personas&#8221; css=&#8221;.vc_custom_1596622299373{padding-top: 20px !important;padding-bottom: 30px !important;}&#8221;][vc_column width=&#8221;1\/12&#8243; css=&#8221;.vc_custom_1596526681054{padding-top: 0px !important;}&#8221;][\/vc_column][vc_column width=&#8221;10\/12&#8243; css=&#8221;.vc_custom_1596526675835{padding-top: 0px !important;}&#8221;][vc_column_text] Obecno\u015b\u0107 w [&hellip;]<\/p>\n","protected":false},"author":1,"featured_media":0,"parent":2751,"menu_order":0,"comment_status":"closed","ping_status":"closed","template":"","meta":[],"acf":[],"yoast_head":"<!-- This site is optimized with the Yoast SEO plugin v20.4 - https:\/\/yoast.com\/wordpress\/plugins\/seo\/ -->\n<title>Valvulas ARCO - Obecno\u015b\u0107 mi\u0119dzynorodowa<\/title>\n<meta name=\"description\" content=\"ARCO jest firm\u0105 hiszpa\u0144sk\u0105, prowadz\u0105c\u0105 dzia\u0142alno\u015b\u0107 na rynku mi\u0119dzynarodowym: nasze produkty s\u0105 sprzedawane w ponad 80 krajach na \u015bwiecie na 5 kontynentach.\" \/>\n<meta name=\"robots\" content=\"index, follow, max-snippet:-1, max-image-preview:large, max-video-preview:-1\" \/>\n<link rel=\"canonical\" href=\"https:\/\/valvulasarco.com\/pl\/firma\/obecnosc-miedzynarodowa\/\" \/>\n<meta property=\"og:locale\" content=\"pl_PL\" \/>\n<meta property=\"og:type\" content=\"article\" \/>\n<meta property=\"og:title\" content=\"Valvulas ARCO - Obecno\u015b\u0107 mi\u0119dzynorodowa\" \/>\n<meta property=\"og:description\" content=\"ARCO jest firm\u0105 hiszpa\u0144sk\u0105, prowadz\u0105c\u0105 dzia\u0142alno\u015b\u0107 na rynku mi\u0119dzynarodowym: nasze produkty s\u0105 sprzedawane w ponad 80 krajach na \u015bwiecie na 5 kontynentach.\" \/>\n<meta property=\"og:url\" content=\"https:\/\/valvulasarco.com\/pl\/firma\/obecnosc-miedzynarodowa\/\" \/>\n<meta property=\"og:site_name\" content=\"Arco\" \/>\n<meta property=\"article:modified_time\" content=\"2022-07-18T08:20:16+00:00\" \/>\n<meta name=\"twitter:card\" content=\"summary_large_image\" \/>\n<meta name=\"twitter:label1\" content=\"Szacowany czas czytania\" \/>\n\t<meta name=\"twitter:data1\" content=\"2 minuty\" \/>\n<script type=\"application\/ld+json\" class=\"yoast-schema-graph\">{\"@context\":\"https:\/\/schema.org\",\"@graph\":[{\"@type\":\"WebPage\",\"@id\":\"https:\/\/valvulasarco.com\/pl\/firma\/obecnosc-miedzynarodowa\/\",\"url\":\"https:\/\/valvulasarco.com\/pl\/firma\/obecnosc-miedzynarodowa\/\",\"name\":\"Valvulas ARCO - Obecno\u015b\u0107 mi\u0119dzynorodowa\",\"isPartOf\":{\"@id\":\"https:\/\/valvulasarco.com\/#website\"},\"datePublished\":\"2020-08-05T09:50:55+00:00\",\"dateModified\":\"2022-07-18T08:20:16+00:00\",\"description\":\"ARCO jest firm\u0105 hiszpa\u0144sk\u0105, prowadz\u0105c\u0105 dzia\u0142alno\u015b\u0107 na rynku mi\u0119dzynarodowym: nasze produkty s\u0105 sprzedawane w ponad 80 krajach na \u015bwiecie na 5 kontynentach.\",\"breadcrumb\":{\"@id\":\"https:\/\/valvulasarco.com\/pl\/firma\/obecnosc-miedzynarodowa\/#breadcrumb\"},\"inLanguage\":\"pl-PL\",\"potentialAction\":[{\"@type\":\"ReadAction\",\"target\":[\"https:\/\/valvulasarco.com\/pl\/firma\/obecnosc-miedzynarodowa\/\"]}]},{\"@type\":\"BreadcrumbList\",\"@id\":\"https:\/\/valvulasarco.com\/pl\/firma\/obecnosc-miedzynarodowa\/#breadcrumb\",\"itemListElement\":[{\"@type\":\"ListItem\",\"position\":1,\"name\":\"Portada\",\"item\":\"https:\/\/valvulasarco.com\/pl\/\"},{\"@type\":\"ListItem\",\"position\":2,\"name\":\"Firma\",\"item\":\"https:\/\/valvulasarco.com\/pl\/firma\/\"},{\"@type\":\"ListItem\",\"position\":3,\"name\":\"Obecno\u015b\u0107 mi\u0119dzynarodowa\"}]},{\"@type\":\"WebSite\",\"@id\":\"https:\/\/valvulasarco.com\/#website\",\"url\":\"https:\/\/valvulasarco.com\/\",\"name\":\"Arco\",\"description\":\"Arco\",\"publisher\":{\"@id\":\"https:\/\/valvulasarco.com\/#organization\"},\"potentialAction\":[{\"@type\":\"SearchAction\",\"target\":{\"@type\":\"EntryPoint\",\"urlTemplate\":\"https:\/\/valvulasarco.com\/?s={search_term_string}\"},\"query-input\":\"required name=search_term_string\"}],\"inLanguage\":\"pl-PL\"},{\"@type\":\"Organization\",\"@id\":\"https:\/\/valvulasarco.com\/#organization\",\"name\":\"Arco\",\"url\":\"https:\/\/valvulasarco.com\/\",\"logo\":{\"@type\":\"ImageObject\",\"inLanguage\":\"pl-PL\",\"@id\":\"https:\/\/valvulasarco.com\/#\/schema\/logo\/image\/\",\"url\":\"https:\/\/valvulasarco.com\/wp-content\/uploads\/2020\/11\/Logo-Arco.png\",\"contentUrl\":\"https:\/\/valvulasarco.com\/wp-content\/uploads\/2020\/11\/Logo-Arco.png\",\"width\":750,\"height\":479,\"caption\":\"Arco\"},\"image\":{\"@id\":\"https:\/\/valvulasarco.com\/#\/schema\/logo\/image\/\"}}]}<\/script>\n<!-- \/ Yoast SEO plugin. -->","yoast_head_json":{"title":"Valvulas ARCO - Obecno\u015b\u0107 mi\u0119dzynorodowa","description":"ARCO jest firm\u0105 hiszpa\u0144sk\u0105, prowadz\u0105c\u0105 dzia\u0142alno\u015b\u0107 na rynku mi\u0119dzynarodowym: nasze produkty s\u0105 sprzedawane w ponad 80 krajach na \u015bwiecie na 5 kontynentach.","robots":{"index":"index","follow":"follow","max-snippet":"max-snippet:-1","max-image-preview":"max-image-preview:large","max-video-preview":"max-video-preview:-1"},"canonical":"https:\/\/valvulasarco.com\/pl\/firma\/obecnosc-miedzynarodowa\/","og_locale":"pl_PL","og_type":"article","og_title":"Valvulas ARCO - Obecno\u015b\u0107 mi\u0119dzynorodowa","og_description":"ARCO jest firm\u0105 hiszpa\u0144sk\u0105, prowadz\u0105c\u0105 dzia\u0142alno\u015b\u0107 na rynku mi\u0119dzynarodowym: nasze produkty s\u0105 sprzedawane w ponad 80 krajach na \u015bwiecie na 5 kontynentach.","og_url":"https:\/\/valvulasarco.com\/pl\/firma\/obecnosc-miedzynarodowa\/","og_site_name":"Arco","article_modified_time":"2022-07-18T08:20:16+00:00","twitter_card":"summary_large_image","twitter_misc":{"Szacowany czas czytania":"2 minuty"},"schema":{"@context":"https:\/\/schema.org","@graph":[{"@type":"WebPage","@id":"https:\/\/valvulasarco.com\/pl\/firma\/obecnosc-miedzynarodowa\/","url":"https:\/\/valvulasarco.com\/pl\/firma\/obecnosc-miedzynarodowa\/","name":"Valvulas ARCO - Obecno\u015b\u0107 mi\u0119dzynorodowa","isPartOf":{"@id":"https:\/\/valvulasarco.com\/#website"},"datePublished":"2020-08-05T09:50:55+00:00","dateModified":"2022-07-18T08:20:16+00:00","description":"ARCO jest firm\u0105 hiszpa\u0144sk\u0105, prowadz\u0105c\u0105 dzia\u0142alno\u015b\u0107 na rynku mi\u0119dzynarodowym: nasze produkty s\u0105 sprzedawane w ponad 80 krajach na \u015bwiecie na 5 kontynentach.","breadcrumb":{"@id":"https:\/\/valvulasarco.com\/pl\/firma\/obecnosc-miedzynarodowa\/#breadcrumb"},"inLanguage":"pl-PL","potentialAction":[{"@type":"ReadAction","target":["https:\/\/valvulasarco.com\/pl\/firma\/obecnosc-miedzynarodowa\/"]}]},{"@type":"BreadcrumbList","@id":"https:\/\/valvulasarco.com\/pl\/firma\/obecnosc-miedzynarodowa\/#breadcrumb","itemListElement":[{"@type":"ListItem","position":1,"name":"Portada","item":"https:\/\/valvulasarco.com\/pl\/"},{"@type":"ListItem","position":2,"name":"Firma","item":"https:\/\/valvulasarco.com\/pl\/firma\/"},{"@type":"ListItem","position":3,"name":"Obecno\u015b\u0107 mi\u0119dzynarodowa"}]},{"@type":"WebSite","@id":"https:\/\/valvulasarco.com\/#website","url":"https:\/\/valvulasarco.com\/","name":"Arco","description":"Arco","publisher":{"@id":"https:\/\/valvulasarco.com\/#organization"},"potentialAction":[{"@type":"SearchAction","target":{"@type":"EntryPoint","urlTemplate":"https:\/\/valvulasarco.com\/?s={search_term_string}"},"query-input":"required name=search_term_string"}],"inLanguage":"pl-PL"},{"@type":"Organization","@id":"https:\/\/valvulasarco.com\/#organization","name":"Arco","url":"https:\/\/valvulasarco.com\/","logo":{"@type":"ImageObject","inLanguage":"pl-PL","@id":"https:\/\/valvulasarco.com\/#\/schema\/logo\/image\/","url":"https:\/\/valvulasarco.com\/wp-content\/uploads\/2020\/11\/Logo-Arco.png","contentUrl":"https:\/\/valvulasarco.com\/wp-content\/uploads\/2020\/11\/Logo-Arco.png","width":750,"height":479,"caption":"Arco"},"image":{"@id":"https:\/\/valvulasarco.com\/#\/schema\/logo\/image\/"}}]}},"_links":{"self":[{"href":"https:\/\/valvulasarco.com\/pl\/wp-json\/wp\/v2\/pages\/2904"}],"collection":[{"href":"https:\/\/valvulasarco.com\/pl\/wp-json\/wp\/v2\/pages"}],"about":[{"href":"https:\/\/valvulasarco.com\/pl\/wp-json\/wp\/v2\/types\/page"}],"author":[{"embeddable":true,"href":"https:\/\/valvulasarco.com\/pl\/wp-json\/wp\/v2\/users\/1"}],"replies":[{"embeddable":true,"href":"https:\/\/valvulasarco.com\/pl\/wp-json\/wp\/v2\/comments?post=2904"}],"version-history":[{"count":11,"href":"https:\/\/valvulasarco.com\/pl\/wp-json\/wp\/v2\/pages\/2904\/revisions"}],"predecessor-version":[{"id":7580,"href":"https:\/\/valvulasarco.com\/pl\/wp-json\/wp\/v2\/pages\/2904\/revisions\/7580"}],"up":[{"embeddable":true,"href":"https:\/\/valvulasarco.com\/pl\/wp-json\/wp\/v2\/pages\/2751"}],"wp:attachment":[{"href":"https:\/\/valvulasarco.com\/pl\/wp-json\/wp\/v2\/media?parent=2904"}],"curies":[{"name":"wp","href":"https:\/\/api.w.org\/{rel}","templated":true}]}}