{"id":2900,"date":"2020-08-03T08:01:33","date_gmt":"2020-08-03T08:01:33","guid":{"rendered":"https:\/\/valvulasarco.com\/firma\/personas\/"},"modified":"2021-04-15T08:07:05","modified_gmt":"2021-04-15T08:07:05","slug":"zespol","status":"publish","type":"page","link":"https:\/\/valvulasarco.com\/pl\/firma\/zespol\/","title":{"rendered":"Zesp\u00f3\u0142"},"content":{"rendered":"<p>[vc_row full_width=&#8221;stretch_row&#8221; el_class=&#8221;banner_pagina&#8221; css=&#8221;.vc_custom_1596441716055{background-image: url(https:\/\/valvulasarco.com\/wp-content\/uploads\/2020\/08\/personas.jpg?id=697) !important;background-position: center !important;background-repeat: no-repeat !important;background-size: cover !important;}&#8221;][vc_column width=&#8221;7\/12&#8243; css=&#8221;.vc_custom_1594131934187{padding-top: 0px !important;}&#8221;][vc_column_text]<\/p>\n<h1>ZESP\u00d3\u0141<\/h1>\n<h2>Pracownicy to prawdziwy nap\u0119d naszej firmy<\/h2>\n<p>[\/vc_column_text][\/vc_column][vc_column width=&#8221;5\/12&#8243; css=&#8221;.vc_custom_1594131938133{padding-top: 0px !important;}&#8221;][\/vc_column][\/vc_row][vc_row full_width=&#8221;stretch_row&#8221; el_class=&#8221;breadcrumb&#8221; css=&#8221;.vc_custom_1596448378197{background-color: #f0f0f0 !important;}&#8221;][vc_column css=&#8221;.vc_custom_1594132444794{padding-top: 0px !important;}&#8221;]<div itemscope itemtype=\"https:\/\/schema.org\/BreadcrumbList\" id=\"breadcrumb\"><div itemprop=\"itemListElement\" itemscope itemtype=\"https:\/\/schema.org\/ListItem\"><a itemprop=\"item\" href=\"https:\/\/valvulasarco.com\/pl\/\"><span class=\"vc_icon_element-icon fa fa-home\"><\/span><span itemprop=\"name\">Home<\/span><\/a><meta itemprop=\"position\" content=\"1\" \/><\/div><div itemprop=\"itemListElement hola\" itemscope itemtype=\"https:\/\/schema.org\/ListItem\"><span>><\/span><a itemprop=\"item\" href=\"https:\/\/valvulasarco.com\/pl\/firma\/zespol\/\"><span itemprop=\"name\">Zesp\u00f3\u0142<\/span><\/a><meta itemprop=\"position\" content=\"3\"><\/div><\/div>[\/vc_column][\/vc_row][vc_row full_width=&#8221;stretch_row&#8221; el_class=&#8221;destacado_obra bloque count_personas_personas&#8221; css=&#8221;.vc_custom_1596448735590{padding-top: 20px !important;padding-bottom: 20px !important;background-color: #f0f0f0 !important;}&#8221;][vc_column css=&#8221;.vc_custom_1596443870655{padding-top: 0px !important;}&#8221;][vc_column_text]Nasz zesp\u00f3\u0142[\/vc_column_text][\/vc_column][\/vc_row][vc_row full_width=&#8221;stretch_row&#8221; el_class=&#8221;count_personas iconos_internacional iconos_responsive_personas&#8221; css=&#8221;.vc_custom_1605510109559{background-color: #f0f0f0 !important;}&#8221;][vc_column width=&#8221;1\/4&#8243; el_class=&#8221;item_count responsive&#8221; css=&#8221;.vc_custom_1605510126256{padding-top: 0px !important;}&#8221;][vc_column_text el_class=&#8221;etiqueta&#8221;]Ponad[\/vc_column_text][vc_column_text el_class=&#8221;numero&#8221;]400[\/vc_column_text][vc_column_text el_class=&#8221;etiqueta&#8221;]pracownik\u00f3w[\/vc_column_text][\/vc_column][vc_column width=&#8221;1\/4&#8243; el_class=&#8221;item_count responsive&#8221; css=&#8221;.vc_custom_1605510130255{padding-top: 0px !important;}&#8221;][vc_column_text el_class=&#8221;numero&#8221;]10[\/vc_column_text][vc_column_text el_class=&#8221;etiqueta&#8221;]narodowo\u015bci[\/vc_column_text][\/vc_column][vc_column width=&#8221;1\/4&#8243; el_class=&#8221;item_count&#8221; css=&#8221;.vc_custom_1598977895128{padding-top: 0px !important;}&#8221;][vc_column_text el_class=&#8221;numero&#8221;]47[\/vc_column_text][vc_column_text el_class=&#8221;etiqueta&#8221;]lat &#8211; \u015bredni wiek[\/vc_column_text][\/vc_column][vc_column width=&#8221;1\/4&#8243; el_class=&#8221;item_count last&#8221; css=&#8221;.vc_custom_1598977904033{padding-top: 0px !important;}&#8221;][vc_column_text el_class=&#8221;numero&#8221;]17[\/vc_column_text][vc_column_text el_class=&#8221;etiqueta&#8221;]lat &#8211; \u015bredni czas pracy[\/vc_column_text][\/vc_column][\/vc_row][vc_row full_width=&#8221;stretch_row&#8221; el_class=&#8221;count_personas bloque iconos_internacional iconos_responsive_personas&#8221; css=&#8221;.vc_custom_1605510115870{background-color: #f0f0f0 !important;}&#8221;][vc_column width=&#8221;1\/6&#8243; css=&#8221;.vc_custom_1596449283290{padding-top: 0px !important;}&#8221;][\/vc_column][vc_column width=&#8221;2\/3&#8243; css=&#8221;.vc_custom_1596449422769{padding-top: 0px !important;}&#8221;][vc_row_inner][vc_column_inner el_class=&#8221;item_count&#8221; width=&#8221;1\/3&#8243; css=&#8221;.vc_custom_1596449271535{padding-top: 0px !important;}&#8221;][vc_column_text el_class=&#8221;numero&#8221;]2,4%[\/vc_column_text][vc_column_text el_class=&#8221;etiqueta&#8221;]pracownik\u00f3w os\u00f3b z niepe\u0142nosprawno\u015bci\u0105[\/vc_column_text][\/vc_column_inner][vc_column_inner el_class=&#8221;item_count&#8221; width=&#8221;1\/3&#8243; css=&#8221;.vc_custom_1596449275670{padding-top: 0px !important;}&#8221;][vc_column_text el_class=&#8221;numero&#8221;]82%[\/vc_column_text][vc_column_text el_class=&#8221;etiqueta&#8221;]os\u00f3b zatrudnionych na podstawie umowy o prac\u0119[\/vc_column_text][\/vc_column_inner][vc_column_inner el_class=&#8221;item_count last&#8221; width=&#8221;1\/3&#8243; css=&#8221;.vc_custom_1596449279350{padding-top: 0px !important;}&#8221;][vc_column_text el_class=&#8221;numero&#8221;]1%[\/vc_column_text][vc_column_text el_class=&#8221;etiqueta&#8221;]rotacji pracownik\u00f3w[\/vc_column_text][\/vc_column_inner][\/vc_row_inner][\/vc_column][vc_column width=&#8221;1\/6&#8243; css=&#8221;.vc_custom_1596449418043{padding-top: 0px !important;}&#8221;][\/vc_column][\/vc_row][vc_row full_width=&#8221;stretch_row&#8221; el_class=&#8221;bloque valores_personas&#8221; css=&#8221;.vc_custom_1596448233697{background-image: url(https:\/\/valvulasarco.com\/wp-content\/uploads\/2020\/08\/valores.jpg?id=719) !important;background-position: center !important;background-repeat: no-repeat !important;background-size: cover !important;}&#8221;][vc_column css=&#8221;.vc_custom_1596447836741{padding-top: 0px !important;}&#8221;][vc_column_text el_class=&#8221;titular&#8221;]nasze warto\u015bci[\/vc_column_text][vc_column_text]<\/p>\n<ul style=\"text-align: center;\">\n<li>\n<h2>odpowiedzialno\u015b\u0107<\/h2>\n<\/li>\n<li>\n<h2>zaufanie<\/h2>\n<\/li>\n<li>\n<h2>dotrzymywanie s\u0142owa<\/h2>\n<\/li>\n<\/ul>\n<p>[\/vc_column_text][vc_column_text]<\/p>\n<ul style=\"text-align: center; margin-top: 30px;\">\n<li>\n<h2>poszukiwanie wsp\u00f3lnych korzy\u015bci<\/h2>\n<\/li>\n<li>\n<h2>blisko\u015b\u0107<\/h2>\n<\/li>\n<\/ul>\n<p>[\/vc_column_text][vc_column_text]<\/p>\n<ul style=\"text-align: center; margin-top: 30px;\">\n<li>\n<h2>poszanowanie ludzi i otoczenia<\/h2>\n<\/li>\n<\/ul>\n<p>[\/vc_column_text][\/vc_column][\/vc_row][vc_row full_width=&#8221;stretch_row&#8221; css=&#8221;.vc_custom_1596614957462{background-color: #f0f0f0 !important;}&#8221; el_class=&#8221;trabaja_con_nosotros_personas bloque&#8221; el_id=&#8221;trabaja_con_nosotros&#8221;][vc_column width=&#8221;1\/2&#8243; el_class=&#8221;texto&#8221; css=&#8221;.vc_custom_1596443564270{padding-top: 0px !important;}&#8221;][vc_column_text el_class=&#8221;titular&#8221;]<\/p>\n<h2>PRACUJ Z NAMI<\/h2>\n<p>[\/vc_column_text][vc_column_text el_class=&#8221;subtitular texto_azul_personas&#8221;]Do\u0142\u0105cz do naszego zespo\u0142u profesjonalist\u00f3w, w kt\u00f3rym cenimy talent, wysi\u0142ek i motywacj\u0119 do ci\u0105g\u0142ego doskonalenia si\u0119.[\/vc_column_text][\/vc_column][vc_column width=&#8221;1\/2&#8243; el_class=&#8221;ofertas&#8221; css=&#8221;.vc_custom_1596443569564{padding-top: 0px !important;}&#8221;][vc_column_text el_class=&#8221;titular&#8221;]<\/p>\n<h3>Oferty pracy<\/h3>\n<p>[\/vc_column_text][vc_column_text el_class=&#8221;subtitular texto_azul_personas&#8221;]Zobacz, na jakie stanowiska rekrutujemy lub prze\u015blij swoje CV, aby\u015bmy mogli pozna\u0107 Tw\u00f3j profil zawodowy i skontaktowa\u0107 si\u0119 z Tob\u0105 w przypadku dysponowania wolnym stanowiskiem odpowiadaj\u0105cym Twoim kwalifikacjom:[\/vc_column_text][vc_column_text el_class=&#8221;enlace&#8221;]<a href=\"https:\/\/talentclue.com\/es\/company\/10202718\/offers\/menu\/modal\" target=\"_blank\" rel=\"noopener noreferrer\">Wejd\u017a do naszej platformy pracy<\/a>[\/vc_column_text][vc_column_text el_class=&#8221;redes&#8221;]<\/p>\n<ul>\n<li><a href=\"https:\/\/www.linkedin.com\/company\/valvulasarco\/jobs\/\" target=\"_blank\" rel=\"noopener noreferrer\">Linkedin<\/a><\/li>\n<\/ul>\n<p>[\/vc_column_text][\/vc_column][\/vc_row][vc_row el_class=&#8221;destacado_obra bloque titular_sin_padding&#8221;][vc_column css=&#8221;.vc_custom_1596443870655{padding-top: 0px !important;}&#8221;][vc_column_text]<\/p>\n<h3>Korzy\u015bci z bycia cz\u0142onkiem zespo\u0142u ARCO<\/h3>\n<p>[\/vc_column_text][\/vc_column][\/vc_row][vc_row full_width=&#8221;stretch_row_content_no_spaces&#8221; equal_height=&#8221;yes&#8221; el_class=&#8221;mitad_home mitad_derecha personas&#8221;][vc_column width=&#8221;1\/2&#8243; el_class=&#8221;imagen&#8221; css=&#8221;.vc_custom_1618474021577{padding-top: 0px !important;background-image: url(https:\/\/valvulasarco.com\/wp-content\/uploads\/2021\/04\/equipo-efr-2021-ok.jpg?id=5821) !important;background-position: center !important;background-repeat: no-repeat !important;background-size: cover !important;}&#8221;][\/vc_column][vc_column width=&#8221;1\/2&#8243; el_class=&#8221;texto&#8221; css=&#8221;.vc_custom_1593700829527{padding-top: 0px !important;}&#8221;][vc_column_text el_class=&#8221;titular&#8221;]<\/p>\n<h2>efr: Firma Rodzinnie Odpowiedzialna<\/h2>\n<p>[\/vc_column_text][vc_column_text el_class=&#8221;subtitular&#8221;]<\/p>\n<h3>Dba\u0142o\u015b\u0107 o naszych pracownik\u00f3w zosta\u0142a potwierdzona certyfikatem Firmy Rodzinnie Odpowiedzialnej, przyznanym przez Fundacj\u0119 M\u00e1sfamilia. Ide\u0105 tego certyfikatu jest wspieranie godzenia \u017cycia rodzinnego i prywatnego naszych pracownik\u00f3w oraz zapewnianie ich rozwoju nie tylko na gruncie zawodowym, ale tak\u017ce osobistym.\u200b<\/h3>\n<p>[\/vc_column_text][vc_single_image image=&#8221;2764&#8243; img_size=&#8221;117&#215;80&#8243; el_class=&#8221;logo_efr&#8221;][\/vc_column][\/vc_row][vc_row full_width=&#8221;stretch_row_content_no_spaces&#8221; equal_height=&#8221;yes&#8221; el_class=&#8221;mitad_home mitad_izquierda personas&#8221;][vc_column width=&#8221;1\/2&#8243; el_class=&#8221;texto&#8221; css=&#8221;.vc_custom_1593700833376{padding-top: 0px !important;background-position: center !important;background-repeat: no-repeat !important;background-size: cover !important;}&#8221;][vc_column_text el_class=&#8221;titular&#8221;]<\/p>\n<h2>CSR: ARCO dba o Ciebie y ARCO Odpowiedzialne<\/h2>\n<p>[\/vc_column_text][vc_column_text el_class=&#8221;subtitular&#8221;]<\/p>\n<h4>Celem ARCO jest dbanie o pracownik\u00f3w, klient\u00f3w i \u015brodowisko. W tym celu rozwijamy programy: ARCO dba o Ciebie i ARCO Odpowiedzialne. Zarz\u0105dzanie dzia\u0142aniami CSR jest elementem polityki ci\u0105g\u0142ego doskonalenia. Dzi\u0119ki temu pracujemy zgodnie z wytycznymi certyfikatu EFR (Firma Rodzinnie Odpowiedzialna), integrujemy osoby zagro\u017cone wykluczeniem, dbamy o \u015brodowisko naturalne zgodne z ISO 14001 oraz zapewniamy bezpiecze\u0144stwo naszych pracownik\u00f3w wed\u0142ug certyfikatu OSHAS 18001<\/h4>\n<p>[\/vc_column_text][vc_column_text]<img decoding=\"async\" loading=\"lazy\" class=\"imagen_uno_logo\" src=\"https:\/\/valvulasarco.com\/wp-content\/uploads\/2020\/08\/LOGO-ARCO-CUIDA.svg\" alt=\"\" width=\"1\" height=\"1\" \/><img decoding=\"async\" loading=\"lazy\" class=\"imagen_dos_logo\" src=\"https:\/\/valvulasarco.com\/wp-content\/uploads\/2020\/08\/LOGO-ARCO_RESPONSABLE.svg\" alt=\"\" width=\"1\" height=\"1\" \/>[\/vc_column_text][\/vc_column][vc_column width=&#8221;1\/2&#8243; el_class=&#8221;imagen&#8221; css=&#8221;.vc_custom_1596442222214{padding-top: 0px !important;background-image: url(https:\/\/valvulasarco.com\/wp-content\/uploads\/2020\/08\/Botella-Arco-te-cuida-2_1_OPTIMA.jpg?id=705) !important;background-position: center !important;background-repeat: no-repeat !important;background-size: cover !important;}&#8221;][\/vc_column][\/vc_row][vc_row full_width=&#8221;stretch_row&#8221; el_class=&#8221;contacto_obras bloque personas&#8221; css=&#8221;.vc_custom_1596448238253{background-image: url(https:\/\/valvulasarco.com\/wp-content\/uploads\/2020\/07\/contacto_obras.jpg?id=371) !important;background-position: center !important;background-repeat: no-repeat !important;background-size: cover !important;}&#8221;][vc_column css=&#8221;.vc_custom_1594380075736{padding-top: 0px !important;}&#8221;][vc_row_inner][vc_column_inner width=&#8221;1\/12&#8243;][\/vc_column_inner][vc_column_inner width=&#8221;10\/12&#8243; css=&#8221;.vc_custom_1594380067892{padding-top: 0px !important;}&#8221;][vc_column_text el_class=&#8221;titular&#8221; css=&#8221;.vc_custom_1610962860516{margin-bottom: 30px !important;}&#8221;]Do\u0142\u0105cz do naszego zespo\u0142u[\/vc_column_text][vc_column_text el_class=&#8221;boton_gris rosa trabaja_con_boton&#8221;]<\/p>\n<p style=\"text-align: center;\"><a href=\"#trabaja_con_nosotros\">SPRAWD\u0179 NASZE OFERTY PRACY<\/a><\/p>\n<p>[\/vc_column_text][\/vc_column_inner][vc_column_inner width=&#8221;1\/12&#8243;][\/vc_column_inner][\/vc_row_inner][\/vc_column][\/vc_row]<\/p>\n","protected":false},"excerpt":{"rendered":"<p>[vc_row full_width=&#8221;stretch_row&#8221; el_class=&#8221;banner_pagina&#8221; css=&#8221;.vc_custom_1596441716055{background-image: url(https:\/\/valvulasarco.com\/wp-content\/uploads\/2020\/08\/personas.jpg?id=697) !important;background-position: center !important;background-repeat: no-repeat !important;background-size: cover !important;}&#8221;][vc_column width=&#8221;7\/12&#8243; css=&#8221;.vc_custom_1594131934187{padding-top: 0px !important;}&#8221;][vc_column_text] ZESP\u00d3\u0141 Pracownicy to prawdziwy nap\u0119d naszej firmy [\/vc_column_text][\/vc_column][vc_column width=&#8221;5\/12&#8243; css=&#8221;.vc_custom_1594131938133{padding-top: 0px !important;}&#8221;][\/vc_column][\/vc_row][vc_row full_width=&#8221;stretch_row&#8221; el_class=&#8221;breadcrumb&#8221; css=&#8221;.vc_custom_1596448378197{background-color: #f0f0f0 !important;}&#8221;][vc_column css=&#8221;.vc_custom_1594132444794{padding-top: 0px !important;}&#8221;][\/vc_column][\/vc_row][vc_row full_width=&#8221;stretch_row&#8221; el_class=&#8221;destacado_obra bloque count_personas_personas&#8221; css=&#8221;.vc_custom_1596448735590{padding-top: 20px !important;padding-bottom: 20px !important;background-color: #f0f0f0 !important;}&#8221;][vc_column css=&#8221;.vc_custom_1596443870655{padding-top: 0px !important;}&#8221;][vc_column_text]Nasz zesp\u00f3\u0142[\/vc_column_text][\/vc_column][\/vc_row][vc_row full_width=&#8221;stretch_row&#8221; el_class=&#8221;count_personas iconos_internacional iconos_responsive_personas&#8221; [&hellip;]<\/p>\n","protected":false},"author":1,"featured_media":0,"parent":2751,"menu_order":0,"comment_status":"closed","ping_status":"closed","template":"","meta":[],"acf":[],"yoast_head":"<!-- This site is optimized with the Yoast SEO plugin v20.4 - https:\/\/yoast.com\/wordpress\/plugins\/seo\/ -->\n<title>Valvulas ARCO - Zesp\u00f3\u0142<\/title>\n<meta name=\"description\" content=\"Chcesz pracowa\u0107 w ARCO? Wejd\u017a i zobacz, jaki jest nasz zesp\u00f3\u0142, jakie s\u0105 korzy\u015bci z pracy w naszej firmie i na jakie stanowiska aktualnie prowadzimy rekruacj\u0119\" \/>\n<meta name=\"robots\" content=\"index, follow, max-snippet:-1, max-image-preview:large, max-video-preview:-1\" \/>\n<link rel=\"canonical\" href=\"https:\/\/valvulasarco.com\/pl\/firma\/zespol\/\" \/>\n<meta property=\"og:locale\" content=\"pl_PL\" \/>\n<meta property=\"og:type\" content=\"article\" \/>\n<meta property=\"og:title\" content=\"Valvulas ARCO - Zesp\u00f3\u0142\" \/>\n<meta property=\"og:description\" content=\"Chcesz pracowa\u0107 w ARCO? Wejd\u017a i zobacz, jaki jest nasz zesp\u00f3\u0142, jakie s\u0105 korzy\u015bci z pracy w naszej firmie i na jakie stanowiska aktualnie prowadzimy rekruacj\u0119\" \/>\n<meta property=\"og:url\" content=\"https:\/\/valvulasarco.com\/pl\/firma\/zespol\/\" \/>\n<meta property=\"og:site_name\" content=\"Arco\" \/>\n<meta property=\"article:modified_time\" content=\"2021-04-15T08:07:05+00:00\" \/>\n<meta property=\"og:image\" content=\"https:\/\/valvulasarco.com\/wp-content\/uploads\/2020\/08\/LOGO-ARCO-CUIDA.svg\" \/>\n<meta name=\"twitter:card\" content=\"summary_large_image\" \/>\n<meta name=\"twitter:label1\" content=\"Szacowany czas czytania\" \/>\n\t<meta name=\"twitter:data1\" content=\"3 minuty\" \/>\n<script type=\"application\/ld+json\" class=\"yoast-schema-graph\">{\"@context\":\"https:\/\/schema.org\",\"@graph\":[{\"@type\":\"WebPage\",\"@id\":\"https:\/\/valvulasarco.com\/pl\/firma\/zespol\/\",\"url\":\"https:\/\/valvulasarco.com\/pl\/firma\/zespol\/\",\"name\":\"Valvulas ARCO - Zesp\u00f3\u0142\",\"isPartOf\":{\"@id\":\"https:\/\/valvulasarco.com\/#website\"},\"datePublished\":\"2020-08-03T08:01:33+00:00\",\"dateModified\":\"2021-04-15T08:07:05+00:00\",\"description\":\"Chcesz pracowa\u0107 w ARCO? Wejd\u017a i zobacz, jaki jest nasz zesp\u00f3\u0142, jakie s\u0105 korzy\u015bci z pracy w naszej firmie i na jakie stanowiska aktualnie prowadzimy rekruacj\u0119\",\"breadcrumb\":{\"@id\":\"https:\/\/valvulasarco.com\/pl\/firma\/zespol\/#breadcrumb\"},\"inLanguage\":\"pl-PL\",\"potentialAction\":[{\"@type\":\"ReadAction\",\"target\":[\"https:\/\/valvulasarco.com\/pl\/firma\/zespol\/\"]}]},{\"@type\":\"BreadcrumbList\",\"@id\":\"https:\/\/valvulasarco.com\/pl\/firma\/zespol\/#breadcrumb\",\"itemListElement\":[{\"@type\":\"ListItem\",\"position\":1,\"name\":\"Portada\",\"item\":\"https:\/\/valvulasarco.com\/pl\/\"},{\"@type\":\"ListItem\",\"position\":2,\"name\":\"Firma\",\"item\":\"https:\/\/valvulasarco.com\/pl\/firma\/\"},{\"@type\":\"ListItem\",\"position\":3,\"name\":\"Zesp\u00f3\u0142\"}]},{\"@type\":\"WebSite\",\"@id\":\"https:\/\/valvulasarco.com\/#website\",\"url\":\"https:\/\/valvulasarco.com\/\",\"name\":\"Arco\",\"description\":\"Arco\",\"publisher\":{\"@id\":\"https:\/\/valvulasarco.com\/#organization\"},\"potentialAction\":[{\"@type\":\"SearchAction\",\"target\":{\"@type\":\"EntryPoint\",\"urlTemplate\":\"https:\/\/valvulasarco.com\/?s={search_term_string}\"},\"query-input\":\"required name=search_term_string\"}],\"inLanguage\":\"pl-PL\"},{\"@type\":\"Organization\",\"@id\":\"https:\/\/valvulasarco.com\/#organization\",\"name\":\"Arco\",\"url\":\"https:\/\/valvulasarco.com\/\",\"logo\":{\"@type\":\"ImageObject\",\"inLanguage\":\"pl-PL\",\"@id\":\"https:\/\/valvulasarco.com\/#\/schema\/logo\/image\/\",\"url\":\"https:\/\/valvulasarco.com\/wp-content\/uploads\/2020\/11\/Logo-Arco.png\",\"contentUrl\":\"https:\/\/valvulasarco.com\/wp-content\/uploads\/2020\/11\/Logo-Arco.png\",\"width\":750,\"height\":479,\"caption\":\"Arco\"},\"image\":{\"@id\":\"https:\/\/valvulasarco.com\/#\/schema\/logo\/image\/\"}}]}<\/script>\n<!-- \/ Yoast SEO plugin. -->","yoast_head_json":{"title":"Valvulas ARCO - Zesp\u00f3\u0142","description":"Chcesz pracowa\u0107 w ARCO? Wejd\u017a i zobacz, jaki jest nasz zesp\u00f3\u0142, jakie s\u0105 korzy\u015bci z pracy w naszej firmie i na jakie stanowiska aktualnie prowadzimy rekruacj\u0119","robots":{"index":"index","follow":"follow","max-snippet":"max-snippet:-1","max-image-preview":"max-image-preview:large","max-video-preview":"max-video-preview:-1"},"canonical":"https:\/\/valvulasarco.com\/pl\/firma\/zespol\/","og_locale":"pl_PL","og_type":"article","og_title":"Valvulas ARCO - Zesp\u00f3\u0142","og_description":"Chcesz pracowa\u0107 w ARCO? Wejd\u017a i zobacz, jaki jest nasz zesp\u00f3\u0142, jakie s\u0105 korzy\u015bci z pracy w naszej firmie i na jakie stanowiska aktualnie prowadzimy rekruacj\u0119","og_url":"https:\/\/valvulasarco.com\/pl\/firma\/zespol\/","og_site_name":"Arco","article_modified_time":"2021-04-15T08:07:05+00:00","og_image":[{"url":"https:\/\/valvulasarco.com\/wp-content\/uploads\/2020\/08\/LOGO-ARCO-CUIDA.svg"}],"twitter_card":"summary_large_image","twitter_misc":{"Szacowany czas czytania":"3 minuty"},"schema":{"@context":"https:\/\/schema.org","@graph":[{"@type":"WebPage","@id":"https:\/\/valvulasarco.com\/pl\/firma\/zespol\/","url":"https:\/\/valvulasarco.com\/pl\/firma\/zespol\/","name":"Valvulas ARCO - Zesp\u00f3\u0142","isPartOf":{"@id":"https:\/\/valvulasarco.com\/#website"},"datePublished":"2020-08-03T08:01:33+00:00","dateModified":"2021-04-15T08:07:05+00:00","description":"Chcesz pracowa\u0107 w ARCO? Wejd\u017a i zobacz, jaki jest nasz zesp\u00f3\u0142, jakie s\u0105 korzy\u015bci z pracy w naszej firmie i na jakie stanowiska aktualnie prowadzimy rekruacj\u0119","breadcrumb":{"@id":"https:\/\/valvulasarco.com\/pl\/firma\/zespol\/#breadcrumb"},"inLanguage":"pl-PL","potentialAction":[{"@type":"ReadAction","target":["https:\/\/valvulasarco.com\/pl\/firma\/zespol\/"]}]},{"@type":"BreadcrumbList","@id":"https:\/\/valvulasarco.com\/pl\/firma\/zespol\/#breadcrumb","itemListElement":[{"@type":"ListItem","position":1,"name":"Portada","item":"https:\/\/valvulasarco.com\/pl\/"},{"@type":"ListItem","position":2,"name":"Firma","item":"https:\/\/valvulasarco.com\/pl\/firma\/"},{"@type":"ListItem","position":3,"name":"Zesp\u00f3\u0142"}]},{"@type":"WebSite","@id":"https:\/\/valvulasarco.com\/#website","url":"https:\/\/valvulasarco.com\/","name":"Arco","description":"Arco","publisher":{"@id":"https:\/\/valvulasarco.com\/#organization"},"potentialAction":[{"@type":"SearchAction","target":{"@type":"EntryPoint","urlTemplate":"https:\/\/valvulasarco.com\/?s={search_term_string}"},"query-input":"required name=search_term_string"}],"inLanguage":"pl-PL"},{"@type":"Organization","@id":"https:\/\/valvulasarco.com\/#organization","name":"Arco","url":"https:\/\/valvulasarco.com\/","logo":{"@type":"ImageObject","inLanguage":"pl-PL","@id":"https:\/\/valvulasarco.com\/#\/schema\/logo\/image\/","url":"https:\/\/valvulasarco.com\/wp-content\/uploads\/2020\/11\/Logo-Arco.png","contentUrl":"https:\/\/valvulasarco.com\/wp-content\/uploads\/2020\/11\/Logo-Arco.png","width":750,"height":479,"caption":"Arco"},"image":{"@id":"https:\/\/valvulasarco.com\/#\/schema\/logo\/image\/"}}]}},"_links":{"self":[{"href":"https:\/\/valvulasarco.com\/pl\/wp-json\/wp\/v2\/pages\/2900"}],"collection":[{"href":"https:\/\/valvulasarco.com\/pl\/wp-json\/wp\/v2\/pages"}],"about":[{"href":"https:\/\/valvulasarco.com\/pl\/wp-json\/wp\/v2\/types\/page"}],"author":[{"embeddable":true,"href":"https:\/\/valvulasarco.com\/pl\/wp-json\/wp\/v2\/users\/1"}],"replies":[{"embeddable":true,"href":"https:\/\/valvulasarco.com\/pl\/wp-json\/wp\/v2\/comments?post=2900"}],"version-history":[{"count":11,"href":"https:\/\/valvulasarco.com\/pl\/wp-json\/wp\/v2\/pages\/2900\/revisions"}],"predecessor-version":[{"id":5919,"href":"https:\/\/valvulasarco.com\/pl\/wp-json\/wp\/v2\/pages\/2900\/revisions\/5919"}],"up":[{"embeddable":true,"href":"https:\/\/valvulasarco.com\/pl\/wp-json\/wp\/v2\/pages\/2751"}],"wp:attachment":[{"href":"https:\/\/valvulasarco.com\/pl\/wp-json\/wp\/v2\/media?parent=2900"}],"curies":[{"name":"wp","href":"https:\/\/api.w.org\/{rel}","templated":true}]}}