{"id":12610,"date":"2024-11-20T13:01:46","date_gmt":"2024-11-20T12:01:46","guid":{"rendered":"https:\/\/valvulasarco.com\/12271-2\/"},"modified":"2024-12-02T10:34:09","modified_gmt":"2024-12-02T09:34:09","slug":"zawor-sena-ni-free","status":"publish","type":"page","link":"https:\/\/valvulasarco.com\/pl\/zawor-sena-ni-free\/","title":{"rendered":"SENA Ni Free Inox"},"content":{"rendered":"<p>[vc_row full_width=&#8221;stretch_row&#8221; equal_height=&#8221;yes&#8221; content_placement=&#8221;middle&#8221; css=&#8221;.vc_custom_1732274402677{padding-top: 60px !important;padding-bottom: 60px !important;background-image: url(https:\/\/valvulasarco.com\/wp-content\/uploads\/2024\/11\/gradient04.png?id=12556) !important;}&#8221; el_class=&#8221;mitad_home mitad_izquierda nosotros&#8221;][vc_column width=&#8221;1\/2&#8243; el_class=&#8221;texto&#8221;][vc_column_text css=&#8221;.vc_custom_1733126695871{margin-bottom: 0px !important;}&#8221; el_class=&#8221;titular&#8221;]<\/p>\n<h3 style=\"text-align: right;\"><span style=\"color: #ffffff;\">NOWA<\/span><\/h3>\n<p>[\/vc_column_text][vc_column_text css=&#8221;.vc_custom_1732274282050{margin-bottom: 0px !important;}&#8221; el_class=&#8221;titular&#8221;]<\/p>\n<h3 style=\"text-align: right;\"><span style=\"color: #ffffff;\"><strong>SENA NI FREE\u00a0<\/strong><\/span><\/h3>\n<p>[\/vc_column_text][vc_column_text css=&#8221;.vc_custom_1733126749336{margin-bottom: 0px !important;}&#8221; el_class=&#8221;titular&#8221;]<\/p>\n<h3 style=\"text-align: right;\"><span style=\"color: #ffffff;\"><strong>D\u0179WIGNIA INOX 2025<\/strong><\/span><\/h3>\n<p>[\/vc_column_text][\/vc_column][vc_column width=&#8221;1\/2&#8243; offset=&#8221;vc_hidden-sm vc_hidden-xs&#8221;][vc_single_image image=&#8221;12305&#8243; img_size=&#8221;full&#8221; alignment=&#8221;center&#8221; el_class=&#8221;imagen&#8221;][\/vc_column][\/vc_row][vc_row equal_height=&#8221;yes&#8221;][vc_column][vc_column_text]<\/p>\n<p style=\"font-weight: 300; text-align: left;\"><strong>W ARCO nieustannie wprowadzamy innowacje, aby oferowa\u0107 najlepsze rozwi\u0105zania w zakresie instalacji wodno-kanalizacyjnych i grzewczych, dostosowuj\u0105c si\u0119 do wymaga\u0144 stale rozwijaj\u0105cego si\u0119 rynku.<\/strong><\/p>\n<p>Przedstawiamy now\u0105 wersj\u0119 naszego popularnego zaworu kulowego<strong> SENA: SENA Ni Free Inox 2025,<\/strong> teraz z zaawansowanymi funkcjami technicznymi, kt\u00f3re zapewniaj\u0105 solidn\u0105 i bezpieczn\u0105 instalacj\u0119.<br \/>\nDzi\u0119ki zoptymalizowanemu projektowi i wysokiej jako\u015bci materia\u0142om, ten zaw\u00f3r oferuje wi\u0119ksz\u0105 odporno\u015b\u0107, trwa\u0142o\u015b\u0107 i wydajno\u015b\u0107.<\/p>\n<p><strong>Jest to idealne rozwi\u0105zanie do zastosowa\u0144 w wodzie pitnej, ogrzewaniu, CWU i sieciach dystrybucji.<\/strong>[\/vc_column_text][\/vc_column][\/vc_row][vc_row][vc_column][vc_row_inner css=&#8221;.vc_custom_1732116333956{padding-top: 20px !important;padding-bottom: 20px !important;}&#8221;][vc_column_inner width=&#8221;1\/4&#8243; offset=&#8221;vc_hidden-sm vc_hidden-xs&#8221;][vc_single_image image=&#8221;12305&#8243; img_size=&#8221;full&#8221; alignment=&#8221;center&#8221; css_animation=&#8221;left-to-right&#8221;][vc_empty_space][\/vc_column_inner][vc_column_inner width=&#8221;1\/4&#8243; offset=&#8221;vc_hidden-sm vc_hidden-xs&#8221;][vc_single_image image=&#8221;12352&#8243; img_size=&#8221;full&#8221; alignment=&#8221;center&#8221; css_animation=&#8221;left-to-right&#8221;][vc_empty_space][\/vc_column_inner][vc_column_inner width=&#8221;1\/4&#8243; offset=&#8221;vc_hidden-sm vc_hidden-xs&#8221;][vc_single_image image=&#8221;12359&#8243; img_size=&#8221;full&#8221; alignment=&#8221;center&#8221; css_animation=&#8221;left-to-right&#8221;][vc_empty_space][\/vc_column_inner][vc_column_inner width=&#8221;1\/4&#8243; offset=&#8221;vc_hidden-sm vc_hidden-xs&#8221;][vc_single_image image=&#8221;12366&#8243; img_size=&#8221;full&#8221; alignment=&#8221;center&#8221; css_animation=&#8221;left-to-right&#8221;][vc_empty_space][\/vc_column_inner][\/vc_row_inner][\/vc_column][\/vc_row][vc_row full_width=&#8221;stretch_row&#8221; equal_height=&#8221;yes&#8221; content_placement=&#8221;middle&#8221; css=&#8221;.vc_custom_1732113528477{background-image: url(https:\/\/valvulasarco.com\/wp-content\/uploads\/2024\/11\/gradient04.png?id=12556) !important;}&#8221;][vc_column css=&#8221;.vc_custom_1732097988514{padding-bottom: 60px !important;}&#8221;][vc_column_text]<\/p>\n<h2 style=\"text-align: center; font-weight: 300;\"><strong><span style=\"color: #ffffff;\">NOWA GAMA SENA CHARAKTERYZUJE SI\u0118 NAST\u0118PUJ\u0104CYMI CECHAMI:<\/span><\/strong><\/h2>\n<p>[\/vc_column_text][\/vc_column][\/vc_row][vc_row full_width=&#8221;stretch_row&#8221; content_placement=&#8221;middle&#8221; css=&#8221;.vc_custom_1732098116382{padding-top: 10px !important;padding-bottom: 25px !important;}&#8221;][vc_column width=&#8221;1\/6&#8243;][\/vc_column][vc_column width=&#8221;2\/3&#8243;][vc_single_image image=&#8221;12681&#8243; img_size=&#8221;full&#8221; css_animation=&#8221;none&#8221;][\/vc_column][vc_column width=&#8221;1\/6&#8243;][\/vc_column][\/vc_row][vc_row full_width=&#8221;stretch_row&#8221; equal_height=&#8221;yes&#8221; content_placement=&#8221;middle&#8221; css=&#8221;.vc_custom_1732259396615{padding-top: 150px !important;padding-bottom: 150px !important;background-image: url(https:\/\/valvulasarco.com\/wp-content\/uploads\/2024\/11\/sena-arco8.png?id=12640) !important;background-position: center !important;background-repeat: no-repeat !important;background-size: cover !important;}&#8221;][vc_column width=&#8221;1\/2&#8243;][\/vc_column][vc_column width=&#8221;1\/2&#8243;][vc_column_text]<\/p>\n<h2 style=\"text-align: center; font-weight: 300;\"><span style=\"color: #192d4d;\">Pobierz kart\u0119 techniczn\u0105, aby uzyska\u0107 wi\u0119cej informacji i sprawd\u017a tabel\u0119 por\u00f3wnawcz\u0105 z poprzednim modelem.<\/span><\/h2>\n<p>[\/vc_column_text][vc_empty_space][vc_row_inner][vc_column_inner width=&#8221;1\/2&#8243;][vc_btn title=&#8221;Karty techniczne&#8221; style=&#8221;custom&#8221; custom_background=&#8221;#192d4d&#8221; custom_text=&#8221;#ffffff&#8221; size=&#8221;lg&#8221; align=&#8221;center&#8221; button_block=&#8221;true&#8221; link=&#8221;url:https%3A%2F%2Fvalvulasarco.com%2Fwp-content%2Fuploads%2F2024%2F11%2FARCO-SENA.pdf|target:_blank&#8221;][\/vc_column_inner][vc_column_inner width=&#8221;1\/2&#8243;][vc_btn title=&#8221;Tabela por\u00f3wnawcza&#8221; style=&#8221;custom&#8221; custom_background=&#8221;#192d4d&#8221; custom_text=&#8221;#ffffff&#8221; size=&#8221;lg&#8221; align=&#8221;center&#8221; button_block=&#8221;true&#8221; link=&#8221;url:https%3A%2F%2Fvalvulasarco.com%2Fwp-content%2Fuploads%2F2024%2F12%2FTabela-porownawcza.xlsx|target:_blank&#8221;][\/vc_column_inner][\/vc_row_inner][\/vc_column][\/vc_row]<\/p>\n","protected":false},"excerpt":{"rendered":"<p>[vc_row full_width=&#8221;stretch_row&#8221; equal_height=&#8221;yes&#8221; content_placement=&#8221;middle&#8221; css=&#8221;.vc_custom_1732274402677{padding-top: 60px !important;padding-bottom: 60px !important;background-image: url(https:\/\/valvulasarco.com\/wp-content\/uploads\/2024\/11\/gradient04.png?id=12556) !important;}&#8221; el_class=&#8221;mitad_home mitad_izquierda nosotros&#8221;][vc_column width=&#8221;1\/2&#8243; el_class=&#8221;texto&#8221;][vc_column_text css=&#8221;.vc_custom_1733126695871{margin-bottom: 0px !important;}&#8221; el_class=&#8221;titular&#8221;] NOWA [\/vc_column_text][vc_column_text css=&#8221;.vc_custom_1732274282050{margin-bottom: 0px !important;}&#8221; el_class=&#8221;titular&#8221;] SENA NI FREE\u00a0 [\/vc_column_text][vc_column_text css=&#8221;.vc_custom_1733126749336{margin-bottom: 0px !important;}&#8221; el_class=&#8221;titular&#8221;] D\u0179WIGNIA INOX 2025 [\/vc_column_text][\/vc_column][vc_column width=&#8221;1\/2&#8243; offset=&#8221;vc_hidden-sm vc_hidden-xs&#8221;][vc_single_image image=&#8221;12305&#8243; img_size=&#8221;full&#8221; alignment=&#8221;center&#8221; el_class=&#8221;imagen&#8221;][\/vc_column][\/vc_row][vc_row equal_height=&#8221;yes&#8221;][vc_column][vc_column_text] W ARCO nieustannie wprowadzamy innowacje, aby oferowa\u0107 najlepsze rozwi\u0105zania [&hellip;]<\/p>\n","protected":false},"author":9,"featured_media":12616,"parent":0,"menu_order":0,"comment_status":"closed","ping_status":"closed","template":"","meta":[],"acf":[],"yoast_head":"<!-- This site is optimized with the Yoast SEO plugin v20.4 - https:\/\/yoast.com\/wordpress\/plugins\/seo\/ -->\n<title>Zaw\u00f3r SENA Ni Free Inox \u2013 Nowo\u015b\u0107 ARCO 2025<\/title>\n<meta name=\"description\" content=\"SENA Ni Free Inox 2025 \u2013 nowy zaw\u00f3r ARCO. Trwa\u0142y, odporny i bezpieczny. Idealny do wody pitnej, CWU i ogrzewania.\" \/>\n<meta name=\"robots\" content=\"index, follow, max-snippet:-1, max-image-preview:large, max-video-preview:-1\" \/>\n<link rel=\"canonical\" href=\"https:\/\/valvulasarco.com\/pl\/zawor-sena-ni-free\/\" \/>\n<meta property=\"og:locale\" content=\"pl_PL\" \/>\n<meta property=\"og:type\" content=\"article\" \/>\n<meta property=\"og:title\" content=\"Zaw\u00f3r SENA Ni Free Inox \u2013 Nowo\u015b\u0107 ARCO 2025\" \/>\n<meta property=\"og:description\" content=\"SENA Ni Free Inox 2025 \u2013 nowy zaw\u00f3r ARCO. Trwa\u0142y, odporny i bezpieczny. Idealny do wody pitnej, CWU i ogrzewania.\" \/>\n<meta property=\"og:url\" content=\"https:\/\/valvulasarco.com\/pl\/zawor-sena-ni-free\/\" \/>\n<meta property=\"og:site_name\" content=\"Arco\" \/>\n<meta property=\"article:modified_time\" content=\"2024-12-02T09:34:09+00:00\" \/>\n<meta property=\"og:image\" content=\"https:\/\/valvulasarco.com\/wp-content\/uploads\/2024\/11\/sena-valve.png\" \/>\n\t<meta property=\"og:image:width\" content=\"600\" \/>\n\t<meta property=\"og:image:height\" content=\"600\" \/>\n\t<meta property=\"og:image:type\" content=\"image\/png\" \/>\n<meta name=\"twitter:card\" content=\"summary_large_image\" \/>\n<meta name=\"twitter:label1\" content=\"Szacowany czas czytania\" \/>\n\t<meta name=\"twitter:data1\" content=\"2 minuty\" \/>\n<script type=\"application\/ld+json\" class=\"yoast-schema-graph\">{\"@context\":\"https:\/\/schema.org\",\"@graph\":[{\"@type\":\"WebPage\",\"@id\":\"https:\/\/valvulasarco.com\/pl\/zawor-sena-ni-free\/\",\"url\":\"https:\/\/valvulasarco.com\/pl\/zawor-sena-ni-free\/\",\"name\":\"Zaw\u00f3r SENA Ni Free Inox \u2013 Nowo\u015b\u0107 ARCO 2025\",\"isPartOf\":{\"@id\":\"https:\/\/valvulasarco.com\/#website\"},\"datePublished\":\"2024-11-20T12:01:46+00:00\",\"dateModified\":\"2024-12-02T09:34:09+00:00\",\"description\":\"SENA Ni Free Inox 2025 \u2013 nowy zaw\u00f3r ARCO. Trwa\u0142y, odporny i bezpieczny. Idealny do wody pitnej, CWU i ogrzewania.\",\"breadcrumb\":{\"@id\":\"https:\/\/valvulasarco.com\/pl\/zawor-sena-ni-free\/#breadcrumb\"},\"inLanguage\":\"pl-PL\",\"potentialAction\":[{\"@type\":\"ReadAction\",\"target\":[\"https:\/\/valvulasarco.com\/pl\/zawor-sena-ni-free\/\"]}]},{\"@type\":\"BreadcrumbList\",\"@id\":\"https:\/\/valvulasarco.com\/pl\/zawor-sena-ni-free\/#breadcrumb\",\"itemListElement\":[{\"@type\":\"ListItem\",\"position\":1,\"name\":\"Portada\",\"item\":\"https:\/\/valvulasarco.com\/pl\/\"},{\"@type\":\"ListItem\",\"position\":2,\"name\":\"SENA Ni Free Inox\"}]},{\"@type\":\"WebSite\",\"@id\":\"https:\/\/valvulasarco.com\/#website\",\"url\":\"https:\/\/valvulasarco.com\/\",\"name\":\"Arco\",\"description\":\"Arco\",\"publisher\":{\"@id\":\"https:\/\/valvulasarco.com\/#organization\"},\"potentialAction\":[{\"@type\":\"SearchAction\",\"target\":{\"@type\":\"EntryPoint\",\"urlTemplate\":\"https:\/\/valvulasarco.com\/?s={search_term_string}\"},\"query-input\":\"required name=search_term_string\"}],\"inLanguage\":\"pl-PL\"},{\"@type\":\"Organization\",\"@id\":\"https:\/\/valvulasarco.com\/#organization\",\"name\":\"Arco\",\"url\":\"https:\/\/valvulasarco.com\/\",\"logo\":{\"@type\":\"ImageObject\",\"inLanguage\":\"pl-PL\",\"@id\":\"https:\/\/valvulasarco.com\/#\/schema\/logo\/image\/\",\"url\":\"https:\/\/valvulasarco.com\/wp-content\/uploads\/2020\/11\/Logo-Arco.png\",\"contentUrl\":\"https:\/\/valvulasarco.com\/wp-content\/uploads\/2020\/11\/Logo-Arco.png\",\"width\":750,\"height\":479,\"caption\":\"Arco\"},\"image\":{\"@id\":\"https:\/\/valvulasarco.com\/#\/schema\/logo\/image\/\"}}]}<\/script>\n<!-- \/ Yoast SEO plugin. -->","yoast_head_json":{"title":"Zaw\u00f3r SENA Ni Free Inox \u2013 Nowo\u015b\u0107 ARCO 2025","description":"SENA Ni Free Inox 2025 \u2013 nowy zaw\u00f3r ARCO. Trwa\u0142y, odporny i bezpieczny. Idealny do wody pitnej, CWU i ogrzewania.","robots":{"index":"index","follow":"follow","max-snippet":"max-snippet:-1","max-image-preview":"max-image-preview:large","max-video-preview":"max-video-preview:-1"},"canonical":"https:\/\/valvulasarco.com\/pl\/zawor-sena-ni-free\/","og_locale":"pl_PL","og_type":"article","og_title":"Zaw\u00f3r SENA Ni Free Inox \u2013 Nowo\u015b\u0107 ARCO 2025","og_description":"SENA Ni Free Inox 2025 \u2013 nowy zaw\u00f3r ARCO. Trwa\u0142y, odporny i bezpieczny. Idealny do wody pitnej, CWU i ogrzewania.","og_url":"https:\/\/valvulasarco.com\/pl\/zawor-sena-ni-free\/","og_site_name":"Arco","article_modified_time":"2024-12-02T09:34:09+00:00","og_image":[{"width":600,"height":600,"url":"https:\/\/valvulasarco.com\/wp-content\/uploads\/2024\/11\/sena-valve.png","type":"image\/png"}],"twitter_card":"summary_large_image","twitter_misc":{"Szacowany czas czytania":"2 minuty"},"schema":{"@context":"https:\/\/schema.org","@graph":[{"@type":"WebPage","@id":"https:\/\/valvulasarco.com\/pl\/zawor-sena-ni-free\/","url":"https:\/\/valvulasarco.com\/pl\/zawor-sena-ni-free\/","name":"Zaw\u00f3r SENA Ni Free Inox \u2013 Nowo\u015b\u0107 ARCO 2025","isPartOf":{"@id":"https:\/\/valvulasarco.com\/#website"},"datePublished":"2024-11-20T12:01:46+00:00","dateModified":"2024-12-02T09:34:09+00:00","description":"SENA Ni Free Inox 2025 \u2013 nowy zaw\u00f3r ARCO. Trwa\u0142y, odporny i bezpieczny. Idealny do wody pitnej, CWU i ogrzewania.","breadcrumb":{"@id":"https:\/\/valvulasarco.com\/pl\/zawor-sena-ni-free\/#breadcrumb"},"inLanguage":"pl-PL","potentialAction":[{"@type":"ReadAction","target":["https:\/\/valvulasarco.com\/pl\/zawor-sena-ni-free\/"]}]},{"@type":"BreadcrumbList","@id":"https:\/\/valvulasarco.com\/pl\/zawor-sena-ni-free\/#breadcrumb","itemListElement":[{"@type":"ListItem","position":1,"name":"Portada","item":"https:\/\/valvulasarco.com\/pl\/"},{"@type":"ListItem","position":2,"name":"SENA Ni Free Inox"}]},{"@type":"WebSite","@id":"https:\/\/valvulasarco.com\/#website","url":"https:\/\/valvulasarco.com\/","name":"Arco","description":"Arco","publisher":{"@id":"https:\/\/valvulasarco.com\/#organization"},"potentialAction":[{"@type":"SearchAction","target":{"@type":"EntryPoint","urlTemplate":"https:\/\/valvulasarco.com\/?s={search_term_string}"},"query-input":"required name=search_term_string"}],"inLanguage":"pl-PL"},{"@type":"Organization","@id":"https:\/\/valvulasarco.com\/#organization","name":"Arco","url":"https:\/\/valvulasarco.com\/","logo":{"@type":"ImageObject","inLanguage":"pl-PL","@id":"https:\/\/valvulasarco.com\/#\/schema\/logo\/image\/","url":"https:\/\/valvulasarco.com\/wp-content\/uploads\/2020\/11\/Logo-Arco.png","contentUrl":"https:\/\/valvulasarco.com\/wp-content\/uploads\/2020\/11\/Logo-Arco.png","width":750,"height":479,"caption":"Arco"},"image":{"@id":"https:\/\/valvulasarco.com\/#\/schema\/logo\/image\/"}}]}},"_links":{"self":[{"href":"https:\/\/valvulasarco.com\/pl\/wp-json\/wp\/v2\/pages\/12610"}],"collection":[{"href":"https:\/\/valvulasarco.com\/pl\/wp-json\/wp\/v2\/pages"}],"about":[{"href":"https:\/\/valvulasarco.com\/pl\/wp-json\/wp\/v2\/types\/page"}],"author":[{"embeddable":true,"href":"https:\/\/valvulasarco.com\/pl\/wp-json\/wp\/v2\/users\/9"}],"replies":[{"embeddable":true,"href":"https:\/\/valvulasarco.com\/pl\/wp-json\/wp\/v2\/comments?post=12610"}],"version-history":[{"count":15,"href":"https:\/\/valvulasarco.com\/pl\/wp-json\/wp\/v2\/pages\/12610\/revisions"}],"predecessor-version":[{"id":12708,"href":"https:\/\/valvulasarco.com\/pl\/wp-json\/wp\/v2\/pages\/12610\/revisions\/12708"}],"wp:featuredmedia":[{"embeddable":true,"href":"https:\/\/valvulasarco.com\/pl\/wp-json\/wp\/v2\/media\/12616"}],"wp:attachment":[{"href":"https:\/\/valvulasarco.com\/pl\/wp-json\/wp\/v2\/media?parent=12610"}],"curies":[{"name":"wp","href":"https:\/\/api.w.org\/{rel}","templated":true}]}}