{"id":2732,"date":"2020-08-06T11:14:02","date_gmt":"2020-08-06T11:14:02","guid":{"rendered":"https:\/\/valvulasarco.com\/professionnel\/oem\/"},"modified":"2021-03-31T06:48:29","modified_gmt":"2021-03-31T06:48:29","slug":"oem","status":"publish","type":"page","link":"https:\/\/valvulasarco.com\/fr\/professionnel\/oem\/","title":{"rendered":"OEM"},"content":{"rendered":"<p>[vc_row full_width=\u00a0\u00bbstretch_row\u00a0\u00bb el_class=\u00a0\u00bbbanner_pagina\u00a0\u00bb css=\u00a0\u00bb.vc_custom_1596441716055{background-image: url(https:\/\/valvulasarco.com\/wp-content\/uploads\/2020\/08\/personas.jpg?id=697) !important;background-position: center !important;background-repeat: no-repeat !important;background-size: cover !important;}\u00a0\u00bb][vc_column width=\u00a0\u00bb7\/12&Prime; css=\u00a0\u00bb.vc_custom_1594131934187{padding-top: 0px !important;}\u00a0\u00bb][vc_column_text]<\/p>\n<h1>OEM<\/h1>\n<h2>Nous personnalisons vos produits pour les syst\u00e8mes de r\u00e9gulation et de contr\u00f4le de l&rsquo;eau, du gaz et du chauffage.<\/h2>\n<p>[\/vc_column_text][\/vc_column][vc_column width=\u00a0\u00bb5\/12&Prime; css=\u00a0\u00bb.vc_custom_1594131938133{padding-top: 0px !important;}\u00a0\u00bb][\/vc_column][\/vc_row][vc_row full_width=\u00a0\u00bbstretch_row\u00a0\u00bb el_class=\u00a0\u00bbbreadcrumb\u00a0\u00bb][vc_column css=\u00a0\u00bb.vc_custom_1594132444794{padding-top: 0px !important;}\u00a0\u00bb]<div itemscope itemtype=\"https:\/\/schema.org\/BreadcrumbList\" id=\"breadcrumb\"><div itemprop=\"itemListElement\" itemscope itemtype=\"https:\/\/schema.org\/ListItem\"><a itemprop=\"item\" href=\"https:\/\/valvulasarco.com\/fr\/\"><span class=\"vc_icon_element-icon fa fa-home\"><\/span><span itemprop=\"name\">Home<\/span><\/a><meta itemprop=\"position\" content=\"1\" \/><\/div><div itemprop=\"itemListElement hola\" itemscope itemtype=\"https:\/\/schema.org\/ListItem\"><span>><\/span><a itemprop=\"item\" href=\"https:\/\/valvulasarco.com\/fr\/professionnel\/oem\/\"><span itemprop=\"name\">OEM<\/span><\/a><meta itemprop=\"position\" content=\"3\"><\/div><\/div>[\/vc_column][\/vc_row][vc_row el_class=\u00a0\u00bbbloque info_profesional info_oem\u00a0\u00bb css=\u00a0\u00bb.vc_custom_1604396618322{padding-top: 20px !important;}\u00a0\u00bb][vc_column][vc_row_inner][vc_column_inner width=\u00a0\u00bb1\/2&Prime; css=\u00a0\u00bb.vc_custom_1604396691857{margin-bottom: 0px !important;}\u00a0\u00bb][vc_single_image image=\u00a0\u00bb958&Prime; img_size=\u00a0\u00bbfull\u00a0\u00bb][\/vc_column_inner][vc_column_inner el_class=\u00a0\u00bbtexto\u00a0\u00bb width=\u00a0\u00bb1\/2&Prime;][vc_column_text el_class=\u00a0\u00bbtitulo\u00a0\u00bb]<\/p>\n<h2>S\u2019IL N&rsquo;EXISTE PAS,<br \/>\nNOUS LE FABRIQUONS.<\/h2>\n<p>[\/vc_column_text][vc_column_text]Arco dispose d&rsquo;une unit\u00e9 sp\u00e9cialis\u00e9e dans le <strong>d\u00e9veloppement de syst\u00e8mes et de composants personnalis\u00e9s afin d&rsquo;offrir des solutions de fabrication<\/strong> uniques qui couvrent tous les besoins et rel\u00e8vent les d\u00e9fis des march\u00e9s les plus exigeants.<\/p>\n<p>Utilisant les meilleures mati\u00e8res premi\u00e8res certifi\u00e9es, nos produits sont soumis \u00e0 des tests d&rsquo;\u00e9tanch\u00e9it\u00e9 continus afin de garantir l&rsquo;absence de fuite dans des conditions normales d&rsquo;utilisation.[\/vc_column_text][\/vc_column_inner][\/vc_row_inner][\/vc_column][\/vc_row][vc_row full_width=\u00a0\u00bbstretch_row\u00a0\u00bb equal_height=\u00a0\u00bbyes\u00a0\u00bb el_class=\u00a0\u00bbcount_personas bloque info_linea iconos_internacional\u00a0\u00bb][vc_column width=\u00a0\u00bb1\/3&Prime; el_class=\u00a0\u00bbitem_count\u00a0\u00bb css=\u00a0\u00bb.vc_custom_1596449256001{padding-top: 0px !important;}\u00a0\u00bb][vc_single_image image=\u00a0\u00bb1565&Prime; img_size=\u00a0\u00bbfull\u00a0\u00bb alignment=\u00a0\u00bbcenter\u00a0\u00bb][vc_column_text el_class=\u00a0\u00bbetiqueta\u00a0\u00bb]<\/p>\n<h3 style=\"text-align: center;\">Co-cr\u00e9ation de produits personnalis\u00e9s<\/h3>\n<p>[\/vc_column_text][\/vc_column][vc_column width=\u00a0\u00bb1\/3&Prime; el_class=\u00a0\u00bbitem_count\u00a0\u00bb css=\u00a0\u00bb.vc_custom_1596449259697{padding-top: 0px !important;}\u00a0\u00bb][vc_single_image image=\u00a0\u00bb1566&Prime; img_size=\u00a0\u00bbfull\u00a0\u00bb alignment=\u00a0\u00bbcenter\u00a0\u00bb][vc_column_text el_class=\u00a0\u00bbetiqueta\u00a0\u00bb]<\/p>\n<h3>Qualit\u00e9 et innovation dans le processus de fabrication<\/h3>\n<p>[\/vc_column_text][\/vc_column][vc_column width=\u00a0\u00bb1\/3&Prime; el_class=\u00a0\u00bbitem_count last\u00a0\u00bb css=\u00a0\u00bb.vc_custom_1596622322163{padding-top: 0px !important;}\u00a0\u00bb][vc_single_image image=\u00a0\u00bb1568&Prime; img_size=\u00a0\u00bbfull\u00a0\u00bb alignment=\u00a0\u00bbcenter\u00a0\u00bb][vc_column_text el_class=\u00a0\u00bbetiqueta\u00a0\u00bb]<\/p>\n<h3>Rapidit\u00e9 et flexibilit\u00e9<\/h3>\n<p>[\/vc_column_text][\/vc_column][\/vc_row][vc_row full_width=\u00a0\u00bbstretch_row\u00a0\u00bb el_class=\u00a0\u00bbcontacto_obras bloque personas\u00a0\u00bb css=\u00a0\u00bb.vc_custom_1596717908623{background-image: url(https:\/\/valvulasarco.com\/wp-content\/uploads\/2020\/08\/cta.jpg?id=963) !important;background-position: center !important;background-repeat: no-repeat !important;background-size: cover !important;}\u00a0\u00bb][vc_column css=\u00a0\u00bb.vc_custom_1594380075736{padding-top: 0px !important;}\u00a0\u00bb][vc_row_inner][vc_column_inner width=\u00a0\u00bb1\/12&Prime;][\/vc_column_inner][vc_column_inner width=\u00a0\u00bb10\/12&Prime; css=\u00a0\u00bb.vc_custom_1594380067892{padding-top: 0px !important;}\u00a0\u00bb][vc_column_text el_class=\u00a0\u00bbtitular\u00a0\u00bb css=\u00a0\u00bb.vc_custom_1608554103542{margin-bottom: 30px !important;}\u00a0\u00bb]Avez-vous besoin d&rsquo;un produit personnalis\u00e9?[\/vc_column_text][vc_column_text el_class=\u00a0\u00bbboton_gris rosa trabaja_con_boton\u00a0\u00bb]<\/p>\n<p style=\"text-align: center;\"><a href=\"\/fr\/contact\/\">CONTACTEZ-NOUS<\/a><\/p>\n<p>[\/vc_column_text][\/vc_column_inner][vc_column_inner width=\u00a0\u00bb1\/12&Prime;][\/vc_column_inner][\/vc_row_inner][\/vc_column][\/vc_row][vc_row full_width=\u00a0\u00bbstretch_row_content_no_spaces\u00a0\u00bb equal_height=\u00a0\u00bbyes\u00a0\u00bb el_class=\u00a0\u00bbmitad_home mitad_derecha personas oem\u00a0\u00bb][vc_column width=\u00a0\u00bb1\/2&Prime; el_class=\u00a0\u00bbimagen\u00a0\u00bb css=\u00a0\u00bb.vc_custom_1596789470718{padding-top: 0px !important;background-image: url(https:\/\/valvulasarco.com\/wp-content\/uploads\/2020\/08\/oem1.jpg?id=965) !important;background-position: center !important;background-repeat: no-repeat !important;background-size: cover !important;}\u00a0\u00bb][\/vc_column][vc_column width=\u00a0\u00bb1\/2&Prime; el_class=\u00a0\u00bbtexto\u00a0\u00bb css=\u00a0\u00bb.vc_custom_1593700829527{padding-top: 0px !important;}\u00a0\u00bb][vc_column_text el_class=\u00a0\u00bbtitular\u00a0\u00bb]CONCEPTION ET ING\u00c9NIERIE[\/vc_column_text][vc_column_text el_class=\u00a0\u00bbsubtitular\u00a0\u00bb]<strong>Ing\u00e9nierie et laboratoire interne<\/strong><\/p>\n<p>Le d\u00e9partement R+D+i d&rsquo;Arco effectue des tests et des analyses de tous ses produits, processus et mati\u00e8res premi\u00e8res afin de garantir une qualit\u00e9 maximale avant leur mise sur le march\u00e9.[\/vc_column_text][\/vc_column][\/vc_row][vc_row full_width=\u00a0\u00bbstretch_row_content_no_spaces\u00a0\u00bb equal_height=\u00a0\u00bbyes\u00a0\u00bb el_class=\u00a0\u00bbmitad_home mitad_izquierda personas oem\u00a0\u00bb][vc_column width=\u00a0\u00bb1\/2&Prime; el_class=\u00a0\u00bbtexto\u00a0\u00bb css=\u00a0\u00bb.vc_custom_1593700833376{padding-top: 0px !important;background-position: center !important;background-repeat: no-repeat !important;background-size: cover !important;}\u00a0\u00bb][vc_column_text el_class=\u00a0\u00bbtitular\u00a0\u00bb]PROPRE PRODUCTION[\/vc_column_text][vc_column_text el_class=\u00a0\u00bbsubtitular info_profesional\u00a0\u00bb]<\/p>\n<ul>\n<li>\n<h3>Produits fabriqu\u00e9s en Espagne. #MadeinSpain<\/h3>\n<\/li>\n<li>\n<h3>Syst\u00e8me industriel national adapt\u00e9 aux besoins des clients<\/h3>\n<\/li>\n<li>Certifications<\/li>\n<li>Mati\u00e8res premi\u00e8res de qualit\u00e9<\/li>\n<li>\n<h3>Production interne : moulage, estampage, usinage, injection, chromage, assemblage&#8230;<\/h3>\n<\/li>\n<\/ul>\n<p>[\/vc_column_text][\/vc_column][vc_column width=\u00a0\u00bb1\/2&Prime; el_class=\u00a0\u00bbimagen\u00a0\u00bb css=\u00a0\u00bb.vc_custom_1596784833606{padding-top: 0px !important;background-image: url(https:\/\/valvulasarco.com\/wp-content\/uploads\/2020\/08\/oem3.jpg?id=966) !important;background-position: center !important;background-repeat: no-repeat !important;background-size: cover !important;}\u00a0\u00bb][\/vc_column][\/vc_row][vc_row full_width=\u00a0\u00bbstretch_row_content_no_spaces\u00a0\u00bb equal_height=\u00a0\u00bbyes\u00a0\u00bb el_class=\u00a0\u00bbmitad_home mitad_derecha personas oem\u00a0\u00bb][vc_column width=\u00a0\u00bb1\/2&Prime; el_class=\u00a0\u00bbimagen\u00a0\u00bb css=\u00a0\u00bb.vc_custom_1596784885902{padding-top: 0px !important;background-image: url(https:\/\/valvulasarco.com\/wp-content\/uploads\/2020\/08\/oem5.jpg?id=967) !important;background-position: center !important;background-repeat: no-repeat !important;background-size: cover !important;}\u00a0\u00bb][\/vc_column][vc_column width=\u00a0\u00bb1\/2&Prime; el_class=\u00a0\u00bbtexto\u00a0\u00bb css=\u00a0\u00bb.vc_custom_1593700829527{padding-top: 0px !important;}\u00a0\u00bb][vc_column_text el_class=\u00a0\u00bbtitular\u00a0\u00bb]SOLUTIONS INNOVANTES ET PERSONNALIS\u00c9ES[\/vc_column_text][vc_column_text el_class=\u00a0\u00bbsubtitular info_profesional\u00a0\u00bb]<\/p>\n<ul>\n<li>Leaders dans la conception et la fabrication sur mesure<\/li>\n<li>Flexibilit\u00e9 et rapidit\u00e9 pour couvrir tous les besoins des march\u00e9s les plus exigeants<\/li>\n<li>Esprit constamment tourn\u00e9 vers l\u2019innovation<\/li>\n<li>Fabrication dans ses propres centres<\/li>\n<li>Qualit\u00e9 totale dans la conception et la fabrication de nos produits<\/li>\n<\/ul>\n<p>[\/vc_column_text][\/vc_column][\/vc_row][vc_row full_width=\u00a0\u00bbstretch_row\u00a0\u00bb disable_element=\u00a0\u00bbyes\u00a0\u00bb el_class=\u00a0\u00bbbloque portada_productos_slide slide_noticias bloque casos_exito_obras casos_exito_oem\u00a0\u00bb css=\u00a0\u00bb.vc_custom_1611059469683{padding-bottom: 0px !important;background-color: #f0f0f0 !important;}\u00a0\u00bb][vc_column css=\u00a0\u00bb.vc_custom_1595502946175{padding-top: 0px !important;}\u00a0\u00bb][vc_column_text el_class=\u00a0\u00bbtitulo_bloque_oem\u00a0\u00bb]Exemples de r\u00e9ussite[\/vc_column_text]<div class=\"slider_portada_actualidad slider_grid_3\"><\/div>[\/vc_column][\/vc_row][vc_row disable_element=\u00a0\u00bbyes\u00a0\u00bb el_class=\u00a0\u00bbbloque productos_realizados_oem\u00a0\u00bb][vc_column css=\u00a0\u00bb.vc_custom_1596789978709{padding-top: 0px !important;}\u00a0\u00bb][vc_column_text el_class=\u00a0\u00bbtitulo_bloque_oem\u00a0\u00bb]Produits fabriqu\u00e9s[\/vc_column_text][vc_row_inner el_class=\u00a0\u00bbrow_gama\u00a0\u00bb][vc_column_inner el_class=\u00a0\u00bbitem\u00a0\u00bb width=\u00a0\u00bb1\/4&Prime;][vc_single_image image=\u00a0\u00bb849&Prime; img_size=\u00a0\u00bbfull\u00a0\u00bb alignment=\u00a0\u00bbcenter\u00a0\u00bb][vc_column_text el_class=\u00a0\u00bbtitulo\u00a0\u00bb]Producto a medida 1[\/vc_column_text][vc_column_text el_class=\u00a0\u00bbsubtitulo\u00a0\u00bb]V\u00e1lvula empotrar PEX (reticulado) Casquillo metal &#8211; Multicapa agua[\/vc_column_text][\/vc_column_inner][vc_column_inner el_class=\u00a0\u00bbitem\u00a0\u00bb width=\u00a0\u00bb1\/4&Prime;][vc_single_image image=\u00a0\u00bb849&Prime; img_size=\u00a0\u00bbfull\u00a0\u00bb alignment=\u00a0\u00bbcenter\u00a0\u00bb][vc_column_text el_class=\u00a0\u00bbtitulo\u00a0\u00bb]Producto a medida 1[\/vc_column_text][vc_column_text el_class=\u00a0\u00bbsubtitulo\u00a0\u00bb]V\u00e1lvula empotrar PEX (reticulado) Casquillo metal &#8211; Multicapa agua[\/vc_column_text][\/vc_column_inner][vc_column_inner el_class=\u00a0\u00bbitem\u00a0\u00bb width=\u00a0\u00bb1\/4&Prime;][vc_single_image image=\u00a0\u00bb849&Prime; img_size=\u00a0\u00bbfull\u00a0\u00bb alignment=\u00a0\u00bbcenter\u00a0\u00bb][vc_column_text el_class=\u00a0\u00bbtitulo\u00a0\u00bb]Producto a medida 1[\/vc_column_text][vc_column_text el_class=\u00a0\u00bbsubtitulo\u00a0\u00bb]V\u00e1lvula empotrar PEX (reticulado) Casquillo metal &#8211; Multicapa agua[\/vc_column_text][\/vc_column_inner][vc_column_inner el_class=\u00a0\u00bbitem\u00a0\u00bb width=\u00a0\u00bb1\/4&Prime;][vc_single_image image=\u00a0\u00bb849&Prime; img_size=\u00a0\u00bbfull\u00a0\u00bb alignment=\u00a0\u00bbcenter\u00a0\u00bb][vc_column_text el_class=\u00a0\u00bbtitulo\u00a0\u00bb]Producto a medida 1[\/vc_column_text][vc_column_text el_class=\u00a0\u00bbsubtitulo\u00a0\u00bb]V\u00e1lvula empotrar PEX (reticulado) Casquillo metal &#8211; Multicapa agua[\/vc_column_text][\/vc_column_inner][\/vc_row_inner][vc_column_text el_class=\u00a0\u00bbboton_gris rosa\u00a0\u00bb]<\/p>\n<p style=\"text-align: center;\"><a class=\"boton_rosa\" href=\"https:\/\/valvulasarco.com\/fr\/produits\/\">D\u00e9couvrez notre gamme de produits<\/a><\/p>\n<p>[\/vc_column_text][\/vc_column][\/vc_row][vc_row el_class=\u00a0\u00bbbloque productos_realizados_oem\u00a0\u00bb][vc_column css=\u00a0\u00bb.vc_custom_1596789978709{padding-top: 0px !important;}\u00a0\u00bb][vc_column_text el_class=\u00a0\u00bbtitulo_bloque_oem\u00a0\u00bb]<\/p>\n<h2>Produits fabriqu\u00e9s<\/h2>\n<p>[\/vc_column_text]<div class=\"slider_oem_products row_gama slider_grid_4\"><\/div>[vc_column_text el_class=\u00a0\u00bbboton_gris rosa\u00a0\u00bb]<\/p>\n<p style=\"text-align: center;\"><a class=\"boton_rosa\" href=\"https:\/\/valvulasarco.com\/fr\/produits\/\">D\u00e9couvrez notre gamme de produits<\/a><\/p>\n<p>[\/vc_column_text][\/vc_column][\/vc_row][vc_row][vc_column][vc_separator css=\u00a0\u00bb.vc_custom_1596790386832{margin-bottom: 1px !important;}\u00a0\u00bb][\/vc_column][\/vc_row][vc_row el_class=\u00a0\u00bboem_clientes bloque\u00a0\u00bb][vc_column][vc_column_text el_class=\u00a0\u00bbtitulo_bloque_oem\u00a0\u00bb]<\/p>\n<h2>Certains de nos clients<\/h2>\n<p>[\/vc_column_text][vc_row_inner][vc_column_inner width=\u00a0\u00bb1\/6&Prime;][vc_single_image image=\u00a0\u00bb4867&Prime; img_size=\u00a0\u00bbfull\u00a0\u00bb alignment=\u00a0\u00bbcenter\u00a0\u00bb][\/vc_column_inner][vc_column_inner width=\u00a0\u00bb1\/6&Prime;][vc_single_image image=\u00a0\u00bb2071&Prime; img_size=\u00a0\u00bbfull\u00a0\u00bb alignment=\u00a0\u00bbcenter\u00a0\u00bb][\/vc_column_inner][vc_column_inner width=\u00a0\u00bb1\/6&Prime;][vc_single_image image=\u00a0\u00bb2078&Prime; img_size=\u00a0\u00bbfull\u00a0\u00bb alignment=\u00a0\u00bbcenter\u00a0\u00bb][\/vc_column_inner][vc_column_inner width=\u00a0\u00bb1\/6&Prime;][vc_single_image image=\u00a0\u00bb4285&Prime; img_size=\u00a0\u00bbfull\u00a0\u00bb alignment=\u00a0\u00bbcenter\u00a0\u00bb el_class=\u00a0\u00bbistobal\u00a0\u00bb][\/vc_column_inner][vc_column_inner width=\u00a0\u00bb1\/6&Prime;][vc_single_image image=\u00a0\u00bb4860&Prime; img_size=\u00a0\u00bbfull\u00a0\u00bb alignment=\u00a0\u00bbcenter\u00a0\u00bb el_class=\u00a0\u00bbistobal\u00a0\u00bb][\/vc_column_inner][vc_column_inner width=\u00a0\u00bb1\/6&Prime;][vc_single_image image=\u00a0\u00bb4874&Prime; img_size=\u00a0\u00bbfull\u00a0\u00bb alignment=\u00a0\u00bbcenter\u00a0\u00bb el_class=\u00a0\u00bbistobal\u00a0\u00bb][\/vc_column_inner][\/vc_row_inner][\/vc_column][\/vc_row][vc_row full_width=\u00a0\u00bbstretch_row\u00a0\u00bb el_class=\u00a0\u00bbcontacto_obras bloque contacto_profesional\u00a0\u00bb css=\u00a0\u00bb.vc_custom_1596784983945{background-image: url(https:\/\/valvulasarco.com\/wp-content\/uploads\/2020\/08\/bottomeom.jpg?id=968) !important;background-position: center !important;background-repeat: no-repeat !important;background-size: cover !important;}\u00a0\u00bb][vc_column css=\u00a0\u00bb.vc_custom_1594380075736{padding-top: 0px !important;}\u00a0\u00bb][vc_row_inner][vc_column_inner][vc_column_text el_class=\u00a0\u00bbtitular\u00a0\u00bb]S\u2019il n&rsquo;existe pas, nous le fabriquons.[\/vc_column_text][vc_column_text el_class=\u00a0\u00bbsubtitular\u00a0\u00bb]<\/p>\n<h2>Nous fabriquons des produits sur mesure pour les syst\u00e8mes de r\u00e9gulation et de contr\u00f4le de l&rsquo;eau, du gaz et du chauffage.<\/h2>\n<p>[\/vc_column_text][vc_column_text el_class=\u00a0\u00bbboton_gris rosa\u00a0\u00bb]<\/p>\n<p style=\"text-align: center;\"><a class=\"boton_rosa\" href=\"\/fr\/contact\/\">contactez-nous<\/a><\/p>\n<p>[\/vc_column_text][\/vc_column_inner][\/vc_row_inner][\/vc_column][\/vc_row]<\/p>\n","protected":false},"excerpt":{"rendered":"<p>[vc_row full_width=\u00a0\u00bbstretch_row\u00a0\u00bb el_class=\u00a0\u00bbbanner_pagina\u00a0\u00bb css=\u00a0\u00bb.vc_custom_1596441716055{background-image: url(https:\/\/valvulasarco.com\/wp-content\/uploads\/2020\/08\/personas.jpg?id=697) !important;background-position: center !important;background-repeat: no-repeat !important;background-size: cover !important;}\u00a0\u00bb][vc_column width=\u00a0\u00bb7\/12&Prime; css=\u00a0\u00bb.vc_custom_1594131934187{padding-top: 0px !important;}\u00a0\u00bb][vc_column_text] OEM Nous personnalisons vos produits pour les syst\u00e8mes de r\u00e9gulation et de contr\u00f4le de l&rsquo;eau, du gaz et du chauffage. [\/vc_column_text][\/vc_column][vc_column width=\u00a0\u00bb5\/12&Prime; css=\u00a0\u00bb.vc_custom_1594131938133{padding-top: 0px !important;}\u00a0\u00bb][\/vc_column][\/vc_row][vc_row full_width=\u00a0\u00bbstretch_row\u00a0\u00bb el_class=\u00a0\u00bbbreadcrumb\u00a0\u00bb][vc_column css=\u00a0\u00bb.vc_custom_1594132444794{padding-top: 0px !important;}\u00a0\u00bb][\/vc_column][\/vc_row][vc_row el_class=\u00a0\u00bbbloque info_profesional info_oem\u00a0\u00bb css=\u00a0\u00bb.vc_custom_1604396618322{padding-top: 20px !important;}\u00a0\u00bb][vc_column][vc_row_inner][vc_column_inner width=\u00a0\u00bb1\/2&Prime; css=\u00a0\u00bb.vc_custom_1604396691857{margin-bottom: 0px [&hellip;]<\/p>\n","protected":false},"author":1,"featured_media":0,"parent":2632,"menu_order":0,"comment_status":"closed","ping_status":"closed","template":"","meta":[],"acf":[],"yoast_head":"<!-- This site is optimized with the Yoast SEO plugin v20.4 - https:\/\/yoast.com\/wordpress\/plugins\/seo\/ -->\n<title>Espace professionnel pour fabricants (OEM) - V\u00e1lvulas Arco<\/title>\n<meta name=\"description\" content=\"Nous sommes fabricants et nous d\u00e9veloppons nos produits en fonction de vos besoins. Valves, tuyaux et accessoires adapt\u00e9s \u00e0 votre entreprise.\" \/>\n<meta name=\"robots\" content=\"index, follow, max-snippet:-1, max-image-preview:large, max-video-preview:-1\" \/>\n<link rel=\"canonical\" href=\"https:\/\/valvulasarco.com\/fr\/professionnel\/oem\/\" \/>\n<meta property=\"og:locale\" content=\"fr_FR\" \/>\n<meta property=\"og:type\" content=\"article\" \/>\n<meta property=\"og:title\" content=\"Espace professionnel pour fabricants (OEM) - V\u00e1lvulas Arco\" \/>\n<meta property=\"og:description\" content=\"Nous sommes fabricants et nous d\u00e9veloppons nos produits en fonction de vos besoins. Valves, tuyaux et accessoires adapt\u00e9s \u00e0 votre entreprise.\" \/>\n<meta property=\"og:url\" content=\"https:\/\/valvulasarco.com\/fr\/professionnel\/oem\/\" \/>\n<meta property=\"og:site_name\" content=\"Arco\" \/>\n<meta property=\"article:modified_time\" content=\"2021-03-31T06:48:29+00:00\" \/>\n<meta name=\"twitter:card\" content=\"summary_large_image\" \/>\n<meta name=\"twitter:label1\" content=\"Dur\u00e9e de lecture estim\u00e9e\" \/>\n\t<meta name=\"twitter:data1\" content=\"3 minutes\" \/>\n<script type=\"application\/ld+json\" class=\"yoast-schema-graph\">{\"@context\":\"https:\/\/schema.org\",\"@graph\":[{\"@type\":\"WebPage\",\"@id\":\"https:\/\/valvulasarco.com\/fr\/professionnel\/oem\/\",\"url\":\"https:\/\/valvulasarco.com\/fr\/professionnel\/oem\/\",\"name\":\"Espace professionnel pour fabricants (OEM) - V\u00e1lvulas Arco\",\"isPartOf\":{\"@id\":\"https:\/\/valvulasarco.com\/#website\"},\"datePublished\":\"2020-08-06T11:14:02+00:00\",\"dateModified\":\"2021-03-31T06:48:29+00:00\",\"description\":\"Nous sommes fabricants et nous d\u00e9veloppons nos produits en fonction de vos besoins. Valves, tuyaux et accessoires adapt\u00e9s \u00e0 votre entreprise.\",\"breadcrumb\":{\"@id\":\"https:\/\/valvulasarco.com\/fr\/professionnel\/oem\/#breadcrumb\"},\"inLanguage\":\"fr-FR\",\"potentialAction\":[{\"@type\":\"ReadAction\",\"target\":[\"https:\/\/valvulasarco.com\/fr\/professionnel\/oem\/\"]}]},{\"@type\":\"BreadcrumbList\",\"@id\":\"https:\/\/valvulasarco.com\/fr\/professionnel\/oem\/#breadcrumb\",\"itemListElement\":[{\"@type\":\"ListItem\",\"position\":1,\"name\":\"Portada\",\"item\":\"https:\/\/valvulasarco.com\/fr\/home\/\"},{\"@type\":\"ListItem\",\"position\":2,\"name\":\"Professionnel\",\"item\":\"https:\/\/valvulasarco.com\/fr\/professionnel\/\"},{\"@type\":\"ListItem\",\"position\":3,\"name\":\"OEM\"}]},{\"@type\":\"WebSite\",\"@id\":\"https:\/\/valvulasarco.com\/#website\",\"url\":\"https:\/\/valvulasarco.com\/\",\"name\":\"Arco\",\"description\":\"Arco\",\"publisher\":{\"@id\":\"https:\/\/valvulasarco.com\/#organization\"},\"potentialAction\":[{\"@type\":\"SearchAction\",\"target\":{\"@type\":\"EntryPoint\",\"urlTemplate\":\"https:\/\/valvulasarco.com\/?s={search_term_string}\"},\"query-input\":\"required name=search_term_string\"}],\"inLanguage\":\"fr-FR\"},{\"@type\":\"Organization\",\"@id\":\"https:\/\/valvulasarco.com\/#organization\",\"name\":\"Arco\",\"url\":\"https:\/\/valvulasarco.com\/\",\"logo\":{\"@type\":\"ImageObject\",\"inLanguage\":\"fr-FR\",\"@id\":\"https:\/\/valvulasarco.com\/#\/schema\/logo\/image\/\",\"url\":\"https:\/\/valvulasarco.com\/wp-content\/uploads\/2020\/11\/Logo-Arco.png\",\"contentUrl\":\"https:\/\/valvulasarco.com\/wp-content\/uploads\/2020\/11\/Logo-Arco.png\",\"width\":750,\"height\":479,\"caption\":\"Arco\"},\"image\":{\"@id\":\"https:\/\/valvulasarco.com\/#\/schema\/logo\/image\/\"}}]}<\/script>\n<!-- \/ Yoast SEO plugin. -->","yoast_head_json":{"title":"Espace professionnel pour fabricants (OEM) - V\u00e1lvulas Arco","description":"Nous sommes fabricants et nous d\u00e9veloppons nos produits en fonction de vos besoins. Valves, tuyaux et accessoires adapt\u00e9s \u00e0 votre entreprise.","robots":{"index":"index","follow":"follow","max-snippet":"max-snippet:-1","max-image-preview":"max-image-preview:large","max-video-preview":"max-video-preview:-1"},"canonical":"https:\/\/valvulasarco.com\/fr\/professionnel\/oem\/","og_locale":"fr_FR","og_type":"article","og_title":"Espace professionnel pour fabricants (OEM) - V\u00e1lvulas Arco","og_description":"Nous sommes fabricants et nous d\u00e9veloppons nos produits en fonction de vos besoins. Valves, tuyaux et accessoires adapt\u00e9s \u00e0 votre entreprise.","og_url":"https:\/\/valvulasarco.com\/fr\/professionnel\/oem\/","og_site_name":"Arco","article_modified_time":"2021-03-31T06:48:29+00:00","twitter_card":"summary_large_image","twitter_misc":{"Dur\u00e9e de lecture estim\u00e9e":"3 minutes"},"schema":{"@context":"https:\/\/schema.org","@graph":[{"@type":"WebPage","@id":"https:\/\/valvulasarco.com\/fr\/professionnel\/oem\/","url":"https:\/\/valvulasarco.com\/fr\/professionnel\/oem\/","name":"Espace professionnel pour fabricants (OEM) - V\u00e1lvulas Arco","isPartOf":{"@id":"https:\/\/valvulasarco.com\/#website"},"datePublished":"2020-08-06T11:14:02+00:00","dateModified":"2021-03-31T06:48:29+00:00","description":"Nous sommes fabricants et nous d\u00e9veloppons nos produits en fonction de vos besoins. Valves, tuyaux et accessoires adapt\u00e9s \u00e0 votre entreprise.","breadcrumb":{"@id":"https:\/\/valvulasarco.com\/fr\/professionnel\/oem\/#breadcrumb"},"inLanguage":"fr-FR","potentialAction":[{"@type":"ReadAction","target":["https:\/\/valvulasarco.com\/fr\/professionnel\/oem\/"]}]},{"@type":"BreadcrumbList","@id":"https:\/\/valvulasarco.com\/fr\/professionnel\/oem\/#breadcrumb","itemListElement":[{"@type":"ListItem","position":1,"name":"Portada","item":"https:\/\/valvulasarco.com\/fr\/home\/"},{"@type":"ListItem","position":2,"name":"Professionnel","item":"https:\/\/valvulasarco.com\/fr\/professionnel\/"},{"@type":"ListItem","position":3,"name":"OEM"}]},{"@type":"WebSite","@id":"https:\/\/valvulasarco.com\/#website","url":"https:\/\/valvulasarco.com\/","name":"Arco","description":"Arco","publisher":{"@id":"https:\/\/valvulasarco.com\/#organization"},"potentialAction":[{"@type":"SearchAction","target":{"@type":"EntryPoint","urlTemplate":"https:\/\/valvulasarco.com\/?s={search_term_string}"},"query-input":"required name=search_term_string"}],"inLanguage":"fr-FR"},{"@type":"Organization","@id":"https:\/\/valvulasarco.com\/#organization","name":"Arco","url":"https:\/\/valvulasarco.com\/","logo":{"@type":"ImageObject","inLanguage":"fr-FR","@id":"https:\/\/valvulasarco.com\/#\/schema\/logo\/image\/","url":"https:\/\/valvulasarco.com\/wp-content\/uploads\/2020\/11\/Logo-Arco.png","contentUrl":"https:\/\/valvulasarco.com\/wp-content\/uploads\/2020\/11\/Logo-Arco.png","width":750,"height":479,"caption":"Arco"},"image":{"@id":"https:\/\/valvulasarco.com\/#\/schema\/logo\/image\/"}}]}},"_links":{"self":[{"href":"https:\/\/valvulasarco.com\/fr\/wp-json\/wp\/v2\/pages\/2732"}],"collection":[{"href":"https:\/\/valvulasarco.com\/fr\/wp-json\/wp\/v2\/pages"}],"about":[{"href":"https:\/\/valvulasarco.com\/fr\/wp-json\/wp\/v2\/types\/page"}],"author":[{"embeddable":true,"href":"https:\/\/valvulasarco.com\/fr\/wp-json\/wp\/v2\/users\/1"}],"replies":[{"embeddable":true,"href":"https:\/\/valvulasarco.com\/fr\/wp-json\/wp\/v2\/comments?post=2732"}],"version-history":[{"count":12,"href":"https:\/\/valvulasarco.com\/fr\/wp-json\/wp\/v2\/pages\/2732\/revisions"}],"predecessor-version":[{"id":5668,"href":"https:\/\/valvulasarco.com\/fr\/wp-json\/wp\/v2\/pages\/2732\/revisions\/5668"}],"up":[{"embeddable":true,"href":"https:\/\/valvulasarco.com\/fr\/wp-json\/wp\/v2\/pages\/2632"}],"wp:attachment":[{"href":"https:\/\/valvulasarco.com\/fr\/wp-json\/wp\/v2\/media?parent=2732"}],"curies":[{"name":"wp","href":"https:\/\/api.w.org\/{rel}","templated":true}]}}