{"id":2728,"date":"2020-08-03T07:32:26","date_gmt":"2020-08-03T07:32:26","guid":{"rendered":"https:\/\/valvulasarco.com\/professionnel\/asistencia-tecnica\/"},"modified":"2021-03-31T06:40:16","modified_gmt":"2021-03-31T06:40:16","slug":"assistance-technique","status":"publish","type":"page","link":"https:\/\/valvulasarco.com\/fr\/professionnel\/assistance-technique\/","title":{"rendered":"Assistance technique"},"content":{"rendered":"<p>[vc_row full_width=\u00a0\u00bbstretch_row\u00a0\u00bb el_class=\u00a0\u00bbbanner_pagina\u00a0\u00bb css=\u00a0\u00bb.vc_custom_1596441147469{background-image: url(https:\/\/valvulasarco.com\/wp-content\/uploads\/2020\/08\/asistencia.jpg?id=693) !important;background-position: center !important;background-repeat: no-repeat !important;background-size: cover !important;}\u00a0\u00bb][vc_column width=\u00a0\u00bb1\/2&Prime; css=\u00a0\u00bb.vc_custom_1594131934187{padding-top: 0px !important;}\u00a0\u00bb][vc_column_text]<\/p>\n<h1>ASSISTANCE TECHNIQUE<\/h1>\n<h2>Chez ARCO, nous offrons un service d&rsquo;assistance technique gratuit qui vous permettra de trouver la meilleure solution pour chacun des besoins de vos installations.<\/h2>\n<p>[\/vc_column_text][\/vc_column][vc_column width=\u00a0\u00bb1\/2&Prime; css=\u00a0\u00bb.vc_custom_1594131938133{padding-top: 0px !important;}\u00a0\u00bb][\/vc_column][\/vc_row][vc_row el_class=\u00a0\u00bbbreadcrumb\u00a0\u00bb][vc_column css=\u00a0\u00bb.vc_custom_1594132444794{padding-top: 0px !important;}\u00a0\u00bb]<div itemscope itemtype=\"https:\/\/schema.org\/BreadcrumbList\" id=\"breadcrumb\"><div itemprop=\"itemListElement\" itemscope itemtype=\"https:\/\/schema.org\/ListItem\"><a itemprop=\"item\" href=\"https:\/\/valvulasarco.com\/fr\/\"><span class=\"vc_icon_element-icon fa fa-home\"><\/span><span itemprop=\"name\">Home<\/span><\/a><meta itemprop=\"position\" content=\"1\" \/><\/div><div itemprop=\"itemListElement hola\" itemscope itemtype=\"https:\/\/schema.org\/ListItem\"><span>><\/span><a itemprop=\"item\" href=\"https:\/\/valvulasarco.com\/fr\/professionnel\/assistance-technique\/\"><span itemprop=\"name\">Assistance technique<\/span><\/a><meta itemprop=\"position\" content=\"3\"><\/div><\/div>[\/vc_column][\/vc_row][vc_row el_class=\u00a0\u00bbbloque info_profesional asistencia\u00a0\u00bb css=\u00a0\u00bb.vc_custom_1604396645700{padding-top: 20px !important;}\u00a0\u00bb][vc_column width=\u00a0\u00bb1\/2&Prime; css=\u00a0\u00bb.vc_custom_1604396651795{margin-bottom: 20px !important;}\u00a0\u00bb][vc_single_image image=\u00a0\u00bb682&Prime; img_size=\u00a0\u00bbfull\u00a0\u00bb][\/vc_column][vc_column width=\u00a0\u00bb1\/2&Prime;][vc_column_text el_class=\u00a0\u00bbtitulo\u00a0\u00bb]<\/p>\n<h2>CONSEIL TECHNIQUE PERSONNALIS\u00c9<\/h2>\n<p>[\/vc_column_text][vc_column_text]<\/p>\n<p style=\"color: #192d4d;\">En savoir plus sur:<\/p>\n<ul>\n<li>\n<h3>Caract\u00e9ristiques d\u00e9taill\u00e9es du produit<\/h3>\n<\/li>\n<li>\n<h3>Normes appliqu\u00e9es<\/h3>\n<\/li>\n<li>\n<h3>R\u00e9ponse aux questions techniques<\/h3>\n<\/li>\n<li>\n<h3>Propositions de produits pour des installations sp\u00e9ciales (solutions ARCO)<\/h3>\n<\/li>\n<li>\n<h3>Compatibilit\u00e9 du produit avec d&rsquo;autres \u00e9l\u00e9ments des installations<\/h3>\n<\/li>\n<\/ul>\n<p>[\/vc_column_text][\/vc_column][\/vc_row][vc_row full_width=\u00a0\u00bbstretch_row\u00a0\u00bb el_class=\u00a0\u00bbcontacto_obras bloque contacto_profesional asistencia\u00a0\u00bb css=\u00a0\u00bb.vc_custom_1596440240517{background-image: url(https:\/\/valvulasarco.com\/wp-content\/uploads\/2020\/08\/7538.jpg?id=686) !important;background-position: center !important;background-repeat: no-repeat !important;background-size: cover !important;}\u00a0\u00bb][vc_column css=\u00a0\u00bb.vc_custom_1594380075736{padding-top: 0px !important;}\u00a0\u00bb][vc_row_inner][vc_column_inner width=\u00a0\u00bb2\/3&Prime;][vc_column_text el_class=\u00a0\u00bbtitular\u00a0\u00bb]<\/p>\n<h2>Vous avez besoin d\u2019aide ?<\/h2>\n<p>[\/vc_column_text][vc_column_text el_class=\u00a0\u00bbsubtitular\u00a0\u00bb]Contactez l&rsquo;\u00e9quipe technique d&rsquo;Arco pour plus d&rsquo;informations pour vos installations et\/ou vos projets professionnels. Ou \u00e9crivez-nous \u00e0 <a href=\"mailto:customerservice@valvulasarco.com\">customerservice@valvulasarco.com<\/a> nous serons ravi(e)s de vous aider.[\/vc_column_text][\/vc_column_inner][vc_column_inner width=\u00a0\u00bb1\/3&Prime;][vc_column_text el_class=\u00a0\u00bbboton_gris rosa\u00a0\u00bb]<\/p>\n<p style=\"text-align: left;\"><a class=\"boton_gris llamar\">+34 961 499 430<\/a><a class=\"boton_rosa\" href=\"\/fr\/contact\/\">nous contacter<\/a><\/p>\n<p>[\/vc_column_text][\/vc_column_inner][\/vc_row_inner][\/vc_column][\/vc_row]<\/p>\n","protected":false},"excerpt":{"rendered":"<p>[vc_row full_width=\u00a0\u00bbstretch_row\u00a0\u00bb el_class=\u00a0\u00bbbanner_pagina\u00a0\u00bb css=\u00a0\u00bb.vc_custom_1596441147469{background-image: url(https:\/\/valvulasarco.com\/wp-content\/uploads\/2020\/08\/asistencia.jpg?id=693) !important;background-position: center !important;background-repeat: no-repeat !important;background-size: cover !important;}\u00a0\u00bb][vc_column width=\u00a0\u00bb1\/2&Prime; css=\u00a0\u00bb.vc_custom_1594131934187{padding-top: 0px !important;}\u00a0\u00bb][vc_column_text] ASSISTANCE TECHNIQUE Chez ARCO, nous offrons un service d&rsquo;assistance technique gratuit qui vous permettra de trouver la meilleure solution pour chacun des besoins de vos installations. [\/vc_column_text][\/vc_column][vc_column width=\u00a0\u00bb1\/2&Prime; css=\u00a0\u00bb.vc_custom_1594131938133{padding-top: 0px !important;}\u00a0\u00bb][\/vc_column][\/vc_row][vc_row el_class=\u00a0\u00bbbreadcrumb\u00a0\u00bb][vc_column css=\u00a0\u00bb.vc_custom_1594132444794{padding-top: 0px !important;}\u00a0\u00bb][\/vc_column][\/vc_row][vc_row el_class=\u00a0\u00bbbloque info_profesional asistencia\u00a0\u00bb css=\u00a0\u00bb.vc_custom_1604396645700{padding-top: [&hellip;]<\/p>\n","protected":false},"author":1,"featured_media":0,"parent":2632,"menu_order":0,"comment_status":"closed","ping_status":"closed","template":"","meta":[],"acf":[],"yoast_head":"<!-- This site is optimized with the Yoast SEO plugin v20.4 - https:\/\/yoast.com\/wordpress\/plugins\/seo\/ -->\n<title>Espace professionnel - Assistance technique - V\u00e1lvulas Arco<\/title>\n<meta name=\"description\" content=\"Vous avez besoin d&#039;assistance technique sur une valve, un robinet d&#039;arr\u00eat ou un syst\u00e8me d\u2019Arco\u00a0? Entrez ici et nous r\u00e9pondrons \u00e0 vos questions.\" \/>\n<meta name=\"robots\" content=\"index, follow, max-snippet:-1, max-image-preview:large, max-video-preview:-1\" \/>\n<link rel=\"canonical\" href=\"https:\/\/valvulasarco.com\/fr\/professionnel\/assistance-technique\/\" \/>\n<meta property=\"og:locale\" content=\"fr_FR\" \/>\n<meta property=\"og:type\" content=\"article\" \/>\n<meta property=\"og:title\" content=\"Espace professionnel - Assistance technique - V\u00e1lvulas Arco\" \/>\n<meta property=\"og:description\" content=\"Vous avez besoin d&#039;assistance technique sur une valve, un robinet d&#039;arr\u00eat ou un syst\u00e8me d\u2019Arco\u00a0? Entrez ici et nous r\u00e9pondrons \u00e0 vos questions.\" \/>\n<meta property=\"og:url\" content=\"https:\/\/valvulasarco.com\/fr\/professionnel\/assistance-technique\/\" \/>\n<meta property=\"og:site_name\" content=\"Arco\" \/>\n<meta property=\"article:modified_time\" content=\"2021-03-31T06:40:16+00:00\" \/>\n<meta name=\"twitter:card\" content=\"summary_large_image\" \/>\n<meta name=\"twitter:label1\" content=\"Dur\u00e9e de lecture estim\u00e9e\" \/>\n\t<meta name=\"twitter:data1\" content=\"1 minute\" \/>\n<script type=\"application\/ld+json\" class=\"yoast-schema-graph\">{\"@context\":\"https:\/\/schema.org\",\"@graph\":[{\"@type\":\"WebPage\",\"@id\":\"https:\/\/valvulasarco.com\/fr\/professionnel\/assistance-technique\/\",\"url\":\"https:\/\/valvulasarco.com\/fr\/professionnel\/assistance-technique\/\",\"name\":\"Espace professionnel - Assistance technique - V\u00e1lvulas Arco\",\"isPartOf\":{\"@id\":\"https:\/\/valvulasarco.com\/#website\"},\"datePublished\":\"2020-08-03T07:32:26+00:00\",\"dateModified\":\"2021-03-31T06:40:16+00:00\",\"description\":\"Vous avez besoin d'assistance technique sur une valve, un robinet d'arr\u00eat ou un syst\u00e8me d\u2019Arco\u00a0? Entrez ici et nous r\u00e9pondrons \u00e0 vos questions.\",\"breadcrumb\":{\"@id\":\"https:\/\/valvulasarco.com\/fr\/professionnel\/assistance-technique\/#breadcrumb\"},\"inLanguage\":\"fr-FR\",\"potentialAction\":[{\"@type\":\"ReadAction\",\"target\":[\"https:\/\/valvulasarco.com\/fr\/professionnel\/assistance-technique\/\"]}]},{\"@type\":\"BreadcrumbList\",\"@id\":\"https:\/\/valvulasarco.com\/fr\/professionnel\/assistance-technique\/#breadcrumb\",\"itemListElement\":[{\"@type\":\"ListItem\",\"position\":1,\"name\":\"Portada\",\"item\":\"https:\/\/valvulasarco.com\/fr\/home\/\"},{\"@type\":\"ListItem\",\"position\":2,\"name\":\"Professionnel\",\"item\":\"https:\/\/valvulasarco.com\/fr\/professionnel\/\"},{\"@type\":\"ListItem\",\"position\":3,\"name\":\"Assistance technique\"}]},{\"@type\":\"WebSite\",\"@id\":\"https:\/\/valvulasarco.com\/#website\",\"url\":\"https:\/\/valvulasarco.com\/\",\"name\":\"Arco\",\"description\":\"Arco\",\"publisher\":{\"@id\":\"https:\/\/valvulasarco.com\/#organization\"},\"potentialAction\":[{\"@type\":\"SearchAction\",\"target\":{\"@type\":\"EntryPoint\",\"urlTemplate\":\"https:\/\/valvulasarco.com\/?s={search_term_string}\"},\"query-input\":\"required name=search_term_string\"}],\"inLanguage\":\"fr-FR\"},{\"@type\":\"Organization\",\"@id\":\"https:\/\/valvulasarco.com\/#organization\",\"name\":\"Arco\",\"url\":\"https:\/\/valvulasarco.com\/\",\"logo\":{\"@type\":\"ImageObject\",\"inLanguage\":\"fr-FR\",\"@id\":\"https:\/\/valvulasarco.com\/#\/schema\/logo\/image\/\",\"url\":\"https:\/\/valvulasarco.com\/wp-content\/uploads\/2020\/11\/Logo-Arco.png\",\"contentUrl\":\"https:\/\/valvulasarco.com\/wp-content\/uploads\/2020\/11\/Logo-Arco.png\",\"width\":750,\"height\":479,\"caption\":\"Arco\"},\"image\":{\"@id\":\"https:\/\/valvulasarco.com\/#\/schema\/logo\/image\/\"}}]}<\/script>\n<!-- \/ Yoast SEO plugin. -->","yoast_head_json":{"title":"Espace professionnel - Assistance technique - V\u00e1lvulas Arco","description":"Vous avez besoin d'assistance technique sur une valve, un robinet d'arr\u00eat ou un syst\u00e8me d\u2019Arco\u00a0? Entrez ici et nous r\u00e9pondrons \u00e0 vos questions.","robots":{"index":"index","follow":"follow","max-snippet":"max-snippet:-1","max-image-preview":"max-image-preview:large","max-video-preview":"max-video-preview:-1"},"canonical":"https:\/\/valvulasarco.com\/fr\/professionnel\/assistance-technique\/","og_locale":"fr_FR","og_type":"article","og_title":"Espace professionnel - Assistance technique - V\u00e1lvulas Arco","og_description":"Vous avez besoin d'assistance technique sur une valve, un robinet d'arr\u00eat ou un syst\u00e8me d\u2019Arco\u00a0? Entrez ici et nous r\u00e9pondrons \u00e0 vos questions.","og_url":"https:\/\/valvulasarco.com\/fr\/professionnel\/assistance-technique\/","og_site_name":"Arco","article_modified_time":"2021-03-31T06:40:16+00:00","twitter_card":"summary_large_image","twitter_misc":{"Dur\u00e9e de lecture estim\u00e9e":"1 minute"},"schema":{"@context":"https:\/\/schema.org","@graph":[{"@type":"WebPage","@id":"https:\/\/valvulasarco.com\/fr\/professionnel\/assistance-technique\/","url":"https:\/\/valvulasarco.com\/fr\/professionnel\/assistance-technique\/","name":"Espace professionnel - Assistance technique - V\u00e1lvulas Arco","isPartOf":{"@id":"https:\/\/valvulasarco.com\/#website"},"datePublished":"2020-08-03T07:32:26+00:00","dateModified":"2021-03-31T06:40:16+00:00","description":"Vous avez besoin d'assistance technique sur une valve, un robinet d'arr\u00eat ou un syst\u00e8me d\u2019Arco\u00a0? Entrez ici et nous r\u00e9pondrons \u00e0 vos questions.","breadcrumb":{"@id":"https:\/\/valvulasarco.com\/fr\/professionnel\/assistance-technique\/#breadcrumb"},"inLanguage":"fr-FR","potentialAction":[{"@type":"ReadAction","target":["https:\/\/valvulasarco.com\/fr\/professionnel\/assistance-technique\/"]}]},{"@type":"BreadcrumbList","@id":"https:\/\/valvulasarco.com\/fr\/professionnel\/assistance-technique\/#breadcrumb","itemListElement":[{"@type":"ListItem","position":1,"name":"Portada","item":"https:\/\/valvulasarco.com\/fr\/home\/"},{"@type":"ListItem","position":2,"name":"Professionnel","item":"https:\/\/valvulasarco.com\/fr\/professionnel\/"},{"@type":"ListItem","position":3,"name":"Assistance technique"}]},{"@type":"WebSite","@id":"https:\/\/valvulasarco.com\/#website","url":"https:\/\/valvulasarco.com\/","name":"Arco","description":"Arco","publisher":{"@id":"https:\/\/valvulasarco.com\/#organization"},"potentialAction":[{"@type":"SearchAction","target":{"@type":"EntryPoint","urlTemplate":"https:\/\/valvulasarco.com\/?s={search_term_string}"},"query-input":"required name=search_term_string"}],"inLanguage":"fr-FR"},{"@type":"Organization","@id":"https:\/\/valvulasarco.com\/#organization","name":"Arco","url":"https:\/\/valvulasarco.com\/","logo":{"@type":"ImageObject","inLanguage":"fr-FR","@id":"https:\/\/valvulasarco.com\/#\/schema\/logo\/image\/","url":"https:\/\/valvulasarco.com\/wp-content\/uploads\/2020\/11\/Logo-Arco.png","contentUrl":"https:\/\/valvulasarco.com\/wp-content\/uploads\/2020\/11\/Logo-Arco.png","width":750,"height":479,"caption":"Arco"},"image":{"@id":"https:\/\/valvulasarco.com\/#\/schema\/logo\/image\/"}}]}},"_links":{"self":[{"href":"https:\/\/valvulasarco.com\/fr\/wp-json\/wp\/v2\/pages\/2728"}],"collection":[{"href":"https:\/\/valvulasarco.com\/fr\/wp-json\/wp\/v2\/pages"}],"about":[{"href":"https:\/\/valvulasarco.com\/fr\/wp-json\/wp\/v2\/types\/page"}],"author":[{"embeddable":true,"href":"https:\/\/valvulasarco.com\/fr\/wp-json\/wp\/v2\/users\/1"}],"replies":[{"embeddable":true,"href":"https:\/\/valvulasarco.com\/fr\/wp-json\/wp\/v2\/comments?post=2728"}],"version-history":[{"count":5,"href":"https:\/\/valvulasarco.com\/fr\/wp-json\/wp\/v2\/pages\/2728\/revisions"}],"predecessor-version":[{"id":2730,"href":"https:\/\/valvulasarco.com\/fr\/wp-json\/wp\/v2\/pages\/2728\/revisions\/2730"}],"up":[{"embeddable":true,"href":"https:\/\/valvulasarco.com\/fr\/wp-json\/wp\/v2\/pages\/2632"}],"wp:attachment":[{"href":"https:\/\/valvulasarco.com\/fr\/wp-json\/wp\/v2\/media?parent=2728"}],"curies":[{"name":"wp","href":"https:\/\/api.w.org\/{rel}","templated":true}]}}