{"id":2708,"date":"2020-07-09T09:31:53","date_gmt":"2020-07-09T09:31:53","guid":{"rendered":"https:\/\/valvulasarco.com\/productos\/"},"modified":"2021-03-31T06:51:55","modified_gmt":"2021-03-31T06:51:55","slug":"produits","status":"publish","type":"page","link":"https:\/\/valvulasarco.com\/fr\/produits\/","title":{"rendered":"Produits"},"content":{"rendered":"<p>[vc_row full_width=\u00a0\u00bbstretch_row\u00a0\u00bb el_class=\u00a0\u00bbbanner_pagina banner_productos_cat\u00a0\u00bb css=\u00a0\u00bb.vc_custom_1604404885449{background-image: url(https:\/\/valvulasarco.com\/wp-content\/uploads\/2020\/07\/PRODUCTO_CAB.jpg?id=611) !important;background-position: center !important;background-repeat: no-repeat !important;background-size: cover !important;}\u00a0\u00bb][vc_column width=\u00a0\u00bb1\/2&Prime; css=\u00a0\u00bb.vc_custom_1594131934187{padding-top: 0px !important;}\u00a0\u00bb][vc_column_text]<\/p>\n<h1>PRODUITS<\/h1>\n<h2>Sp\u00e9cialistes de la conception et de la fabrication de syst\u00e8mes d&rsquo;installation d&rsquo;eau, de gaz et de chauffage dans le monde entier<\/h2>\n<p>[\/vc_column_text][\/vc_column][vc_column width=\u00a0\u00bb1\/2&Prime; css=\u00a0\u00bb.vc_custom_1594131938133{padding-top: 0px !important;}\u00a0\u00bb][\/vc_column][\/vc_row][vc_row el_class=\u00a0\u00bbbreadcrumb bread_productos\u00a0\u00bb][vc_column css=\u00a0\u00bb.vc_custom_1594132444794{padding-top: 0px !important;}\u00a0\u00bb]<div itemscope itemtype=\"https:\/\/schema.org\/BreadcrumbList\" id=\"breadcrumb\"><div itemprop=\"itemListElement\" itemscope itemtype=\"https:\/\/schema.org\/ListItem\"><a itemprop=\"item\" href=\"https:\/\/valvulasarco.com\/fr\/\"><span class=\"vc_icon_element-icon fa fa-home\"><\/span><span itemprop=\"name\">Home<\/span><\/a><meta itemprop=\"position\" content=\"1\" \/><\/div><div itemprop=\"itemListElement hola\" itemscope itemtype=\"https:\/\/schema.org\/ListItem\"><span>><\/span><a itemprop=\"item\" href=\"https:\/\/valvulasarco.com\/fr\/produits\/\"><span itemprop=\"name\">Produits<\/span><\/a><meta itemprop=\"position\" content=\"3\"><\/div><\/div>[\/vc_column][\/vc_row][vc_row full_width=\u00a0\u00bbstretch_row_content_no_spaces\u00a0\u00bb el_class=\u00a0\u00bbdescarga_catalogo_home descarga_productos\u00a0\u00bb][vc_column][vc_raw_html]JTNDYSUyMGhyZWYlM0QlMjIlMkZ3cC1jb250ZW50JTJGdXBsb2FkcyUyRjIwMjAlMkYxMCUyRmNhdGFsb2dvXzIwMTlfdGFyaWZhc19hcmNvLnBkZiUyMiUzRSUzQ3NwYW4lM0UlM0NpJTIwY2xhc3MlM0QlMjJmYXMlMjBmYS1kb3dubG9hZCUyMiUzRSUzQyUyRmklM0UlMjBDYXRhbG9ndWUlM0MlMkZzcGFuJTNFJTNDJTJGYSUzRQ==[\/vc_raw_html][\/vc_column][\/vc_row][vc_row el_class=\u00a0\u00bbproductos_profesionales\u00a0\u00bb css=\u00a0\u00bb.vc_custom_1611148315785{padding-top: 0px !important;padding-bottom: 0px !important;}\u00a0\u00bb][vc_column][vc_row el_class=\"productos_profesionales\"][\/vc_row][\/vc_column][\/vc_row][vc_row el_class=\u00a0\u00bbseparador_producto bloque\u00a0\u00bb][vc_column][vc_column_text el_class=\u00a0\u00bbtitulo\u00a0\u00bb]<\/p>\n<p style=\"text-align: center;\">Syst\u00e8me<\/p>\n<p>[\/vc_column_text][vc_row_inner el_class=\u00a0\u00bbproductos_sistema_listado\u00a0\u00bb][vc_column_inner width=\u00a0\u00bb1\/3&Prime;][vc_raw_html]JTNDZGl2JTIwY2xhc3MlM0QlMjJpdGVtLXByb2R1Y3RvLXNpc3RlbWFzJTIwb2Z1c2Nhcl9saW5rJTIyJTIwZGF0YS11cmwlM0QlMjIlMkZmciUyRnByb2R1Y3RzJTJGY2F0ZWdvcnklMkZhZ3VhJTJGYWd1YS10dWJvLXJhY29yZXMlMkYlMjIlMjBkYXRhLW5ldy13aW5kb3clM0QlMjIwJTIyJTNFJTBBJTIwJTIwJTIwJTIwJTIwJTNDZGl2JTIwY2xhc3MlM0QlMjJpbmZvJTIyJTNFJTBBJTA5JTNDZGl2JTIwY2xhc3MlM0QlMjJpbWFnZW4lMjIlM0UlMEElMDklMDklM0NpbWclMjBzcmMlM0QlMjIlMkZ3cC1jb250ZW50JTJGdXBsb2FkcyUyRjIwMjAlMkYxMCUyRnR1Ym8tcmFjb3Jlcy1hZ3VhLTEucG5nJTIyJTNFJTBBJTIwJTIwJTIwJTIwJTIwJTIwJTIwJTIwJTNDJTJGZGl2JTNFJTBBJTA5JTNDZGl2JTIwY2xhc3MlM0QlMjJ0aXR1bG8lMjIlM0UlMEElMDklMDklM0NhJTIwaHJlZiUzRCUyMiUyRmZyJTJGcHJvZHVjdHMlMkZjYXRlZ29yeSUyRmFndWElMkZhZ3VhLXR1Ym8tcmFjb3JlcyUyRiUyMiUzRVNZU1QlQzMlODhNRVMlMjBERSUyMFBMT01CRVJJRSUzQyUyRmElM0UlMEElMDklM0MlMkZkaXYlM0UlMEElMjAlMjAlMjAlM0MlMkZkaXYlM0UlMEElM0MlMkZkaXYlM0U=[\/vc_raw_html][\/vc_column_inner][vc_column_inner width=\u00a0\u00bb1\/3&Prime;][vc_raw_html]JTNDZGl2JTIwY2xhc3MlM0QlMjJpdGVtLXByb2R1Y3RvLXNpc3RlbWFzJTIwb2Z1c2Nhcl9saW5rJTIyJTIwZGF0YS11cmwlM0QlMjIlMkZmciUyRnByb2R1Y3RzJTJGY2F0ZWdvcnklMkZnYXMlMkZnYXMtdHViby1yYWNvcmVzJTJGJTIyJTIwZGF0YS1uZXctd2luZG93JTNEJTIyMCUyMiUzRSUwQSUyMCUyMCUyMCUyMCUyMCUzQ2RpdiUyMGNsYXNzJTNEJTIyaW5mbyUyMiUzRSUwQSUwOSUzQ2RpdiUyMGNsYXNzJTNEJTIyaW1hZ2VuJTIyJTNFJTBBJTA5JTA5JTNDaW1nJTIwc3JjJTNEJTIyJTJGd3AtY29udGVudCUyRnVwbG9hZHMlMkYyMDIwJTJGMTAlMkZ0dWJvLXJhY29yZXMtZ2FzLnBuZyUyMiUzRSUwQSUyMCUyMCUyMCUyMCUyMCUyMCUyMCUyMCUzQyUyRmRpdiUzRSUwQSUwOSUzQ2RpdiUyMGNsYXNzJTNEJTIydGl0dWxvJTIyJTNFJTBBJTA5JTA5JTNDYSUyMGhyZWYlM0QlMjIlMkZmciUyRnByb2R1Y3RzJTJGY2F0ZWdvcnklMkZnYXMlMkZnYXMtdHViby1yYWNvcmVzJTJGJTIyJTNFU1lTVCVDMyU4OE1FUyUyMFBPVVIlMjBMRSUyMEdBWiUzQyUyRmElM0UlMEElMDklM0MlMkZkaXYlM0UlMEElMjAlMjAlMjAlM0MlMkZkaXYlM0UlMEElM0MlMkZkaXYlM0U=[\/vc_raw_html][\/vc_column_inner][vc_column_inner width=\u00a0\u00bb1\/3&Prime;][vc_raw_html]JTNDZGl2JTIwY2xhc3MlM0QlMjJpdGVtLXByb2R1Y3RvLXNpc3RlbWFzJTIwb2Z1c2Nhcl9saW5rJTIyJTIwZGF0YS11cmwlM0QlMjIlMkZmciUyRnByb2R1Y3RzJTJGY2F0ZWdvcnklMkZjYWxlZmFjY2lvbiUyRmNhbGVmYWNjaW9uLXR1Ym8tcmFjb3JlcyUyRiUyMiUyMGRhdGEtbmV3LXdpbmRvdyUzRCUyMjAlMjIlM0UlMEElMjAlMjAlMjAlMjAlMjAlM0NkaXYlMjBjbGFzcyUzRCUyMmluZm8lMjIlM0UlMEElMDklM0NkaXYlMjBjbGFzcyUzRCUyMmltYWdlbiUyMiUzRSUwQSUwOSUwOSUzQ2ltZyUyMHNyYyUzRCUyMiUyRndwLWNvbnRlbnQlMkZ1cGxvYWRzJTJGMjAyMCUyRjEwJTJGdHViby1yYWNvcmVzLWNhbGVmYWNjaW9uLnBuZyUyMiUzRSUwQSUyMCUyMCUyMCUyMCUyMCUyMCUyMCUyMCUzQyUyRmRpdiUzRSUwQSUwOSUzQ2RpdiUyMGNsYXNzJTNEJTIydGl0dWxvJTIyJTNFJTBBJTA5JTA5JTNDYSUyMGhyZWYlM0QlMjIlMkZmciUyRnByb2R1Y3RzJTJGY2F0ZWdvcnklMkZjYWxlZmFjY2lvbiUyRmNhbGVmYWNjaW9uLXR1Ym8tcmFjb3JlcyUyRiUyMiUzRVNZU1QlQzMlODhNRSUyMFBPVVIlMjBMRSUyMENIQVVGRkFHRSUzQyUyRmElM0UlMEElMDklM0MlMkZkaXYlM0UlMEElMjAlMjAlMjAlM0MlMkZkaXYlM0UlMEElM0MlMkZkaXYlM0U=[\/vc_raw_html][\/vc_column_inner][\/vc_row_inner][\/vc_column][\/vc_row][vc_row full_width=\u00a0\u00bbstretch_row\u00a0\u00bb el_class=\u00a0\u00bbbloque portada_productos_slide\u00a0\u00bb css=\u00a0\u00bb.vc_custom_1595502655208{background-color: #f0f0f0 !important;}\u00a0\u00bb][vc_column css=\u00a0\u00bb.vc_custom_1595502946175{padding-top: 0px !important;}\u00a0\u00bb][vc_column_text el_class=\u00a0\u00bbtitulo_portada_productos_slide\u00a0\u00bb]NOUVEAUTES[\/vc_column_text]<div class=\"slider_productos_portada slider_grid_3\">[vc_column width=\"1\/3\" el_class=\"primero item\"]<div class=\"ofuscar_link\" data-url=\"https:\/\/valvulasarco.com\/fr\/products\/a00744-valvula-retencion-pn16-h-h-roscar-vitaq-stop\/\" data-new-window=\"0\">[vc_single_image image=\"1825\" el_class=\"imagen\"][vc_row_inner el_class=\"info\"][vc_column_inner][vc_column_text el_class=\"titulo\"]Clapet de retenue VITAQ[\/vc_column_text][vc_column_text el_class=\"resumen\"]Nous am\u00e9liorons nos clapets de retenue avec un clapet anti-calcaire VITAQ, qui \u00e9vite que le calcaire adh\u00e8re \u00e0 l'int\u00e9rieur du clapet prolongeant ainsi sa vie utile. [\/vc_column_text][vc_column_text el_class=\"enlace\"]<a href=\"https:\/\/valvulasarco.com\/fr\/products\/a00744-valvula-retencion-pn16-h-h-roscar-vitaq-stop\/\"><img src=\"\/wp-content\/uploads\/2020\/07\/IC-MAS-AZUL-1.svg\" alt=\"\" width=\"1\" height=\"1\" \/><\/a>[\/vc_column_text][\/vc_column_inner][\/vc_row_inner]<\/div>[\/vc_column][vc_column width=\"1\/3\" el_class=\"primero item\"]<div class=\"ofuscar_link\" data-url=\"https:\/\/valvulasarco.com\/fr\/products\/a00757-valvula-escuadra-pn10-m-m-x-m-roscar-vitaq-mando-abs-cromo-a%c2%b780-twin\/\" data-new-window=\"0\">[vc_single_image image=\"1832\" el_class=\"imagen\"][vc_row_inner el_class=\"info\"][vc_column_inner][vc_column_text el_class=\"titulo\"]Vanne Twin: laiton faible teneur en plomb[\/vc_column_text][vc_column_text el_class=\"resumen\"]Arco pr\u00e9sente sa premi\u00e8re vanne fabriqu\u00e9e en laitonlow lead et avec un syst\u00e8me anti-calcaire VITAQ. Plus durable et avec de multiples applications. \r\n[\/vc_column_text][vc_column_text el_class=\"enlace\"]<a href=\"https:\/\/valvulasarco.com\/fr\/products\/a00757-valvula-escuadra-pn10-m-m-x-m-roscar-vitaq-mando-abs-cromo-a%c2%b780-twin\/\"><img src=\"\/wp-content\/uploads\/2020\/07\/IC-MAS-AZUL-1.svg\" alt=\"\" width=\"1\" height=\"1\" \/><\/a>[\/vc_column_text][\/vc_column_inner][\/vc_row_inner]<\/div>[\/vc_column][vc_column width=\"1\/3\" el_class=\"primero item\"]<div class=\"ofuscar_link\" data-url=\"https:\/\/valvulasarco.com\/fr\/products\/a00536-valvula-esfera-doble-eje-pn50-h-h-roscar-vitaq-palanca-negra-funda-negra-tajo-pro\/\" data-new-window=\"0\">[vc_single_image image=\"1818\" el_class=\"imagen\"][vc_row_inner el_class=\"info\"][vc_column_inner][vc_column_text el_class=\"titulo\"]Tajo PRO: double axe, z\u00e9ro probl\u00e8mes[\/vc_column_text][vc_column_text el_class=\"resumen\"]La premi\u00e8re vanne \u00e0 boisseau sph\u00e9rique dans le monde avec une technologie de double axe dynamique, qui am\u00e9liore le rendement int\u00e9grale de l'installation.[\/vc_column_text][vc_column_text el_class=\"enlace\"]<a href=\"https:\/\/valvulasarco.com\/fr\/products\/a00536-valvula-esfera-doble-eje-pn50-h-h-roscar-vitaq-palanca-negra-funda-negra-tajo-pro\/\"><img src=\"\/wp-content\/uploads\/2020\/07\/IC-MAS-AZUL-1.svg\" alt=\"\" width=\"1\" height=\"1\" \/><\/a>[\/vc_column_text][\/vc_column_inner][\/vc_row_inner]<\/div>[\/vc_column]<\/div>[\/vc_column][\/vc_row][vc_row equal_height=\u00a0\u00bbyes\u00a0\u00bb el_class=\u00a0\u00bbrecursos_productos bloque\u00a0\u00bb][vc_column width=\u00a0\u00bb7\/12&Prime; el_class=\u00a0\u00bbdescarga_cat_productos\u00a0\u00bb css=\u00a0\u00bb.vc_custom_1595832035227{padding-top: 0px !important;}\u00a0\u00bb][vc_row_inner equal_height=\u00a0\u00bbyes\u00a0\u00bb][vc_column_inner width=\u00a0\u00bb1\/2&Prime;][vc_column_text]T\u00e9l\u00e9chargez le nouveau catalogue de produits <strong>Arco.<\/strong><\/p>\n<p><a href=\"\/wp-content\/uploads\/2020\/10\/catalogo_2019_tarifas_arco.pdf\" target=\"_blank\" rel=\"noopener noreferrer\"><i class=\"fas fa-download\"><\/i> Catalogue<\/a>[\/vc_column_text][\/vc_column_inner][vc_column_inner width=\u00a0\u00bb1\/2&Prime;][vc_single_image image=\u00a0\u00bb667&Prime; img_size=\u00a0\u00bbfull\u00a0\u00bb alignment=\u00a0\u00bbcenter\u00a0\u00bb][\/vc_column_inner][\/vc_row_inner][\/vc_column][vc_column width=\u00a0\u00bb5\/12&Prime; el_class=\u00a0\u00bbseccion_descarga\u00a0\u00bb css=\u00a0\u00bb.vc_custom_1595832038958{padding-top: 0px !important;}\u00a0\u00bb][vc_column_text]<\/p>\n<h3>Ressources et t\u00e9l\u00e9chargements<\/h3>\n<p>Retrouvez ici tout ce que vous devez savoir sur nos produits, catalogues, fiches techniques et fichiers t\u00e9l\u00e9chargeables.<\/p>\n<p><a href=\"https:\/\/valvulasarco.com\/fr\/produits\/telechargez\/\">voir les ressources<\/a>[\/vc_column_text][\/vc_column][\/vc_row]<\/p>\n","protected":false},"excerpt":{"rendered":"<p>[vc_row full_width=\u00a0\u00bbstretch_row\u00a0\u00bb el_class=\u00a0\u00bbbanner_pagina banner_productos_cat\u00a0\u00bb css=\u00a0\u00bb.vc_custom_1604404885449{background-image: url(https:\/\/valvulasarco.com\/wp-content\/uploads\/2020\/07\/PRODUCTO_CAB.jpg?id=611) !important;background-position: center !important;background-repeat: no-repeat !important;background-size: cover !important;}\u00a0\u00bb][vc_column width=\u00a0\u00bb1\/2&Prime; css=\u00a0\u00bb.vc_custom_1594131934187{padding-top: 0px !important;}\u00a0\u00bb][vc_column_text] PRODUITS Sp\u00e9cialistes de la conception et de la fabrication de syst\u00e8mes d&rsquo;installation d&rsquo;eau, de gaz et de chauffage dans le monde entier [\/vc_column_text][\/vc_column][vc_column width=\u00a0\u00bb1\/2&Prime; css=\u00a0\u00bb.vc_custom_1594131938133{padding-top: 0px !important;}\u00a0\u00bb][\/vc_column][\/vc_row][vc_row el_class=\u00a0\u00bbbreadcrumb bread_productos\u00a0\u00bb][vc_column css=\u00a0\u00bb.vc_custom_1594132444794{padding-top: 0px !important;}\u00a0\u00bb][\/vc_column][\/vc_row][vc_row full_width=\u00a0\u00bbstretch_row_content_no_spaces\u00a0\u00bb el_class=\u00a0\u00bbdescarga_catalogo_home descarga_productos\u00a0\u00bb][vc_column][vc_raw_html]JTNDYSUyMGhyZWYlM0QlMjIlMkZ3cC1jb250ZW50JTJGdXBsb2FkcyUyRjIwMjAlMkYxMCUyRmNhdGFsb2dvXzIwMTlfdGFyaWZhc19hcmNvLnBkZiUyMiUzRSUzQ3NwYW4lM0UlM0NpJTIwY2xhc3MlM0QlMjJmYXMlMjBmYS1kb3dubG9hZCUyMiUzRSUzQyUyRmklM0UlMjBDYXRhbG9ndWUlM0MlMkZzcGFuJTNFJTNDJTJGYSUzRQ==[\/vc_raw_html][\/vc_column][\/vc_row][vc_row el_class=\u00a0\u00bbproductos_profesionales\u00a0\u00bb css=\u00a0\u00bb.vc_custom_1611148315785{padding-top: 0px [&hellip;]<\/p>\n","protected":false},"author":1,"featured_media":0,"parent":0,"menu_order":0,"comment_status":"closed","ping_status":"closed","template":"","meta":[],"acf":[],"yoast_head":"<!-- This site is optimized with the Yoast SEO plugin v20.4 - https:\/\/yoast.com\/wordpress\/plugins\/seo\/ -->\n<title>Vannes pour eau, gaz, chauffage, et syst\u00e8mes - V\u00e1lvulas Arco<\/title>\n<meta name=\"description\" content=\"Nous disposons de vannes ou robinets pour l&#039;eau, le gaz, le chauffage, et des syst\u00e8mes. Trouvez la vanne qu&#039;il vous faut pour votre projet.\" \/>\n<meta name=\"robots\" content=\"index, follow, max-snippet:-1, max-image-preview:large, max-video-preview:-1\" \/>\n<link rel=\"canonical\" href=\"https:\/\/valvulasarco.com\/fr\/produits\/\" \/>\n<meta property=\"og:locale\" content=\"fr_FR\" \/>\n<meta property=\"og:type\" content=\"article\" \/>\n<meta property=\"og:title\" content=\"Vannes pour eau, gaz, chauffage, et syst\u00e8mes - V\u00e1lvulas Arco\" \/>\n<meta property=\"og:description\" content=\"Nous disposons de vannes ou robinets pour l&#039;eau, le gaz, le chauffage, et des syst\u00e8mes. Trouvez la vanne qu&#039;il vous faut pour votre projet.\" \/>\n<meta property=\"og:url\" content=\"https:\/\/valvulasarco.com\/fr\/produits\/\" \/>\n<meta property=\"og:site_name\" content=\"Arco\" \/>\n<meta property=\"article:modified_time\" content=\"2021-03-31T06:51:55+00:00\" \/>\n<meta name=\"twitter:card\" content=\"summary_large_image\" \/>\n<meta name=\"twitter:label1\" content=\"Dur\u00e9e de lecture estim\u00e9e\" \/>\n\t<meta name=\"twitter:data1\" content=\"3 minutes\" \/>\n<script type=\"application\/ld+json\" class=\"yoast-schema-graph\">{\"@context\":\"https:\/\/schema.org\",\"@graph\":[{\"@type\":\"WebPage\",\"@id\":\"https:\/\/valvulasarco.com\/fr\/produits\/\",\"url\":\"https:\/\/valvulasarco.com\/fr\/produits\/\",\"name\":\"Vannes pour eau, gaz, chauffage, et syst\u00e8mes - V\u00e1lvulas Arco\",\"isPartOf\":{\"@id\":\"https:\/\/valvulasarco.com\/#website\"},\"datePublished\":\"2020-07-09T09:31:53+00:00\",\"dateModified\":\"2021-03-31T06:51:55+00:00\",\"description\":\"Nous disposons de vannes ou robinets pour l'eau, le gaz, le chauffage, et des syst\u00e8mes. Trouvez la vanne qu'il vous faut pour votre projet.\",\"breadcrumb\":{\"@id\":\"https:\/\/valvulasarco.com\/fr\/produits\/#breadcrumb\"},\"inLanguage\":\"fr-FR\",\"potentialAction\":[{\"@type\":\"ReadAction\",\"target\":[\"https:\/\/valvulasarco.com\/fr\/produits\/\"]}]},{\"@type\":\"BreadcrumbList\",\"@id\":\"https:\/\/valvulasarco.com\/fr\/produits\/#breadcrumb\",\"itemListElement\":[{\"@type\":\"ListItem\",\"position\":1,\"name\":\"Portada\",\"item\":\"https:\/\/valvulasarco.com\/fr\/home\/\"},{\"@type\":\"ListItem\",\"position\":2,\"name\":\"Produits\"}]},{\"@type\":\"WebSite\",\"@id\":\"https:\/\/valvulasarco.com\/#website\",\"url\":\"https:\/\/valvulasarco.com\/\",\"name\":\"Arco\",\"description\":\"Arco\",\"publisher\":{\"@id\":\"https:\/\/valvulasarco.com\/#organization\"},\"potentialAction\":[{\"@type\":\"SearchAction\",\"target\":{\"@type\":\"EntryPoint\",\"urlTemplate\":\"https:\/\/valvulasarco.com\/?s={search_term_string}\"},\"query-input\":\"required name=search_term_string\"}],\"inLanguage\":\"fr-FR\"},{\"@type\":\"Organization\",\"@id\":\"https:\/\/valvulasarco.com\/#organization\",\"name\":\"Arco\",\"url\":\"https:\/\/valvulasarco.com\/\",\"logo\":{\"@type\":\"ImageObject\",\"inLanguage\":\"fr-FR\",\"@id\":\"https:\/\/valvulasarco.com\/#\/schema\/logo\/image\/\",\"url\":\"https:\/\/valvulasarco.com\/wp-content\/uploads\/2020\/11\/Logo-Arco.png\",\"contentUrl\":\"https:\/\/valvulasarco.com\/wp-content\/uploads\/2020\/11\/Logo-Arco.png\",\"width\":750,\"height\":479,\"caption\":\"Arco\"},\"image\":{\"@id\":\"https:\/\/valvulasarco.com\/#\/schema\/logo\/image\/\"}}]}<\/script>\n<!-- \/ Yoast SEO plugin. -->","yoast_head_json":{"title":"Vannes pour eau, gaz, chauffage, et syst\u00e8mes - V\u00e1lvulas Arco","description":"Nous disposons de vannes ou robinets pour l'eau, le gaz, le chauffage, et des syst\u00e8mes. Trouvez la vanne qu'il vous faut pour votre projet.","robots":{"index":"index","follow":"follow","max-snippet":"max-snippet:-1","max-image-preview":"max-image-preview:large","max-video-preview":"max-video-preview:-1"},"canonical":"https:\/\/valvulasarco.com\/fr\/produits\/","og_locale":"fr_FR","og_type":"article","og_title":"Vannes pour eau, gaz, chauffage, et syst\u00e8mes - V\u00e1lvulas Arco","og_description":"Nous disposons de vannes ou robinets pour l'eau, le gaz, le chauffage, et des syst\u00e8mes. Trouvez la vanne qu'il vous faut pour votre projet.","og_url":"https:\/\/valvulasarco.com\/fr\/produits\/","og_site_name":"Arco","article_modified_time":"2021-03-31T06:51:55+00:00","twitter_card":"summary_large_image","twitter_misc":{"Dur\u00e9e de lecture estim\u00e9e":"3 minutes"},"schema":{"@context":"https:\/\/schema.org","@graph":[{"@type":"WebPage","@id":"https:\/\/valvulasarco.com\/fr\/produits\/","url":"https:\/\/valvulasarco.com\/fr\/produits\/","name":"Vannes pour eau, gaz, chauffage, et syst\u00e8mes - V\u00e1lvulas Arco","isPartOf":{"@id":"https:\/\/valvulasarco.com\/#website"},"datePublished":"2020-07-09T09:31:53+00:00","dateModified":"2021-03-31T06:51:55+00:00","description":"Nous disposons de vannes ou robinets pour l'eau, le gaz, le chauffage, et des syst\u00e8mes. Trouvez la vanne qu'il vous faut pour votre projet.","breadcrumb":{"@id":"https:\/\/valvulasarco.com\/fr\/produits\/#breadcrumb"},"inLanguage":"fr-FR","potentialAction":[{"@type":"ReadAction","target":["https:\/\/valvulasarco.com\/fr\/produits\/"]}]},{"@type":"BreadcrumbList","@id":"https:\/\/valvulasarco.com\/fr\/produits\/#breadcrumb","itemListElement":[{"@type":"ListItem","position":1,"name":"Portada","item":"https:\/\/valvulasarco.com\/fr\/home\/"},{"@type":"ListItem","position":2,"name":"Produits"}]},{"@type":"WebSite","@id":"https:\/\/valvulasarco.com\/#website","url":"https:\/\/valvulasarco.com\/","name":"Arco","description":"Arco","publisher":{"@id":"https:\/\/valvulasarco.com\/#organization"},"potentialAction":[{"@type":"SearchAction","target":{"@type":"EntryPoint","urlTemplate":"https:\/\/valvulasarco.com\/?s={search_term_string}"},"query-input":"required name=search_term_string"}],"inLanguage":"fr-FR"},{"@type":"Organization","@id":"https:\/\/valvulasarco.com\/#organization","name":"Arco","url":"https:\/\/valvulasarco.com\/","logo":{"@type":"ImageObject","inLanguage":"fr-FR","@id":"https:\/\/valvulasarco.com\/#\/schema\/logo\/image\/","url":"https:\/\/valvulasarco.com\/wp-content\/uploads\/2020\/11\/Logo-Arco.png","contentUrl":"https:\/\/valvulasarco.com\/wp-content\/uploads\/2020\/11\/Logo-Arco.png","width":750,"height":479,"caption":"Arco"},"image":{"@id":"https:\/\/valvulasarco.com\/#\/schema\/logo\/image\/"}}]}},"_links":{"self":[{"href":"https:\/\/valvulasarco.com\/fr\/wp-json\/wp\/v2\/pages\/2708"}],"collection":[{"href":"https:\/\/valvulasarco.com\/fr\/wp-json\/wp\/v2\/pages"}],"about":[{"href":"https:\/\/valvulasarco.com\/fr\/wp-json\/wp\/v2\/types\/page"}],"author":[{"embeddable":true,"href":"https:\/\/valvulasarco.com\/fr\/wp-json\/wp\/v2\/users\/1"}],"replies":[{"embeddable":true,"href":"https:\/\/valvulasarco.com\/fr\/wp-json\/wp\/v2\/comments?post=2708"}],"version-history":[{"count":9,"href":"https:\/\/valvulasarco.com\/fr\/wp-json\/wp\/v2\/pages\/2708\/revisions"}],"predecessor-version":[{"id":5392,"href":"https:\/\/valvulasarco.com\/fr\/wp-json\/wp\/v2\/pages\/2708\/revisions\/5392"}],"wp:attachment":[{"href":"https:\/\/valvulasarco.com\/fr\/wp-json\/wp\/v2\/media?parent=2708"}],"curies":[{"name":"wp","href":"https:\/\/api.w.org\/{rel}","templated":true}]}}