{"id":2627,"date":"2020-08-10T10:12:03","date_gmt":"2020-08-10T10:12:03","guid":{"rendered":"https:\/\/valvulasarco.com\/secteurs-dactivite\/sistemas\/"},"modified":"2022-07-29T14:25:10","modified_gmt":"2022-07-29T12:25:10","slug":"systemes","status":"publish","type":"page","link":"https:\/\/valvulasarco.com\/fr\/secteurs-dactivite\/systemes\/","title":{"rendered":"Syst\u00e8mes"},"content":{"rendered":"<p>[vc_row full_width=\u00a0\u00bbstretch_row_content_no_spaces\u00a0\u00bb el_class=\u00a0\u00bbcuadrar_banner\u00a0\u00bb][vc_column css=\u00a0\u00bb.vc_custom_1596524651948{padding-top: 0px !important;}\u00a0\u00bb][vc_separator color=\u00a0\u00bbcustom\u00a0\u00bb border_width=\u00a0\u00bb10&Prime; accent_color=\u00a0\u00bb#80a81f\u00a0\u00bb css=\u00a0\u00bb.vc_custom_1597054356918{margin-bottom: 10px !important;}\u00a0\u00bb][\/vc_column][\/vc_row][vc_row el_class=\u00a0\u00bbicono_linea_negocio sistemas\u00a0\u00bb][vc_column css=\u00a0\u00bb.vc_custom_1596524651948{padding-top: 0px !important;}\u00a0\u00bb][vc_single_image image=\u00a0\u00bb1505&Prime; img_size=\u00a0\u00bbfull\u00a0\u00bb alignment=\u00a0\u00bbright\u00a0\u00bb][\/vc_column][\/vc_row][vc_row][vc_column]<div data-vc-full-width=\"true\" data-vc-full-width-init=\"false\" data-vc-stretch-content=\"true\" class=\"vc_row wpb_row vc_row-fluid slider_cabecera_row vc_row-no-padding\"><div class=\"wpb_column vc_column_container vc_col-sm-12\"><div class=\"vc_column-inner\"><div class=\"wpb_wrapper\"><div class=\"slider_cabecera slider_grid_1\"><div class=\"vc_row wpb_row vc_inner vc_row-fluid banner_pagina profesional slider_post_2688 vc_row-has-fill\"><div class=\"vc_container\"><div class=\"wpb_column vc_column_container vc_col-sm-6\"><div class=\"vc_column-inner vc_custom_1594131934187\"><div class=\"wpb_wrapper\">\n\t<div class=\"wpb_text_column wpb_content_element \" >\n\t\t<div class=\"wpb_wrapper\">\n\t\t\t<h2>Ligne de n\u00e9goce Syst\u00e8mes<\/h2>\n<h1>Large gamme de solutions pour les syt\u00e8mes d'installations professionnelles<\/h1>\n<div class=\"boton_gris\"><\/div>\n\n\t\t<\/div>\n\t<\/div>\n<\/div><\/div><\/div><div class=\"wpb_column vc_column_container vc_col-sm-6\"><div class=\"vc_column-inner vc_custom_1594131938133\"><div class=\"wpb_wrapper\"><\/div><\/div><\/div><\/div><\/div><\/div><\/div><\/div><\/div><\/div><div class=\"vc_row-full-width vc_clearfix\"><\/div><style type=\"text\/css\" data-type=\"vc_shortcodes-custom-css\">.slider_post_2688{background-image: url(https:\/\/valvulasarco.com\/wp-content\/uploads\/2020\/10\/Slide_Sistemas_01_V.jpg) !important;background-position: center !important;background-repeat: no-repeat !important;background-size: cover !important;}.vc_custom_1594131934187{padding-top: 0px !important;}.vc_custom_1594131938133{padding-top: 0px !important;}<\/style>[\/vc_column][\/vc_row][vc_row full_width=\u00a0\u00bbstretch_row\u00a0\u00bb el_class=\u00a0\u00bbbreadcrumb con_slide\u00a0\u00bb css=\u00a0\u00bb.vc_custom_1596714199789{background-color: #f0f0f0 !important;}\u00a0\u00bb][vc_column css=\u00a0\u00bb.vc_custom_1594132444794{padding-top: 0px !important;}\u00a0\u00bb]<div itemscope itemtype=\"https:\/\/schema.org\/BreadcrumbList\" id=\"breadcrumb\"><div itemprop=\"itemListElement\" itemscope itemtype=\"https:\/\/schema.org\/ListItem\"><a itemprop=\"item\" href=\"https:\/\/valvulasarco.com\/fr\/\"><span class=\"vc_icon_element-icon fa fa-home\"><\/span><span itemprop=\"name\">Home<\/span><\/a><meta itemprop=\"position\" content=\"1\" \/><\/div><div itemprop=\"itemListElement hola\" itemscope itemtype=\"https:\/\/schema.org\/ListItem\"><span>><\/span><a itemprop=\"item\" href=\"https:\/\/valvulasarco.com\/fr\/slider_cabecera\/promocion-destacado-1-4\/\"><span itemprop=\"name\">Ligne de n\u00e9goce Syst\u00e8mes<\/span><\/a><meta itemprop=\"position\" content=\"3\"><\/div><\/div>[\/vc_column][\/vc_row][vc_row full_width=\u00a0\u00bbstretch_row\u00a0\u00bb el_class=\u00a0\u00bbdestacado_obra bloque count_personas_personas\u00a0\u00bb css=\u00a0\u00bb.vc_custom_1596526645104{padding-top: 20px !important;padding-bottom: 30px !important;background-color: #f0f0f0 !important;}\u00a0\u00bb][vc_column width=\u00a0\u00bb1\/12&Prime; css=\u00a0\u00bb.vc_custom_1596526681054{padding-top: 0px !important;}\u00a0\u00bb][\/vc_column][vc_column width=\u00a0\u00bb10\/12&Prime; css=\u00a0\u00bb.vc_custom_1596526675835{padding-top: 0px !important;}\u00a0\u00bb][vc_column_text]<\/p>\n<h2>Robinets, tuyaux et accessoires con\u00e7us pour am\u00e9liorer les performances globales de l&rsquo;installation.<\/h2>\n<p>[\/vc_column_text][\/vc_column][vc_column width=\u00a0\u00bb1\/12&Prime; css=\u00a0\u00bb.vc_custom_1596526668610{padding-top: 0px !important;}\u00a0\u00bb][\/vc_column][\/vc_row][vc_row full_width=\u00a0\u00bbstretch_row\u00a0\u00bb equal_height=\u00a0\u00bbyes\u00a0\u00bb el_class=\u00a0\u00bbcount_personas bloque info_linea gas iconos_internacional\u00a0\u00bb css=\u00a0\u00bb.vc_custom_1604325506894{background-color: #f0f0f0 !important;}\u00a0\u00bb][vc_column width=\u00a0\u00bb1\/12&Prime; css=\u00a0\u00bb.vc_custom_1596627104182{padding-top: 0px !important;}\u00a0\u00bb][\/vc_column][vc_column width=\u00a0\u00bb10\/12&Prime; css=\u00a0\u00bb.vc_custom_1596627287957{padding-top: 0px !important;}\u00a0\u00bb][vc_row_inner][vc_column_inner el_class=\u00a0\u00bbitem_count\u00a0\u00bb width=\u00a0\u00bb1\/3&Prime;][vc_single_image image=\u00a0\u00bb7505&Prime; img_size=\u00a0\u00bbfull\u00a0\u00bb alignment=\u00a0\u00bbcenter\u00a0\u00bb][vc_column_text el_class=\u00a0\u00bbetiqueta\u00a0\u00bb]<\/p>\n<h3 style=\"text-align: center;\">Conception propre et nouveaux mat\u00e9riaux.<\/h3>\n<p>[\/vc_column_text][\/vc_column_inner][vc_column_inner el_class=\u00a0\u00bbitem_count\u00a0\u00bb width=\u00a0\u00bb1\/3&Prime;][vc_single_image image=\u00a0\u00bb7512&Prime; img_size=\u00a0\u00bbfull\u00a0\u00bb alignment=\u00a0\u00bbcenter\u00a0\u00bb][vc_column_text el_class=\u00a0\u00bbetiqueta\u00a0\u00bb]<\/p>\n<h3 style=\"text-align: center;\">S\u00e9curit\u00e9 et garantie Arco.<\/h3>\n<p>[\/vc_column_text][\/vc_column_inner][vc_column_inner el_class=\u00a0\u00bbitem_count last\u00a0\u00bb width=\u00a0\u00bb1\/3&Prime;][vc_single_image image=\u00a0\u00bb7519&Prime; img_size=\u00a0\u00bbfull\u00a0\u00bb alignment=\u00a0\u00bbcenter\u00a0\u00bb][vc_column_text el_class=\u00a0\u00bbetiqueta\u00a0\u00bb]<\/p>\n<h3 style=\"text-align: center;\">Solutions d&rsquo;installation compl\u00e8tes.<\/h3>\n<p>[\/vc_column_text][\/vc_column_inner][\/vc_row_inner][\/vc_column][vc_column width=\u00a0\u00bb1\/12&Prime; css=\u00a0\u00bb.vc_custom_1596627297177{padding-top: 0px !important;}\u00a0\u00bb][\/vc_column][\/vc_row][vc_row full_width=\u00a0\u00bbstretch_row\u00a0\u00bb el_class=\u00a0\u00bbdestacado_obra bloque count_personas_personas\u00a0\u00bb css=\u00a0\u00bb.vc_custom_1597055606508{padding-bottom: 50px !important;}\u00a0\u00bb][vc_column width=\u00a0\u00bb1\/12&Prime; css=\u00a0\u00bb.vc_custom_1596526681054{padding-top: 0px !important;}\u00a0\u00bb][\/vc_column][vc_column width=\u00a0\u00bb10\/12&Prime; css=\u00a0\u00bb.vc_custom_1596526675835{padding-top: 0px !important;}\u00a0\u00bb][vc_column_text]Nous disposons de tous les \u00e9l\u00e9ments n\u00e9cessaires pour une installation parfaite[\/vc_column_text][\/vc_column][vc_column width=\u00a0\u00bb1\/12&Prime; css=\u00a0\u00bb.vc_custom_1596526668610{padding-top: 0px !important;}\u00a0\u00bb][\/vc_column][\/vc_row][vc_row el_class=\u00a0\u00bbslide-compania bloque\u00a0\u00bb css=\u00a0\u00bb.vc_custom_1597055416046{padding-top: 0px !important;}\u00a0\u00bb][vc_column width=\u00a0\u00bb1\/3&Prime;][vc_raw_html]JTNDZGl2JTIwY2xhc3MlM0QlMjJpdGVtLXNsaWRlLWRvcy1pdGVtcyUyMiUyMHN0eWxlJTNEJTIyYmFja2dyb3VuZC1pbWFnZSUzQSUyMHVybCUyOCUyRndwLWNvbnRlbnQlMkZ1cGxvYWRzJTJGMjAyMCUyRjA4JTJGQl9MMzYzMV9PUFRJTUEuanBnJTI5JTNCJTIwYmFja2dyb3VuZC1yZXBlYXQlM0ElMjBuby1yZXBlYXQlM0IlMjBiYWNrZ3JvdW5kLXNpemUlM0ElMjBjb3ZlciUzQiUyMGJhY2tncm91bmQtcG9zaXRpb24lM0ElMjBjZW50ZXIlM0IlMjIlM0UlMEElMjAlMjAlMjAlMjAlMjAlM0NkaXYlMjBjbGFzcyUzRCUyMmluZm8lMjIlM0UlMEElMDklM0NkaXYlMjBjbGFzcyUzRCUyMnRpdHVsbyUyMiUzRSUwQSUwOSUwOSUzQ2gyJTNFU1lTVCVDMyU4OE1FUyUyMERFJTNDYnIlM0VQTE9NQkVJUkUlM0MlMkZoMiUzRSUwQSUyMCUyMCUyMCUyMCUyMCUyMCUyMCUyMCUzQyUyRmRpdiUzRSUwQSUwQSUwOSUzQ2RpdiUyMGNsYXNzJTNEJTIydGV4dG8lMjIlM0UlMEElMDklMDklM0NoMyUzRVJvYmluZXRzJTJDJTIwdHV5YXV4JTIwZXQlMjBhY2Nlc3NvaXJlcyUyMGNvbiVDMyVBN3VzJTIwcG91ciUyMGxlcyUyMGluc3RhbGxhdGlvbnMlMjBkJTI3ZWF1LiUzQyUyRmgzJTNFJTBBJTA5JTNDJTJGZGl2JTNFJTBBJTBBJTA5JTNDZGl2JTIwY2xhc3MlM0QlMjJib3RvbmVzJTIyJTNFJTBBJTA5JTA5JTNDYSUyMGNsYXNzJTNEJTIyYm90b25fZ3JpcyUyMiUyMGhyZWYlM0QlMjJodHRwcyUzQSUyRiUyRnZhbHZ1bGFzYXJjby5jb20lMkZmciUyRnByb2R1Y3RzJTJGY2F0ZWdvcnklMkZhZ3VhJTJGYWd1YS10dWJvLXJhY29yZXMlMkYlMjIlM0VFbiUyMHNhdm9pciUyMHBsdXMlM0MlMkZhJTNFJTBBJTA5JTNDJTJGZGl2JTNFJTBBJTIwJTIwJTIwJTNDJTJGZGl2JTNFJTBBJTNDJTJGZGl2JTNF[\/vc_raw_html][\/vc_column][vc_column width=\u00a0\u00bb1\/3&Prime;][vc_raw_html]JTNDZGl2JTIwY2xhc3MlM0QlMjJpdGVtLXNsaWRlLWRvcy1pdGVtcyUyMiUyMHN0eWxlJTNEJTIyYmFja2dyb3VuZC1pbWFnZSUzQSUyMHVybCUyOCUyRndwLWNvbnRlbnQlMkZ1cGxvYWRzJTJGMjAyMCUyRjA4JTJGSU1HXzkzOTBfMV9PUFRJTUEuanBnJTI5JTNCJTIwYmFja2dyb3VuZC1yZXBlYXQlM0ElMjBuby1yZXBlYXQlM0IlMjBiYWNrZ3JvdW5kLXNpemUlM0ElMjBjb3ZlciUzQiUyMGJhY2tncm91bmQtcG9zaXRpb24lM0ElMjBjZW50ZXIlM0IlMjIlM0UlMEElMjAlMjAlMjAlMjAlMjAlM0NkaXYlMjBjbGFzcyUzRCUyMmluZm8lMjIlM0UlMEElMDklM0NkaXYlMjBjbGFzcyUzRCUyMnRpdHVsbyUyMiUzRSUwQSUwOSUwOSUzQ2gyJTNFU1lTVCVDMyU4OE1FUyUyMFBPVVIlMjBMRSUzQ2JyJTNFR0FaJTNDJTJGaDIlM0UlMEElMjAlMjAlMjAlMjAlMjAlMjAlMjAlMjAlM0MlMkZkaXYlM0UlMEElMEElMDklM0NkaXYlMjBjbGFzcyUzRCUyMnRleHRvJTIyJTNFJTBBJTA5JTA5JTNDaDMlM0VSb2JpbmV0cyUyQyUyMHR1eWF1eCUyMGV0JTIwYWNjZXNzb2lyZXMlMjBjb24lQzMlQTd1cyUyMHBvdXIlMjBsZXMlMjBpbnN0YWxsYXRpb25zJTIwZGUlMjBnYXouJTNDJTJGaDMlM0UlMEElMDklM0MlMkZkaXYlM0UlMEElMEElMDklM0NkaXYlMjBjbGFzcyUzRCUyMmJvdG9uZXMlMjIlM0UlMEElMDklMDklM0NhJTIwY2xhc3MlM0QlMjJib3Rvbl9ncmlzJTIyJTIwaHJlZiUzRCUyMmh0dHBzJTNBJTJGJTJGdmFsdnVsYXNhcmNvLmNvbSUyRmZyJTJGcHJvZHVjdHMlMkZjYXRlZ29yeSUyRmdhcyUyRmdhcy10dWJvLXJhY29yZXMlMkYlMjIlM0VFbiUyMHNhdm9pciUyMHBsdXMlM0MlMkZhJTNFJTBBJTA5JTNDJTJGZGl2JTNFJTBBJTBBJTIwJTIwJTIwJTNDJTJGZGl2JTNFJTBBJTNDJTJGZGl2JTNF[\/vc_raw_html][\/vc_column][vc_column width=\u00a0\u00bb1\/3&Prime;][vc_raw_html]JTNDZGl2JTIwY2xhc3MlM0QlMjJpdGVtLXNsaWRlLWRvcy1pdGVtcyUyMiUyMHN0eWxlJTNEJTIyYmFja2dyb3VuZC1pbWFnZSUzQSUyMHVybCUyOCUyRndwLWNvbnRlbnQlMkZ1cGxvYWRzJTJGMjAyMCUyRjA4JTJGODQxMDEwX2hnX09QVElNQS5qcGclMjklM0IlMjBiYWNrZ3JvdW5kLXJlcGVhdCUzQSUyMG5vLXJlcGVhdCUzQiUyMGJhY2tncm91bmQtc2l6ZSUzQSUyMGNvdmVyJTNCJTIwYmFja2dyb3VuZC1wb3NpdGlvbiUzQSUyMGNlbnRlciUzQiUyMiUzRSUwQSUyMCUyMCUyMCUyMCUyMCUzQ2RpdiUyMGNsYXNzJTNEJTIyaW5mbyUyMiUzRSUwQSUwOSUzQ2RpdiUyMGNsYXNzJTNEJTIydGl0dWxvJTIyJTNFJTBBJTA5JTA5JTNDaDIlM0VTWVNUJUMzJTg4TUVTJTIwUE9VUiUyMExFJTNDYnIlM0VDSEFVRkZBR0UlM0MlMkZoMiUzRSUwQSUyMCUyMCUyMCUyMCUyMCUyMCUyMCUyMCUzQyUyRmRpdiUzRSUwQSUwQSUwOSUzQ2RpdiUyMGNsYXNzJTNEJTIydGV4dG8lMjIlM0UlMEElMDklMDklM0NoMyUzRVJvYmluZXRzJTJDJTIwdHV5YXV4JTIwZXQlMjBhY2Nlc3NvaXJlcyUyMGNvbiVDMyVBN3VzJTIwcG91ciUyMGxlcyUyMGluc3RhbGxhdGlvbnMlMjBkZSUyMGNoYXVmZmFnZS4lM0MlMkZoMyUzRSUwQSUwOSUzQyUyRmRpdiUzRSUwQSUwQSUwOSUzQ2RpdiUyMGNsYXNzJTNEJTIyYm90b25lcyUyMiUzRSUwQSUwOSUwOSUzQ2ElMjBjbGFzcyUzRCUyMmJvdG9uX2dyaXMlMjIlMjBocmVmJTNEJTIyaHR0cHMlM0ElMkYlMkZ2YWx2dWxhc2FyY28uY29tJTJGZnIlMkZwcm9kdWN0cyUyRmNhdGVnb3J5JTJGY2FsZWZhY2Npb24lMkZjYWxlZmFjY2lvbi10dWJvLXJhY29yZXMlMkYlMjIlM0VFbiUyMHNhdm9pciUyMHBsdXMlM0MlMkZhJTNFJTBBJTA5JTNDJTJGZGl2JTNFJTBBJTBBJTIwJTIwJTIwJTNDJTJGZGl2JTNFJTBBJTNDJTJGZGl2JTNF[\/vc_raw_html][\/vc_column][\/vc_row][vc_row][vc_column][vc_separator css=\u00a0\u00bb.vc_custom_1597055429959{margin-bottom: 1px !important;}\u00a0\u00bb][\/vc_column][\/vc_row][vc_row full_width=\u00a0\u00bbstretch_row\u00a0\u00bb el_class=\u00a0\u00bbdestacado_obra bloque count_personas_personas\u00a0\u00bb css=\u00a0\u00bb.vc_custom_1597055240834{padding-bottom: 30px !important;}\u00a0\u00bb][vc_column width=\u00a0\u00bb1\/12&Prime; css=\u00a0\u00bb.vc_custom_1596526681054{padding-top: 0px !important;}\u00a0\u00bb][\/vc_column][vc_column width=\u00a0\u00bb10\/12&Prime; css=\u00a0\u00bb.vc_custom_1596526675835{padding-top: 0px !important;}\u00a0\u00bb][vc_column_text]Syst\u00e8mes vedettes[\/vc_column_text][\/vc_column][vc_column width=\u00a0\u00bb1\/12&Prime; css=\u00a0\u00bb.vc_custom_1596526668610{padding-top: 0px !important;}\u00a0\u00bb][\/vc_column][\/vc_row][vc_row el_class=\u00a0\u00bbgama_linea bloque\u00a0\u00bb css=\u00a0\u00bb.vc_custom_1597056077712{padding-top: 0px !important;}\u00a0\u00bb][vc_column][vc_row_inner equal_height=\u00a0\u00bbyes\u00a0\u00bb el_class=\u00a0\u00bbrow_gama_linea bloque\u00a0\u00bb css=\u00a0\u00bb.vc_custom_1596535342672{padding-top: 50px !important;padding-bottom: 50px !important;}\u00a0\u00bb][vc_column_inner width=\u00a0\u00bb1\/4&Prime;][\/vc_column_inner][vc_column_inner el_class=\u00a0\u00bbitem\u00a0\u00bb width=\u00a0\u00bb1\/4&Prime;][vc_single_image image=\u00a0\u00bb1606&Prime; img_size=\u00a0\u00bbfull\u00a0\u00bb alignment=\u00a0\u00bbcenter\u00a0\u00bb onclick=\u00a0\u00bbcustom_link\u00a0\u00bb link=\u00a0\u00bb\/fr\/products\/category\/agua\/agua-tubo-racores\/serie\/multi-layer&#8211;water&#8211;system\/\u00a0\u00bb][vc_column_text el_class=\u00a0\u00bbtitulo\u00a0\u00bb]<\/p>\n<h2><a href=\"https:\/\/valvulasarco.com\/fr\/products\/category\/agua\/agua-tubo-racores\/serie\/multi-layer--water--system\/\">SYST\u00c8ME MULTICOUCHE PLOMBEIRE<\/a><\/h2>\n<p>[\/vc_column_text][\/vc_column_inner][vc_column_inner el_class=\u00a0\u00bbitem last\u00a0\u00bb width=\u00a0\u00bb1\/4&Prime;][vc_single_image image=\u00a0\u00bb1614&Prime; img_size=\u00a0\u00bbfull\u00a0\u00bb alignment=\u00a0\u00bbcenter\u00a0\u00bb onclick=\u00a0\u00bbcustom_link\u00a0\u00bb link=\u00a0\u00bb\/fr\/products\/category\/gas\/gas-tubo-racores\/serie\/multi-layer&#8211;gas&#8211;system\/\u00a0\u00bb][vc_column_text el_class=\u00a0\u00bbtitulo\u00a0\u00bb]<\/p>\n<h2><a href=\"https:\/\/valvulasarco.com\/fr\/products\/category\/gas\/gas-tubo-racores\/serie\/multi-layer--gas--system\/\">SYST\u00c8ME MULTICOUCHE GAZ<\/a><\/h2>\n<p>[\/vc_column_text][\/vc_column_inner][vc_column_inner width=\u00a0\u00bb1\/4&Prime;][\/vc_column_inner][\/vc_row_inner][\/vc_column][\/vc_row]<\/p>\n","protected":false},"excerpt":{"rendered":"","protected":false},"author":1,"featured_media":0,"parent":2592,"menu_order":0,"comment_status":"closed","ping_status":"closed","template":"","meta":[],"acf":[],"yoast_head":"<!-- This site is optimized with the Yoast SEO plugin v20.4 - https:\/\/yoast.com\/wordpress\/plugins\/seo\/ -->\n<title>Arco, sp\u00e9cialiste en syst\u00e8mes de plomberie, de gaz et de chauffage.<\/title>\n<meta name=\"description\" content=\"Venez d\u00e9couvrir nos syst\u00e8mes de r\u00e9gulation et de contr\u00f4le de l\u2019eau, du gaz et du chauffage.\" \/>\n<meta name=\"robots\" content=\"index, follow, max-snippet:-1, max-image-preview:large, max-video-preview:-1\" \/>\n<link rel=\"canonical\" href=\"https:\/\/valvulasarco.com\/fr\/secteurs-dactivite\/systemes\/\" \/>\n<meta property=\"og:locale\" content=\"fr_FR\" \/>\n<meta property=\"og:type\" content=\"article\" \/>\n<meta property=\"og:title\" content=\"Arco, sp\u00e9cialiste en syst\u00e8mes de plomberie, de gaz et de chauffage.\" \/>\n<meta property=\"og:description\" content=\"Venez d\u00e9couvrir nos syst\u00e8mes de r\u00e9gulation et de contr\u00f4le de l\u2019eau, du gaz et du chauffage.\" \/>\n<meta property=\"og:url\" content=\"https:\/\/valvulasarco.com\/fr\/secteurs-dactivite\/systemes\/\" \/>\n<meta property=\"og:site_name\" content=\"Arco\" \/>\n<meta property=\"article:modified_time\" content=\"2022-07-29T12:25:10+00:00\" \/>\n<meta name=\"twitter:card\" content=\"summary_large_image\" \/>\n<meta name=\"twitter:label1\" content=\"Dur\u00e9e de lecture estim\u00e9e\" \/>\n\t<meta name=\"twitter:data1\" content=\"2 minutes\" \/>\n<script type=\"application\/ld+json\" class=\"yoast-schema-graph\">{\"@context\":\"https:\/\/schema.org\",\"@graph\":[{\"@type\":\"WebPage\",\"@id\":\"https:\/\/valvulasarco.com\/fr\/secteurs-dactivite\/systemes\/\",\"url\":\"https:\/\/valvulasarco.com\/fr\/secteurs-dactivite\/systemes\/\",\"name\":\"Arco, sp\u00e9cialiste en syst\u00e8mes de plomberie, de gaz et de chauffage.\",\"isPartOf\":{\"@id\":\"https:\/\/valvulasarco.com\/#website\"},\"datePublished\":\"2020-08-10T10:12:03+00:00\",\"dateModified\":\"2022-07-29T12:25:10+00:00\",\"description\":\"Venez d\u00e9couvrir nos syst\u00e8mes de r\u00e9gulation et de contr\u00f4le de l\u2019eau, du gaz et du chauffage.\",\"breadcrumb\":{\"@id\":\"https:\/\/valvulasarco.com\/fr\/secteurs-dactivite\/systemes\/#breadcrumb\"},\"inLanguage\":\"fr-FR\",\"potentialAction\":[{\"@type\":\"ReadAction\",\"target\":[\"https:\/\/valvulasarco.com\/fr\/secteurs-dactivite\/systemes\/\"]}]},{\"@type\":\"BreadcrumbList\",\"@id\":\"https:\/\/valvulasarco.com\/fr\/secteurs-dactivite\/systemes\/#breadcrumb\",\"itemListElement\":[{\"@type\":\"ListItem\",\"position\":1,\"name\":\"Portada\",\"item\":\"https:\/\/valvulasarco.com\/fr\/home\/\"},{\"@type\":\"ListItem\",\"position\":2,\"name\":\"Secteurs d&rsquo;activit\u00e9\",\"item\":\"https:\/\/valvulasarco.com\/fr\/secteurs-dactivite\/\"},{\"@type\":\"ListItem\",\"position\":3,\"name\":\"Syst\u00e8mes\"}]},{\"@type\":\"WebSite\",\"@id\":\"https:\/\/valvulasarco.com\/#website\",\"url\":\"https:\/\/valvulasarco.com\/\",\"name\":\"Arco\",\"description\":\"Arco\",\"publisher\":{\"@id\":\"https:\/\/valvulasarco.com\/#organization\"},\"potentialAction\":[{\"@type\":\"SearchAction\",\"target\":{\"@type\":\"EntryPoint\",\"urlTemplate\":\"https:\/\/valvulasarco.com\/?s={search_term_string}\"},\"query-input\":\"required name=search_term_string\"}],\"inLanguage\":\"fr-FR\"},{\"@type\":\"Organization\",\"@id\":\"https:\/\/valvulasarco.com\/#organization\",\"name\":\"Arco\",\"url\":\"https:\/\/valvulasarco.com\/\",\"logo\":{\"@type\":\"ImageObject\",\"inLanguage\":\"fr-FR\",\"@id\":\"https:\/\/valvulasarco.com\/#\/schema\/logo\/image\/\",\"url\":\"https:\/\/valvulasarco.com\/wp-content\/uploads\/2020\/11\/Logo-Arco.png\",\"contentUrl\":\"https:\/\/valvulasarco.com\/wp-content\/uploads\/2020\/11\/Logo-Arco.png\",\"width\":750,\"height\":479,\"caption\":\"Arco\"},\"image\":{\"@id\":\"https:\/\/valvulasarco.com\/#\/schema\/logo\/image\/\"}}]}<\/script>\n<!-- \/ Yoast SEO plugin. -->","yoast_head_json":{"title":"Arco, sp\u00e9cialiste en syst\u00e8mes de plomberie, de gaz et de chauffage.","description":"Venez d\u00e9couvrir nos syst\u00e8mes de r\u00e9gulation et de contr\u00f4le de l\u2019eau, du gaz et du chauffage.","robots":{"index":"index","follow":"follow","max-snippet":"max-snippet:-1","max-image-preview":"max-image-preview:large","max-video-preview":"max-video-preview:-1"},"canonical":"https:\/\/valvulasarco.com\/fr\/secteurs-dactivite\/systemes\/","og_locale":"fr_FR","og_type":"article","og_title":"Arco, sp\u00e9cialiste en syst\u00e8mes de plomberie, de gaz et de chauffage.","og_description":"Venez d\u00e9couvrir nos syst\u00e8mes de r\u00e9gulation et de contr\u00f4le de l\u2019eau, du gaz et du chauffage.","og_url":"https:\/\/valvulasarco.com\/fr\/secteurs-dactivite\/systemes\/","og_site_name":"Arco","article_modified_time":"2022-07-29T12:25:10+00:00","twitter_card":"summary_large_image","twitter_misc":{"Dur\u00e9e de lecture estim\u00e9e":"2 minutes"},"schema":{"@context":"https:\/\/schema.org","@graph":[{"@type":"WebPage","@id":"https:\/\/valvulasarco.com\/fr\/secteurs-dactivite\/systemes\/","url":"https:\/\/valvulasarco.com\/fr\/secteurs-dactivite\/systemes\/","name":"Arco, sp\u00e9cialiste en syst\u00e8mes de plomberie, de gaz et de chauffage.","isPartOf":{"@id":"https:\/\/valvulasarco.com\/#website"},"datePublished":"2020-08-10T10:12:03+00:00","dateModified":"2022-07-29T12:25:10+00:00","description":"Venez d\u00e9couvrir nos syst\u00e8mes de r\u00e9gulation et de contr\u00f4le de l\u2019eau, du gaz et du chauffage.","breadcrumb":{"@id":"https:\/\/valvulasarco.com\/fr\/secteurs-dactivite\/systemes\/#breadcrumb"},"inLanguage":"fr-FR","potentialAction":[{"@type":"ReadAction","target":["https:\/\/valvulasarco.com\/fr\/secteurs-dactivite\/systemes\/"]}]},{"@type":"BreadcrumbList","@id":"https:\/\/valvulasarco.com\/fr\/secteurs-dactivite\/systemes\/#breadcrumb","itemListElement":[{"@type":"ListItem","position":1,"name":"Portada","item":"https:\/\/valvulasarco.com\/fr\/home\/"},{"@type":"ListItem","position":2,"name":"Secteurs d&rsquo;activit\u00e9","item":"https:\/\/valvulasarco.com\/fr\/secteurs-dactivite\/"},{"@type":"ListItem","position":3,"name":"Syst\u00e8mes"}]},{"@type":"WebSite","@id":"https:\/\/valvulasarco.com\/#website","url":"https:\/\/valvulasarco.com\/","name":"Arco","description":"Arco","publisher":{"@id":"https:\/\/valvulasarco.com\/#organization"},"potentialAction":[{"@type":"SearchAction","target":{"@type":"EntryPoint","urlTemplate":"https:\/\/valvulasarco.com\/?s={search_term_string}"},"query-input":"required name=search_term_string"}],"inLanguage":"fr-FR"},{"@type":"Organization","@id":"https:\/\/valvulasarco.com\/#organization","name":"Arco","url":"https:\/\/valvulasarco.com\/","logo":{"@type":"ImageObject","inLanguage":"fr-FR","@id":"https:\/\/valvulasarco.com\/#\/schema\/logo\/image\/","url":"https:\/\/valvulasarco.com\/wp-content\/uploads\/2020\/11\/Logo-Arco.png","contentUrl":"https:\/\/valvulasarco.com\/wp-content\/uploads\/2020\/11\/Logo-Arco.png","width":750,"height":479,"caption":"Arco"},"image":{"@id":"https:\/\/valvulasarco.com\/#\/schema\/logo\/image\/"}}]}},"_links":{"self":[{"href":"https:\/\/valvulasarco.com\/fr\/wp-json\/wp\/v2\/pages\/2627"}],"collection":[{"href":"https:\/\/valvulasarco.com\/fr\/wp-json\/wp\/v2\/pages"}],"about":[{"href":"https:\/\/valvulasarco.com\/fr\/wp-json\/wp\/v2\/types\/page"}],"author":[{"embeddable":true,"href":"https:\/\/valvulasarco.com\/fr\/wp-json\/wp\/v2\/users\/1"}],"replies":[{"embeddable":true,"href":"https:\/\/valvulasarco.com\/fr\/wp-json\/wp\/v2\/comments?post=2627"}],"version-history":[{"count":12,"href":"https:\/\/valvulasarco.com\/fr\/wp-json\/wp\/v2\/pages\/2627\/revisions"}],"predecessor-version":[{"id":7651,"href":"https:\/\/valvulasarco.com\/fr\/wp-json\/wp\/v2\/pages\/2627\/revisions\/7651"}],"up":[{"embeddable":true,"href":"https:\/\/valvulasarco.com\/fr\/wp-json\/wp\/v2\/pages\/2592"}],"wp:attachment":[{"href":"https:\/\/valvulasarco.com\/fr\/wp-json\/wp\/v2\/media?parent=2627"}],"curies":[{"name":"wp","href":"https:\/\/api.w.org\/{rel}","templated":true}]}}