{"id":2617,"date":"2020-08-05T12:08:17","date_gmt":"2020-08-05T12:08:17","guid":{"rendered":"https:\/\/valvulasarco.com\/secteurs-dactivite\/calefaccion\/"},"modified":"2022-06-28T09:13:35","modified_gmt":"2022-06-28T07:13:35","slug":"chauffage","status":"publish","type":"page","link":"https:\/\/valvulasarco.com\/fr\/secteurs-dactivite\/chauffage\/","title":{"rendered":"Chauffage"},"content":{"rendered":"<p>[vc_row full_width=\u00a0\u00bbstretch_row_content_no_spaces\u00a0\u00bb el_class=\u00a0\u00bbcuadrar_banner\u00a0\u00bb][vc_column css=\u00a0\u00bb.vc_custom_1596524651948{padding-top: 0px !important;}\u00a0\u00bb][vc_separator color=\u00a0\u00bbcustom\u00a0\u00bb border_width=\u00a0\u00bb10&Prime; accent_color=\u00a0\u00bb#e84249&Prime; css=\u00a0\u00bb.vc_custom_1597216022690{margin-bottom: 10px !important;}\u00a0\u00bb][\/vc_column][\/vc_row][vc_row el_class=\u00a0\u00bbicono_linea_negocio calefaccion\u00a0\u00bb][vc_column css=\u00a0\u00bb.vc_custom_1596524651948{padding-top: 0px !important;}\u00a0\u00bb][vc_single_image image=\u00a0\u00bb1503&Prime; img_size=\u00a0\u00bbfull\u00a0\u00bb alignment=\u00a0\u00bbright\u00a0\u00bb][\/vc_column][\/vc_row][vc_row][vc_column]<div data-vc-full-width=\"true\" data-vc-full-width-init=\"false\" data-vc-stretch-content=\"true\" class=\"vc_row wpb_row vc_row-fluid slider_cabecera_row vc_row-no-padding\"><div class=\"wpb_column vc_column_container vc_col-sm-12\"><div class=\"vc_column-inner\"><div class=\"wpb_wrapper\"><div class=\"slider_cabecera slider_grid_1\"><div class=\"vc_row wpb_row vc_inner vc_row-fluid banner_pagina profesional slider_post_2691 vc_row-has-fill\"><div class=\"vc_container\"><div class=\"wpb_column vc_column_container vc_col-sm-6\"><div class=\"vc_column-inner vc_custom_1594131934187\"><div class=\"wpb_wrapper\">\n\t<div class=\"wpb_text_column wpb_content_element \" >\n\t\t<div class=\"wpb_wrapper\">\n\t\t\t<h2>Ligne de n\u00e9goce chauffage<\/h2>\n<h1>Design et facilit\u00e9 d'usage <\/h1>\n<div class=\"boton_gris\"><\/div>\n\n\t\t<\/div>\n\t<\/div>\n<\/div><\/div><\/div><div class=\"wpb_column vc_column_container vc_col-sm-6\"><div class=\"vc_column-inner vc_custom_1594131938133\"><div class=\"wpb_wrapper\"><\/div><\/div><\/div><\/div><\/div><\/div><\/div><\/div><\/div><\/div><div class=\"vc_row-full-width vc_clearfix\"><\/div><style type=\"text\/css\" data-type=\"vc_shortcodes-custom-css\">.slider_post_2691{background-image: url(https:\/\/valvulasarco.com\/wp-content\/uploads\/2020\/10\/Slide_Calefaccion_02_V.jpg) !important;background-position: center !important;background-repeat: no-repeat !important;background-size: cover !important;}.vc_custom_1594131934187{padding-top: 0px !important;}.vc_custom_1594131938133{padding-top: 0px !important;}<\/style>[\/vc_column][\/vc_row][vc_row full_width=\u00a0\u00bbstretch_row\u00a0\u00bb el_class=\u00a0\u00bbbreadcrumb con_slide\u00a0\u00bb css=\u00a0\u00bb.vc_custom_1596714199789{background-color: #f0f0f0 !important;}\u00a0\u00bb][vc_column css=\u00a0\u00bb.vc_custom_1594132444794{padding-top: 0px !important;}\u00a0\u00bb]<div itemscope itemtype=\"https:\/\/schema.org\/BreadcrumbList\" id=\"breadcrumb\"><div itemprop=\"itemListElement\" itemscope itemtype=\"https:\/\/schema.org\/ListItem\"><a itemprop=\"item\" href=\"https:\/\/valvulasarco.com\/fr\/\"><span class=\"vc_icon_element-icon fa fa-home\"><\/span><span itemprop=\"name\">Home<\/span><\/a><meta itemprop=\"position\" content=\"1\" \/><\/div><div itemprop=\"itemListElement hola\" itemscope itemtype=\"https:\/\/schema.org\/ListItem\"><span>><\/span><a itemprop=\"item\" href=\"https:\/\/valvulasarco.com\/fr\/slider_cabecera\/promocion-destacado-1-3\/\"><span itemprop=\"name\">Ligne de n\u00e9goce chauffage<\/span><\/a><meta itemprop=\"position\" content=\"3\"><\/div><\/div>[\/vc_column][\/vc_row][vc_row full_width=\u00a0\u00bbstretch_row\u00a0\u00bb el_class=\u00a0\u00bbdestacado_obra bloque count_personas_personas\u00a0\u00bb css=\u00a0\u00bb.vc_custom_1605508227064{padding-top: 20px !important;padding-bottom: 30px !important;background-color: #f0f0f0 !important;}\u00a0\u00bb][vc_column width=\u00a0\u00bb1\/12&Prime; css=\u00a0\u00bb.vc_custom_1596526681054{padding-top: 0px !important;}\u00a0\u00bb][\/vc_column][vc_column width=\u00a0\u00bb10\/12&Prime; css=\u00a0\u00bb.vc_custom_1596526675835{padding-top: 0px !important;}\u00a0\u00bb][vc_column_text]<\/p>\n<h2>Des performances \u00e9lev\u00e9es pour vos installations de chauffage<\/h2>\n<p>[\/vc_column_text][\/vc_column][vc_column width=\u00a0\u00bb1\/12&Prime; css=\u00a0\u00bb.vc_custom_1596526668610{padding-top: 0px !important;}\u00a0\u00bb][\/vc_column][\/vc_row][vc_row full_width=\u00a0\u00bbstretch_row\u00a0\u00bb equal_height=\u00a0\u00bbyes\u00a0\u00bb el_class=\u00a0\u00bbcount_personas bloque info_linea gas iconos_internacional\u00a0\u00bb css=\u00a0\u00bb.vc_custom_1604325304379{background-color: #f0f0f0 !important;}\u00a0\u00bb][vc_column width=\u00a0\u00bb1\/12&Prime; css=\u00a0\u00bb.vc_custom_1596627104182{padding-top: 0px !important;}\u00a0\u00bb][\/vc_column][vc_column width=\u00a0\u00bb10\/12&Prime; css=\u00a0\u00bb.vc_custom_1596627287957{padding-top: 0px !important;}\u00a0\u00bb][vc_row_inner][vc_column_inner el_class=\u00a0\u00bbitem_count\u00a0\u00bb width=\u00a0\u00bb1\/3&Prime;][vc_single_image image=\u00a0\u00bb7459&Prime; img_size=\u00a0\u00bbfull\u00a0\u00bb alignment=\u00a0\u00bbcenter\u00a0\u00bb][vc_column_text el_class=\u00a0\u00bbetiqueta\u00a0\u00bb]<\/p>\n<h3 style=\"text-align: center;\">Design et durabilit\u00e9.<\/h3>\n<p>[\/vc_column_text][\/vc_column_inner][vc_column_inner el_class=\u00a0\u00bbitem_count\u00a0\u00bb width=\u00a0\u00bb1\/3&Prime;][vc_single_image image=\u00a0\u00bb1572&Prime; img_size=\u00a0\u00bbfull\u00a0\u00bb alignment=\u00a0\u00bbcenter\u00a0\u00bb][vc_column_text el_class=\u00a0\u00bbetiqueta\u00a0\u00bb]<\/p>\n<h3 style=\"text-align: center;\">Haute qualit\u00e9: laiton europ\u00e9en<\/h3>\n<p>[\/vc_column_text][\/vc_column_inner][vc_column_inner el_class=\u00a0\u00bbitem_count last\u00a0\u00bb width=\u00a0\u00bb1\/3&Prime;][vc_single_image image=\u00a0\u00bb7466&Prime; img_size=\u00a0\u00bbfull\u00a0\u00bb alignment=\u00a0\u00bbcenter\u00a0\u00bb][vc_column_text el_class=\u00a0\u00bbetiqueta\u00a0\u00bb]<\/p>\n<h3 style=\"text-align: center;\">Efficacit\u00e9 \u00e9nerg\u00e9tique.<\/h3>\n<p>[\/vc_column_text][\/vc_column_inner][\/vc_row_inner][\/vc_column][vc_column width=\u00a0\u00bb1\/12&Prime; css=\u00a0\u00bb.vc_custom_1596627297177{padding-top: 0px !important;}\u00a0\u00bb][\/vc_column][\/vc_row][vc_row el_class=\u00a0\u00bbbloque\u00a0\u00bb][vc_column css=\u00a0\u00bb.vc_custom_1596528802315{padding-top: 0px !important;}\u00a0\u00bb]<div class=\"vc_row wpb_row vc_inner vc_row-fluid\"><div class=\"slider_innovacion slider_grid_2\"><div class=\"wpb_column vc_column_container vc_col-sm-6\"><div class=\"vc_column-inner\"><div class=\"wpb_wrapper\"><div class=\"item-slide-dos-items\" style=\"background-image: url(https:\/\/valvulasarco.com\/wp-content\/uploads\/2020\/10\/Calefaccion-toallero.jpg); background-repeat: no-repeat; background-size: cover; background-position: center;\"><div class=\"info\"><div class=\"titulo\"><h3>Robinets design pour les porte-serviettes.<\/h3><\/div><div class=\"texto\"><p>D\u00e9couvrez nos robinets et nos coudes design. Le compl\u00e9ment parfait \u00e0 la d\u00e9coration d'une salle de bains. <\/p><\/div><\/div><\/div><\/div><\/div><\/div><div class=\"wpb_column vc_column_container vc_col-sm-6\"><div class=\"vc_column-inner\"><div class=\"wpb_wrapper\"><div class=\"item-slide-dos-items\" style=\"background-image: url(https:\/\/valvulasarco.com\/wp-content\/uploads\/2020\/10\/Calefaccion-kits-dest.jpg); background-repeat: no-repeat; background-size: cover; background-position: center;\"><div class=\"info\"><div class=\"titulo\"><h3>Kits de chauffage<\/h3><\/div><div class=\"texto\"><p>Nos kits de chauffage manuel et thermostatique vous permettent d'acheter facilement des \u00e9quipements pour votre installation de chauffage.<\/p><\/div><\/div><\/div><\/div><\/div><\/div><div class=\"wpb_column vc_column_container vc_col-sm-6\"><div class=\"vc_column-inner\"><div class=\"wpb_wrapper\"><div class=\"item-slide-dos-items\" style=\"background-image: url(https:\/\/valvulasarco.com\/wp-content\/uploads\/2020\/10\/ARCO-2017-326.jpg); background-repeat: no-repeat; background-size: cover; background-position: center;\"><div class=\"info\"><div class=\"titulo\"><h3>Qualit\u00e9 totale. Z\u00e9ro fuite.<\/h3><\/div><div class=\"texto\"><p>Arco propose des produits fabriqu\u00e9s avec les meilleures mati\u00e8res premi\u00e8res certifi\u00e9es, et soumis \u00e0 des tests d'\u00e9tanch\u00e9it\u00e9 continus afin de garantir l'absence de fuite dans des conditions normales d'utilisation.<\/p><\/div><\/div><\/div><\/div><\/div><\/div><div class=\"wpb_column vc_column_container vc_col-sm-6\"><div class=\"vc_column-inner\"><div class=\"wpb_wrapper\"><div class=\"item-slide-dos-items\" style=\"background-image: url(https:\/\/valvulasarco.com\/wp-content\/uploads\/2020\/10\/Calefaccion-dest.jpg); background-repeat: no-repeat; background-size: cover; background-position: center;\"><div class=\"info\"><div class=\"titulo\"><h3>Large gamme sur le march\u00e9<\/h3><\/div><div class=\"texto\"><p>Arco chauffage propose une large gamme de produits : vannes, coudes, vannes thermostatiques et t\u00eate thermostatique, en r\u00e9ponse aux besoins du march\u00e9 et \u00e0 l'engagement ferme d'offrir de nouveaux produits de la plus haute qualit\u00e9 et conception.\r\n<\/p><\/div><\/div><\/div><\/div><\/div><\/div><\/div><\/div>[\/vc_column][\/vc_row][vc_row][vc_column][vc_separator css=\u00a0\u00bb.vc_custom_1596528917539{margin-bottom: 1px !important;}\u00a0\u00bb][\/vc_column][\/vc_row][vc_row disable_element=\u00a0\u00bbyes\u00a0\u00bb el_class=\u00a0\u00bbgama_linea bloque\u00a0\u00bb][vc_column width=\u00a0\u00bb1\/12&Prime;][\/vc_column][vc_column width=\u00a0\u00bb10\/12&Prime;][vc_column_text el_class=\u00a0\u00bbtitulo\u00a0\u00bb]D\u00e9couvrez notre gamme de produits de chauffage[\/vc_column_text][vc_row_inner equal_height=\u00a0\u00bbyes\u00a0\u00bb el_class=\u00a0\u00bbrow_gama_linea bloque\u00a0\u00bb css=\u00a0\u00bb.vc_custom_1596535342672{padding-top: 50px !important;padding-bottom: 50px !important;}\u00a0\u00bb][vc_column_inner el_class=\u00a0\u00bbitem\u00a0\u00bb width=\u00a0\u00bb1\/3&Prime;][vc_single_image image=\u00a0\u00bb1636&Prime; img_size=\u00a0\u00bbfull\u00a0\u00bb alignment=\u00a0\u00bbcenter\u00a0\u00bb][vc_column_text el_class=\u00a0\u00bbtitulo\u00a0\u00bb]Robinets[\/vc_column_text][vc_column_text el_class=\u00a0\u00bblistado\u00a0\u00bb]<\/p>\n<ul>\n<li><a href=\"#\">V\u00e1lvulas manuales<\/a><\/li>\n<li><a href=\"#\">Termost\u00e1ticas<\/a><\/li>\n<li><a href=\"#\">V\u00e1lvulas de esfera<\/a><\/li>\n<\/ul>\n<p>[\/vc_column_text][\/vc_column_inner][vc_column_inner el_class=\u00a0\u00bbitem\u00a0\u00bb width=\u00a0\u00bb1\/3&Prime;][vc_single_image image=\u00a0\u00bb1650&Prime; img_size=\u00a0\u00bbfull\u00a0\u00bb alignment=\u00a0\u00bbcenter\u00a0\u00bb][vc_column_text el_class=\u00a0\u00bbtitulo\u00a0\u00bb]TUBO & RACCORDS[\/vc_column_text][vc_column_text el_class=\u00a0\u00bblistado\u00a0\u00bb]<\/p>\n<ul>\n<li><a href=\"#\">Tubo Arcokapa<\/a><\/li>\n<li><a href=\"#\">Fitting<\/a><\/li>\n<\/ul>\n<p>[\/vc_column_text][\/vc_column_inner][vc_column_inner el_class=\u00a0\u00bbitem\u00a0\u00bb width=\u00a0\u00bb1\/3&Prime;][vc_single_image image=\u00a0\u00bb1643&Prime; img_size=\u00a0\u00bbfull\u00a0\u00bb alignment=\u00a0\u00bbcenter\u00a0\u00bb][vc_column_text el_class=\u00a0\u00bbtitulo\u00a0\u00bb]ACCESSOIRES[\/vc_column_text][vc_column_text el_class=\u00a0\u00bblistado\u00a0\u00bb]<\/p>\n<ul>\n<li><a href=\"#\">Purgadores<\/a><\/li>\n<li><a href=\"#\">Purgador autom\u00e1tico<\/a><\/li>\n<\/ul>\n<p>[\/vc_column_text][\/vc_column_inner][\/vc_row_inner][vc_column_text el_class=\u00a0\u00bbenlace_productos\u00a0\u00bb]<a href=\"\/productos\/productos-calefacci\u00f3n\/\">Voir les produits de chauffage<\/a>[\/vc_column_text][\/vc_column][vc_column width=\u00a0\u00bb1\/12&Prime;][\/vc_column][\/vc_row][vc_row el_class=\u00a0\u00bbgama_linea bloque\u00a0\u00bb][vc_column width=\u00a0\u00bb1\/12&Prime;][\/vc_column][vc_column width=\u00a0\u00bb10\/12&Prime;][vc_column_text el_class=\u00a0\u00bbtitulo\u00a0\u00bb]D\u00e9couvrez notre gamme de produits de chauffage[\/vc_column_text]<div class=\"vc_row wpb_row vc_row-fluid\"><div class=\"wpb_column vc_column_container 1\"><div class=\"vc_column-inner\"><div class=\"wpb_wrapper\"><div class=\"vc_row wpb_row vc_inner vc_row-fluid row_gama_linea bloque vc_custom_1596535342672 vc_row-o-equal-height vc_row-flex\"><\/div>\n\t<div class=\"wpb_text_column wpb_content_element  enlace_productos\" >\n\t\t<div class=\"wpb_wrapper\">\n\t\t\t<p><a href=\"\/fr\/products\/category\/calefaccion\/\">Voir les produits Chauffage<\/a><\/p>\n\n\t\t<\/div>\n\t<\/div>\n<\/div><\/div><\/div><\/div>[\/vc_column][vc_column width=\u00a0\u00bb1\/12&Prime;][\/vc_column][\/vc_row]<\/p>\n","protected":false},"excerpt":{"rendered":"","protected":false},"author":1,"featured_media":0,"parent":2592,"menu_order":0,"comment_status":"closed","ping_status":"closed","template":"","meta":[],"acf":[],"yoast_head":"<!-- This site is optimized with the Yoast SEO plugin v20.4 - https:\/\/yoast.com\/wordpress\/plugins\/seo\/ -->\n<title>Arco, sp\u00e9cialiste en vannes et en syst\u00e8mes de chauffage.<\/title>\n<meta name=\"description\" content=\"Venez d\u00e9couvrir notre gamme de produits pour les installations de chauffage\u00a0: robinets, tuyaux, syst\u00e8mes, accessoires...\" \/>\n<meta name=\"robots\" content=\"index, follow, max-snippet:-1, max-image-preview:large, max-video-preview:-1\" \/>\n<link rel=\"canonical\" href=\"https:\/\/valvulasarco.com\/fr\/secteurs-dactivite\/chauffage\/\" \/>\n<meta property=\"og:locale\" content=\"fr_FR\" \/>\n<meta property=\"og:type\" content=\"article\" \/>\n<meta property=\"og:title\" content=\"Arco, sp\u00e9cialiste en vannes et en syst\u00e8mes de chauffage.\" \/>\n<meta property=\"og:description\" content=\"Venez d\u00e9couvrir notre gamme de produits pour les installations de chauffage\u00a0: robinets, tuyaux, syst\u00e8mes, accessoires...\" \/>\n<meta property=\"og:url\" content=\"https:\/\/valvulasarco.com\/fr\/secteurs-dactivite\/chauffage\/\" \/>\n<meta property=\"og:site_name\" content=\"Arco\" \/>\n<meta property=\"article:modified_time\" content=\"2022-06-28T07:13:35+00:00\" \/>\n<meta name=\"twitter:card\" content=\"summary_large_image\" \/>\n<meta name=\"twitter:label1\" content=\"Dur\u00e9e de lecture estim\u00e9e\" \/>\n\t<meta name=\"twitter:data1\" content=\"1 minute\" \/>\n<script type=\"application\/ld+json\" class=\"yoast-schema-graph\">{\"@context\":\"https:\/\/schema.org\",\"@graph\":[{\"@type\":\"WebPage\",\"@id\":\"https:\/\/valvulasarco.com\/fr\/secteurs-dactivite\/chauffage\/\",\"url\":\"https:\/\/valvulasarco.com\/fr\/secteurs-dactivite\/chauffage\/\",\"name\":\"Arco, sp\u00e9cialiste en vannes et en syst\u00e8mes de chauffage.\",\"isPartOf\":{\"@id\":\"https:\/\/valvulasarco.com\/#website\"},\"datePublished\":\"2020-08-05T12:08:17+00:00\",\"dateModified\":\"2022-06-28T07:13:35+00:00\",\"description\":\"Venez d\u00e9couvrir notre gamme de produits pour les installations de chauffage\u00a0: robinets, tuyaux, syst\u00e8mes, accessoires...\",\"breadcrumb\":{\"@id\":\"https:\/\/valvulasarco.com\/fr\/secteurs-dactivite\/chauffage\/#breadcrumb\"},\"inLanguage\":\"fr-FR\",\"potentialAction\":[{\"@type\":\"ReadAction\",\"target\":[\"https:\/\/valvulasarco.com\/fr\/secteurs-dactivite\/chauffage\/\"]}]},{\"@type\":\"BreadcrumbList\",\"@id\":\"https:\/\/valvulasarco.com\/fr\/secteurs-dactivite\/chauffage\/#breadcrumb\",\"itemListElement\":[{\"@type\":\"ListItem\",\"position\":1,\"name\":\"Portada\",\"item\":\"https:\/\/valvulasarco.com\/fr\/home\/\"},{\"@type\":\"ListItem\",\"position\":2,\"name\":\"Secteurs d&rsquo;activit\u00e9\",\"item\":\"https:\/\/valvulasarco.com\/fr\/secteurs-dactivite\/\"},{\"@type\":\"ListItem\",\"position\":3,\"name\":\"Chauffage\"}]},{\"@type\":\"WebSite\",\"@id\":\"https:\/\/valvulasarco.com\/#website\",\"url\":\"https:\/\/valvulasarco.com\/\",\"name\":\"Arco\",\"description\":\"Arco\",\"publisher\":{\"@id\":\"https:\/\/valvulasarco.com\/#organization\"},\"potentialAction\":[{\"@type\":\"SearchAction\",\"target\":{\"@type\":\"EntryPoint\",\"urlTemplate\":\"https:\/\/valvulasarco.com\/?s={search_term_string}\"},\"query-input\":\"required name=search_term_string\"}],\"inLanguage\":\"fr-FR\"},{\"@type\":\"Organization\",\"@id\":\"https:\/\/valvulasarco.com\/#organization\",\"name\":\"Arco\",\"url\":\"https:\/\/valvulasarco.com\/\",\"logo\":{\"@type\":\"ImageObject\",\"inLanguage\":\"fr-FR\",\"@id\":\"https:\/\/valvulasarco.com\/#\/schema\/logo\/image\/\",\"url\":\"https:\/\/valvulasarco.com\/wp-content\/uploads\/2020\/11\/Logo-Arco.png\",\"contentUrl\":\"https:\/\/valvulasarco.com\/wp-content\/uploads\/2020\/11\/Logo-Arco.png\",\"width\":750,\"height\":479,\"caption\":\"Arco\"},\"image\":{\"@id\":\"https:\/\/valvulasarco.com\/#\/schema\/logo\/image\/\"}}]}<\/script>\n<!-- \/ Yoast SEO plugin. -->","yoast_head_json":{"title":"Arco, sp\u00e9cialiste en vannes et en syst\u00e8mes de chauffage.","description":"Venez d\u00e9couvrir notre gamme de produits pour les installations de chauffage\u00a0: robinets, tuyaux, syst\u00e8mes, accessoires...","robots":{"index":"index","follow":"follow","max-snippet":"max-snippet:-1","max-image-preview":"max-image-preview:large","max-video-preview":"max-video-preview:-1"},"canonical":"https:\/\/valvulasarco.com\/fr\/secteurs-dactivite\/chauffage\/","og_locale":"fr_FR","og_type":"article","og_title":"Arco, sp\u00e9cialiste en vannes et en syst\u00e8mes de chauffage.","og_description":"Venez d\u00e9couvrir notre gamme de produits pour les installations de chauffage\u00a0: robinets, tuyaux, syst\u00e8mes, accessoires...","og_url":"https:\/\/valvulasarco.com\/fr\/secteurs-dactivite\/chauffage\/","og_site_name":"Arco","article_modified_time":"2022-06-28T07:13:35+00:00","twitter_card":"summary_large_image","twitter_misc":{"Dur\u00e9e de lecture estim\u00e9e":"1 minute"},"schema":{"@context":"https:\/\/schema.org","@graph":[{"@type":"WebPage","@id":"https:\/\/valvulasarco.com\/fr\/secteurs-dactivite\/chauffage\/","url":"https:\/\/valvulasarco.com\/fr\/secteurs-dactivite\/chauffage\/","name":"Arco, sp\u00e9cialiste en vannes et en syst\u00e8mes de chauffage.","isPartOf":{"@id":"https:\/\/valvulasarco.com\/#website"},"datePublished":"2020-08-05T12:08:17+00:00","dateModified":"2022-06-28T07:13:35+00:00","description":"Venez d\u00e9couvrir notre gamme de produits pour les installations de chauffage\u00a0: robinets, tuyaux, syst\u00e8mes, accessoires...","breadcrumb":{"@id":"https:\/\/valvulasarco.com\/fr\/secteurs-dactivite\/chauffage\/#breadcrumb"},"inLanguage":"fr-FR","potentialAction":[{"@type":"ReadAction","target":["https:\/\/valvulasarco.com\/fr\/secteurs-dactivite\/chauffage\/"]}]},{"@type":"BreadcrumbList","@id":"https:\/\/valvulasarco.com\/fr\/secteurs-dactivite\/chauffage\/#breadcrumb","itemListElement":[{"@type":"ListItem","position":1,"name":"Portada","item":"https:\/\/valvulasarco.com\/fr\/home\/"},{"@type":"ListItem","position":2,"name":"Secteurs d&rsquo;activit\u00e9","item":"https:\/\/valvulasarco.com\/fr\/secteurs-dactivite\/"},{"@type":"ListItem","position":3,"name":"Chauffage"}]},{"@type":"WebSite","@id":"https:\/\/valvulasarco.com\/#website","url":"https:\/\/valvulasarco.com\/","name":"Arco","description":"Arco","publisher":{"@id":"https:\/\/valvulasarco.com\/#organization"},"potentialAction":[{"@type":"SearchAction","target":{"@type":"EntryPoint","urlTemplate":"https:\/\/valvulasarco.com\/?s={search_term_string}"},"query-input":"required name=search_term_string"}],"inLanguage":"fr-FR"},{"@type":"Organization","@id":"https:\/\/valvulasarco.com\/#organization","name":"Arco","url":"https:\/\/valvulasarco.com\/","logo":{"@type":"ImageObject","inLanguage":"fr-FR","@id":"https:\/\/valvulasarco.com\/#\/schema\/logo\/image\/","url":"https:\/\/valvulasarco.com\/wp-content\/uploads\/2020\/11\/Logo-Arco.png","contentUrl":"https:\/\/valvulasarco.com\/wp-content\/uploads\/2020\/11\/Logo-Arco.png","width":750,"height":479,"caption":"Arco"},"image":{"@id":"https:\/\/valvulasarco.com\/#\/schema\/logo\/image\/"}}]}},"_links":{"self":[{"href":"https:\/\/valvulasarco.com\/fr\/wp-json\/wp\/v2\/pages\/2617"}],"collection":[{"href":"https:\/\/valvulasarco.com\/fr\/wp-json\/wp\/v2\/pages"}],"about":[{"href":"https:\/\/valvulasarco.com\/fr\/wp-json\/wp\/v2\/types\/page"}],"author":[{"embeddable":true,"href":"https:\/\/valvulasarco.com\/fr\/wp-json\/wp\/v2\/users\/1"}],"replies":[{"embeddable":true,"href":"https:\/\/valvulasarco.com\/fr\/wp-json\/wp\/v2\/comments?post=2617"}],"version-history":[{"count":6,"href":"https:\/\/valvulasarco.com\/fr\/wp-json\/wp\/v2\/pages\/2617\/revisions"}],"predecessor-version":[{"id":7474,"href":"https:\/\/valvulasarco.com\/fr\/wp-json\/wp\/v2\/pages\/2617\/revisions\/7474"}],"up":[{"embeddable":true,"href":"https:\/\/valvulasarco.com\/fr\/wp-json\/wp\/v2\/pages\/2592"}],"wp:attachment":[{"href":"https:\/\/valvulasarco.com\/fr\/wp-json\/wp\/v2\/media?parent=2617"}],"curies":[{"name":"wp","href":"https:\/\/api.w.org\/{rel}","templated":true}]}}