{"id":2603,"date":"2020-08-05T11:29:21","date_gmt":"2020-08-05T11:29:21","guid":{"rendered":"https:\/\/valvulasarco.com\/secteurs-dactivite\/gas\/"},"modified":"2022-06-28T08:53:28","modified_gmt":"2022-06-28T06:53:28","slug":"gas","status":"publish","type":"page","link":"https:\/\/valvulasarco.com\/fr\/secteurs-dactivite\/gas\/","title":{"rendered":"Gas"},"content":{"rendered":"<p>[vc_row full_width=\u00a0\u00bbstretch_row_content_no_spaces\u00a0\u00bb el_class=\u00a0\u00bbcuadrar_banner\u00a0\u00bb][vc_column css=\u00a0\u00bb.vc_custom_1596524651948{padding-top: 0px !important;}\u00a0\u00bb][vc_separator color=\u00a0\u00bbcustom\u00a0\u00bb border_width=\u00a0\u00bb10&Prime; accent_color=\u00a0\u00bb#fabc00&Prime; css=\u00a0\u00bb.vc_custom_1597215990448{margin-bottom: 10px !important;}\u00a0\u00bb][\/vc_column][\/vc_row][vc_row el_class=\u00a0\u00bbicono_linea_negocio gas\u00a0\u00bb][vc_column css=\u00a0\u00bb.vc_custom_1596524651948{padding-top: 0px !important;}\u00a0\u00bb][vc_single_image image=\u00a0\u00bb1504&Prime; img_size=\u00a0\u00bbfull\u00a0\u00bb alignment=\u00a0\u00bbright\u00a0\u00bb][\/vc_column][\/vc_row][vc_row][vc_column]<div data-vc-full-width=\"true\" data-vc-full-width-init=\"false\" data-vc-stretch-content=\"true\" class=\"vc_row wpb_row vc_row-fluid slider_cabecera_row vc_row-no-padding\"><div class=\"wpb_column vc_column_container vc_col-sm-12\"><div class=\"vc_column-inner\"><div class=\"wpb_wrapper\"><div class=\"slider_cabecera slider_grid_1\"><div class=\"vc_row wpb_row vc_inner vc_row-fluid banner_pagina profesional slider_post_2695 vc_row-has-fill\"><div class=\"vc_container\"><div class=\"wpb_column vc_column_container vc_col-sm-6\"><div class=\"vc_column-inner vc_custom_1594131934187\"><div class=\"wpb_wrapper\">\n\t<div class=\"wpb_text_column wpb_content_element \" >\n\t\t<div class=\"wpb_wrapper\">\n\t\t\t<h2>Secteurs d&rsquo;activit\u00e9 gas<\/h2>\n<h1>Garantie de qualit\u00e9 et s\u00e9curit\u00e9, au-dessus des \u00e9xigences<\/h1>\n<div class=\"boton_gris\"><\/div>\n\n\t\t<\/div>\n\t<\/div>\n<\/div><\/div><\/div><div class=\"wpb_column vc_column_container vc_col-sm-6\"><div class=\"vc_column-inner vc_custom_1594131938133\"><div class=\"wpb_wrapper\"><\/div><\/div><\/div><\/div><\/div><\/div><\/div><\/div><\/div><\/div><div class=\"vc_row-full-width vc_clearfix\"><\/div><style type=\"text\/css\" data-type=\"vc_shortcodes-custom-css\">.slider_post_2695{background-image: url(https:\/\/valvulasarco.com\/wp-content\/uploads\/2020\/10\/Slide_Gas_01_V.jpg) !important;background-position: center !important;background-repeat: no-repeat !important;background-size: cover !important;}.vc_custom_1594131934187{padding-top: 0px !important;}.vc_custom_1594131938133{padding-top: 0px !important;}<\/style>[\/vc_column][\/vc_row][vc_row full_width=\u00a0\u00bbstretch_row\u00a0\u00bb el_class=\u00a0\u00bbbreadcrumb con_slide\u00a0\u00bb css=\u00a0\u00bb.vc_custom_1596714199789{background-color: #f0f0f0 !important;}\u00a0\u00bb][vc_column css=\u00a0\u00bb.vc_custom_1594132444794{padding-top: 0px !important;}\u00a0\u00bb]<div itemscope itemtype=\"https:\/\/schema.org\/BreadcrumbList\" id=\"breadcrumb\"><div itemprop=\"itemListElement\" itemscope itemtype=\"https:\/\/schema.org\/ListItem\"><a itemprop=\"item\" href=\"https:\/\/valvulasarco.com\/fr\/\"><span class=\"vc_icon_element-icon fa fa-home\"><\/span><span itemprop=\"name\">Home<\/span><\/a><meta itemprop=\"position\" content=\"1\" \/><\/div><div itemprop=\"itemListElement hola\" itemscope itemtype=\"https:\/\/schema.org\/ListItem\"><span>><\/span><a itemprop=\"item\" href=\"https:\/\/valvulasarco.com\/fr\/slider_cabecera\/promocion-destacado-1-2\/\"><span itemprop=\"name\">Secteurs d&rsquo;activit\u00e9 gas<\/span><\/a><meta itemprop=\"position\" content=\"3\"><\/div><\/div>[\/vc_column][\/vc_row][vc_row full_width=\u00a0\u00bbstretch_row\u00a0\u00bb el_class=\u00a0\u00bbdestacado_obra bloque count_personas_personas\u00a0\u00bb css=\u00a0\u00bb.vc_custom_1596526645104{padding-top: 20px !important;padding-bottom: 30px !important;background-color: #f0f0f0 !important;}\u00a0\u00bb][vc_column width=\u00a0\u00bb1\/12&Prime; css=\u00a0\u00bb.vc_custom_1596526681054{padding-top: 0px !important;}\u00a0\u00bb][\/vc_column][vc_column width=\u00a0\u00bb10\/12&Prime; css=\u00a0\u00bb.vc_custom_1596526675835{padding-top: 0px !important;}\u00a0\u00bb][vc_column_text]<\/p>\n<h2>Pionniers dans la s\u00e9curit\u00e9 et le contr\u00f4le des installations de gaz<\/h2>\n<p>[\/vc_column_text][\/vc_column][vc_column width=\u00a0\u00bb1\/12&Prime; css=\u00a0\u00bb.vc_custom_1596526668610{padding-top: 0px !important;}\u00a0\u00bb][\/vc_column][\/vc_row][vc_row full_width=\u00a0\u00bbstretch_row\u00a0\u00bb equal_height=\u00a0\u00bbyes\u00a0\u00bb el_class=\u00a0\u00bbcount_personas bloque info_linea gas iconos_internacional\u00a0\u00bb css=\u00a0\u00bb.vc_custom_1604325229252{background-color: #f0f0f0 !important;}\u00a0\u00bb][vc_column width=\u00a0\u00bb1\/12&Prime; css=\u00a0\u00bb.vc_custom_1596627104182{padding-top: 0px !important;}\u00a0\u00bb][\/vc_column][vc_column width=\u00a0\u00bb10\/12&Prime; css=\u00a0\u00bb.vc_custom_1596627287957{padding-top: 0px !important;}\u00a0\u00bb][vc_row_inner][vc_column_inner el_class=\u00a0\u00bbitem_count\u00a0\u00bb width=\u00a0\u00bb1\/3&Prime;][vc_single_image image=\u00a0\u00bb7404&Prime; img_size=\u00a0\u00bbfull\u00a0\u00bb alignment=\u00a0\u00bbcenter\u00a0\u00bb][vc_column_text el_class=\u00a0\u00bbetiqueta\u00a0\u00bb]<\/p>\n<h3 style=\"text-align: center;\">Qualit\u00e9 et s\u00e9curit\u00e9 dans vos installations<\/h3>\n<p>[\/vc_column_text][\/vc_column_inner][vc_column_inner el_class=\u00a0\u00bbitem_count\u00a0\u00bb width=\u00a0\u00bb1\/3&Prime;][vc_single_image image=\u00a0\u00bb7396&Prime; img_size=\u00a0\u00bbfull\u00a0\u00bb alignment=\u00a0\u00bbcenter\u00a0\u00bb][vc_column_text el_class=\u00a0\u00bbetiqueta\u00a0\u00bb]<\/p>\n<h3 style=\"text-align: center;\">Z\u00e9ro incident en 5 d\u00e9cennies avec les vannes de gaz Arco.<\/h3>\n<p>[\/vc_column_text][\/vc_column_inner][vc_column_inner el_class=\u00a0\u00bbitem_count last\u00a0\u00bb width=\u00a0\u00bb1\/3&Prime;][vc_single_image image=\u00a0\u00bb1571&Prime; img_size=\u00a0\u00bbfull\u00a0\u00bb alignment=\u00a0\u00bbcenter\u00a0\u00bb][vc_column_text el_class=\u00a0\u00bbetiqueta\u00a0\u00bb]<\/p>\n<h3 style=\"text-align: center;\">Produits fabriqu\u00e9s en Espagne. #MadeinSpain<\/h3>\n<p>[\/vc_column_text][\/vc_column_inner][\/vc_row_inner][\/vc_column][vc_column width=\u00a0\u00bb1\/12&Prime; css=\u00a0\u00bb.vc_custom_1596627297177{padding-top: 0px !important;}\u00a0\u00bb][\/vc_column][\/vc_row][vc_row el_class=\u00a0\u00bbbloque\u00a0\u00bb][vc_column css=\u00a0\u00bb.vc_custom_1596528802315{padding-top: 0px !important;}\u00a0\u00bb]<div class=\"vc_row wpb_row vc_inner vc_row-fluid\"><div class=\"slider_innovacion slider_grid_2\"><div class=\"wpb_column vc_column_container vc_col-sm-6\"><div class=\"vc_column-inner\"><div class=\"wpb_wrapper\"><div class=\"item-slide-dos-items\" style=\"background-image: url(https:\/\/valvulasarco.com\/wp-content\/uploads\/2020\/10\/valvulas-1.jpg); background-repeat: no-repeat; background-size: cover; background-position: center;\"><div class=\"info\"><div class=\"titulo\"><h3>Membre du Comit\u00e9 europ\u00e9en de normalisation pour le gaz EN-331<\/h3><\/div><div class=\"texto\"><p>Chez Arco, nous nous sommes engag\u00e9s envers le secteur \u00e0 non seulement respecter les normes, mais aussi \u00e0 en faire partie. <\/p><\/div><\/div><\/div><\/div><\/div><\/div><div class=\"wpb_column vc_column_container vc_col-sm-6\"><div class=\"vc_column-inner\"><div class=\"wpb_wrapper\"><div class=\"item-slide-dos-items\" style=\"background-image: url(https:\/\/valvulasarco.com\/wp-content\/uploads\/2020\/10\/20190208_0606_OPTIMA.jpg); background-repeat: no-repeat; background-size: cover; background-position: center;\"><div class=\"info\"><div class=\"titulo\"><h3>Laboratoire. Centre de recherche interne.<\/h3><\/div><div class=\"texto\"><p>Nous testons et analysons tous les produits et proc\u00e9d\u00e9s de fabrication pour garantir une qualit\u00e9 maximale avant leur mise sur le march\u00e9.<\/p><\/div><\/div><\/div><\/div><\/div><\/div><div class=\"wpb_column vc_column_container vc_col-sm-6\"><div class=\"vc_column-inner\"><div class=\"wpb_wrapper\"><div class=\"item-slide-dos-items\" style=\"background-image: url(https:\/\/valvulasarco.com\/wp-content\/uploads\/2020\/10\/MG_7754.jpg); background-repeat: no-repeat; background-size: cover; background-position: center;\"><div class=\"info\"><div class=\"titulo\"><h3>Z\u00e9ro incident en 5 d\u00e9cennies avec les vannes de gaz Arco<\/h3><\/div><div class=\"texto\"><p>Nuestros productos est\u00e1n fabricados con las mejores materias primas certificadas y sometidos a prueba de fuga antes de llegar al mercado.<\/p><\/div><\/div><\/div><\/div><\/div><\/div><div class=\"wpb_column vc_column_container vc_col-sm-6\"><div class=\"vc_column-inner\"><div class=\"wpb_wrapper\"><div class=\"item-slide-dos-items\" style=\"background-image: url(https:\/\/valvulasarco.com\/wp-content\/uploads\/2020\/10\/IMG_9390_1.jpg); background-repeat: no-repeat; background-size: cover; background-position: center;\"><div class=\"info\"><div class=\"titulo\"><h3>Multicouche gaz Arco.<\/h3><\/div><div class=\"texto\"><p>R\u00e9duisez les co\u00fbts de vos installations tout en garantissant la s\u00e9curit\u00e9 gr\u00e2ce \u00e0 notre syst\u00e8me complet de multicouche gaz. <\/p><\/div><\/div><\/div><\/div><\/div><\/div><\/div><\/div>[\/vc_column][\/vc_row][vc_row][vc_column][vc_separator css=\u00a0\u00bb.vc_custom_1596528917539{margin-bottom: 1px !important;}\u00a0\u00bb][\/vc_column][\/vc_row][vc_row disable_element=\u00a0\u00bbyes\u00a0\u00bb el_class=\u00a0\u00bbgama_linea bloque\u00a0\u00bb][vc_column width=\u00a0\u00bb1\/12&Prime;][\/vc_column][vc_column width=\u00a0\u00bb10\/12&Prime;][vc_column_text el_class=\u00a0\u00bbtitulo\u00a0\u00bb]L\u2019offre la plus large du march\u00e9[\/vc_column_text][vc_column_text el_class=\u00a0\u00bbsubtitulo\u00a0\u00bb]<span style=\"font-weight: 400;\">Nous proposons plus de 500 r\u00e9f\u00e9rences dans le domaine du gaz<\/span>[\/vc_column_text][vc_row_inner equal_height=\u00a0\u00bbyes\u00a0\u00bb el_class=\u00a0\u00bbrow_gama_linea bloque\u00a0\u00bb css=\u00a0\u00bb.vc_custom_1596535342672{padding-top: 50px !important;padding-bottom: 50px !important;}\u00a0\u00bb][vc_column_inner el_class=\u00a0\u00bbitem\u00a0\u00bb width=\u00a0\u00bb1\/3&Prime;][vc_single_image image=\u00a0\u00bb1628&Prime; img_size=\u00a0\u00bbfull\u00a0\u00bb alignment=\u00a0\u00bbcenter\u00a0\u00bb][vc_column_text el_class=\u00a0\u00bbtitulo\u00a0\u00bb]Vannes[\/vc_column_text][vc_column_text el_class=\u00a0\u00bblistado\u00a0\u00bb]<\/p>\n<ul>\n<li><a href=\"#\">V\u00e1lvulas de esfera<\/a><\/li>\n<li><a href=\"#\">Dom\u00e9stica de seguridad<\/a><\/li>\n<li><a href=\"#\">Limitador de gas<\/a><\/li>\n<li><a href=\"#\">Empotrar<\/a><\/li>\n<\/ul>\n<p>[\/vc_column_text][\/vc_column_inner][vc_column_inner el_class=\u00a0\u00bbitem\u00a0\u00bb width=\u00a0\u00bb1\/3&Prime;][vc_single_image image=\u00a0\u00bb1614&Prime; img_size=\u00a0\u00bbfull\u00a0\u00bb alignment=\u00a0\u00bbcenter\u00a0\u00bb][vc_column_text el_class=\u00a0\u00bbtitulo\u00a0\u00bb]TUBO & RACCORDS[\/vc_column_text][vc_column_text el_class=\u00a0\u00bblistado\u00a0\u00bb]<\/p>\n<ul>\n<li><a href=\"#\">Tubo<\/a><\/li>\n<li><a href=\"#\">Fitting<\/a><\/li>\n<\/ul>\n<p>[\/vc_column_text][\/vc_column_inner][vc_column_inner el_class=\u00a0\u00bbitem\u00a0\u00bb width=\u00a0\u00bb1\/3&Prime;][vc_single_image image=\u00a0\u00bb1621&Prime; img_size=\u00a0\u00bbfull\u00a0\u00bb alignment=\u00a0\u00bbcenter\u00a0\u00bb][vc_column_text el_class=\u00a0\u00bbtitulo\u00a0\u00bb]ACCESSOIRES[\/vc_column_text][vc_column_text el_class=\u00a0\u00bblistado\u00a0\u00bb]<\/p>\n<ul>\n<li><a href=\"#\">Juntas<\/a><\/li>\n<li><a href=\"#\">Manguitos<\/a><\/li>\n<li><a href=\"#\">Roscar<\/a><\/li>\n<li><a href=\"#\">Soldar<\/a><\/li>\n<li><a href=\"#\">SBA<\/a><\/li>\n<li><a href=\"#\">Soportes<\/a><\/li>\n<li><a href=\"#\">Purgador<\/a><\/li>\n<\/ul>\n<p>[\/vc_column_text][\/vc_column_inner][\/vc_row_inner][vc_column_text el_class=\u00a0\u00bbenlace_productos\u00a0\u00bb]<a href=\"\/productos\/productos-gas\/\">Voir les produits de gaz<\/a>[\/vc_column_text][\/vc_column][vc_column width=\u00a0\u00bb1\/12&Prime;][\/vc_column][\/vc_row][vc_row el_class=\u00a0\u00bbgama_linea bloque\u00a0\u00bb][vc_column width=\u00a0\u00bb1\/12&Prime;][\/vc_column][vc_column width=\u00a0\u00bb10\/12&Prime;][vc_column_text el_class=\u00a0\u00bbtitulo\u00a0\u00bb]L\u2019offre la plus large du march\u00e9[\/vc_column_text][vc_column_text el_class=\u00a0\u00bbsubtitulo\u00a0\u00bb]<\/p>\n<h3>Nous proposons plus de 500 r\u00e9f\u00e9rences dans le domaine du gaz<\/h3>\n<p>[\/vc_column_text]<div class=\"vc_row wpb_row vc_row-fluid\"><div class=\"wpb_column vc_column_container 1\"><div class=\"vc_column-inner\"><div class=\"wpb_wrapper\"><div class=\"vc_row wpb_row vc_inner vc_row-fluid row_gama_linea bloque vc_custom_1596535342672 vc_row-o-equal-height vc_row-flex\"><\/div>\n\t<div class=\"wpb_text_column wpb_content_element  enlace_productos\" >\n\t\t<div class=\"wpb_wrapper\">\n\t\t\t<p><a href=\"\/fr\/products\/category\/gas\/\">Voir les produits Gaz<\/a><\/p>\n\n\t\t<\/div>\n\t<\/div>\n<\/div><\/div><\/div><\/div>[\/vc_column][vc_column width=\u00a0\u00bb1\/12&Prime;][\/vc_column][\/vc_row][vc_row full_width=\u00a0\u00bbstretch_row\u00a0\u00bb el_class=\u00a0\u00bbcontacto_obras bloque\u00a0\u00bb css=\u00a0\u00bb.vc_custom_1596627701421{background-image: url(https:\/\/valvulasarco.com\/wp-content\/uploads\/2020\/08\/gas3.jpg?id=918) !important;background-position: center !important;background-repeat: no-repeat !important;background-size: cover !important;}\u00a0\u00bb][vc_column css=\u00a0\u00bb.vc_custom_1594380075736{padding-top: 0px !important;}\u00a0\u00bb][vc_row_inner][vc_column_inner width=\u00a0\u00bb1\/12&Prime;][\/vc_column_inner][vc_column_inner width=\u00a0\u00bb10\/12&Prime; css=\u00a0\u00bb.vc_custom_1594380067892{padding-top: 0px !important;}\u00a0\u00bb][vc_column_text el_class=\u00a0\u00bbtitular\u00a0\u00bb]Fabrication sur mesure &#8211; OEM[\/vc_column_text][vc_column_text el_class=\u00a0\u00bbsubtitular\u00a0\u00bb]Chez Arco, nous proposons une personnalisation des produits pour les projets et les fabricants dans le secteur du gaz.[\/vc_column_text][vc_column_text el_class=\u00a0\u00bbboton_gris rosa\u00a0\u00bb]<\/p>\n<p style=\"text-align: center;\"><a href=\"https:\/\/valvulasarco.com\/fr\/professionnel\/oem\/\">En savoir plus<\/a><\/p>\n<p>[\/vc_column_text][\/vc_column_inner][vc_column_inner width=\u00a0\u00bb1\/12&Prime;][\/vc_column_inner][\/vc_row_inner][\/vc_column][\/vc_row]<\/p>\n","protected":false},"excerpt":{"rendered":"","protected":false},"author":1,"featured_media":0,"parent":2592,"menu_order":0,"comment_status":"closed","ping_status":"closed","template":"","meta":[],"acf":[],"yoast_head":"<!-- This site is optimized with the Yoast SEO plugin v20.4 - https:\/\/yoast.com\/wordpress\/plugins\/seo\/ -->\n<title>Arco, sp\u00e9cialiste en vannes et syst\u00e8mes pour installations de gaz.<\/title>\n<meta name=\"description\" content=\"Venez d\u00e9couvrir notre gamme de produits pour les installations de gaz\u00a0: robinets, tuyaux, syst\u00e8mes, accessoires...\" \/>\n<meta name=\"robots\" content=\"index, follow, max-snippet:-1, max-image-preview:large, max-video-preview:-1\" \/>\n<link rel=\"canonical\" href=\"https:\/\/valvulasarco.com\/fr\/secteurs-dactivite\/gas\/\" \/>\n<meta property=\"og:locale\" content=\"fr_FR\" \/>\n<meta property=\"og:type\" content=\"article\" \/>\n<meta property=\"og:title\" content=\"Arco, sp\u00e9cialiste en vannes et syst\u00e8mes pour installations de gaz.\" \/>\n<meta property=\"og:description\" content=\"Venez d\u00e9couvrir notre gamme de produits pour les installations de gaz\u00a0: robinets, tuyaux, syst\u00e8mes, accessoires...\" \/>\n<meta property=\"og:url\" content=\"https:\/\/valvulasarco.com\/fr\/secteurs-dactivite\/gas\/\" \/>\n<meta property=\"og:site_name\" content=\"Arco\" \/>\n<meta property=\"article:modified_time\" content=\"2022-06-28T06:53:28+00:00\" \/>\n<meta name=\"twitter:card\" content=\"summary_large_image\" \/>\n<meta name=\"twitter:label1\" content=\"Dur\u00e9e de lecture estim\u00e9e\" \/>\n\t<meta name=\"twitter:data1\" content=\"2 minutes\" \/>\n<script type=\"application\/ld+json\" class=\"yoast-schema-graph\">{\"@context\":\"https:\/\/schema.org\",\"@graph\":[{\"@type\":\"WebPage\",\"@id\":\"https:\/\/valvulasarco.com\/fr\/secteurs-dactivite\/gas\/\",\"url\":\"https:\/\/valvulasarco.com\/fr\/secteurs-dactivite\/gas\/\",\"name\":\"Arco, sp\u00e9cialiste en vannes et syst\u00e8mes pour installations de gaz.\",\"isPartOf\":{\"@id\":\"https:\/\/valvulasarco.com\/#website\"},\"datePublished\":\"2020-08-05T11:29:21+00:00\",\"dateModified\":\"2022-06-28T06:53:28+00:00\",\"description\":\"Venez d\u00e9couvrir notre gamme de produits pour les installations de gaz\u00a0: robinets, tuyaux, syst\u00e8mes, accessoires...\",\"breadcrumb\":{\"@id\":\"https:\/\/valvulasarco.com\/fr\/secteurs-dactivite\/gas\/#breadcrumb\"},\"inLanguage\":\"fr-FR\",\"potentialAction\":[{\"@type\":\"ReadAction\",\"target\":[\"https:\/\/valvulasarco.com\/fr\/secteurs-dactivite\/gas\/\"]}]},{\"@type\":\"BreadcrumbList\",\"@id\":\"https:\/\/valvulasarco.com\/fr\/secteurs-dactivite\/gas\/#breadcrumb\",\"itemListElement\":[{\"@type\":\"ListItem\",\"position\":1,\"name\":\"Portada\",\"item\":\"https:\/\/valvulasarco.com\/fr\/home\/\"},{\"@type\":\"ListItem\",\"position\":2,\"name\":\"Secteurs d&rsquo;activit\u00e9\",\"item\":\"https:\/\/valvulasarco.com\/fr\/secteurs-dactivite\/\"},{\"@type\":\"ListItem\",\"position\":3,\"name\":\"Gas\"}]},{\"@type\":\"WebSite\",\"@id\":\"https:\/\/valvulasarco.com\/#website\",\"url\":\"https:\/\/valvulasarco.com\/\",\"name\":\"Arco\",\"description\":\"Arco\",\"publisher\":{\"@id\":\"https:\/\/valvulasarco.com\/#organization\"},\"potentialAction\":[{\"@type\":\"SearchAction\",\"target\":{\"@type\":\"EntryPoint\",\"urlTemplate\":\"https:\/\/valvulasarco.com\/?s={search_term_string}\"},\"query-input\":\"required name=search_term_string\"}],\"inLanguage\":\"fr-FR\"},{\"@type\":\"Organization\",\"@id\":\"https:\/\/valvulasarco.com\/#organization\",\"name\":\"Arco\",\"url\":\"https:\/\/valvulasarco.com\/\",\"logo\":{\"@type\":\"ImageObject\",\"inLanguage\":\"fr-FR\",\"@id\":\"https:\/\/valvulasarco.com\/#\/schema\/logo\/image\/\",\"url\":\"https:\/\/valvulasarco.com\/wp-content\/uploads\/2020\/11\/Logo-Arco.png\",\"contentUrl\":\"https:\/\/valvulasarco.com\/wp-content\/uploads\/2020\/11\/Logo-Arco.png\",\"width\":750,\"height\":479,\"caption\":\"Arco\"},\"image\":{\"@id\":\"https:\/\/valvulasarco.com\/#\/schema\/logo\/image\/\"}}]}<\/script>\n<!-- \/ Yoast SEO plugin. -->","yoast_head_json":{"title":"Arco, sp\u00e9cialiste en vannes et syst\u00e8mes pour installations de gaz.","description":"Venez d\u00e9couvrir notre gamme de produits pour les installations de gaz\u00a0: robinets, tuyaux, syst\u00e8mes, accessoires...","robots":{"index":"index","follow":"follow","max-snippet":"max-snippet:-1","max-image-preview":"max-image-preview:large","max-video-preview":"max-video-preview:-1"},"canonical":"https:\/\/valvulasarco.com\/fr\/secteurs-dactivite\/gas\/","og_locale":"fr_FR","og_type":"article","og_title":"Arco, sp\u00e9cialiste en vannes et syst\u00e8mes pour installations de gaz.","og_description":"Venez d\u00e9couvrir notre gamme de produits pour les installations de gaz\u00a0: robinets, tuyaux, syst\u00e8mes, accessoires...","og_url":"https:\/\/valvulasarco.com\/fr\/secteurs-dactivite\/gas\/","og_site_name":"Arco","article_modified_time":"2022-06-28T06:53:28+00:00","twitter_card":"summary_large_image","twitter_misc":{"Dur\u00e9e de lecture estim\u00e9e":"2 minutes"},"schema":{"@context":"https:\/\/schema.org","@graph":[{"@type":"WebPage","@id":"https:\/\/valvulasarco.com\/fr\/secteurs-dactivite\/gas\/","url":"https:\/\/valvulasarco.com\/fr\/secteurs-dactivite\/gas\/","name":"Arco, sp\u00e9cialiste en vannes et syst\u00e8mes pour installations de gaz.","isPartOf":{"@id":"https:\/\/valvulasarco.com\/#website"},"datePublished":"2020-08-05T11:29:21+00:00","dateModified":"2022-06-28T06:53:28+00:00","description":"Venez d\u00e9couvrir notre gamme de produits pour les installations de gaz\u00a0: robinets, tuyaux, syst\u00e8mes, accessoires...","breadcrumb":{"@id":"https:\/\/valvulasarco.com\/fr\/secteurs-dactivite\/gas\/#breadcrumb"},"inLanguage":"fr-FR","potentialAction":[{"@type":"ReadAction","target":["https:\/\/valvulasarco.com\/fr\/secteurs-dactivite\/gas\/"]}]},{"@type":"BreadcrumbList","@id":"https:\/\/valvulasarco.com\/fr\/secteurs-dactivite\/gas\/#breadcrumb","itemListElement":[{"@type":"ListItem","position":1,"name":"Portada","item":"https:\/\/valvulasarco.com\/fr\/home\/"},{"@type":"ListItem","position":2,"name":"Secteurs d&rsquo;activit\u00e9","item":"https:\/\/valvulasarco.com\/fr\/secteurs-dactivite\/"},{"@type":"ListItem","position":3,"name":"Gas"}]},{"@type":"WebSite","@id":"https:\/\/valvulasarco.com\/#website","url":"https:\/\/valvulasarco.com\/","name":"Arco","description":"Arco","publisher":{"@id":"https:\/\/valvulasarco.com\/#organization"},"potentialAction":[{"@type":"SearchAction","target":{"@type":"EntryPoint","urlTemplate":"https:\/\/valvulasarco.com\/?s={search_term_string}"},"query-input":"required name=search_term_string"}],"inLanguage":"fr-FR"},{"@type":"Organization","@id":"https:\/\/valvulasarco.com\/#organization","name":"Arco","url":"https:\/\/valvulasarco.com\/","logo":{"@type":"ImageObject","inLanguage":"fr-FR","@id":"https:\/\/valvulasarco.com\/#\/schema\/logo\/image\/","url":"https:\/\/valvulasarco.com\/wp-content\/uploads\/2020\/11\/Logo-Arco.png","contentUrl":"https:\/\/valvulasarco.com\/wp-content\/uploads\/2020\/11\/Logo-Arco.png","width":750,"height":479,"caption":"Arco"},"image":{"@id":"https:\/\/valvulasarco.com\/#\/schema\/logo\/image\/"}}]}},"_links":{"self":[{"href":"https:\/\/valvulasarco.com\/fr\/wp-json\/wp\/v2\/pages\/2603"}],"collection":[{"href":"https:\/\/valvulasarco.com\/fr\/wp-json\/wp\/v2\/pages"}],"about":[{"href":"https:\/\/valvulasarco.com\/fr\/wp-json\/wp\/v2\/types\/page"}],"author":[{"embeddable":true,"href":"https:\/\/valvulasarco.com\/fr\/wp-json\/wp\/v2\/users\/1"}],"replies":[{"embeddable":true,"href":"https:\/\/valvulasarco.com\/fr\/wp-json\/wp\/v2\/comments?post=2603"}],"version-history":[{"count":7,"href":"https:\/\/valvulasarco.com\/fr\/wp-json\/wp\/v2\/pages\/2603\/revisions"}],"predecessor-version":[{"id":7418,"href":"https:\/\/valvulasarco.com\/fr\/wp-json\/wp\/v2\/pages\/2603\/revisions\/7418"}],"up":[{"embeddable":true,"href":"https:\/\/valvulasarco.com\/fr\/wp-json\/wp\/v2\/pages\/2592"}],"wp:attachment":[{"href":"https:\/\/valvulasarco.com\/fr\/wp-json\/wp\/v2\/media?parent=2603"}],"curies":[{"name":"wp","href":"https:\/\/api.w.org\/{rel}","templated":true}]}}