{"id":2594,"date":"2020-08-04T06:59:16","date_gmt":"2020-08-04T06:59:16","guid":{"rendered":"https:\/\/valvulasarco.com\/secteurs-dactivite\/agua\/"},"modified":"2022-06-28T08:07:14","modified_gmt":"2022-06-28T06:07:14","slug":"plomberie","status":"publish","type":"page","link":"https:\/\/valvulasarco.com\/fr\/secteurs-dactivite\/plomberie\/","title":{"rendered":"Plomberie"},"content":{"rendered":"<p>[vc_row full_width=\u00a0\u00bbstretch_row_content_no_spaces\u00a0\u00bb el_class=\u00a0\u00bbcuadrar_banner\u00a0\u00bb][vc_column css=\u00a0\u00bb.vc_custom_1596524651948{padding-top: 0px !important;}\u00a0\u00bb][vc_separator color=\u00a0\u00bbcustom\u00a0\u00bb border_width=\u00a0\u00bb10&Prime; accent_color=\u00a0\u00bb#00b1ca\u00a0\u00bb css=\u00a0\u00bb.vc_custom_1596524813210{margin-bottom: 10px !important;}\u00a0\u00bb][\/vc_column][\/vc_row][vc_row el_class=\u00a0\u00bbicono_linea_negocio agua\u00a0\u00bb][vc_column css=\u00a0\u00bb.vc_custom_1596524651948{padding-top: 0px !important;}\u00a0\u00bb][vc_single_image image=\u00a0\u00bb1502&Prime; img_size=\u00a0\u00bbfull\u00a0\u00bb alignment=\u00a0\u00bbright\u00a0\u00bb][\/vc_column][\/vc_row][vc_row el_class=\u00a0\u00bbcuadrar_banner\u00a0\u00bb][vc_column]<div data-vc-full-width=\"true\" data-vc-full-width-init=\"false\" data-vc-stretch-content=\"true\" class=\"vc_row wpb_row vc_row-fluid slider_cabecera_row vc_row-no-padding\"><div class=\"wpb_column vc_column_container vc_col-sm-12\"><div class=\"vc_column-inner\"><div class=\"wpb_wrapper\"><div class=\"slider_cabecera slider_grid_1\"><div class=\"vc_row wpb_row vc_inner vc_row-fluid banner_pagina profesional slider_post_2596 vc_row-has-fill\"><div class=\"vc_container\"><div class=\"wpb_column vc_column_container vc_col-sm-6\"><div class=\"vc_column-inner vc_custom_1594131934187\"><div class=\"wpb_wrapper\">\n\t<div class=\"wpb_text_column wpb_content_element \" >\n\t\t<div class=\"wpb_wrapper\">\n\t\t\t<h2>Secteurs d&rsquo;activit\u00e9 plomberie<\/h2>\n<h1>Pour des installations s\u00fbres, efficaces et durables<\/h1>\n<div class=\"boton_gris\"><\/div>\n\n\t\t<\/div>\n\t<\/div>\n<\/div><\/div><\/div><div class=\"wpb_column vc_column_container vc_col-sm-6\"><div class=\"vc_column-inner vc_custom_1594131938133\"><div class=\"wpb_wrapper\"><\/div><\/div><\/div><\/div><\/div><\/div><\/div><\/div><\/div><\/div><div class=\"vc_row-full-width vc_clearfix\"><\/div><style type=\"text\/css\" data-type=\"vc_shortcodes-custom-css\">.slider_post_2596{background-image: url(https:\/\/valvulasarco.com\/wp-content\/uploads\/2020\/10\/Slide_Agua_01_V.jpg) !important;background-position: center !important;background-repeat: no-repeat !important;background-size: cover !important;}.vc_custom_1594131934187{padding-top: 0px !important;}.vc_custom_1594131938133{padding-top: 0px !important;}<\/style>[\/vc_column][\/vc_row][vc_row full_width=\u00a0\u00bbstretch_row\u00a0\u00bb el_class=\u00a0\u00bbbreadcrumb con_slide\u00a0\u00bb css=\u00a0\u00bb.vc_custom_1596714199789{background-color: #f0f0f0 !important;}\u00a0\u00bb][vc_column css=\u00a0\u00bb.vc_custom_1594132444794{padding-top: 0px !important;}\u00a0\u00bb]<div itemscope itemtype=\"https:\/\/schema.org\/BreadcrumbList\" id=\"breadcrumb\"><div itemprop=\"itemListElement\" itemscope itemtype=\"https:\/\/schema.org\/ListItem\"><a itemprop=\"item\" href=\"https:\/\/valvulasarco.com\/fr\/\"><span class=\"vc_icon_element-icon fa fa-home\"><\/span><span itemprop=\"name\">Home<\/span><\/a><meta itemprop=\"position\" content=\"1\" \/><\/div><div itemprop=\"itemListElement hola\" itemscope itemtype=\"https:\/\/schema.org\/ListItem\"><span>><\/span><a itemprop=\"item\" href=\"https:\/\/valvulasarco.com\/fr\/slider_cabecera\/promocion-destacado-1\/\"><span itemprop=\"name\">Secteurs d&rsquo;activit\u00e9 plomberie<\/span><\/a><meta itemprop=\"position\" content=\"3\"><\/div><\/div>[\/vc_column][\/vc_row][vc_row full_width=\u00a0\u00bbstretch_row\u00a0\u00bb el_class=\u00a0\u00bbdestacado_obra bloque count_personas_personas\u00a0\u00bb css=\u00a0\u00bb.vc_custom_1596526645104{padding-top: 20px !important;padding-bottom: 30px !important;background-color: #f0f0f0 !important;}\u00a0\u00bb][vc_column width=\u00a0\u00bb1\/12&Prime; css=\u00a0\u00bb.vc_custom_1596526681054{padding-top: 0px !important;}\u00a0\u00bb][\/vc_column][vc_column width=\u00a0\u00bb10\/12&Prime; css=\u00a0\u00bb.vc_custom_1596526675835{padding-top: 0px !important;}\u00a0\u00bb][vc_column_text]Leader en produits de r\u00e9gulation et contr\u00f4le de l&rsquo;eau[\/vc_column_text][\/vc_column][vc_column width=\u00a0\u00bb1\/12&Prime; css=\u00a0\u00bb.vc_custom_1596526668610{padding-top: 0px !important;}\u00a0\u00bb][\/vc_column][\/vc_row][vc_row full_width=\u00a0\u00bbstretch_row\u00a0\u00bb equal_height=\u00a0\u00bbyes\u00a0\u00bb el_class=\u00a0\u00bbcount_personas bloque info_linea iconos_internacional iconos_internacional_agua\u00a0\u00bb css=\u00a0\u00bb.vc_custom_1605510494578{background-color: #f0f0f0 !important;}\u00a0\u00bb][vc_column width=\u00a0\u00bb1\/4&Prime; css=\u00a0\u00bb.vc_custom_1605510521315{padding-top: 0px !important;}\u00a0\u00bb el_class=\u00a0\u00bbitem_count\u00a0\u00bb][vc_single_image image=\u00a0\u00bb7258&Prime; img_size=\u00a0\u00bbfull\u00a0\u00bb alignment=\u00a0\u00bbcenter\u00a0\u00bb][vc_column_text el_class=\u00a0\u00bbetiqueta\u00a0\u00bb]<\/p>\n<h3 style=\"text-align: center;\">Notre syst\u00e8me anticalcaire <strong>VITAQ\u00ae<\/strong> augmente la dur\u00e9e de vie des vannes. 100 % recyclable et non toxique.<\/h3>\n<p>[\/vc_column_text][\/vc_column][vc_column width=\u00a0\u00bb1\/4&Prime; css=\u00a0\u00bb.vc_custom_1605510524835{padding-top: 0px !important;}\u00a0\u00bb el_class=\u00a0\u00bbitem_count\u00a0\u00bb][vc_single_image image=\u00a0\u00bb7265&Prime; img_size=\u00a0\u00bbfull\u00a0\u00bb alignment=\u00a0\u00bbcenter\u00a0\u00bb][vc_column_text el_class=\u00a0\u00bbetiqueta\u00a0\u00bb]<\/p>\n<h3>Des installations plus durables avec le catalogue de produits <strong>\u00ab Nickel-free \u00bb<\/strong> et <strong>\u00ab Low lead \u00bb<\/strong>.<\/h3>\n<p>[\/vc_column_text][\/vc_column][vc_column width=\u00a0\u00bb1\/4&Prime; css=\u00a0\u00bb.vc_custom_1605510528604{padding-top: 0px !important;}\u00a0\u00bb el_class=\u00a0\u00bbitem_count\u00a0\u00bb][vc_single_image image=\u00a0\u00bb7271&Prime; img_size=\u00a0\u00bbfull\u00a0\u00bb alignment=\u00a0\u00bbcenter\u00a0\u00bb][vc_column_text el_class=\u00a0\u00bbetiqueta\u00a0\u00bb]<\/p>\n<h3>Vannes \u00e9tanches<\/h3>\n<p>[\/vc_column_text][\/vc_column][vc_column width=\u00a0\u00bb1\/4&Prime; css=\u00a0\u00bb.vc_custom_1605510532378{padding-top: 0px !important;}\u00a0\u00bb el_class=\u00a0\u00bbitem_count\u00a0\u00bb][vc_single_image image=\u00a0\u00bb7279&Prime; img_size=\u00a0\u00bbfull\u00a0\u00bb alignment=\u00a0\u00bbcenter\u00a0\u00bb][vc_column_text el_class=\u00a0\u00bbetiqueta\u00a0\u00bb]<\/p>\n<h3 style=\"text-align: center;\">Produits fabriqu\u00e9s en Espagne <strong>#MadeinSpain<\/strong><\/h3>\n<p>[\/vc_column_text][\/vc_column][\/vc_row][vc_row el_class=\u00a0\u00bbbloque\u00a0\u00bb][vc_column css=\u00a0\u00bb.vc_custom_1596528802315{padding-top: 0px !important;}\u00a0\u00bb]<div class=\"vc_row wpb_row vc_inner vc_row-fluid\"><div class=\"slider_innovacion slider_grid_2\"><div class=\"wpb_column vc_column_container vc_col-sm-6\"><div class=\"vc_column-inner\"><div class=\"wpb_wrapper\"><div class=\"item-slide-dos-items\" style=\"background-image: url(https:\/\/valvulasarco.com\/wp-content\/uploads\/2020\/09\/slide-innovacion.jpg); background-repeat: no-repeat; background-size: cover; background-position: center;\"><div class=\"info\"><div class=\"titulo\"><h3>Innovation<\/h3><\/div><div class=\"texto\"><p>Plus de 45 ans \u00e0 r\u00e9volutionner la plomberie. Un total de 41 brevets en cinq d\u00e9cennies d'innovation constante. <\/p><\/div><\/div><\/div><\/div><\/div><\/div><div class=\"wpb_column vc_column_container vc_col-sm-6\"><div class=\"vc_column-inner\"><div class=\"wpb_wrapper\"><div class=\"item-slide-dos-items\" style=\"background-image: url(https:\/\/valvulasarco.com\/wp-content\/uploads\/2020\/07\/Destacado-VITAQ.jpg); background-repeat: no-repeat; background-size: cover; background-position: center;\"><div class=\"info\"><div class=\"titulo\"><h3>Sist\u00e8me anticalcarie VITAQ<\/h3><\/div><div class=\"texto\"><p>VITAQ\u00ae System est le syst\u00e8me anticalcaire d\u00e9velopp\u00e9 par Arco qui permet aux vannes d'avoir une dur\u00e9e de vie plus longue et d'\u00eatre exemptes de calcaire. 100 % recyclable et non toxique.<\/p><\/div><\/div><\/div><\/div><\/div><\/div><\/div><\/div>[\/vc_column][\/vc_row][vc_row][vc_column][vc_separator css=\u00a0\u00bb.vc_custom_1596528917539{margin-bottom: 1px !important;}\u00a0\u00bb][\/vc_column][\/vc_row][vc_row disable_element=\u00a0\u00bbyes\u00a0\u00bb el_class=\u00a0\u00bbgama_linea bloque\u00a0\u00bb][vc_column][vc_column_text el_class=\u00a0\u00bbtitulo\u00a0\u00bb]L\u2019offre la plus large du march\u00e9[\/vc_column_text][vc_column_text el_class=\u00a0\u00bbsubtitulo\u00a0\u00bb]Nous proposons plus de 1500 r\u00e9f\u00e9rences dans le domaine de la plomberie[\/vc_column_text][vc_row_inner equal_height=\u00a0\u00bbyes\u00a0\u00bb el_class=\u00a0\u00bbrow_gama_linea bloque\u00a0\u00bb css=\u00a0\u00bb.vc_custom_1596535342672{padding-top: 50px !important;padding-bottom: 50px !important;}\u00a0\u00bb][vc_column_inner el_class=\u00a0\u00bbitem\u00a0\u00bb width=\u00a0\u00bb1\/4&Prime;][vc_single_image image=\u00a0\u00bb1577&Prime; img_size=\u00a0\u00bbfull\u00a0\u00bb alignment=\u00a0\u00bbcenter\u00a0\u00bb][vc_column_text el_class=\u00a0\u00bbtitulo\u00a0\u00bb]Vannes[\/vc_column_text][vc_column_text el_class=\u00a0\u00bblistado\u00a0\u00bb]<\/p>\n<ul>\n<li><a href=\"#\">Esfera<\/a><\/li>\n<li><a href=\"#\">Escuadra<\/a><\/li>\n<li><a href=\"#\">Retenci\u00f3n<\/a><\/li>\n<li><a href=\"#\">Grifos<\/a><\/li>\n<li><a href=\"#\">Empotrar<\/a><\/li>\n<\/ul>\n<p>[\/vc_column_text][\/vc_column_inner][vc_column_inner el_class=\u00a0\u00bbitem\u00a0\u00bb width=\u00a0\u00bb1\/4&Prime;][vc_single_image image=\u00a0\u00bb1606&Prime; img_size=\u00a0\u00bbfull\u00a0\u00bb alignment=\u00a0\u00bbcenter\u00a0\u00bb][vc_column_text el_class=\u00a0\u00bbtitulo\u00a0\u00bb]TUBO & RACCORDS[\/vc_column_text][vc_column_text el_class=\u00a0\u00bblistado\u00a0\u00bb]<\/p>\n<ul>\n<li><a href=\"#\">Colectores<\/a><\/li>\n<li><a href=\"#\">Tubo<\/a><\/li>\n<li><a href=\"#\">Arcokapa<\/a><\/li>\n<li><a href=\"#\">Fitting<\/a><\/li>\n<\/ul>\n<p>[\/vc_column_text][\/vc_column_inner][vc_column_inner el_class=\u00a0\u00bbitem\u00a0\u00bb width=\u00a0\u00bb1\/4&Prime;][vc_single_image image=\u00a0\u00bb1584&Prime; img_size=\u00a0\u00bbfull\u00a0\u00bb alignment=\u00a0\u00bbcenter\u00a0\u00bb][vc_column_text el_class=\u00a0\u00bbtitulo\u00a0\u00bb]VITAQ &#8211; anti-calcaire[\/vc_column_text][vc_column_text el_class=\u00a0\u00bblistado\u00a0\u00bb]<\/p>\n<ul>\n<li><a href=\"#\">V\u00e1lvulas de esfera<\/a><\/li>\n<li><a href=\"#\">V\u00e1lvulas de escuadra<\/a><\/li>\n<li><a href=\"#\">Grifos<\/a><\/li>\n<li><a href=\"#\">Colectores<\/a><\/li>\n<\/ul>\n<p>[\/vc_column_text][\/vc_column_inner][vc_column_inner el_class=\u00a0\u00bbitem last\u00a0\u00bb width=\u00a0\u00bb1\/4&Prime;][vc_single_image image=\u00a0\u00bb1598&Prime; img_size=\u00a0\u00bbfull\u00a0\u00bb alignment=\u00a0\u00bbcenter\u00a0\u00bb][vc_column_text el_class=\u00a0\u00bbtitulo\u00a0\u00bb]ACCESSOIRES[\/vc_column_text][vc_column_text el_class=\u00a0\u00bblistado\u00a0\u00bb]<\/p>\n<ul>\n<li><a href=\"#\">Alargaderas<\/a><\/li>\n<li><a href=\"#\">Rollos<\/a><\/li>\n<li><a href=\"#\">Juntas<\/a><\/li>\n<li><a href=\"#\">Abrazaderas<\/a><\/li>\n<\/ul>\n<p>[\/vc_column_text][\/vc_column_inner][\/vc_row_inner][vc_column_text el_class=\u00a0\u00bbenlace_productos\u00a0\u00bb]<a href=\"https:\/\/valvulasarco.com\/fr\/produits\/productos-agua\/\">Voir produits de Plomberie<\/a>[\/vc_column_text][\/vc_column][\/vc_row][vc_row el_class=\u00a0\u00bbgama_linea bloque\u00a0\u00bb][vc_column][vc_column_text el_class=\u00a0\u00bbtitulo\u00a0\u00bb]<\/p>\n<h2>L\u2019offre la plus large du march\u00e9<\/h2>\n<p>[\/vc_column_text][vc_column_text el_class=\u00a0\u00bbsubtitulo\u00a0\u00bb]Nous proposons plus de 1500 r\u00e9f\u00e9rences dans le domaine de la plomberie[\/vc_column_text]<div class=\"vc_row wpb_row vc_row-fluid\"><div class=\"wpb_column vc_column_container 1\"><div class=\"vc_column-inner\"><div class=\"wpb_wrapper\"><div class=\"vc_row wpb_row vc_inner vc_row-fluid row_gama_linea bloque vc_custom_1596535342672 vc_row-o-equal-height vc_row-flex\"><\/div>\n\t<div class=\"wpb_text_column wpb_content_element  enlace_productos\" >\n\t\t<div class=\"wpb_wrapper\">\n\t\t\t<p><a href=\"\/fr\/products\/category\/agua\/\">Voir les produits Plomberie<\/a><\/p>\n\n\t\t<\/div>\n\t<\/div>\n<\/div><\/div><\/div><\/div>[\/vc_column][\/vc_row]<\/p>\n","protected":false},"excerpt":{"rendered":"","protected":false},"author":1,"featured_media":0,"parent":2592,"menu_order":0,"comment_status":"closed","ping_status":"closed","template":"","meta":[],"acf":[],"yoast_head":"<!-- This site is optimized with the Yoast SEO plugin v20.4 - https:\/\/yoast.com\/wordpress\/plugins\/seo\/ -->\n<title>Arco, sp\u00e9cialiste en vannes et syst\u00e8mes de plomberie.<\/title>\n<meta name=\"description\" content=\"Venez d\u00e9couvrir notre gamme de produits pour les installations de gaz\u00a0: robinets, tuyaux, syst\u00e8mes, accessoires...\" \/>\n<meta name=\"robots\" content=\"index, follow, max-snippet:-1, max-image-preview:large, max-video-preview:-1\" \/>\n<link rel=\"canonical\" href=\"https:\/\/valvulasarco.com\/fr\/secteurs-dactivite\/plomberie\/\" \/>\n<meta property=\"og:locale\" content=\"fr_FR\" \/>\n<meta property=\"og:type\" content=\"article\" \/>\n<meta property=\"og:title\" content=\"Arco, sp\u00e9cialiste en vannes et syst\u00e8mes de plomberie.\" \/>\n<meta property=\"og:description\" content=\"Venez d\u00e9couvrir notre gamme de produits pour les installations de gaz\u00a0: robinets, tuyaux, syst\u00e8mes, accessoires...\" \/>\n<meta property=\"og:url\" content=\"https:\/\/valvulasarco.com\/fr\/secteurs-dactivite\/plomberie\/\" \/>\n<meta property=\"og:site_name\" content=\"Arco\" \/>\n<meta property=\"article:modified_time\" content=\"2022-06-28T06:07:14+00:00\" \/>\n<meta name=\"twitter:card\" content=\"summary_large_image\" \/>\n<meta name=\"twitter:label1\" content=\"Dur\u00e9e de lecture estim\u00e9e\" \/>\n\t<meta name=\"twitter:data1\" content=\"2 minutes\" \/>\n<script type=\"application\/ld+json\" class=\"yoast-schema-graph\">{\"@context\":\"https:\/\/schema.org\",\"@graph\":[{\"@type\":\"WebPage\",\"@id\":\"https:\/\/valvulasarco.com\/fr\/secteurs-dactivite\/plomberie\/\",\"url\":\"https:\/\/valvulasarco.com\/fr\/secteurs-dactivite\/plomberie\/\",\"name\":\"Arco, sp\u00e9cialiste en vannes et syst\u00e8mes de plomberie.\",\"isPartOf\":{\"@id\":\"https:\/\/valvulasarco.com\/#website\"},\"datePublished\":\"2020-08-04T06:59:16+00:00\",\"dateModified\":\"2022-06-28T06:07:14+00:00\",\"description\":\"Venez d\u00e9couvrir notre gamme de produits pour les installations de gaz\u00a0: robinets, tuyaux, syst\u00e8mes, accessoires...\",\"breadcrumb\":{\"@id\":\"https:\/\/valvulasarco.com\/fr\/secteurs-dactivite\/plomberie\/#breadcrumb\"},\"inLanguage\":\"fr-FR\",\"potentialAction\":[{\"@type\":\"ReadAction\",\"target\":[\"https:\/\/valvulasarco.com\/fr\/secteurs-dactivite\/plomberie\/\"]}]},{\"@type\":\"BreadcrumbList\",\"@id\":\"https:\/\/valvulasarco.com\/fr\/secteurs-dactivite\/plomberie\/#breadcrumb\",\"itemListElement\":[{\"@type\":\"ListItem\",\"position\":1,\"name\":\"Portada\",\"item\":\"https:\/\/valvulasarco.com\/fr\/home\/\"},{\"@type\":\"ListItem\",\"position\":2,\"name\":\"Secteurs d&rsquo;activit\u00e9\",\"item\":\"https:\/\/valvulasarco.com\/fr\/secteurs-dactivite\/\"},{\"@type\":\"ListItem\",\"position\":3,\"name\":\"Plomberie\"}]},{\"@type\":\"WebSite\",\"@id\":\"https:\/\/valvulasarco.com\/#website\",\"url\":\"https:\/\/valvulasarco.com\/\",\"name\":\"Arco\",\"description\":\"Arco\",\"publisher\":{\"@id\":\"https:\/\/valvulasarco.com\/#organization\"},\"potentialAction\":[{\"@type\":\"SearchAction\",\"target\":{\"@type\":\"EntryPoint\",\"urlTemplate\":\"https:\/\/valvulasarco.com\/?s={search_term_string}\"},\"query-input\":\"required name=search_term_string\"}],\"inLanguage\":\"fr-FR\"},{\"@type\":\"Organization\",\"@id\":\"https:\/\/valvulasarco.com\/#organization\",\"name\":\"Arco\",\"url\":\"https:\/\/valvulasarco.com\/\",\"logo\":{\"@type\":\"ImageObject\",\"inLanguage\":\"fr-FR\",\"@id\":\"https:\/\/valvulasarco.com\/#\/schema\/logo\/image\/\",\"url\":\"https:\/\/valvulasarco.com\/wp-content\/uploads\/2020\/11\/Logo-Arco.png\",\"contentUrl\":\"https:\/\/valvulasarco.com\/wp-content\/uploads\/2020\/11\/Logo-Arco.png\",\"width\":750,\"height\":479,\"caption\":\"Arco\"},\"image\":{\"@id\":\"https:\/\/valvulasarco.com\/#\/schema\/logo\/image\/\"}}]}<\/script>\n<!-- \/ Yoast SEO plugin. -->","yoast_head_json":{"title":"Arco, sp\u00e9cialiste en vannes et syst\u00e8mes de plomberie.","description":"Venez d\u00e9couvrir notre gamme de produits pour les installations de gaz\u00a0: robinets, tuyaux, syst\u00e8mes, accessoires...","robots":{"index":"index","follow":"follow","max-snippet":"max-snippet:-1","max-image-preview":"max-image-preview:large","max-video-preview":"max-video-preview:-1"},"canonical":"https:\/\/valvulasarco.com\/fr\/secteurs-dactivite\/plomberie\/","og_locale":"fr_FR","og_type":"article","og_title":"Arco, sp\u00e9cialiste en vannes et syst\u00e8mes de plomberie.","og_description":"Venez d\u00e9couvrir notre gamme de produits pour les installations de gaz\u00a0: robinets, tuyaux, syst\u00e8mes, accessoires...","og_url":"https:\/\/valvulasarco.com\/fr\/secteurs-dactivite\/plomberie\/","og_site_name":"Arco","article_modified_time":"2022-06-28T06:07:14+00:00","twitter_card":"summary_large_image","twitter_misc":{"Dur\u00e9e de lecture estim\u00e9e":"2 minutes"},"schema":{"@context":"https:\/\/schema.org","@graph":[{"@type":"WebPage","@id":"https:\/\/valvulasarco.com\/fr\/secteurs-dactivite\/plomberie\/","url":"https:\/\/valvulasarco.com\/fr\/secteurs-dactivite\/plomberie\/","name":"Arco, sp\u00e9cialiste en vannes et syst\u00e8mes de plomberie.","isPartOf":{"@id":"https:\/\/valvulasarco.com\/#website"},"datePublished":"2020-08-04T06:59:16+00:00","dateModified":"2022-06-28T06:07:14+00:00","description":"Venez d\u00e9couvrir notre gamme de produits pour les installations de gaz\u00a0: robinets, tuyaux, syst\u00e8mes, accessoires...","breadcrumb":{"@id":"https:\/\/valvulasarco.com\/fr\/secteurs-dactivite\/plomberie\/#breadcrumb"},"inLanguage":"fr-FR","potentialAction":[{"@type":"ReadAction","target":["https:\/\/valvulasarco.com\/fr\/secteurs-dactivite\/plomberie\/"]}]},{"@type":"BreadcrumbList","@id":"https:\/\/valvulasarco.com\/fr\/secteurs-dactivite\/plomberie\/#breadcrumb","itemListElement":[{"@type":"ListItem","position":1,"name":"Portada","item":"https:\/\/valvulasarco.com\/fr\/home\/"},{"@type":"ListItem","position":2,"name":"Secteurs d&rsquo;activit\u00e9","item":"https:\/\/valvulasarco.com\/fr\/secteurs-dactivite\/"},{"@type":"ListItem","position":3,"name":"Plomberie"}]},{"@type":"WebSite","@id":"https:\/\/valvulasarco.com\/#website","url":"https:\/\/valvulasarco.com\/","name":"Arco","description":"Arco","publisher":{"@id":"https:\/\/valvulasarco.com\/#organization"},"potentialAction":[{"@type":"SearchAction","target":{"@type":"EntryPoint","urlTemplate":"https:\/\/valvulasarco.com\/?s={search_term_string}"},"query-input":"required name=search_term_string"}],"inLanguage":"fr-FR"},{"@type":"Organization","@id":"https:\/\/valvulasarco.com\/#organization","name":"Arco","url":"https:\/\/valvulasarco.com\/","logo":{"@type":"ImageObject","inLanguage":"fr-FR","@id":"https:\/\/valvulasarco.com\/#\/schema\/logo\/image\/","url":"https:\/\/valvulasarco.com\/wp-content\/uploads\/2020\/11\/Logo-Arco.png","contentUrl":"https:\/\/valvulasarco.com\/wp-content\/uploads\/2020\/11\/Logo-Arco.png","width":750,"height":479,"caption":"Arco"},"image":{"@id":"https:\/\/valvulasarco.com\/#\/schema\/logo\/image\/"}}]}},"_links":{"self":[{"href":"https:\/\/valvulasarco.com\/fr\/wp-json\/wp\/v2\/pages\/2594"}],"collection":[{"href":"https:\/\/valvulasarco.com\/fr\/wp-json\/wp\/v2\/pages"}],"about":[{"href":"https:\/\/valvulasarco.com\/fr\/wp-json\/wp\/v2\/types\/page"}],"author":[{"embeddable":true,"href":"https:\/\/valvulasarco.com\/fr\/wp-json\/wp\/v2\/users\/1"}],"replies":[{"embeddable":true,"href":"https:\/\/valvulasarco.com\/fr\/wp-json\/wp\/v2\/comments?post=2594"}],"version-history":[{"count":11,"href":"https:\/\/valvulasarco.com\/fr\/wp-json\/wp\/v2\/pages\/2594\/revisions"}],"predecessor-version":[{"id":7321,"href":"https:\/\/valvulasarco.com\/fr\/wp-json\/wp\/v2\/pages\/2594\/revisions\/7321"}],"up":[{"embeddable":true,"href":"https:\/\/valvulasarco.com\/fr\/wp-json\/wp\/v2\/pages\/2592"}],"wp:attachment":[{"href":"https:\/\/valvulasarco.com\/fr\/wp-json\/wp\/v2\/media?parent=2594"}],"curies":[{"name":"wp","href":"https:\/\/api.w.org\/{rel}","templated":true}]}}