{"id":2469,"date":"2020-08-03T08:01:33","date_gmt":"2020-08-03T08:01:33","guid":{"rendered":"https:\/\/valvulasarco.com\/enterprise\/personas\/"},"modified":"2021-04-15T08:05:42","modified_gmt":"2021-04-15T08:05:42","slug":"equipe","status":"publish","type":"page","link":"https:\/\/valvulasarco.com\/fr\/enterprise\/equipe\/","title":{"rendered":"\u00c9quipe"},"content":{"rendered":"<p>[vc_row full_width=\u00a0\u00bbstretch_row\u00a0\u00bb el_class=\u00a0\u00bbbanner_pagina\u00a0\u00bb css=\u00a0\u00bb.vc_custom_1596441716055{background-image: url(https:\/\/valvulasarco.com\/wp-content\/uploads\/2020\/08\/personas.jpg?id=697) !important;background-position: center !important;background-repeat: no-repeat !important;background-size: cover !important;}\u00a0\u00bb][vc_column width=\u00a0\u00bb7\/12&Prime; css=\u00a0\u00bb.vc_custom_1594131934187{padding-top: 0px !important;}\u00a0\u00bb][vc_column_text]<\/p>\n<h1>\u00c9QUIPE<\/h1>\n<h2>Les personnes, le v\u00e9ritable moteur de notre entreprise<\/h2>\n<p>[\/vc_column_text][\/vc_column][vc_column width=\u00a0\u00bb5\/12&Prime; css=\u00a0\u00bb.vc_custom_1594131938133{padding-top: 0px !important;}\u00a0\u00bb][\/vc_column][\/vc_row][vc_row full_width=\u00a0\u00bbstretch_row\u00a0\u00bb el_class=\u00a0\u00bbbreadcrumb\u00a0\u00bb css=\u00a0\u00bb.vc_custom_1596448378197{background-color: #f0f0f0 !important;}\u00a0\u00bb][vc_column css=\u00a0\u00bb.vc_custom_1594132444794{padding-top: 0px !important;}\u00a0\u00bb]<div itemscope itemtype=\"https:\/\/schema.org\/BreadcrumbList\" id=\"breadcrumb\"><div itemprop=\"itemListElement\" itemscope itemtype=\"https:\/\/schema.org\/ListItem\"><a itemprop=\"item\" href=\"https:\/\/valvulasarco.com\/fr\/\"><span class=\"vc_icon_element-icon fa fa-home\"><\/span><span itemprop=\"name\">Home<\/span><\/a><meta itemprop=\"position\" content=\"1\" \/><\/div><div itemprop=\"itemListElement hola\" itemscope itemtype=\"https:\/\/schema.org\/ListItem\"><span>><\/span><a itemprop=\"item\" href=\"https:\/\/valvulasarco.com\/fr\/enterprise\/equipe\/\"><span itemprop=\"name\">\u00c9quipe<\/span><\/a><meta itemprop=\"position\" content=\"3\"><\/div><\/div>[\/vc_column][\/vc_row][vc_row full_width=\u00a0\u00bbstretch_row\u00a0\u00bb el_class=\u00a0\u00bbdestacado_obra bloque count_personas_personas\u00a0\u00bb css=\u00a0\u00bb.vc_custom_1596448735590{padding-top: 20px !important;padding-bottom: 20px !important;background-color: #f0f0f0 !important;}\u00a0\u00bb][vc_column css=\u00a0\u00bb.vc_custom_1596443870655{padding-top: 0px !important;}\u00a0\u00bb][vc_column_text]Notre personnel[\/vc_column_text][\/vc_column][\/vc_row][vc_row full_width=\u00a0\u00bbstretch_row\u00a0\u00bb el_class=\u00a0\u00bbcount_personas iconos_internacional iconos_responsive_personas\u00a0\u00bb css=\u00a0\u00bb.vc_custom_1605510109559{background-color: #f0f0f0 !important;}\u00a0\u00bb][vc_column width=\u00a0\u00bb1\/4&Prime; el_class=\u00a0\u00bbitem_count responsive\u00a0\u00bb css=\u00a0\u00bb.vc_custom_1605510126256{padding-top: 0px !important;}\u00a0\u00bb][vc_column_text el_class=\u00a0\u00bbnumero\u00a0\u00bb]+400[\/vc_column_text][vc_column_text el_class=\u00a0\u00bbetiqueta\u00a0\u00bb]personnes[\/vc_column_text][\/vc_column][vc_column width=\u00a0\u00bb1\/4&Prime; el_class=\u00a0\u00bbitem_count responsive\u00a0\u00bb css=\u00a0\u00bb.vc_custom_1605510130255{padding-top: 0px !important;}\u00a0\u00bb][vc_column_text el_class=\u00a0\u00bbnumero\u00a0\u00bb]10[\/vc_column_text][vc_column_text el_class=\u00a0\u00bbetiqueta\u00a0\u00bb]nationalit\u00e9s[\/vc_column_text][\/vc_column][vc_column width=\u00a0\u00bb1\/4&Prime; el_class=\u00a0\u00bbitem_count\u00a0\u00bb css=\u00a0\u00bb.vc_custom_1598977895128{padding-top: 0px !important;}\u00a0\u00bb][vc_column_text el_class=\u00a0\u00bbnumero\u00a0\u00bb]47[\/vc_column_text][vc_column_text el_class=\u00a0\u00bbetiqueta\u00a0\u00bb]ans d&rsquo;\u00e2ge moyen[\/vc_column_text][\/vc_column][vc_column width=\u00a0\u00bb1\/4&Prime; el_class=\u00a0\u00bbitem_count last\u00a0\u00bb css=\u00a0\u00bb.vc_custom_1598977904033{padding-top: 0px !important;}\u00a0\u00bb][vc_column_text el_class=\u00a0\u00bbnumero\u00a0\u00bb]17[\/vc_column_text][vc_column_text el_class=\u00a0\u00bbetiqueta\u00a0\u00bb]ans d&rsquo;anciennet\u00e9 en moyenne dans l&rsquo;entreprise[\/vc_column_text][\/vc_column][\/vc_row][vc_row full_width=\u00a0\u00bbstretch_row\u00a0\u00bb el_class=\u00a0\u00bbcount_personas bloque iconos_internacional iconos_responsive_personas\u00a0\u00bb css=\u00a0\u00bb.vc_custom_1605510115870{background-color: #f0f0f0 !important;}\u00a0\u00bb][vc_column width=\u00a0\u00bb1\/6&Prime; css=\u00a0\u00bb.vc_custom_1596449283290{padding-top: 0px !important;}\u00a0\u00bb][\/vc_column][vc_column width=\u00a0\u00bb2\/3&Prime; css=\u00a0\u00bb.vc_custom_1596449422769{padding-top: 0px !important;}\u00a0\u00bb][vc_row_inner][vc_column_inner el_class=\u00a0\u00bbitem_count\u00a0\u00bb width=\u00a0\u00bb1\/3&Prime; css=\u00a0\u00bb.vc_custom_1596449271535{padding-top: 0px !important;}\u00a0\u00bb][vc_column_text el_class=\u00a0\u00bbnumero\u00a0\u00bb]2,4%[\/vc_column_text][vc_column_text el_class=\u00a0\u00bbetiqueta\u00a0\u00bb]des employ\u00e9s ayant une diversit\u00e9 fonctionnelle[\/vc_column_text][\/vc_column_inner][vc_column_inner el_class=\u00a0\u00bbitem_count\u00a0\u00bb width=\u00a0\u00bb1\/3&Prime; css=\u00a0\u00bb.vc_custom_1596449275670{padding-top: 0px !important;}\u00a0\u00bb][vc_column_text el_class=\u00a0\u00bbnumero\u00a0\u00bb]82%[\/vc_column_text][vc_column_text el_class=\u00a0\u00bbetiqueta\u00a0\u00bb]d&#8217;emplois permanents[\/vc_column_text][\/vc_column_inner][vc_column_inner el_class=\u00a0\u00bbitem_count last\u00a0\u00bb width=\u00a0\u00bb1\/3&Prime; css=\u00a0\u00bb.vc_custom_1596449279350{padding-top: 0px !important;}\u00a0\u00bb][vc_column_text el_class=\u00a0\u00bbnumero\u00a0\u00bb]1%[\/vc_column_text][vc_column_text el_class=\u00a0\u00bbetiqueta\u00a0\u00bb]de rotation[\/vc_column_text][\/vc_column_inner][\/vc_row_inner][\/vc_column][vc_column width=\u00a0\u00bb1\/6&Prime; css=\u00a0\u00bb.vc_custom_1596449418043{padding-top: 0px !important;}\u00a0\u00bb][\/vc_column][\/vc_row][vc_row full_width=\u00a0\u00bbstretch_row\u00a0\u00bb el_class=\u00a0\u00bbbloque valores_personas\u00a0\u00bb css=\u00a0\u00bb.vc_custom_1596448233697{background-image: url(https:\/\/valvulasarco.com\/wp-content\/uploads\/2020\/08\/valores.jpg?id=719) !important;background-position: center !important;background-repeat: no-repeat !important;background-size: cover !important;}\u00a0\u00bb][vc_column css=\u00a0\u00bb.vc_custom_1596447836741{padding-top: 0px !important;}\u00a0\u00bb][vc_column_text el_class=\u00a0\u00bbtitular\u00a0\u00bb]nos valeurs :[\/vc_column_text][vc_column_text]<\/p>\n<ul style=\"text-align: center;\">\n<li>\n<h2>Responsabilit\u00e9<\/h2>\n<\/li>\n<li>\n<h2>Confiance<\/h2>\n<\/li>\n<li>\n<h2>Fiabilit\u00e9<\/h2>\n<\/li>\n<\/ul>\n<p>[\/vc_column_text][vc_column_text]<\/p>\n<ul style=\"text-align: center; margin-top: 30px;\">\n<li>\n<h2>Tenue des promesses<\/h2>\n<\/li>\n<li>\n<h2>Proximit\u00e9<\/h2>\n<\/li>\n<\/ul>\n<p>[\/vc_column_text][vc_column_text]<\/p>\n<ul style=\"text-align: center; margin-top: 30px;\">\n<li>\n<h2>Respect pour les personnes et l&rsquo;environnement<\/h2>\n<\/li>\n<\/ul>\n<p>[\/vc_column_text][\/vc_column][\/vc_row][vc_row full_width=\u00a0\u00bbstretch_row\u00a0\u00bb css=\u00a0\u00bb.vc_custom_1596614957462{background-color: #f0f0f0 !important;}\u00a0\u00bb el_class=\u00a0\u00bbtrabaja_con_nosotros_personas bloque\u00a0\u00bb el_id=\u00a0\u00bbtrabaja_con_nosotros\u00a0\u00bb][vc_column width=\u00a0\u00bb1\/2&Prime; el_class=\u00a0\u00bbtexto\u00a0\u00bb css=\u00a0\u00bb.vc_custom_1596443564270{padding-top: 0px !important;}\u00a0\u00bb][vc_column_text el_class=\u00a0\u00bbtitular\u00a0\u00bb]TRAVAILLEZ CHEZ NOUS[\/vc_column_text][vc_column_text el_class=\u00a0\u00bbsubtitular texto_azul_personas\u00a0\u00bb]Rejoignez notre \u00e9quipe de professionnels dans laquelle nous valorisons le talent, l&rsquo;effort et le d\u00e9sir de progresser jour apr\u00e8s jour.[\/vc_column_text][\/vc_column][vc_column width=\u00a0\u00bb1\/2&Prime; el_class=\u00a0\u00bbofertas\u00a0\u00bb css=\u00a0\u00bb.vc_custom_1596443569564{padding-top: 0px !important;}\u00a0\u00bb][vc_column_text el_class=\u00a0\u00bbtitular\u00a0\u00bb]<\/p>\n<h3>Offres d\u2019emploi<\/h3>\n<p>[\/vc_column_text][vc_column_text el_class=\u00a0\u00bbsubtitular texto_azul_personas\u00a0\u00bb]D\u00e9couvrez nos postes \u00e0 pourvoir ou envoyez votre CV et vos coordonn\u00e9es afin que nous puissions conna\u00eetre votre profil et vous contacter si un poste vous correspond:[\/vc_column_text][vc_column_text el_class=\u00a0\u00bbenlace\u00a0\u00bb]<a href=\"https:\/\/talentclue.com\/es\/company\/10202718\/offers\/menu\/modal\" target=\"_blank\" rel=\"noopener noreferrer\">Acc\u00e9dez \u00e0 notre plateforme d&#8217;emploi<\/a>[\/vc_column_text][vc_column_text el_class=\u00a0\u00bbredes\u00a0\u00bb]<\/p>\n<ul>\n<li><a href=\"https:\/\/www.linkedin.com\/company\/valvulasarco\/jobs\/\" target=\"_blank\" rel=\"noopener noreferrer\">Linkedin<\/a><\/li>\n<\/ul>\n<p>[\/vc_column_text][\/vc_column][\/vc_row][vc_row el_class=\u00a0\u00bbdestacado_obra bloque titular_sin_padding\u00a0\u00bb][vc_column css=\u00a0\u00bb.vc_custom_1596443870655{padding-top: 0px !important;}\u00a0\u00bb][vc_column_text]<\/p>\n<h3>Les avantages de faire partie de l&rsquo;\u00e9quipe Arco<\/h3>\n<p>[\/vc_column_text][\/vc_column][\/vc_row][vc_row full_width=\u00a0\u00bbstretch_row_content_no_spaces\u00a0\u00bb equal_height=\u00a0\u00bbyes\u00a0\u00bb el_class=\u00a0\u00bbmitad_home mitad_derecha personas\u00a0\u00bb][vc_column width=\u00a0\u00bb1\/2&Prime; el_class=\u00a0\u00bbimagen\u00a0\u00bb css=\u00a0\u00bb.vc_custom_1618473936758{padding-top: 0px !important;background-image: url(https:\/\/valvulasarco.com\/wp-content\/uploads\/2021\/04\/equipo-efr-2021-ok.jpg?id=5819) !important;background-position: center !important;background-repeat: no-repeat !important;background-size: cover !important;}\u00a0\u00bb][\/vc_column][vc_column width=\u00a0\u00bb1\/2&Prime; el_class=\u00a0\u00bbtexto\u00a0\u00bb css=\u00a0\u00bb.vc_custom_1593700829527{padding-top: 0px !important;}\u00a0\u00bb][vc_column_text el_class=\u00a0\u00bbtitular\u00a0\u00bb]<\/p>\n<h2>EFR: Entreprise familiale responsable<\/h2>\n<p>[\/vc_column_text][vc_column_text el_class=\u00a0\u00bbsubtitular\u00a0\u00bb]<\/p>\n<h3>L&rsquo;engagement envers nos employ\u00e9s va au-del\u00e0 des mots. C&rsquo;est ce que d\u00e9montre la certification d&rsquo;Arco d\u2019entreprise familiale responsable (efr), accord\u00e9e par la Fondation Masfamilia. L&rsquo;objectif de cette certification est de favoriser la conciliation de la vie familiale et priv\u00e9e de nos collaborateurs, ainsi que de garantir leur d\u00e9veloppement personnel et professionnel.<\/h3>\n<p>[\/vc_column_text][vc_single_image image=\u00a0\u00bb2766&Prime; img_size=\u00a0\u00bbfull\u00a0\u00bb el_class=\u00a0\u00bblogo_efr\u00a0\u00bb][\/vc_column][\/vc_row][vc_row full_width=\u00a0\u00bbstretch_row_content_no_spaces\u00a0\u00bb equal_height=\u00a0\u00bbyes\u00a0\u00bb el_class=\u00a0\u00bbmitad_home mitad_izquierda personas\u00a0\u00bb][vc_column width=\u00a0\u00bb1\/2&Prime; el_class=\u00a0\u00bbtexto\u00a0\u00bb css=\u00a0\u00bb.vc_custom_1593700833376{padding-top: 0px !important;background-position: center !important;background-repeat: no-repeat !important;background-size: cover !important;}\u00a0\u00bb][vc_column_text el_class=\u00a0\u00bbtitular\u00a0\u00bb]<\/p>\n<h2>RSE : Arco te cuida et Arco Responsable<\/h2>\n<p>[\/vc_column_text][vc_column_text el_class=\u00a0\u00bbsubtitular\u00a0\u00bb]<\/p>\n<h4>C&rsquo;est pourquoi la gestion de la responsabilit\u00e9 sociale de l\u2019entreprise est int\u00e9gr\u00e9e dans le mod\u00e8le d&rsquo;am\u00e9lioration continue de l&rsquo;entreprise. Ainsi, nous travaillons \u00e0 la conciliation et \u00e0 l&rsquo;\u00e9galit\u00e9 \u00e0 travers la certification EFR, nous int\u00e9grons les groupes en risque d&rsquo;exclusion, nous prenons soin de l&rsquo;environnement en respectant la norme ISO 14001 et nous garantissons la sant\u00e9 et la s\u00e9curit\u00e9 de nos collaborateurs sur la base de la certification OSHAS 18001.<\/h4>\n<p>[\/vc_column_text][vc_column_text]<img decoding=\"async\" loading=\"lazy\" class=\"imagen_uno_logo\" src=\"https:\/\/valvulasarco.com\/wp-content\/uploads\/2020\/08\/LOGO-ARCO-CUIDA.svg\" alt=\"\" width=\"1\" height=\"1\" \/><img decoding=\"async\" loading=\"lazy\" class=\"imagen_dos_logo\" src=\"https:\/\/valvulasarco.com\/wp-content\/uploads\/2020\/08\/LOGO-ARCO_RESPONSABLE.svg\" alt=\"\" width=\"1\" height=\"1\" \/>[\/vc_column_text][\/vc_column][vc_column width=\u00a0\u00bb1\/2&Prime; el_class=\u00a0\u00bbimagen\u00a0\u00bb css=\u00a0\u00bb.vc_custom_1596442222214{padding-top: 0px !important;background-image: url(https:\/\/valvulasarco.com\/wp-content\/uploads\/2020\/08\/Botella-Arco-te-cuida-2_1_OPTIMA.jpg?id=705) !important;background-position: center !important;background-repeat: no-repeat !important;background-size: cover !important;}\u00a0\u00bb][\/vc_column][\/vc_row][vc_row full_width=\u00a0\u00bbstretch_row\u00a0\u00bb el_class=\u00a0\u00bbcontacto_obras bloque personas\u00a0\u00bb css=\u00a0\u00bb.vc_custom_1596448238253{background-image: url(https:\/\/valvulasarco.com\/wp-content\/uploads\/2020\/07\/contacto_obras.jpg?id=371) !important;background-position: center !important;background-repeat: no-repeat !important;background-size: cover !important;}\u00a0\u00bb][vc_column css=\u00a0\u00bb.vc_custom_1594380075736{padding-top: 0px !important;}\u00a0\u00bb][vc_row_inner][vc_column_inner width=\u00a0\u00bb1\/12&Prime;][\/vc_column_inner][vc_column_inner width=\u00a0\u00bb10\/12&Prime; css=\u00a0\u00bb.vc_custom_1594380067892{padding-top: 0px !important;}\u00a0\u00bb][vc_column_text el_class=\u00a0\u00bbtitular\u00a0\u00bb css=\u00a0\u00bb.vc_custom_1608121878519{margin-bottom: 30px !important;}\u00a0\u00bb]Rejoignez notre \u00e9quipe[\/vc_column_text][vc_column_text el_class=\u00a0\u00bbboton_gris rosa trabaja_con_boton\u00a0\u00bb]<\/p>\n<p style=\"text-align: center;\"><a href=\"#trabaja_con_nosotros\">CONSULTEZ NOS OFFRES D&rsquo;EMPLOI<\/a><\/p>\n<p>[\/vc_column_text][\/vc_column_inner][vc_column_inner width=\u00a0\u00bb1\/12&Prime;][\/vc_column_inner][\/vc_row_inner][\/vc_column][\/vc_row]<\/p>\n","protected":false},"excerpt":{"rendered":"<p>[vc_row full_width=\u00a0\u00bbstretch_row\u00a0\u00bb el_class=\u00a0\u00bbbanner_pagina\u00a0\u00bb css=\u00a0\u00bb.vc_custom_1596441716055{background-image: url(https:\/\/valvulasarco.com\/wp-content\/uploads\/2020\/08\/personas.jpg?id=697) !important;background-position: center !important;background-repeat: no-repeat !important;background-size: cover !important;}\u00a0\u00bb][vc_column width=\u00a0\u00bb7\/12&Prime; css=\u00a0\u00bb.vc_custom_1594131934187{padding-top: 0px !important;}\u00a0\u00bb][vc_column_text] \u00c9QUIPE Les personnes, le v\u00e9ritable moteur de notre entreprise [\/vc_column_text][\/vc_column][vc_column width=\u00a0\u00bb5\/12&Prime; css=\u00a0\u00bb.vc_custom_1594131938133{padding-top: 0px !important;}\u00a0\u00bb][\/vc_column][\/vc_row][vc_row full_width=\u00a0\u00bbstretch_row\u00a0\u00bb el_class=\u00a0\u00bbbreadcrumb\u00a0\u00bb css=\u00a0\u00bb.vc_custom_1596448378197{background-color: #f0f0f0 !important;}\u00a0\u00bb][vc_column css=\u00a0\u00bb.vc_custom_1594132444794{padding-top: 0px !important;}\u00a0\u00bb][\/vc_column][\/vc_row][vc_row full_width=\u00a0\u00bbstretch_row\u00a0\u00bb el_class=\u00a0\u00bbdestacado_obra bloque count_personas_personas\u00a0\u00bb css=\u00a0\u00bb.vc_custom_1596448735590{padding-top: 20px !important;padding-bottom: 20px !important;background-color: #f0f0f0 !important;}\u00a0\u00bb][vc_column css=\u00a0\u00bb.vc_custom_1596443870655{padding-top: 0px !important;}\u00a0\u00bb][vc_column_text]Notre personnel[\/vc_column_text][\/vc_column][\/vc_row][vc_row full_width=\u00a0\u00bbstretch_row\u00a0\u00bb el_class=\u00a0\u00bbcount_personas [&hellip;]<\/p>\n","protected":false},"author":1,"featured_media":0,"parent":2452,"menu_order":0,"comment_status":"closed","ping_status":"closed","template":"","meta":[],"acf":[],"yoast_head":"<!-- This site is optimized with the Yoast SEO plugin v20.4 - https:\/\/yoast.com\/wordpress\/plugins\/seo\/ -->\n<title>V\u00e1lvulas Arco - \u00c9quipe<\/title>\n<meta name=\"description\" content=\"Vous souhaitez travailler chez V\u00e1lvulas Arco\u00a0? Venez d\u00e9couvrir notre \u00e9quipe, les avantages de rejoindre notre entreprise et les postes \u00e0 pourvoir\" \/>\n<meta name=\"robots\" content=\"index, follow, max-snippet:-1, max-image-preview:large, max-video-preview:-1\" \/>\n<link rel=\"canonical\" href=\"https:\/\/valvulasarco.com\/fr\/enterprise\/equipe\/\" \/>\n<meta property=\"og:locale\" content=\"fr_FR\" \/>\n<meta property=\"og:type\" content=\"article\" \/>\n<meta property=\"og:title\" content=\"V\u00e1lvulas Arco - \u00c9quipe\" \/>\n<meta property=\"og:description\" content=\"Vous souhaitez travailler chez V\u00e1lvulas Arco\u00a0? Venez d\u00e9couvrir notre \u00e9quipe, les avantages de rejoindre notre entreprise et les postes \u00e0 pourvoir\" \/>\n<meta property=\"og:url\" content=\"https:\/\/valvulasarco.com\/fr\/enterprise\/equipe\/\" \/>\n<meta property=\"og:site_name\" content=\"Arco\" \/>\n<meta property=\"article:modified_time\" content=\"2021-04-15T08:05:42+00:00\" \/>\n<meta property=\"og:image\" content=\"https:\/\/valvulasarco.com\/wp-content\/uploads\/2020\/08\/LOGO-ARCO-CUIDA.svg\" \/>\n<meta name=\"twitter:card\" content=\"summary_large_image\" \/>\n<meta name=\"twitter:label1\" content=\"Dur\u00e9e de lecture estim\u00e9e\" \/>\n\t<meta name=\"twitter:data1\" content=\"3 minutes\" \/>\n<script type=\"application\/ld+json\" class=\"yoast-schema-graph\">{\"@context\":\"https:\/\/schema.org\",\"@graph\":[{\"@type\":\"WebPage\",\"@id\":\"https:\/\/valvulasarco.com\/fr\/enterprise\/equipe\/\",\"url\":\"https:\/\/valvulasarco.com\/fr\/enterprise\/equipe\/\",\"name\":\"V\u00e1lvulas Arco - \u00c9quipe\",\"isPartOf\":{\"@id\":\"https:\/\/valvulasarco.com\/#website\"},\"datePublished\":\"2020-08-03T08:01:33+00:00\",\"dateModified\":\"2021-04-15T08:05:42+00:00\",\"description\":\"Vous souhaitez travailler chez V\u00e1lvulas Arco\u00a0? Venez d\u00e9couvrir notre \u00e9quipe, les avantages de rejoindre notre entreprise et les postes \u00e0 pourvoir\",\"breadcrumb\":{\"@id\":\"https:\/\/valvulasarco.com\/fr\/enterprise\/equipe\/#breadcrumb\"},\"inLanguage\":\"fr-FR\",\"potentialAction\":[{\"@type\":\"ReadAction\",\"target\":[\"https:\/\/valvulasarco.com\/fr\/enterprise\/equipe\/\"]}]},{\"@type\":\"BreadcrumbList\",\"@id\":\"https:\/\/valvulasarco.com\/fr\/enterprise\/equipe\/#breadcrumb\",\"itemListElement\":[{\"@type\":\"ListItem\",\"position\":1,\"name\":\"Portada\",\"item\":\"https:\/\/valvulasarco.com\/fr\/home\/\"},{\"@type\":\"ListItem\",\"position\":2,\"name\":\"Enterprise\",\"item\":\"https:\/\/valvulasarco.com\/fr\/enterprise\/\"},{\"@type\":\"ListItem\",\"position\":3,\"name\":\"\u00c9quipe\"}]},{\"@type\":\"WebSite\",\"@id\":\"https:\/\/valvulasarco.com\/#website\",\"url\":\"https:\/\/valvulasarco.com\/\",\"name\":\"Arco\",\"description\":\"Arco\",\"publisher\":{\"@id\":\"https:\/\/valvulasarco.com\/#organization\"},\"potentialAction\":[{\"@type\":\"SearchAction\",\"target\":{\"@type\":\"EntryPoint\",\"urlTemplate\":\"https:\/\/valvulasarco.com\/?s={search_term_string}\"},\"query-input\":\"required name=search_term_string\"}],\"inLanguage\":\"fr-FR\"},{\"@type\":\"Organization\",\"@id\":\"https:\/\/valvulasarco.com\/#organization\",\"name\":\"Arco\",\"url\":\"https:\/\/valvulasarco.com\/\",\"logo\":{\"@type\":\"ImageObject\",\"inLanguage\":\"fr-FR\",\"@id\":\"https:\/\/valvulasarco.com\/#\/schema\/logo\/image\/\",\"url\":\"https:\/\/valvulasarco.com\/wp-content\/uploads\/2020\/11\/Logo-Arco.png\",\"contentUrl\":\"https:\/\/valvulasarco.com\/wp-content\/uploads\/2020\/11\/Logo-Arco.png\",\"width\":750,\"height\":479,\"caption\":\"Arco\"},\"image\":{\"@id\":\"https:\/\/valvulasarco.com\/#\/schema\/logo\/image\/\"}}]}<\/script>\n<!-- \/ Yoast SEO plugin. -->","yoast_head_json":{"title":"V\u00e1lvulas Arco - \u00c9quipe","description":"Vous souhaitez travailler chez V\u00e1lvulas Arco\u00a0? Venez d\u00e9couvrir notre \u00e9quipe, les avantages de rejoindre notre entreprise et les postes \u00e0 pourvoir","robots":{"index":"index","follow":"follow","max-snippet":"max-snippet:-1","max-image-preview":"max-image-preview:large","max-video-preview":"max-video-preview:-1"},"canonical":"https:\/\/valvulasarco.com\/fr\/enterprise\/equipe\/","og_locale":"fr_FR","og_type":"article","og_title":"V\u00e1lvulas Arco - \u00c9quipe","og_description":"Vous souhaitez travailler chez V\u00e1lvulas Arco\u00a0? Venez d\u00e9couvrir notre \u00e9quipe, les avantages de rejoindre notre entreprise et les postes \u00e0 pourvoir","og_url":"https:\/\/valvulasarco.com\/fr\/enterprise\/equipe\/","og_site_name":"Arco","article_modified_time":"2021-04-15T08:05:42+00:00","og_image":[{"url":"https:\/\/valvulasarco.com\/wp-content\/uploads\/2020\/08\/LOGO-ARCO-CUIDA.svg"}],"twitter_card":"summary_large_image","twitter_misc":{"Dur\u00e9e de lecture estim\u00e9e":"3 minutes"},"schema":{"@context":"https:\/\/schema.org","@graph":[{"@type":"WebPage","@id":"https:\/\/valvulasarco.com\/fr\/enterprise\/equipe\/","url":"https:\/\/valvulasarco.com\/fr\/enterprise\/equipe\/","name":"V\u00e1lvulas Arco - \u00c9quipe","isPartOf":{"@id":"https:\/\/valvulasarco.com\/#website"},"datePublished":"2020-08-03T08:01:33+00:00","dateModified":"2021-04-15T08:05:42+00:00","description":"Vous souhaitez travailler chez V\u00e1lvulas Arco\u00a0? Venez d\u00e9couvrir notre \u00e9quipe, les avantages de rejoindre notre entreprise et les postes \u00e0 pourvoir","breadcrumb":{"@id":"https:\/\/valvulasarco.com\/fr\/enterprise\/equipe\/#breadcrumb"},"inLanguage":"fr-FR","potentialAction":[{"@type":"ReadAction","target":["https:\/\/valvulasarco.com\/fr\/enterprise\/equipe\/"]}]},{"@type":"BreadcrumbList","@id":"https:\/\/valvulasarco.com\/fr\/enterprise\/equipe\/#breadcrumb","itemListElement":[{"@type":"ListItem","position":1,"name":"Portada","item":"https:\/\/valvulasarco.com\/fr\/home\/"},{"@type":"ListItem","position":2,"name":"Enterprise","item":"https:\/\/valvulasarco.com\/fr\/enterprise\/"},{"@type":"ListItem","position":3,"name":"\u00c9quipe"}]},{"@type":"WebSite","@id":"https:\/\/valvulasarco.com\/#website","url":"https:\/\/valvulasarco.com\/","name":"Arco","description":"Arco","publisher":{"@id":"https:\/\/valvulasarco.com\/#organization"},"potentialAction":[{"@type":"SearchAction","target":{"@type":"EntryPoint","urlTemplate":"https:\/\/valvulasarco.com\/?s={search_term_string}"},"query-input":"required name=search_term_string"}],"inLanguage":"fr-FR"},{"@type":"Organization","@id":"https:\/\/valvulasarco.com\/#organization","name":"Arco","url":"https:\/\/valvulasarco.com\/","logo":{"@type":"ImageObject","inLanguage":"fr-FR","@id":"https:\/\/valvulasarco.com\/#\/schema\/logo\/image\/","url":"https:\/\/valvulasarco.com\/wp-content\/uploads\/2020\/11\/Logo-Arco.png","contentUrl":"https:\/\/valvulasarco.com\/wp-content\/uploads\/2020\/11\/Logo-Arco.png","width":750,"height":479,"caption":"Arco"},"image":{"@id":"https:\/\/valvulasarco.com\/#\/schema\/logo\/image\/"}}]}},"_links":{"self":[{"href":"https:\/\/valvulasarco.com\/fr\/wp-json\/wp\/v2\/pages\/2469"}],"collection":[{"href":"https:\/\/valvulasarco.com\/fr\/wp-json\/wp\/v2\/pages"}],"about":[{"href":"https:\/\/valvulasarco.com\/fr\/wp-json\/wp\/v2\/types\/page"}],"author":[{"embeddable":true,"href":"https:\/\/valvulasarco.com\/fr\/wp-json\/wp\/v2\/users\/1"}],"replies":[{"embeddable":true,"href":"https:\/\/valvulasarco.com\/fr\/wp-json\/wp\/v2\/comments?post=2469"}],"version-history":[{"count":12,"href":"https:\/\/valvulasarco.com\/fr\/wp-json\/wp\/v2\/pages\/2469\/revisions"}],"predecessor-version":[{"id":5917,"href":"https:\/\/valvulasarco.com\/fr\/wp-json\/wp\/v2\/pages\/2469\/revisions\/5917"}],"up":[{"embeddable":true,"href":"https:\/\/valvulasarco.com\/fr\/wp-json\/wp\/v2\/pages\/2452"}],"wp:attachment":[{"href":"https:\/\/valvulasarco.com\/fr\/wp-json\/wp\/v2\/media?parent=2469"}],"curies":[{"name":"wp","href":"https:\/\/api.w.org\/{rel}","templated":true}]}}