{"id":3639,"date":"2020-08-03T07:32:26","date_gmt":"2020-08-03T07:32:26","guid":{"rendered":"https:\/\/valvulasarco.com\/professional-area\/asistencia-tecnica\/"},"modified":"2021-03-30T16:22:48","modified_gmt":"2021-03-30T16:22:48","slug":"technical-assistance","status":"publish","type":"page","link":"https:\/\/valvulasarco.com\/en\/professional-area\/technical-assistance\/","title":{"rendered":"Technical assistance"},"content":{"rendered":"<p>[vc_row full_width=&#8221;stretch_row&#8221; el_class=&#8221;banner_pagina&#8221; css=&#8221;.vc_custom_1596441147469{background-image: url(https:\/\/valvulasarco.com\/wp-content\/uploads\/2020\/08\/asistencia.jpg?id=693) !important;background-position: center !important;background-repeat: no-repeat !important;background-size: cover !important;}&#8221;][vc_column width=&#8221;1\/2&#8243; css=&#8221;.vc_custom_1594131934187{padding-top: 0px !important;}&#8221;][vc_column_text]<\/p>\n<h1>TECHNICAL ASSISTANCE<\/h1>\n<h2>At ARCO we offer a free technical assistance service that will allow you to find the best solution for each of your installation needs.<\/h2>\n<p>[\/vc_column_text][\/vc_column][vc_column width=&#8221;1\/2&#8243; css=&#8221;.vc_custom_1594131938133{padding-top: 0px !important;}&#8221;][\/vc_column][\/vc_row][vc_row el_class=&#8221;breadcrumb&#8221;][vc_column css=&#8221;.vc_custom_1594132444794{padding-top: 0px !important;}&#8221;]<div itemscope itemtype=\"https:\/\/schema.org\/BreadcrumbList\" id=\"breadcrumb\"><div itemprop=\"itemListElement\" itemscope itemtype=\"https:\/\/schema.org\/ListItem\"><a itemprop=\"item\" href=\"https:\/\/valvulasarco.com\/en\/\"><span class=\"vc_icon_element-icon fa fa-home\"><\/span><span itemprop=\"name\">Home<\/span><\/a><meta itemprop=\"position\" content=\"1\" \/><\/div><div itemprop=\"itemListElement hola\" itemscope itemtype=\"https:\/\/schema.org\/ListItem\"><span>><\/span><a itemprop=\"item\" href=\"https:\/\/valvulasarco.com\/en\/professional-area\/technical-assistance\/\"><span itemprop=\"name\">Technical assistance<\/span><\/a><meta itemprop=\"position\" content=\"3\"><\/div><\/div>[\/vc_column][\/vc_row][vc_row el_class=&#8221;bloque info_profesional asistencia&#8221; css=&#8221;.vc_custom_1604396645700{padding-top: 20px !important;}&#8221;][vc_column width=&#8221;1\/2&#8243; css=&#8221;.vc_custom_1604396651795{margin-bottom: 20px !important;}&#8221;][vc_single_image image=&#8221;682&#8243; img_size=&#8221;full&#8221;][\/vc_column][vc_column width=&#8221;1\/2&#8243;][vc_column_text el_class=&#8221;titulo&#8221;]<\/p>\n<h2>FREE TECHNICAL EVALUATION<\/h2>\n<p>[\/vc_column_text][vc_column_text]<\/p>\n<p style=\"color: #192d4d;\">Learn about:<\/p>\n<ul>\n<li>Selecci\u00f3n del producto m\u00e1s adecuado para cada instalaci\u00f3n<\/li>\n<li>\n<h3>Detailed product features<\/h3>\n<\/li>\n<li>\n<h3>Application regulations<\/h3>\n<\/li>\n<li>\n<h3>Technical troubleshooting<\/h3>\n<\/li>\n<li>\n<h3>Product proposals for special installations (ARCO solutions)<\/h3>\n<\/li>\n<li>\n<h3>Compatibility of the product with other elements of the installations<\/h3>\n<\/li>\n<\/ul>\n<p>[\/vc_column_text][\/vc_column][\/vc_row][vc_row full_width=&#8221;stretch_row&#8221; el_class=&#8221;contacto_obras bloque contacto_profesional asistencia&#8221; css=&#8221;.vc_custom_1596440240517{background-image: url(https:\/\/valvulasarco.com\/wp-content\/uploads\/2020\/08\/7538.jpg?id=686) !important;background-position: center !important;background-repeat: no-repeat !important;background-size: cover !important;}&#8221;][vc_column css=&#8221;.vc_custom_1594380075736{padding-top: 0px !important;}&#8221;][vc_row_inner][vc_column_inner width=&#8221;2\/3&#8243;][vc_column_text el_class=&#8221;titular&#8221;]<\/p>\n<h2>Do you need help?<\/h2>\n<p>[\/vc_column_text][vc_column_text el_class=&#8221;subtitular&#8221;]Contact Arco&#8217;s technical team for more information for your installations and\/or professional projects. Or write to us <a href=\"mailto:atencioncliente@valvulasarco.com\">atencioncliente@valvulasarco.com<\/a> and we will be happy to help you.[\/vc_column_text][\/vc_column_inner][vc_column_inner width=&#8221;1\/3&#8243;][vc_column_text el_class=&#8221;boton_gris rosa&#8221;]<\/p>\n<p style=\"text-align: left;\"><a class=\"boton_gris llamar\">+34 961 499 430<\/a><a class=\"boton_rosa\" href=\"\/en\/contact\/\">contact us<\/a><\/p>\n<p>[\/vc_column_text][\/vc_column_inner][\/vc_row_inner][\/vc_column][\/vc_row]<\/p>\n","protected":false},"excerpt":{"rendered":"<p>[vc_row full_width=&#8221;stretch_row&#8221; el_class=&#8221;banner_pagina&#8221; css=&#8221;.vc_custom_1596441147469{background-image: url(https:\/\/valvulasarco.com\/wp-content\/uploads\/2020\/08\/asistencia.jpg?id=693) !important;background-position: center !important;background-repeat: no-repeat !important;background-size: cover !important;}&#8221;][vc_column width=&#8221;1\/2&#8243; css=&#8221;.vc_custom_1594131934187{padding-top: 0px !important;}&#8221;][vc_column_text] TECHNICAL ASSISTANCE At ARCO we offer a free technical assistance service that will allow you to find the best solution for each of your installation needs. [\/vc_column_text][\/vc_column][vc_column width=&#8221;1\/2&#8243; css=&#8221;.vc_custom_1594131938133{padding-top: 0px !important;}&#8221;][\/vc_column][\/vc_row][vc_row el_class=&#8221;breadcrumb&#8221;][vc_column css=&#8221;.vc_custom_1594132444794{padding-top: 0px !important;}&#8221;][\/vc_column][\/vc_row][vc_row el_class=&#8221;bloque info_profesional asistencia&#8221; css=&#8221;.vc_custom_1604396645700{padding-top: [&hellip;]<\/p>\n","protected":false},"author":1,"featured_media":0,"parent":3593,"menu_order":0,"comment_status":"closed","ping_status":"closed","template":"","meta":[],"acf":[],"yoast_head":"<!-- This site is optimized with the Yoast SEO plugin v20.4 - https:\/\/yoast.com\/wordpress\/plugins\/seo\/ -->\n<title>Technical assistance - V\u00e1lvulas Arco<\/title>\n<meta name=\"description\" content=\"Do you need technical help about any of our products? We&#039;ll help you.\" \/>\n<meta name=\"robots\" content=\"index, follow, max-snippet:-1, max-image-preview:large, max-video-preview:-1\" \/>\n<link rel=\"canonical\" href=\"https:\/\/valvulasarco.com\/en\/professional-area\/technical-assistance\/\" \/>\n<meta property=\"og:locale\" content=\"en_US\" \/>\n<meta property=\"og:type\" content=\"article\" \/>\n<meta property=\"og:title\" content=\"Technical assistance - V\u00e1lvulas Arco\" \/>\n<meta property=\"og:description\" content=\"Do you need technical help about any of our products? We&#039;ll help you.\" \/>\n<meta property=\"og:url\" content=\"https:\/\/valvulasarco.com\/en\/professional-area\/technical-assistance\/\" \/>\n<meta property=\"og:site_name\" content=\"Arco\" \/>\n<meta property=\"article:modified_time\" content=\"2021-03-30T16:22:48+00:00\" \/>\n<meta name=\"twitter:card\" content=\"summary_large_image\" \/>\n<meta name=\"twitter:label1\" content=\"Est. reading time\" \/>\n\t<meta name=\"twitter:data1\" content=\"1 minute\" \/>\n<script type=\"application\/ld+json\" class=\"yoast-schema-graph\">{\"@context\":\"https:\/\/schema.org\",\"@graph\":[{\"@type\":\"WebPage\",\"@id\":\"https:\/\/valvulasarco.com\/en\/professional-area\/technical-assistance\/\",\"url\":\"https:\/\/valvulasarco.com\/en\/professional-area\/technical-assistance\/\",\"name\":\"Technical assistance - V\u00e1lvulas Arco\",\"isPartOf\":{\"@id\":\"https:\/\/valvulasarco.com\/#website\"},\"datePublished\":\"2020-08-03T07:32:26+00:00\",\"dateModified\":\"2021-03-30T16:22:48+00:00\",\"description\":\"Do you need technical help about any of our products? We'll help you.\",\"breadcrumb\":{\"@id\":\"https:\/\/valvulasarco.com\/en\/professional-area\/technical-assistance\/#breadcrumb\"},\"inLanguage\":\"en-US\",\"potentialAction\":[{\"@type\":\"ReadAction\",\"target\":[\"https:\/\/valvulasarco.com\/en\/professional-area\/technical-assistance\/\"]}]},{\"@type\":\"BreadcrumbList\",\"@id\":\"https:\/\/valvulasarco.com\/en\/professional-area\/technical-assistance\/#breadcrumb\",\"itemListElement\":[{\"@type\":\"ListItem\",\"position\":1,\"name\":\"Portada\",\"item\":\"https:\/\/valvulasarco.com\/en\/home\/\"},{\"@type\":\"ListItem\",\"position\":2,\"name\":\"Professional area\",\"item\":\"https:\/\/valvulasarco.com\/en\/professional-area\/\"},{\"@type\":\"ListItem\",\"position\":3,\"name\":\"Technical assistance\"}]},{\"@type\":\"WebSite\",\"@id\":\"https:\/\/valvulasarco.com\/#website\",\"url\":\"https:\/\/valvulasarco.com\/\",\"name\":\"Arco\",\"description\":\"Arco\",\"publisher\":{\"@id\":\"https:\/\/valvulasarco.com\/#organization\"},\"potentialAction\":[{\"@type\":\"SearchAction\",\"target\":{\"@type\":\"EntryPoint\",\"urlTemplate\":\"https:\/\/valvulasarco.com\/?s={search_term_string}\"},\"query-input\":\"required name=search_term_string\"}],\"inLanguage\":\"en-US\"},{\"@type\":\"Organization\",\"@id\":\"https:\/\/valvulasarco.com\/#organization\",\"name\":\"Arco\",\"url\":\"https:\/\/valvulasarco.com\/\",\"logo\":{\"@type\":\"ImageObject\",\"inLanguage\":\"en-US\",\"@id\":\"https:\/\/valvulasarco.com\/#\/schema\/logo\/image\/\",\"url\":\"https:\/\/valvulasarco.com\/wp-content\/uploads\/2020\/11\/Logo-Arco.png\",\"contentUrl\":\"https:\/\/valvulasarco.com\/wp-content\/uploads\/2020\/11\/Logo-Arco.png\",\"width\":750,\"height\":479,\"caption\":\"Arco\"},\"image\":{\"@id\":\"https:\/\/valvulasarco.com\/#\/schema\/logo\/image\/\"}}]}<\/script>\n<!-- \/ Yoast SEO plugin. -->","yoast_head_json":{"title":"Technical assistance - V\u00e1lvulas Arco","description":"Do you need technical help about any of our products? We'll help you.","robots":{"index":"index","follow":"follow","max-snippet":"max-snippet:-1","max-image-preview":"max-image-preview:large","max-video-preview":"max-video-preview:-1"},"canonical":"https:\/\/valvulasarco.com\/en\/professional-area\/technical-assistance\/","og_locale":"en_US","og_type":"article","og_title":"Technical assistance - V\u00e1lvulas Arco","og_description":"Do you need technical help about any of our products? We'll help you.","og_url":"https:\/\/valvulasarco.com\/en\/professional-area\/technical-assistance\/","og_site_name":"Arco","article_modified_time":"2021-03-30T16:22:48+00:00","twitter_card":"summary_large_image","twitter_misc":{"Est. reading time":"1 minute"},"schema":{"@context":"https:\/\/schema.org","@graph":[{"@type":"WebPage","@id":"https:\/\/valvulasarco.com\/en\/professional-area\/technical-assistance\/","url":"https:\/\/valvulasarco.com\/en\/professional-area\/technical-assistance\/","name":"Technical assistance - V\u00e1lvulas Arco","isPartOf":{"@id":"https:\/\/valvulasarco.com\/#website"},"datePublished":"2020-08-03T07:32:26+00:00","dateModified":"2021-03-30T16:22:48+00:00","description":"Do you need technical help about any of our products? We'll help you.","breadcrumb":{"@id":"https:\/\/valvulasarco.com\/en\/professional-area\/technical-assistance\/#breadcrumb"},"inLanguage":"en-US","potentialAction":[{"@type":"ReadAction","target":["https:\/\/valvulasarco.com\/en\/professional-area\/technical-assistance\/"]}]},{"@type":"BreadcrumbList","@id":"https:\/\/valvulasarco.com\/en\/professional-area\/technical-assistance\/#breadcrumb","itemListElement":[{"@type":"ListItem","position":1,"name":"Portada","item":"https:\/\/valvulasarco.com\/en\/home\/"},{"@type":"ListItem","position":2,"name":"Professional area","item":"https:\/\/valvulasarco.com\/en\/professional-area\/"},{"@type":"ListItem","position":3,"name":"Technical assistance"}]},{"@type":"WebSite","@id":"https:\/\/valvulasarco.com\/#website","url":"https:\/\/valvulasarco.com\/","name":"Arco","description":"Arco","publisher":{"@id":"https:\/\/valvulasarco.com\/#organization"},"potentialAction":[{"@type":"SearchAction","target":{"@type":"EntryPoint","urlTemplate":"https:\/\/valvulasarco.com\/?s={search_term_string}"},"query-input":"required name=search_term_string"}],"inLanguage":"en-US"},{"@type":"Organization","@id":"https:\/\/valvulasarco.com\/#organization","name":"Arco","url":"https:\/\/valvulasarco.com\/","logo":{"@type":"ImageObject","inLanguage":"en-US","@id":"https:\/\/valvulasarco.com\/#\/schema\/logo\/image\/","url":"https:\/\/valvulasarco.com\/wp-content\/uploads\/2020\/11\/Logo-Arco.png","contentUrl":"https:\/\/valvulasarco.com\/wp-content\/uploads\/2020\/11\/Logo-Arco.png","width":750,"height":479,"caption":"Arco"},"image":{"@id":"https:\/\/valvulasarco.com\/#\/schema\/logo\/image\/"}}]}},"_links":{"self":[{"href":"https:\/\/valvulasarco.com\/en\/wp-json\/wp\/v2\/pages\/3639"}],"collection":[{"href":"https:\/\/valvulasarco.com\/en\/wp-json\/wp\/v2\/pages"}],"about":[{"href":"https:\/\/valvulasarco.com\/en\/wp-json\/wp\/v2\/types\/page"}],"author":[{"embeddable":true,"href":"https:\/\/valvulasarco.com\/en\/wp-json\/wp\/v2\/users\/1"}],"replies":[{"embeddable":true,"href":"https:\/\/valvulasarco.com\/en\/wp-json\/wp\/v2\/comments?post=3639"}],"version-history":[{"count":4,"href":"https:\/\/valvulasarco.com\/en\/wp-json\/wp\/v2\/pages\/3639\/revisions"}],"predecessor-version":[{"id":5637,"href":"https:\/\/valvulasarco.com\/en\/wp-json\/wp\/v2\/pages\/3639\/revisions\/5637"}],"up":[{"embeddable":true,"href":"https:\/\/valvulasarco.com\/en\/wp-json\/wp\/v2\/pages\/3593"}],"wp:attachment":[{"href":"https:\/\/valvulasarco.com\/en\/wp-json\/wp\/v2\/media?parent=3639"}],"curies":[{"name":"wp","href":"https:\/\/api.w.org\/{rel}","templated":true}]}}