{"id":3534,"date":"2020-07-08T06:10:03","date_gmt":"2020-07-08T06:10:03","guid":{"rendered":"https:\/\/valvulasarco.com\/actualidad\/"},"modified":"2021-12-23T16:53:46","modified_gmt":"2021-12-23T15:53:46","slug":"news","status":"publish","type":"page","link":"https:\/\/valvulasarco.com\/en\/news\/","title":{"rendered":"News"},"content":{"rendered":"<p>[vc_row full_width=&#8221;stretch_row&#8221; el_class=&#8221;banner_pagina&#8221; css=&#8221;.vc_custom_1594189289248{background-image: url(https:\/\/valvulasarco.com\/wp-content\/uploads\/2020\/07\/actualidad.jpg?id=185) !important;background-position: center !important;background-repeat: no-repeat !important;background-size: cover !important;}&#8221;][vc_column width=&#8221;1\/2&#8243; css=&#8221;.vc_custom_1594131934187{padding-top: 0px !important;}&#8221;][vc_column_text]<\/p>\n<h1>NEWS<\/h1>\n<h2>Get to know all the news Arco has for you<\/h2>\n<p>[\/vc_column_text][\/vc_column][vc_column width=&#8221;1\/2&#8243; css=&#8221;.vc_custom_1594131938133{padding-top: 0px !important;}&#8221;][\/vc_column][\/vc_row][vc_row full_width=&#8221;stretch_row&#8221; el_class=&#8221;breadcrumb back-ground-gey-lang&#8221; css=&#8221;.vc_custom_1611232166483{background-color: #f0f0f0 !important;}&#8221;][vc_column css=&#8221;.vc_custom_1594132444794{padding-top: 0px !important;}&#8221;]<div itemscope itemtype=\"https:\/\/schema.org\/BreadcrumbList\" id=\"breadcrumb\"><div itemprop=\"itemListElement\" itemscope itemtype=\"https:\/\/schema.org\/ListItem\"><a itemprop=\"item\" href=\"https:\/\/valvulasarco.com\/en\/\"><span class=\"vc_icon_element-icon fa fa-home\"><\/span><span itemprop=\"name\">Home<\/span><\/a><meta itemprop=\"position\" content=\"1\" \/><\/div><div itemprop=\"itemListElement hola\" itemscope itemtype=\"https:\/\/schema.org\/ListItem\"><span>><\/span><a itemprop=\"item\" href=\"https:\/\/valvulasarco.com\/en\/news\/\"><span itemprop=\"name\">News<\/span><\/a><meta itemprop=\"position\" content=\"3\"><\/div><\/div>[\/vc_column][\/vc_row][vc_row full_width=&#8221;stretch_row&#8221; el_class=&#8221;bloque back-ground-gey-lang padding-bottom-0-lang&#8221; css=&#8221;.vc_custom_1611232424848{background-color: #f0f0f0 !important;}&#8221; el_id=&#8221;bloque_noticia_destacada_actualidad&#8221;][vc_column css=&#8221;.vc_custom_1594189614316{padding-top: 0px !important;}&#8221;][vc_empty_space height=&#8221;30px&#8221;][vc_column_text]<\/p>\n<h1 class=\"title style-scope ytd-video-primary-info-renderer\">Our best wishes for 2022 \ud83c\udf89<\/h1>\n<p>[\/vc_column_text]<div class=\"video_with_cover_container\"><div class=\"imagen_video\"><div class=\"watermarked\"><img src=\"https:\/\/img.youtube.com\/vi\/jE9tLJxy1gE\/maxresdefault.jpg\" style=\"max-width:100%; height: auto;\"><\/div><\/div><div class=\"video_layer\"><div><iframe id=\"ytPlayer\" width=\"640\" height=\"360\" src=\"https:\/\/www.youtube.com\/embed\/jE9tLJxy1gE?enablejsapi=1&version=3&playerapiid=ytplayer\" frameborder=\"0\" allowfullscreen=\"true\" allowscriptaccess=\"always\"><\/iframe><\/div><\/div><\/div><div class=\"ofuscar_link\" data-url=\"http:\/\/blog.valvulasarco.com\/funcionamiento-valvulas-termostaticas-para-radiadores-1-0\" data-new-window=\"0\"><div data-vc-full-width=\"true\" data-vc-full-width-init=\"false\" class=\"vc_row wpb_row vc_row-fluid actualidad_noticia bloque\"><div class=\"wpb_column vc_column_container vc_col-sm-12\"><div class=\"vc_column-inner\"><div class=\"wpb_wrapper\"><div class=\"vc_row wpb_row vc_inner vc_row-fluid ultima_noticia vc_row-o-equal-height vc_row-flex\"><div class=\"right_texto wpb_column vc_column_container vc_col-sm-6\"><div class=\"vc_column-inner\"><div class=\"wpb_wrapper\">\n\t<div class=\"wpb_text_column wpb_content_element  titulo\" >\n\t\t<div class=\"wpb_wrapper\">\n\t\t\t<p>V\u00e1lvulas Arco renueva su certificado de empresa FAMILIARMENTE RESPONSABLE<\/p>\n\n\t\t<\/div>\n\t<\/div>\n\n\t<div class=\"wpb_text_column wpb_content_element  texto\" >\n\t\t<div class=\"wpb_wrapper\">\n\t\t\t<p>Las v\u00e1lvulas termost\u00e1ticas para radiadores tienen como objetivo controlar la temperatura deseada que debe emitir un radiador para calentar una estancia.<\/p>\n\n\t\t<\/div>\n\t<\/div>\n\n\t<div  class=\"wpb_single_image wpb_content_element vc_align_left   enlace\">\n\t\t\n\t\t<figure class=\"wpb_wrapper vc_figure\">\n\t\t\t<a href=\"http:\/\/blog.valvulasarco.com\/funcionamiento-valvulas-termostaticas-para-radiadores-1-0\" target=\"_self\" class=\"vc_single_image-wrapper   vc_box_border_grey\"><img src=\"https:\/\/valvulasarco.com\/wp-content\/uploads\/2020\/07\/IC-MAS-AZUL-1.svg\" class=\"vc_single_image-img attachment-full\" alt=\"\" decoding=\"async\" loading=\"lazy\" title=\"IC-MAS-AZUL\" \/><\/a>\n\t\t<\/figure>\n\t<\/div>\n<\/div><\/div><\/div><div class=\"left_imagen wpb_column vc_column_container vc_col-sm-6 vc_col-has-fill\"><div class=\"vc_column-inner vc_custom_1594278354489\"><div class=\"wpb_wrapper\"><\/div><\/div><\/div><\/div><\/div><\/div><\/div><\/div><div class=\"vc_row-full-width vc_clearfix\"><\/div><\/div><style type=\"text\/css\" data-type=\"vc_shortcodes-custom-css\">.vc_custom_1594278354489{background-image: url(https:\/\/4415522.fs1.hubspotusercontent-na1.net\/hubfs\/4415522\/undefined-1.jpeg) !important;background-position: center !important;background-repeat: no-repeat !important;background-size: cover !important;}<\/style>[vc_column_text el_class=&#8221;ver_todas_noticias&#8221;]<\/p>\n<h3><a href=\"https:\/\/blog.valvulasarco.com\/\">See all news \u00bb<\/a><\/h3>\n<p>[\/vc_column_text][\/vc_column][\/vc_row][vc_row full_width=&#8221;stretch_row&#8221; el_class=&#8221;slide_noticias bloque back-ground-gey-lang&#8221; css=&#8221;.vc_custom_1611232211165{padding-top: 0px !important;background-color: #f0f0f0 !important;}&#8221;][vc_column]<div class=\"slider_portada_actualidad slider_grid_3\"><div class=\"primero item_destacado wpb_column vc_column_container vc_col-sm-4\"><div class=\"vc_column-inner\"><div class=\"wpb_wrapper\"><div class=\"ofuscar_link\" data-url=\"https:\/\/valvulasarco.com\/en\/news\/events-and-fairs\/visita-institucional-de-la-universitat-politecnica-de-valencia\/\" data-new-window=\"0\">\n\t<div class=\"wpb_text_column wpb_content_element  etiqueta\" >\n\t\t<div class=\"wpb_wrapper\">\n\t\t\t<p><a href=\"https:\/\/valvulasarco.com\/en\/news\/events-and-fairs\/\">EVENTO<\/a><\/p>\n\n\t\t<\/div>\n\t<\/div>\n<a href=\"https:\/\/valvulasarco.com\/en\/news\/events-and-fairs\/visita-institucional-de-la-universitat-politecnica-de-valencia\/\">\n\t<div  class=\"wpb_single_image wpb_content_element vc_align_left   imagen\">\n\t\t\n\t\t<figure class=\"wpb_wrapper vc_figure\">\n\t\t\t<div class=\"vc_single_image-wrapper   vc_box_border_grey\"><img width=\"2560\" height=\"1920\" src=\"https:\/\/valvulasarco.com\/wp-content\/uploads\/2021\/05\/1-scaled.jpg\" class=\"vc_single_image-img attachment-full\" alt=\"Visita U\" decoding=\"async\" loading=\"lazy\" title=\"1\" srcset=\"https:\/\/valvulasarco.com\/wp-content\/uploads\/2021\/05\/1-scaled.jpg 2560w, https:\/\/valvulasarco.com\/wp-content\/uploads\/2021\/05\/1-300x225.jpg 300w, https:\/\/valvulasarco.com\/wp-content\/uploads\/2021\/05\/1-1024x768.jpg 1024w, https:\/\/valvulasarco.com\/wp-content\/uploads\/2021\/05\/1-768x576.jpg 768w, https:\/\/valvulasarco.com\/wp-content\/uploads\/2021\/05\/1-1536x1152.jpg 1536w, https:\/\/valvulasarco.com\/wp-content\/uploads\/2021\/05\/1-2048x1536.jpg 2048w\" sizes=\"(max-width: 2560px) 100vw, 2560px\" \/><\/div>\n\t\t<\/figure>\n\t<\/div>\n<\/a><div class=\"vc_row wpb_row vc_inner vc_row-fluid info\"><div class=\"wpb_column vc_column_container vc_col-sm-12\"><div class=\"vc_column-inner\"><div class=\"wpb_wrapper\">\n\t<div class=\"wpb_text_column wpb_content_element  fecha\" >\n\t\t<div class=\"wpb_wrapper\">\n\t\t\t<p>10 MAY 2021 \/ Valencia<\/p>\n\n\t\t<\/div>\n\t<\/div>\n\n\t<div class=\"wpb_text_column wpb_content_element  titulo\" >\n\t\t<div class=\"wpb_wrapper\">\n\t\t\t<p>Visita institucional de la Universitat Polit\u00e8cnica de Valencia<\/p>\n\n\t\t<\/div>\n\t<\/div>\n\n\t<div class=\"wpb_text_column wpb_content_element  texto\" >\n\t\t<div class=\"wpb_wrapper\">\n\t\t\t<p>El pasado 10 de mayo, ARCO recibi\u00f3 a una delegaci\u00f3n de la Universitat Polit\u00e8cnica de Val\u00e8ncia (UPV) en su sede central de Foios (Valencia). <\/p>\n\n\t\t<\/div>\n\t<\/div>\n\n\t<div class=\"wpb_text_column wpb_content_element  enlace azul\" >\n\t\t<div class=\"wpb_wrapper\">\n\t\t\t<p><img src=\"\/wp-content\/uploads\/2020\/07\/IC-MAS-AZUL-1.svg\" alt=\"\" width=\"1\" height=\"1\" \/><\/p>\n\n\t\t<\/div>\n\t<\/div>\n\n\t<div class=\"wpb_text_column wpb_content_element  enlace blanco\" >\n\t\t<div class=\"wpb_wrapper\">\n\t\t\t<p><img src=\"\/wp-content\/uploads\/2020\/07\/IC-MAS-BLANCO-1.svg\" alt=\"\" width=\"1\" height=\"1\" \/><\/p>\n\n\t\t<\/div>\n\t<\/div>\n<\/div><\/div><\/div><\/div><\/div><\/div><\/div><\/div><div class=\"primero item_destacado wpb_column vc_column_container vc_col-sm-4\"><div class=\"vc_column-inner\"><div class=\"wpb_wrapper\"><div class=\"ofuscar_link\" data-url=\"https:\/\/valvulasarco.com\/en\/news\/events-and-fairs\/convencion-internacional-ventas-arco-2021\/\" data-new-window=\"0\">\n\t<div class=\"wpb_text_column wpb_content_element  etiqueta\" >\n\t\t<div class=\"wpb_wrapper\">\n\t\t\t<p><a href=\"https:\/\/valvulasarco.com\/en\/news\/events-and-fairs\/\">EVENTO<\/a><\/p>\n\n\t\t<\/div>\n\t<\/div>\n<a href=\"https:\/\/valvulasarco.com\/en\/news\/events-and-fairs\/convencion-internacional-ventas-arco-2021\/\">\n\t<div  class=\"wpb_single_image wpb_content_element vc_align_left   imagen\">\n\t\t\n\t\t<figure class=\"wpb_wrapper vc_figure\">\n\t\t\t<div class=\"vc_single_image-wrapper   vc_box_border_grey\"><img width=\"1920\" height=\"1080\" src=\"https:\/\/valvulasarco.com\/wp-content\/uploads\/2021\/05\/Arco-Virtual-Sales-Meeting_1.jpg\" class=\"vc_single_image-img attachment-full\" alt=\"ARCO Virtual Sales Meeting 2021\" decoding=\"async\" loading=\"lazy\" title=\"Arco Virtual Sales Meeting_1\" srcset=\"https:\/\/valvulasarco.com\/wp-content\/uploads\/2021\/05\/Arco-Virtual-Sales-Meeting_1.jpg 1920w, https:\/\/valvulasarco.com\/wp-content\/uploads\/2021\/05\/Arco-Virtual-Sales-Meeting_1-300x169.jpg 300w, https:\/\/valvulasarco.com\/wp-content\/uploads\/2021\/05\/Arco-Virtual-Sales-Meeting_1-1024x576.jpg 1024w, https:\/\/valvulasarco.com\/wp-content\/uploads\/2021\/05\/Arco-Virtual-Sales-Meeting_1-768x432.jpg 768w, https:\/\/valvulasarco.com\/wp-content\/uploads\/2021\/05\/Arco-Virtual-Sales-Meeting_1-1536x864.jpg 1536w\" sizes=\"(max-width: 1920px) 100vw, 1920px\" \/><\/div>\n\t\t<\/figure>\n\t<\/div>\n<\/a><div class=\"vc_row wpb_row vc_inner vc_row-fluid info\"><div class=\"wpb_column vc_column_container vc_col-sm-12\"><div class=\"vc_column-inner\"><div class=\"wpb_wrapper\">\n\t<div class=\"wpb_text_column wpb_content_element  fecha\" >\n\t\t<div class=\"wpb_wrapper\">\n\t\t\t<p>17 JANUARY 2021 \/ Valencia<\/p>\n\n\t\t<\/div>\n\t<\/div>\n\n\t<div class=\"wpb_text_column wpb_content_element  titulo\" >\n\t\t<div class=\"wpb_wrapper\">\n\t\t\t<p>Convenci\u00f3n internacional de ventas ARCO 2021<\/p>\n\n\t\t<\/div>\n\t<\/div>\n\n\t<div class=\"wpb_text_column wpb_content_element  texto\" >\n\t\t<div class=\"wpb_wrapper\">\n\t\t\t<p>El pasado 21 de enero, ARCO reuni\u00f3 a su equipo comercial internacional para compartir los resultados del 2020 y presentar el plan anual 2021. Debido a la pandemia y bajo el nombre ARCO LIVE VIRTUAL SALES MEETING, la convenci\u00f3n se realiz\u00f3 mediante una puesta en escena virtual con un escenario para albergar a los principales directivos de la compa\u00f1\u00eda. <\/p>\n<p>En la presentaci\u00f3n de resultados de 2020, mostraron el nuevo r\u00e9cord de ventas de la compa\u00f1\u00eda registrado en septiembre y presentaron su nuevo modelo organizativo y el plan estrat\u00e9gico para los pr\u00f3ximos cuatro a\u00f1os.<\/p>\n\n\t\t<\/div>\n\t<\/div>\n\n\t<div class=\"wpb_text_column wpb_content_element  enlace azul\" >\n\t\t<div class=\"wpb_wrapper\">\n\t\t\t<p><img src=\"\/wp-content\/uploads\/2020\/07\/IC-MAS-AZUL-1.svg\" alt=\"\" width=\"1\" height=\"1\" \/><\/p>\n\n\t\t<\/div>\n\t<\/div>\n\n\t<div class=\"wpb_text_column wpb_content_element  enlace blanco\" >\n\t\t<div class=\"wpb_wrapper\">\n\t\t\t<p><img src=\"\/wp-content\/uploads\/2020\/07\/IC-MAS-BLANCO-1.svg\" alt=\"\" width=\"1\" height=\"1\" \/><\/p>\n\n\t\t<\/div>\n\t<\/div>\n<\/div><\/div><\/div><\/div><\/div><\/div><\/div><\/div><div class=\"primero item_destacado wpb_column vc_column_container vc_col-sm-4\"><div class=\"vc_column-inner\"><div class=\"wpb_wrapper\"><div class=\"ofuscar_link\" data-url=\"https:\/\/valvulasarco.com\/en\/news\/events-and-fairs\/convencion-internacional-de-ventas-arco-2019\/\" data-new-window=\"0\">\n\t<div class=\"wpb_text_column wpb_content_element  etiqueta\" >\n\t\t<div class=\"wpb_wrapper\">\n\t\t\t<p><a href=\"https:\/\/valvulasarco.com\/en\/news\/events-and-fairs\/\">EVENTO<\/a><\/p>\n\n\t\t<\/div>\n\t<\/div>\n<a href=\"https:\/\/valvulasarco.com\/en\/news\/events-and-fairs\/convencion-internacional-de-ventas-arco-2019\/\">\n\t<div  class=\"wpb_single_image wpb_content_element vc_align_left   imagen\">\n\t\t\n\t\t<figure class=\"wpb_wrapper vc_figure\">\n\t\t\t<div class=\"vc_single_image-wrapper   vc_box_border_grey\"><img width=\"750\" height=\"500\" src=\"https:\/\/valvulasarco.com\/wp-content\/uploads\/2020\/11\/convencion-anual-valvulas-arco.jpg\" class=\"vc_single_image-img attachment-full\" alt=\"\" decoding=\"async\" loading=\"lazy\" title=\"convencion-anual-valvulas-arco\" srcset=\"https:\/\/valvulasarco.com\/wp-content\/uploads\/2020\/11\/convencion-anual-valvulas-arco.jpg 750w, https:\/\/valvulasarco.com\/wp-content\/uploads\/2020\/11\/convencion-anual-valvulas-arco-300x200.jpg 300w\" sizes=\"(max-width: 750px) 100vw, 750px\" \/><\/div>\n\t\t<\/figure>\n\t<\/div>\n<\/a><div class=\"vc_row wpb_row vc_inner vc_row-fluid info\"><div class=\"wpb_column vc_column_container vc_col-sm-12\"><div class=\"vc_column-inner\"><div class=\"wpb_wrapper\">\n\t<div class=\"wpb_text_column wpb_content_element  fecha\" >\n\t\t<div class=\"wpb_wrapper\">\n\t\t\t<p>21 JANUARY 2019 \/ Valencia<\/p>\n\n\t\t<\/div>\n\t<\/div>\n\n\t<div class=\"wpb_text_column wpb_content_element  titulo\" >\n\t\t<div class=\"wpb_wrapper\">\n\t\t\t<p>Convenci\u00f3n internacional de ventas Arco 2019<\/p>\n\n\t\t<\/div>\n\t<\/div>\n\n\t<div class=\"wpb_text_column wpb_content_element  texto\" >\n\t\t<div class=\"wpb_wrapper\">\n\t\t\t<p>En 2019, la Convenci\u00f3n internacional de ARCO se ha centrado en la estrategia comercial para 2019 y en el nuevo organigrama de la compa\u00f1\u00eda.<\/p>\n\n\t\t<\/div>\n\t<\/div>\n\n\t<div class=\"wpb_text_column wpb_content_element  enlace azul\" >\n\t\t<div class=\"wpb_wrapper\">\n\t\t\t<p><img src=\"\/wp-content\/uploads\/2020\/07\/IC-MAS-AZUL-1.svg\" alt=\"\" width=\"1\" height=\"1\" \/><\/p>\n\n\t\t<\/div>\n\t<\/div>\n\n\t<div class=\"wpb_text_column wpb_content_element  enlace blanco\" >\n\t\t<div class=\"wpb_wrapper\">\n\t\t\t<p><img src=\"\/wp-content\/uploads\/2020\/07\/IC-MAS-BLANCO-1.svg\" alt=\"\" width=\"1\" height=\"1\" \/><\/p>\n\n\t\t<\/div>\n\t<\/div>\n<\/div><\/div><\/div><\/div><\/div><\/div><\/div><\/div><div class=\"primero item_destacado wpb_column vc_column_container vc_col-sm-4\"><div class=\"vc_column-inner\"><div class=\"wpb_wrapper\"><div class=\"ofuscar_link\" data-url=\"https:\/\/valvulasarco.com\/en\/news\/events-and-fairs\/carrera-5k-arco\/\" data-new-window=\"0\">\n\t<div class=\"wpb_text_column wpb_content_element  etiqueta\" >\n\t\t<div class=\"wpb_wrapper\">\n\t\t\t<p><a href=\"https:\/\/valvulasarco.com\/en\/news\/events-and-fairs\/\">EVENTO<\/a><\/p>\n\n\t\t<\/div>\n\t<\/div>\n<a href=\"https:\/\/valvulasarco.com\/en\/news\/events-and-fairs\/carrera-5k-arco\/\">\n\t<div  class=\"wpb_single_image wpb_content_element vc_align_left   imagen\">\n\t\t\n\t\t<figure class=\"wpb_wrapper vc_figure\">\n\t\t\t<div class=\"vc_single_image-wrapper   vc_box_border_grey\"><img width=\"750\" height=\"563\" src=\"https:\/\/valvulasarco.com\/wp-content\/uploads\/2020\/07\/5k-Foios_2019.jpg\" class=\"vc_single_image-img attachment-full\" alt=\"\" decoding=\"async\" loading=\"lazy\" title=\"5k-Foios_2019\" srcset=\"https:\/\/valvulasarco.com\/wp-content\/uploads\/2020\/07\/5k-Foios_2019.jpg 750w, https:\/\/valvulasarco.com\/wp-content\/uploads\/2020\/07\/5k-Foios_2019-300x225.jpg 300w\" sizes=\"(max-width: 750px) 100vw, 750px\" \/><\/div>\n\t\t<\/figure>\n\t<\/div>\n<\/a><div class=\"vc_row wpb_row vc_inner vc_row-fluid info\"><div class=\"wpb_column vc_column_container vc_col-sm-12\"><div class=\"vc_column-inner\"><div class=\"wpb_wrapper\">\n\t<div class=\"wpb_text_column wpb_content_element  fecha\" >\n\t\t<div class=\"wpb_wrapper\">\n\t\t\t<p>10 JULY 2020 \/ Foios<\/p>\n\n\t\t<\/div>\n\t<\/div>\n\n\t<div class=\"wpb_text_column wpb_content_element  titulo\" >\n\t\t<div class=\"wpb_wrapper\">\n\t\t\t<p>Carrera 5k ARCO<\/p>\n\n\t\t<\/div>\n\t<\/div>\n\n\t<div class=\"wpb_text_column wpb_content_element  texto\" >\n\t\t<div class=\"wpb_wrapper\">\n\t\t\t<p>Un a\u00f1o m\u00e1s, ARCO patrocina la Carrera 5K por la Fibrosis Qu\u00edstica que se ha celebrado en Foios con car\u00e1cter solidario.<\/p>\n\n\t\t<\/div>\n\t<\/div>\n\n\t<div class=\"wpb_text_column wpb_content_element  enlace azul\" >\n\t\t<div class=\"wpb_wrapper\">\n\t\t\t<p><img src=\"\/wp-content\/uploads\/2020\/07\/IC-MAS-AZUL-1.svg\" alt=\"\" width=\"1\" height=\"1\" \/><\/p>\n\n\t\t<\/div>\n\t<\/div>\n\n\t<div class=\"wpb_text_column wpb_content_element  enlace blanco\" >\n\t\t<div class=\"wpb_wrapper\">\n\t\t\t<p><img src=\"\/wp-content\/uploads\/2020\/07\/IC-MAS-BLANCO-1.svg\" alt=\"\" width=\"1\" height=\"1\" \/><\/p>\n\n\t\t<\/div>\n\t<\/div>\n<\/div><\/div><\/div><\/div><\/div><\/div><\/div><\/div><\/div>[\/vc_column][\/vc_row][vc_row full_width=&#8221;stretch_row&#8221; el_class=&#8221;enlaces_actualidad bloque back-ground-gey-lang&#8221; css=&#8221;.vc_custom_1611232217133{padding-top: 0px !important;background-color: #f0f0f0 !important;}&#8221;][vc_column width=&#8221;1\/2&#8243; css=&#8221;.vc_custom_1594194256715{padding-top: 0px !important;background-position: center !important;background-repeat: no-repeat !important;background-size: cover !important;}&#8221; el_class=&#8221;prensa&#8221;][vc_row_inner el_class=&#8221;info&#8221;][vc_column_inner][vc_column_text el_class=&#8221;titulo&#8221;]<\/p>\n<h3>PRESS AREA<\/h3>\n<p>[\/vc_column_text][vc_column_text el_class=&#8221;texto&#8221;]<span style=\"font-weight: 400;\">Stay up-to-date with latest news and developments at Arco in our press area.<\/span>[\/vc_column_text][vc_column_text el_class=&#8221;boton_gris&#8221;]<a href=\"\/en\/news\/press-area\/\">Find out more<\/a>[\/vc_column_text][\/vc_column_inner][\/vc_row_inner][\/vc_column][vc_column width=&#8221;1\/2&#8243; el_class=&#8221;eventos&#8221; css=&#8221;.vc_custom_1594194259960{padding-top: 0px !important;}&#8221;][vc_row_inner el_class=&#8221;info&#8221;][vc_column_inner][vc_column_text el_class=&#8221;titulo&#8221;]<\/p>\n<h3>EVENTS AND FAIRS<\/h3>\n<p>[\/vc_column_text][vc_column_text el_class=&#8221;texto&#8221;]<span style=\"font-weight: 400;\">Find out about upcoming events and fairs where Arco will be present.<\/span>[\/vc_column_text][vc_column_text el_class=&#8221;boton_gris&#8221;]<a href=\"\/en\/news\/events-and-fairs\/\">See all events<\/a>[\/vc_column_text][\/vc_column_inner][\/vc_row_inner][\/vc_column][\/vc_row][vc_row full_width=&#8221;stretch_row&#8221; el_class=&#8221;bloque suscribete_news&#8221; css=&#8221;.vc_custom_1594195699945{background-image: url(https:\/\/valvulasarco.com\/wp-content\/uploads\/2020\/07\/IMG-CTA-SUSCRIBETE.jpg?id=212) !important;}&#8221;][vc_column css=&#8221;.vc_custom_1594195712010{padding-top: 0px !important;}&#8221;][vc_column_text el_class=&#8221;titulo&#8221;]Subscribe to Arco newsletter and don&#8217;t miss a thing![\/vc_column_text]<div id=\"newsletter\" class=\"suscribete_news\"><!--[if lte IE 8]><script charset=\"utf-8\" type=\"text\/javascript\" src=\"\/\/js.hsforms.net\/forms\/v2-legacy.js\"><\/script><![endif]--><script charset=\"utf-8\" type=\"text\/javascript\" src=\"\/\/js.hsforms.net\/forms\/v2.js\"><\/script><script>\n                hbspt.forms.create({\n                    portalId: \"4415522\",\n                    formId: \"765a1a31-9157-4fbe-801b-ca5fb64335d6\"\n                });\n                <\/script><\/div>[\/vc_column][\/vc_row]<\/p>\n","protected":false},"excerpt":{"rendered":"Carrera 5K ARCO celebrada en Foios.\u00a0 Un a\u00f1o m\u00e1s, ARCO patrocina la Carrera 5K por la Fibrosis Qu\u00edstica que se ha celebrado en Foios con car\u00e1cter solidario. ARCO, localizada en la misma poblaci\u00f3n, da apoyo as\u00ed a las instituciones locales y a los organizadores del evento y promueve la participaci\u00f3n de sus emplead@s en dicha [...]","protected":false},"author":1,"featured_media":0,"parent":0,"menu_order":0,"comment_status":"closed","ping_status":"closed","template":"","meta":[],"acf":[],"yoast_head":"<!-- This site is optimized with the Yoast SEO plugin v20.4 - https:\/\/yoast.com\/wordpress\/plugins\/seo\/ -->\n<title>V\u00e1lvulas Arco - News<\/title>\n<meta name=\"description\" content=\"Discover the latest V\u00e1lvulas Arco news and events.\" \/>\n<meta name=\"robots\" content=\"index, follow, max-snippet:-1, max-image-preview:large, max-video-preview:-1\" \/>\n<link rel=\"canonical\" href=\"https:\/\/valvulasarco.com\/en\/news\/events-and-fairs\/carrera-5k-arco\/\" \/>\n<meta property=\"og:locale\" content=\"en_US\" \/>\n<meta property=\"og:type\" content=\"article\" \/>\n<meta property=\"og:title\" content=\"V\u00e1lvulas Arco - News\" \/>\n<meta property=\"og:description\" content=\"Discover the latest V\u00e1lvulas Arco news and events.\" \/>\n<meta property=\"og:url\" content=\"https:\/\/valvulasarco.com\/en\/news\/\" \/>\n<meta property=\"og:site_name\" content=\"Arco\" \/>\n<meta property=\"article:modified_time\" content=\"2021-12-23T15:53:46+00:00\" \/>\n<meta name=\"twitter:card\" content=\"summary_large_image\" \/>\n<meta name=\"twitter:label1\" content=\"Est. reading time\" \/>\n\t<meta name=\"twitter:data1\" content=\"1 minute\" \/>\n<script type=\"application\/ld+json\" class=\"yoast-schema-graph\">{\"@context\":\"https:\/\/schema.org\",\"@graph\":[{\"@type\":\"WebPage\",\"@id\":\"https:\/\/valvulasarco.com\/en\/news\/\",\"url\":\"https:\/\/valvulasarco.com\/en\/news\/\",\"name\":\"V\u00e1lvulas Arco - News\",\"isPartOf\":{\"@id\":\"https:\/\/valvulasarco.com\/#website\"},\"datePublished\":\"2020-07-08T06:10:03+00:00\",\"dateModified\":\"2021-12-23T15:53:46+00:00\",\"description\":\"Discover the latest V\u00e1lvulas Arco news and events.\",\"breadcrumb\":{\"@id\":\"https:\/\/valvulasarco.com\/en\/news\/#breadcrumb\"},\"inLanguage\":\"en-US\",\"potentialAction\":[{\"@type\":\"ReadAction\",\"target\":[\"https:\/\/valvulasarco.com\/en\/news\/\"]}]},{\"@type\":\"BreadcrumbList\",\"@id\":\"https:\/\/valvulasarco.com\/en\/news\/#breadcrumb\",\"itemListElement\":[{\"@type\":\"ListItem\",\"position\":1,\"name\":\"Portada\",\"item\":\"https:\/\/valvulasarco.com\/en\/home\/\"},{\"@type\":\"ListItem\",\"position\":2,\"name\":\"News\"}]},{\"@type\":\"WebSite\",\"@id\":\"https:\/\/valvulasarco.com\/#website\",\"url\":\"https:\/\/valvulasarco.com\/\",\"name\":\"Arco\",\"description\":\"Arco\",\"publisher\":{\"@id\":\"https:\/\/valvulasarco.com\/#organization\"},\"potentialAction\":[{\"@type\":\"SearchAction\",\"target\":{\"@type\":\"EntryPoint\",\"urlTemplate\":\"https:\/\/valvulasarco.com\/?s={search_term_string}\"},\"query-input\":\"required name=search_term_string\"}],\"inLanguage\":\"en-US\"},{\"@type\":\"Organization\",\"@id\":\"https:\/\/valvulasarco.com\/#organization\",\"name\":\"Arco\",\"url\":\"https:\/\/valvulasarco.com\/\",\"logo\":{\"@type\":\"ImageObject\",\"inLanguage\":\"en-US\",\"@id\":\"https:\/\/valvulasarco.com\/#\/schema\/logo\/image\/\",\"url\":\"https:\/\/valvulasarco.com\/wp-content\/uploads\/2020\/11\/Logo-Arco.png\",\"contentUrl\":\"https:\/\/valvulasarco.com\/wp-content\/uploads\/2020\/11\/Logo-Arco.png\",\"width\":750,\"height\":479,\"caption\":\"Arco\"},\"image\":{\"@id\":\"https:\/\/valvulasarco.com\/#\/schema\/logo\/image\/\"}}]}<\/script>\n<!-- \/ Yoast SEO plugin. -->","yoast_head_json":{"title":"V\u00e1lvulas Arco - News","description":"Discover the latest V\u00e1lvulas Arco news and events.","robots":{"index":"index","follow":"follow","max-snippet":"max-snippet:-1","max-image-preview":"max-image-preview:large","max-video-preview":"max-video-preview:-1"},"canonical":"https:\/\/valvulasarco.com\/en\/news\/events-and-fairs\/carrera-5k-arco\/","og_locale":"en_US","og_type":"article","og_title":"V\u00e1lvulas Arco - News","og_description":"Discover the latest V\u00e1lvulas Arco news and events.","og_url":"https:\/\/valvulasarco.com\/en\/news\/","og_site_name":"Arco","article_modified_time":"2021-12-23T15:53:46+00:00","twitter_card":"summary_large_image","twitter_misc":{"Est. reading time":"1 minute"},"schema":{"@context":"https:\/\/schema.org","@graph":[{"@type":"WebPage","@id":"https:\/\/valvulasarco.com\/en\/news\/","url":"https:\/\/valvulasarco.com\/en\/news\/","name":"V\u00e1lvulas Arco - News","isPartOf":{"@id":"https:\/\/valvulasarco.com\/#website"},"datePublished":"2020-07-08T06:10:03+00:00","dateModified":"2021-12-23T15:53:46+00:00","description":"Discover the latest V\u00e1lvulas Arco news and events.","breadcrumb":{"@id":"https:\/\/valvulasarco.com\/en\/news\/#breadcrumb"},"inLanguage":"en-US","potentialAction":[{"@type":"ReadAction","target":["https:\/\/valvulasarco.com\/en\/news\/"]}]},{"@type":"BreadcrumbList","@id":"https:\/\/valvulasarco.com\/en\/news\/#breadcrumb","itemListElement":[{"@type":"ListItem","position":1,"name":"Portada","item":"https:\/\/valvulasarco.com\/en\/home\/"},{"@type":"ListItem","position":2,"name":"News"}]},{"@type":"WebSite","@id":"https:\/\/valvulasarco.com\/#website","url":"https:\/\/valvulasarco.com\/","name":"Arco","description":"Arco","publisher":{"@id":"https:\/\/valvulasarco.com\/#organization"},"potentialAction":[{"@type":"SearchAction","target":{"@type":"EntryPoint","urlTemplate":"https:\/\/valvulasarco.com\/?s={search_term_string}"},"query-input":"required name=search_term_string"}],"inLanguage":"en-US"},{"@type":"Organization","@id":"https:\/\/valvulasarco.com\/#organization","name":"Arco","url":"https:\/\/valvulasarco.com\/","logo":{"@type":"ImageObject","inLanguage":"en-US","@id":"https:\/\/valvulasarco.com\/#\/schema\/logo\/image\/","url":"https:\/\/valvulasarco.com\/wp-content\/uploads\/2020\/11\/Logo-Arco.png","contentUrl":"https:\/\/valvulasarco.com\/wp-content\/uploads\/2020\/11\/Logo-Arco.png","width":750,"height":479,"caption":"Arco"},"image":{"@id":"https:\/\/valvulasarco.com\/#\/schema\/logo\/image\/"}}]}},"_links":{"self":[{"href":"https:\/\/valvulasarco.com\/en\/wp-json\/wp\/v2\/pages\/3534"}],"collection":[{"href":"https:\/\/valvulasarco.com\/en\/wp-json\/wp\/v2\/pages"}],"about":[{"href":"https:\/\/valvulasarco.com\/en\/wp-json\/wp\/v2\/types\/page"}],"author":[{"embeddable":true,"href":"https:\/\/valvulasarco.com\/en\/wp-json\/wp\/v2\/users\/1"}],"replies":[{"embeddable":true,"href":"https:\/\/valvulasarco.com\/en\/wp-json\/wp\/v2\/comments?post=3534"}],"version-history":[{"count":12,"href":"https:\/\/valvulasarco.com\/en\/wp-json\/wp\/v2\/pages\/3534\/revisions"}],"predecessor-version":[{"id":6633,"href":"https:\/\/valvulasarco.com\/en\/wp-json\/wp\/v2\/pages\/3534\/revisions\/6633"}],"wp:attachment":[{"href":"https:\/\/valvulasarco.com\/en\/wp-json\/wp\/v2\/media?parent=3534"}],"curies":[{"name":"wp","href":"https:\/\/api.w.org\/{rel}","templated":true}]}}